{"id":55541,"date":"2018-02-14T20:08:41","date_gmt":"2018-02-14T18:08:41","guid":{"rendered":"https:\/\/mcrtecresa.com\/politica-de-cookies"},"modified":"2025-10-13T16:04:40","modified_gmt":"2025-10-13T14:04:40","slug":"politica-de-cookies","status":"publish","type":"page","link":"https:\/\/mcrtecresa.com\/pt\/politica-de-cookies","title":{"rendered":"Pol\u00edtica de Cookies"},"content":{"rendered":"<div class=\"wpb-content-wrapper\"><p>[vc_row][vc_column][vc_column_text]<span><span><a href=\"https:\/\/mcrtecresa.com\/pt\">mcr tecresa\u00ae<\/a><\/span><\/span><\/p>\n<p>[\/vc_column_text][\/vc_column][\/vc_row][vc_row][vc_column]<div class=\"mgt-header-block clearfix text-left text-black wpb_content_element  mgt-header-block-style-1 mgt-header-texttransform-header \"><h2 class=\"mgt-header-block-title\">POL\u00cdTICA DE COOKIES<\/h2><div class=\"mgt-header-line\"><\/div><\/div>[\/vc_column][\/vc_row][vc_row][vc_column][vc_column_text]<\/p>\n<div class=\"container\">\n<div class=\"container_inner default_template_holder clearfix page_container_inner\">\n<div class=\"vc_row wpb_row section vc_row-fluid \">\n<div class=\" full_section_inner clearfix\">\n<div class=\"wpb_column vc_column_container vc_col-sm-12\">\n<div class=\"vc_column-inner \">\n<div class=\"wpb_wrapper\">\n<div class=\"wpb_text_column wpb_content_element \">\n<div class=\"wpb_wrapper\">\n<p style=\"text-align: justify;\"><em>Cookie \u00e9 um ficheiro que \u00e9 descarregado para o seu computador quando acede a determinadas p\u00e1ginas web. Os cookies permitem que um website, entre outras coisas, armazene e recupere informa\u00e7\u00f5es sobre os h\u00e1bitos de navega\u00e7\u00e3o de um usu\u00e1rio ou dos seus equipamentos e, dependendo da informa\u00e7\u00e3o que cont\u00eam e da forma como utilizam os seus equipamentos, podem ser utilizados para reconhecer o usu\u00e1rio. O navegador do usu\u00e1rio armazena cookies no disco r\u00edgido apenas durante a sess\u00e3o atual, ocupando um espa\u00e7o m\u00ednimo de mem\u00f3ria e n\u00e3o prejudicando o computador. Os cookies n\u00e3o cont\u00eam nenhuma informa\u00e7\u00e3o pessoal espec\u00edfica, e a maioria deles s\u00e3o eliminados do disco r\u00edgido no final da sess\u00e3o do navegador (os chamados cookies de sess\u00e3o).<\/em><\/p>\n<p style=\"text-align: justify;\"><em>A maioria dos navegadores aceita cookies como padr\u00e3o e, independentemente deles, permitem ou impedem cookies tempor\u00e1rios ou armazenados nas defini\u00e7\u00f5es de seguran\u00e7a.<\/em><\/p>\n<p><em>Sem o seu consentimento expresso \u2013 ativando cookies no seu browser \u2013 <strong>mcrtecresa.com<\/strong><\/em> <em>n\u00e3o ligar\u00e3o nos cookies os dados armazenados com os seus dados pessoais fornecidos no momento do registo ou compra.<\/em><\/p>\n<p style=\"text-align: justify;\"><strong><em>Qu\u00e9 tipos de cookies este site utiliza?<\/em><\/strong><\/p>\n<ul>\n<li style=\"text-align: justify;\"><em><strong>Cookies t\u00e9cnicos<\/strong>: Estes s\u00e3o aqueles que permitem ao usu\u00e1rio navegar atrav\u00e9s de uma p\u00e1gina web, plataforma ou aplica\u00e7\u00e3o e a utiliza\u00e7\u00e3o das diferentes op\u00e7\u00f5es ou servi\u00e7os que nela existem, tais como, por exemplo, controlar o tr\u00e1fego e a comunica\u00e7\u00e3o de dados, identificar a sess\u00e3o, aceder a pe\u00e7as de acesso restritas, lembrar os elementos que comp\u00f5em uma encomenda,\u00a0 realizar o processo de compra de uma encomenda, fazer o pedido de registo ou participa\u00e7\u00e3o num evento, utilizar elementos de seguran\u00e7a durante a navega\u00e7\u00e3o, armazenar conte\u00fados para a divulga\u00e7\u00e3o de v\u00eddeos ou som ou partilhar conte\u00fados atrav\u00e9s das redes sociais.<\/em><\/li>\n<li style=\"text-align: justify;\"><em><strong>Cookies de personaliza\u00e7\u00e3o<\/strong>: Estes s\u00e3o aqueles que permitem ao usu\u00e1rio aceder ao servi\u00e7o com algumas caracter\u00edsticas gerais predefinidas com base numa s\u00e9rie de crit\u00e9rios no terminal do usu\u00e1rio, como o idioma, o tipo de navegador atrav\u00e9s do qual acede ao servi\u00e7o, a configura\u00e7\u00e3o regional de onde acede ao servi\u00e7o, etc<\/em><em>.<\/em><\/li>\n<li style=\"text-align: justify;\"><em><strong>Cookies de an\u00e1lise<\/strong>: Estes s\u00e3o aqueles que s\u00e3o bem tratados por n\u00f3s ou por terceiros, permitem-nos quantificar o n\u00famero de usu\u00e1rios e assim realizar a medi\u00e7\u00e3o e an\u00e1lise estat\u00edstica da utiliza\u00e7\u00e3o feita pelos usu\u00e1rios do servi\u00e7o oferecido. Para isso, a sua navega\u00e7\u00e3o no nosso site \u00e9 analisada de forma a melhorar a oferta de produtos ou servi\u00e7os que oferecemos.<\/em><\/li>\n<li style=\"text-align: justify;\"><em><strong>Cookies publicit\u00e1rios<\/strong>: Estes s\u00e3o aqueles que, bem tratados por n\u00f3s ou por terceiros, nos permitem gerir da forma mais eficiente poss\u00edvel a oferta dos espa\u00e7os publicit\u00e1rios que est\u00e3o no site, adaptando o conte\u00fado do an\u00fancio ao conte\u00fado do servi\u00e7o solicitado ou \u00e0 utiliza\u00e7\u00e3o que faz do nosso website. Para isso podemos analisar os seus h\u00e1bitos de navega\u00e7\u00e3o na Internet e podemos mostrar-lhe publicidade relacionada com o seu perfil de navega\u00e7\u00e3o.<\/em><\/li>\n<li style=\"text-align: justify;\"><em>Cookies de publicidade comportamental: Estes s\u00e3o aqueles que permitem \u00e0 gest\u00e3o, da forma mais eficiente poss\u00edvel, dos espa\u00e7os publicit\u00e1rios que, se for caso disso, a editora incluiu numa p\u00e1gina web, aplica\u00e7\u00e3o ou plataforma a partir da qual presta o servi\u00e7o solicitado. Estes cookies armazenam informa\u00e7\u00f5es sobre o comportamento dos usu\u00e1rios obtidos atrav\u00e9s da observa\u00e7\u00e3o cont\u00ednua dos seus h\u00e1bitos de navega\u00e7\u00e3o, o que permite o desenvolvimento de um perfil espec\u00edfico para exibir publicidade com base no mesmo.<\/em><\/li>\n<li style=\"text-align: justify;\"><strong><em>Cookies de terceros<\/em><\/strong><em><em>: <em>A<\/em> <em>web<\/em> de <strong>mcrtecresa.com<\/strong> <em>pode<\/em><em> utilizar servi\u00e7os de terceiros que, em nome de<\/em> <strong>mcrtecresa.com<em>, <\/em><\/strong><em>recolhem informa\u00e7\u00f5es para fins estat\u00edsticos, utiliza\u00e7\u00e3o do Site pelo usu\u00e1rio e para a presta\u00e7\u00e3o de outros servi\u00e7os relacionados com a atividade do Website e outros servi\u00e7os da Internet.<\/em><br \/>\n<\/em><\/em><\/li>\n<\/ul>\n<p><em>Em particular, este site utiliza o Google Analytics, um servi\u00e7o de an\u00e1lise web fornecido pela Google, Inc. domiciliado nos Estados Unidos com sede em 1600 Anfiteatro Parkway, Mountain View, Calif\u00f3rnia 94043.\u00a0 Para a presta\u00e7\u00e3o destes servi\u00e7os, utilizam cookies que recolhem informa\u00e7\u00f5es, incluindo o endere\u00e7o IP do usu\u00e1rio, que ser\u00e3o transmitidos, processados e armazenados pela Google nos termos estabelecidos no Website Google.com. Incluindo a poss\u00edvel transmiss\u00e3o dessas informa\u00e7\u00f5es a terceiros por raz\u00f5es de exig\u00eancia legal ou quando tais terceiros processam as informa\u00e7\u00f5es em nome da Google.<\/em><\/p>\n<p style=\"text-align: justify;\"><strong><em>(Neste momento, a AGPD sugere incluir cada um dos cookies de terceiros utilizados e os dados desses terceiros. Por raz\u00f5es \u00f3bvias neste modelo, apenas a Google foi inclu\u00edda no uso do Analytics porque \u00e9 a mais difundida e comum.)El Usuario acepta expresamente, por la utilizaci\u00f3n de este Site, el tratamiento de la informaci\u00f3n recabada en la forma y con los fines anteriormente mencionados.<\/em><\/strong><em> Y asimismo reconoce conocer la posibilidad de rechazar el tratamiento de\u00a0tales datos o informaci\u00f3n\u00a0rechazando el uso de Cookies mediante la selecci\u00f3n de la configuraci\u00f3n apropiada a tal fin en su navegador. Si bien esta opci\u00f3n de bloqueo de Cookies en su navegador puede no permitirle el uso pleno de todas las funcionalidades del Website.<\/em><\/p>\n<p style=\"text-align: justify;\"><em>Pode permitir, bloquear ou eliminar os cookies instalados no seu computador configurando as op\u00e7\u00f5es do navegador instalado no seu computador:<\/em><\/p>\n<ul>\n<li><em><a href=\"http:\/\/support.google.com\/chrome\/bin\/answer.py?hl=es&amp;answer=95647\" target=\"_blank\" rel=\"noopener\">Chrome<\/a><\/em><\/li>\n<li><em><a href=\"https:\/\/support.microsoft.com\/es-es\/help\/17442\/windows-internet-explorer-delete-manage-cookies\" target=\"_blank\" rel=\"noopener\">E<\/a><\/em><em><a href=\"https:\/\/support.microsoft.com\/es-es\/help\/17442\/windows-internet-explorer-delete-manage-cookies\" target=\"_blank\" rel=\"noopener\">xplorer<\/a><\/em><\/li>\n<li><em><a href=\"http:\/\/support.mozilla.org\/es\/kb\/habilitar-y-deshabilitar-cookies-que-los-sitios-we\" target=\"_blank\" rel=\"noopener\">Firefox<\/a><\/em><\/li>\n<li><em><a href=\"http:\/\/support.apple.com\/kb\/ph5042\" target=\"_blank\" rel=\"noopener\">Safari<\/a><\/em><\/li>\n<\/ul>\n<p style=\"text-align: justify;\"><em>Se tiver d\u00favidas sobre esta pol\u00edtica de cookies, pode contactar <strong>mcrtecresa.com<\/strong><\/em> para <em>info@mcrtecresa.com<\/em><\/p>\n<\/div>\n<\/div>\n<\/div>\n<\/div>\n<\/div>\n<\/div>\n<\/div>\n<\/div>\n<\/div>\n<p>[\/vc_column_text][\/vc_column][\/vc_row]<\/p>\n<\/div>","protected":false},"excerpt":{"rendered":"<p>[vc_row][vc_column][vc_column_text] [\/vc_column_text][\/vc_column][\/vc_row][vc_row][vc_column][\/vc_column][\/vc_row][vc_row][vc_column][vc_column_text] Cookie \u00e9 um ficheiro que \u00e9 descarregado para o seu computador quando acede a determinadas p\u00e1ginas web. Os cookies permitem que um website, entre outras coisas, armazene e&#8230;<\/p>\n","protected":false},"author":2,"featured_media":0,"parent":0,"menu_order":0,"comment_status":"closed","ping_status":"closed","template":"","meta":{"footnotes":""},"class_list":["post-55541","page","type-page","status-publish","hentry"],"yoast_head":"<!-- This site is optimized with the Yoast SEO plugin v27.4 - https:\/\/yoast.com\/product\/yoast-seo-wordpress\/ -->\n<title>Pol\u00edtica de Cookies - Mcr Tecresa<\/title>\n<meta name=\"robots\" content=\"noindex, nofollow\" \/>\n<meta property=\"og:locale\" content=\"pt_PT\" \/>\n<meta property=\"og:type\" content=\"article\" \/>\n<meta property=\"og:title\" content=\"Pol\u00edtica de Cookies - Mcr Tecresa\" \/>\n<meta property=\"og:description\" content=\"[vc_row][vc_column][vc_column_text] [\/vc_column_text][\/vc_column][\/vc_row][vc_row][vc_column][\/vc_column][\/vc_row][vc_row][vc_column][vc_column_text] Cookie \u00e9 um ficheiro que \u00e9 descarregado para o seu computador quando acede a determinadas p\u00e1ginas web. Os cookies permitem que um website, entre outras coisas, armazene e...\" \/>\n<meta property=\"og:url\" content=\"https:\/\/mcrtecresa.com\/pt\/politica-de-cookies\" \/>\n<meta property=\"og:site_name\" content=\"Mcr Tecresa\" \/>\n<meta property=\"article:modified_time\" content=\"2025-10-13T14:04:40+00:00\" \/>\n<meta property=\"og:image\" content=\"https:\/\/mcrtecresa.com\/wp-content\/uploads\/2025\/07\/Logo-Original-1.png\" \/>\n\t<meta property=\"og:image:width\" content=\"195\" \/>\n\t<meta property=\"og:image:height\" content=\"46\" \/>\n\t<meta property=\"og:image:type\" content=\"image\/png\" \/>\n<meta name=\"twitter:card\" content=\"summary_large_image\" \/>\n<meta name=\"twitter:label1\" content=\"Est. reading time\" \/>\n\t<meta name=\"twitter:data1\" content=\"4 minutes\" \/>\n<script type=\"application\/ld+json\" class=\"yoast-schema-graph\">{\"@context\":\"https:\\\/\\\/schema.org\",\"@graph\":[{\"@type\":\"WebPage\",\"@id\":\"https:\\\/\\\/mcrtecresa.com\\\/pt\\\/politica-de-cookies\",\"url\":\"https:\\\/\\\/mcrtecresa.com\\\/pt\\\/politica-de-cookies\",\"name\":\"Pol\u00edtica de Cookies - Mcr Tecresa\",\"isPartOf\":{\"@id\":\"https:\\\/\\\/mcrtecresa.com\\\/#website\"},\"datePublished\":\"2018-02-14T18:08:41+00:00\",\"dateModified\":\"2025-10-13T14:04:40+00:00\",\"breadcrumb\":{\"@id\":\"https:\\\/\\\/mcrtecresa.com\\\/pt\\\/politica-de-cookies#breadcrumb\"},\"inLanguage\":\"pt\",\"potentialAction\":[{\"@type\":\"ReadAction\",\"target\":[\"https:\\\/\\\/mcrtecresa.com\\\/pt\\\/politica-de-cookies\"]}]},{\"@type\":\"BreadcrumbList\",\"@id\":\"https:\\\/\\\/mcrtecresa.com\\\/pt\\\/politica-de-cookies#breadcrumb\",\"itemListElement\":[{\"@type\":\"ListItem\",\"position\":1,\"name\":\"mcr tecresa\u00ae\",\"item\":\"https:\\\/\\\/mcrtecresa.com\\\/pt\"},{\"@type\":\"ListItem\",\"position\":2,\"name\":\"Pol\u00edtica de Cookies\"}]},{\"@type\":\"WebSite\",\"@id\":\"https:\\\/\\\/mcrtecresa.com\\\/#website\",\"url\":\"https:\\\/\\\/mcrtecresa.com\\\/\",\"name\":\"Mcr Tecresa\",\"description\":\"Empresa l\u00edder en protecci\u00f3n pasiva contra incendios\",\"publisher\":{\"@id\":\"https:\\\/\\\/mcrtecresa.com\\\/#organization\"},\"alternateName\":\"Protecci\u00f3n Pasiva Contra Incendios\",\"potentialAction\":[{\"@type\":\"SearchAction\",\"target\":{\"@type\":\"EntryPoint\",\"urlTemplate\":\"https:\\\/\\\/mcrtecresa.com\\\/?s={search_term_string}\"},\"query-input\":{\"@type\":\"PropertyValueSpecification\",\"valueRequired\":true,\"valueName\":\"search_term_string\"}}],\"inLanguage\":\"pt\"},{\"@type\":\"Organization\",\"@id\":\"https:\\\/\\\/mcrtecresa.com\\\/#organization\",\"name\":\"Mcr Tecresa\",\"url\":\"https:\\\/\\\/mcrtecresa.com\\\/\",\"logo\":{\"@type\":\"ImageObject\",\"inLanguage\":\"pt\",\"@id\":\"https:\\\/\\\/mcrtecresa.com\\\/#\\\/schema\\\/logo\\\/image\\\/\",\"url\":\"https:\\\/\\\/mcrtecresa.com\\\/wp-content\\\/uploads\\\/2025\\\/07\\\/Logo-Original-1.png\",\"contentUrl\":\"https:\\\/\\\/mcrtecresa.com\\\/wp-content\\\/uploads\\\/2025\\\/07\\\/Logo-Original-1.png\",\"width\":195,\"height\":46,\"caption\":\"Mcr Tecresa\"},\"image\":{\"@id\":\"https:\\\/\\\/mcrtecresa.com\\\/#\\\/schema\\\/logo\\\/image\\\/\"},\"sameAs\":[\"https:\\\/\\\/www.linkedin.com\\\/company\\\/mcrtecresa\",\"https:\\\/\\\/www.youtube.com\\\/@Mcrtecresa\"]}]}<\/script>\n<!-- \/ Yoast SEO plugin. -->","yoast_head_json":{"title":"Pol\u00edtica de Cookies - Mcr Tecresa","robots":{"index":"noindex","follow":"nofollow"},"og_locale":"pt_PT","og_type":"article","og_title":"Pol\u00edtica de Cookies - Mcr Tecresa","og_description":"[vc_row][vc_column][vc_column_text] [\/vc_column_text][\/vc_column][\/vc_row][vc_row][vc_column][\/vc_column][\/vc_row][vc_row][vc_column][vc_column_text] Cookie \u00e9 um ficheiro que \u00e9 descarregado para o seu computador quando acede a determinadas p\u00e1ginas web. Os cookies permitem que um website, entre outras coisas, armazene e...","og_url":"https:\/\/mcrtecresa.com\/pt\/politica-de-cookies","og_site_name":"Mcr Tecresa","article_modified_time":"2025-10-13T14:04:40+00:00","og_image":[{"width":195,"height":46,"url":"https:\/\/mcrtecresa.com\/wp-content\/uploads\/2025\/07\/Logo-Original-1.png","type":"image\/png"}],"twitter_card":"summary_large_image","twitter_misc":{"Est. reading time":"4 minutes"},"schema":{"@context":"https:\/\/schema.org","@graph":[{"@type":"WebPage","@id":"https:\/\/mcrtecresa.com\/pt\/politica-de-cookies","url":"https:\/\/mcrtecresa.com\/pt\/politica-de-cookies","name":"Pol\u00edtica de Cookies - Mcr Tecresa","isPartOf":{"@id":"https:\/\/mcrtecresa.com\/#website"},"datePublished":"2018-02-14T18:08:41+00:00","dateModified":"2025-10-13T14:04:40+00:00","breadcrumb":{"@id":"https:\/\/mcrtecresa.com\/pt\/politica-de-cookies#breadcrumb"},"inLanguage":"pt","potentialAction":[{"@type":"ReadAction","target":["https:\/\/mcrtecresa.com\/pt\/politica-de-cookies"]}]},{"@type":"BreadcrumbList","@id":"https:\/\/mcrtecresa.com\/pt\/politica-de-cookies#breadcrumb","itemListElement":[{"@type":"ListItem","position":1,"name":"mcr tecresa\u00ae","item":"https:\/\/mcrtecresa.com\/pt"},{"@type":"ListItem","position":2,"name":"Pol\u00edtica de Cookies"}]},{"@type":"WebSite","@id":"https:\/\/mcrtecresa.com\/#website","url":"https:\/\/mcrtecresa.com\/","name":"Mcr Tecresa","description":"Empresa l\u00edder en protecci\u00f3n pasiva contra incendios","publisher":{"@id":"https:\/\/mcrtecresa.com\/#organization"},"alternateName":"Protecci\u00f3n Pasiva Contra Incendios","potentialAction":[{"@type":"SearchAction","target":{"@type":"EntryPoint","urlTemplate":"https:\/\/mcrtecresa.com\/?s={search_term_string}"},"query-input":{"@type":"PropertyValueSpecification","valueRequired":true,"valueName":"search_term_string"}}],"inLanguage":"pt"},{"@type":"Organization","@id":"https:\/\/mcrtecresa.com\/#organization","name":"Mcr Tecresa","url":"https:\/\/mcrtecresa.com\/","logo":{"@type":"ImageObject","inLanguage":"pt","@id":"https:\/\/mcrtecresa.com\/#\/schema\/logo\/image\/","url":"https:\/\/mcrtecresa.com\/wp-content\/uploads\/2025\/07\/Logo-Original-1.png","contentUrl":"https:\/\/mcrtecresa.com\/wp-content\/uploads\/2025\/07\/Logo-Original-1.png","width":195,"height":46,"caption":"Mcr Tecresa"},"image":{"@id":"https:\/\/mcrtecresa.com\/#\/schema\/logo\/image\/"},"sameAs":["https:\/\/www.linkedin.com\/company\/mcrtecresa","https:\/\/www.youtube.com\/@Mcrtecresa"]}]}},"_links":{"self":[{"href":"https:\/\/mcrtecresa.com\/pt\/wp-json\/wp\/v2\/pages\/55541","targetHints":{"allow":["GET"]}}],"collection":[{"href":"https:\/\/mcrtecresa.com\/pt\/wp-json\/wp\/v2\/pages"}],"about":[{"href":"https:\/\/mcrtecresa.com\/pt\/wp-json\/wp\/v2\/types\/page"}],"author":[{"embeddable":true,"href":"https:\/\/mcrtecresa.com\/pt\/wp-json\/wp\/v2\/users\/2"}],"replies":[{"embeddable":true,"href":"https:\/\/mcrtecresa.com\/pt\/wp-json\/wp\/v2\/comments?post=55541"}],"version-history":[{"count":0,"href":"https:\/\/mcrtecresa.com\/pt\/wp-json\/wp\/v2\/pages\/55541\/revisions"}],"wp:attachment":[{"href":"https:\/\/mcrtecresa.com\/pt\/wp-json\/wp\/v2\/media?parent=55541"}],"curies":[{"name":"wp","href":"https:\/\/api.w.org\/{rel}","templated":true}]}}