{"id":55450,"date":"2018-05-10T22:08:04","date_gmt":"2018-05-10T20:08:04","guid":{"rendered":"https:\/\/mcrtecresa.com\/politica-de-privacidad"},"modified":"2025-09-25T08:50:26","modified_gmt":"2025-09-25T06:50:26","slug":"politica-de-privacidade","status":"publish","type":"page","link":"https:\/\/mcrtecresa.com\/pt\/politica-de-privacidade","title":{"rendered":"Pol\u00edtica de Privacidade"},"content":{"rendered":"<div class=\"wpb-content-wrapper\"><p>[vc_row][vc_column][vc_column_text]<span><span><a href=\"https:\/\/mcrtecresa.com\/pt\">mcr tecresa\u00ae<\/a><\/span><\/span><\/p>\n<p>[\/vc_column_text][\/vc_column][\/vc_row][vc_row][vc_column]<div class=\"mgt-header-block clearfix text-center text-black wpb_content_element  mgt-header-block-style-1 mgt-header-texttransform-header \"><h1 class=\"mgt-header-block-title\">Pol\u00edtica de Privacidade<\/h1><div class=\"mgt-header-line\"><\/div><\/div>[\/vc_column][\/vc_row][vc_row][vc_column][vc_empty_space][\/vc_column][\/vc_row][vc_row][vc_column][vc_column_text css=&#8221;&#8221;]<\/p>\n<p style=\"text-align: justify;\"><strong>Nossa Pol\u00edticauestra Pol\u00edtica de Privacidade est\u00e1 elaborada para ser transparente no tratamento da informa\u00e7\u00e3o dos nossos clientes e interessados. Por isso, proporcionamos o seguinte documento onde poder\u00e1 identificar como nosso Sistema de Gest\u00e3o de Prote\u00e7\u00e3o da informa\u00e7\u00e3o, exerce o correspondente controle e preserva\u00e7\u00e3o de teus dados e oferece informa\u00e7\u00e3o acess\u00edvel sobre teus direitos como usu\u00e1rio.<\/strong><\/p>\n<p style=\"text-align: justify;\"><strong>\u00a0<\/strong><\/p>\n<h3>1.\u00a0\u00a0\u00a0\u00a0 Antecedentes<\/h3>\n<p><strong>\u00a0<\/strong><\/p>\n<p style=\"text-align: justify;\"><strong>MCR TECRESA, S.L.<\/strong><strong>,<\/strong> com endere\u00e7o social e endere\u00e7o profissional em C\/ Margarita Salas 26, 28919 Legan\u00e9s (Madri) sendo titular do dom\u00ednio em Internet <a href=\"https:\/\/mcrtecresa.com\/pt\">www.mcrtecresa.com<\/a> e respons\u00e1vel do tratamento dos dados de car\u00e1cter pessoal cedidos pelos usu\u00e1rios atrav\u00e9s desta Web site.<\/p>\n<p style=\"text-align: justify;\">MCR TECRESA, compromete-se a garantir que a informa\u00e7\u00e3o pessoal se encontra protegida e n\u00e3o se utiliza de forma indevida.<\/p>\n<p style=\"text-align: justify;\">Neste documento explicamos quem \u00e9 o respons\u00e1vel de tratamento, com que finalidade se trata a informa\u00e7\u00e3o pessoal, a legitima\u00e7\u00e3o para o tratamento, a quem podemos comunicar a informa\u00e7\u00e3o pessoal, como a obtemos, porqu\u00ea a coletamos, como a utilizamos, os seus direitos e tamb\u00e9m se explicam os processos que tem se disponibilizado para proteger a privacidade.<\/p>\n<p style=\"text-align: justify;\">Sempre que nos facilitam informa\u00e7\u00e3o pessoal e utilizam a nossa p\u00e1gina Web, entendemos que tem se lido e compreendido os termos relacionados como a informa\u00e7\u00e3o de prote\u00e7\u00e3o de dados de car\u00e1cter pessoal que se exp\u00f5em. MCR TECRESA assumimos a responsabilidade de cumprir com a legisla\u00e7\u00e3o vigente em mat\u00e9ria de prote\u00e7\u00e3o de dados nacional e europeia, e temos o objetivo de tratar os dados da maneira mais l\u00edcita, leal e transparente.<\/p>\n<h3 style=\"text-align: justify;\">2.\u00a0 \u00a0 \u00a0Quem \u00e9 respons\u00e1vel do tratamento?<\/h3>\n<h3 style=\"text-align: justify;\"><\/h3>\n<p style=\"text-align: justify;\">Segundo a norma vigente, \u00e9 a pessoa f\u00edsica ou jur\u00eddica que, sozinha ou junto com outros, determine os fins e meios do tratamento.<\/p>\n<p style=\"text-align: justify;\">MCR TECRESA \u00e9 respons\u00e1vel dos tratamentos da informa\u00e7\u00e3o pessoal que realiza dos seus clientes.<\/p>\n<ul style=\"text-align: justify;\">\n<li>O seu projeto web \u00e9\u00a0 <a href=\"https:\/\/mcrtecresa.com\/pt\">mcrtecresa.com<\/a><\/li>\n<li>A sua raz\u00e3o social \u00e9 MCR TECRESA, S.L.<\/li>\n<li>O seu CIF \u00e9 ESB21820071<\/li>\n<li>O seu endere\u00e7o social est\u00e1 em: C\/Margarita Salas 26, 28919 Legan\u00e9s (Madri)<\/li>\n<li>A sua finalidade social \u00e9 a montagem e fabrica\u00e7\u00e3o de revestimentos refrat\u00e1rios.<\/li>\n<\/ul>\n<h3 style=\"text-align: justify;\">3.\u00a0 \u00a0 \u00a0Com que finalidade coletamos informa\u00e7\u00e3o pessoal?<\/h3>\n<p style=\"text-align: justify;\"><strong>\u00a0<\/strong><\/p>\n<p style=\"text-align: justify;\"><strong>Finalidade amparadas na rela\u00e7\u00e3o contratual:<\/strong><\/p>\n<ul style=\"text-align: justify;\">\n<li>Para que os interessados\/as possam realizar consultas e solicitudes atrav\u00e9s do formul\u00e1rio de contato (<a href=\"https:\/\/mcrtecresa.com\/pt\/contato\">Contato<\/a>).<\/li>\n<li>Para ofertar qualquer dos servi\u00e7os e\/ou produtos que ofrecemos.<\/li>\n<li>Para enviar promo\u00e7\u00f5es, ofertas e publica\u00e7\u00f5es sobre nossos servi\u00e7os.<\/li>\n<li>Para que os interessados\/as possam apresentar a suar candidatura a pontenciais cargos de trabalho que ofere\u00e7a <strong>mcr tecresa<sup>\u00ae<\/sup><\/strong>.<\/li>\n<\/ul>\n<p style=\"text-align: justify;\">O Usu\u00e1rio ser\u00e1 o \u00fanico respons\u00e1vel, caso preencha os formul\u00e1rios com dados falsos, imprecisos, incompletos ou desatualizados. Todos os dados fornecidos pelo Usu\u00e1rio ser\u00e3o tratados confidencialment.<\/p>\n<h3 style=\"text-align: justify;\">4.\u00a0 \u00a0 \u00a0Qual \u00e9 a legitima\u00e7\u00e3o para o tratamento da informa\u00e7\u00e3o pessoal?<\/h3>\n<p style=\"text-align: justify;\">Para o tratamento de informa\u00e7\u00e3o pessoal nos baseamos na legitima\u00e7\u00e3o por v\u00e1rios motivos:<\/p>\n<ul style=\"text-align: justify;\">\n<li>Para o cumprimento do nosso contrato e\/ou caracter\u00edsticas da nossa rela\u00e7\u00e3o comercial.<\/li>\n<li>Pelo interesse leg\u00edtimo, como exemplo; o envio de publicidade relacionada com os produtos ou servi\u00e7os que j\u00e1 tenha contratado, ou para gerenciar as poss\u00edveis reclama\u00e7\u00f5es que pudessem surgir.<\/li>\n<li>Com o teu consentimento impl\u00edcito nas nossas comunica\u00e7\u00f5es comerciais, como exemplo; o envio de ofertas de produtos e\/ou servi\u00e7os personalizados e adaptados.<\/li>\n<\/ul>\n<ul style=\"text-align: justify;\">\n<li>\n<p style=\"text-align: justify;\">Para nos comunicar e poder te convidar a participar em um processo de sele\u00e7\u00e3o para ocupar um cargo na nossa empresa.<\/p>\n<\/li>\n<\/ul>\n<h3 style=\"text-align: justify;\">5.\u00a0 \u00a0 \u00a0A quem podemos comunicar tua informa\u00e7\u00e3o perssoal?<\/h3>\n<p style=\"text-align: justify;\">Os dados de car\u00e1ter pessoal coletados nesta Web nas sec\u00e7\u00f5es \u201c<strong>CONTATO<\/strong>\u201d e \u201c<strong>TRABALHA CONNOSCO<\/strong>\u201d de clientes, potenciais clientes e\/ou candidatos\/as com o fim de participar em poss\u00edveis processos de sele\u00e7\u00e3o que habilite <strong>MCR TECRESA<\/strong>, al\u00e9m das Administra\u00e7\u00f5es p\u00fablicas, ju\u00edzes e Tribunais, para a aten\u00e7\u00e3o das poss\u00edveis responsabilidades nascidas do tratamento, <strong><u>N\u00c3O ser\u00e3o cedidos a terceiros em caso algum<\/u><\/strong>,\u00a0 salvo \u00e0s Administra\u00e7\u00f5es p\u00fablicas, ju\u00edzes e Tribunais, para a aten\u00e7\u00e3o das poss\u00edveis responsabilidades nascidas do tratamento.<\/p>\n<h3 style=\"text-align: justify;\">6.\u00a0 \u00a0 \u00a0Como poder exercer seus direitos?<\/h3>\n<p style=\"text-align: justify;\">Tem direito a ter o controle sobre a informa\u00e7\u00e3o pessoal que coletamos, desta forma n\u00f3s tamb\u00e9m garantimos de que a mesma seja precisa e ver\u00eddica.<\/p>\n<p style=\"text-align: justify;\">Tem direito a obter acesso a tua informa\u00e7\u00e3o pessoal, assim como a solicitar a retifica\u00e7\u00e3o dos dados inexatos ou, se for o caso, solicitar a suspens\u00e3o quando, entre outros motivos, os dados j\u00e1 n\u00e3o sejam necess\u00e1rios para os fins que foram coletados.<\/p>\n<p style=\"text-align: justify;\">Em certas circunst\u00e2ncias, e por motivos relacionados com a sua situa\u00e7\u00e3o particular, poder\u00e1 se opor ao tratamento dos seus dados. A sua informa\u00e7\u00e3o pessoal deixar\u00e1 de ser tratar para aquelas finalidades nas que se tenha manifestado a sua oposi\u00e7\u00e3o. Da mesma forma pode exercer o direito de limita\u00e7\u00e3o do tratamento de sua informa\u00e7\u00e3o pessoal, solicitando-nos a conserva\u00e7\u00e3o da mesma.<\/p>\n<p style=\"text-align: justify;\">Igualmente, poder\u00e1 solicitar a portabilidade dos seus dados para outro respons\u00e1vel de tratamento.<\/p>\n<p style=\"text-align: justify;\">Os direitos de limita\u00e7\u00e3o e portabilidade, poder\u00e1 ser solicitados desde o 25 de maio de 2018.<\/p>\n<p style=\"text-align: justify;\">Poder\u00e1 exercer os seus direitos sem custo algum, e ter\u00e1 direito de receber uma resposta nos prazos estabelecidos pela legisla\u00e7\u00e3o vigente em mat\u00e9ria de prote\u00e7\u00e3o de dados, pudendo escolher entre os seguintes m\u00e9dio<strong>s:<\/strong><\/p>\n<ul style=\"text-align: justify;\">\n<li style=\"text-align: justify;\"><strong>Atrav\u00e9s de correio postal ao endere\u00e7o: <\/strong>C\/Margarita Salas 26, 28919 Legan\u00e9s (Madri &#8211; Espanha).<\/li>\n<li>Enviando solicitude junto com uma fotocopia e\/ou copia escaneada documenta\u00e7\u00e3o pessoal do solicitante ao endere\u00e7o de correio eletr\u00f3nico: <strong><a href=\"mailto:rgpd@mcrtecresa.com\">rgpd@mcrtecresa.com<\/a><\/strong><\/li>\n<\/ul>\n<h3 style=\"text-align: justify;\">7.\u00a0 \u00a0 \u00a0Por quanto tempo armazenamos a sua informa\u00e7\u00e3o pessoal?<\/h3>\n<p style=\"text-align: justify;\">Somente armazenamos sua informa\u00e7\u00e3o pessoal na medida que precisamos dela, a fim de poder utiliz\u00e1-la segundo a finalidade pela que foi recolhida, e segundo a base jur\u00eddica do tratamento da mesma de conformidade com a lei aplic\u00e1vel. Ficaremos com a sua informa\u00e7\u00e3o pessoal sempre que exista uma rela\u00e7\u00e3o contratual e\/ou comercial entre ambos ou enquanto n\u00e3o se exer\u00e7a o direito de supress\u00e3o, cancela\u00e7\u00e3o e\/ou limita\u00e7\u00e3o do tratamento de seus dados.<\/p>\n<p style=\"text-align: justify;\">Nestes casos manteremos a informa\u00e7\u00e3o devidamente bloqueada, sem dar uso da mesma, assim que possa ser necess\u00e1ria para o exerc\u00edcio ou defensa de reclama\u00e7\u00f5es ou possa se derivar em algum tipo de responsabilidade judicial, legal ou contratual do seu tratamento que deva ser atendida, e para isso seja necess\u00e1rio \u00e0 sua recupera\u00e7\u00e3o. De forma alguma ficaremos com seus dados mais de 10 anos desde a finaliza\u00e7\u00e3o da rela\u00e7\u00e3o contratual, prazo de conserva\u00e7\u00e3o obrigat\u00f3rio estabelecido pela Lei 10\/2010, em 28 de abril, de preven\u00e7\u00e3o da lavagem de dinheiro e financiamento do terrorismo.<\/p>\n<h3 style=\"text-align: justify;\">8.\u00a0 \u00a0 \u00a0Como protegemos sua informa\u00e7\u00e3o pessoal?<\/h3>\n<p style=\"text-align: justify;\">MCR TECRESA possui um Sistema de Prote\u00e7\u00e3o da informa\u00e7\u00e3o, pelo que estamos comprometidos a proteger sua informa\u00e7\u00e3o pessoal. Utilizamos as medidas t\u00e9cnicas e organizativas adequadas com a finalidade de proteger a sua informa\u00e7\u00e3o pessoal e a sua privacidade, checando estas medidas periodicamente. Protegemos a sua informa\u00e7\u00e3o pessoal mediante o uso de uma combina\u00e7\u00e3o de controles de seguran\u00e7a tanto f\u00edsicos quanto inform\u00e1ticos ou l\u00f3gicos, inclusive controles de acesso que restringem e administram a forma na que sua informa\u00e7\u00e3o pessoal e seus dados pessoais s\u00e3o processados, administrados e gerenciados. Tamb\u00e9m garantimos que nossos empregados se encontrem devidamente capacitados para proteger sua informa\u00e7\u00e3o pessoal. Possu\u00edmos os seguintes Procedimentos Inclu\u00eddos na nossa organiza\u00e7\u00e3o ao respeito do indicado aqui:<\/p>\n<ul style=\"text-align: justify;\">\n<li><strong>Procedimentos de Copias de Seguran\u00e7a<\/strong><\/li>\n<li><strong>Procedimentos de uso de Senhas e Usu\u00e1rios<\/strong><\/li>\n<li><strong>Procedimentos de uso de Dispositivos Externos<\/strong><\/li>\n<li><strong>Procedimentos uso de Dispositivos Celulares e Redes Sociais<\/strong><\/li>\n<\/ul>\n<p style=\"text-align: justify;\"><strong>\u00a0<\/strong><\/p>\n<h3 style=\"text-align: justify;\">9.\u00a0\u00a0\u00a0\u00a0 Uso de Cookies.<\/h3>\n<p style=\"text-align: justify;\">Informamos-lhe de que na Web somente usaremos \u201ccookies\u201d quando o navegador do usu\u00e1rio assim o permita. Uma \u201ccookie\u201d \u00e9 uma pequena pe\u00e7a de c\u00f3digo, como uma etiqueta, que as p\u00e1ginas Web podem colocar no computador quando s\u00e3o visitados e atua como um identificador que pode se usar para recuperar os dados na base de dados e para seguir a navega\u00e7\u00e3o dentro da Web.<\/p>\n<p style=\"text-align: justify;\">Se n\u00e3o deseja ter uma de nossas \u201ccookies\u201d no seu computador, deve verificar que o buscador est\u00e1 configurado para bloque\u00e1-las.<\/p>\n<p style=\"text-align: justify;\">Todos os navegadores de internet permitem-lhe limitar o comportamento de uma cookie ou desativ\u00e1-las dentro da configura\u00e7\u00e3o ou das op\u00e7\u00f5es do navegador. Os passos a seguir s\u00e3o diferentes para cada navegador, podem-se encontrar instru\u00e7\u00f5es no menu de ajuda do seu navegador.<\/p>\n<p style=\"text-align: justify;\">Se n\u00e3o aceita o uso de cookies, sendo poss\u00edvel gra\u00e7as aos menus de prefer\u00eancias ou ajustes do seu navegador, esta p\u00e1gina Web seguir\u00e1 funcionando adequadamente sem o uso das mesmas.<\/p>\n<p style=\"text-align: justify;\">Pode permitir, bloquear ou eliminar as cookies instaladas no seu computador atrav\u00e9s da configura\u00e7\u00e3o das op\u00e7\u00f5es do navegador instalado no seu computador:<\/p>\n<ul style=\"text-align: justify;\">\n<li>Para mais informa\u00e7\u00e3o sobre <strong>Internet Explorer<\/strong> <a href=\"https:\/\/support.microsoft.com\/es-es\/help\/17442\/windows-internet-explorer-delete-manage-cookies\">clique aqu\u00ed<\/a> ou como bloquear, habilitar ou permitir as cookies <a href=\"https:\/\/support.microsoft.com\/es-es\/help\/17442\/windows-internet-explorer-delete-manage-cookies\">pulse aqu\u00ed<\/a>.<\/li>\n<li>Para mais informa\u00e7\u00e3o sobre <strong>Chrome <\/strong><a href=\"https:\/\/support.google.com\/chrome\/answer\/95647?hl=es\">clique aqu\u00ed<\/a>.<\/li>\n<li>Para mais informa\u00e7\u00e3o sobre <strong>Safari <\/strong><a href=\"http:\/\/support.apple.com\/kb\/HT1677?viewlocale=es_ES&amp;locale=es_ES\">clique aqu\u00ed.<\/a><\/li>\n<li>Para mais informa\u00e7\u00e3o sobre <strong>Firefox <\/strong><a href=\"http:\/\/support.mozilla.org\/es\/kb\/habilitar-y-deshabilitar-cookies-que-los-sitios-we\">clique aqu\u00ed.<\/a><\/li>\n<\/ul>\n<p style=\"text-align: justify;\">Atrav\u00e9s do seu navegador, pode ver as cookies que est\u00e3o no seu computador, e apag\u00e1-las de acordo a suas necessidades. As cookies s\u00e3o arquivos de texto que podemos abrir e ler o conte\u00fado. Os dados dentro deles quase sempre est\u00e3o cifrados com uma chave num\u00e9rica que corresponde a uma sess\u00e3o em internet pelo que muitas vezes n\u00e3o tem sentido al\u00e9m da pr\u00f3pria p\u00e1gina Web que o escreveu.<\/p>\n<p style=\"text-align: justify;\"><strong>\u00a0<\/strong><\/p>\n<h3 style=\"text-align: justify;\">10.\u00a0 \u00a0Actualiza\u00e7\u00f5es da nossa Pol\u00edtica de Privacidade.<\/h3>\n<p style=\"text-align: justify;\">\u00c9 poss\u00edvel que deva-se atualizar esta Pol\u00edtica de Privacidade; por isso \u00e9 necess\u00e1rio que verifique esta pol\u00edtica periodicamente e se for poss\u00edvel, cada vez que aceda \u00e0 p\u00e1gina Web com o objetivo de estar adequadamente informado sobre o tipo de informa\u00e7\u00e3o recoletada e seu tratamento. Pode encontrar a Pol\u00edtica de Privacidade no p\u00e9 da p\u00e1gina Web. No entanto,\u00a0 lhe comunicaremos qualquer modifica\u00e7\u00e3o da presente pol\u00edtica de privacidade que afete ao tratamento dos seus dados pessoais.<\/p>\n<p style=\"text-align: justify;\">A presente Pol\u00edtica de Privacidade atualizou-se pela \u00faltima vez em Legan\u00e9s, na data de 25 de agosto de 2021.<\/p>\n<p>[\/vc_column_text][\/vc_column][\/vc_row]<\/p>\n<\/div>","protected":false},"excerpt":{"rendered":"<p>[vc_row][vc_column][vc_column_text] [\/vc_column_text][\/vc_column][\/vc_row][vc_row][vc_column][\/vc_column][\/vc_row][vc_row][vc_column][vc_empty_space][\/vc_column][\/vc_row][vc_row][vc_column][vc_column_text css=&#8221;&#8221;] Nossa Pol\u00edticauestra Pol\u00edtica de Privacidade est\u00e1 elaborada para ser transparente no tratamento da informa\u00e7\u00e3o dos nossos clientes e interessados. Por isso, proporcionamos o seguinte documento onde poder\u00e1&#8230;<\/p>\n","protected":false},"author":2,"featured_media":0,"parent":0,"menu_order":0,"comment_status":"closed","ping_status":"closed","template":"","meta":{"footnotes":""},"class_list":["post-55450","page","type-page","status-publish","hentry"],"yoast_head":"<!-- This site is optimized with the Yoast SEO plugin v27.4 - https:\/\/yoast.com\/product\/yoast-seo-wordpress\/ -->\n<title>Pol\u00edtica de Privacidade - Mcr Tecresa<\/title>\n<meta name=\"robots\" content=\"noindex, follow\" \/>\n<meta property=\"og:locale\" content=\"pt_PT\" \/>\n<meta property=\"og:type\" content=\"article\" \/>\n<meta property=\"og:title\" content=\"Pol\u00edtica de Privacidade - Mcr Tecresa\" \/>\n<meta property=\"og:description\" content=\"[vc_row][vc_column][vc_column_text] [\/vc_column_text][\/vc_column][\/vc_row][vc_row][vc_column][\/vc_column][\/vc_row][vc_row][vc_column][vc_empty_space][\/vc_column][\/vc_row][vc_row][vc_column][vc_column_text css=&#8221;&#8221;] Nossa Pol\u00edticauestra Pol\u00edtica de Privacidade est\u00e1 elaborada para ser transparente no tratamento da informa\u00e7\u00e3o dos nossos clientes e interessados. Por isso, proporcionamos o seguinte documento onde poder\u00e1...\" \/>\n<meta property=\"og:url\" content=\"https:\/\/mcrtecresa.com\/pt\/politica-de-privacidade\" \/>\n<meta property=\"og:site_name\" content=\"Mcr Tecresa\" \/>\n<meta property=\"article:modified_time\" content=\"2025-09-25T06:50:26+00:00\" \/>\n<meta property=\"og:image\" content=\"https:\/\/mcrtecresa.com\/wp-content\/uploads\/2025\/07\/Logo-Original-1.png\" \/>\n\t<meta property=\"og:image:width\" content=\"195\" \/>\n\t<meta property=\"og:image:height\" content=\"46\" \/>\n\t<meta property=\"og:image:type\" content=\"image\/png\" \/>\n<meta name=\"twitter:card\" content=\"summary_large_image\" \/>\n<meta name=\"twitter:label1\" content=\"Est. reading time\" \/>\n\t<meta name=\"twitter:data1\" content=\"7 minutes\" \/>\n<script type=\"application\/ld+json\" class=\"yoast-schema-graph\">{\"@context\":\"https:\\\/\\\/schema.org\",\"@graph\":[{\"@type\":\"WebPage\",\"@id\":\"https:\\\/\\\/mcrtecresa.com\\\/pt\\\/politica-de-privacidade\",\"url\":\"https:\\\/\\\/mcrtecresa.com\\\/pt\\\/politica-de-privacidade\",\"name\":\"Pol\u00edtica de Privacidade - Mcr Tecresa\",\"isPartOf\":{\"@id\":\"https:\\\/\\\/mcrtecresa.com\\\/#website\"},\"datePublished\":\"2018-05-10T20:08:04+00:00\",\"dateModified\":\"2025-09-25T06:50:26+00:00\",\"breadcrumb\":{\"@id\":\"https:\\\/\\\/mcrtecresa.com\\\/pt\\\/politica-de-privacidade#breadcrumb\"},\"inLanguage\":\"pt\",\"potentialAction\":[{\"@type\":\"ReadAction\",\"target\":[\"https:\\\/\\\/mcrtecresa.com\\\/pt\\\/politica-de-privacidade\"]}]},{\"@type\":\"BreadcrumbList\",\"@id\":\"https:\\\/\\\/mcrtecresa.com\\\/pt\\\/politica-de-privacidade#breadcrumb\",\"itemListElement\":[{\"@type\":\"ListItem\",\"position\":1,\"name\":\"mcr tecresa\u00ae\",\"item\":\"https:\\\/\\\/mcrtecresa.com\\\/pt\"},{\"@type\":\"ListItem\",\"position\":2,\"name\":\"Pol\u00edtica de Privacidade\"}]},{\"@type\":\"WebSite\",\"@id\":\"https:\\\/\\\/mcrtecresa.com\\\/#website\",\"url\":\"https:\\\/\\\/mcrtecresa.com\\\/\",\"name\":\"Mcr Tecresa\",\"description\":\"Empresa l\u00edder en protecci\u00f3n pasiva contra incendios\",\"publisher\":{\"@id\":\"https:\\\/\\\/mcrtecresa.com\\\/#organization\"},\"alternateName\":\"Protecci\u00f3n Pasiva Contra Incendios\",\"potentialAction\":[{\"@type\":\"SearchAction\",\"target\":{\"@type\":\"EntryPoint\",\"urlTemplate\":\"https:\\\/\\\/mcrtecresa.com\\\/?s={search_term_string}\"},\"query-input\":{\"@type\":\"PropertyValueSpecification\",\"valueRequired\":true,\"valueName\":\"search_term_string\"}}],\"inLanguage\":\"pt\"},{\"@type\":\"Organization\",\"@id\":\"https:\\\/\\\/mcrtecresa.com\\\/#organization\",\"name\":\"Mcr Tecresa\",\"url\":\"https:\\\/\\\/mcrtecresa.com\\\/\",\"logo\":{\"@type\":\"ImageObject\",\"inLanguage\":\"pt\",\"@id\":\"https:\\\/\\\/mcrtecresa.com\\\/#\\\/schema\\\/logo\\\/image\\\/\",\"url\":\"https:\\\/\\\/mcrtecresa.com\\\/wp-content\\\/uploads\\\/2025\\\/07\\\/Logo-Original-1.png\",\"contentUrl\":\"https:\\\/\\\/mcrtecresa.com\\\/wp-content\\\/uploads\\\/2025\\\/07\\\/Logo-Original-1.png\",\"width\":195,\"height\":46,\"caption\":\"Mcr Tecresa\"},\"image\":{\"@id\":\"https:\\\/\\\/mcrtecresa.com\\\/#\\\/schema\\\/logo\\\/image\\\/\"},\"sameAs\":[\"https:\\\/\\\/www.linkedin.com\\\/company\\\/mcrtecresa\",\"https:\\\/\\\/www.youtube.com\\\/@Mcrtecresa\"]}]}<\/script>\n<!-- \/ Yoast SEO plugin. -->","yoast_head_json":{"title":"Pol\u00edtica de Privacidade - Mcr Tecresa","robots":{"index":"noindex","follow":"follow"},"og_locale":"pt_PT","og_type":"article","og_title":"Pol\u00edtica de Privacidade - Mcr Tecresa","og_description":"[vc_row][vc_column][vc_column_text] [\/vc_column_text][\/vc_column][\/vc_row][vc_row][vc_column][\/vc_column][\/vc_row][vc_row][vc_column][vc_empty_space][\/vc_column][\/vc_row][vc_row][vc_column][vc_column_text css=&#8221;&#8221;] Nossa Pol\u00edticauestra Pol\u00edtica de Privacidade est\u00e1 elaborada para ser transparente no tratamento da informa\u00e7\u00e3o dos nossos clientes e interessados. Por isso, proporcionamos o seguinte documento onde poder\u00e1...","og_url":"https:\/\/mcrtecresa.com\/pt\/politica-de-privacidade","og_site_name":"Mcr Tecresa","article_modified_time":"2025-09-25T06:50:26+00:00","og_image":[{"width":195,"height":46,"url":"https:\/\/mcrtecresa.com\/wp-content\/uploads\/2025\/07\/Logo-Original-1.png","type":"image\/png"}],"twitter_card":"summary_large_image","twitter_misc":{"Est. reading time":"7 minutes"},"schema":{"@context":"https:\/\/schema.org","@graph":[{"@type":"WebPage","@id":"https:\/\/mcrtecresa.com\/pt\/politica-de-privacidade","url":"https:\/\/mcrtecresa.com\/pt\/politica-de-privacidade","name":"Pol\u00edtica de Privacidade - Mcr Tecresa","isPartOf":{"@id":"https:\/\/mcrtecresa.com\/#website"},"datePublished":"2018-05-10T20:08:04+00:00","dateModified":"2025-09-25T06:50:26+00:00","breadcrumb":{"@id":"https:\/\/mcrtecresa.com\/pt\/politica-de-privacidade#breadcrumb"},"inLanguage":"pt","potentialAction":[{"@type":"ReadAction","target":["https:\/\/mcrtecresa.com\/pt\/politica-de-privacidade"]}]},{"@type":"BreadcrumbList","@id":"https:\/\/mcrtecresa.com\/pt\/politica-de-privacidade#breadcrumb","itemListElement":[{"@type":"ListItem","position":1,"name":"mcr tecresa\u00ae","item":"https:\/\/mcrtecresa.com\/pt"},{"@type":"ListItem","position":2,"name":"Pol\u00edtica de Privacidade"}]},{"@type":"WebSite","@id":"https:\/\/mcrtecresa.com\/#website","url":"https:\/\/mcrtecresa.com\/","name":"Mcr Tecresa","description":"Empresa l\u00edder en protecci\u00f3n pasiva contra incendios","publisher":{"@id":"https:\/\/mcrtecresa.com\/#organization"},"alternateName":"Protecci\u00f3n Pasiva Contra Incendios","potentialAction":[{"@type":"SearchAction","target":{"@type":"EntryPoint","urlTemplate":"https:\/\/mcrtecresa.com\/?s={search_term_string}"},"query-input":{"@type":"PropertyValueSpecification","valueRequired":true,"valueName":"search_term_string"}}],"inLanguage":"pt"},{"@type":"Organization","@id":"https:\/\/mcrtecresa.com\/#organization","name":"Mcr Tecresa","url":"https:\/\/mcrtecresa.com\/","logo":{"@type":"ImageObject","inLanguage":"pt","@id":"https:\/\/mcrtecresa.com\/#\/schema\/logo\/image\/","url":"https:\/\/mcrtecresa.com\/wp-content\/uploads\/2025\/07\/Logo-Original-1.png","contentUrl":"https:\/\/mcrtecresa.com\/wp-content\/uploads\/2025\/07\/Logo-Original-1.png","width":195,"height":46,"caption":"Mcr Tecresa"},"image":{"@id":"https:\/\/mcrtecresa.com\/#\/schema\/logo\/image\/"},"sameAs":["https:\/\/www.linkedin.com\/company\/mcrtecresa","https:\/\/www.youtube.com\/@Mcrtecresa"]}]}},"_links":{"self":[{"href":"https:\/\/mcrtecresa.com\/pt\/wp-json\/wp\/v2\/pages\/55450","targetHints":{"allow":["GET"]}}],"collection":[{"href":"https:\/\/mcrtecresa.com\/pt\/wp-json\/wp\/v2\/pages"}],"about":[{"href":"https:\/\/mcrtecresa.com\/pt\/wp-json\/wp\/v2\/types\/page"}],"author":[{"embeddable":true,"href":"https:\/\/mcrtecresa.com\/pt\/wp-json\/wp\/v2\/users\/2"}],"replies":[{"embeddable":true,"href":"https:\/\/mcrtecresa.com\/pt\/wp-json\/wp\/v2\/comments?post=55450"}],"version-history":[{"count":0,"href":"https:\/\/mcrtecresa.com\/pt\/wp-json\/wp\/v2\/pages\/55450\/revisions"}],"wp:attachment":[{"href":"https:\/\/mcrtecresa.com\/pt\/wp-json\/wp\/v2\/media?parent=55450"}],"curies":[{"name":"wp","href":"https:\/\/api.w.org\/{rel}","templated":true}]}}