{"id":55444,"date":"2018-05-29T16:41:54","date_gmt":"2018-05-29T14:41:54","guid":{"rendered":"https:\/\/mcrtecresa.com\/aviso-legal"},"modified":"2025-09-25T08:46:24","modified_gmt":"2025-09-25T06:46:24","slug":"aviso-legal","status":"publish","type":"page","link":"https:\/\/mcrtecresa.com\/pt\/aviso-legal","title":{"rendered":"Aviso Legal"},"content":{"rendered":"<div class=\"wpb-content-wrapper\"><p>[vc_row][vc_column]<div class=\"mgt-header-block clearfix text-center text-black wpb_content_element  mgt-header-block-style-1 mgt-header-texttransform-header \"><h1 class=\"mgt-header-block-title\">Aviso Legal<\/h1><div class=\"mgt-header-line\"><\/div><\/div>[\/vc_column][\/vc_row][vc_row][vc_column][vc_empty_space][\/vc_column][\/vc_row][vc_row][vc_column][vc_column_text css=&#8221;&#8221;]<\/p>\n<h4 style=\"text-align: justify;\">1.\u00a0\u00a0\u00a0\u00a0\u00a0\u00a0 <strong>Condi\u00e7\u00f5es Gerais de Uso do Site Web<\/strong><\/h4>\n<p style=\"text-align: justify;\">Com car\u00e1cter geral, o Usu\u00e1rio obriga-se a cumprir as presentes condi\u00e7\u00f5es e termos de uso, e obrar sempre conforme \u00e0 lei, aos bons costumes e \u00e0s exig\u00eancias da boa-f\u00e9, usando a dilig\u00eancia adequada \u00e0 natureza do produto e\/ou servi\u00e7o daquele que o disfruta, e abster-se de usar a web site de qualquer forma que possa deter, danificar ou deteriorar o normal funcionamento do mesmo, os bens ou direitos do titular (<strong>mcr tecresa<sup>\u00ae<\/sup><\/strong>), do resto de usu\u00e1rios ou, em geral, de qualquer terceiro.<\/p>\n<p style=\"text-align: justify;\">Em particular, e sem que isto implique restri\u00e7\u00e3o alguma \u00e0 obriga\u00e7\u00e3o assumida pelo Usu\u00e1rio com car\u00e1cter geral de conformidade com o ponto anterior, o Usu\u00e1rio obriga-se na utiliza\u00e7\u00e3o do presente site web a:<\/p>\n<ol>\n<li style=\"text-align: justify;\">Se lhe for fornecido, o usu\u00e1rio deve custodiar adequadamente o \u201cNome de Usu\u00e1rio\u201d e a \u201csenha\u201d que tenha lhe assignado <strong>mcr tecresa<sup>\u00ae<\/sup><\/strong>, como elementos identificadores e habilitadores para o acesso aos diferentes servi\u00e7os oferecidos na web site, comprometendo-se a n\u00e3o ceder o seu uso nem permitir o acesso a terceiros, assumindo a responsabilidade por danos e preju\u00edzos que pudessem decorrer de um uso indevido dos mesmos.<\/li>\n<li style=\"text-align: justify;\">N\u00e3o introduzir, armazenar ou difundir em\/ou desde a Web site, qualquer informa\u00e7\u00e3o ou material que fosse difamat\u00f3rio, injurioso, obsceno, amea\u00e7ador, xen\u00f3fobo, incite \u00e0 viol\u00eancia \u00e0 discrimina\u00e7\u00e3o em raz\u00e3o da ra\u00e7a, sexo, ideologia, religi\u00e3o ou de qualquer outra forma que atente contra a moral, a ordem p\u00fablica, os direitos fundamentais, as libertas p\u00fablicas, a honra, a intimidade ou a imagem de terceiros e, em geral, que vulnere a norma vigente espanhola e do seu pa\u00eds de resid\u00eancia.<\/li>\n<li style=\"text-align: justify;\">N\u00e3o introduzir, armazenar ou difundir atrav\u00e9s da Web Site nenhum programa de computador, dados, v\u00edrus, c\u00f3digos, ou qualquer outro arquivo que seja suscet\u00edvel a causar danos ou qualquer outro tipo de altera\u00e7\u00e3o na Web Site, em qualquer dos nossos servi\u00e7os, ou qualquer dos nossos equipamentos, sistemas ou redes de <strong>mcr tecresa<sup>\u00ae<\/sup><\/strong>, de qualquer Usu\u00e1rio, ou em geral de qualquer terceiro, que possa impedir o funcionamento normal dos mesmos.<\/li>\n<li style=\"text-align: justify;\">N\u00e3o destruir, alterar, utilizar para o seu uso, inutilizar ou danificar os dados, informa\u00e7\u00f5es, programas, documentos eletr\u00f3nicos, ou, em geral, os arquivos, de <strong>mcr tecresa<sup>\u00ae<\/sup><\/strong>, dos Usu\u00e1rios ou de terceiros.<\/li>\n<\/ol>\n<p style=\"text-align: justify;\"><strong>mcr tecresa<sup>\u00ae<\/sup><\/strong> poder\u00e1, em todo momento e sem pr\u00e9vio aviso, modificar as presentes Condi\u00e7\u00f5es Gerais, assim como as Condi\u00e7\u00f5es Particulares que, no seu caso, inclu\u00edam-se, mediante a publica\u00e7\u00e3o dessas altera\u00e7\u00f5es na Web site como o fim de que possam ser conhecidas por todos os usu\u00e1rios.<\/p>\n<h4><strong>2.\u00a0\u00a0\u00a0\u00a0\u00a0\u00a0 <\/strong><strong>Propiedade intelectual e industrial<\/strong><\/h4>\n<p style=\"text-align: justify;\">A estrutura, desenho e forma de apresenta\u00e7\u00e3o dos elementos dispon\u00edveis na presente web (gr\u00e1ficos, imagens, fotografias, amostras e materiais que aparecem, tecnologia industriais, arquivos, logotipos, combina\u00e7\u00f5es de cores e qualquer elemento suscet\u00edvel de prote\u00e7\u00e3o) est\u00e3o protegidos pelos direitos da propriedade intelectual e industrial titularidade de <strong>mcr tecresa<sup>\u00ae<\/sup><\/strong>\u00a0ou sobre os que tem se obtido os direitos do uso correspondentes.<\/p>\n<p style=\"text-align: justify;\">\u00c9 proibido a reprodu\u00e7\u00e3o, transforma\u00e7\u00e3o, distribui\u00e7\u00e3o, comunica\u00e7\u00e3o p\u00fablica, disponibilizar ao p\u00fablico e, em geral, qualquer outra forma de explora\u00e7\u00e3o, parcial ou total dos elementos referidos no ponto anterior. A sua publica\u00e7\u00e3o em outras p\u00e1ginas Web ou em outros m\u00e9dios de comunica\u00e7\u00f5es digitais ou escritos requerem o consentimento expresso do titular da Web, e, de qualquer maneira, dever\u00e3o fazer refer\u00eancia explicita \u00e0 titularidade dos mencionados direitos da propriedade intelectual de <strong>mcr tecresa<sup>\u00ae<\/sup><\/strong>.<\/p>\n<p>Salvo autoriza\u00e7\u00e3o expressa de <strong>mcr tecresa<sup>\u00ae<\/sup><\/strong>, n\u00e3o se permite o enlace de \u201cp\u00e1ginas finais\u201d, o \u201c<em>frame<\/em>\u201d e qualquer outra manipula\u00e7\u00e3o similar. Os enlaces devem ser sempre \u00e0 p\u00e1gina principal ou homepage da Web Site.<\/p>\n<p style=\"text-align: justify;\">No se permite la utilizaci\u00f3n de los signos distintivos (marcas, nombres comerciales), salvo autorizaci\u00f3n expresa de los leg\u00edtimos titulares.<\/p>\n<h4><strong>3.\u00a0\u00a0\u00a0\u00a0\u00a0\u00a0 <\/strong><strong>Exonera\u00e7\u00e3o de responsabilidade<\/strong><\/h4>\n<p><strong>mcr tecresa<sup>\u00ae<\/sup><\/strong> n\u00e3o ser\u00e1 respons\u00e1vel:<\/p>\n<ol>\n<li style=\"text-align: justify;\">De forma geral, respeito ao uso inadequado da Web site. Os usu\u00e1rios dever\u00e3o realizar um uso adequado da mesma, de acordo com as condi\u00e7\u00f5es e termos anteriores, sem que nenhuma responsabilidade possa cair no titular pela utiliza\u00e7\u00e3o indevida<\/li>\n<li style=\"text-align: justify;\">Ao respeito de poss\u00edveis defici\u00eancias t\u00e9cnicas. <strong>mcr tecresa<sup>\u00ae<\/sup><\/strong>\u00a0n\u00e3o ser\u00e1 respons\u00e1vel em caso algum das altera\u00e7\u00f5es no servi\u00e7o que se ocasionem por falhas na rede el\u00e9trica, na rede de conex\u00f5es de dados, no servidor ou em qualquer presta\u00e7\u00e3o.<\/li>\n<li style=\"text-align: justify;\">Respeito ao acesso por terceiros ao sistema. <strong>mcr tecresa<sup>\u00ae<\/sup><\/strong>\u00a0adotar\u00e1 as cautelas t\u00e9cnicas necess\u00e1rias afim de proteger os dados e a informa\u00e7\u00e3o que acedemos, sem que seja respons\u00e1vel de atua\u00e7\u00f5es de terceiros que, vulnerando as medidas de prote\u00e7\u00e3o estabelecidas, acessem aos mencionados dados.<\/li>\n<li style=\"text-align: justify;\"><strong>mcr tecresa<sup>\u00ae<\/sup><\/strong> investe constantemente nos m\u00e9dios tecnol\u00f3gicos que tentam minimizar o risco de v\u00edrus e <em>software<\/em> similares, e conte\u00fados n\u00e3o autorizados em seus sistemas de informa\u00e7\u00e3o. Mesmo assim, o Usu\u00e1rio \u00e9 consciente de que deve contribuir com a suas pr\u00f3prias medidas orientadas a minimizar os estragos ocasionados pelo <em>software<\/em> n\u00e3o autorizado, v\u00edrus, troianos e qualquer tipo do <em>Software<\/em> denominado <em>malware<\/em>, exonerando a <strong>mcr tecresa<sup>\u00ae<\/sup><\/strong>\u00a0de toda responsabilidade que pudesse se derivar da conten\u00e7\u00e3o de <em>malware<\/em> nos arquivos habilitados na presente Web.<\/li>\n<\/ol>\n<h4><strong>\u00a0<\/strong><strong>4.\u00a0\u00a0\u00a0\u00a0\u00a0\u00a0 <\/strong><strong>Prote\u00e7\u00e3o de Dados<\/strong><\/h4>\n<p style=\"text-align: justify;\"><strong>mcr tecresa<sup>\u00ae<\/sup><\/strong> respeitar\u00e1, em todo momento, tanto a conformidade ao Regulamento Geral de Prote\u00e7\u00e3o de Dados 2016\/679 (conhecido como \u201cRGPD\u201d) em 25 de maio de 2016, quanto o previsto nas outras normativas vigentes em mat\u00e9ria de prote\u00e7\u00e3o de dados de car\u00e1cter pessoal, e aplicar\u00e1 as medidas de car\u00e1cter t\u00e9cnico e organizativo que sejam necess\u00e1rias, afim de dotar um n\u00edvel correspondente \u00e0 prote\u00e7\u00e3o dos arquivos que contenham dados facilitados pelos usu\u00e1rios atrav\u00e9s da presente WEB.<\/p>\n<p style=\"text-align: justify;\"><strong>mcr tecresa<sup>\u00ae<\/sup><\/strong> informa que, para o acesso por parte do Usu\u00e1rio em alguma parte dos conte\u00fados ou servi\u00e7os ofertados na presente WEB, pode ser necess\u00e1rio o pr\u00e9vio preenchimento de formul\u00e1rios de alta, ou similar, nos que se solicite ao usu\u00e1rio a introdu\u00e7\u00e3o de dados de car\u00e1cter pessoal, para o qual dever\u00e1 aceitar nossa POL\u00cdTICA DE PRIVACIDADE. Ali\u00e1s, \u00e9 poss\u00edvel que <strong>mcr tecresa<sup>\u00ae<\/sup><\/strong>\u00a0ative programas \u201ccookies\u201d.<\/p>\n<p style=\"text-align: justify;\">Em algumas ocasi\u00f5es, o usu\u00e1rio poder\u00e1 facilitar seus dados atrav\u00e9s de formul\u00e1rios, bem de forma volunt\u00e1ria, ou bem a pedido de <strong>mcr tecresa<sup>\u00ae<\/sup><\/strong>, com o objetivo de realizar consultas, solicitar informa\u00e7\u00e3o, contratar os produtos, servi\u00e7os e\/ou atividades oferecidas atrav\u00e9s da presente WEB para aqueles que pudessem estar interessados e\/ou candidatar-se para trabalhar na nossa companhia (formul\u00e1rio \u201ctrabalhar connosco\u201d).<\/p>\n<p style=\"text-align: justify;\">Quando o Usu\u00e1rio facilite seus dados atrav\u00e9s de algum dos formul\u00e1rios da presente WEB, o usu\u00e1rio dever\u00e1 dar conformidade \u00e0 POL\u00cdTICA DE PRIVACIDADE para autorizar a <strong>mcr tecresa<sup>\u00ae<\/sup><\/strong>\u00a0a tratar seus dados, de conformidade com a finalidade da recolhida.<\/p>\n<p style=\"text-align: justify;\">Os dados facilitados formar\u00e3o parte de um arquivo, que <strong>mcr tecresa<sup>\u00ae<\/sup><\/strong>\u00a0possui com um sistema de Gest\u00e3o de prote\u00e7\u00e3o da informa\u00e7\u00e3o que preservar\u00e1 a informa\u00e7\u00e3o fornecida registada no mesmo.<\/p>\n<p style=\"text-align: justify;\"><strong>mcr tecresa<sup>\u00ae<\/sup><\/strong> s\u00f3 poder\u00e1 ceder os dados se previamente tem obtido o consentimento do usu\u00e1rio para isso.<\/p>\n<p>O usu\u00e1rio ser\u00e1 o \u00fanico respons\u00e1vel, em caso de preencher os formul\u00e1rios com dados falsos, inexatos, incompletos ou n\u00e3o atualizados. Todos os dados facilitados pelo usu\u00e1rio ser\u00e3o tratados de forma confidencial.<\/p>\n<h4 style=\"text-align: justify;\"><strong>\u00a0<\/strong><strong>5.\u00a0\u00a0\u00a0\u00a0\u00a0\u00a0 <\/strong><strong>Dados identificativos da Web Site<\/strong><\/h4>\n<p style=\"text-align: justify;\"><strong>MCR TECRESA, S.L.<\/strong> CIF (European VAT Number): ESB21820071<br \/>\nPode contatar connosco atrav\u00e9s dos seguintes m\u00e9dios:<\/p>\n<p style=\"text-align: justify;\"><strong>Correio postal no seguinte ender\u00e7o:<\/strong><br \/>\nMCR TECRESA, S.L<br \/>\nParque Legan\u00e9s Tecnol\u00f3gico, C\/ Margarita Salas, 26<br \/>\n28919 Legan\u00e9s, MADRID.<br \/>\n<strong>Atrav\u00e9s de correio electr\u00f3nico:<\/strong><br \/>\n<a href=\"mailto:info@mcrtecresa.com\">info@mcrtecresa.com<\/a><br \/>\n<strong>Mediante telefone:<\/strong><br \/>\n(+34) 91 428 22 60<\/p>\n<p style=\"text-align: justify;\">Adicionalmente, poder\u00e1 aceder agora ou no futuro a nossos servi\u00e7os atrav\u00e9s dos seguintes dom\u00ednios, sobre os que se aplicam as mesmas pol\u00edticas de utiliza\u00e7\u00e3o e confidencialidade:<\/p>\n<ol>\n<li style=\"list-style-type: none;\">\n<ol>\n<li style=\"text-align: justify;\"><a href=\"https:\/\/mcrtecresa.com\/pt\">www.mcrtecresa.com<\/a><\/li>\n<\/ol>\n<\/li>\n<\/ol>\n<p>[\/vc_column_text][\/vc_column][\/vc_row]<\/p>\n<\/div>","protected":false},"excerpt":{"rendered":"<p>[vc_row][vc_column][\/vc_column][\/vc_row][vc_row][vc_column][vc_empty_space][\/vc_column][\/vc_row][vc_row][vc_column][vc_column_text css=&#8221;&#8221;] 1.\u00a0\u00a0\u00a0\u00a0\u00a0\u00a0 Condi\u00e7\u00f5es Gerais de Uso do Site Web Com car\u00e1cter geral, o Usu\u00e1rio obriga-se a cumprir as presentes condi\u00e7\u00f5es e termos de uso, e obrar sempre conforme \u00e0&#8230;<\/p>\n","protected":false},"author":2,"featured_media":0,"parent":0,"menu_order":0,"comment_status":"closed","ping_status":"closed","template":"","meta":{"footnotes":""},"class_list":["post-55444","page","type-page","status-publish","hentry"],"yoast_head":"<!-- This site is optimized with the Yoast SEO plugin v27.4 - https:\/\/yoast.com\/product\/yoast-seo-wordpress\/ -->\n<title>Aviso Legal - Mcr Tecresa<\/title>\n<meta name=\"robots\" content=\"noindex, nofollow\" \/>\n<meta property=\"og:locale\" content=\"pt_PT\" \/>\n<meta property=\"og:type\" content=\"article\" \/>\n<meta property=\"og:title\" content=\"Aviso Legal - Mcr Tecresa\" \/>\n<meta property=\"og:description\" content=\"[vc_row][vc_column][\/vc_column][\/vc_row][vc_row][vc_column][vc_empty_space][\/vc_column][\/vc_row][vc_row][vc_column][vc_column_text css=&#8221;&#8221;] 1.\u00a0\u00a0\u00a0\u00a0\u00a0\u00a0 Condi\u00e7\u00f5es Gerais de Uso do Site Web Com car\u00e1cter geral, o Usu\u00e1rio obriga-se a cumprir as presentes condi\u00e7\u00f5es e termos de uso, e obrar sempre conforme \u00e0...\" \/>\n<meta property=\"og:url\" content=\"https:\/\/mcrtecresa.com\/pt\/aviso-legal\" \/>\n<meta property=\"og:site_name\" content=\"Mcr Tecresa\" \/>\n<meta property=\"article:modified_time\" content=\"2025-09-25T06:46:24+00:00\" \/>\n<meta property=\"og:image\" content=\"https:\/\/mcrtecresa.com\/wp-content\/uploads\/2025\/07\/Logo-Original-1.png\" \/>\n\t<meta property=\"og:image:width\" content=\"195\" \/>\n\t<meta property=\"og:image:height\" content=\"46\" \/>\n\t<meta property=\"og:image:type\" content=\"image\/png\" \/>\n<meta name=\"twitter:card\" content=\"summary_large_image\" \/>\n<meta name=\"twitter:label1\" content=\"Est. reading time\" \/>\n\t<meta name=\"twitter:data1\" content=\"6 minutes\" \/>\n<script type=\"application\/ld+json\" class=\"yoast-schema-graph\">{\"@context\":\"https:\\\/\\\/schema.org\",\"@graph\":[{\"@type\":\"WebPage\",\"@id\":\"https:\\\/\\\/mcrtecresa.com\\\/pt\\\/aviso-legal\",\"url\":\"https:\\\/\\\/mcrtecresa.com\\\/pt\\\/aviso-legal\",\"name\":\"Aviso Legal - Mcr Tecresa\",\"isPartOf\":{\"@id\":\"https:\\\/\\\/mcrtecresa.com\\\/#website\"},\"datePublished\":\"2018-05-29T14:41:54+00:00\",\"dateModified\":\"2025-09-25T06:46:24+00:00\",\"breadcrumb\":{\"@id\":\"https:\\\/\\\/mcrtecresa.com\\\/pt\\\/aviso-legal#breadcrumb\"},\"inLanguage\":\"pt\",\"potentialAction\":[{\"@type\":\"ReadAction\",\"target\":[\"https:\\\/\\\/mcrtecresa.com\\\/pt\\\/aviso-legal\"]}]},{\"@type\":\"BreadcrumbList\",\"@id\":\"https:\\\/\\\/mcrtecresa.com\\\/pt\\\/aviso-legal#breadcrumb\",\"itemListElement\":[{\"@type\":\"ListItem\",\"position\":1,\"name\":\"mcr tecresa\u00ae\",\"item\":\"https:\\\/\\\/mcrtecresa.com\\\/pt\"},{\"@type\":\"ListItem\",\"position\":2,\"name\":\"Aviso Legal\"}]},{\"@type\":\"WebSite\",\"@id\":\"https:\\\/\\\/mcrtecresa.com\\\/#website\",\"url\":\"https:\\\/\\\/mcrtecresa.com\\\/\",\"name\":\"Mcr Tecresa\",\"description\":\"Empresa l\u00edder en protecci\u00f3n pasiva contra incendios\",\"publisher\":{\"@id\":\"https:\\\/\\\/mcrtecresa.com\\\/#organization\"},\"alternateName\":\"Protecci\u00f3n Pasiva Contra Incendios\",\"potentialAction\":[{\"@type\":\"SearchAction\",\"target\":{\"@type\":\"EntryPoint\",\"urlTemplate\":\"https:\\\/\\\/mcrtecresa.com\\\/?s={search_term_string}\"},\"query-input\":{\"@type\":\"PropertyValueSpecification\",\"valueRequired\":true,\"valueName\":\"search_term_string\"}}],\"inLanguage\":\"pt\"},{\"@type\":\"Organization\",\"@id\":\"https:\\\/\\\/mcrtecresa.com\\\/#organization\",\"name\":\"Mcr Tecresa\",\"url\":\"https:\\\/\\\/mcrtecresa.com\\\/\",\"logo\":{\"@type\":\"ImageObject\",\"inLanguage\":\"pt\",\"@id\":\"https:\\\/\\\/mcrtecresa.com\\\/#\\\/schema\\\/logo\\\/image\\\/\",\"url\":\"https:\\\/\\\/mcrtecresa.com\\\/wp-content\\\/uploads\\\/2025\\\/07\\\/Logo-Original-1.png\",\"contentUrl\":\"https:\\\/\\\/mcrtecresa.com\\\/wp-content\\\/uploads\\\/2025\\\/07\\\/Logo-Original-1.png\",\"width\":195,\"height\":46,\"caption\":\"Mcr Tecresa\"},\"image\":{\"@id\":\"https:\\\/\\\/mcrtecresa.com\\\/#\\\/schema\\\/logo\\\/image\\\/\"},\"sameAs\":[\"https:\\\/\\\/www.linkedin.com\\\/company\\\/mcrtecresa\",\"https:\\\/\\\/www.youtube.com\\\/@Mcrtecresa\"]}]}<\/script>\n<!-- \/ Yoast SEO plugin. -->","yoast_head_json":{"title":"Aviso Legal - Mcr Tecresa","robots":{"index":"noindex","follow":"nofollow"},"og_locale":"pt_PT","og_type":"article","og_title":"Aviso Legal - Mcr Tecresa","og_description":"[vc_row][vc_column][\/vc_column][\/vc_row][vc_row][vc_column][vc_empty_space][\/vc_column][\/vc_row][vc_row][vc_column][vc_column_text css=&#8221;&#8221;] 1.\u00a0\u00a0\u00a0\u00a0\u00a0\u00a0 Condi\u00e7\u00f5es Gerais de Uso do Site Web Com car\u00e1cter geral, o Usu\u00e1rio obriga-se a cumprir as presentes condi\u00e7\u00f5es e termos de uso, e obrar sempre conforme \u00e0...","og_url":"https:\/\/mcrtecresa.com\/pt\/aviso-legal","og_site_name":"Mcr Tecresa","article_modified_time":"2025-09-25T06:46:24+00:00","og_image":[{"width":195,"height":46,"url":"https:\/\/mcrtecresa.com\/wp-content\/uploads\/2025\/07\/Logo-Original-1.png","type":"image\/png"}],"twitter_card":"summary_large_image","twitter_misc":{"Est. reading time":"6 minutes"},"schema":{"@context":"https:\/\/schema.org","@graph":[{"@type":"WebPage","@id":"https:\/\/mcrtecresa.com\/pt\/aviso-legal","url":"https:\/\/mcrtecresa.com\/pt\/aviso-legal","name":"Aviso Legal - Mcr Tecresa","isPartOf":{"@id":"https:\/\/mcrtecresa.com\/#website"},"datePublished":"2018-05-29T14:41:54+00:00","dateModified":"2025-09-25T06:46:24+00:00","breadcrumb":{"@id":"https:\/\/mcrtecresa.com\/pt\/aviso-legal#breadcrumb"},"inLanguage":"pt","potentialAction":[{"@type":"ReadAction","target":["https:\/\/mcrtecresa.com\/pt\/aviso-legal"]}]},{"@type":"BreadcrumbList","@id":"https:\/\/mcrtecresa.com\/pt\/aviso-legal#breadcrumb","itemListElement":[{"@type":"ListItem","position":1,"name":"mcr tecresa\u00ae","item":"https:\/\/mcrtecresa.com\/pt"},{"@type":"ListItem","position":2,"name":"Aviso Legal"}]},{"@type":"WebSite","@id":"https:\/\/mcrtecresa.com\/#website","url":"https:\/\/mcrtecresa.com\/","name":"Mcr Tecresa","description":"Empresa l\u00edder en protecci\u00f3n pasiva contra incendios","publisher":{"@id":"https:\/\/mcrtecresa.com\/#organization"},"alternateName":"Protecci\u00f3n Pasiva Contra Incendios","potentialAction":[{"@type":"SearchAction","target":{"@type":"EntryPoint","urlTemplate":"https:\/\/mcrtecresa.com\/?s={search_term_string}"},"query-input":{"@type":"PropertyValueSpecification","valueRequired":true,"valueName":"search_term_string"}}],"inLanguage":"pt"},{"@type":"Organization","@id":"https:\/\/mcrtecresa.com\/#organization","name":"Mcr Tecresa","url":"https:\/\/mcrtecresa.com\/","logo":{"@type":"ImageObject","inLanguage":"pt","@id":"https:\/\/mcrtecresa.com\/#\/schema\/logo\/image\/","url":"https:\/\/mcrtecresa.com\/wp-content\/uploads\/2025\/07\/Logo-Original-1.png","contentUrl":"https:\/\/mcrtecresa.com\/wp-content\/uploads\/2025\/07\/Logo-Original-1.png","width":195,"height":46,"caption":"Mcr Tecresa"},"image":{"@id":"https:\/\/mcrtecresa.com\/#\/schema\/logo\/image\/"},"sameAs":["https:\/\/www.linkedin.com\/company\/mcrtecresa","https:\/\/www.youtube.com\/@Mcrtecresa"]}]}},"_links":{"self":[{"href":"https:\/\/mcrtecresa.com\/pt\/wp-json\/wp\/v2\/pages\/55444","targetHints":{"allow":["GET"]}}],"collection":[{"href":"https:\/\/mcrtecresa.com\/pt\/wp-json\/wp\/v2\/pages"}],"about":[{"href":"https:\/\/mcrtecresa.com\/pt\/wp-json\/wp\/v2\/types\/page"}],"author":[{"embeddable":true,"href":"https:\/\/mcrtecresa.com\/pt\/wp-json\/wp\/v2\/users\/2"}],"replies":[{"embeddable":true,"href":"https:\/\/mcrtecresa.com\/pt\/wp-json\/wp\/v2\/comments?post=55444"}],"version-history":[{"count":0,"href":"https:\/\/mcrtecresa.com\/pt\/wp-json\/wp\/v2\/pages\/55444\/revisions"}],"wp:attachment":[{"href":"https:\/\/mcrtecresa.com\/pt\/wp-json\/wp\/v2\/media?parent=55444"}],"curies":[{"name":"wp","href":"https:\/\/api.w.org\/{rel}","templated":true}]}}