{"id":53141,"date":"2018-04-05T15:10:03","date_gmt":"2018-04-05T13:10:03","guid":{"rendered":"https:\/\/mcrtecresa.com\/compromisos"},"modified":"2025-09-25T08:42:48","modified_gmt":"2025-09-25T06:42:48","slug":"compromissos","status":"publish","type":"page","link":"https:\/\/mcrtecresa.com\/pt\/compromissos","title":{"rendered":"Compromissos"},"content":{"rendered":"<div class=\"wpb-content-wrapper\"><p>[vc_row][vc_column][vc_column_text]<code class=\"html hljs xml\"><span><span><a href=\"https:\/\/mcrtecresa.com\/pt\">mcr tecresa\u00ae<\/a><\/span><\/span><\/code>[\/vc_column_text][\/vc_column][\/vc_row][vc_row][vc_column]<div class=\"mgt-header-block clearfix text-left text-black wpb_content_element  mgt-header-block-style-1 mgt-header-texttransform-header \"><h2 class=\"mgt-header-block-title\">QUALIDADE, M\u00c9DIO AMBIENTE E PREVEN\u00c7\u00c3O DE RISCOS LABORAIS<\/h2><div class=\"mgt-header-line\"><\/div><\/div>[\/vc_column][\/vc_row][vc_row][vc_column][vc_column_text css=&#8221;&#8221;]<\/p>\n<p class=\"text-justify\" style=\"text-align: justify;\"><b>mcr tecresa<sup>\u00ae<\/sup><\/b>, para as atividades que realiza, estabelece um Sistema de Gest\u00e3o integrado baseado nas normas <strong>UNE EN-ISO 9001;<\/strong>\u00a0<strong>UNE EN-ISO 14001 e ISO 45001:2023.<\/strong><\/p>\n<p style=\"text-align: justify;\">Contamos com uma pol\u00edtica apropriada ao nosso contexto, impactos ambientais e direcionamento estrat\u00e9gico, estabelecendo um padr\u00e3o para garantir o estabelecimento e revis\u00e3o dos objetivos de qualidade, gest\u00e3o ambiental e preven\u00e7\u00e3o de riscos no trabalho.<\/p>\n<p class=\"text-justify\" style=\"text-align: justify;\">A Sede Geral de <b>mcr tecresa<sup>\u00ae<\/sup><\/b>, estabelece que esta pol\u00edtica seja conhecida por todo o pessoal da organiza\u00e7\u00e3o, al\u00e9m dos fornecedores e colaboradores, sempre pudendo ser consultada se for preciso por qualquer pessoa n\u00e3o necessariamente vinculada \u00e0 empresa.<\/p>\n<p>[\/vc_column_text][\/vc_column][\/vc_row][vc_row][vc_column]<div class=\"mgt-header-block clearfix text-left text-black wpb_content_element  mgt-header-block-style-1 mgt-header-texttransform-header \"><h1 class=\"mgt-header-block-title\">C\u00f3digo \u00c9tico<\/h1><div class=\"mgt-header-line\"><\/div><\/div>[\/vc_column][\/vc_row][vc_row equal_height=&#8221;yes&#8221;][vc_column width=&#8221;2\/3&#8243;][vc_column_text css=&#8221;&#8221;]<\/p>\n<p style=\"text-align: justify;\">O C\u00f3digo \u00c9tico de <strong>mcr tecresa<sup>\u00ae<\/sup><\/strong>\u00a0tem como finalidade estabelecer as pautas que devem reger o comportamento \u00e9tico de todos os seus administradores e empregados na execu\u00e7\u00e3o di\u00e1ria, ao respeito das rela\u00e7\u00f5es e intera\u00e7\u00f5es que mantem com os grupos de interesse (empregados, clientes, fornecedores e colaboradores externos, acionistas, institui\u00e7\u00f5es p\u00fablicas e privadas e a sociedade em geral).<\/p>\n<p style=\"text-align: justify;\">Estas pautas t\u00eam se elaborado na base dos \u201cPrinc\u00edpios Corporativos \u201cdo Grupo Mercor cujo controle de cumprimentos \u00e9 realizado pelo Conselho de Administra\u00e7\u00e3o.<\/p>\n<p class=\"text-justify\" style=\"text-align: justify;\">Se for funcion\u00e1rio, fornecedor ou colaborador do grupo e deseja nos comunicar alguma atua\u00e7\u00e3o que pudesse colocar em perigo a imagem da empresa ou que possa supor a viola\u00e7\u00e3o de algum dos princ\u00edpios reunidos no C\u00f3digo \u00c9tico, por favor, fale connosco enviando um correio para nosso Gestor \u00c9tico quem ir\u00e1 gerenciar a sua comunica\u00e7\u00e3o.<\/p>\n<p>[\/vc_column_text][\/vc_column][vc_column width=&#8221;1\/3&#8243;][vc_single_image image=&#8221;53142&#8243; img_size=&#8221;full&#8221; alignment=&#8221;center&#8221;][\/vc_column][\/vc_row][vc_row][vc_column]<div class=\"mgt-cta-block clearfix black-text with-text wpb_content_element\" data-style=\"background-color: #ededed;\"><h5 class=\"mgt-cta-block-header\"><\/h5><div class=\"mgt-cta-block-content\"><\/p>\n<p style=\"text-align: center\"><i class=\"icon-envelope\"><\/i>E-mail \u00c9tico: <a title=\"pulsa para contactar con nuestro buz\u00f3n de c\u00f3digo \u00e9tico\" href=\"mailto:buzonetico@mcrtecresa.com\">buzonetico@mcrtecresa.com<\/a><\/p>\n<p><\/div><\/div>[\/vc_column][\/vc_row]<\/p>\n<\/div>","protected":false},"excerpt":{"rendered":"<p>[vc_row][vc_column][vc_column_text][\/vc_column_text][\/vc_column][\/vc_row][vc_row][vc_column][\/vc_column][\/vc_row][vc_row][vc_column][vc_column_text css=&#8221;&#8221;] mcr tecresa\u00ae, para as atividades que realiza, estabelece um Sistema de Gest\u00e3o integrado baseado nas normas UNE EN-ISO 9001;\u00a0UNE EN-ISO 14001 e ISO 45001:2023. Contamos com uma pol\u00edtica&#8230;<\/p>\n","protected":false},"author":2,"featured_media":0,"parent":0,"menu_order":0,"comment_status":"closed","ping_status":"closed","template":"","meta":{"footnotes":""},"class_list":["post-53141","page","type-page","status-publish","hentry"],"yoast_head":"<!-- This site is optimized with the Yoast SEO plugin v27.4 - https:\/\/yoast.com\/product\/yoast-seo-wordpress\/ -->\n<title>Compromissos - Mcr Tecresa<\/title>\n<meta name=\"robots\" content=\"noindex, follow\" \/>\n<meta property=\"og:locale\" content=\"pt_PT\" \/>\n<meta property=\"og:type\" content=\"article\" \/>\n<meta property=\"og:title\" content=\"Compromissos - Mcr Tecresa\" \/>\n<meta property=\"og:description\" content=\"[vc_row][vc_column][vc_column_text][\/vc_column_text][\/vc_column][\/vc_row][vc_row][vc_column][\/vc_column][\/vc_row][vc_row][vc_column][vc_column_text css=&#8221;&#8221;] mcr tecresa\u00ae, para as atividades que realiza, estabelece um Sistema de Gest\u00e3o integrado baseado nas normas UNE EN-ISO 9001;\u00a0UNE EN-ISO 14001 e ISO 45001:2023. Contamos com uma pol\u00edtica...\" \/>\n<meta property=\"og:url\" content=\"https:\/\/mcrtecresa.com\/pt\/compromissos\" \/>\n<meta property=\"og:site_name\" content=\"Mcr Tecresa\" \/>\n<meta property=\"article:modified_time\" content=\"2025-09-25T06:42:48+00:00\" \/>\n<meta property=\"og:image\" content=\"https:\/\/mcrtecresa.com\/wp-content\/uploads\/2025\/07\/Logo-Original-1.png\" \/>\n\t<meta property=\"og:image:width\" content=\"195\" \/>\n\t<meta property=\"og:image:height\" content=\"46\" \/>\n\t<meta property=\"og:image:type\" content=\"image\/png\" \/>\n<meta name=\"twitter:card\" content=\"summary_large_image\" \/>\n<meta name=\"twitter:label1\" content=\"Est. reading time\" \/>\n\t<meta name=\"twitter:data1\" content=\"2 minutes\" \/>\n<script type=\"application\/ld+json\" class=\"yoast-schema-graph\">{\"@context\":\"https:\\\/\\\/schema.org\",\"@graph\":[{\"@type\":\"WebPage\",\"@id\":\"https:\\\/\\\/mcrtecresa.com\\\/pt\\\/compromissos\",\"url\":\"https:\\\/\\\/mcrtecresa.com\\\/pt\\\/compromissos\",\"name\":\"Compromissos - Mcr Tecresa\",\"isPartOf\":{\"@id\":\"https:\\\/\\\/mcrtecresa.com\\\/#website\"},\"datePublished\":\"2018-04-05T13:10:03+00:00\",\"dateModified\":\"2025-09-25T06:42:48+00:00\",\"breadcrumb\":{\"@id\":\"https:\\\/\\\/mcrtecresa.com\\\/pt\\\/compromissos#breadcrumb\"},\"inLanguage\":\"pt\",\"potentialAction\":[{\"@type\":\"ReadAction\",\"target\":[\"https:\\\/\\\/mcrtecresa.com\\\/pt\\\/compromissos\"]}]},{\"@type\":\"BreadcrumbList\",\"@id\":\"https:\\\/\\\/mcrtecresa.com\\\/pt\\\/compromissos#breadcrumb\",\"itemListElement\":[{\"@type\":\"ListItem\",\"position\":1,\"name\":\"mcr tecresa\u00ae\",\"item\":\"https:\\\/\\\/mcrtecresa.com\\\/pt\"},{\"@type\":\"ListItem\",\"position\":2,\"name\":\"Compromissos\"}]},{\"@type\":\"WebSite\",\"@id\":\"https:\\\/\\\/mcrtecresa.com\\\/#website\",\"url\":\"https:\\\/\\\/mcrtecresa.com\\\/\",\"name\":\"Mcr Tecresa\",\"description\":\"Empresa l\u00edder en protecci\u00f3n pasiva contra incendios\",\"publisher\":{\"@id\":\"https:\\\/\\\/mcrtecresa.com\\\/#organization\"},\"alternateName\":\"Protecci\u00f3n Pasiva Contra Incendios\",\"potentialAction\":[{\"@type\":\"SearchAction\",\"target\":{\"@type\":\"EntryPoint\",\"urlTemplate\":\"https:\\\/\\\/mcrtecresa.com\\\/?s={search_term_string}\"},\"query-input\":{\"@type\":\"PropertyValueSpecification\",\"valueRequired\":true,\"valueName\":\"search_term_string\"}}],\"inLanguage\":\"pt\"},{\"@type\":\"Organization\",\"@id\":\"https:\\\/\\\/mcrtecresa.com\\\/#organization\",\"name\":\"Mcr Tecresa\",\"url\":\"https:\\\/\\\/mcrtecresa.com\\\/\",\"logo\":{\"@type\":\"ImageObject\",\"inLanguage\":\"pt\",\"@id\":\"https:\\\/\\\/mcrtecresa.com\\\/#\\\/schema\\\/logo\\\/image\\\/\",\"url\":\"https:\\\/\\\/mcrtecresa.com\\\/wp-content\\\/uploads\\\/2025\\\/07\\\/Logo-Original-1.png\",\"contentUrl\":\"https:\\\/\\\/mcrtecresa.com\\\/wp-content\\\/uploads\\\/2025\\\/07\\\/Logo-Original-1.png\",\"width\":195,\"height\":46,\"caption\":\"Mcr Tecresa\"},\"image\":{\"@id\":\"https:\\\/\\\/mcrtecresa.com\\\/#\\\/schema\\\/logo\\\/image\\\/\"},\"sameAs\":[\"https:\\\/\\\/www.linkedin.com\\\/company\\\/mcrtecresa\",\"https:\\\/\\\/www.youtube.com\\\/@Mcrtecresa\"]}]}<\/script>\n<!-- \/ Yoast SEO plugin. -->","yoast_head_json":{"title":"Compromissos - Mcr Tecresa","robots":{"index":"noindex","follow":"follow"},"og_locale":"pt_PT","og_type":"article","og_title":"Compromissos - Mcr Tecresa","og_description":"[vc_row][vc_column][vc_column_text][\/vc_column_text][\/vc_column][\/vc_row][vc_row][vc_column][\/vc_column][\/vc_row][vc_row][vc_column][vc_column_text css=&#8221;&#8221;] mcr tecresa\u00ae, para as atividades que realiza, estabelece um Sistema de Gest\u00e3o integrado baseado nas normas UNE EN-ISO 9001;\u00a0UNE EN-ISO 14001 e ISO 45001:2023. Contamos com uma pol\u00edtica...","og_url":"https:\/\/mcrtecresa.com\/pt\/compromissos","og_site_name":"Mcr Tecresa","article_modified_time":"2025-09-25T06:42:48+00:00","og_image":[{"width":195,"height":46,"url":"https:\/\/mcrtecresa.com\/wp-content\/uploads\/2025\/07\/Logo-Original-1.png","type":"image\/png"}],"twitter_card":"summary_large_image","twitter_misc":{"Est. reading time":"2 minutes"},"schema":{"@context":"https:\/\/schema.org","@graph":[{"@type":"WebPage","@id":"https:\/\/mcrtecresa.com\/pt\/compromissos","url":"https:\/\/mcrtecresa.com\/pt\/compromissos","name":"Compromissos - Mcr Tecresa","isPartOf":{"@id":"https:\/\/mcrtecresa.com\/#website"},"datePublished":"2018-04-05T13:10:03+00:00","dateModified":"2025-09-25T06:42:48+00:00","breadcrumb":{"@id":"https:\/\/mcrtecresa.com\/pt\/compromissos#breadcrumb"},"inLanguage":"pt","potentialAction":[{"@type":"ReadAction","target":["https:\/\/mcrtecresa.com\/pt\/compromissos"]}]},{"@type":"BreadcrumbList","@id":"https:\/\/mcrtecresa.com\/pt\/compromissos#breadcrumb","itemListElement":[{"@type":"ListItem","position":1,"name":"mcr tecresa\u00ae","item":"https:\/\/mcrtecresa.com\/pt"},{"@type":"ListItem","position":2,"name":"Compromissos"}]},{"@type":"WebSite","@id":"https:\/\/mcrtecresa.com\/#website","url":"https:\/\/mcrtecresa.com\/","name":"Mcr Tecresa","description":"Empresa l\u00edder en protecci\u00f3n pasiva contra incendios","publisher":{"@id":"https:\/\/mcrtecresa.com\/#organization"},"alternateName":"Protecci\u00f3n Pasiva Contra Incendios","potentialAction":[{"@type":"SearchAction","target":{"@type":"EntryPoint","urlTemplate":"https:\/\/mcrtecresa.com\/?s={search_term_string}"},"query-input":{"@type":"PropertyValueSpecification","valueRequired":true,"valueName":"search_term_string"}}],"inLanguage":"pt"},{"@type":"Organization","@id":"https:\/\/mcrtecresa.com\/#organization","name":"Mcr Tecresa","url":"https:\/\/mcrtecresa.com\/","logo":{"@type":"ImageObject","inLanguage":"pt","@id":"https:\/\/mcrtecresa.com\/#\/schema\/logo\/image\/","url":"https:\/\/mcrtecresa.com\/wp-content\/uploads\/2025\/07\/Logo-Original-1.png","contentUrl":"https:\/\/mcrtecresa.com\/wp-content\/uploads\/2025\/07\/Logo-Original-1.png","width":195,"height":46,"caption":"Mcr Tecresa"},"image":{"@id":"https:\/\/mcrtecresa.com\/#\/schema\/logo\/image\/"},"sameAs":["https:\/\/www.linkedin.com\/company\/mcrtecresa","https:\/\/www.youtube.com\/@Mcrtecresa"]}]}},"_links":{"self":[{"href":"https:\/\/mcrtecresa.com\/pt\/wp-json\/wp\/v2\/pages\/53141","targetHints":{"allow":["GET"]}}],"collection":[{"href":"https:\/\/mcrtecresa.com\/pt\/wp-json\/wp\/v2\/pages"}],"about":[{"href":"https:\/\/mcrtecresa.com\/pt\/wp-json\/wp\/v2\/types\/page"}],"author":[{"embeddable":true,"href":"https:\/\/mcrtecresa.com\/pt\/wp-json\/wp\/v2\/users\/2"}],"replies":[{"embeddable":true,"href":"https:\/\/mcrtecresa.com\/pt\/wp-json\/wp\/v2\/comments?post=53141"}],"version-history":[{"count":0,"href":"https:\/\/mcrtecresa.com\/pt\/wp-json\/wp\/v2\/pages\/53141\/revisions"}],"wp:attachment":[{"href":"https:\/\/mcrtecresa.com\/pt\/wp-json\/wp\/v2\/media?parent=53141"}],"curies":[{"name":"wp","href":"https:\/\/api.w.org\/{rel}","templated":true}]}}