{"id":53125,"date":"2016-05-17T11:02:47","date_gmt":"2016-05-17T09:02:47","guid":{"rendered":"https:\/\/mcrtecresa.com\/empresa"},"modified":"2025-09-25T08:39:42","modified_gmt":"2025-09-25T06:39:42","slug":"empresa","status":"publish","type":"page","link":"https:\/\/mcrtecresa.com\/pt\/empresa","title":{"rendered":"Empresa"},"content":{"rendered":"<div class=\"wpb-content-wrapper\"><p>[vc_row][vc_column][vc_column_text]<code class=\"html hljs xml\"><span><span><a href=\"https:\/\/mcrtecresa.com\/pt\">mcr tecresa\u00ae<\/a><\/span><\/span><\/code>[\/vc_column_text][\/vc_column][\/vc_row][vc_row][vc_column width=&#8221;1\/2&#8243;]<div class=\"mgt-header-block clearfix text-left text-black wpb_content_element  mgt-header-block-style-1 mgt-header-texttransform-header \"><h1 class=\"mgt-header-block-title\">Solu\u00e7\u00f5es Construtivas Para sua Seguran\u00e7a<\/h1><div class=\"mgt-header-line\"><\/div><\/div>[vc_column_text css=&#8221;&#8221;]<\/p>\n<p style=\"text-align: justify;\"><strong>mcr tecresa<sup>\u00ae<\/sup><\/strong>\u00a0\u00e9 uma empresa espanhola specializada em oferecer solu\u00e7\u00f5es integrais de prote\u00e7\u00e3o passiva contra inc\u00eandios. O nosso objetivo \u00e9 proporcionar aos clientes nacionais e internacionais a m\u00e1xima seguran\u00e7a atrav\u00e9s de sistemas inovadores e de qualidade comprovada.<\/p>\n<p>Com uma vasta experi\u00eancia no setor, desenvolvemos e distribu\u00edmos produtos de alto desempenho, como\u00a0<a href=\"https:\/\/mcrtecresa.com\/pt\/argamassas-tecwool\"><strong>argamassa<\/strong>\u00a0<strong>TECWOOL<\/strong><\/a>\u00ae,\u00a0<a href=\"https:\/\/mcrtecresa.com\/pt\/paineis-tecbor\"><strong>pain\u00e9is TECBOR<\/strong><\/a>\u00ae, tinta ign\u00edfuga\u00a0<a href=\"https:\/\/mcrtecresa.com\/pt\/pintura-ignifuga-teclack-w\"><strong>TECLACK-W<sup>\u00ae<\/sup><\/strong><\/a>,\u00a0<a href=\"https:\/\/mcrtecresa.com\/pt\/argamassa-tecplaster\"><strong>argamassa de gesso TECPLASTER<\/strong><\/a>\u00ae e outros sistemas certificados, garantindo a resist\u00eancia ao fogo de materiais e constru\u00e7\u00f5es.<\/p>\n<p>[\/vc_column_text][\/vc_column][vc_column width=&#8221;1\/2&#8243;][vc_empty_space height=&#8221;40px&#8221;][vc_video link=&#8221;https:\/\/youtu.be\/yLh0kmN2KBs&#8221; el_width=&#8221;80&#8243; align=&#8221;center&#8221;][\/vc_column][\/vc_row][vc_row css=&#8221;.vc_custom_1463480548872{margin-bottom: 0px !important;padding-bottom: 0px !important;}&#8221;][vc_column][vc_separator css=&#8221;.vc_custom_1463481153700{margin-bottom: 0px !important;padding-bottom: 0px !important;}&#8221;][\/vc_column][\/vc_row][vc_row][vc_column]<div class=\"mgt-header-block clearfix text-left text-black wpb_content_element  mgt-header-block-style-1 mgt-header-texttransform-header \"><h2 class=\"mgt-header-block-title\">NOSSOS OBJETIVOS<\/h2><div class=\"mgt-header-line\"><\/div><\/div>[\/vc_column][\/vc_row][vc_row css=&#8221;.vc_custom_1463402584349{padding-bottom: 50px !important;}&#8221;][vc_column width=&#8221;1\/3&#8243;][vc_column_text css_animation=&#8221;left-to-right&#8221;]<\/p>\n<h4 style=\"text-align: left;\"><span style=\"color: #750000;\"><strong>SATISFAZER NECESSIDADES<\/strong><\/span><\/h4>\n<p>Nosso principal objetivo \u00e9 satisfazer as necessidades que o vari\u00e1vel e competitivo mercado demanda na atualidade.[\/vc_column_text][\/vc_column][vc_column width=&#8221;1\/3&#8243;][vc_column_text css_animation=&#8221;left-to-right&#8221;]<\/p>\n<h4><span style=\"color: #750000;\"><strong>SOLU\u00c7\u00d5ES COMPLEXAS<\/strong><\/span><\/h4>\n<p>Proporcionamos solu\u00e7\u00f5es que n\u00e3o se limita unicamente no desenvolvimento e comercializa\u00e7\u00e3o do material de prote\u00e7\u00e3o contra o fogo.[\/vc_column_text][\/vc_column][vc_column width=&#8221;1\/3&#8243;][vc_column_text css_animation=&#8221;left-to-right&#8221;]<\/p>\n<h4><span style=\"color: #750000;\"><strong>COMPETITIVIDADE<\/strong><\/span><\/h4>\n<p>Com foque mais amplo, permite aos clientes otimizar a sua gest\u00e3o, chave decisiva da competitividade.[\/vc_column_text][\/vc_column][\/vc_row][vc_row css=&#8221;.vc_custom_1463480548872{margin-bottom: 0px !important;padding-bottom: 0px !important;}&#8221;][vc_column][vc_separator css=&#8221;.vc_custom_1463481153700{margin-bottom: 0px !important;padding-bottom: 0px !important;}&#8221;][\/vc_column][\/vc_row][vc_row equal_height=&#8221;yes&#8221; content_placement=&#8221;middle&#8221; css=&#8221;.vc_custom_1463999360900{margin-right: 0px !important;margin-bottom: 30px !important;margin-left: 0px !important;padding-top: 0px !important;background-color: #f1f1f1 !important;}&#8221;][vc_column css=&#8221;.vc_custom_1463999384500{padding-right: 0px !important;padding-left: 0px !important;}&#8221;]<div class=\"mgt-promo-block black-text text-size-normal no-darken mgt-promo-block-75700987093 wpb_content_element\" data-style=\"width: 100%; height: 380px;\"><div class=\"mgt-promo-block-content va-top\"><div class=\"mgt-promo-block-content-inside vc_custom_1758782344028\">\n<h5 style=\"text-align: left\"><span style=\"color: #999999\">HIST\u00d3RICO<\/span><\/h5>\n<h2 style=\"text-align: justify\"><strong>mcr tecresa<sup>\u00ae<\/sup><\/strong><strong><span style=\"color: #ff0000\">\u00a0<\/span><\/strong>est\u00e1 em continua evolu\u00e7\u00e3o e desenvolvimento, buscando como \u00faltimo fim poder melhorar dia a dia o servi\u00e7o que oferecemos a nossos clientes.<\/h2>\n<p style=\"text-align: justify\">Nos \u00faltimos anos, <strong>mcr tecresa<sup>\u00ae<\/sup><\/strong>\u00a0tem refor\u00e7ado a sua lideran\u00e7a no setor com muita dedica\u00e7\u00e3o, tecnologia e desenvolvimento para sistemas de preven\u00e7\u00e3o de inc\u00eandios.\n<div class=\"mgt-button-wrapper mgt-button-wrapper-align-left mgt-button-wrapper-display-newline mgt-button-top-margin-enable\"><a class=\"btn hvr-bounce-to-right mgt-button mgt-style-solid mgt-size-normal mgt-align-left mgt-display-newline mgt-text-size-small mgt-button-icon-position-left mgt-text-transform-uppercase \" href=\"https:\/\/mcrtecresa.com\/pt\/contato\">Fale Connosco<\/a><\/div><\/div><\/div><\/div>[\/vc_column][\/vc_row][vc_row][vc_column width=&#8221;1\/2&#8243;]<div class=\"mgt-header-block clearfix text-left text-black wpb_content_element  mgt-header-block-style-1 mgt-header-texttransform-header \"><h2 class=\"mgt-header-block-title\">A POL\u00cdTICA EMPRESARIAL<\/h2><div class=\"mgt-header-line\"><\/div><\/div>[vc_column_text]<\/p>\n<p style=\"text-align: justify;\">A sua pol\u00edtica empresarial baseia-se numa melhora continua da capacidade produtiva, tendo sempre presente a qualidade dos servi\u00e7os, e a constante preocupa\u00e7\u00e3o pela satisfa\u00e7\u00e3o do cliente. Por esse motivo, \u00e9 pioneira ao ser a primeira empresa certificada no setor da prote\u00e7\u00e3o passiva segundo a norma ISO 9001:2008 por <em>Applus<\/em> desde 2002 e em preven\u00e7\u00e3o de riscos laborais segundo a norma OHSAS 18001;2007 desde 2003 e norma ISO 14.001:2004 desde 2014.<\/p>\n<p>[\/vc_column_text][\/vc_column][vc_column width=&#8221;1\/2&#8243;][vc_empty_space height=&#8221;40px&#8221;][vc_single_image image=&#8221;53126&#8243; img_size=&#8221;full&#8221; alignment=&#8221;center&#8221;][\/vc_column][\/vc_row][vc_row css=&#8221;.vc_custom_1463480548872{margin-bottom: 0px !important;padding-bottom: 0px !important;}&#8221;][vc_column][vc_separator css=&#8221;.vc_custom_1463481153700{margin-bottom: 0px !important;padding-bottom: 0px !important;}&#8221;][vc_empty_space height=&#8221;60px&#8221;][\/vc_column][\/vc_row][vc_row][vc_column]<div class=\"mgt-header-block clearfix text-left text-black wpb_content_element  mgt-header-block-style-1 mgt-header-texttransform-header \"><h2 class=\"mgt-header-block-title\">Nossa Equipe<\/h2><div class=\"mgt-header-line\"><\/div><\/div>[\/vc_column][\/vc_row][vc_row][vc_column width=&#8221;1\/4&#8243;][vc_single_image image=&#8221;53128&#8243; img_size=&#8221;medium&#8221; css_animation=&#8221;left-to-right&#8221;][\/vc_column][vc_column width=&#8221;3\/4&#8243;][vc_column_text css_animation=&#8221;left-to-right&#8221;]<\/p>\n<h3 class=\"no_stripe\"><strong>MARIO MANCE\u00d1IDO GONZ\u00c1LEZ<\/strong><\/h3>\n<h5 class=\"staff_department\"><span style=\"color: #999999;\">Diretor Executivo<\/span><\/h5>\n<p>[\/vc_column_text]<div class=\"ult-team-member-wrap ult-style-1  \"><div class=\"ult-team-member-image\" style=\"\"> <img decoding=\"async\" class=\"ult-team-grayscale\" src=\"\" alt=\"\"  style=\"\"><span class=\"ult-team-member-image-overlay \"  ><\/span><\/div><div class=\"ult-team-member-bio-wrap style-1 ultimate-heading69ebc6399d8ba\" style=\"text-align:center;; \"><div class=\"ult-team-member-name-wrap\"><h2 class=\"ult-team-member-name ult-responsive\"  data-ultimate-target='.ult-team-member-bio-wrap.ultimate-heading69ebc6399d8ba .ult-team-member-name'  data-responsive-json-new='{\"font-size\":\"\",\"line-height\":\"\"}'  style=\"\"><\/h2><div style=\"margin-bottom:15px\"><\/div><div class='ult-social-buttons'><a href='mailto:mmancenido@mcrtecresa.com' target='_blank' rel='noopener' title='Email' class='ult-team ult-social-icon' style='font-size:30px ; margin-left:7.5px;margin-right:7.5px;;color:#dd3333;'  data-iconcolor='#dd3333' data-iconhover='inherit' ><i class='Defaults-envelope-o'><\/i><\/a><a href='https:\/\/www.linkedin.com\/in\/mario-m-46028b73\/' target='_blank' rel='noopener' title='Linkedin' class='ult-team ult-social-icon' style='font-size:30px ; margin-left:7.5px;margin-right:7.5px;;color:#dd3333;'  data-iconcolor='#dd3333' data-iconhover='inherit' ><i class='Defaults-linkedin-square'><\/i><\/a><a href='https:\/\/www.facebook.com\/MercortecresaPPCI\/' target='_blank' rel='noopener' title='Facebook' class='ult-team ult-social-icon' style='font-size:30px ; margin-left:7.5px;margin-right:7.5px;;color:#dd3333;'  data-iconcolor='#dd3333' data-iconhover='inherit' ><i class='Defaults-facebook-square'><\/i><\/a><a href='https:\/\/www.youtube.com\/user\/Tecresapp' target='_blank' rel='noopener' title='Youtube' class='ult-team ult-social-icon' style='font-size:30px ; margin-left:7.5px;margin-right:7.5px;;color:#dd3333;'  data-iconcolor='#dd3333' data-iconhover='inherit' ><i class='Defaults-youtube-square'><\/i><\/a><\/div><\/div><\/div><\/div>[\/vc_column][\/vc_row][vc_row][vc_column][vc_separator css=&#8221;.vc_custom_1463481153700{margin-bottom: 0px !important;padding-bottom: 0px !important;}&#8221;][vc_empty_space][\/vc_column][\/vc_row][vc_row][vc_column width=&#8221;3\/4&#8243;][vc_column_text css_animation=&#8221;left-to-right&#8221;]<\/p>\n<h3 class=\"no_stripe\"><strong>BENITO J. GONZALEZ OCHOA<\/strong><\/h3>\n<h5 class=\"staff_department\"><span style=\"color: #999999;\">Diretor Dpto. Resist\u00eancia ao Fogo<\/span><\/h5>\n<p>[\/vc_column_text]<div class=\"ult-team-member-wrap ult-style-1  \"><div class=\"ult-team-member-image\" style=\"\"> <img decoding=\"async\" class=\"ult-team-grayscale\" src=\"\" alt=\"\"  style=\"\"><span class=\"ult-team-member-image-overlay \"  ><\/span><\/div><div class=\"ult-team-member-bio-wrap style-1 ultimate-heading69ebc6399da50\" style=\"text-align:center;; \"><div class=\"ult-team-member-name-wrap\"><h2 class=\"ult-team-member-name ult-responsive\"  data-ultimate-target='.ult-team-member-bio-wrap.ultimate-heading69ebc6399da50 .ult-team-member-name'  data-responsive-json-new='{\"font-size\":\"\",\"line-height\":\"\"}'  style=\"\"><\/h2><div style=\"margin-bottom:15px\"><\/div><div class='ult-social-buttons'><a href='mailto:%20bgonzalez@mcrtecresa.com' target='_blank' rel='noopener' title='Email' class='ult-team ult-social-icon' style='font-size:30px ; margin-left:7.5px;margin-right:7.5px;;color:#dd3333;'  data-iconcolor='#dd3333' data-iconhover='inherit' ><i class='Defaults-envelope-o'><\/i><\/a><a href='https:\/\/www.linkedin.com\/in\/bgonzaleztecresaconstruccion\/' target='_blank' rel='noopener' title='Linkedin' class='ult-team ult-social-icon' style='font-size:30px ; margin-left:7.5px;margin-right:7.5px;;color:#dd3333;'  data-iconcolor='#dd3333' data-iconhover='inherit' ><i class='Defaults-linkedin-square'><\/i><\/a><a href='https:\/\/www.facebook.com\/MercortecresaPPCI\/' target='_blank' rel='noopener' title='Facebook' class='ult-team ult-social-icon' style='font-size:30px ; margin-left:7.5px;margin-right:7.5px;;color:#dd3333;'  data-iconcolor='#dd3333' data-iconhover='inherit' ><i class='Defaults-facebook-square'><\/i><\/a><a href='https:\/\/www.youtube.com\/user\/Tecresapp' target='_blank' rel='noopener' title='Youtube' class='ult-team ult-social-icon' style='font-size:30px ; margin-left:7.5px;margin-right:7.5px;;color:#dd3333;'  data-iconcolor='#dd3333' data-iconhover='inherit' ><i class='Defaults-youtube-square'><\/i><\/a><\/div><\/div><\/div><\/div>[\/vc_column][vc_column width=&#8221;1\/4&#8243;][vc_single_image image=&#8221;53129&#8243; img_size=&#8221;medium&#8221; css_animation=&#8221;left-to-right&#8221;][\/vc_column][\/vc_row][vc_row][vc_column][vc_separator css=&#8221;.vc_custom_1463481153700{margin-bottom: 0px !important;padding-bottom: 0px !important;}&#8221;][vc_empty_space][\/vc_column][\/vc_row][vc_row][vc_column width=&#8221;1\/4&#8243;][vc_single_image image=&#8221;53130&#8243; img_size=&#8221;full&#8221; css_animation=&#8221;left-to-right&#8221;][\/vc_column][vc_column width=&#8221;3\/4&#8243;][vc_column_text css_animation=&#8221;left-to-right&#8221;]<\/p>\n<h3 class=\"no_stripe\"><strong>JOSE MANUEL MARCOS<\/strong><\/h3>\n<h5 class=\"staff_department\"><span style=\"color: #999999;\">Diretor <\/span><span style=\"color: #999999;\">Internacional<\/span><\/h5>\n<p>[\/vc_column_text]<div class=\"ult-team-member-wrap ult-style-1  \"><div class=\"ult-team-member-image\" style=\"\"> <img decoding=\"async\" class=\"ult-team-grayscale\" src=\"\" alt=\"\"  style=\"\"><span class=\"ult-team-member-image-overlay \"  ><\/span><\/div><div class=\"ult-team-member-bio-wrap style-1 ultimate-heading69ebc6399db55\" style=\"text-align:center;; \"><div class=\"ult-team-member-name-wrap\"><h2 class=\"ult-team-member-name ult-responsive\"  data-ultimate-target='.ult-team-member-bio-wrap.ultimate-heading69ebc6399db55 .ult-team-member-name'  data-responsive-json-new='{\"font-size\":\"\",\"line-height\":\"\"}'  style=\"\"><\/h2><div style=\"margin-bottom:15px\"><\/div><div class='ult-social-buttons'><a href='mailto:%20jmmarcos@mcrtecresa.com' target='_blank' rel='noopener' title='Email' class='ult-team ult-social-icon' style='font-size:30px ; margin-left:7.5px;margin-right:7.5px;;color:#dd3333;'  data-iconcolor='#dd3333' data-iconhover='inherit' ><i class='Defaults-envelope-o'><\/i><\/a><a href='' target='_blank' rel='noopener' title='Linkedin' class='ult-team ult-social-icon' style='font-size:30px ; margin-left:7.5px;margin-right:7.5px;;color:#dd3333;'  data-iconcolor='#dd3333' data-iconhover='inherit' ><i class='Defaults-linkedin-square'><\/i><\/a><a href='https:\/\/www.facebook.com\/MercortecresaPPCI\/' target='_blank' rel='noopener' title='Facebook' class='ult-team ult-social-icon' style='font-size:30px ; margin-left:7.5px;margin-right:7.5px;;color:#dd3333;'  data-iconcolor='#dd3333' data-iconhover='inherit' ><i class='Defaults-facebook-square'><\/i><\/a><a href='https:\/\/www.youtube.com\/user\/Tecresapp' target='_blank' rel='noopener' title='Youtube' class='ult-team ult-social-icon' style='font-size:30px ; margin-left:7.5px;margin-right:7.5px;;color:#dd3333;'  data-iconcolor='#dd3333' data-iconhover='inherit' ><i class='Defaults-youtube-square'><\/i><\/a><\/div><\/div><\/div><\/div>[\/vc_column][\/vc_row][vc_row][vc_column][vc_separator css=&#8221;.vc_custom_1463481153700{margin-bottom: 0px !important;padding-bottom: 0px !important;}&#8221;][vc_empty_space][\/vc_column][\/vc_row][vc_row][vc_column width=&#8221;3\/4&#8243;][vc_column_text css_animation=&#8221;left-to-right&#8221;]<\/p>\n<h3 class=\"no_stripe\"><strong>VICTOR RODR\u00cdGUEZ<\/strong><\/h3>\n<h5 class=\"staff_department\"><span style=\"color: #999999;\">Diretor T\u00e9cnico \/ I+D<\/span><\/h5>\n<p>[\/vc_column_text]<div class=\"ult-team-member-wrap ult-style-1  \"><div class=\"ult-team-member-image\" style=\"\"> <img decoding=\"async\" class=\"ult-team-grayscale\" src=\"\" alt=\"\"  style=\"\"><span class=\"ult-team-member-image-overlay \"  ><\/span><\/div><div class=\"ult-team-member-bio-wrap style-1 ultimate-heading69ebc6399dc2d\" style=\"text-align:center;; \"><div class=\"ult-team-member-name-wrap\"><h2 class=\"ult-team-member-name ult-responsive\"  data-ultimate-target='.ult-team-member-bio-wrap.ultimate-heading69ebc6399dc2d .ult-team-member-name'  data-responsive-json-new='{\"font-size\":\"\",\"line-height\":\"\"}'  style=\"\"><\/h2><div style=\"margin-bottom:15px\"><\/div><div class='ult-social-buttons'><a href='mailto:%20vrodriguez@mcrtecresa.com' target='_blank' rel='noopener' title='Email' class='ult-team ult-social-icon' style='font-size:30px ; margin-left:7.5px;margin-right:7.5px;;color:#dd3333;'  data-iconcolor='#dd3333' data-iconhover='inherit' ><i class='Defaults-envelope-o'><\/i><\/a><a href='https:\/\/www.linkedin.com\/in\/v%C3%ADctor-rodr%C3%ADguez-36b06770\/' target='_blank' rel='noopener' title='Linkedin' class='ult-team ult-social-icon' style='font-size:30px ; margin-left:7.5px;margin-right:7.5px;;color:#dd3333;'  data-iconcolor='#dd3333' data-iconhover='inherit' ><i class='Defaults-linkedin-square'><\/i><\/a><a href='https:\/\/www.facebook.com\/MercortecresaPPCI\/' target='_blank' rel='noopener' title='Facebook' class='ult-team ult-social-icon' style='font-size:30px ; margin-left:7.5px;margin-right:7.5px;;color:#dd3333;'  data-iconcolor='#dd3333' data-iconhover='inherit' ><i class='Defaults-facebook-square'><\/i><\/a><a href='https:\/\/www.youtube.com\/user\/Tecresapp' target='_blank' rel='noopener' title='Youtube' class='ult-team ult-social-icon' style='font-size:30px ; margin-left:7.5px;margin-right:7.5px;;color:#dd3333;'  data-iconcolor='#dd3333' data-iconhover='inherit' ><i class='Defaults-youtube-square'><\/i><\/a><\/div><\/div><\/div><\/div>[\/vc_column][vc_column width=&#8221;1\/4&#8243;][vc_single_image image=&#8221;53132&#8243; img_size=&#8221;full&#8221; css_animation=&#8221;left-to-right&#8221;][\/vc_column][\/vc_row]<\/p>\n<\/div>","protected":false},"excerpt":{"rendered":"<p>[vc_row][vc_column][vc_column_text][\/vc_column_text][\/vc_column][\/vc_row][vc_row][vc_column width=&#8221;1\/2&#8243;][vc_column_text css=&#8221;&#8221;] mcr tecresa\u00ae\u00a0\u00e9 uma empresa espanhola specializada em oferecer solu\u00e7\u00f5es integrais de prote\u00e7\u00e3o passiva contra inc\u00eandios. O nosso objetivo \u00e9 proporcionar aos clientes nacionais e internacionais a m\u00e1xima&#8230;<\/p>\n","protected":false},"author":2,"featured_media":0,"parent":0,"menu_order":0,"comment_status":"closed","ping_status":"closed","template":"","meta":{"footnotes":""},"class_list":["post-53125","page","type-page","status-publish","hentry"],"yoast_head":"<!-- This site is optimized with the Yoast SEO plugin v27.4 - https:\/\/yoast.com\/product\/yoast-seo-wordpress\/ -->\n<title>mercor tecresa - empresa l\u00edder en Prote\u00e7\u00e3o Pasiva Contra o Fogo<\/title>\n<meta name=\"description\" content=\"Mercor tecresa\u00ae \u00e9 uma empresa espanhola criada em 24 de julho e integrada no Grupo Mercor em 19 de fevereiro 2008\" \/>\n<meta name=\"robots\" content=\"index, follow, max-snippet:-1, max-image-preview:large, max-video-preview:-1\" \/>\n<link rel=\"canonical\" href=\"https:\/\/mcrtecresa.com\/pt\/empresa\" \/>\n<meta property=\"og:locale\" content=\"pt_PT\" \/>\n<meta property=\"og:type\" content=\"article\" \/>\n<meta property=\"og:title\" content=\"mercor tecresa - empresa l\u00edder en Prote\u00e7\u00e3o Pasiva Contra o Fogo\" \/>\n<meta property=\"og:description\" content=\"Mercor tecresa\u00ae \u00e9 uma empresa espanhola criada em 24 de julho e integrada no Grupo Mercor em 19 de fevereiro 2008\" \/>\n<meta property=\"og:url\" content=\"https:\/\/mcrtecresa.com\/pt\/empresa\" \/>\n<meta property=\"og:site_name\" content=\"Mcr Tecresa\" \/>\n<meta property=\"article:modified_time\" content=\"2025-09-25T06:39:42+00:00\" \/>\n<meta property=\"og:image\" content=\"https:\/\/mcrtecresa.com\/wp-content\/uploads\/2025\/07\/Logo-Original-1.png\" \/>\n\t<meta property=\"og:image:width\" content=\"195\" \/>\n\t<meta property=\"og:image:height\" content=\"46\" \/>\n\t<meta property=\"og:image:type\" content=\"image\/png\" \/>\n<meta name=\"twitter:card\" content=\"summary_large_image\" \/>\n<meta name=\"twitter:label1\" content=\"Est. reading time\" \/>\n\t<meta name=\"twitter:data1\" content=\"3 minutes\" \/>\n<script type=\"application\/ld+json\" class=\"yoast-schema-graph\">{\"@context\":\"https:\\\/\\\/schema.org\",\"@graph\":[{\"@type\":\"WebPage\",\"@id\":\"https:\\\/\\\/mcrtecresa.com\\\/pt\\\/empresa\",\"url\":\"https:\\\/\\\/mcrtecresa.com\\\/pt\\\/empresa\",\"name\":\"mercor tecresa - empresa l\u00edder en Prote\u00e7\u00e3o Pasiva Contra o Fogo\",\"isPartOf\":{\"@id\":\"https:\\\/\\\/mcrtecresa.com\\\/#website\"},\"datePublished\":\"2016-05-17T09:02:47+00:00\",\"dateModified\":\"2025-09-25T06:39:42+00:00\",\"description\":\"Mercor tecresa\u00ae \u00e9 uma empresa espanhola criada em 24 de julho e integrada no Grupo Mercor em 19 de fevereiro 2008\",\"breadcrumb\":{\"@id\":\"https:\\\/\\\/mcrtecresa.com\\\/pt\\\/empresa#breadcrumb\"},\"inLanguage\":\"pt\",\"potentialAction\":[{\"@type\":\"ReadAction\",\"target\":[\"https:\\\/\\\/mcrtecresa.com\\\/pt\\\/empresa\"]}]},{\"@type\":\"BreadcrumbList\",\"@id\":\"https:\\\/\\\/mcrtecresa.com\\\/pt\\\/empresa#breadcrumb\",\"itemListElement\":[{\"@type\":\"ListItem\",\"position\":1,\"name\":\"mcr tecresa\u00ae\",\"item\":\"https:\\\/\\\/mcrtecresa.com\\\/pt\"},{\"@type\":\"ListItem\",\"position\":2,\"name\":\"Empresa\"}]},{\"@type\":\"WebSite\",\"@id\":\"https:\\\/\\\/mcrtecresa.com\\\/#website\",\"url\":\"https:\\\/\\\/mcrtecresa.com\\\/\",\"name\":\"Mcr Tecresa\",\"description\":\"Empresa l\u00edder en protecci\u00f3n pasiva contra incendios\",\"publisher\":{\"@id\":\"https:\\\/\\\/mcrtecresa.com\\\/#organization\"},\"alternateName\":\"Protecci\u00f3n Pasiva Contra Incendios\",\"potentialAction\":[{\"@type\":\"SearchAction\",\"target\":{\"@type\":\"EntryPoint\",\"urlTemplate\":\"https:\\\/\\\/mcrtecresa.com\\\/?s={search_term_string}\"},\"query-input\":{\"@type\":\"PropertyValueSpecification\",\"valueRequired\":true,\"valueName\":\"search_term_string\"}}],\"inLanguage\":\"pt\"},{\"@type\":\"Organization\",\"@id\":\"https:\\\/\\\/mcrtecresa.com\\\/#organization\",\"name\":\"Mcr Tecresa\",\"url\":\"https:\\\/\\\/mcrtecresa.com\\\/\",\"logo\":{\"@type\":\"ImageObject\",\"inLanguage\":\"pt\",\"@id\":\"https:\\\/\\\/mcrtecresa.com\\\/#\\\/schema\\\/logo\\\/image\\\/\",\"url\":\"https:\\\/\\\/mcrtecresa.com\\\/wp-content\\\/uploads\\\/2025\\\/07\\\/Logo-Original-1.png\",\"contentUrl\":\"https:\\\/\\\/mcrtecresa.com\\\/wp-content\\\/uploads\\\/2025\\\/07\\\/Logo-Original-1.png\",\"width\":195,\"height\":46,\"caption\":\"Mcr Tecresa\"},\"image\":{\"@id\":\"https:\\\/\\\/mcrtecresa.com\\\/#\\\/schema\\\/logo\\\/image\\\/\"},\"sameAs\":[\"https:\\\/\\\/www.linkedin.com\\\/company\\\/mcrtecresa\",\"https:\\\/\\\/www.youtube.com\\\/@Mcrtecresa\"]}]}<\/script>\n<!-- \/ Yoast SEO plugin. -->","yoast_head_json":{"title":"mercor tecresa - empresa l\u00edder en Prote\u00e7\u00e3o Pasiva Contra o Fogo","description":"Mercor tecresa\u00ae \u00e9 uma empresa espanhola criada em 24 de julho e integrada no Grupo Mercor em 19 de fevereiro 2008","robots":{"index":"index","follow":"follow","max-snippet":"max-snippet:-1","max-image-preview":"max-image-preview:large","max-video-preview":"max-video-preview:-1"},"canonical":"https:\/\/mcrtecresa.com\/pt\/empresa","og_locale":"pt_PT","og_type":"article","og_title":"mercor tecresa - empresa l\u00edder en Prote\u00e7\u00e3o Pasiva Contra o Fogo","og_description":"Mercor tecresa\u00ae \u00e9 uma empresa espanhola criada em 24 de julho e integrada no Grupo Mercor em 19 de fevereiro 2008","og_url":"https:\/\/mcrtecresa.com\/pt\/empresa","og_site_name":"Mcr Tecresa","article_modified_time":"2025-09-25T06:39:42+00:00","og_image":[{"width":195,"height":46,"url":"https:\/\/mcrtecresa.com\/wp-content\/uploads\/2025\/07\/Logo-Original-1.png","type":"image\/png"}],"twitter_card":"summary_large_image","twitter_misc":{"Est. reading time":"3 minutes"},"schema":{"@context":"https:\/\/schema.org","@graph":[{"@type":"WebPage","@id":"https:\/\/mcrtecresa.com\/pt\/empresa","url":"https:\/\/mcrtecresa.com\/pt\/empresa","name":"mercor tecresa - empresa l\u00edder en Prote\u00e7\u00e3o Pasiva Contra o Fogo","isPartOf":{"@id":"https:\/\/mcrtecresa.com\/#website"},"datePublished":"2016-05-17T09:02:47+00:00","dateModified":"2025-09-25T06:39:42+00:00","description":"Mercor tecresa\u00ae \u00e9 uma empresa espanhola criada em 24 de julho e integrada no Grupo Mercor em 19 de fevereiro 2008","breadcrumb":{"@id":"https:\/\/mcrtecresa.com\/pt\/empresa#breadcrumb"},"inLanguage":"pt","potentialAction":[{"@type":"ReadAction","target":["https:\/\/mcrtecresa.com\/pt\/empresa"]}]},{"@type":"BreadcrumbList","@id":"https:\/\/mcrtecresa.com\/pt\/empresa#breadcrumb","itemListElement":[{"@type":"ListItem","position":1,"name":"mcr tecresa\u00ae","item":"https:\/\/mcrtecresa.com\/pt"},{"@type":"ListItem","position":2,"name":"Empresa"}]},{"@type":"WebSite","@id":"https:\/\/mcrtecresa.com\/#website","url":"https:\/\/mcrtecresa.com\/","name":"Mcr Tecresa","description":"Empresa l\u00edder en protecci\u00f3n pasiva contra incendios","publisher":{"@id":"https:\/\/mcrtecresa.com\/#organization"},"alternateName":"Protecci\u00f3n Pasiva Contra Incendios","potentialAction":[{"@type":"SearchAction","target":{"@type":"EntryPoint","urlTemplate":"https:\/\/mcrtecresa.com\/?s={search_term_string}"},"query-input":{"@type":"PropertyValueSpecification","valueRequired":true,"valueName":"search_term_string"}}],"inLanguage":"pt"},{"@type":"Organization","@id":"https:\/\/mcrtecresa.com\/#organization","name":"Mcr Tecresa","url":"https:\/\/mcrtecresa.com\/","logo":{"@type":"ImageObject","inLanguage":"pt","@id":"https:\/\/mcrtecresa.com\/#\/schema\/logo\/image\/","url":"https:\/\/mcrtecresa.com\/wp-content\/uploads\/2025\/07\/Logo-Original-1.png","contentUrl":"https:\/\/mcrtecresa.com\/wp-content\/uploads\/2025\/07\/Logo-Original-1.png","width":195,"height":46,"caption":"Mcr Tecresa"},"image":{"@id":"https:\/\/mcrtecresa.com\/#\/schema\/logo\/image\/"},"sameAs":["https:\/\/www.linkedin.com\/company\/mcrtecresa","https:\/\/www.youtube.com\/@Mcrtecresa"]}]}},"_links":{"self":[{"href":"https:\/\/mcrtecresa.com\/pt\/wp-json\/wp\/v2\/pages\/53125","targetHints":{"allow":["GET"]}}],"collection":[{"href":"https:\/\/mcrtecresa.com\/pt\/wp-json\/wp\/v2\/pages"}],"about":[{"href":"https:\/\/mcrtecresa.com\/pt\/wp-json\/wp\/v2\/types\/page"}],"author":[{"embeddable":true,"href":"https:\/\/mcrtecresa.com\/pt\/wp-json\/wp\/v2\/users\/2"}],"replies":[{"embeddable":true,"href":"https:\/\/mcrtecresa.com\/pt\/wp-json\/wp\/v2\/comments?post=53125"}],"version-history":[{"count":0,"href":"https:\/\/mcrtecresa.com\/pt\/wp-json\/wp\/v2\/pages\/53125\/revisions"}],"wp:attachment":[{"href":"https:\/\/mcrtecresa.com\/pt\/wp-json\/wp\/v2\/media?parent=53125"}],"curies":[{"name":"wp","href":"https:\/\/api.w.org\/{rel}","templated":true}]}}