{"id":53106,"date":"2018-04-10T16:57:14","date_gmt":"2018-04-10T14:57:14","guid":{"rendered":"https:\/\/mcrtecresa.com\/pintura-ignifuga-teclack-w\/proteccion-de-elementos-de-acero"},"modified":"2025-09-25T08:31:16","modified_gmt":"2025-09-25T06:31:16","slug":"protecao-elementos-de-aco","status":"publish","type":"page","link":"https:\/\/mcrtecresa.com\/pt\/pintura-ignifuga-teclack-w\/protecao-elementos-de-aco","title":{"rendered":"Teclack-W\u00ae Prote\u00e7\u00e3o elementos de a\u00e7o (vigas e pilares)"},"content":{"rendered":"<div class=\"wpb-content-wrapper\"><p>[vc_row][vc_column][vc_column_text]<\/p>\n<pre><code class=\"html hljs xml\"><span><span><a href=\"https:\/\/mcrtecresa.com\/pt\">mcr tecresa\u00ae<\/a><\/span><\/span><\/code><\/pre>\n<p>[\/vc_column_text][vc_empty_space height=&#8221;10px&#8221;][\/vc_column][\/vc_row][vc_row][vc_column]<div class=\"mgt-header-block clearfix text-left text-black wpb_animate_when_almost_visible wpb_top-to-bottom wpb_content_element  mgt-header-block-style-1 mgt-header-texttransform-none  vc_custom_1623666118577\"><h1 class=\"mgt-header-block-title\">Teclack-W\u00ae - Prote\u00e7\u00e3o elementos de a\u00e7o (vigas e pilares)<\/h1><div class=\"mgt-header-line\"><\/div><\/div>[vc_row_inner][vc_column_inner width=&#8221;2\/3&#8243;][vc_column_text css=&#8221;&#8221;]<\/p>\n<p style=\"text-align: justify;\">As estruturas met\u00e1licas de a\u00e7o s\u00e3o um sistema construtivo mundialmente utilizado e estendido.<\/p>\n<p style=\"text-align: justify;\">Uma das suas vantagens fundamentais \u00e9 a grande resist\u00eancia que possuem por unidade de peso, isto lhes atribui uma tremenda versatilidade e a possibilidade de realizar estruturas complexas e ao mesmo tempo levianas.<\/p>\n<p style=\"text-align: justify;\">Pelo contr\u00e1rio, um dos inconvenientes que apresenta o a\u00e7o \u00e9 que possui uma alta condutividade t\u00e9rmica. Assim, durante um inc\u00eandio, o progressivo aumento da temperatura unido \u00e0 grande transmiss\u00e3o de calor que realiza o a\u00e7o, produz que a capacidade portante e a resist\u00eancia mec\u00e2nica das estruturas se vejam reduzidas. A partir de 250 \u00baC modifica-se a resist\u00eancia e o limite el\u00e1stico, e aproximadamente a partir de 500 \u00baC a queda de resist\u00eancia \u00e9 o suficientemente grande para n\u00e3o suportar a sua carga de desenho.<\/p>\n<p style=\"text-align: justify;\">Para evitar isto,\u00a0<strong>mcr tecresa<sup>\u00ae<\/sup><\/strong><strong><sup>\u00a0<\/sup><\/strong>comercializa a pintura intumescente\u00a0<strong>Teclack-W<\/strong><strong><sup>\u00ae<\/sup><\/strong><strong>,\u00a0<\/strong>ensaiada segundo a normativa\u00a0<strong>UNE N 13501-2,<\/strong>\u00a0na qual se determina a contribui\u00e7\u00e3o da prote\u00e7\u00e3o contra o fogo da pintura quando se aplica a elementos estruturais de a\u00e7o, j\u00e1 seja sobre vigas, pilares ou elementos de tens\u00e3o.<\/p>\n<p style=\"text-align: justify;\"><strong>Teclack-W<\/strong><strong><sup>\u00ae<\/sup><\/strong><sup>\u00a0<\/sup>foi desenhada e avaliada para cobrir grande quantidade de perfis de a\u00e7o caracterizados pelos fatores de sec\u00e7\u00e3o. No obstante, est\u00e1 ensaiada para v\u00e1rias temperaturas de desenho especificadas na normativa.<\/p>\n<p>[\/vc_column_text][\/vc_column_inner][vc_column_inner width=&#8221;1\/3&#8243;][vc_single_image image=&#8221;53107&#8243; img_size=&#8221;full&#8221; alignment=&#8221;center&#8221; style=&#8221;vc_box_rounded&#8221; onclick=&#8221;link_image&#8221; css=&#8221;.vc_custom_1523370937347{margin-top: 3rem !important;}&#8221;][\/vc_column_inner][\/vc_row_inner][vc_empty_space height=&#8221;40px&#8221;][\/vc_column][\/vc_row][vc_row][vc_column width=&#8221;1\/2&#8243; el_class=&#8221;bordersolution&#8221;][vc_empty_space height=&#8221;15px&#8221;][vc_single_image image=&#8221;53109&#8243; img_size=&#8221;large&#8221; alignment=&#8221;center&#8221; onclick=&#8221;link_image&#8221;][vc_row_inner css=&#8221;.vc_custom_1519682527087{padding-right: 3rem !important;padding-left: 3rem !important;}&#8221;][vc_column_inner width=&#8221;1\/2&#8243;]<div class=\"mgt-header-block clearfix text-left text-black wpb_content_element  mgt-header-block-style-1 mgt-header-texttransform-header \"><h2 class=\"mgt-header-block-title\"><\/h2><p class=\"mgt-header-block-subtitle\">Ensaio<\/p><div class=\"mgt-header-line\"><\/div><\/div>[vc_column_text]<b>Norma<\/b>: UNE ENV 13381-8<br \/>\n<b>Laborat\u00f3rio<\/b>: FPLUS LTD<br \/>\n<b>N\u00ba ensaio<\/b>: CR-61-01, CR-91-01,<\/p>\n<p>ETA-16\/0359 DE 27\/05\/2016[\/vc_column_text][\/vc_column_inner][vc_column_inner width=&#8221;1\/2&#8243;]<div class=\"mgt-header-block clearfix text-left text-black wpb_content_element  mgt-header-block-style-1 mgt-header-texttransform-header \"><h2 class=\"mgt-header-block-title\"><\/h2><p class=\"mgt-header-block-subtitle\">Solu\u00e7\u00e3o<\/p><div class=\"mgt-header-line\"><\/div><\/div>[vc_column_text]<span style=\"color: #ff0000;\"><strong>1<\/strong>.<\/span> Perfil de a\u00e7o.<\/p>\n<p><span style=\"color: #ff0000;\"><strong>2<\/strong>.<\/span> Teclack-W\u00ae\u00a0 (espessura em fun\u00e7\u00e3o do fator de sec\u00e7\u00e3o do perfil e do tempo de resist\u00eancia ao fogo requerido).[\/vc_column_text][\/vc_column_inner][\/vc_row_inner][\/vc_column][vc_column width=&#8221;1\/2&#8243; css=&#8221;.vc_custom_1519682712284{padding-left: 2rem !important;}&#8221;]<div class=\"mgt-header-block clearfix text-left text-black wpb_animate_when_almost_visible wpb_top-to-bottom wpb_content_element  mgt-header-block-style-2 mgt-header-texttransform-none  vc_custom_1623666234586\"><h2 class=\"mgt-header-block-title\">Aplica\u00e7\u00e3o<\/h2><div class=\"mgt-header-line\"><\/div><\/div>[vc_column_text]<\/p>\n<p style=\"text-align: justify;\"><strong>Teclack-W<\/strong><strong><sup>\u00ae <\/sup><\/strong>aplica-se mediante m\u00e1quinas <em>aireless<\/em>: bocal: 0,48 \u2013 0,63 mm: 800 \u2013 1000 \u03bcm\u00a0pintura fresca \/ camada; e escova, rodo: 300 \u2013 500\u00a0\u03bcm\u00a0pintura fresca \/ camada.<\/p>\n<p style=\"text-align: justify;\"><strong>Aplica\u00e7\u00e3o de pintura intumescente Teclack-W<\/strong><strong><sup>\u00ae<\/sup><\/strong><strong>:<\/strong>\u00a0sem diluir ou diluir com m\u00e1x 3% \u00e1gua despois de homogeneizar com m\u00e1quina misturadora.<\/p>\n<p style=\"text-align: justify;\">A limpeza dos equipamentos de aplica\u00e7\u00e3o deve-se realizar com \u00e1gua limpa despois da sua utiliza\u00e7\u00e3o e pode ser necess\u00e1rio realizar limpezas intermedias na jornada de trabalho dependendo da quantidade de material aplicado, temperatura e humidade.<\/p>\n<p style=\"text-align: justify;\">Tempo medio de secado a 23 \u00baC para uma camada de 250\u03bcm de grossura: Estanco ap\u00f3s 1 hora e seco ao toque ap\u00f3s 24 horas.<\/p>\n<p style=\"text-align: justify;\">Repintado: com ele mesmo despois de se secar durante 8 horas e com camada final despois de se secar durante 24 horas.<\/p>\n<p style=\"text-align: justify;\">Prepara\u00e7\u00e3o da superf\u00edcie: As superf\u00edcies a tratar se dever\u00e3o encontrar livres de part\u00edculas contaminantes (p\u00f3, gorduras, aceites, etc.\u2026) e completamente secas possuindo al\u00e9m disso uma imprima\u00e7\u00e3o anticorrosiva compat\u00edvel com a pintura intumescente com uma classifica\u00e7\u00e3o de rea\u00e7\u00e3o ao fogo bs2d0 ou melhor.<\/p>\n<p style=\"text-align: justify;\">As imprima\u00e7\u00f5es anticorrosivo recomendadas e compat\u00edveis com a pintura intumescente da fam\u00edlia alqu\u00eddicos de um componente.<\/p>\n<p style=\"text-align: justify;\">No caso de superf\u00edcies galvanizadas \u00e9 necess\u00e1rio tratar as superf\u00edcies com uma ponte de uni\u00e3o adequada.<\/p>\n<p style=\"text-align: justify;\">As estruturas revestidas com pintura\u00a0<strong>Teclack-W<\/strong><strong><sup>\u00ae<\/sup><\/strong>\u00a0retardante do fogo sem camada de pintura\u00a0<strong>n\u00e3o devem ser expostas<\/strong>\u00a0aos efeitos da intemp\u00e9rie (ex.: chuva ou humidade, condensa\u00e7\u00e3o forte).<\/p>\n<p style=\"text-align: justify;\">Consultar com o Dpto. T\u00e9cnico.<\/p>\n<p>[\/vc_column_text][\/vc_column][\/vc_row][vc_row][vc_column][vc_empty_space height=&#8221;50px&#8221;]<div class=\"mgt-header-block clearfix text-left text-black wpb_animate_when_almost_visible wpb_top-to-bottom wpb_content_element  mgt-header-block-style-2 mgt-header-texttransform-none  vc_custom_1623666270505\"><h2 class=\"mgt-header-block-title\">Documentos do produto<\/h2><div class=\"mgt-header-line\"><\/div><\/div>[vc_row_inner][vc_column_inner width=&#8221;1\/3&#8243;][vc_raw_html]JTNDZGl2JTIwY2xhc3MlM0QlMjJ3aWRnZXQtZG93bmxvYWQtbGluay13cmFwcGVyJTIyJTNFJTBBJTNDZGl2JTIwY2xhc3MlM0QlMjJ3aWRnZXQtZG93bmxvYWQtaWNvbiUyMiUzRSUzQ2klMjBjbGFzcyUzRCUyMmZhJTIwZmEtZmlsZS1wZGYtbyUyMiUzRSUzQyUyRmklM0UlMEElM0MlMkZkaXYlM0UlMEElM0NkaXYlMjBjbGFzcyUzRCUyMndpZGdldC1kb3dubG9hZC1kZXRhaWxzJTIyJTNFJTBBJTNDZGl2JTIwY2xhc3MlM0QlMjJ3aWRnZXQtZG93bmxvYWQtdGl0bGUlMjIlM0UlM0NzcGFuJTIwY2xhc3MlM0QlMjJkb2N1bWVudG8tcGRmJTIyJTIwb25jbGljayUzRCUyMnNldExvY2F0aW9uJTI4JTI3ZnMtdGVjbGFjay13LXByb3RlY2FvLWVsZW1lbnRvcy1kZS1hY28tcHQlMjclMjklMjIlM0VGaWNoYSUyMGRhJTIwU29sdSVDMyVBNyVDMyVBM28lM0MlMkZzcGFuJTNFJTNDJTJGZGl2JTNFJTBBJTNDZGl2JTIwY2xhc3MlM0QlMjJ3aWRnZXQtZG93bmxvYWQtc3VidGl0bGUlMjIlM0UzMzYlMjBLYiUyQyUyMFBERiUzQyUyRmRpdiUzRSUwQSUzQyUyRmRpdiUzRSUwQSUzQyUyRmRpdiUzRSUwQQ==[\/vc_raw_html][\/vc_column_inner][vc_column_inner width=&#8221;1\/3&#8243;][\/vc_column_inner][vc_column_inner width=&#8221;1\/3&#8243;][\/vc_column_inner][\/vc_row_inner][vc_empty_space height=&#8221;20px&#8221; el_class=&#8221;vc_hidden-sm vc_hidden-xs&#8221;][\/vc_column][\/vc_row][vc_row][vc_column]<div class=\"mgt-header-block clearfix text-left text-black wpb_content_element  mgt-header-block-style-1 mgt-header-texttransform-header \"><h2 class=\"mgt-header-block-title\">Tamb\u00e9m pode te interessar<\/h2><p class=\"mgt-header-block-subtitle\">Prote\u00e7\u00e3o de elementos de a\u00e7o (vigas e pilares) com:<\/p><div class=\"mgt-header-line\"><\/div><\/div>[\/vc_column][\/vc_row][vc_row][vc_column width=&#8221;1\/3&#8243;][vc_btn title=&#8221;Argamassa Tecwool\u00ae F&#8221; style=&#8221;outline-custom&#8221; outline_custom_color=&#8221;#000000&#8243; outline_custom_hover_background=&#8221;#e42413&#8243; outline_custom_hover_text=&#8221;#ffffff&#8221; shape=&#8221;round&#8221; size=&#8221;sm&#8221; align=&#8221;center&#8221; button_block=&#8221;true&#8221; link=&#8221;url:https%3A%2F%2Fmcrtecresa.com%2Fpt%2Fargamassas-tecwool%2Ftecwool-f%2Fproteccao-elementos-acero-vigas-e-pilares&#8221;][\/vc_column][vc_column width=&#8221;1\/3&#8243;][vc_btn title=&#8221;Pain\u00e9is Tecbor\u00ae&#8221; style=&#8221;outline-custom&#8221; outline_custom_color=&#8221;#666666&#8243; outline_custom_hover_background=&#8221;#e42413&#8243; outline_custom_hover_text=&#8221;#ffffff&#8221; shape=&#8221;round&#8221; size=&#8221;sm&#8221; align=&#8221;center&#8221; button_block=&#8221;true&#8221; link=&#8221;url:https%3A%2F%2Fmcrtecresa.com%2Fpt%2Fpaineis-tecbor%2Festrutura-metalica&#8221;][\/vc_column][vc_column width=&#8221;1\/3&#8243;][\/vc_column][\/vc_row][vc_row][vc_column][vc_separator][\/vc_column][\/vc_row][vc_row bg_type=&#8221;bg_color&#8221;][vc_column width=&#8221;1\/3&#8243;]<div class=\"mgt-header-block clearfix text-left text-black wpb_animate_when_almost_visible wpb_top-to-bottom wpb_content_element  mgt-header-block-style-2 mgt-header-texttransform-none  vc_custom_1623666514806\"><h2 class=\"mgt-header-block-title\">Tem alguma d\u00favida? Contata connosco...<\/h2><div class=\"mgt-header-line\"><\/div><\/div>[\/vc_column][vc_column width=&#8221;2\/3&#8243;]\n<div class=\"wpcf7 no-js\" id=\"wpcf7-f45603-o1\" lang=\"es-ES\" dir=\"ltr\" data-wpcf7-id=\"45603\">\n<div class=\"screen-reader-response\"><p role=\"status\" aria-live=\"polite\" aria-atomic=\"true\"><\/p> <ul><\/ul><\/div>\n<form action=\"\/pt\/wp-json\/wp\/v2\/pages\/53106#wpcf7-f45603-o1\" method=\"post\" class=\"wpcf7-form init\" aria-label=\"Contact form\" novalidate=\"novalidate\" data-status=\"init\">\n<fieldset class=\"hidden-fields-container\"><input type=\"hidden\" name=\"_wpcf7\" value=\"45603\" \/><input type=\"hidden\" name=\"_wpcf7_version\" value=\"6.1.5\" \/><input type=\"hidden\" name=\"_wpcf7_locale\" value=\"es_ES\" \/><input type=\"hidden\" name=\"_wpcf7_unit_tag\" value=\"wpcf7-f45603-o1\" \/><input type=\"hidden\" name=\"_wpcf7_container_post\" value=\"0\" \/><input type=\"hidden\" name=\"_wpcf7_posted_data_hash\" value=\"\" \/><input type=\"hidden\" name=\"_wpcf7_recaptcha_response\" value=\"\" \/>\n<\/fieldset>\n<p><label>Seu Nome<br \/>\n<span class=\"wpcf7-form-control-wrap\" data-name=\"your-name\"><input size=\"40\" maxlength=\"400\" class=\"wpcf7-form-control wpcf7-text wpcf7-validates-as-required\" aria-required=\"true\" aria-invalid=\"false\" value=\"\" type=\"text\" name=\"your-name\" \/><\/span> <\/label>\n<\/p>\n<p><label>Seu email<br \/>\n<span class=\"wpcf7-form-control-wrap\" data-name=\"your-email\"><input size=\"40\" maxlength=\"400\" class=\"wpcf7-form-control wpcf7-email wpcf7-validates-as-required wpcf7-text wpcf7-validates-as-email\" aria-required=\"true\" aria-invalid=\"false\" value=\"\" type=\"email\" name=\"your-email\" \/><\/span> <\/label>\n<\/p>\n<p><label>Assunto<br \/>\n<span class=\"wpcf7-form-control-wrap\" data-name=\"your-subject\"><input size=\"40\" maxlength=\"400\" class=\"wpcf7-form-control wpcf7-text\" aria-invalid=\"false\" value=\"\" type=\"text\" name=\"your-subject\" \/><\/span> <\/label>\n<\/p>\n<p><label>Sua mensagem<br \/>\n<span class=\"wpcf7-form-control-wrap\" data-name=\"your-message\"><textarea cols=\"40\" rows=\"10\" maxlength=\"2000\" class=\"wpcf7-form-control wpcf7-textarea\" aria-invalid=\"false\" name=\"your-message\"><\/textarea><\/span> <\/label>\n<\/p>\n<p><span class=\"wpcf7-form-control-wrap\" data-name=\"acceptance-579\"><span class=\"wpcf7-form-control wpcf7-acceptance\"><span class=\"wpcf7-list-item\"><input type=\"checkbox\" name=\"acceptance-579\" value=\"1\" aria-invalid=\"false\" \/><\/span><\/span><\/span> Eu aceito a <a href=\"https:\/\/mcrtecresa.com\/pt\/politica-de-privacidade\"target=\"_blank\">Pol\u00edtica de privacidade<\/a>\n<\/p>\n<p><input class=\"wpcf7-form-control wpcf7-submit has-spinner\" type=\"submit\" value=\"Enviar\" \/>\n<\/p><div class=\"wpcf7-response-output\" aria-hidden=\"true\"><\/div>\n<\/form>\n<\/div>\n[vc_column_text]<\/p>\n<p style=\"text-align: justify;\"><span style=\"font-size: 10px;\">Segundo estabelece o regulamento (EU) 2016\/679 do Parlamento Europeu e do Conselho, de 27 de abril de 2016, TECRESA PROTECCI\u00d3N PASIVA, S.L. informa aos usu\u00e1rios que os dados de carater pessoal que nos proporciona atrav\u00e9s do presente formul\u00e1rio ser\u00e3o tratados pela nossa companhia como respons\u00e1vel desta web. A finalidade da recolhida e tratamento dos dados pessoais que solicitamos \u00e9 para poder regist\u00e1-lo como usu\u00e1rio dos nossos servi\u00e7os que implicar\u00e1 poder enviar nossas publica\u00e7\u00f5es e ofertas, promo\u00e7\u00f5es de produtos e\/ou servi\u00e7os. A legitima\u00e7\u00e3o se realiza atrav\u00e9s do seu pr\u00f3prio consentimento como interessado. Te informamos que os dados que nos facilita n\u00e3o ser\u00e3o cedidos a terceiros. Poder\u00e1 exercer seus direitos de acesso, retifica\u00e7\u00e3o, supress\u00e3o, limita\u00e7\u00e3o de tratamento, portabilidade e esquecimento dos dados em rgpd@mcrtecresa.com\u00a0assim como o direito de apresentar a sua reclama\u00e7\u00e3o ante uma autoridade de controle. Te aconselhamos que amplies a informa\u00e7\u00e3o adicional e detalhada na nossa\u00a0<a href=\"https:\/\/mcrtecresa.com\/pt\/politica-de-privacidade\">Pol\u00edtica de Privacidade<\/a><u>.<\/u><\/span><\/p>\n<p>[\/vc_column_text][\/vc_column][\/vc_row]<\/p>\n<\/div>","protected":false},"excerpt":{"rendered":"<p>[vc_row][vc_column][vc_column_text] [\/vc_column_text][vc_empty_space height=&#8221;10px&#8221;][\/vc_column][\/vc_row][vc_row][vc_column][vc_row_inner][vc_column_inner width=&#8221;2\/3&#8243;][vc_column_text css=&#8221;&#8221;] As estruturas met\u00e1licas de a\u00e7o s\u00e3o um sistema construtivo mundialmente utilizado e estendido. Uma das suas vantagens fundamentais \u00e9 a grande resist\u00eancia que possuem por&#8230;<\/p>\n","protected":false},"author":2,"featured_media":0,"parent":53093,"menu_order":0,"comment_status":"closed","ping_status":"closed","template":"","meta":{"footnotes":""},"class_list":["post-53106","page","type-page","status-publish","hentry"],"yoast_head":"<!-- This site is optimized with the Yoast SEO plugin v27.4 - https:\/\/yoast.com\/product\/yoast-seo-wordpress\/ -->\n<title>Prote\u00e7\u00e3o elementos de a\u00e7o com pintura ign\u00edfuga Teclack-W\u00ae<\/title>\n<meta name=\"description\" content=\"As estruturas met\u00e1licas de a\u00e7o s\u00e3o um sistema construtivo mundialmente utilizado e estendido.Uma das suas vantagens fundamentais \u00e9 ...\" \/>\n<meta name=\"robots\" content=\"index, follow, max-snippet:-1, max-image-preview:large, max-video-preview:-1\" \/>\n<link rel=\"canonical\" href=\"https:\/\/mcrtecresa.com\/pt\/pintura-ignifuga-teclack-w\/protecao-elementos-de-aco\" \/>\n<meta property=\"og:locale\" content=\"pt_PT\" \/>\n<meta property=\"og:type\" content=\"article\" \/>\n<meta property=\"og:title\" content=\"Prote\u00e7\u00e3o elementos de a\u00e7o com pintura ign\u00edfuga Teclack-W\u00ae\" \/>\n<meta property=\"og:description\" content=\"As estruturas met\u00e1licas de a\u00e7o s\u00e3o um sistema construtivo mundialmente utilizado e estendido.Uma das suas vantagens fundamentais \u00e9 ...\" \/>\n<meta property=\"og:url\" content=\"https:\/\/mcrtecresa.com\/pt\/pintura-ignifuga-teclack-w\/protecao-elementos-de-aco\" \/>\n<meta property=\"og:site_name\" content=\"Mcr Tecresa\" \/>\n<meta property=\"article:modified_time\" content=\"2025-09-25T06:31:16+00:00\" \/>\n<meta property=\"og:image\" content=\"https:\/\/mcrtecresa.com\/wp-content\/uploads\/2025\/07\/Logo-Original-1.png\" \/>\n\t<meta property=\"og:image:width\" content=\"195\" \/>\n\t<meta property=\"og:image:height\" content=\"46\" \/>\n\t<meta property=\"og:image:type\" content=\"image\/png\" \/>\n<meta name=\"twitter:card\" content=\"summary_large_image\" \/>\n<meta name=\"twitter:label1\" content=\"Est. reading time\" \/>\n\t<meta name=\"twitter:data1\" content=\"3 minutes\" \/>\n<script type=\"application\/ld+json\" class=\"yoast-schema-graph\">{\"@context\":\"https:\\\/\\\/schema.org\",\"@graph\":[{\"@type\":\"WebPage\",\"@id\":\"https:\\\/\\\/mcrtecresa.com\\\/pt\\\/pintura-ignifuga-teclack-w\\\/protecao-elementos-de-aco\",\"url\":\"https:\\\/\\\/mcrtecresa.com\\\/pt\\\/pintura-ignifuga-teclack-w\\\/protecao-elementos-de-aco\",\"name\":\"Prote\u00e7\u00e3o elementos de a\u00e7o com pintura ign\u00edfuga Teclack-W\u00ae\",\"isPartOf\":{\"@id\":\"https:\\\/\\\/mcrtecresa.com\\\/#website\"},\"datePublished\":\"2018-04-10T14:57:14+00:00\",\"dateModified\":\"2025-09-25T06:31:16+00:00\",\"description\":\"As estruturas met\u00e1licas de a\u00e7o s\u00e3o um sistema construtivo mundialmente utilizado e estendido.Uma das suas vantagens fundamentais \u00e9 ...\",\"breadcrumb\":{\"@id\":\"https:\\\/\\\/mcrtecresa.com\\\/pt\\\/pintura-ignifuga-teclack-w\\\/protecao-elementos-de-aco#breadcrumb\"},\"inLanguage\":\"pt\",\"potentialAction\":[{\"@type\":\"ReadAction\",\"target\":[\"https:\\\/\\\/mcrtecresa.com\\\/pt\\\/pintura-ignifuga-teclack-w\\\/protecao-elementos-de-aco\"]}]},{\"@type\":\"BreadcrumbList\",\"@id\":\"https:\\\/\\\/mcrtecresa.com\\\/pt\\\/pintura-ignifuga-teclack-w\\\/protecao-elementos-de-aco#breadcrumb\",\"itemListElement\":[{\"@type\":\"ListItem\",\"position\":1,\"name\":\"mcr tecresa\u00ae\",\"item\":\"https:\\\/\\\/mcrtecresa.com\\\/pt\"},{\"@type\":\"ListItem\",\"position\":2,\"name\":\"Pintura Ign\u00edfuga Teclack\u00ae\",\"item\":\"https:\\\/\\\/mcrtecresa.com\\\/pt\\\/pintura-ignifuga-teclack-w\"},{\"@type\":\"ListItem\",\"position\":3,\"name\":\"Teclack-W\u00ae Prote\u00e7\u00e3o elementos de a\u00e7o (vigas e pilares)\"}]},{\"@type\":\"WebSite\",\"@id\":\"https:\\\/\\\/mcrtecresa.com\\\/#website\",\"url\":\"https:\\\/\\\/mcrtecresa.com\\\/\",\"name\":\"Mcr Tecresa\",\"description\":\"Empresa l\u00edder en protecci\u00f3n pasiva contra incendios\",\"publisher\":{\"@id\":\"https:\\\/\\\/mcrtecresa.com\\\/#organization\"},\"alternateName\":\"Protecci\u00f3n Pasiva Contra Incendios\",\"potentialAction\":[{\"@type\":\"SearchAction\",\"target\":{\"@type\":\"EntryPoint\",\"urlTemplate\":\"https:\\\/\\\/mcrtecresa.com\\\/?s={search_term_string}\"},\"query-input\":{\"@type\":\"PropertyValueSpecification\",\"valueRequired\":true,\"valueName\":\"search_term_string\"}}],\"inLanguage\":\"pt\"},{\"@type\":\"Organization\",\"@id\":\"https:\\\/\\\/mcrtecresa.com\\\/#organization\",\"name\":\"Mcr Tecresa\",\"url\":\"https:\\\/\\\/mcrtecresa.com\\\/\",\"logo\":{\"@type\":\"ImageObject\",\"inLanguage\":\"pt\",\"@id\":\"https:\\\/\\\/mcrtecresa.com\\\/#\\\/schema\\\/logo\\\/image\\\/\",\"url\":\"https:\\\/\\\/mcrtecresa.com\\\/wp-content\\\/uploads\\\/2025\\\/07\\\/Logo-Original-1.png\",\"contentUrl\":\"https:\\\/\\\/mcrtecresa.com\\\/wp-content\\\/uploads\\\/2025\\\/07\\\/Logo-Original-1.png\",\"width\":195,\"height\":46,\"caption\":\"Mcr Tecresa\"},\"image\":{\"@id\":\"https:\\\/\\\/mcrtecresa.com\\\/#\\\/schema\\\/logo\\\/image\\\/\"},\"sameAs\":[\"https:\\\/\\\/www.linkedin.com\\\/company\\\/mcrtecresa\",\"https:\\\/\\\/www.youtube.com\\\/@Mcrtecresa\"]}]}<\/script>\n<!-- \/ Yoast SEO plugin. -->","yoast_head_json":{"title":"Prote\u00e7\u00e3o elementos de a\u00e7o com pintura ign\u00edfuga Teclack-W\u00ae","description":"As estruturas met\u00e1licas de a\u00e7o s\u00e3o um sistema construtivo mundialmente utilizado e estendido.Uma das suas vantagens fundamentais \u00e9 ...","robots":{"index":"index","follow":"follow","max-snippet":"max-snippet:-1","max-image-preview":"max-image-preview:large","max-video-preview":"max-video-preview:-1"},"canonical":"https:\/\/mcrtecresa.com\/pt\/pintura-ignifuga-teclack-w\/protecao-elementos-de-aco","og_locale":"pt_PT","og_type":"article","og_title":"Prote\u00e7\u00e3o elementos de a\u00e7o com pintura ign\u00edfuga Teclack-W\u00ae","og_description":"As estruturas met\u00e1licas de a\u00e7o s\u00e3o um sistema construtivo mundialmente utilizado e estendido.Uma das suas vantagens fundamentais \u00e9 ...","og_url":"https:\/\/mcrtecresa.com\/pt\/pintura-ignifuga-teclack-w\/protecao-elementos-de-aco","og_site_name":"Mcr Tecresa","article_modified_time":"2025-09-25T06:31:16+00:00","og_image":[{"width":195,"height":46,"url":"https:\/\/mcrtecresa.com\/wp-content\/uploads\/2025\/07\/Logo-Original-1.png","type":"image\/png"}],"twitter_card":"summary_large_image","twitter_misc":{"Est. reading time":"3 minutes"},"schema":{"@context":"https:\/\/schema.org","@graph":[{"@type":"WebPage","@id":"https:\/\/mcrtecresa.com\/pt\/pintura-ignifuga-teclack-w\/protecao-elementos-de-aco","url":"https:\/\/mcrtecresa.com\/pt\/pintura-ignifuga-teclack-w\/protecao-elementos-de-aco","name":"Prote\u00e7\u00e3o elementos de a\u00e7o com pintura ign\u00edfuga Teclack-W\u00ae","isPartOf":{"@id":"https:\/\/mcrtecresa.com\/#website"},"datePublished":"2018-04-10T14:57:14+00:00","dateModified":"2025-09-25T06:31:16+00:00","description":"As estruturas met\u00e1licas de a\u00e7o s\u00e3o um sistema construtivo mundialmente utilizado e estendido.Uma das suas vantagens fundamentais \u00e9 ...","breadcrumb":{"@id":"https:\/\/mcrtecresa.com\/pt\/pintura-ignifuga-teclack-w\/protecao-elementos-de-aco#breadcrumb"},"inLanguage":"pt","potentialAction":[{"@type":"ReadAction","target":["https:\/\/mcrtecresa.com\/pt\/pintura-ignifuga-teclack-w\/protecao-elementos-de-aco"]}]},{"@type":"BreadcrumbList","@id":"https:\/\/mcrtecresa.com\/pt\/pintura-ignifuga-teclack-w\/protecao-elementos-de-aco#breadcrumb","itemListElement":[{"@type":"ListItem","position":1,"name":"mcr tecresa\u00ae","item":"https:\/\/mcrtecresa.com\/pt"},{"@type":"ListItem","position":2,"name":"Pintura Ign\u00edfuga Teclack\u00ae","item":"https:\/\/mcrtecresa.com\/pt\/pintura-ignifuga-teclack-w"},{"@type":"ListItem","position":3,"name":"Teclack-W\u00ae Prote\u00e7\u00e3o elementos de a\u00e7o (vigas e pilares)"}]},{"@type":"WebSite","@id":"https:\/\/mcrtecresa.com\/#website","url":"https:\/\/mcrtecresa.com\/","name":"Mcr Tecresa","description":"Empresa l\u00edder en protecci\u00f3n pasiva contra incendios","publisher":{"@id":"https:\/\/mcrtecresa.com\/#organization"},"alternateName":"Protecci\u00f3n Pasiva Contra Incendios","potentialAction":[{"@type":"SearchAction","target":{"@type":"EntryPoint","urlTemplate":"https:\/\/mcrtecresa.com\/?s={search_term_string}"},"query-input":{"@type":"PropertyValueSpecification","valueRequired":true,"valueName":"search_term_string"}}],"inLanguage":"pt"},{"@type":"Organization","@id":"https:\/\/mcrtecresa.com\/#organization","name":"Mcr Tecresa","url":"https:\/\/mcrtecresa.com\/","logo":{"@type":"ImageObject","inLanguage":"pt","@id":"https:\/\/mcrtecresa.com\/#\/schema\/logo\/image\/","url":"https:\/\/mcrtecresa.com\/wp-content\/uploads\/2025\/07\/Logo-Original-1.png","contentUrl":"https:\/\/mcrtecresa.com\/wp-content\/uploads\/2025\/07\/Logo-Original-1.png","width":195,"height":46,"caption":"Mcr Tecresa"},"image":{"@id":"https:\/\/mcrtecresa.com\/#\/schema\/logo\/image\/"},"sameAs":["https:\/\/www.linkedin.com\/company\/mcrtecresa","https:\/\/www.youtube.com\/@Mcrtecresa"]}]}},"_links":{"self":[{"href":"https:\/\/mcrtecresa.com\/pt\/wp-json\/wp\/v2\/pages\/53106","targetHints":{"allow":["GET"]}}],"collection":[{"href":"https:\/\/mcrtecresa.com\/pt\/wp-json\/wp\/v2\/pages"}],"about":[{"href":"https:\/\/mcrtecresa.com\/pt\/wp-json\/wp\/v2\/types\/page"}],"author":[{"embeddable":true,"href":"https:\/\/mcrtecresa.com\/pt\/wp-json\/wp\/v2\/users\/2"}],"replies":[{"embeddable":true,"href":"https:\/\/mcrtecresa.com\/pt\/wp-json\/wp\/v2\/comments?post=53106"}],"version-history":[{"count":0,"href":"https:\/\/mcrtecresa.com\/pt\/wp-json\/wp\/v2\/pages\/53106\/revisions"}],"up":[{"embeddable":true,"href":"https:\/\/mcrtecresa.com\/pt\/wp-json\/wp\/v2\/pages\/53093"}],"wp:attachment":[{"href":"https:\/\/mcrtecresa.com\/pt\/wp-json\/wp\/v2\/media?parent=53106"}],"curies":[{"name":"wp","href":"https:\/\/api.w.org\/{rel}","templated":true}]}}