{"id":53036,"date":"2018-03-02T03:39:19","date_gmt":"2018-03-02T01:39:19","guid":{"rendered":"https:\/\/mcrtecresa.com\/painel-tecbor-y\/tabique-tecbor-25mm"},"modified":"2025-09-24T13:22:50","modified_gmt":"2025-09-24T11:22:50","slug":"divisoria-25mm-ei180","status":"publish","type":"page","link":"https:\/\/mcrtecresa.com\/pt\/painel-tecbor-y\/divisoria-25mm-ei180","title":{"rendered":"Tecbor\u00ae Y &#8211; Divis\u00f3ria 25 mm EI-180"},"content":{"rendered":"<div class=\"wpb-content-wrapper\"><p>[vc_row][vc_column][vc_column_text]<\/p>\n<pre><code class=\"html hljs xml\"><span><span><a href=\"https:\/\/mcrtecresa.com\/pt\">mcr tecresa\u00ae<\/a><\/span><\/span><\/code><\/pre>\n<p>[\/vc_column_text][\/vc_column][\/vc_row][vc_row full_width=&#8221;stretch_row&#8221;][vc_column]<div class=\"mgt-header-block clearfix text-left text-black wpb_animate_when_almost_visible wpb_top-to-bottom wpb_content_element  mgt-header-block-style-2 mgt-header-texttransform-none  vc_custom_1623652065356\"><h2 class=\"mgt-header-block-title\">Solu\u00e7\u00f5es Construtivas do Tecbor\u00ae Y<\/h2><div class=\"mgt-header-line\"><\/div><\/div>[vc_row_inner][vc_column_inner width=&#8221;1\/4&#8243;][vc_btn title=&#8221;Faixa de encontro corta-fogos EI-60&#8243; style=&#8221;outline-custom&#8221; outline_custom_color=&#8221;#000000&#8243; outline_custom_hover_background=&#8221;#666666&#8243; outline_custom_hover_text=&#8221;#ffffff&#8221; shape=&#8221;round&#8221; size=&#8221;sm&#8221; align=&#8221;center&#8221; button_block=&#8221;true&#8221; link=&#8221;url:https%3A%2F%2Fmcrtecresa.com%2Fpt%2Fpainel-tecbor-y%2Ffaixas-de-encontro-corta-fogos-tecbor-y&#8221;][\/vc_column_inner][vc_column_inner width=&#8221;1\/4&#8243;][vc_btn title=&#8221;Divis\u00f3ria Tecbor\u00ae Y 25 mm EI-180&#8243; style=&#8221;custom&#8221; custom_background=&#8221;#e42413&#8243; custom_text=&#8221;#ffffff&#8221; shape=&#8221;round&#8221; size=&#8221;sm&#8221; align=&#8221;center&#8221; button_block=&#8221;true&#8221; link=&#8221;url:%23&#8243;][\/vc_column_inner][vc_column_inner width=&#8221;1\/4&#8243;][vc_btn title=&#8221;Faixas de encontro corta-fogos 25+25 mm EI-120 \/ EI-180&#8243; style=&#8221;outline-custom&#8221; outline_custom_color=&#8221;#000000&#8243; outline_custom_hover_background=&#8221;#666666&#8243; outline_custom_hover_text=&#8221;#ffffff&#8221; shape=&#8221;round&#8221; size=&#8221;sm&#8221; align=&#8221;center&#8221; button_block=&#8221;true&#8221; link=&#8221;url:https%3A%2F%2Fmcrtecresa.com%2Fpt%2Fpainel-tecbor-y%2Ffaixas-encontro-corta-fogos-tecbor-y-2525&#8243;][\/vc_column_inner][vc_column_inner width=&#8221;1\/4&#8243;][\/vc_column_inner][\/vc_row_inner][\/vc_column][\/vc_row][vc_row full_width=&#8221;stretch_row&#8221;][vc_column][vc_empty_space height=&#8221;60px&#8221;]<div class=\"mgt-header-block clearfix text-left text-black wpb_animate_when_almost_visible wpb_top-to-bottom wpb_content_element  mgt-header-block-style-1 mgt-header-texttransform-none  vc_custom_1623652994504\"><h1 class=\"mgt-header-block-title\">Tecbor\u00ae Y - Divis\u00f3ria 25 mm EI-180<\/h1><div class=\"mgt-header-line\"><\/div><\/div>[vc_row_inner equal_height=&#8221;yes&#8221; content_placement=&#8221;middle&#8221;][vc_column_inner width=&#8221;2\/3&#8243;][vc_column_text css=&#8221;&#8221;]<\/p>\n<p style=\"text-align: justify;\">As paredes n\u00e3o portantes que realizam funciones de separa\u00e7\u00e3o entre setores de inc\u00eandio, devem ter uma resist\u00eancia ao fogo como indica-se na normativa\u00a0<strong>UNE EN 1364-1.<\/strong><\/p>\n<p style=\"text-align: justify;\">Quando na realiza\u00e7\u00e3o do ensaio de resist\u00eancia ao fogo de elementos n\u00e3o portantes, parte 1: paredes, deixa-se uma banda livre, a normativa permite aumentar as dimensiones na largura.<\/p>\n<p style=\"text-align: justify;\">Ao respeito da amplia\u00e7\u00e3o em altura, a normativa \u00e9 clara e concisa. Quando a constru\u00e7\u00e3o se ensaie com um m\u00ednimo de 3 metros, \u00e9 poss\u00edvel aument\u00e1-la at\u00e9 4 metros.<\/p>\n<p style=\"text-align: justify;\">Em numerosas ocasi\u00f5es nos encontramos com divis\u00f3rias superiores a 4 metros. \u00a0<strong>mcr tecresa<sup>\u00ae<\/sup><\/strong>\u00a0\u00e9 pioneira no desenvolvimento de divis\u00f3rias de grandes dimensiones e prop\u00f5em a solu\u00e7\u00e3o mais eficiente e confort\u00e1vel para este tipo de trabalhos.<\/p>\n<p style=\"text-align: justify;\">Por outra parte, cada vez que se rompa a setoriza\u00e7\u00e3o das divis\u00f5es, como por exemplo com a passagem de instala\u00e7\u00f5es, \u00e9 necess\u00e1rio selar os vazios produzidos pela mesma. Consultar o cat\u00e1logo de\u00a0<a href=\"https:\/\/mcrtecresa.com\/pt\/sistemas-de-selagem-tecsel\"><strong>Sistemas de Selagens Tecsel<\/strong><strong><sup>\u00ae<\/sup><\/strong><\/a>\u00a0para encontrar a solu\u00e7\u00e3o mais adequada.<\/p>\n<p>[\/vc_column_text][\/vc_column_inner][vc_column_inner width=&#8221;1\/3&#8243;][vc_single_image image=&#8221;58646&#8243; img_size=&#8221;full&#8221; alignment=&#8221;center&#8221; style=&#8221;vc_box_rounded&#8221; onclick=&#8221;link_image&#8221; css=&#8221;.vc_custom_1611150578325{margin-top: 3rem !important;}&#8221;][\/vc_column_inner][\/vc_row_inner][vc_empty_space height=&#8221;40px&#8221;][\/vc_column][\/vc_row][vc_row][vc_column width=&#8221;1\/2&#8243; el_class=&#8221;bordersolution&#8221;][vc_empty_space][vc_single_image image=&#8221;53039&#8243; img_size=&#8221;large&#8221; alignment=&#8221;center&#8221; onclick=&#8221;link_image&#8221;][vc_row_inner css=&#8221;.vc_custom_1519682527087{padding-right: 3rem !important;padding-left: 3rem !important;}&#8221;][vc_column_inner width=&#8221;1\/2&#8243;]<div class=\"mgt-header-block clearfix text-left text-black wpb_animate_when_almost_visible wpb_top-to-bottom wpb_content_element  mgt-header-block-style-2 mgt-header-texttransform-none  vc_custom_1623653070926\"><h2 class=\"mgt-header-block-title\">Ensaio<\/h2><div class=\"mgt-header-line\"><\/div><\/div>[vc_column_text]<b>Norma<\/b>: UNE EN 1366-1<br \/>\n<b>Laborat\u00f3rio<\/b>: TECNALIA<br \/>\n<b>N\u00ba ensaio<\/b>: 24237[\/vc_column_text][\/vc_column_inner][vc_column_inner width=&#8221;1\/2&#8243;]<div class=\"mgt-header-block clearfix text-left text-black wpb_animate_when_almost_visible wpb_top-to-bottom wpb_content_element  mgt-header-block-style-2 mgt-header-texttransform-none  vc_custom_1623653116517\"><h2 class=\"mgt-header-block-title\">Solu\u00e7\u00e3o<\/h2><div class=\"mgt-header-line\"><\/div><\/div>[vc_column_text]<span style=\"color: #ff0000;\"><strong>1.<\/strong><\/span> Pain\u00e9is <strong>Tecbor<sup>\u00ae<\/sup> Y<\/strong> 25 mm.<br \/>\n<span style=\"color: #ff0000;\"><strong>2.<\/strong><\/span> Parafuso auto-roscante de 3,5&#215;35 mm.<br \/>\n<span style=\"color: #ff0000;\"><strong>3.<\/strong><\/span> L\u00e3 de rocha de 40 mm e 40 kg\/m3.<br \/>\n<span style=\"color: #ff0000;\"><strong>4.<\/strong><\/span> Montante de 46x36x0,6 mm.[\/vc_column_text][\/vc_column_inner][\/vc_row_inner][\/vc_column][vc_column width=&#8221;1\/2&#8243; css=&#8221;.vc_custom_1519682712284{padding-left: 2rem !important;}&#8221;]<div class=\"mgt-header-block clearfix text-left text-black wpb_animate_when_almost_visible wpb_top-to-bottom wpb_content_element  mgt-header-block-style-2 mgt-header-texttransform-none  vc_custom_1623653199696\"><h2 class=\"mgt-header-block-title\">Descri\u00e7\u00e3o de Montagem<\/h2><div class=\"mgt-header-line\"><\/div><\/div>[vc_column_text]<\/p>\n<ul>\n<li style=\"text-align: justify;\">Fixar as canaletas de 46x30x0,5 mm mediante bucha met\u00e1lica M6 cada 250-300 mm. Completar a dobre estrutura met\u00e1lica com montantes de 46x36x0,5 mm separados 600 mm entre eixos.<\/li>\n<li style=\"text-align: justify;\">Colocar os pain\u00e9is de l\u00e3 de rocha entre os montantes. A continua\u00e7\u00e3o fixar as duas camadas de pain\u00e9is\u00a0<strong>Tecbor<\/strong><strong><sup>\u00ae<\/sup><\/strong><strong>\u00a0Y<\/strong>\u00a0de 25 mm a ambos lados com parafusos auto- roscantes de 3,5\u00d735 mm cada 200-250 mm.<\/li>\n<li style=\"text-align: justify;\">Para finalizar cobrem-se as juntas entre os pain\u00e9is e as cabe\u00e7as dos parafusos com\u00a0<a href=\"https:\/\/mcrtecresa.com\/pt\/sistemas-de-selagem-tecsel\/pasta-de-juntas-preparada\"><strong>pasta de juntas<\/strong>\u00a0<strong>Tecbor<\/strong><strong><sup>\u00ae<\/sup><\/strong><\/a>.<\/li>\n<li style=\"text-align: justify;\"><\/li>\n<\/ul>\n<p>[\/vc_column_text][\/vc_column][\/vc_row][vc_row][vc_column][vc_empty_space height=&#8221;50px&#8221;]<div class=\"mgt-header-block clearfix text-left text-black wpb_animate_when_almost_visible wpb_top-to-bottom wpb_content_element  mgt-header-block-style-2 mgt-header-texttransform-none  vc_custom_1623653332491\"><h2 class=\"mgt-header-block-title\">Documentos do produto<\/h2><div class=\"mgt-header-line\"><\/div><\/div>[vc_row_inner][vc_column_inner width=&#8221;1\/3&#8243;][vc_raw_html]JTNDZGl2JTIwY2xhc3MlM0QlMjJ3aWRnZXQtZG93bmxvYWQtbGluay13cmFwcGVyJTIyJTNFJTBBJTNDZGl2JTIwY2xhc3MlM0QlMjJ3aWRnZXQtZG93bmxvYWQtaWNvbiUyMiUzRSUzQ2klMjBjbGFzcyUzRCUyMmZhJTIwZmEtZmlsZS1wZGYtbyUyMiUzRSUzQyUyRmklM0UlMEElM0MlMkZkaXYlM0UlMEElM0NkaXYlMjBjbGFzcyUzRCUyMndpZGdldC1kb3dubG9hZC1kZXRhaWxzJTIyJTNFJTBBJTNDZGl2JTIwY2xhc3MlM0QlMjJ3aWRnZXQtZG93bmxvYWQtdGl0bGUlMjIlM0UlM0NzcGFuJTIwY2xhc3MlM0QlMjJkb2N1bWVudG8tcGRmJTIyJTIwb25jbGljayUzRCUyMnNldExvY2F0aW9uJTI4JTI3c2MtZGl2aXNvcmlhLXRlY2Jvci15LTI1bW0tZWkxODAtcHQlMjclMjklMjIlM0VGaWNoYSUyMHBhcmElMjBkb3dubG9hZCUzQyUyRnNwYW4lM0UlM0MlMkZkaXYlM0UlMEElM0NkaXYlMjBjbGFzcyUzRCUyMndpZGdldC1kb3dubG9hZC1zdWJ0aXRsZSUyMiUzRTElMjBNYiUyQyUyMFBERiUzQyUyRmRpdiUzRSUwQSUzQyUyRmRpdiUzRSUwQSUzQyUyRmRpdiUzRSUwQQ==[\/vc_raw_html][\/vc_column_inner][vc_column_inner width=&#8221;1\/3&#8243;][\/vc_column_inner][vc_column_inner width=&#8221;1\/3&#8243;][\/vc_column_inner][\/vc_row_inner][vc_empty_space height=&#8221;20px&#8221; el_class=&#8221;vc_hidden-sm vc_hidden-xs&#8221;][\/vc_column][\/vc_row][vc_row][vc_column][vc_separator][\/vc_column][\/vc_row][vc_row bg_type=&#8221;bg_color&#8221;][vc_column width=&#8221;1\/3&#8243;]<div class=\"mgt-header-block clearfix text-left text-black wpb_animate_when_almost_visible wpb_top-to-bottom wpb_content_element  mgt-header-block-style-2 mgt-header-texttransform-none  vc_custom_1623653507243\"><h2 class=\"mgt-header-block-title\">Alguma d\u00favida dos nossos Produtos ou Servi\u00e7os? Contate connosco...<\/h2><div class=\"mgt-header-line\"><\/div><\/div>[\/vc_column][vc_column width=&#8221;2\/3&#8243;]\n<div class=\"wpcf7 no-js\" id=\"wpcf7-f45603-o1\" lang=\"es-ES\" dir=\"ltr\" data-wpcf7-id=\"45603\">\n<div class=\"screen-reader-response\"><p role=\"status\" aria-live=\"polite\" aria-atomic=\"true\"><\/p> <ul><\/ul><\/div>\n<form action=\"\/pt\/wp-json\/wp\/v2\/pages\/53036#wpcf7-f45603-o1\" method=\"post\" class=\"wpcf7-form init\" aria-label=\"Contact form\" novalidate=\"novalidate\" data-status=\"init\">\n<fieldset class=\"hidden-fields-container\"><input type=\"hidden\" name=\"_wpcf7\" value=\"45603\" \/><input type=\"hidden\" name=\"_wpcf7_version\" value=\"6.1.5\" \/><input type=\"hidden\" name=\"_wpcf7_locale\" value=\"es_ES\" \/><input type=\"hidden\" name=\"_wpcf7_unit_tag\" value=\"wpcf7-f45603-o1\" \/><input type=\"hidden\" name=\"_wpcf7_container_post\" value=\"0\" \/><input type=\"hidden\" name=\"_wpcf7_posted_data_hash\" value=\"\" \/><input type=\"hidden\" name=\"_wpcf7_recaptcha_response\" value=\"\" \/>\n<\/fieldset>\n<p><label>Seu Nome<br \/>\n<span class=\"wpcf7-form-control-wrap\" data-name=\"your-name\"><input size=\"40\" maxlength=\"400\" class=\"wpcf7-form-control wpcf7-text wpcf7-validates-as-required\" aria-required=\"true\" aria-invalid=\"false\" value=\"\" type=\"text\" name=\"your-name\" \/><\/span> <\/label>\n<\/p>\n<p><label>Seu email<br \/>\n<span class=\"wpcf7-form-control-wrap\" data-name=\"your-email\"><input size=\"40\" maxlength=\"400\" class=\"wpcf7-form-control wpcf7-email wpcf7-validates-as-required wpcf7-text wpcf7-validates-as-email\" aria-required=\"true\" aria-invalid=\"false\" value=\"\" type=\"email\" name=\"your-email\" \/><\/span> <\/label>\n<\/p>\n<p><label>Assunto<br \/>\n<span class=\"wpcf7-form-control-wrap\" data-name=\"your-subject\"><input size=\"40\" maxlength=\"400\" class=\"wpcf7-form-control wpcf7-text\" aria-invalid=\"false\" value=\"\" type=\"text\" name=\"your-subject\" \/><\/span> <\/label>\n<\/p>\n<p><label>Sua mensagem<br \/>\n<span class=\"wpcf7-form-control-wrap\" data-name=\"your-message\"><textarea cols=\"40\" rows=\"10\" maxlength=\"2000\" class=\"wpcf7-form-control wpcf7-textarea\" aria-invalid=\"false\" name=\"your-message\"><\/textarea><\/span> <\/label>\n<\/p>\n<p><span class=\"wpcf7-form-control-wrap\" data-name=\"acceptance-579\"><span class=\"wpcf7-form-control wpcf7-acceptance\"><span class=\"wpcf7-list-item\"><input type=\"checkbox\" name=\"acceptance-579\" value=\"1\" aria-invalid=\"false\" \/><\/span><\/span><\/span> Eu aceito a <a href=\"https:\/\/mcrtecresa.com\/pt\/politica-de-privacidade\"target=\"_blank\">Pol\u00edtica de privacidade<\/a>\n<\/p>\n<p><input class=\"wpcf7-form-control wpcf7-submit has-spinner\" type=\"submit\" value=\"Enviar\" \/>\n<\/p><div class=\"wpcf7-response-output\" aria-hidden=\"true\"><\/div>\n<\/form>\n<\/div>\n[vc_column_text]<\/p>\n<p style=\"text-align: justify;\"><span style=\"font-size: 10px;\">Segundo estabelece o regulamento (EU) 2016\/679 do Parlamento Europeu e do Conselho, de 27 de abril de 2016, TECRESA PROTECCI\u00d3N PASIVA, S.L. informa aos usu\u00e1rios que os dados de carater pessoal que nos proporciona atrav\u00e9s do presente formul\u00e1rio ser\u00e3o tratados pela nossa companhia como respons\u00e1vel desta web. A finalidade da recolhida e tratamento dos dados pessoais que solicitamos \u00e9 para poder regist\u00e1-lo como usu\u00e1rio dos nossos servi\u00e7os que implicar\u00e1 poder enviar nossas publica\u00e7\u00f5es e ofertas, promo\u00e7\u00f5es de produtos e\/ou servi\u00e7os. A legitima\u00e7\u00e3o se realiza atrav\u00e9s do seu pr\u00f3prio consentimento como interessado. Te informamos que os dados que nos facilita n\u00e3o ser\u00e3o cedidos a terceiros. Poder\u00e1 exercer seus direitos de acesso, retifica\u00e7\u00e3o, supress\u00e3o, limita\u00e7\u00e3o de tratamento, portabilidade e esquecimento dos dados em rgpd@mcrtecresa.com\u00a0assim como o direito de apresentar a sua reclama\u00e7\u00e3o ante uma autoridade de controle. Te aconselhamos que amplies a informa\u00e7\u00e3o adicional e detalhada na nossa\u00a0<a href=\"https:\/\/mcrtecresa.com\/pt\/politica-de-privacidade\">Pol\u00edtica de Privacidade<\/a><u>.<\/u><\/span><\/p>\n<p>[\/vc_column_text][\/vc_column][\/vc_row]<\/p>\n<\/div>","protected":false},"excerpt":{"rendered":"<p>[vc_row][vc_column][vc_column_text] [\/vc_column_text][\/vc_column][\/vc_row][vc_row full_width=&#8221;stretch_row&#8221;][vc_column][vc_row_inner][vc_column_inner width=&#8221;1\/4&#8243;][vc_btn title=&#8221;Faixa de encontro corta-fogos EI-60&#8243; style=&#8221;outline-custom&#8221; outline_custom_color=&#8221;#000000&#8243; outline_custom_hover_background=&#8221;#666666&#8243; outline_custom_hover_text=&#8221;#ffffff&#8221; shape=&#8221;round&#8221; size=&#8221;sm&#8221; align=&#8221;center&#8221; button_block=&#8221;true&#8221; link=&#8221;url:https%3A%2F%2Fmcrtecresa.com%2Fpt%2Fpainel-tecbor-y%2Ffaixas-de-encontro-corta-fogos-tecbor-y&#8221;][\/vc_column_inner][vc_column_inner width=&#8221;1\/4&#8243;][vc_btn title=&#8221;Divis\u00f3ria Tecbor\u00ae Y 25 mm EI-180&#8243; style=&#8221;custom&#8221; custom_background=&#8221;#e42413&#8243; custom_text=&#8221;#ffffff&#8221; shape=&#8221;round&#8221; size=&#8221;sm&#8221;&#8230;<\/p>\n","protected":false},"author":2,"featured_media":0,"parent":53007,"menu_order":0,"comment_status":"closed","ping_status":"closed","template":"","meta":{"footnotes":""},"class_list":["post-53036","page","type-page","status-publish","hentry"],"yoast_head":"<!-- This site is optimized with the Yoast SEO plugin v27.4 - https:\/\/yoast.com\/product\/yoast-seo-wordpress\/ -->\n<title>Divis\u00f3rias corta-fogos Tecbor\u00ae Y 25 mm - mercor tecresa\u00ae<\/title>\n<meta name=\"description\" content=\"Divis\u00f3rias corta-fogos Tecbor\u00ae Y 25 mm com pain\u00e9is ign\u00edfugos r\u00edgidos fabricados e projetados por mercor tecresa\u00ae alcan\u00e7ando uma resist\u00eancia de at\u00e9 180 minutos.\" \/>\n<meta name=\"robots\" content=\"index, follow, max-snippet:-1, max-image-preview:large, max-video-preview:-1\" \/>\n<link rel=\"canonical\" href=\"https:\/\/mcrtecresa.com\/pt\/painel-tecbor-y\/faixas-de-encontro-corta-fogos-tecbor-y\" \/>\n<meta property=\"og:locale\" content=\"pt_PT\" \/>\n<meta property=\"og:type\" content=\"article\" \/>\n<meta property=\"og:title\" content=\"Divis\u00f3rias corta-fogos Tecbor\u00ae Y 25 mm - mercor tecresa\u00ae\" \/>\n<meta property=\"og:description\" content=\"Divis\u00f3rias corta-fogos Tecbor\u00ae Y 25 mm com pain\u00e9is ign\u00edfugos r\u00edgidos fabricados e projetados por mercor tecresa\u00ae alcan\u00e7ando uma resist\u00eancia de at\u00e9 180 minutos.\" \/>\n<meta property=\"og:url\" content=\"https:\/\/mcrtecresa.com\/pt\/painel-tecbor-y\/faixas-de-encontro-corta-fogos-tecbor-y\" \/>\n<meta property=\"og:site_name\" content=\"Mcr Tecresa\" \/>\n<meta property=\"article:modified_time\" content=\"2025-09-24T11:22:50+00:00\" \/>\n<meta property=\"og:image\" content=\"https:\/\/mcrtecresa.com\/wp-content\/uploads\/2025\/07\/Logo-Original-1.png\" \/>\n\t<meta property=\"og:image:width\" content=\"195\" \/>\n\t<meta property=\"og:image:height\" content=\"46\" \/>\n\t<meta property=\"og:image:type\" content=\"image\/png\" \/>\n<meta name=\"twitter:card\" content=\"summary_large_image\" \/>\n<meta name=\"twitter:label1\" content=\"Est. reading time\" \/>\n\t<meta name=\"twitter:data1\" content=\"3 minutes\" \/>\n<script type=\"application\/ld+json\" class=\"yoast-schema-graph\">{\"@context\":\"https:\\\/\\\/schema.org\",\"@graph\":[{\"@type\":\"WebPage\",\"@id\":\"https:\\\/\\\/mcrtecresa.com\\\/pt\\\/painel-tecbor-y\\\/divisoria-25mm-ei180\",\"url\":\"https:\\\/\\\/mcrtecresa.com\\\/pt\\\/painel-tecbor-y\\\/faixas-de-encontro-corta-fogos-tecbor-y\",\"name\":\"Divis\u00f3rias corta-fogos Tecbor\u00ae Y 25 mm - mercor tecresa\u00ae\",\"isPartOf\":{\"@id\":\"https:\\\/\\\/mcrtecresa.com\\\/#website\"},\"datePublished\":\"2018-03-02T01:39:19+00:00\",\"dateModified\":\"2025-09-24T11:22:50+00:00\",\"description\":\"Divis\u00f3rias corta-fogos Tecbor\u00ae Y 25 mm com pain\u00e9is ign\u00edfugos r\u00edgidos fabricados e projetados por mercor tecresa\u00ae alcan\u00e7ando uma resist\u00eancia de at\u00e9 180 minutos.\",\"breadcrumb\":{\"@id\":\"https:\\\/\\\/mcrtecresa.com\\\/pt\\\/painel-tecbor-y\\\/faixas-de-encontro-corta-fogos-tecbor-y#breadcrumb\"},\"inLanguage\":\"pt\",\"potentialAction\":[{\"@type\":\"ReadAction\",\"target\":[\"https:\\\/\\\/mcrtecresa.com\\\/pt\\\/painel-tecbor-y\\\/faixas-de-encontro-corta-fogos-tecbor-y\"]}]},{\"@type\":\"BreadcrumbList\",\"@id\":\"https:\\\/\\\/mcrtecresa.com\\\/pt\\\/painel-tecbor-y\\\/faixas-de-encontro-corta-fogos-tecbor-y#breadcrumb\",\"itemListElement\":[{\"@type\":\"ListItem\",\"position\":1,\"name\":\"mcr tecresa\u00ae\",\"item\":\"https:\\\/\\\/mcrtecresa.com\\\/pt\"},{\"@type\":\"ListItem\",\"position\":2,\"name\":\"Painel de Gesso Ign\u00edfugo Tecbor\u00ae Y\",\"item\":\"https:\\\/\\\/mcrtecresa.com\\\/pt\\\/painel-tecbor-y\"},{\"@type\":\"ListItem\",\"position\":3,\"name\":\"Tecbor\u00ae Y &#8211; Divis\u00f3ria 25 mm EI-180\"}]},{\"@type\":\"WebSite\",\"@id\":\"https:\\\/\\\/mcrtecresa.com\\\/#website\",\"url\":\"https:\\\/\\\/mcrtecresa.com\\\/\",\"name\":\"Mcr Tecresa\",\"description\":\"Empresa l\u00edder en protecci\u00f3n pasiva contra incendios\",\"publisher\":{\"@id\":\"https:\\\/\\\/mcrtecresa.com\\\/#organization\"},\"alternateName\":\"Protecci\u00f3n Pasiva Contra Incendios\",\"potentialAction\":[{\"@type\":\"SearchAction\",\"target\":{\"@type\":\"EntryPoint\",\"urlTemplate\":\"https:\\\/\\\/mcrtecresa.com\\\/?s={search_term_string}\"},\"query-input\":{\"@type\":\"PropertyValueSpecification\",\"valueRequired\":true,\"valueName\":\"search_term_string\"}}],\"inLanguage\":\"pt\"},{\"@type\":\"Organization\",\"@id\":\"https:\\\/\\\/mcrtecresa.com\\\/#organization\",\"name\":\"Mcr Tecresa\",\"url\":\"https:\\\/\\\/mcrtecresa.com\\\/\",\"logo\":{\"@type\":\"ImageObject\",\"inLanguage\":\"pt\",\"@id\":\"https:\\\/\\\/mcrtecresa.com\\\/#\\\/schema\\\/logo\\\/image\\\/\",\"url\":\"https:\\\/\\\/mcrtecresa.com\\\/wp-content\\\/uploads\\\/2025\\\/07\\\/Logo-Original-1.png\",\"contentUrl\":\"https:\\\/\\\/mcrtecresa.com\\\/wp-content\\\/uploads\\\/2025\\\/07\\\/Logo-Original-1.png\",\"width\":195,\"height\":46,\"caption\":\"Mcr Tecresa\"},\"image\":{\"@id\":\"https:\\\/\\\/mcrtecresa.com\\\/#\\\/schema\\\/logo\\\/image\\\/\"},\"sameAs\":[\"https:\\\/\\\/www.linkedin.com\\\/company\\\/mcrtecresa\",\"https:\\\/\\\/www.youtube.com\\\/@Mcrtecresa\"]}]}<\/script>\n<!-- \/ Yoast SEO plugin. -->","yoast_head_json":{"title":"Divis\u00f3rias corta-fogos Tecbor\u00ae Y 25 mm - mercor tecresa\u00ae","description":"Divis\u00f3rias corta-fogos Tecbor\u00ae Y 25 mm com pain\u00e9is ign\u00edfugos r\u00edgidos fabricados e projetados por mercor tecresa\u00ae alcan\u00e7ando uma resist\u00eancia de at\u00e9 180 minutos.","robots":{"index":"index","follow":"follow","max-snippet":"max-snippet:-1","max-image-preview":"max-image-preview:large","max-video-preview":"max-video-preview:-1"},"canonical":"https:\/\/mcrtecresa.com\/pt\/painel-tecbor-y\/faixas-de-encontro-corta-fogos-tecbor-y","og_locale":"pt_PT","og_type":"article","og_title":"Divis\u00f3rias corta-fogos Tecbor\u00ae Y 25 mm - mercor tecresa\u00ae","og_description":"Divis\u00f3rias corta-fogos Tecbor\u00ae Y 25 mm com pain\u00e9is ign\u00edfugos r\u00edgidos fabricados e projetados por mercor tecresa\u00ae alcan\u00e7ando uma resist\u00eancia de at\u00e9 180 minutos.","og_url":"https:\/\/mcrtecresa.com\/pt\/painel-tecbor-y\/faixas-de-encontro-corta-fogos-tecbor-y","og_site_name":"Mcr Tecresa","article_modified_time":"2025-09-24T11:22:50+00:00","og_image":[{"width":195,"height":46,"url":"https:\/\/mcrtecresa.com\/wp-content\/uploads\/2025\/07\/Logo-Original-1.png","type":"image\/png"}],"twitter_card":"summary_large_image","twitter_misc":{"Est. reading time":"3 minutes"},"schema":{"@context":"https:\/\/schema.org","@graph":[{"@type":"WebPage","@id":"https:\/\/mcrtecresa.com\/pt\/painel-tecbor-y\/divisoria-25mm-ei180","url":"https:\/\/mcrtecresa.com\/pt\/painel-tecbor-y\/faixas-de-encontro-corta-fogos-tecbor-y","name":"Divis\u00f3rias corta-fogos Tecbor\u00ae Y 25 mm - mercor tecresa\u00ae","isPartOf":{"@id":"https:\/\/mcrtecresa.com\/#website"},"datePublished":"2018-03-02T01:39:19+00:00","dateModified":"2025-09-24T11:22:50+00:00","description":"Divis\u00f3rias corta-fogos Tecbor\u00ae Y 25 mm com pain\u00e9is ign\u00edfugos r\u00edgidos fabricados e projetados por mercor tecresa\u00ae alcan\u00e7ando uma resist\u00eancia de at\u00e9 180 minutos.","breadcrumb":{"@id":"https:\/\/mcrtecresa.com\/pt\/painel-tecbor-y\/faixas-de-encontro-corta-fogos-tecbor-y#breadcrumb"},"inLanguage":"pt","potentialAction":[{"@type":"ReadAction","target":["https:\/\/mcrtecresa.com\/pt\/painel-tecbor-y\/faixas-de-encontro-corta-fogos-tecbor-y"]}]},{"@type":"BreadcrumbList","@id":"https:\/\/mcrtecresa.com\/pt\/painel-tecbor-y\/faixas-de-encontro-corta-fogos-tecbor-y#breadcrumb","itemListElement":[{"@type":"ListItem","position":1,"name":"mcr tecresa\u00ae","item":"https:\/\/mcrtecresa.com\/pt"},{"@type":"ListItem","position":2,"name":"Painel de Gesso Ign\u00edfugo Tecbor\u00ae Y","item":"https:\/\/mcrtecresa.com\/pt\/painel-tecbor-y"},{"@type":"ListItem","position":3,"name":"Tecbor\u00ae Y &#8211; Divis\u00f3ria 25 mm EI-180"}]},{"@type":"WebSite","@id":"https:\/\/mcrtecresa.com\/#website","url":"https:\/\/mcrtecresa.com\/","name":"Mcr Tecresa","description":"Empresa l\u00edder en protecci\u00f3n pasiva contra incendios","publisher":{"@id":"https:\/\/mcrtecresa.com\/#organization"},"alternateName":"Protecci\u00f3n Pasiva Contra Incendios","potentialAction":[{"@type":"SearchAction","target":{"@type":"EntryPoint","urlTemplate":"https:\/\/mcrtecresa.com\/?s={search_term_string}"},"query-input":{"@type":"PropertyValueSpecification","valueRequired":true,"valueName":"search_term_string"}}],"inLanguage":"pt"},{"@type":"Organization","@id":"https:\/\/mcrtecresa.com\/#organization","name":"Mcr Tecresa","url":"https:\/\/mcrtecresa.com\/","logo":{"@type":"ImageObject","inLanguage":"pt","@id":"https:\/\/mcrtecresa.com\/#\/schema\/logo\/image\/","url":"https:\/\/mcrtecresa.com\/wp-content\/uploads\/2025\/07\/Logo-Original-1.png","contentUrl":"https:\/\/mcrtecresa.com\/wp-content\/uploads\/2025\/07\/Logo-Original-1.png","width":195,"height":46,"caption":"Mcr Tecresa"},"image":{"@id":"https:\/\/mcrtecresa.com\/#\/schema\/logo\/image\/"},"sameAs":["https:\/\/www.linkedin.com\/company\/mcrtecresa","https:\/\/www.youtube.com\/@Mcrtecresa"]}]}},"_links":{"self":[{"href":"https:\/\/mcrtecresa.com\/pt\/wp-json\/wp\/v2\/pages\/53036","targetHints":{"allow":["GET"]}}],"collection":[{"href":"https:\/\/mcrtecresa.com\/pt\/wp-json\/wp\/v2\/pages"}],"about":[{"href":"https:\/\/mcrtecresa.com\/pt\/wp-json\/wp\/v2\/types\/page"}],"author":[{"embeddable":true,"href":"https:\/\/mcrtecresa.com\/pt\/wp-json\/wp\/v2\/users\/2"}],"replies":[{"embeddable":true,"href":"https:\/\/mcrtecresa.com\/pt\/wp-json\/wp\/v2\/comments?post=53036"}],"version-history":[{"count":0,"href":"https:\/\/mcrtecresa.com\/pt\/wp-json\/wp\/v2\/pages\/53036\/revisions"}],"up":[{"embeddable":true,"href":"https:\/\/mcrtecresa.com\/pt\/wp-json\/wp\/v2\/pages\/53007"}],"wp:attachment":[{"href":"https:\/\/mcrtecresa.com\/pt\/wp-json\/wp\/v2\/media?parent=53036"}],"curies":[{"name":"wp","href":"https:\/\/api.w.org\/{rel}","templated":true}]}}