{"id":53007,"date":"2018-03-02T03:08:50","date_gmt":"2018-03-02T01:08:50","guid":{"rendered":"https:\/\/mcrtecresa.com\/panel-tecbor-y"},"modified":"2025-09-24T13:21:53","modified_gmt":"2025-09-24T11:21:53","slug":"painel-tecbor-y","status":"publish","type":"page","link":"https:\/\/mcrtecresa.com\/pt\/painel-tecbor-y","title":{"rendered":"Painel de Gesso Ign\u00edfugo Tecbor\u00ae Y"},"content":{"rendered":"<div class=\"wpb-content-wrapper\"><p>[vc_row][vc_column][vc_column_text]<\/p>\n<pre><code class=\"html hljs xml\"><span><span><a href=\"https:\/\/mcrtecresa.com\/pt\">mcr tecresa\u00ae<\/a><\/span><\/span><\/code><\/pre>\n<p>[\/vc_column_text][\/vc_column][\/vc_row][vc_row][vc_column]<div class=\"mgt-header-block clearfix text-left text-black wpb_animate_when_almost_visible wpb_bottom-to-top wpb_content_element  mgt-header-block-style-1 mgt-header-texttransform-none  vc_custom_1623419425117\"><h1 class=\"mgt-header-block-title\">PAINEL DE GESSO IGN\u00cdFUGO TECBOR\u00ae Y<\/h1><div class=\"mgt-header-line\"><\/div><\/div>[vc_row_inner][vc_column_inner width=&#8221;2\/3&#8243;][vc_column_text css_animation=&#8221;bottom-to-top&#8221;]<\/p>\n<p style=\"text-align: justify;\"><strong>Tecbor<\/strong><strong><sup>\u00ae<\/sup><\/strong><strong>\u00a0Y<\/strong>\u00a0trata-se de um produto pertencente a nossa gama de placa r\u00edgida ign\u00edfuga. Est\u00e1 composto pelo gesso refor\u00e7ado com fibra de vidro e outros aditivos e apresenta um acabado listo para pintar.<\/p>\n<p style=\"text-align: justify;\">Este produto est\u00e1 certificado segundo os requisitos exigidos pelas normativas UNE EN ISO 140-3 e UNE EN ISO 13501-2. Al\u00e9m disso, os pain\u00e9is submetem-se a controles rotineiros no departamento de produ\u00e7\u00e3o de acordo com a normativa EN 12859.<\/p>\n<p style=\"text-align: justify;\">O painel\u00a0<strong>Tecbor<\/strong><strong><sup>\u00ae<\/sup><\/strong><strong>\u00a0Y<\/strong>\u00a0\u00e9 incombust\u00edvel segundo a Normativa Europeia UNE-EN 13501-1. Euro classe A1.<\/p>\n<p style=\"text-align: justify;\">Cada um dos produtos possuem um rigoroso controle de qualidade interno que permite conhecer o hist\u00f3rico, a localiza\u00e7\u00e3o e a trajet\u00f3ria de cada um dos lotes fabricados.<\/p>\n<p style=\"text-align: justify;\">A placa ign\u00edfuga\u00a0<strong>Tecbor<\/strong><strong><sup>\u00ae<\/sup><\/strong><strong>\u00a0Y<\/strong>\u00a0oferece uma alta resist\u00eancia ao fogo, assim como uma elevada resist\u00eancia a golpes de impacto, flexibilidade na constru\u00e7\u00e3o e um isolamento ac\u00fastico eficaz. Estes pain\u00e9is s\u00e3o id\u00f3neos para realizar diversas solu\u00e7\u00f5es construtivas adequadas para combater o fogo, tais como faixa de encontro corta-fogos e como elemento n\u00e3o portante, parede ou divis\u00f3ria.<\/p>\n<p style=\"text-align: justify;\">A sociedade demanda novas solu\u00e7\u00f5es na constru\u00e7\u00e3o de sistemas de obra seca em interiores, tais como divis\u00f3rias, parti\u00e7\u00f5es e falsos tetos.\u00a0<strong>Tecbor<\/strong><strong><sup>\u00ae<\/sup><\/strong><strong>\u00a0Y<\/strong>\u00a0est\u00e1 apto para resid\u00eancias de nova constru\u00e7\u00e3o ou reabilita\u00e7\u00e3o, col\u00e9gios, hospitais, escrit\u00f3rios, edif\u00edcios comerciais e industriais, etc.<\/p>\n<p style=\"text-align: justify;\">Os pain\u00e9is\u00a0<strong>Tecbor<\/strong><strong><sup>\u00ae<\/sup><\/strong><strong>\u00a0<\/strong>aplicam-se de forma f\u00e1cil e r\u00e1pida para facilitar o trabalho dos instaladores, tornando-se assim uma das op\u00e7\u00f5es mais competitivas do mercado.<\/p>\n<p style=\"text-align: justify;\">Painel prefabricado composto por gesso fibra-refor\u00e7ada, com encaixe macho\/f\u00eamea sobre as arestas de placa e montado sobre estrutura met\u00e1lica.<\/p>\n<p>[\/vc_column_text][\/vc_column_inner][vc_column_inner width=&#8221;1\/3&#8243;][vc_empty_space][vc_single_image image=&#8221;53008&#8243; img_size=&#8221;full&#8221; alignment=&#8221;center&#8221; onclick=&#8221;link_image&#8221;][\/vc_column_inner][\/vc_row_inner][\/vc_column][\/vc_row][vc_row][vc_column][vc_tta_accordion gap=&#8221;2&#8243; active_section=&#8221;0&#8243; collapsible_all=&#8221;true&#8221;][vc_tta_section title=&#8221;Alguma d\u00favida dos nossos produtos ou servi\u00e7os? Contate Connosco.&#8221; tab_id=&#8221;alguna-duvida&#8221;][vc_row_inner][vc_column_inner]\n<div class=\"wpcf7 no-js\" id=\"wpcf7-f45603-o1\" lang=\"es-ES\" dir=\"ltr\" data-wpcf7-id=\"45603\">\n<div class=\"screen-reader-response\"><p role=\"status\" aria-live=\"polite\" aria-atomic=\"true\"><\/p> <ul><\/ul><\/div>\n<form action=\"\/pt\/wp-json\/wp\/v2\/pages\/53007#wpcf7-f45603-o1\" method=\"post\" class=\"wpcf7-form init\" aria-label=\"Contact form\" novalidate=\"novalidate\" data-status=\"init\">\n<fieldset class=\"hidden-fields-container\"><input type=\"hidden\" name=\"_wpcf7\" value=\"45603\" \/><input type=\"hidden\" name=\"_wpcf7_version\" value=\"6.1.5\" \/><input type=\"hidden\" name=\"_wpcf7_locale\" value=\"es_ES\" \/><input type=\"hidden\" name=\"_wpcf7_unit_tag\" value=\"wpcf7-f45603-o1\" \/><input type=\"hidden\" name=\"_wpcf7_container_post\" value=\"0\" \/><input type=\"hidden\" name=\"_wpcf7_posted_data_hash\" value=\"\" \/><input type=\"hidden\" name=\"_wpcf7_recaptcha_response\" value=\"\" \/>\n<\/fieldset>\n<p><label>Seu Nome<br \/>\n<span class=\"wpcf7-form-control-wrap\" data-name=\"your-name\"><input size=\"40\" maxlength=\"400\" class=\"wpcf7-form-control wpcf7-text wpcf7-validates-as-required\" aria-required=\"true\" aria-invalid=\"false\" value=\"\" type=\"text\" name=\"your-name\" \/><\/span> <\/label>\n<\/p>\n<p><label>Seu email<br \/>\n<span class=\"wpcf7-form-control-wrap\" data-name=\"your-email\"><input size=\"40\" maxlength=\"400\" class=\"wpcf7-form-control wpcf7-email wpcf7-validates-as-required wpcf7-text wpcf7-validates-as-email\" aria-required=\"true\" aria-invalid=\"false\" value=\"\" type=\"email\" name=\"your-email\" \/><\/span> <\/label>\n<\/p>\n<p><label>Assunto<br \/>\n<span class=\"wpcf7-form-control-wrap\" data-name=\"your-subject\"><input size=\"40\" maxlength=\"400\" class=\"wpcf7-form-control wpcf7-text\" aria-invalid=\"false\" value=\"\" type=\"text\" name=\"your-subject\" \/><\/span> <\/label>\n<\/p>\n<p><label>Sua mensagem<br \/>\n<span class=\"wpcf7-form-control-wrap\" data-name=\"your-message\"><textarea cols=\"40\" rows=\"10\" maxlength=\"2000\" class=\"wpcf7-form-control wpcf7-textarea\" aria-invalid=\"false\" name=\"your-message\"><\/textarea><\/span> <\/label>\n<\/p>\n<p><span class=\"wpcf7-form-control-wrap\" data-name=\"acceptance-579\"><span class=\"wpcf7-form-control wpcf7-acceptance\"><span class=\"wpcf7-list-item\"><input type=\"checkbox\" name=\"acceptance-579\" value=\"1\" aria-invalid=\"false\" \/><\/span><\/span><\/span> Eu aceito a <a href=\"https:\/\/mcrtecresa.com\/pt\/politica-de-privacidade\"target=\"_blank\">Pol\u00edtica de privacidade<\/a>\n<\/p>\n<p><input class=\"wpcf7-form-control wpcf7-submit has-spinner\" type=\"submit\" value=\"Enviar\" \/>\n<\/p><div class=\"wpcf7-response-output\" aria-hidden=\"true\"><\/div>\n<\/form>\n<\/div>\n[vc_column_text]<\/p>\n<p style=\"text-align: justify;\"><span style=\"font-size: 10px;\">Segundo estabelece o regulamento (EU) 2016\/679 do Parlamento Europeu e do Conselho, de 27 de abril de 2016, TECRESA PROTECCI\u00d3N PASIVA, S.L. informa aos usu\u00e1rios que os dados de carater pessoal que nos proporciona atrav\u00e9s do presente formul\u00e1rio ser\u00e3o tratados pela nossa companhia como respons\u00e1vel desta web. A finalidade da recolhida e tratamento dos dados pessoais que solicitamos \u00e9 para poder regist\u00e1-lo como usu\u00e1rio dos nossos servi\u00e7os que implicar\u00e1 poder enviar nossas publica\u00e7\u00f5es e ofertas, promo\u00e7\u00f5es de produtos e\/ou servi\u00e7os. A legitima\u00e7\u00e3o se realiza atrav\u00e9s do seu pr\u00f3prio consentimento como interessado. Te informamos que os dados que nos facilita n\u00e3o ser\u00e3o cedidos a terceiros. Poder\u00e1 exercer seus direitos de acesso, retifica\u00e7\u00e3o, supress\u00e3o, limita\u00e7\u00e3o de tratamento, portabilidade e esquecimento dos dados em rgpd@mcrtecresa.com\u00a0assim como o direito de apresentar a sua reclama\u00e7\u00e3o ante uma autoridade de controle. Te aconselhamos que amplies a informa\u00e7\u00e3o adicional e detalhada na nossa\u00a0<a href=\"https:\/\/mcrtecresa.com\/pt\/politica-de-privacidade\">Pol\u00edtica de Privacidade<\/a><u>.<\/u><\/span><\/p>\n<p>[\/vc_column_text][\/vc_column_inner][\/vc_row_inner][\/vc_tta_section][\/vc_tta_accordion][\/vc_column][\/vc_row][vc_row][vc_column][vc_empty_space height=&#8221;50px&#8221;][\/vc_column][\/vc_row][vc_row][vc_column]<div class=\"mgt-header-block clearfix text-left text-black wpb_animate_when_almost_visible wpb_top-to-bottom wpb_content_element  mgt-header-block-style-2 mgt-header-texttransform-none  vc_custom_1623419494856\"><h2 class=\"mgt-header-block-title\">Solu\u00e7\u00f5es Construtivas do Tecbor\u00ae Y<\/h2><div class=\"mgt-header-line\"><\/div><\/div>[vc_row_inner][vc_column_inner width=&#8221;1\/4&#8243;][vc_btn title=&#8221;Faixa de encontro corta-fogos EI-60&#8243; style=&#8221;outline-custom&#8221; outline_custom_color=&#8221;#e42413&#8243; outline_custom_hover_background=&#8221;#e42413&#8243; outline_custom_hover_text=&#8221;#ffffff&#8221; shape=&#8221;round&#8221; size=&#8221;sm&#8221; align=&#8221;center&#8221; button_block=&#8221;true&#8221; link=&#8221;url:https%3A%2F%2Fmcrtecresa.com%2Fpt%2Fpainel-tecbor-y%2Ffaixas-de-encontro-corta-fogos-tecbor-y&#8221;][\/vc_column_inner][vc_column_inner width=&#8221;1\/4&#8243;][vc_btn title=&#8221;Divis\u00f3ria Tecbor\u00ae Y 25 mm EI-180&#8243; style=&#8221;outline-custom&#8221; outline_custom_color=&#8221;#e42413&#8243; outline_custom_hover_background=&#8221;#e42413&#8243; outline_custom_hover_text=&#8221;#ffffff&#8221; shape=&#8221;round&#8221; size=&#8221;sm&#8221; align=&#8221;center&#8221; button_block=&#8221;true&#8221; link=&#8221;url:https%3A%2F%2Fmcrtecresa.com%2Fpt%2Fpainel-tecbor-y%2Fdivisoria-25mm-ei180&#8243;][\/vc_column_inner][vc_column_inner width=&#8221;1\/4&#8243;][vc_btn title=&#8221;Faixas de encontro corta-fogos 25+25 EI-120\/EI-180&#8243; style=&#8221;outline-custom&#8221; outline_custom_color=&#8221;#e42413&#8243; outline_custom_hover_background=&#8221;#e42413&#8243; outline_custom_hover_text=&#8221;#ffffff&#8221; shape=&#8221;round&#8221; size=&#8221;sm&#8221; align=&#8221;center&#8221; button_block=&#8221;true&#8221; link=&#8221;url:https%3A%2F%2Fmcrtecresa.com%2Fpt%2Fpainel-tecbor-y%2Ffaixas-encontro-corta-fogos-tecbor-y-2525&#8243;][\/vc_column_inner][vc_column_inner width=&#8221;1\/4&#8243;][\/vc_column_inner][\/vc_row_inner][vc_empty_space height=&#8221;50px&#8221; el_class=&#8221;vc_hidden-sm vc_hidden-xs&#8221;][\/vc_column][\/vc_row][vc_row full_width=&#8221;stretch_row&#8221;][vc_column]<div class=\"mgt-header-block clearfix text-left text-black wpb_animate_when_almost_visible wpb_bottom-to-top wpb_content_element  mgt-header-block-style-2 mgt-header-texttransform-none  vc_custom_1623419557323\"><h2 class=\"mgt-header-block-title\">SUAS VANTAGENS<\/h2><div class=\"mgt-header-line\"><\/div><\/div>[vc_row_inner][vc_column_inner width=&#8221;1\/3&#8243;]<div class=\"mgt-icon-box wpb_content_element wpb_animate_when_almost_visible wpb_appear mgt-icon-box-right mgt-icon-fa mgt-icon-background mgt-icon-background-invert text-black \"><div class=\"mgt-icon-box-icon hvr-icon-push\"><div class=\"mgt-font-icon\"><i class=\"fa fa-fire\"><\/i><\/div><\/div><div class=\"mgt-icon-box-content\"><h5>ALTA RESIST\u00caNCIA AO FOGO<\/h5><\/div><div class=\"clearfix\"><\/div><\/div>[\/vc_column_inner][vc_column_inner width=&#8221;1\/3&#8243;]<div class=\"mgt-icon-box wpb_content_element wpb_animate_when_almost_visible wpb_appear mgt-icon-box-right mgt-icon-fa mgt-icon-background mgt-icon-background-invert text-black \"><div class=\"mgt-icon-box-icon hvr-icon-push\"><div class=\"mgt-font-icon\"><i class=\"fa fa-wrench\"><\/i><\/div><\/div><div class=\"mgt-icon-box-content\"><h5>ALTA RESIST\u00caNCIA A GOLPES DE IMPACTO<\/h5><\/div><div class=\"clearfix\"><\/div><\/div>[\/vc_column_inner][vc_column_inner width=&#8221;1\/3&#8243;]<div class=\"mgt-icon-box wpb_content_element wpb_animate_when_almost_visible wpb_appear mgt-icon-box-right mgt-icon-fa mgt-icon-background mgt-icon-background-invert text-black \"><div class=\"mgt-icon-box-icon hvr-icon-push\"><div class=\"mgt-font-icon\"><i class=\"fa fa-arrows-alt\"><\/i><\/div><\/div><div class=\"mgt-icon-box-content\"><h5>FLEXIBILIDADE NA CONSTRU\u00c7\u00c3O<\/h5><\/div><div class=\"clearfix\"><\/div><\/div>[\/vc_column_inner][\/vc_row_inner][vc_empty_space height=&#8221;10px&#8221;][vc_row_inner][vc_column_inner width=&#8221;1\/3&#8243;]<div class=\"mgt-icon-box wpb_content_element wpb_animate_when_almost_visible wpb_appear mgt-icon-box-right mgt-icon-fa mgt-icon-background mgt-icon-background-invert text-black \"><div class=\"mgt-icon-box-icon hvr-icon-push\"><div class=\"mgt-font-icon\"><i class=\"fa fa-check\"><\/i><\/div><\/div><div class=\"mgt-icon-box-content\"><h5>ACABADO PERFEITO SEM FITA DE ACABADO<\/h5><\/div><div class=\"clearfix\"><\/div><\/div>[\/vc_column_inner][vc_column_inner width=&#8221;1\/3&#8243;]<div class=\"mgt-icon-box wpb_content_element wpb_animate_when_almost_visible wpb_appear mgt-icon-box-right mgt-icon-fa mgt-icon-background mgt-icon-background-invert text-black \"><div class=\"mgt-icon-box-icon hvr-icon-push\"><div class=\"mgt-font-icon\"><i class=\"fa fa-paint-brush\"><\/i><\/div><\/div><div class=\"mgt-icon-box-content\"><h5>ACABADO PRONTO PARA PINTAR<\/h5><\/div><div class=\"clearfix\"><\/div><\/div>[\/vc_column_inner][vc_column_inner width=&#8221;1\/3&#8243;]<div class=\"mgt-icon-box wpb_content_element wpb_animate_when_almost_visible wpb_appear mgt-icon-box-right mgt-icon-fa mgt-icon-background mgt-icon-background-invert text-black \"><div class=\"mgt-icon-box-icon hvr-icon-push\"><div class=\"mgt-font-icon\"><i class=\"fa fa-deaf\"><\/i><\/div><\/div><div class=\"mgt-icon-box-content\"><h5>ISOLAMENTO AC\u00daSTICO EFICAZ<\/h5><\/div><div class=\"clearfix\"><\/div><\/div>[\/vc_column_inner][\/vc_row_inner][vc_empty_space height=&#8221;40px&#8221;][\/vc_column][\/vc_row][vc_row][vc_column]<div class=\"mgt-header-block clearfix text-left text-black wpb_animate_when_almost_visible wpb_top-to-bottom wpb_content_element  mgt-header-block-style-2 mgt-header-texttransform-none  vc_custom_1623419655206\"><h2 class=\"mgt-header-block-title\">Documentos do produto<\/h2><div class=\"mgt-header-line\"><\/div><\/div>[vc_row_inner][vc_column_inner width=&#8221;1\/3&#8243;][vc_raw_html]JTNDZGl2JTIwY2xhc3MlM0QlMjJ3aWRnZXQtZG93bmxvYWQtbGluay13cmFwcGVyJTIyJTNFJTBBJTNDZGl2JTIwY2xhc3MlM0QlMjJ3aWRnZXQtZG93bmxvYWQtaWNvbiUyMiUzRSUzQ2klMjBjbGFzcyUzRCUyMmZhJTIwZmEtZmlsZS1wZGYtbyUyMiUzRSUzQyUyRmklM0UlMEElM0MlMkZkaXYlM0UlMEElM0NkaXYlMjBjbGFzcyUzRCUyMndpZGdldC1kb3dubG9hZC1kZXRhaWxzJTIyJTNFJTBBJTNDZGl2JTIwY2xhc3MlM0QlMjJ3aWRnZXQtZG93bmxvYWQtdGl0bGUlMjIlM0UlM0NzcGFuJTIwY2xhc3MlM0QlMjJkb2N1bWVudG8tcGRmJTIyJTIwb25jbGljayUzRCUyMnNldExvY2F0aW9uJTI4JTI3ZmljaGEtdGVjbmljYS1wYWluZWwtdGVjYm9yLXktcHQlMjclMjklMjIlM0VGaWNoYSUyMHBhcmElMjBkb3dubG9hZCUzQyUyRnNwYW4lM0UlM0MlMkZkaXYlM0UlMEElM0NkaXYlMjBjbGFzcyUzRCUyMndpZGdldC1kb3dubG9hZC1zdWJ0aXRsZSUyMiUzRTM2MCUyMEtiJTJDJTIwUERGJTNDJTJGZGl2JTNFJTBBJTNDJTJGZGl2JTNFJTBBJTNDJTJGZGl2JTNFJTBB[\/vc_raw_html][\/vc_column_inner][vc_column_inner width=&#8221;1\/3&#8243;][\/vc_column_inner][vc_column_inner width=&#8221;1\/3&#8243;][\/vc_column_inner][\/vc_row_inner][vc_empty_space height=&#8221;40px&#8221;][\/vc_column][\/vc_row][vc_row][vc_column][vc_separator][\/vc_column][\/vc_row]<\/p>\n<\/div>","protected":false},"excerpt":{"rendered":"<p>[vc_row][vc_column][vc_column_text] [\/vc_column_text][\/vc_column][\/vc_row][vc_row][vc_column][vc_row_inner][vc_column_inner width=&#8221;2\/3&#8243;][vc_column_text css_animation=&#8221;bottom-to-top&#8221;] Tecbor\u00ae\u00a0Y\u00a0trata-se de um produto pertencente a nossa gama de placa r\u00edgida ign\u00edfuga. Est\u00e1 composto pelo gesso refor\u00e7ado com fibra de vidro e outros aditivos e apresenta&#8230;<\/p>\n","protected":false},"author":2,"featured_media":0,"parent":0,"menu_order":0,"comment_status":"closed","ping_status":"closed","template":"","meta":{"footnotes":""},"class_list":["post-53007","page","type-page","status-publish","hentry"],"yoast_head":"<!-- This site is optimized with the Yoast SEO plugin v27.4 - https:\/\/yoast.com\/product\/yoast-seo-wordpress\/ -->\n<title>Painel ign\u00edfugo r\u00edgido Tecbor\u00ae Y de gesso refor\u00e7ado com fibra de vidro<\/title>\n<meta name=\"description\" content=\"Painel ign\u00edfugo r\u00edgido Tecbor\u00ae Y de gesso refor\u00e7ado com fibra de vidro de alta resist\u00eancia ao fogo e elevada resist\u00eancia a golpes de impacto.\" \/>\n<meta name=\"robots\" content=\"index, follow, max-snippet:-1, max-image-preview:large, max-video-preview:-1\" \/>\n<link rel=\"canonical\" href=\"https:\/\/mcrtecresa.com\/pt\/painel-tecbor-y\" \/>\n<meta property=\"og:locale\" content=\"pt_PT\" \/>\n<meta property=\"og:type\" content=\"article\" \/>\n<meta property=\"og:title\" content=\"Painel ign\u00edfugo r\u00edgido Tecbor\u00ae Y de gesso refor\u00e7ado com fibra de vidro\" \/>\n<meta property=\"og:description\" content=\"Painel ign\u00edfugo r\u00edgido Tecbor\u00ae Y de gesso refor\u00e7ado com fibra de vidro de alta resist\u00eancia ao fogo e elevada resist\u00eancia a golpes de impacto.\" \/>\n<meta property=\"og:url\" content=\"https:\/\/mcrtecresa.com\/pt\/painel-tecbor-y\" \/>\n<meta property=\"og:site_name\" content=\"Mcr Tecresa\" \/>\n<meta property=\"article:modified_time\" content=\"2025-09-24T11:21:53+00:00\" \/>\n<meta property=\"og:image\" content=\"https:\/\/mcrtecresa.com\/wp-content\/uploads\/2025\/07\/Logo-Original-1.png\" \/>\n\t<meta property=\"og:image:width\" content=\"195\" \/>\n\t<meta property=\"og:image:height\" content=\"46\" \/>\n\t<meta property=\"og:image:type\" content=\"image\/png\" \/>\n<meta name=\"twitter:card\" content=\"summary_large_image\" \/>\n<meta name=\"twitter:label1\" content=\"Est. reading time\" \/>\n\t<meta name=\"twitter:data1\" content=\"3 minutes\" \/>\n<script type=\"application\/ld+json\" class=\"yoast-schema-graph\">{\"@context\":\"https:\\\/\\\/schema.org\",\"@graph\":[{\"@type\":\"WebPage\",\"@id\":\"https:\\\/\\\/mcrtecresa.com\\\/pt\\\/painel-tecbor-y\",\"url\":\"https:\\\/\\\/mcrtecresa.com\\\/pt\\\/painel-tecbor-y\",\"name\":\"Painel ign\u00edfugo r\u00edgido Tecbor\u00ae Y de gesso refor\u00e7ado com fibra de vidro\",\"isPartOf\":{\"@id\":\"https:\\\/\\\/mcrtecresa.com\\\/#website\"},\"datePublished\":\"2018-03-02T01:08:50+00:00\",\"dateModified\":\"2025-09-24T11:21:53+00:00\",\"description\":\"Painel ign\u00edfugo r\u00edgido Tecbor\u00ae Y de gesso refor\u00e7ado com fibra de vidro de alta resist\u00eancia ao fogo e elevada resist\u00eancia a golpes de impacto.\",\"breadcrumb\":{\"@id\":\"https:\\\/\\\/mcrtecresa.com\\\/pt\\\/painel-tecbor-y#breadcrumb\"},\"inLanguage\":\"pt\",\"potentialAction\":[{\"@type\":\"ReadAction\",\"target\":[\"https:\\\/\\\/mcrtecresa.com\\\/pt\\\/painel-tecbor-y\"]}]},{\"@type\":\"BreadcrumbList\",\"@id\":\"https:\\\/\\\/mcrtecresa.com\\\/pt\\\/painel-tecbor-y#breadcrumb\",\"itemListElement\":[{\"@type\":\"ListItem\",\"position\":1,\"name\":\"mcr tecresa\u00ae\",\"item\":\"https:\\\/\\\/mcrtecresa.com\\\/pt\"},{\"@type\":\"ListItem\",\"position\":2,\"name\":\"Painel de Gesso Ign\u00edfugo Tecbor\u00ae Y\"}]},{\"@type\":\"WebSite\",\"@id\":\"https:\\\/\\\/mcrtecresa.com\\\/#website\",\"url\":\"https:\\\/\\\/mcrtecresa.com\\\/\",\"name\":\"Mcr Tecresa\",\"description\":\"Empresa l\u00edder en protecci\u00f3n pasiva contra incendios\",\"publisher\":{\"@id\":\"https:\\\/\\\/mcrtecresa.com\\\/#organization\"},\"alternateName\":\"Protecci\u00f3n Pasiva Contra Incendios\",\"potentialAction\":[{\"@type\":\"SearchAction\",\"target\":{\"@type\":\"EntryPoint\",\"urlTemplate\":\"https:\\\/\\\/mcrtecresa.com\\\/?s={search_term_string}\"},\"query-input\":{\"@type\":\"PropertyValueSpecification\",\"valueRequired\":true,\"valueName\":\"search_term_string\"}}],\"inLanguage\":\"pt\"},{\"@type\":\"Organization\",\"@id\":\"https:\\\/\\\/mcrtecresa.com\\\/#organization\",\"name\":\"Mcr Tecresa\",\"url\":\"https:\\\/\\\/mcrtecresa.com\\\/\",\"logo\":{\"@type\":\"ImageObject\",\"inLanguage\":\"pt\",\"@id\":\"https:\\\/\\\/mcrtecresa.com\\\/#\\\/schema\\\/logo\\\/image\\\/\",\"url\":\"https:\\\/\\\/mcrtecresa.com\\\/wp-content\\\/uploads\\\/2025\\\/07\\\/Logo-Original-1.png\",\"contentUrl\":\"https:\\\/\\\/mcrtecresa.com\\\/wp-content\\\/uploads\\\/2025\\\/07\\\/Logo-Original-1.png\",\"width\":195,\"height\":46,\"caption\":\"Mcr Tecresa\"},\"image\":{\"@id\":\"https:\\\/\\\/mcrtecresa.com\\\/#\\\/schema\\\/logo\\\/image\\\/\"},\"sameAs\":[\"https:\\\/\\\/www.linkedin.com\\\/company\\\/mcrtecresa\",\"https:\\\/\\\/www.youtube.com\\\/@Mcrtecresa\"]}]}<\/script>\n<!-- \/ Yoast SEO plugin. -->","yoast_head_json":{"title":"Painel ign\u00edfugo r\u00edgido Tecbor\u00ae Y de gesso refor\u00e7ado com fibra de vidro","description":"Painel ign\u00edfugo r\u00edgido Tecbor\u00ae Y de gesso refor\u00e7ado com fibra de vidro de alta resist\u00eancia ao fogo e elevada resist\u00eancia a golpes de impacto.","robots":{"index":"index","follow":"follow","max-snippet":"max-snippet:-1","max-image-preview":"max-image-preview:large","max-video-preview":"max-video-preview:-1"},"canonical":"https:\/\/mcrtecresa.com\/pt\/painel-tecbor-y","og_locale":"pt_PT","og_type":"article","og_title":"Painel ign\u00edfugo r\u00edgido Tecbor\u00ae Y de gesso refor\u00e7ado com fibra de vidro","og_description":"Painel ign\u00edfugo r\u00edgido Tecbor\u00ae Y de gesso refor\u00e7ado com fibra de vidro de alta resist\u00eancia ao fogo e elevada resist\u00eancia a golpes de impacto.","og_url":"https:\/\/mcrtecresa.com\/pt\/painel-tecbor-y","og_site_name":"Mcr Tecresa","article_modified_time":"2025-09-24T11:21:53+00:00","og_image":[{"width":195,"height":46,"url":"https:\/\/mcrtecresa.com\/wp-content\/uploads\/2025\/07\/Logo-Original-1.png","type":"image\/png"}],"twitter_card":"summary_large_image","twitter_misc":{"Est. reading time":"3 minutes"},"schema":{"@context":"https:\/\/schema.org","@graph":[{"@type":"WebPage","@id":"https:\/\/mcrtecresa.com\/pt\/painel-tecbor-y","url":"https:\/\/mcrtecresa.com\/pt\/painel-tecbor-y","name":"Painel ign\u00edfugo r\u00edgido Tecbor\u00ae Y de gesso refor\u00e7ado com fibra de vidro","isPartOf":{"@id":"https:\/\/mcrtecresa.com\/#website"},"datePublished":"2018-03-02T01:08:50+00:00","dateModified":"2025-09-24T11:21:53+00:00","description":"Painel ign\u00edfugo r\u00edgido Tecbor\u00ae Y de gesso refor\u00e7ado com fibra de vidro de alta resist\u00eancia ao fogo e elevada resist\u00eancia a golpes de impacto.","breadcrumb":{"@id":"https:\/\/mcrtecresa.com\/pt\/painel-tecbor-y#breadcrumb"},"inLanguage":"pt","potentialAction":[{"@type":"ReadAction","target":["https:\/\/mcrtecresa.com\/pt\/painel-tecbor-y"]}]},{"@type":"BreadcrumbList","@id":"https:\/\/mcrtecresa.com\/pt\/painel-tecbor-y#breadcrumb","itemListElement":[{"@type":"ListItem","position":1,"name":"mcr tecresa\u00ae","item":"https:\/\/mcrtecresa.com\/pt"},{"@type":"ListItem","position":2,"name":"Painel de Gesso Ign\u00edfugo Tecbor\u00ae Y"}]},{"@type":"WebSite","@id":"https:\/\/mcrtecresa.com\/#website","url":"https:\/\/mcrtecresa.com\/","name":"Mcr Tecresa","description":"Empresa l\u00edder en protecci\u00f3n pasiva contra incendios","publisher":{"@id":"https:\/\/mcrtecresa.com\/#organization"},"alternateName":"Protecci\u00f3n Pasiva Contra Incendios","potentialAction":[{"@type":"SearchAction","target":{"@type":"EntryPoint","urlTemplate":"https:\/\/mcrtecresa.com\/?s={search_term_string}"},"query-input":{"@type":"PropertyValueSpecification","valueRequired":true,"valueName":"search_term_string"}}],"inLanguage":"pt"},{"@type":"Organization","@id":"https:\/\/mcrtecresa.com\/#organization","name":"Mcr Tecresa","url":"https:\/\/mcrtecresa.com\/","logo":{"@type":"ImageObject","inLanguage":"pt","@id":"https:\/\/mcrtecresa.com\/#\/schema\/logo\/image\/","url":"https:\/\/mcrtecresa.com\/wp-content\/uploads\/2025\/07\/Logo-Original-1.png","contentUrl":"https:\/\/mcrtecresa.com\/wp-content\/uploads\/2025\/07\/Logo-Original-1.png","width":195,"height":46,"caption":"Mcr Tecresa"},"image":{"@id":"https:\/\/mcrtecresa.com\/#\/schema\/logo\/image\/"},"sameAs":["https:\/\/www.linkedin.com\/company\/mcrtecresa","https:\/\/www.youtube.com\/@Mcrtecresa"]}]}},"_links":{"self":[{"href":"https:\/\/mcrtecresa.com\/pt\/wp-json\/wp\/v2\/pages\/53007","targetHints":{"allow":["GET"]}}],"collection":[{"href":"https:\/\/mcrtecresa.com\/pt\/wp-json\/wp\/v2\/pages"}],"about":[{"href":"https:\/\/mcrtecresa.com\/pt\/wp-json\/wp\/v2\/types\/page"}],"author":[{"embeddable":true,"href":"https:\/\/mcrtecresa.com\/pt\/wp-json\/wp\/v2\/users\/2"}],"replies":[{"embeddable":true,"href":"https:\/\/mcrtecresa.com\/pt\/wp-json\/wp\/v2\/comments?post=53007"}],"version-history":[{"count":0,"href":"https:\/\/mcrtecresa.com\/pt\/wp-json\/wp\/v2\/pages\/53007\/revisions"}],"wp:attachment":[{"href":"https:\/\/mcrtecresa.com\/pt\/wp-json\/wp\/v2\/media?parent=53007"}],"curies":[{"name":"wp","href":"https:\/\/api.w.org\/{rel}","templated":true}]}}