{"id":52983,"date":"2018-03-09T19:45:31","date_gmt":"2018-03-09T17:45:31","guid":{"rendered":"https:\/\/mcrtecresa.com\/tecfill-aislamiento-termico-y-acustico"},"modified":"2026-03-18T15:49:31","modified_gmt":"2026-03-18T13:49:31","slug":"tecfill-isolamento-termico-e-acustico","status":"publish","type":"page","link":"https:\/\/mcrtecresa.com\/pt\/tecfill-isolamento-termico-e-acustico","title":{"rendered":"Tecfill &#8211; Isolamento T\u00e9rmico e Ac\u00fastico"},"content":{"rendered":"<div class=\"wpb-content-wrapper\"><p>[vc_row][vc_column][vc_column_text]<\/p>\n<pre><code class=\"html hljs xml\"><span><span><a href=\"https:\/\/mcrtecresa.com\/pt\">mcr tecresa\u00ae<\/a><\/span><\/span><\/code><\/pre>\n<p>[\/vc_column_text][\/vc_column][\/vc_row][vc_row full_width=&#8221;stretch_row&#8221;][vc_column]<div class=\"mgt-header-block clearfix text-left text-black wpb_animate_when_almost_visible wpb_top-to-bottom wpb_content_element  mgt-header-block-style-2 mgt-header-texttransform-none  vc_custom_1623323489747\"><h1 class=\"mgt-header-block-title\">TECFILL\u00ae - ISOLAMENTO T\u00c9RMICO E AC\u00daSTICO<\/h1><div class=\"mgt-header-line\"><\/div><\/div>[vc_row_inner equal_height=&#8221;yes&#8221; content_placement=&#8221;middle&#8221;][vc_column_inner width=&#8221;2\/3&#8243;][vc_column_text]<\/p>\n<div style=\"text-align: justify;\">\n<div style=\"text-align: justify;\">\n<p><strong>Tecfill<\/strong>\u00ae trata-se de uma l\u00e3 de rocha de origem volc\u00e2nico, especialmente indicado para insuflar mecanicamente. O seu uso est\u00e1 destinado \u00e0 aplica\u00e7\u00e3o por soprado em s\u00f3t\u00e3os ou por insuflado em redes fechadas atrav\u00e9s de m\u00e1quina adaptadas. Est\u00e1, particularmente, adaptado \u00e0s paredes de grande espessura.<\/p>\n<p><strong>Tecfill<\/strong>\u00ae como est\u00e1 composto de materiais inorg\u00e2nicos, permanece inalter\u00e1vel ao longo do tempo. \u00c9 imputresc\u00edvel e n\u00e3o gera altera\u00e7\u00f5es f\u00fangicas.<\/p>\n<p>Tendo uma classifica\u00e7\u00e3o de A1 (incombust\u00edvel), al\u00e9m da sua extraordin\u00e1ria efici\u00eancia energ\u00e9tica, oferece a capacidade ign\u00edfuga, impedindo a propaga\u00e7\u00e3o do fogo para outro setor. Isto confere-lhe umas propriedades \u00fanicas no mercado.<\/p>\n<p>A aplica\u00e7\u00e3o de <strong>Tecfill<\/strong>\u00ae trata-se de um procedimento de isolamento t\u00e9rmico por insuflado, de l\u00e3 de rocha volc\u00e2nica, de coberturas, paredes ou lajes, para locais com humidade baixa ou m\u00e9dia, de edif\u00edcios residenciais e n\u00e3o residenciais novos ou antigos.<\/p>\n<p>O isolamento pode se realizar, desde o interior ou desde o exterior, nas paredes de qualquer espessura.<\/p>\n<p>Este producto ofrece numerosas vantagens:<\/p>\n<div style=\"text-align: justify;\">\n<blockquote>\n<div style=\"text-align: justify;\">\n<p>Rapidez e facilidade de aplica\u00e7\u00e3o, sem cortes.<\/p>\n<div style=\"text-align: justify;\">\n<p>Adapta\u00e7\u00e3o \u00e0s obras de formato complexo.<\/p>\n<p>Preenchimento homog\u00eaneo, redu\u00e7\u00e3o das pontes t\u00e9rmicas.<\/p>\n<p>Altas presta\u00e7\u00f5es, tanto no inverno quanto no ver\u00e3o.<\/p>\n<p>Aberto \u00e0 difus\u00e3o do vapor de \u00e1gua, comodidade e Confort t\u00e9rmico.<\/p>\n<p>Respeitoso como o m\u00e9dio ambiente.<\/p>\n<p>Execu\u00e7\u00e3o pelos profissionais certificados Tecfill\u00ae.<\/p>\n<\/div>\n<\/div>\n<\/blockquote>\n<\/div>\n<\/div>\n<\/div>\n<p>[\/vc_column_text][\/vc_column_inner][vc_column_inner width=&#8221;1\/3&#8243;][vc_single_image image=&#8221;52984&#8243; img_size=&#8221;full&#8221; alignment=&#8221;center&#8221; style=&#8221;vc_box_rounded&#8221; onclick=&#8221;link_image&#8221; css=&#8221;.vc_custom_1520867577776{margin-top: 3rem !important;}&#8221;][\/vc_column_inner][\/vc_row_inner][vc_empty_space height=&#8221;40px&#8221;][\/vc_column][\/vc_row][vc_row][vc_column][vc_tta_accordion gap=&#8221;2&#8243; active_section=&#8221;0&#8243; collapsible_all=&#8221;true&#8221;][vc_tta_section title=&#8221;Alguma d\u00favida sobre os nossos productos ou servi\u00e7os? Contate connosco&#8230;&#8221; tab_id=&#8221;alguma-duvida-contacte&#8221;][vc_row_inner][vc_column_inner]\n<div class=\"wpcf7 no-js\" id=\"wpcf7-f45603-o1\" lang=\"es-ES\" dir=\"ltr\" data-wpcf7-id=\"45603\">\n<div class=\"screen-reader-response\"><p role=\"status\" aria-live=\"polite\" aria-atomic=\"true\"><\/p> <ul><\/ul><\/div>\n<form action=\"\/pt\/wp-json\/wp\/v2\/pages\/52983#wpcf7-f45603-o1\" method=\"post\" class=\"wpcf7-form init\" aria-label=\"Contact form\" novalidate=\"novalidate\" data-status=\"init\">\n<fieldset class=\"hidden-fields-container\"><input type=\"hidden\" name=\"_wpcf7\" value=\"45603\" \/><input type=\"hidden\" name=\"_wpcf7_version\" value=\"6.1.5\" \/><input type=\"hidden\" name=\"_wpcf7_locale\" value=\"es_ES\" \/><input type=\"hidden\" name=\"_wpcf7_unit_tag\" value=\"wpcf7-f45603-o1\" \/><input type=\"hidden\" name=\"_wpcf7_container_post\" value=\"0\" \/><input type=\"hidden\" name=\"_wpcf7_posted_data_hash\" value=\"\" \/><input type=\"hidden\" name=\"_wpcf7_recaptcha_response\" value=\"\" \/>\n<\/fieldset>\n<p><label>Seu Nome<br \/>\n<span class=\"wpcf7-form-control-wrap\" data-name=\"your-name\"><input size=\"40\" maxlength=\"400\" class=\"wpcf7-form-control wpcf7-text wpcf7-validates-as-required\" aria-required=\"true\" aria-invalid=\"false\" value=\"\" type=\"text\" name=\"your-name\" \/><\/span> <\/label>\n<\/p>\n<p><label>Seu email<br \/>\n<span class=\"wpcf7-form-control-wrap\" data-name=\"your-email\"><input size=\"40\" maxlength=\"400\" class=\"wpcf7-form-control wpcf7-email wpcf7-validates-as-required wpcf7-text wpcf7-validates-as-email\" aria-required=\"true\" aria-invalid=\"false\" value=\"\" type=\"email\" name=\"your-email\" \/><\/span> <\/label>\n<\/p>\n<p><label>Assunto<br \/>\n<span class=\"wpcf7-form-control-wrap\" data-name=\"your-subject\"><input size=\"40\" maxlength=\"400\" class=\"wpcf7-form-control wpcf7-text\" aria-invalid=\"false\" value=\"\" type=\"text\" name=\"your-subject\" \/><\/span> <\/label>\n<\/p>\n<p><label>Sua mensagem<br \/>\n<span class=\"wpcf7-form-control-wrap\" data-name=\"your-message\"><textarea cols=\"40\" rows=\"10\" maxlength=\"2000\" class=\"wpcf7-form-control wpcf7-textarea\" aria-invalid=\"false\" name=\"your-message\"><\/textarea><\/span> <\/label>\n<\/p>\n<p><span class=\"wpcf7-form-control-wrap\" data-name=\"acceptance-579\"><span class=\"wpcf7-form-control wpcf7-acceptance\"><span class=\"wpcf7-list-item\"><input type=\"checkbox\" name=\"acceptance-579\" value=\"1\" aria-invalid=\"false\" \/><\/span><\/span><\/span> Eu aceito a <a href=\"https:\/\/mcrtecresa.com\/pt\/politica-de-privacidade\"target=\"_blank\">Pol\u00edtica de privacidade<\/a>\n<\/p>\n<p><input class=\"wpcf7-form-control wpcf7-submit has-spinner\" type=\"submit\" value=\"Enviar\" \/>\n<\/p><div class=\"wpcf7-response-output\" aria-hidden=\"true\"><\/div>\n<\/form>\n<\/div>\n[vc_column_text]<\/p>\n<p style=\"text-align: justify;\"><span style=\"font-size: 10px;\">Segundo estabelece o regulamento (EU) 2016\/679 do Parlamento Europeu e do Conselho, de 27 de abril de 2016, TECRESA PROTECCI\u00d3N PASIVA, S.L. informa aos usu\u00e1rios que os dados de carater pessoal que nos proporciona atrav\u00e9s do presente formul\u00e1rio ser\u00e3o tratados pela nossa companhia como respons\u00e1vel desta web. A finalidade da recolhida e tratamento dos dados pessoais que solicitamos \u00e9 para poder regist\u00e1-lo como usu\u00e1rio dos nossos servi\u00e7os que implicar\u00e1 poder enviar nossas publica\u00e7\u00f5es e ofertas, promo\u00e7\u00f5es de produtos e\/ou servi\u00e7os. A legitima\u00e7\u00e3o se realiza atrav\u00e9s do seu pr\u00f3prio consentimento como interessado. Te informamos que os dados que nos facilita n\u00e3o ser\u00e3o cedidos a terceiros. Poder\u00e1 exercer seus direitos de acesso, retifica\u00e7\u00e3o, supress\u00e3o, limita\u00e7\u00e3o de tratamento, portabilidade e esquecimento dos dados em rgpd@mcrtecresa.com\u00a0assim como o direito de apresentar a sua reclama\u00e7\u00e3o ante uma autoridade de controle. Te aconselhamos que amplies a informa\u00e7\u00e3o adicional e detalhada na nossa\u00a0<a href=\"https:\/\/mcrtecresa.com\/pt\/politica-de-privacidade\">Pol\u00edtica de Privacidade<\/a><u>.<\/u><\/span><\/p>\n<p>[\/vc_column_text][\/vc_column_inner][\/vc_row_inner][\/vc_tta_section][\/vc_tta_accordion][\/vc_column][\/vc_row][vc_row][vc_column][vc_empty_space height=&#8221;40px&#8221;][\/vc_column][\/vc_row][vc_row][vc_column width=&#8221;1\/6&#8243;][\/vc_column][vc_column width=&#8221;4\/6&#8243;][vc_raw_html css=&#8221;&#8221;]JTNDY2VudGVyJTNFJTNDaWZyYW1lJTIwd2lkdGglM0QlMjI4MTAlMjIlMjBoZWlnaHQlM0QlMjI0NTYlMjIlMjBzcmMlM0QlMjJodHRwcyUzQSUyRiUyRnd3dy55b3V0dWJlLmNvbSUyRmVtYmVkJTJGM1pUdVNBbG1VVDAlM0ZyZWwlM0QwJTI2bG9vcCUzRDElMjZtdXRlJTNEMSUyMiUyMGZyYW1lYm9yZGVyJTNEJTIyMCUyMiUyMGVuY3J5cHRlZC1tZWRpYSUyMiUyMGFsbG93ZnVsbHNjcmVlbiUzRSUzQyUyRmlmcmFtZSUzRSUzQyUyRmNlbnRlciUzRQ==[\/vc_raw_html][\/vc_column][vc_column width=&#8221;1\/6&#8243;][\/vc_column][\/vc_row][vc_row][vc_column][vc_empty_space height=&#8221;40px&#8221;][\/vc_column][\/vc_row][vc_row][vc_column width=&#8221;1\/2&#8243; el_class=&#8221;bordersolution&#8221;][vc_single_image image=&#8221;52986&#8243; img_size=&#8221;large&#8221; alignment=&#8221;center&#8221; onclick=&#8221;link_image&#8221;][vc_column_text]<\/p>\n<table class=\" alignleft\" style=\"height: 245px; width: 568px;\">\n<tbody>\n<tr>\n<td style=\"width: 276px;\"><strong><span style=\"color: #666666;\">ENSAIO<\/span><\/strong><\/p>\n<hr \/>\n<p><b>Laborat\u00f3rio<\/b>: CEIS acreditado por ENAC<br \/>\n<b>N\u00ba ensaio<\/b>: CAT0044\/15<\/td>\n<td style=\"width: 292px;\"><strong><span style=\"color: #666666;\">SOLU\u00c7\u00c3O<\/span><\/strong><\/p>\n<hr \/>\n<p><strong><span style=\"color: #ff0000;\">1.<\/span><\/strong> Tijolo cer\u00e2mico<br \/>\n<strong><span style=\"color: #ff0000;\">2.<\/span><\/strong> <strong>Tecfill<sup>\u00ae<\/sup><\/strong><br \/>\n<strong><span style=\"color: #ff0000;\">3.<\/span><\/strong> Boquilha de insuflar<br \/>\n<strong><span style=\"color: #ff0000;\">4.<\/span><\/strong> Mangueira<\/td>\n<\/tr>\n<\/tbody>\n<\/table>\n<p>[\/vc_column_text][\/vc_column][vc_column width=&#8221;1\/2&#8243;]<div class=\"mgt-header-block clearfix text-left text-black wpb_animate_when_almost_visible wpb_top-to-bottom wpb_content_element  mgt-header-block-style-2 mgt-header-texttransform-none  vc_custom_1623324744671\"><h2 class=\"mgt-header-block-title\">Aplica\u00e7\u00e3o<\/h2><div class=\"mgt-header-line\"><\/div><\/div>[vc_column_text]<\/p>\n<div style=\"text-align: justify;\">\n<p>A aplica\u00e7\u00e3o de <strong>Tecfill\u00ae<\/strong> \u00e9 r\u00e1pida e simples, em pouco tempo consegue-se o isolamento desejado, sem grandes obras e de maneira limpa.<\/p>\n<p>Um oper\u00e1rio especializado, acreditado por <strong>mercor <span style=\"color: #ff0000;\">tecresa<sup>\u00ae<\/sup><\/span><\/strong>, realizar\u00e1 a instala\u00e7\u00e3o nos seguintes passos:<\/p>\n<p>1- Revisar o estado da cavidade, verificando as \u00f3timas condi\u00e7\u00f5es de aplica\u00e7\u00e3o.<\/p>\n<p>2- Organiza\u00e7\u00e3o dos buracos que se far\u00e3o sobre a obra suporte, garantindo uma distribui\u00e7\u00e3o \u00f3tima do material na cavidade.<\/p>\n<p>3- Insuflado do material. <strong>Tecfill\u00ae<\/strong> insufla-se em seco, evitando desperd\u00edcio do material, manchas, gotejou, etc.<\/p>\n<p>4- Uma vez preenchida a cavidade com <strong>Tecfill\u00ae<\/strong> o oper\u00e1rio sela os buracos praticados sobre a obra suporte, com o selante mais indicado (cimento, gesso, m\u00e1stique, etc.)<\/p>\n<p>O respons\u00e1vel da instala\u00e7\u00e3o (oper\u00e1rio especializado) realiza a configura\u00e7\u00e3o e ajuste da m\u00e1quina em fun\u00e7\u00e3o das caracter\u00edsticas de isolamento desejadas (espessura, densidade)<\/p>\n<p>Os sacos de l\u00e3 de rocha <strong>Tecfill\u00ae<\/strong> vazia-se no funil de alimenta\u00e7\u00e3o da m\u00e1quina para insuflar. A l\u00e3 de rocha insufla-se pneumaticamente atrav\u00e9s de uma mangueira e um bocal at\u00e9 a parede que queremos isolar.\u00a0 O di\u00e2metro da mangueira de insufla\u00e7\u00e3o \u00e9 de 50mm, o bocal de aplica\u00e7\u00e3o tem um di\u00e2metro de 50mm, por isso o orif\u00edcio deve ser de 52mm.<\/p>\n<\/div>\n<p>[\/vc_column_text][\/vc_column][\/vc_row][vc_row][vc_column][vc_empty_space height=&#8221;30px&#8221;][\/vc_column][\/vc_row][vc_row][vc_column]<div class=\"mgt-header-block clearfix text-left text-black wpb_animate_when_almost_visible wpb_top-to-bottom wpb_content_element  mgt-header-block-style-2 mgt-header-texttransform-none  vc_custom_1623324887709\"><h2 class=\"mgt-header-block-title\">Documentos do produto<\/h2><div class=\"mgt-header-line\"><\/div><\/div>[vc_row_inner][vc_column_inner width=&#8221;1\/3&#8243;][vc_raw_html]JTNDZGl2JTIwY2xhc3MlM0QlMjJ3aWRnZXQtZG93bmxvYWQtbGluay13cmFwcGVyJTIyJTNFJTBBJTNDZGl2JTIwY2xhc3MlM0QlMjJ3aWRnZXQtZG93bmxvYWQtaWNvbiUyMiUzRSUzQ2klMjBjbGFzcyUzRCUyMmZhJTIwZmEtZmlsZS1wZGYtbyUyMiUzRSUzQyUyRmklM0UlMEElM0MlMkZkaXYlM0UlMEElM0NkaXYlMjBjbGFzcyUzRCUyMndpZGdldC1kb3dubG9hZC1kZXRhaWxzJTIyJTNFJTBBJTNDZGl2JTIwY2xhc3MlM0QlMjJ3aWRnZXQtZG93bmxvYWQtdGl0bGUlMjIlM0UlM0NzcGFuJTIwY2xhc3MlM0QlMjJkb2N1bWVudG8tcGRmJTIyJTIwb25jbGljayUzRCUyMnNldExvY2F0aW9uJTI4JTI3c2MtdGVjZmlsbC1wdCUyNyUyOSUyMiUzRUZpY2hhJTIwcGFyYSUyMGRvd25sb2FkJTNDJTJGc3BhbiUzRSUzQyUyRmRpdiUzRSUwQSUzQ2RpdiUyMGNsYXNzJTNEJTIyd2lkZ2V0LWRvd25sb2FkLXN1YnRpdGxlJTIyJTNFMSUyME1iJTJDJTIwUERGJTNDJTJGZGl2JTNFJTBBJTNDJTJGZGl2JTNFJTBBJTNDJTJGZGl2JTNFJTBB[\/vc_raw_html][\/vc_column_inner][vc_column_inner width=&#8221;1\/3&#8243;][vc_raw_html]JTNDZGl2JTIwY2xhc3MlM0QlMjJ3aWRnZXQtZG93bmxvYWQtbGluay13cmFwcGVyJTIyJTNFJTBBJTNDZGl2JTIwY2xhc3MlM0QlMjJ3aWRnZXQtZG93bmxvYWQtaWNvbiUyMiUzRSUzQ2klMjBjbGFzcyUzRCUyMmZhJTIwZmEtZmlsZS1wZGYtbyUyMiUzRSUzQyUyRmklM0UlMEElM0MlMkZkaXYlM0UlMEElM0NkaXYlMjBjbGFzcyUzRCUyMndpZGdldC1kb3dubG9hZC1kZXRhaWxzJTIyJTNFJTBBJTNDZGl2JTIwY2xhc3MlM0QlMjJ3aWRnZXQtZG93bmxvYWQtdGl0bGUlMjIlM0UlM0NzcGFuJTIwY2xhc3MlM0QlMjJkb2N1bWVudG8tcGRmJTIyJTIwb25jbGljayUzRCUyMnNldExvY2F0aW9uJTI4JTI3Y2FyYWN0ZXJpc3RpY2FzLXRlY2ZpbGwtcHQlMjclMjklMjIlM0VDYXJhY3RlciVDMyVBRHN0aWNhcyUyMHQlQzMlQTljbmljYXMlMjBlJTIwZXNwZWNpZmljYSVDMyVBNyVDMyVCNWVzJTNDJTJGc3BhbiUzRSUzQyUyRmRpdiUzRSUwQSUzQ2RpdiUyMGNsYXNzJTNEJTIyd2lkZ2V0LWRvd25sb2FkLXN1YnRpdGxlJTIyJTNFMTM0JTIwS2IlMkMlMjBQREYlM0MlMkZkaXYlM0UlMEElM0MlMkZkaXYlM0UlMEElM0MlMkZkaXYlM0UlMEE=[\/vc_raw_html][\/vc_column_inner][vc_column_inner width=&#8221;1\/3&#8243;][vc_raw_html]JTNDZGl2JTIwY2xhc3MlM0QlMjJ3aWRnZXQtZG93bmxvYWQtbGluay13cmFwcGVyJTIyJTNFJTBBJTNDZGl2JTIwY2xhc3MlM0QlMjJ3aWRnZXQtZG93bmxvYWQtaWNvbiUyMiUzRSUzQ2klMjBjbGFzcyUzRCUyMmZhJTIwZmEtZmlsZS1wZGYtbyUyMiUzRSUzQyUyRmklM0UlMEElM0MlMkZkaXYlM0UlMEElM0NkaXYlMjBjbGFzcyUzRCUyMndpZGdldC1kb3dubG9hZC1kZXRhaWxzJTIyJTNFJTBBJTNDZGl2JTIwY2xhc3MlM0QlMjJ3aWRnZXQtZG93bmxvYWQtdGl0bGUlMjIlM0UlM0NzcGFuJTIwY2xhc3MlM0QlMjJkb2N1bWVudG8tcGRmJTIyJTIwb25jbGljayUzRCUyMnNldExvY2F0aW9uJTI4JTI3ZmljaGEtdGVjbmljYS10ZWNmaWxsLXB0JTI3JTI5JTIyJTNFRmljaGElMjB0JUMzJUE5Y25pY2ElM0MlMkZzcGFuJTNFJTNDJTJGZGl2JTNFJTBBJTNDZGl2JTIwY2xhc3MlM0QlMjJ3aWRnZXQtZG93bmxvYWQtc3VidGl0bGUlMjIlM0UyJTIwTWIlMkMlMjBQREYlM0MlMkZkaXYlM0UlMEElM0MlMkZkaXYlM0UlMEElM0MlMkZkaXYlM0UlMEE=[\/vc_raw_html][\/vc_column_inner][\/vc_row_inner][\/vc_column][\/vc_row][vc_row][vc_column][vc_empty_space height=&#8221;40px&#8221;][\/vc_column][\/vc_row][vc_row][vc_column][vc_separator][\/vc_column][\/vc_row]<\/p>\n<\/div>","protected":false},"excerpt":{"rendered":"<p>[vc_row][vc_column][vc_column_text] [\/vc_column_text][\/vc_column][\/vc_row][vc_row full_width=&#8221;stretch_row&#8221;][vc_column][vc_row_inner equal_height=&#8221;yes&#8221; content_placement=&#8221;middle&#8221;][vc_column_inner width=&#8221;2\/3&#8243;][vc_column_text] Tecfill\u00ae trata-se de uma l\u00e3 de rocha de origem volc\u00e2nico, especialmente indicado para insuflar mecanicamente. O seu uso est\u00e1 destinado \u00e0 aplica\u00e7\u00e3o por soprado&#8230;<\/p>\n","protected":false},"author":2,"featured_media":0,"parent":0,"menu_order":0,"comment_status":"closed","ping_status":"closed","template":"","meta":{"footnotes":""},"class_list":["post-52983","page","type-page","status-publish","hentry"],"yoast_head":"<!-- This site is optimized with the Yoast SEO plugin v27.4 - https:\/\/yoast.com\/product\/yoast-seo-wordpress\/ -->\n<title>Isolamento t\u00e9rmico e ac\u00fastico para c\u00e2maras de ar Tecfill\u00ae<\/title>\n<meta name=\"description\" content=\"Tecfill\u00ae \u00e9 uma l\u00e3 de rocha de origem volc\u00e2nica para insuflado, que consegue excelentes resultados como isolante t\u00e9rmico e ac\u00fastico em c\u00e2maras de ar.\" \/>\n<meta name=\"robots\" content=\"index, follow, max-snippet:-1, max-image-preview:large, max-video-preview:-1\" \/>\n<link rel=\"canonical\" href=\"https:\/\/mcrtecresa.com\/pt\/argamassa-tecplaster\/protecao-de-lajes-mistas\" \/>\n<meta property=\"og:locale\" content=\"pt_PT\" \/>\n<meta property=\"og:type\" content=\"article\" \/>\n<meta property=\"og:title\" content=\"Isolamento t\u00e9rmico e ac\u00fastico para c\u00e2maras de ar Tecfill\u00ae\" \/>\n<meta property=\"og:description\" content=\"Tecfill\u00ae \u00e9 uma l\u00e3 de rocha de origem volc\u00e2nica para insuflado, que consegue excelentes resultados como isolante t\u00e9rmico e ac\u00fastico em c\u00e2maras de ar.\" \/>\n<meta property=\"og:url\" content=\"https:\/\/mcrtecresa.com\/pt\/argamassa-tecplaster\/protecao-de-lajes-mistas\" \/>\n<meta property=\"og:site_name\" content=\"Mcr Tecresa\" \/>\n<meta property=\"article:modified_time\" content=\"2026-03-18T13:49:31+00:00\" \/>\n<meta property=\"og:image\" content=\"https:\/\/mcrtecresa.com\/wp-content\/uploads\/2025\/07\/Logo-Original-1.png\" \/>\n\t<meta property=\"og:image:width\" content=\"195\" \/>\n\t<meta property=\"og:image:height\" content=\"46\" \/>\n\t<meta property=\"og:image:type\" content=\"image\/png\" \/>\n<meta name=\"twitter:card\" content=\"summary_large_image\" \/>\n<meta name=\"twitter:label1\" content=\"Est. reading time\" \/>\n\t<meta name=\"twitter:data1\" content=\"3 minutes\" \/>\n<script type=\"application\/ld+json\" class=\"yoast-schema-graph\">{\"@context\":\"https:\\\/\\\/schema.org\",\"@graph\":[{\"@type\":\"WebPage\",\"@id\":\"https:\\\/\\\/mcrtecresa.com\\\/pt\\\/tecfill-isolamento-termico-e-acustico\",\"url\":\"https:\\\/\\\/mcrtecresa.com\\\/pt\\\/argamassa-tecplaster\\\/protecao-de-lajes-mistas\",\"name\":\"Isolamento t\u00e9rmico e ac\u00fastico para c\u00e2maras de ar Tecfill\u00ae\",\"isPartOf\":{\"@id\":\"https:\\\/\\\/mcrtecresa.com\\\/#website\"},\"datePublished\":\"2018-03-09T17:45:31+00:00\",\"dateModified\":\"2026-03-18T13:49:31+00:00\",\"description\":\"Tecfill\u00ae \u00e9 uma l\u00e3 de rocha de origem volc\u00e2nica para insuflado, que consegue excelentes resultados como isolante t\u00e9rmico e ac\u00fastico em c\u00e2maras de ar.\",\"breadcrumb\":{\"@id\":\"https:\\\/\\\/mcrtecresa.com\\\/pt\\\/argamassa-tecplaster\\\/protecao-de-lajes-mistas#breadcrumb\"},\"inLanguage\":\"pt\",\"potentialAction\":[{\"@type\":\"ReadAction\",\"target\":[\"https:\\\/\\\/mcrtecresa.com\\\/pt\\\/argamassa-tecplaster\\\/protecao-de-lajes-mistas\"]}]},{\"@type\":\"BreadcrumbList\",\"@id\":\"https:\\\/\\\/mcrtecresa.com\\\/pt\\\/argamassa-tecplaster\\\/protecao-de-lajes-mistas#breadcrumb\",\"itemListElement\":[{\"@type\":\"ListItem\",\"position\":1,\"name\":\"mcr tecresa\u00ae\",\"item\":\"https:\\\/\\\/mcrtecresa.com\\\/pt\"},{\"@type\":\"ListItem\",\"position\":2,\"name\":\"Tecfill &#8211; Isolamento T\u00e9rmico e Ac\u00fastico\"}]},{\"@type\":\"WebSite\",\"@id\":\"https:\\\/\\\/mcrtecresa.com\\\/#website\",\"url\":\"https:\\\/\\\/mcrtecresa.com\\\/\",\"name\":\"Mcr Tecresa\",\"description\":\"Empresa l\u00edder en protecci\u00f3n pasiva contra incendios\",\"publisher\":{\"@id\":\"https:\\\/\\\/mcrtecresa.com\\\/#organization\"},\"alternateName\":\"Protecci\u00f3n Pasiva Contra Incendios\",\"potentialAction\":[{\"@type\":\"SearchAction\",\"target\":{\"@type\":\"EntryPoint\",\"urlTemplate\":\"https:\\\/\\\/mcrtecresa.com\\\/?s={search_term_string}\"},\"query-input\":{\"@type\":\"PropertyValueSpecification\",\"valueRequired\":true,\"valueName\":\"search_term_string\"}}],\"inLanguage\":\"pt\"},{\"@type\":\"Organization\",\"@id\":\"https:\\\/\\\/mcrtecresa.com\\\/#organization\",\"name\":\"Mcr Tecresa\",\"url\":\"https:\\\/\\\/mcrtecresa.com\\\/\",\"logo\":{\"@type\":\"ImageObject\",\"inLanguage\":\"pt\",\"@id\":\"https:\\\/\\\/mcrtecresa.com\\\/#\\\/schema\\\/logo\\\/image\\\/\",\"url\":\"https:\\\/\\\/mcrtecresa.com\\\/wp-content\\\/uploads\\\/2025\\\/07\\\/Logo-Original-1.png\",\"contentUrl\":\"https:\\\/\\\/mcrtecresa.com\\\/wp-content\\\/uploads\\\/2025\\\/07\\\/Logo-Original-1.png\",\"width\":195,\"height\":46,\"caption\":\"Mcr Tecresa\"},\"image\":{\"@id\":\"https:\\\/\\\/mcrtecresa.com\\\/#\\\/schema\\\/logo\\\/image\\\/\"},\"sameAs\":[\"https:\\\/\\\/www.linkedin.com\\\/company\\\/mcrtecresa\",\"https:\\\/\\\/www.youtube.com\\\/@Mcrtecresa\"]}]}<\/script>\n<!-- \/ Yoast SEO plugin. -->","yoast_head_json":{"title":"Isolamento t\u00e9rmico e ac\u00fastico para c\u00e2maras de ar Tecfill\u00ae","description":"Tecfill\u00ae \u00e9 uma l\u00e3 de rocha de origem volc\u00e2nica para insuflado, que consegue excelentes resultados como isolante t\u00e9rmico e ac\u00fastico em c\u00e2maras de ar.","robots":{"index":"index","follow":"follow","max-snippet":"max-snippet:-1","max-image-preview":"max-image-preview:large","max-video-preview":"max-video-preview:-1"},"canonical":"https:\/\/mcrtecresa.com\/pt\/argamassa-tecplaster\/protecao-de-lajes-mistas","og_locale":"pt_PT","og_type":"article","og_title":"Isolamento t\u00e9rmico e ac\u00fastico para c\u00e2maras de ar Tecfill\u00ae","og_description":"Tecfill\u00ae \u00e9 uma l\u00e3 de rocha de origem volc\u00e2nica para insuflado, que consegue excelentes resultados como isolante t\u00e9rmico e ac\u00fastico em c\u00e2maras de ar.","og_url":"https:\/\/mcrtecresa.com\/pt\/argamassa-tecplaster\/protecao-de-lajes-mistas","og_site_name":"Mcr Tecresa","article_modified_time":"2026-03-18T13:49:31+00:00","og_image":[{"width":195,"height":46,"url":"https:\/\/mcrtecresa.com\/wp-content\/uploads\/2025\/07\/Logo-Original-1.png","type":"image\/png"}],"twitter_card":"summary_large_image","twitter_misc":{"Est. reading time":"3 minutes"},"schema":{"@context":"https:\/\/schema.org","@graph":[{"@type":"WebPage","@id":"https:\/\/mcrtecresa.com\/pt\/tecfill-isolamento-termico-e-acustico","url":"https:\/\/mcrtecresa.com\/pt\/argamassa-tecplaster\/protecao-de-lajes-mistas","name":"Isolamento t\u00e9rmico e ac\u00fastico para c\u00e2maras de ar Tecfill\u00ae","isPartOf":{"@id":"https:\/\/mcrtecresa.com\/#website"},"datePublished":"2018-03-09T17:45:31+00:00","dateModified":"2026-03-18T13:49:31+00:00","description":"Tecfill\u00ae \u00e9 uma l\u00e3 de rocha de origem volc\u00e2nica para insuflado, que consegue excelentes resultados como isolante t\u00e9rmico e ac\u00fastico em c\u00e2maras de ar.","breadcrumb":{"@id":"https:\/\/mcrtecresa.com\/pt\/argamassa-tecplaster\/protecao-de-lajes-mistas#breadcrumb"},"inLanguage":"pt","potentialAction":[{"@type":"ReadAction","target":["https:\/\/mcrtecresa.com\/pt\/argamassa-tecplaster\/protecao-de-lajes-mistas"]}]},{"@type":"BreadcrumbList","@id":"https:\/\/mcrtecresa.com\/pt\/argamassa-tecplaster\/protecao-de-lajes-mistas#breadcrumb","itemListElement":[{"@type":"ListItem","position":1,"name":"mcr tecresa\u00ae","item":"https:\/\/mcrtecresa.com\/pt"},{"@type":"ListItem","position":2,"name":"Tecfill &#8211; Isolamento T\u00e9rmico e Ac\u00fastico"}]},{"@type":"WebSite","@id":"https:\/\/mcrtecresa.com\/#website","url":"https:\/\/mcrtecresa.com\/","name":"Mcr Tecresa","description":"Empresa l\u00edder en protecci\u00f3n pasiva contra incendios","publisher":{"@id":"https:\/\/mcrtecresa.com\/#organization"},"alternateName":"Protecci\u00f3n Pasiva Contra Incendios","potentialAction":[{"@type":"SearchAction","target":{"@type":"EntryPoint","urlTemplate":"https:\/\/mcrtecresa.com\/?s={search_term_string}"},"query-input":{"@type":"PropertyValueSpecification","valueRequired":true,"valueName":"search_term_string"}}],"inLanguage":"pt"},{"@type":"Organization","@id":"https:\/\/mcrtecresa.com\/#organization","name":"Mcr Tecresa","url":"https:\/\/mcrtecresa.com\/","logo":{"@type":"ImageObject","inLanguage":"pt","@id":"https:\/\/mcrtecresa.com\/#\/schema\/logo\/image\/","url":"https:\/\/mcrtecresa.com\/wp-content\/uploads\/2025\/07\/Logo-Original-1.png","contentUrl":"https:\/\/mcrtecresa.com\/wp-content\/uploads\/2025\/07\/Logo-Original-1.png","width":195,"height":46,"caption":"Mcr Tecresa"},"image":{"@id":"https:\/\/mcrtecresa.com\/#\/schema\/logo\/image\/"},"sameAs":["https:\/\/www.linkedin.com\/company\/mcrtecresa","https:\/\/www.youtube.com\/@Mcrtecresa"]}]}},"_links":{"self":[{"href":"https:\/\/mcrtecresa.com\/pt\/wp-json\/wp\/v2\/pages\/52983","targetHints":{"allow":["GET"]}}],"collection":[{"href":"https:\/\/mcrtecresa.com\/pt\/wp-json\/wp\/v2\/pages"}],"about":[{"href":"https:\/\/mcrtecresa.com\/pt\/wp-json\/wp\/v2\/types\/page"}],"author":[{"embeddable":true,"href":"https:\/\/mcrtecresa.com\/pt\/wp-json\/wp\/v2\/users\/2"}],"replies":[{"embeddable":true,"href":"https:\/\/mcrtecresa.com\/pt\/wp-json\/wp\/v2\/comments?post=52983"}],"version-history":[{"count":0,"href":"https:\/\/mcrtecresa.com\/pt\/wp-json\/wp\/v2\/pages\/52983\/revisions"}],"wp:attachment":[{"href":"https:\/\/mcrtecresa.com\/pt\/wp-json\/wp\/v2\/media?parent=52983"}],"curies":[{"name":"wp","href":"https:\/\/api.w.org\/{rel}","templated":true}]}}