{"id":52931,"date":"2018-03-09T18:38:22","date_gmt":"2018-03-09T16:38:22","guid":{"rendered":"https:\/\/mcrtecresa.com\/morteros-tecplaster"},"modified":"2025-09-24T13:12:32","modified_gmt":"2025-09-24T11:12:32","slug":"argamassa-tecplaster","status":"publish","type":"page","link":"https:\/\/mcrtecresa.com\/pt\/argamassa-tecplaster","title":{"rendered":"Argamassa Tecplaster\u00ae"},"content":{"rendered":"<div class=\"wpb-content-wrapper\"><p>[vc_row][vc_column][vc_column_text]<\/p>\n<pre><code class=\"html hljs xml\"><span><span><a href=\"https:\/\/mcrtecresa.com\/pt\">mcr tecresa\u00ae<\/a><\/span><\/span><\/code><\/pre>\n<p>[\/vc_column_text][\/vc_column][\/vc_row][vc_row][vc_column]<div class=\"mgt-header-block clearfix text-left text-black wpb_animate_when_almost_visible wpb_bottom-to-top wpb_content_element  mgt-header-block-style-2 mgt-header-texttransform-none  vc_custom_1623315648145\"><h1 class=\"mgt-header-block-title\">ARGAMASSA IGN\u00cdFUGA DE PERLITA E VERMICULITA TECPLASTER\u00ae<\/h1><div class=\"mgt-header-line\"><\/div><\/div>[vc_row_inner][vc_column_inner width=&#8221;3\/4&#8243;][vc_column_text css=&#8221;&#8221;]<\/p>\n<p style=\"text-align: justify;\"><strong>Tecplaster<\/strong><strong>\u00ae<\/strong> trata-se de uma argamassa ign\u00edfuga preparada com ligantes hidr\u00e1ulicos, <strong>perlita, vermiculita<\/strong> e outros aditivos formulados para a prote\u00e7\u00e3o frente ao fogo de estruturas met\u00e1licas e de elementos de bet\u00e3o, oferecendo resist\u00eancia ao fogo de at\u00e9 240 minutos.<\/p>\n<p style=\"text-align: justify;\">Est\u00e1 especialmente indicada para a prote\u00e7\u00e3o de elementos met\u00e1licos e de bet\u00e3o n\u00e3o expostos na intemp\u00e9rie, como: vigas, pilares, suportes, treli\u00e7as e lajes de bet\u00e3o.<\/p>\n<p style=\"text-align: justify;\">Dependendo da solu\u00e7\u00e3o necess\u00e1ria e do tipo de suporte a proteger, <strong>mcr tecresa\u00ae<\/strong>\u00a0tem desenhado diferentes tabelas indicando a espessura requerida em fun\u00e7\u00e3o do tempo de resist\u00eancia ao fogo e da forma dos perfis a proteger.<\/p>\n<p style=\"text-align: justify;\">O processo de proje\u00e7\u00e3o das argamassas <strong>Tecplaster\u00ae <\/strong>realiza-se atrav\u00e9s de m\u00e1quina de proje\u00e7\u00e3o com bomba de sem fim por via h\u00famida. A argamassa ign\u00edfuga <strong>Tecplaster\u00ae <\/strong>\u00e9 f\u00e1cil de misturar e aplicar, n\u00e3o \u00e9 nocivo \u00e0 sa\u00fade, respeita o m\u00e9dio ambiente e possui uma qualidade de acabado excecional, permitindo o seu posterior pintado.<\/p>\n<p>[\/vc_column_text][\/vc_column_inner][vc_column_inner width=&#8221;1\/4&#8243;][vc_single_image image=&#8221;52935&#8243; img_size=&#8221;medium&#8221; alignment=&#8221;center&#8221; onclick=&#8221;link_image&#8221;][\/vc_column_inner][\/vc_row_inner][vc_empty_space height=&#8221;50px&#8221; el_class=&#8221;vc_hidden-sm vc_hidden-xs&#8221;][\/vc_column][\/vc_row][vc_row][vc_column][vc_tta_accordion gap=&#8221;2&#8243; active_section=&#8221;0&#8243; collapsible_all=&#8221;true&#8221;][vc_tta_section title=&#8221;Tem alguna d\u00favida sobre o produto? Contate-se Connosco&#8230;&#8221; tab_id=&#8221;contate-connosco&#8221;][vc_row_inner][vc_column_inner]\n<div class=\"wpcf7 no-js\" id=\"wpcf7-f45603-o1\" lang=\"es-ES\" dir=\"ltr\" data-wpcf7-id=\"45603\">\n<div class=\"screen-reader-response\"><p role=\"status\" aria-live=\"polite\" aria-atomic=\"true\"><\/p> <ul><\/ul><\/div>\n<form action=\"\/pt\/wp-json\/wp\/v2\/pages\/52931#wpcf7-f45603-o1\" method=\"post\" class=\"wpcf7-form init\" aria-label=\"Contact form\" novalidate=\"novalidate\" data-status=\"init\">\n<fieldset class=\"hidden-fields-container\"><input type=\"hidden\" name=\"_wpcf7\" value=\"45603\" \/><input type=\"hidden\" name=\"_wpcf7_version\" value=\"6.1.5\" \/><input type=\"hidden\" name=\"_wpcf7_locale\" value=\"es_ES\" \/><input type=\"hidden\" name=\"_wpcf7_unit_tag\" value=\"wpcf7-f45603-o1\" \/><input type=\"hidden\" name=\"_wpcf7_container_post\" value=\"0\" \/><input type=\"hidden\" name=\"_wpcf7_posted_data_hash\" value=\"\" \/><input type=\"hidden\" name=\"_wpcf7_recaptcha_response\" value=\"\" \/>\n<\/fieldset>\n<p><label>Seu Nome<br \/>\n<span class=\"wpcf7-form-control-wrap\" data-name=\"your-name\"><input size=\"40\" maxlength=\"400\" class=\"wpcf7-form-control wpcf7-text wpcf7-validates-as-required\" aria-required=\"true\" aria-invalid=\"false\" value=\"\" type=\"text\" name=\"your-name\" \/><\/span> <\/label>\n<\/p>\n<p><label>Seu email<br \/>\n<span class=\"wpcf7-form-control-wrap\" data-name=\"your-email\"><input size=\"40\" maxlength=\"400\" class=\"wpcf7-form-control wpcf7-email wpcf7-validates-as-required wpcf7-text wpcf7-validates-as-email\" aria-required=\"true\" aria-invalid=\"false\" value=\"\" type=\"email\" name=\"your-email\" \/><\/span> <\/label>\n<\/p>\n<p><label>Assunto<br \/>\n<span class=\"wpcf7-form-control-wrap\" data-name=\"your-subject\"><input size=\"40\" maxlength=\"400\" class=\"wpcf7-form-control wpcf7-text\" aria-invalid=\"false\" value=\"\" type=\"text\" name=\"your-subject\" \/><\/span> <\/label>\n<\/p>\n<p><label>Sua mensagem<br \/>\n<span class=\"wpcf7-form-control-wrap\" data-name=\"your-message\"><textarea cols=\"40\" rows=\"10\" maxlength=\"2000\" class=\"wpcf7-form-control wpcf7-textarea\" aria-invalid=\"false\" name=\"your-message\"><\/textarea><\/span> <\/label>\n<\/p>\n<p><span class=\"wpcf7-form-control-wrap\" data-name=\"acceptance-579\"><span class=\"wpcf7-form-control wpcf7-acceptance\"><span class=\"wpcf7-list-item\"><input type=\"checkbox\" name=\"acceptance-579\" value=\"1\" aria-invalid=\"false\" \/><\/span><\/span><\/span> Eu aceito a <a href=\"https:\/\/mcrtecresa.com\/pt\/politica-de-privacidade\"target=\"_blank\">Pol\u00edtica de privacidade<\/a>\n<\/p>\n<p><input class=\"wpcf7-form-control wpcf7-submit has-spinner\" type=\"submit\" value=\"Enviar\" \/>\n<\/p><div class=\"wpcf7-response-output\" aria-hidden=\"true\"><\/div>\n<\/form>\n<\/div>\n[vc_column_text]<\/p>\n<p style=\"text-align: justify;\"><span style=\"font-size: 10px;\">Segundo estabelece o regulamento (EU) 2016\/679 do Parlamento Europeu e do Conselho, de 27 de abril de 2016, TECRESA PROTECCI\u00d3N PASIVA, S.L. informa aos usu\u00e1rios que os dados de carater pessoal que nos proporciona atrav\u00e9s do presente formul\u00e1rio ser\u00e3o tratados pela nossa companhia como respons\u00e1vel desta web. A finalidade da recolhida e tratamento dos dados pessoais que solicitamos \u00e9 para poder regist\u00e1-lo como usu\u00e1rio dos nossos servi\u00e7os que implicar\u00e1 poder enviar nossas publica\u00e7\u00f5es e ofertas, promo\u00e7\u00f5es de produtos e\/ou servi\u00e7os. A legitima\u00e7\u00e3o se realiza atrav\u00e9s do seu pr\u00f3prio consentimento como interessado. Te informamos que os dados que nos facilita n\u00e3o ser\u00e3o cedidos a terceiros. Poder\u00e1 exercer seus direitos de acesso, retifica\u00e7\u00e3o, supress\u00e3o, limita\u00e7\u00e3o de tratamento, portabilidade e esquecimento dos dados em rgpd@mcrtecresa.com\u00a0assim como o direito de apresentar a sua reclama\u00e7\u00e3o ante uma autoridade de controle. Te aconselhamos que amplies a informa\u00e7\u00e3o adicional e detalhada na nossa\u00a0<a href=\"https:\/\/mcrtecresa.com\/pt\/politica-de-privacidade\">Pol\u00edtica de Privacidade<\/a><u>.<\/u><\/span><\/p>\n<p>[\/vc_column_text][\/vc_column_inner][\/vc_row_inner][\/vc_tta_section][\/vc_tta_accordion][\/vc_column][\/vc_row][vc_row][vc_column][vc_empty_space height=&#8221;50px&#8221;][\/vc_column][\/vc_row][vc_row][vc_column]<div class=\"mgt-header-block clearfix text-left text-black wpb_animate_when_almost_visible wpb_top-to-bottom wpb_content_element  mgt-header-block-style-2 mgt-header-texttransform-none  vc_custom_1623315728889\"><h2 class=\"mgt-header-block-title\">Solu\u00e7\u00f5es Construtivas da Argamassa Tecplaster\u00ae<\/h2><div class=\"mgt-header-line\"><\/div><\/div>[vc_empty_space height=&#8221;20px&#8221; el_class=&#8221;vc_hidden-sm vc_hidden-xs&#8221;][\/vc_column][\/vc_row][vc_row][vc_column][vc_row_inner][vc_column_inner width=&#8221;1\/4&#8243;][vc_btn title=&#8221;Prote\u00e7\u00e3o elementos de A\u00e7o&#8221; style=&#8221;outline-custom&#8221; outline_custom_color=&#8221;#e42413&#8243; outline_custom_hover_background=&#8221;#e42413&#8243; outline_custom_hover_text=&#8221;#ffffff&#8221; shape=&#8221;round&#8221; size=&#8221;sm&#8221; align=&#8221;center&#8221; button_block=&#8221;true&#8221; link=&#8221;url:https%3A%2F%2Fmcrtecresa.com%2Fpt%2Fargamassa-tecplaster%2Fprotecao-elementos-de-aco&#8221;][\/vc_column_inner][vc_column_inner width=&#8221;1\/4&#8243;][vc_btn title=&#8221;Elementos estruturais de bet\u00e3o&#8221; style=&#8221;outline-custom&#8221; outline_custom_color=&#8221;#e42413&#8243; outline_custom_hover_background=&#8221;#e42413&#8243; outline_custom_hover_text=&#8221;#ffffff&#8221; shape=&#8221;round&#8221; size=&#8221;sm&#8221; align=&#8221;center&#8221; button_block=&#8221;true&#8221; link=&#8221;url:https%3A%2F%2Fmcrtecresa.com%2Fpt%2Fargamassa-tecplaster%2Fresistencia-ao-fogo-elementos-estruturais-betao&#8221;][\/vc_column_inner][vc_column_inner width=&#8221;1\/4&#8243;][vc_btn title=&#8221;Prote\u00e7\u00e3o elementos de a\u00e7o, bet\u00e3o e madeira com membrana Tecplaster\u00ae&#8221; style=&#8221;outline-custom&#8221; outline_custom_color=&#8221;#e42413&#8243; outline_custom_hover_background=&#8221;#e42413&#8243; outline_custom_hover_text=&#8221;#ffffff&#8221; shape=&#8221;round&#8221; size=&#8221;sm&#8221; align=&#8221;center&#8221; button_block=&#8221;true&#8221; link=&#8221;url:https%3A%2F%2Fmcrtecresa.com%2Fpt%2Fargamassa-tecplaster%2Fprotecao-elementos-aco-betao-com-membrana&#8221;][\/vc_column_inner][vc_column_inner width=&#8221;1\/4&#8243;][vc_btn title=&#8221;Prote\u00e7\u00e3o de lajes mistas&#8221; style=&#8221;outline-custom&#8221; outline_custom_color=&#8221;#e42413&#8243; outline_custom_hover_background=&#8221;#e42413&#8243; outline_custom_hover_text=&#8221;#ffffff&#8221; shape=&#8221;round&#8221; size=&#8221;sm&#8221; align=&#8221;center&#8221; button_block=&#8221;true&#8221; link=&#8221;url:https%3A%2F%2Fmcrtecresa.com%2Fpt%2Fargamassa-tecplaster%2Fprotecao-de-lajes-mistas&#8221;][\/vc_column_inner][\/vc_row_inner][vc_empty_space height=&#8221;50px&#8221; el_class=&#8221;vc_hidden-sm vc_hidden-xs&#8221;][\/vc_column][\/vc_row][vc_row][vc_column]<div class=\"mgt-header-block clearfix text-left text-black wpb_animate_when_almost_visible wpb_bottom-to-top wpb_content_element  mgt-header-block-style-2 mgt-header-texttransform-none  vc_custom_1623315842524\"><h2 class=\"mgt-header-block-title\">Suas Vantagens<\/h2><div class=\"mgt-header-line\"><\/div><\/div>[vc_row_inner][vc_column_inner width=&#8221;1\/3&#8243;]<div class=\"mgt-icon-box wpb_content_element wpb_animate_when_almost_visible wpb_appear mgt-icon-box-right mgt-icon-fa mgt-icon-background mgt-icon-background-invert text-black \"><div class=\"mgt-icon-box-icon hvr-icon-push\"><div class=\"mgt-font-icon\"><i class=\"fa fa-headphones\"><\/i><\/div><\/div><div class=\"mgt-icon-box-content\"><h6>PROPORCIONA<\/h6><h5>ABSOR\u00c7AO AC\u00daSTICA<\/h5><\/div><div class=\"clearfix\"><\/div><\/div>[\/vc_column_inner][vc_column_inner width=&#8221;1\/3&#8243;]<div class=\"mgt-icon-box wpb_content_element wpb_animate_when_almost_visible wpb_appear mgt-icon-box-right mgt-icon-fa mgt-icon-background mgt-icon-background-invert text-black \"><div class=\"mgt-icon-box-icon hvr-icon-push\"><div class=\"mgt-font-icon\"><i class=\"fa fa-thermometer-half\"><\/i><\/div><\/div><div class=\"mgt-icon-box-content\"><h6>PROPORCIONA<\/h6><h5>ISOLAMENTO T\u00c9RMICO<\/h5><\/div><div class=\"clearfix\"><\/div><\/div>[\/vc_column_inner][vc_column_inner width=&#8221;1\/3&#8243;]<div class=\"mgt-icon-box wpb_content_element wpb_animate_when_almost_visible wpb_appear mgt-icon-box-right mgt-icon-fa mgt-icon-background mgt-icon-background-invert text-black \"><div class=\"mgt-icon-box-icon hvr-icon-push\"><div class=\"mgt-font-icon\"><i class=\"fa fa-fire\"><\/i><\/div><\/div><div class=\"mgt-icon-box-content\"><h6>PROPORCIONA<\/h6><h5>PROTE\u00c7\u00c3O CONTRA O FOGO<\/h5><\/div><div class=\"clearfix\"><\/div><\/div>[\/vc_column_inner][\/vc_row_inner][vc_empty_space height=&#8221;40px&#8221;][\/vc_column][\/vc_row][vc_row][vc_column]<div class=\"mgt-header-block clearfix text-left text-black wpb_animate_when_almost_visible wpb_top-to-bottom wpb_content_element  mgt-header-block-style-2 mgt-header-texttransform-none  vc_custom_1623315914366\"><h2 class=\"mgt-header-block-title\">Documentos do produto<\/h2><div class=\"mgt-header-line\"><\/div><\/div>[vc_row_inner][vc_column_inner width=&#8221;1\/3&#8243;][vc_raw_html]JTNDZGl2JTIwY2xhc3MlM0QlMjJ3aWRnZXQtZG93bmxvYWQtbGluay13cmFwcGVyJTIyJTNFJTBBJTNDZGl2JTIwY2xhc3MlM0QlMjJ3aWRnZXQtZG93bmxvYWQtaWNvbiUyMiUzRSUzQ2klMjBjbGFzcyUzRCUyMmZhJTIwZmEtZmlsZS1wZGYtbyUyMiUzRSUzQyUyRmklM0UlMEElM0MlMkZkaXYlM0UlMEElM0NkaXYlMjBjbGFzcyUzRCUyMndpZGdldC1kb3dubG9hZC1kZXRhaWxzJTIyJTNFJTBBJTNDZGl2JTIwY2xhc3MlM0QlMjJ3aWRnZXQtZG93bmxvYWQtdGl0bGUlMjIlM0UlM0NzcGFuJTIwY2xhc3MlM0QlMjJkb2N1bWVudG8tcGRmJTIyJTIwb25jbGljayUzRCUyMnNldExvY2F0aW9uJTI4JTI3Y2FyYWN0ZXJpc3RpY2FzLXRlY25pY2FzLXRlY3BsYXN0ZXItcHQlMjclMjklMjIlM0VDYXJhY3RlciVDMyVBRHN0aWNhcyUyMHQlQzMlQTljbmljYXMlM0MlMkZzcGFuJTNFJTNDJTJGZGl2JTNFJTBBJTNDZGl2JTIwY2xhc3MlM0QlMjJ3aWRnZXQtZG93bmxvYWQtc3VidGl0bGUlMjIlM0UxMDIlMjBLYiUyQyUyMFBERiUzQyUyRmRpdiUzRSUwQSUzQyUyRmRpdiUzRSUwQSUzQyUyRmRpdiUzRSUwQQ==[\/vc_raw_html][\/vc_column_inner][vc_column_inner width=&#8221;1\/3&#8243;][vc_raw_html]JTNDZGl2JTIwY2xhc3MlM0QlMjJ3aWRnZXQtZG93bmxvYWQtbGluay13cmFwcGVyJTIyJTNFJTBBJTNDZGl2JTIwY2xhc3MlM0QlMjJ3aWRnZXQtZG93bmxvYWQtaWNvbiUyMiUzRSUzQ2klMjBjbGFzcyUzRCUyMmZhJTIwZmEtZmlsZS1wZGYtbyUyMiUzRSUzQyUyRmklM0UlMEElM0MlMkZkaXYlM0UlMEElM0NkaXYlMjBjbGFzcyUzRCUyMndpZGdldC1kb3dubG9hZC1kZXRhaWxzJTIyJTNFJTBBJTNDZGl2JTIwY2xhc3MlM0QlMjJ3aWRnZXQtZG93bmxvYWQtdGl0bGUlMjIlM0UlM0NzcGFuJTIwY2xhc3MlM0QlMjJkb2N1bWVudG8tcGRmJTIyJTIwb25jbGljayUzRCUyMnNldExvY2F0aW9uJTI4JTI3ZnQtdGVjcGxhc3Rlci1wdCUyNyUyOSUyMiUzRUZpY2hhJTIwdCVDMyVBOWNuaWNhJTNDJTJGc3BhbiUzRSUzQyUyRmRpdiUzRSUwQSUzQ2RpdiUyMGNsYXNzJTNEJTIyd2lkZ2V0LWRvd25sb2FkLXN1YnRpdGxlJTIyJTNFNDkzJTIwS2IlMkMlMjBQREYlM0MlMkZkaXYlM0UlMEElM0MlMkZkaXYlM0UlMEElM0MlMkZkaXYlM0UlMEE=[\/vc_raw_html][\/vc_column_inner][vc_column_inner width=&#8221;1\/3&#8243;][\/vc_column_inner][\/vc_row_inner][vc_empty_space height=&#8221;40px&#8221;][\/vc_column][\/vc_row][vc_row][vc_column][vc_empty_space height=&#8221;15px&#8221;][\/vc_column][\/vc_row][vc_row][vc_column][vc_separator][\/vc_column][\/vc_row]<\/p>\n<\/div>","protected":false},"excerpt":{"rendered":"<p>[vc_row][vc_column][vc_column_text] [\/vc_column_text][\/vc_column][\/vc_row][vc_row][vc_column][vc_row_inner][vc_column_inner width=&#8221;3\/4&#8243;][vc_column_text css=&#8221;&#8221;] Tecplaster\u00ae trata-se de uma argamassa ign\u00edfuga preparada com ligantes hidr\u00e1ulicos, perlita, vermiculita e outros aditivos formulados para a prote\u00e7\u00e3o frente ao fogo de estruturas met\u00e1licas e&#8230;<\/p>\n","protected":false},"author":2,"featured_media":0,"parent":0,"menu_order":0,"comment_status":"closed","ping_status":"closed","template":"","meta":{"footnotes":""},"class_list":["post-52931","page","type-page","status-publish","hentry"],"yoast_head":"<!-- This site is optimized with the Yoast SEO plugin v27.4 - https:\/\/yoast.com\/product\/yoast-seo-wordpress\/ -->\n<title>Argamassa de perlita e vermiculita Tecplaster\u00ae- mercor tecresa\u00ae<\/title>\n<meta name=\"description\" content=\"Argamassa de perlita e vermiculita Tecplaster\u00ae \u2705, projetado especialmente para a prote\u00e7\u00e3o frente ao fogo de estruturas met\u00e1licas de at\u00e9 240 m\" \/>\n<meta name=\"robots\" content=\"index, follow, max-snippet:-1, max-image-preview:large, max-video-preview:-1\" \/>\n<link rel=\"canonical\" href=\"https:\/\/mcrtecresa.com\/pt\/argamassa-tecplaster\" \/>\n<meta property=\"og:locale\" content=\"pt_PT\" \/>\n<meta property=\"og:type\" content=\"article\" \/>\n<meta property=\"og:title\" content=\"Argamassa de perlita e vermiculita Tecplaster\u00ae- mercor tecresa\u00ae\" \/>\n<meta property=\"og:description\" content=\"Argamassa de perlita e vermiculita Tecplaster\u00ae \u2705, projetado especialmente para a prote\u00e7\u00e3o frente ao fogo de estruturas met\u00e1licas de at\u00e9 240 m\" \/>\n<meta property=\"og:url\" content=\"https:\/\/mcrtecresa.com\/pt\/argamassa-tecplaster\" \/>\n<meta property=\"og:site_name\" content=\"Mcr Tecresa\" \/>\n<meta property=\"article:modified_time\" content=\"2025-09-24T11:12:32+00:00\" \/>\n<meta property=\"og:image\" content=\"https:\/\/mcrtecresa.com\/wp-content\/uploads\/2025\/07\/Logo-Original-1.png\" \/>\n\t<meta property=\"og:image:width\" content=\"195\" \/>\n\t<meta property=\"og:image:height\" content=\"46\" \/>\n\t<meta property=\"og:image:type\" content=\"image\/png\" \/>\n<meta name=\"twitter:card\" content=\"summary_large_image\" \/>\n<meta name=\"twitter:label1\" content=\"Est. reading time\" \/>\n\t<meta name=\"twitter:data1\" content=\"3 minutes\" \/>\n<script type=\"application\/ld+json\" class=\"yoast-schema-graph\">{\"@context\":\"https:\\\/\\\/schema.org\",\"@graph\":[{\"@type\":\"WebPage\",\"@id\":\"https:\\\/\\\/mcrtecresa.com\\\/pt\\\/argamassa-tecplaster\",\"url\":\"https:\\\/\\\/mcrtecresa.com\\\/pt\\\/argamassa-tecplaster\",\"name\":\"Argamassa de perlita e vermiculita Tecplaster\u00ae- mercor tecresa\u00ae\",\"isPartOf\":{\"@id\":\"https:\\\/\\\/mcrtecresa.com\\\/#website\"},\"datePublished\":\"2018-03-09T16:38:22+00:00\",\"dateModified\":\"2025-09-24T11:12:32+00:00\",\"description\":\"Argamassa de perlita e vermiculita Tecplaster\u00ae \u2705, projetado especialmente para a prote\u00e7\u00e3o frente ao fogo de estruturas met\u00e1licas de at\u00e9 240 m\",\"breadcrumb\":{\"@id\":\"https:\\\/\\\/mcrtecresa.com\\\/pt\\\/argamassa-tecplaster#breadcrumb\"},\"inLanguage\":\"pt\",\"potentialAction\":[{\"@type\":\"ReadAction\",\"target\":[\"https:\\\/\\\/mcrtecresa.com\\\/pt\\\/argamassa-tecplaster\"]}]},{\"@type\":\"BreadcrumbList\",\"@id\":\"https:\\\/\\\/mcrtecresa.com\\\/pt\\\/argamassa-tecplaster#breadcrumb\",\"itemListElement\":[{\"@type\":\"ListItem\",\"position\":1,\"name\":\"mcr tecresa\u00ae\",\"item\":\"https:\\\/\\\/mcrtecresa.com\\\/pt\"},{\"@type\":\"ListItem\",\"position\":2,\"name\":\"Argamassa Tecplaster\u00ae\"}]},{\"@type\":\"WebSite\",\"@id\":\"https:\\\/\\\/mcrtecresa.com\\\/#website\",\"url\":\"https:\\\/\\\/mcrtecresa.com\\\/\",\"name\":\"Mcr Tecresa\",\"description\":\"Empresa l\u00edder en protecci\u00f3n pasiva contra incendios\",\"publisher\":{\"@id\":\"https:\\\/\\\/mcrtecresa.com\\\/#organization\"},\"alternateName\":\"Protecci\u00f3n Pasiva Contra Incendios\",\"potentialAction\":[{\"@type\":\"SearchAction\",\"target\":{\"@type\":\"EntryPoint\",\"urlTemplate\":\"https:\\\/\\\/mcrtecresa.com\\\/?s={search_term_string}\"},\"query-input\":{\"@type\":\"PropertyValueSpecification\",\"valueRequired\":true,\"valueName\":\"search_term_string\"}}],\"inLanguage\":\"pt\"},{\"@type\":\"Organization\",\"@id\":\"https:\\\/\\\/mcrtecresa.com\\\/#organization\",\"name\":\"Mcr Tecresa\",\"url\":\"https:\\\/\\\/mcrtecresa.com\\\/\",\"logo\":{\"@type\":\"ImageObject\",\"inLanguage\":\"pt\",\"@id\":\"https:\\\/\\\/mcrtecresa.com\\\/#\\\/schema\\\/logo\\\/image\\\/\",\"url\":\"https:\\\/\\\/mcrtecresa.com\\\/wp-content\\\/uploads\\\/2025\\\/07\\\/Logo-Original-1.png\",\"contentUrl\":\"https:\\\/\\\/mcrtecresa.com\\\/wp-content\\\/uploads\\\/2025\\\/07\\\/Logo-Original-1.png\",\"width\":195,\"height\":46,\"caption\":\"Mcr Tecresa\"},\"image\":{\"@id\":\"https:\\\/\\\/mcrtecresa.com\\\/#\\\/schema\\\/logo\\\/image\\\/\"},\"sameAs\":[\"https:\\\/\\\/www.linkedin.com\\\/company\\\/mcrtecresa\",\"https:\\\/\\\/www.youtube.com\\\/@Mcrtecresa\"]}]}<\/script>\n<!-- \/ Yoast SEO plugin. -->","yoast_head_json":{"title":"Argamassa de perlita e vermiculita Tecplaster\u00ae- mercor tecresa\u00ae","description":"Argamassa de perlita e vermiculita Tecplaster\u00ae \u2705, projetado especialmente para a prote\u00e7\u00e3o frente ao fogo de estruturas met\u00e1licas de at\u00e9 240 m","robots":{"index":"index","follow":"follow","max-snippet":"max-snippet:-1","max-image-preview":"max-image-preview:large","max-video-preview":"max-video-preview:-1"},"canonical":"https:\/\/mcrtecresa.com\/pt\/argamassa-tecplaster","og_locale":"pt_PT","og_type":"article","og_title":"Argamassa de perlita e vermiculita Tecplaster\u00ae- mercor tecresa\u00ae","og_description":"Argamassa de perlita e vermiculita Tecplaster\u00ae \u2705, projetado especialmente para a prote\u00e7\u00e3o frente ao fogo de estruturas met\u00e1licas de at\u00e9 240 m","og_url":"https:\/\/mcrtecresa.com\/pt\/argamassa-tecplaster","og_site_name":"Mcr Tecresa","article_modified_time":"2025-09-24T11:12:32+00:00","og_image":[{"width":195,"height":46,"url":"https:\/\/mcrtecresa.com\/wp-content\/uploads\/2025\/07\/Logo-Original-1.png","type":"image\/png"}],"twitter_card":"summary_large_image","twitter_misc":{"Est. reading time":"3 minutes"},"schema":{"@context":"https:\/\/schema.org","@graph":[{"@type":"WebPage","@id":"https:\/\/mcrtecresa.com\/pt\/argamassa-tecplaster","url":"https:\/\/mcrtecresa.com\/pt\/argamassa-tecplaster","name":"Argamassa de perlita e vermiculita Tecplaster\u00ae- mercor tecresa\u00ae","isPartOf":{"@id":"https:\/\/mcrtecresa.com\/#website"},"datePublished":"2018-03-09T16:38:22+00:00","dateModified":"2025-09-24T11:12:32+00:00","description":"Argamassa de perlita e vermiculita Tecplaster\u00ae \u2705, projetado especialmente para a prote\u00e7\u00e3o frente ao fogo de estruturas met\u00e1licas de at\u00e9 240 m","breadcrumb":{"@id":"https:\/\/mcrtecresa.com\/pt\/argamassa-tecplaster#breadcrumb"},"inLanguage":"pt","potentialAction":[{"@type":"ReadAction","target":["https:\/\/mcrtecresa.com\/pt\/argamassa-tecplaster"]}]},{"@type":"BreadcrumbList","@id":"https:\/\/mcrtecresa.com\/pt\/argamassa-tecplaster#breadcrumb","itemListElement":[{"@type":"ListItem","position":1,"name":"mcr tecresa\u00ae","item":"https:\/\/mcrtecresa.com\/pt"},{"@type":"ListItem","position":2,"name":"Argamassa Tecplaster\u00ae"}]},{"@type":"WebSite","@id":"https:\/\/mcrtecresa.com\/#website","url":"https:\/\/mcrtecresa.com\/","name":"Mcr Tecresa","description":"Empresa l\u00edder en protecci\u00f3n pasiva contra incendios","publisher":{"@id":"https:\/\/mcrtecresa.com\/#organization"},"alternateName":"Protecci\u00f3n Pasiva Contra Incendios","potentialAction":[{"@type":"SearchAction","target":{"@type":"EntryPoint","urlTemplate":"https:\/\/mcrtecresa.com\/?s={search_term_string}"},"query-input":{"@type":"PropertyValueSpecification","valueRequired":true,"valueName":"search_term_string"}}],"inLanguage":"pt"},{"@type":"Organization","@id":"https:\/\/mcrtecresa.com\/#organization","name":"Mcr Tecresa","url":"https:\/\/mcrtecresa.com\/","logo":{"@type":"ImageObject","inLanguage":"pt","@id":"https:\/\/mcrtecresa.com\/#\/schema\/logo\/image\/","url":"https:\/\/mcrtecresa.com\/wp-content\/uploads\/2025\/07\/Logo-Original-1.png","contentUrl":"https:\/\/mcrtecresa.com\/wp-content\/uploads\/2025\/07\/Logo-Original-1.png","width":195,"height":46,"caption":"Mcr Tecresa"},"image":{"@id":"https:\/\/mcrtecresa.com\/#\/schema\/logo\/image\/"},"sameAs":["https:\/\/www.linkedin.com\/company\/mcrtecresa","https:\/\/www.youtube.com\/@Mcrtecresa"]}]}},"_links":{"self":[{"href":"https:\/\/mcrtecresa.com\/pt\/wp-json\/wp\/v2\/pages\/52931","targetHints":{"allow":["GET"]}}],"collection":[{"href":"https:\/\/mcrtecresa.com\/pt\/wp-json\/wp\/v2\/pages"}],"about":[{"href":"https:\/\/mcrtecresa.com\/pt\/wp-json\/wp\/v2\/types\/page"}],"author":[{"embeddable":true,"href":"https:\/\/mcrtecresa.com\/pt\/wp-json\/wp\/v2\/users\/2"}],"replies":[{"embeddable":true,"href":"https:\/\/mcrtecresa.com\/pt\/wp-json\/wp\/v2\/comments?post=52931"}],"version-history":[{"count":0,"href":"https:\/\/mcrtecresa.com\/pt\/wp-json\/wp\/v2\/pages\/52931\/revisions"}],"wp:attachment":[{"href":"https:\/\/mcrtecresa.com\/pt\/wp-json\/wp\/v2\/media?parent=52931"}],"curies":[{"name":"wp","href":"https:\/\/api.w.org\/{rel}","templated":true}]}}