{"id":45760,"date":"2018-02-09T21:37:40","date_gmt":"2018-02-09T19:37:40","guid":{"rendered":"https:\/\/mcrtecresa.com\/argamassas-tecwool\/tecwool-825"},"modified":"2025-10-13T15:58:55","modified_gmt":"2025-10-13T13:58:55","slug":"tecwool-825","status":"publish","type":"page","link":"https:\/\/mcrtecresa.com\/pt\/argamassas-tecwool\/tecwool-825","title":{"rendered":"Argamassa Tecwool 825"},"content":{"rendered":"<div class=\"wpb-content-wrapper\"><p>[vc_row][vc_column][vc_column_text]<\/p>\n<pre><code class=\"html hljs xml\"><span><span><a href=\"https:\/\/mcrtecresa.com\/pt\">mcr tecresa\u00ae<\/a><\/span><\/span><\/code><\/pre>\n<p>[\/vc_column_text][\/vc_column][\/vc_row][vc_row full_width=&#8221;stretch_row&#8221;][vc_column]<div class=\"mgt-header-block clearfix text-left text-black wpb_animate_when_almost_visible wpb_bottom-to-top wpb_content_element  mgt-header-block-style-2 mgt-header-texttransform-none  vc_custom_1623675733868\"><h1 class=\"mgt-header-block-title\">Argamassa TECWOOL\u00ae 825<\/h1><div class=\"mgt-header-line\"><\/div><\/div>[vc_column_text css_animation=&#8221;bottom-to-top&#8221;]<\/p>\n<p style=\"font-size: 16px; text-align: justify;\"><img decoding=\"async\" class=\"size-medium wp-image-3088 alignright\" src=\"https:\/\/mcrtecresa.com\/wp-content\/uploads\/2018\/02\/tecwool_825-300x200.jpg\" alt=\"\" width=\"300\" height=\"200\" \/><\/p>\n<p style=\"text-align: justify;\"><strong>Tecwool\u00ae 825 <\/strong>\u00e9 uma argamassa de l\u00e3 de rocha, cimento e material refrat\u00e1rio em pequenas propor\u00e7\u00f5es, fabricado por <strong>mercor <span style=\"color: #ff0000;\">tecresa<\/span>\u00ae<\/strong> e desenhada especificamente para a prote\u00e7\u00e3o contra o fogo em ind\u00fastrias e t\u00faneis. O seu alto teor de cimento confere grande robustez, portanto, uma vez aplicada atrav\u00e9s de proje\u00e7\u00e3o, sua apar\u00eancia final \u00e9 um bloco monol\u00edtico altamente resistente \u00e0 eros\u00e3o e \u00e0 ambientes semi- expostos ou parcialmente cobertos.<\/p>\n<p style=\"text-align: justify;\">Ensaiada mediante curva de hidrocarbonetos, <strong>RWS y UL, Tecwool\u00ae 825<\/strong> foi submetida a simula\u00e7\u00f5es em que inc\u00eandios de altas temperaturas s\u00e3o avaliados durante um per\u00edodo de tempo prolongado.<\/p>\n<p style=\"text-align: justify;\"><strong>Tecwool\u00ae 825<\/strong> adapta-se a uma grande variedade de suportes, inclusive quando est\u00e3o expostos a vibra\u00e7\u00f5es ou movimentos de assentamento.<\/p>\n<p style=\"text-align: justify;\">N\u00e3o se fissura nem se racha, devido a sua grande ader\u00eancia e flexibilidade.<\/p>\n<p style=\"text-align: justify;\">\u00c9 um produto que por conta da sua alcalinidade n\u00e3o ataca o a\u00e7o, \u00e9 resistente ao fogo e aos fungos e n\u00e3o libera vapores t\u00f3xicos ou inflam\u00e1veis.<\/p>\n<p>[\/vc_column_text]<div class=\"mgt-header-block clearfix text-left text-black wpb_animate_when_almost_visible wpb_top-to-bottom wpb_content_element  mgt-header-block-style-2 mgt-header-texttransform-none  vc_custom_1618221818121\"><h2 class=\"mgt-header-block-title\">Solu\u00e7\u00f5es construtivas de Tecwool\u00ae 825<\/h2><div class=\"mgt-header-line\"><\/div><\/div>[vc_row_inner][vc_column_inner width=&#8221;1\/4&#8243;][vc_btn title=&#8221;Elementos de a\u00e7o&#8221; style=&#8221;outline-custom&#8221; outline_custom_color=&#8221;#e42413&#8243; outline_custom_hover_background=&#8221;#e42413&#8243; outline_custom_hover_text=&#8221;#ffffff&#8221; shape=&#8221;round&#8221; size=&#8221;sm&#8221; align=&#8221;center&#8221; button_block=&#8221;true&#8221; link=&#8221;url:https%3A%2F%2Fmcrtecresa.com%2Fpt%2Fargamassas-tecwool%2Ftecwool-825%2Fproteccion-dos-elementos-de-aco&#8221;][\/vc_column_inner][vc_column_inner width=&#8221;1\/4&#8243;][vc_btn title=&#8221;Prote\u00e7\u00e3o de T\u00faneis&#8221; style=&#8221;outline-custom&#8221; outline_custom_color=&#8221;#e42413&#8243; outline_custom_hover_background=&#8221;#e42413&#8243; outline_custom_hover_text=&#8221;#ffffff&#8221; shape=&#8221;round&#8221; size=&#8221;sm&#8221; align=&#8221;center&#8221; button_block=&#8221;true&#8221; link=&#8221;url:https%3A%2F%2Fmcrtecresa.com%2Fpt%2Fargamassas-tecwool%2Ftecwool-825%2Fprotecao-de-tuneis&#8221;][\/vc_column_inner][vc_column_inner width=&#8221;1\/4&#8243;][\/vc_column_inner][vc_column_inner width=&#8221;1\/4&#8243;][\/vc_column_inner][\/vc_row_inner][vc_empty_space height=&#8221;50px&#8221; el_class=&#8221;vc_hidden-sm vc_hidden-xs&#8221;]<div class=\"mgt-header-block clearfix text-left text-black wpb_animate_when_almost_visible wpb_bottom-to-top wpb_content_element  mgt-header-block-style-2 mgt-header-texttransform-none  vc_custom_1618221888271\"><h2 class=\"mgt-header-block-title\">Suas Vantagens<\/h2><div class=\"mgt-header-line\"><\/div><\/div>[vc_row_inner][vc_column_inner width=&#8221;1\/3&#8243;]<div class=\"mgt-icon-box wpb_content_element wpb_animate_when_almost_visible wpb_appear mgt-icon-box-right mgt-icon-fa mgt-icon-background mgt-icon-background-invert text-black \"><div class=\"mgt-icon-box-icon hvr-icon-push\"><div class=\"mgt-font-icon\"><i class=\"fa fa-fire\"><\/i><\/div><\/div><div class=\"mgt-icon-box-content\"><h6>PROPORCIONA<\/h6><h5>PROTE\u00c7\u00c3O CONTRA O FOGO EM IND\u00daSTRIA E T\u00daNEIS<\/h5><\/div><div class=\"clearfix\"><\/div><\/div>[\/vc_column_inner][vc_column_inner width=&#8221;1\/3&#8243;][\/vc_column_inner][vc_column_inner width=&#8221;1\/3&#8243;][\/vc_column_inner][\/vc_row_inner][vc_empty_space height=&#8221;40px&#8221;]<div class=\"mgt-header-block clearfix text-left text-black wpb_animate_when_almost_visible wpb_top-to-bottom wpb_content_element  mgt-header-block-style-2 mgt-header-texttransform-none  vc_custom_1618221931722\"><h2 class=\"mgt-header-block-title\">Documentos do produto<\/h2><div class=\"mgt-header-line\"><\/div><\/div>[vc_row_inner][vc_column_inner width=&#8221;1\/3&#8243;][vc_raw_html]JTNDZGl2JTIwY2xhc3MlM0QlMjJ3aWRnZXQtZG93bmxvYWQtbGluay13cmFwcGVyJTIyJTNFJTBBJTNDZGl2JTIwY2xhc3MlM0QlMjJ3aWRnZXQtZG93bmxvYWQtaWNvbiUyMiUzRSUzQ2klMjBjbGFzcyUzRCUyMmZhJTIwZmEtZmlsZS1wZGYtbyUyMiUzRSUzQyUyRmklM0UlMEElM0MlMkZkaXYlM0UlMEElM0NkaXYlMjBjbGFzcyUzRCUyMndpZGdldC1kb3dubG9hZC1kZXRhaWxzJTIyJTNFJTBBJTNDZGl2JTIwY2xhc3MlM0QlMjJ3aWRnZXQtZG93bmxvYWQtdGl0bGUlMjIlM0UlM0NzcGFuJTIwY2xhc3MlM0QlMjJkb2N1bWVudG8tcGRmJTIyJTIwb25jbGljayUzRCUyMnNldExvY2F0aW9uJTI4JTI3ZmljaGEtdGVjbmljYS10ZWN3b29sLTgyNS1wdCUyNyUyOSUyMiUzRUZpY2hhJTIwcGFyYSUyMGRvd25sb2FkJTNDJTJGc3BhbiUzRSUzQyUyRmRpdiUzRSUwQSUzQ2RpdiUyMGNsYXNzJTNEJTIyd2lkZ2V0LWRvd25sb2FkLXN1YnRpdGxlJTIyJTNFNjAyJTIwS2IlMkMlMjBQREYlM0MlMkZkaXYlM0UlMEElM0MlMkZkaXYlM0UlMEElM0MlMkZkaXYlM0UlMEE=[\/vc_raw_html][\/vc_column_inner][vc_column_inner width=&#8221;1\/3&#8243;][\/vc_column_inner][vc_column_inner width=&#8221;1\/3&#8243;][\/vc_column_inner][\/vc_row_inner][vc_empty_space height=&#8221;40px&#8221;][vc_empty_space height=&#8221;40px&#8221;][\/vc_column][\/vc_row][vc_row][vc_column][vc_separator][\/vc_column][\/vc_row][vc_row bg_type=&#8221;bg_color&#8221;][vc_column width=&#8221;1\/3&#8243;]<div class=\"mgt-header-block clearfix text-left text-black wpb_animate_when_almost_visible wpb_top-to-bottom wpb_content_element  mgt-header-block-style-2 mgt-header-texttransform-none  vc_custom_1618222172970\"><h2 class=\"mgt-header-block-title\">Alguma d\u00favida? Entre em contato connosco<\/h2><div class=\"mgt-header-line\"><\/div><\/div>[\/vc_column][vc_column width=&#8221;2\/3&#8243;]\n<div class=\"wpcf7 no-js\" id=\"wpcf7-f45603-o1\" lang=\"es-ES\" dir=\"ltr\" data-wpcf7-id=\"45603\">\n<div class=\"screen-reader-response\"><p role=\"status\" aria-live=\"polite\" aria-atomic=\"true\"><\/p> <ul><\/ul><\/div>\n<form action=\"\/pt\/wp-json\/wp\/v2\/pages\/45760#wpcf7-f45603-o1\" method=\"post\" class=\"wpcf7-form init\" aria-label=\"Contact form\" novalidate=\"novalidate\" data-status=\"init\">\n<fieldset class=\"hidden-fields-container\"><input type=\"hidden\" name=\"_wpcf7\" value=\"45603\" \/><input type=\"hidden\" name=\"_wpcf7_version\" value=\"6.1.5\" \/><input type=\"hidden\" name=\"_wpcf7_locale\" value=\"es_ES\" \/><input type=\"hidden\" name=\"_wpcf7_unit_tag\" value=\"wpcf7-f45603-o1\" \/><input type=\"hidden\" name=\"_wpcf7_container_post\" value=\"0\" \/><input type=\"hidden\" name=\"_wpcf7_posted_data_hash\" value=\"\" \/><input type=\"hidden\" name=\"_wpcf7_recaptcha_response\" value=\"\" \/>\n<\/fieldset>\n<p><label>Seu Nome<br \/>\n<span class=\"wpcf7-form-control-wrap\" data-name=\"your-name\"><input size=\"40\" maxlength=\"400\" class=\"wpcf7-form-control wpcf7-text wpcf7-validates-as-required\" aria-required=\"true\" aria-invalid=\"false\" value=\"\" type=\"text\" name=\"your-name\" \/><\/span> <\/label>\n<\/p>\n<p><label>Seu email<br \/>\n<span class=\"wpcf7-form-control-wrap\" data-name=\"your-email\"><input size=\"40\" maxlength=\"400\" class=\"wpcf7-form-control wpcf7-email wpcf7-validates-as-required wpcf7-text wpcf7-validates-as-email\" aria-required=\"true\" aria-invalid=\"false\" value=\"\" type=\"email\" name=\"your-email\" \/><\/span> <\/label>\n<\/p>\n<p><label>Assunto<br \/>\n<span class=\"wpcf7-form-control-wrap\" data-name=\"your-subject\"><input size=\"40\" maxlength=\"400\" class=\"wpcf7-form-control wpcf7-text\" aria-invalid=\"false\" value=\"\" type=\"text\" name=\"your-subject\" \/><\/span> <\/label>\n<\/p>\n<p><label>Sua mensagem<br \/>\n<span class=\"wpcf7-form-control-wrap\" data-name=\"your-message\"><textarea cols=\"40\" rows=\"10\" maxlength=\"2000\" class=\"wpcf7-form-control wpcf7-textarea\" aria-invalid=\"false\" name=\"your-message\"><\/textarea><\/span> <\/label>\n<\/p>\n<p><span class=\"wpcf7-form-control-wrap\" data-name=\"acceptance-579\"><span class=\"wpcf7-form-control wpcf7-acceptance\"><span class=\"wpcf7-list-item\"><input type=\"checkbox\" name=\"acceptance-579\" value=\"1\" aria-invalid=\"false\" \/><\/span><\/span><\/span> Eu aceito a <a href=\"https:\/\/mcrtecresa.com\/pt\/politica-de-privacidade\"target=\"_blank\">Pol\u00edtica de privacidade<\/a>\n<\/p>\n<p><input class=\"wpcf7-form-control wpcf7-submit has-spinner\" type=\"submit\" value=\"Enviar\" \/>\n<\/p><div class=\"wpcf7-response-output\" aria-hidden=\"true\"><\/div>\n<\/form>\n<\/div>\n[\/vc_column][\/vc_row]<\/p>\n<\/div>","protected":false},"excerpt":{"rendered":"<p>[vc_row][vc_column][vc_column_text] [\/vc_column_text][\/vc_column][\/vc_row][vc_row full_width=&#8221;stretch_row&#8221;][vc_column][vc_column_text css_animation=&#8221;bottom-to-top&#8221;] Tecwool\u00ae 825 \u00e9 uma argamassa de l\u00e3 de rocha, cimento e material refrat\u00e1rio em pequenas propor\u00e7\u00f5es, fabricado por mercor tecresa\u00ae e desenhada especificamente para a prote\u00e7\u00e3o&#8230;<\/p>\n","protected":false},"author":2,"featured_media":0,"parent":45461,"menu_order":0,"comment_status":"closed","ping_status":"closed","template":"","meta":{"footnotes":""},"class_list":["post-45760","page","type-page","status-publish","hentry"],"yoast_head":"<!-- This site is optimized with the Yoast SEO plugin v27.4 - https:\/\/yoast.com\/product\/yoast-seo-wordpress\/ -->\n<title>Prote\u00e7\u00e3o contra inc\u00eandios em ind\u00fastrias e t\u00faneis - Tecwool\u00ae 825<\/title>\n<meta name=\"description\" content=\"A Tecwool\u00ae 825 foi projetada especificamente para prote\u00e7\u00e3o contra inc\u00eandios em ind\u00fastrias e t\u00faneis. Testado sob curva de hidrocarbonetos, RWS e UL\" \/>\n<meta name=\"robots\" content=\"index, follow, max-snippet:-1, max-image-preview:large, max-video-preview:-1\" \/>\n<link rel=\"canonical\" href=\"https:\/\/mcrtecresa.com\/pt\/argamassas-tecwool\/tecwool-825\" \/>\n<meta property=\"og:locale\" content=\"pt_PT\" \/>\n<meta property=\"og:type\" content=\"article\" \/>\n<meta property=\"og:title\" content=\"Prote\u00e7\u00e3o contra inc\u00eandios em ind\u00fastrias e t\u00faneis - Tecwool\u00ae 825\" \/>\n<meta property=\"og:description\" content=\"A Tecwool\u00ae 825 foi projetada especificamente para prote\u00e7\u00e3o contra inc\u00eandios em ind\u00fastrias e t\u00faneis. Testado sob curva de hidrocarbonetos, RWS e UL\" \/>\n<meta property=\"og:url\" content=\"https:\/\/mcrtecresa.com\/pt\/argamassas-tecwool\/tecwool-825\" \/>\n<meta property=\"og:site_name\" content=\"Mcr Tecresa\" \/>\n<meta property=\"article:modified_time\" content=\"2025-10-13T13:58:55+00:00\" \/>\n<meta property=\"og:image\" content=\"https:\/\/mcrtecresa.com\/wp-content\/uploads\/2018\/02\/tecwool_825.jpg\" \/>\n\t<meta property=\"og:image:width\" content=\"300\" \/>\n\t<meta property=\"og:image:height\" content=\"200\" \/>\n\t<meta property=\"og:image:type\" content=\"image\/jpeg\" \/>\n<meta name=\"twitter:card\" content=\"summary_large_image\" \/>\n<meta name=\"twitter:label1\" content=\"Est. reading time\" \/>\n\t<meta name=\"twitter:data1\" content=\"2 minutes\" \/>\n<script type=\"application\/ld+json\" class=\"yoast-schema-graph\">{\"@context\":\"https:\\\/\\\/schema.org\",\"@graph\":[{\"@type\":\"WebPage\",\"@id\":\"https:\\\/\\\/mcrtecresa.com\\\/pt\\\/argamassas-tecwool\\\/tecwool-825\",\"url\":\"https:\\\/\\\/mcrtecresa.com\\\/pt\\\/argamassas-tecwool\\\/tecwool-825\",\"name\":\"Prote\u00e7\u00e3o contra inc\u00eandios em ind\u00fastrias e t\u00faneis - Tecwool\u00ae 825\",\"isPartOf\":{\"@id\":\"https:\\\/\\\/mcrtecresa.com\\\/#website\"},\"primaryImageOfPage\":{\"@id\":\"https:\\\/\\\/mcrtecresa.com\\\/pt\\\/argamassas-tecwool\\\/tecwool-825#primaryimage\"},\"image\":{\"@id\":\"https:\\\/\\\/mcrtecresa.com\\\/pt\\\/argamassas-tecwool\\\/tecwool-825#primaryimage\"},\"thumbnailUrl\":\"https:\\\/\\\/mcrtecresa.com\\\/wp-content\\\/uploads\\\/2018\\\/02\\\/tecwool_825-300x200.jpg\",\"datePublished\":\"2018-02-09T19:37:40+00:00\",\"dateModified\":\"2025-10-13T13:58:55+00:00\",\"description\":\"A Tecwool\u00ae 825 foi projetada especificamente para prote\u00e7\u00e3o contra inc\u00eandios em ind\u00fastrias e t\u00faneis. Testado sob curva de hidrocarbonetos, RWS e UL\",\"breadcrumb\":{\"@id\":\"https:\\\/\\\/mcrtecresa.com\\\/pt\\\/argamassas-tecwool\\\/tecwool-825#breadcrumb\"},\"inLanguage\":\"pt\",\"potentialAction\":[{\"@type\":\"ReadAction\",\"target\":[\"https:\\\/\\\/mcrtecresa.com\\\/pt\\\/argamassas-tecwool\\\/tecwool-825\"]}]},{\"@type\":\"ImageObject\",\"inLanguage\":\"pt\",\"@id\":\"https:\\\/\\\/mcrtecresa.com\\\/pt\\\/argamassas-tecwool\\\/tecwool-825#primaryimage\",\"url\":\"https:\\\/\\\/mcrtecresa.com\\\/wp-content\\\/uploads\\\/2018\\\/02\\\/tecwool_825-300x200.jpg\",\"contentUrl\":\"https:\\\/\\\/mcrtecresa.com\\\/wp-content\\\/uploads\\\/2018\\\/02\\\/tecwool_825-300x200.jpg\"},{\"@type\":\"BreadcrumbList\",\"@id\":\"https:\\\/\\\/mcrtecresa.com\\\/pt\\\/argamassas-tecwool\\\/tecwool-825#breadcrumb\",\"itemListElement\":[{\"@type\":\"ListItem\",\"position\":1,\"name\":\"mcr tecresa\u00ae\",\"item\":\"https:\\\/\\\/mcrtecresa.com\\\/pt\"},{\"@type\":\"ListItem\",\"position\":2,\"name\":\"Argamassas Tecwool\",\"item\":\"https:\\\/\\\/mcrtecresa.com\\\/pt\\\/argamassas-tecwool\"},{\"@type\":\"ListItem\",\"position\":3,\"name\":\"Argamassa Tecwool 825\"}]},{\"@type\":\"WebSite\",\"@id\":\"https:\\\/\\\/mcrtecresa.com\\\/#website\",\"url\":\"https:\\\/\\\/mcrtecresa.com\\\/\",\"name\":\"Mcr Tecresa\",\"description\":\"Empresa l\u00edder en protecci\u00f3n pasiva contra incendios\",\"publisher\":{\"@id\":\"https:\\\/\\\/mcrtecresa.com\\\/#organization\"},\"alternateName\":\"Protecci\u00f3n Pasiva Contra Incendios\",\"potentialAction\":[{\"@type\":\"SearchAction\",\"target\":{\"@type\":\"EntryPoint\",\"urlTemplate\":\"https:\\\/\\\/mcrtecresa.com\\\/?s={search_term_string}\"},\"query-input\":{\"@type\":\"PropertyValueSpecification\",\"valueRequired\":true,\"valueName\":\"search_term_string\"}}],\"inLanguage\":\"pt\"},{\"@type\":\"Organization\",\"@id\":\"https:\\\/\\\/mcrtecresa.com\\\/#organization\",\"name\":\"Mcr Tecresa\",\"url\":\"https:\\\/\\\/mcrtecresa.com\\\/\",\"logo\":{\"@type\":\"ImageObject\",\"inLanguage\":\"pt\",\"@id\":\"https:\\\/\\\/mcrtecresa.com\\\/#\\\/schema\\\/logo\\\/image\\\/\",\"url\":\"https:\\\/\\\/mcrtecresa.com\\\/wp-content\\\/uploads\\\/2025\\\/07\\\/Logo-Original-1.png\",\"contentUrl\":\"https:\\\/\\\/mcrtecresa.com\\\/wp-content\\\/uploads\\\/2025\\\/07\\\/Logo-Original-1.png\",\"width\":195,\"height\":46,\"caption\":\"Mcr Tecresa\"},\"image\":{\"@id\":\"https:\\\/\\\/mcrtecresa.com\\\/#\\\/schema\\\/logo\\\/image\\\/\"},\"sameAs\":[\"https:\\\/\\\/www.linkedin.com\\\/company\\\/mcrtecresa\",\"https:\\\/\\\/www.youtube.com\\\/@Mcrtecresa\"]}]}<\/script>\n<!-- \/ Yoast SEO plugin. -->","yoast_head_json":{"title":"Prote\u00e7\u00e3o contra inc\u00eandios em ind\u00fastrias e t\u00faneis - Tecwool\u00ae 825","description":"A Tecwool\u00ae 825 foi projetada especificamente para prote\u00e7\u00e3o contra inc\u00eandios em ind\u00fastrias e t\u00faneis. Testado sob curva de hidrocarbonetos, RWS e UL","robots":{"index":"index","follow":"follow","max-snippet":"max-snippet:-1","max-image-preview":"max-image-preview:large","max-video-preview":"max-video-preview:-1"},"canonical":"https:\/\/mcrtecresa.com\/pt\/argamassas-tecwool\/tecwool-825","og_locale":"pt_PT","og_type":"article","og_title":"Prote\u00e7\u00e3o contra inc\u00eandios em ind\u00fastrias e t\u00faneis - Tecwool\u00ae 825","og_description":"A Tecwool\u00ae 825 foi projetada especificamente para prote\u00e7\u00e3o contra inc\u00eandios em ind\u00fastrias e t\u00faneis. Testado sob curva de hidrocarbonetos, RWS e UL","og_url":"https:\/\/mcrtecresa.com\/pt\/argamassas-tecwool\/tecwool-825","og_site_name":"Mcr Tecresa","article_modified_time":"2025-10-13T13:58:55+00:00","og_image":[{"width":300,"height":200,"url":"https:\/\/mcrtecresa.com\/wp-content\/uploads\/2018\/02\/tecwool_825.jpg","type":"image\/jpeg"}],"twitter_card":"summary_large_image","twitter_misc":{"Est. reading time":"2 minutes"},"schema":{"@context":"https:\/\/schema.org","@graph":[{"@type":"WebPage","@id":"https:\/\/mcrtecresa.com\/pt\/argamassas-tecwool\/tecwool-825","url":"https:\/\/mcrtecresa.com\/pt\/argamassas-tecwool\/tecwool-825","name":"Prote\u00e7\u00e3o contra inc\u00eandios em ind\u00fastrias e t\u00faneis - Tecwool\u00ae 825","isPartOf":{"@id":"https:\/\/mcrtecresa.com\/#website"},"primaryImageOfPage":{"@id":"https:\/\/mcrtecresa.com\/pt\/argamassas-tecwool\/tecwool-825#primaryimage"},"image":{"@id":"https:\/\/mcrtecresa.com\/pt\/argamassas-tecwool\/tecwool-825#primaryimage"},"thumbnailUrl":"https:\/\/mcrtecresa.com\/wp-content\/uploads\/2018\/02\/tecwool_825-300x200.jpg","datePublished":"2018-02-09T19:37:40+00:00","dateModified":"2025-10-13T13:58:55+00:00","description":"A Tecwool\u00ae 825 foi projetada especificamente para prote\u00e7\u00e3o contra inc\u00eandios em ind\u00fastrias e t\u00faneis. Testado sob curva de hidrocarbonetos, RWS e UL","breadcrumb":{"@id":"https:\/\/mcrtecresa.com\/pt\/argamassas-tecwool\/tecwool-825#breadcrumb"},"inLanguage":"pt","potentialAction":[{"@type":"ReadAction","target":["https:\/\/mcrtecresa.com\/pt\/argamassas-tecwool\/tecwool-825"]}]},{"@type":"ImageObject","inLanguage":"pt","@id":"https:\/\/mcrtecresa.com\/pt\/argamassas-tecwool\/tecwool-825#primaryimage","url":"https:\/\/mcrtecresa.com\/wp-content\/uploads\/2018\/02\/tecwool_825-300x200.jpg","contentUrl":"https:\/\/mcrtecresa.com\/wp-content\/uploads\/2018\/02\/tecwool_825-300x200.jpg"},{"@type":"BreadcrumbList","@id":"https:\/\/mcrtecresa.com\/pt\/argamassas-tecwool\/tecwool-825#breadcrumb","itemListElement":[{"@type":"ListItem","position":1,"name":"mcr tecresa\u00ae","item":"https:\/\/mcrtecresa.com\/pt"},{"@type":"ListItem","position":2,"name":"Argamassas Tecwool","item":"https:\/\/mcrtecresa.com\/pt\/argamassas-tecwool"},{"@type":"ListItem","position":3,"name":"Argamassa Tecwool 825"}]},{"@type":"WebSite","@id":"https:\/\/mcrtecresa.com\/#website","url":"https:\/\/mcrtecresa.com\/","name":"Mcr Tecresa","description":"Empresa l\u00edder en protecci\u00f3n pasiva contra incendios","publisher":{"@id":"https:\/\/mcrtecresa.com\/#organization"},"alternateName":"Protecci\u00f3n Pasiva Contra Incendios","potentialAction":[{"@type":"SearchAction","target":{"@type":"EntryPoint","urlTemplate":"https:\/\/mcrtecresa.com\/?s={search_term_string}"},"query-input":{"@type":"PropertyValueSpecification","valueRequired":true,"valueName":"search_term_string"}}],"inLanguage":"pt"},{"@type":"Organization","@id":"https:\/\/mcrtecresa.com\/#organization","name":"Mcr Tecresa","url":"https:\/\/mcrtecresa.com\/","logo":{"@type":"ImageObject","inLanguage":"pt","@id":"https:\/\/mcrtecresa.com\/#\/schema\/logo\/image\/","url":"https:\/\/mcrtecresa.com\/wp-content\/uploads\/2025\/07\/Logo-Original-1.png","contentUrl":"https:\/\/mcrtecresa.com\/wp-content\/uploads\/2025\/07\/Logo-Original-1.png","width":195,"height":46,"caption":"Mcr Tecresa"},"image":{"@id":"https:\/\/mcrtecresa.com\/#\/schema\/logo\/image\/"},"sameAs":["https:\/\/www.linkedin.com\/company\/mcrtecresa","https:\/\/www.youtube.com\/@Mcrtecresa"]}]}},"_links":{"self":[{"href":"https:\/\/mcrtecresa.com\/pt\/wp-json\/wp\/v2\/pages\/45760","targetHints":{"allow":["GET"]}}],"collection":[{"href":"https:\/\/mcrtecresa.com\/pt\/wp-json\/wp\/v2\/pages"}],"about":[{"href":"https:\/\/mcrtecresa.com\/pt\/wp-json\/wp\/v2\/types\/page"}],"author":[{"embeddable":true,"href":"https:\/\/mcrtecresa.com\/pt\/wp-json\/wp\/v2\/users\/2"}],"replies":[{"embeddable":true,"href":"https:\/\/mcrtecresa.com\/pt\/wp-json\/wp\/v2\/comments?post=45760"}],"version-history":[{"count":0,"href":"https:\/\/mcrtecresa.com\/pt\/wp-json\/wp\/v2\/pages\/45760\/revisions"}],"up":[{"embeddable":true,"href":"https:\/\/mcrtecresa.com\/pt\/wp-json\/wp\/v2\/pages\/45461"}],"wp:attachment":[{"href":"https:\/\/mcrtecresa.com\/pt\/wp-json\/wp\/v2\/media?parent=45760"}],"curies":[{"name":"wp","href":"https:\/\/api.w.org\/{rel}","templated":true}]}}