{"id":45744,"date":"2018-02-27T01:56:05","date_gmt":"2018-02-26T23:56:05","guid":{"rendered":"https:\/\/mcrtecresa.com\/argamassas-tecwool\/tecwool-t\/forjados-y-paredes-de-garajes"},"modified":"2025-10-13T16:03:10","modified_gmt":"2025-10-13T14:03:10","slug":"lajes-e-paredes-de-garagens","status":"publish","type":"page","link":"https:\/\/mcrtecresa.com\/pt\/argamassas-tecwool\/tecwool-t\/lajes-e-paredes-de-garagens","title":{"rendered":"Tecwool T \u2013 Prote\u00e7\u00e3o de Lajes e Paredes de Garagens e Locais"},"content":{"rendered":"<div class=\"wpb-content-wrapper\"><p>[vc_row][vc_column][vc_column_text]<\/p>\n<pre><code class=\"html hljs xml\"><span><span><a href=\"https:\/\/mcrtecresa.com\/pt\">mcr tecresa\u00ae<\/a><\/span><\/span><\/code><\/pre>\n<p>[\/vc_column_text][\/vc_column][\/vc_row][vc_row full_width=&#8221;stretch_row&#8221;][vc_column]<div class=\"mgt-header-block clearfix text-left text-black wpb_animate_when_almost_visible wpb_top-to-bottom wpb_content_element  mgt-header-block-style-2 mgt-header-texttransform-none  vc_custom_1618219973292\"><h2 class=\"mgt-header-block-title\">Solu\u00e7\u00f5es construtivas Tecwool\u00ae T<\/h2><div class=\"mgt-header-line\"><\/div><\/div>[vc_row_inner][vc_column_inner width=&#8221;1\/4&#8243;][vc_btn title=&#8221;Fachada ventilada&#8221; style=&#8221;outline-custom&#8221; outline_custom_color=&#8221;#000000&#8243; outline_custom_hover_background=&#8221;#666666&#8243; outline_custom_hover_text=&#8221;#ffffff&#8221; shape=&#8221;round&#8221; size=&#8221;sm&#8221; align=&#8221;center&#8221; button_block=&#8221;true&#8221; link=&#8221;url:https%3A%2F%2Fmcrtecresa.com%2Fpt%2Fargamassas-tecwool%2Ftecwool-t%2Ffachada-ventilada&#8221;][\/vc_column_inner][vc_column_inner width=&#8221;1\/4&#8243;][vc_btn title=&#8221;Lajes e paredes garagens \/ locais&#8221; style=&#8221;custom&#8221; custom_background=&#8221;#dd3333&#8243; custom_text=&#8221;#ffffff&#8221; shape=&#8221;round&#8221; size=&#8221;sm&#8221; align=&#8221;center&#8221; button_block=&#8221;true&#8221; link=&#8221;url:%23|||&#8221;][\/vc_column_inner][vc_column_inner width=&#8221;1\/4&#8243;][\/vc_column_inner][vc_column_inner width=&#8221;1\/4&#8243;][\/vc_column_inner][\/vc_row_inner][\/vc_column][\/vc_row][vc_row full_width=&#8221;stretch_row&#8221;][vc_column][vc_empty_space height=&#8221;60px&#8221;]<div class=\"mgt-header-block clearfix text-left text-black wpb_animate_when_almost_visible wpb_top-to-bottom wpb_content_element  mgt-header-block-style-2 mgt-header-texttransform-none  vc_custom_1619443637629\"><h1 class=\"mgt-header-block-title\">Tecwool\u00ae T -Prote\u00e7\u00e3o de Forjados e paredes garagens \/ locais<\/h1><div class=\"mgt-header-line\"><\/div><\/div>[vc_row_inner][vc_column_inner width=&#8221;2\/3&#8243;][vc_column_text]<\/p>\n<p style=\"text-align: justify;\"><strong>Tecwool<\/strong><strong>\u00ae <\/strong><strong>T <\/strong>\u00e9 a solu\u00e7\u00e3o mais adequada para proporcionar um perfeito isolamento t\u00e9rmico entre resid\u00eancias e locais n\u00e3o aquecidos (garagens, armazenes, etc.)<\/p>\n<p style=\"text-align: justify;\">Aplicados por proje\u00e7\u00e3o, consegue-se um acabamento continuo e uniforme, j\u00e1 seja pelo lado inferior das lajes ou sobre elementos delimitadores verticais.<\/p>\n<p style=\"text-align: justify;\"><strong>Tecwool<\/strong><strong>\u00ae<\/strong><strong> T<\/strong> proporciona um grande isolamento ac\u00fastico, minimizando os ru\u00eddos produzidos nas garagens devido a partida e funcionamento dos motores dos ve\u00edculos.<\/p>\n<p style=\"text-align: justify;\"><strong>Tecwool\u00ae T<\/strong> possui classifica\u00e7\u00e3o de rea\u00e7\u00e3o ao fogo A1, cumprindo amplamente com o requerimento imposto pela CTE a este tipo de revestimentos.<\/p>\n<p>[\/vc_column_text][\/vc_column_inner][vc_column_inner width=&#8221;1\/3&#8243;][vc_single_image image=&#8221;45745&#8243; img_size=&#8221;medium&#8221; alignment=&#8221;center&#8221; style=&#8221;vc_box_rounded&#8221; onclick=&#8221;link_image&#8221; css=&#8221;.vc_custom_1520858808642{margin-top: 3rem !important;}&#8221;][\/vc_column_inner][\/vc_row_inner][vc_empty_space height=&#8221;40px&#8221;][\/vc_column][\/vc_row][vc_row][vc_column width=&#8221;1\/2&#8243; el_class=&#8221;bordersolution&#8221;][vc_single_image image=&#8221;45747&#8243; img_size=&#8221;large&#8221; alignment=&#8221;center&#8221; onclick=&#8221;link_image&#8221;][vc_row_inner css=&#8221;.vc_custom_1519682527087{padding-right: 3rem !important;padding-left: 3rem !important;}&#8221;][vc_column_inner width=&#8221;1\/2&#8243;]<div class=\"mgt-header-block clearfix text-left text-black wpb_content_element  mgt-header-block-style-2 mgt-header-texttransform-none \"><p class=\"mgt-header-block-subtitle\">Solu\u00e7\u00e3o<\/p><h2 class=\"mgt-header-block-title\"><\/h2><div class=\"mgt-header-line\"><\/div><\/div>[vc_column_text]<span style=\"color: #ff0000;\"><strong>1.<\/strong><\/span> Laje.<br \/>\n<span style=\"color: #ff0000;\"><strong>2.<\/strong><\/span> Tecwool\u00ae T (espessura em fun\u00e7\u00e3o do isolamento necess\u00e1rio).[\/vc_column_text][\/vc_column_inner][vc_column_inner width=&#8221;1\/2&#8243;][\/vc_column_inner][\/vc_row_inner][\/vc_column][vc_column width=&#8221;1\/2&#8243; css=&#8221;.vc_custom_1519682712284{padding-left: 2rem !important;}&#8221;]<div class=\"mgt-header-block clearfix text-left text-black wpb_content_element  mgt-header-block-style-1 mgt-header-texttransform-none \"><h2 class=\"mgt-header-block-title\">Aplica\u00e7\u00e3o<\/h2><div class=\"mgt-header-line\"><\/div><\/div>[vc_column_text]<\/p>\n<p style=\"text-align: justify;\"><strong>Tecwool\u00ae T<\/strong> projeta-se mediante m\u00e1quina pneum\u00e1tica de acordo com as seguintes especifica\u00e7\u00f5es t\u00e9cnicas:<\/p>\n<p style=\"text-align: justify;\">Quando aplicado em chapa met\u00e1lica, bet\u00e3o, tijolo, etc., n\u00e3o ser\u00e1 necess\u00e1rio nenhum tipo de imprima\u00e7\u00e3o pr\u00e9via, malha ou qualquer outro tipo de suporte que sirva de ader\u00eancia \u00e0 argamassa.<\/p>\n<p style=\"text-align: justify;\">A superf\u00edcie a proteger estar\u00e1 limpa de poeira, \u00f3leos, res\u00edduos, part\u00edculas mal aderidas, restos de pintura, etc.<\/p>\n<p style=\"text-align: justify;\">Conv\u00e9m reg\u00e1-la ligeiramente com \u00e1gua da pr\u00f3pria mangueira de aplica\u00e7\u00e3o, para assim eliminar qualquer sujeira que o par\u00e2metro possa ter.<\/p>\n<p style=\"text-align: justify;\">Isto tamb\u00e9m proporcionar\u00e1 que se alcance um equil\u00edbrio t\u00e9rmico entre a argamassa e a superf\u00edcie aplicada.<\/p>\n<p style=\"text-align: justify;\"><strong>Tecwool T<\/strong> pode proporcionar diferentes acabamentos: \u00e1spero, liso, pintado etc., a depender da fun\u00e7\u00e3o est\u00e9tica requerida. Para acabamentos lisos, uma vez finalizada a proje\u00e7\u00e3o, deve-se passar um rolo e pression\u00e1-lo levemente sobre a argamassa h\u00famida at\u00e9 conseguir a termina\u00e7\u00e3o desejada. \u00c9 poss\u00edvel pintar a argamassa com revestimentos acr\u00edlicos el\u00e1sticos que formem uma barreira \u00e0 passagem do vapor da \u00e1gua. Antes de proceder a pintar, deve-se assegurar que a argamassa esteja completamente seca (28 dias).<\/p>\n<p>[\/vc_column_text][\/vc_column][\/vc_row][vc_row][vc_column][vc_empty_space height=&#8221;50px&#8221;]<div class=\"mgt-header-block clearfix text-left text-black wpb_animate_when_almost_visible wpb_top-to-bottom wpb_content_element  mgt-header-block-style-2 mgt-header-texttransform-none  vc_custom_1618220192433\"><h2 class=\"mgt-header-block-title\">Documentos do produto<\/h2><div class=\"mgt-header-line\"><\/div><\/div>[vc_row_inner][vc_column_inner width=&#8221;1\/3&#8243;][vc_raw_html]JTNDZGl2JTIwY2xhc3MlM0QlMjJ3aWRnZXQtZG93bmxvYWQtbGluay13cmFwcGVyJTIyJTNFJTBBJTNDZGl2JTIwY2xhc3MlM0QlMjJ3aWRnZXQtZG93bmxvYWQtaWNvbiUyMiUzRSUzQ2klMjBjbGFzcyUzRCUyMmZhJTIwZmEtZmlsZS1wZGYtbyUyMiUzRSUzQyUyRmklM0UlMEElM0MlMkZkaXYlM0UlMEElM0NkaXYlMjBjbGFzcyUzRCUyMndpZGdldC1kb3dubG9hZC1kZXRhaWxzJTIyJTNFJTBBJTNDZGl2JTIwY2xhc3MlM0QlMjJ3aWRnZXQtZG93bmxvYWQtdGl0bGUlMjIlM0UlM0NzcGFuJTIwY2xhc3MlM0QlMjJkb2N1bWVudG8tcGRmJTIyJTIwb25jbGljayUzRCUyMnNldExvY2F0aW9uJTI4JTI3c2MtdGVjd29vbC10LXByb3RlY2FvLWxhamVzLWUtcGFyZWRlcy1nYXJhZ2Vucy1QVCUyNyUyOSUyMiUzRUZpY2hhJTIwcGFyYSUyMGRvd25sb2FkJTNDJTJGc3BhbiUzRSUzQyUyRmRpdiUzRSUwQSUzQ2RpdiUyMGNsYXNzJTNEJTIyd2lkZ2V0LWRvd25sb2FkLXN1YnRpdGxlJTIyJTNFNDQ2JTIwS2IlMkMlMjBQREYlM0MlMkZkaXYlM0UlMEElM0MlMkZkaXYlM0UlMEElM0MlMkZkaXYlM0UlMEE=[\/vc_raw_html][\/vc_column_inner][vc_column_inner width=&#8221;1\/3&#8243;][\/vc_column_inner][vc_column_inner width=&#8221;1\/3&#8243;][\/vc_column_inner][\/vc_row_inner][vc_empty_space height=&#8221;20px&#8221; el_class=&#8221;vc_hidden-sm vc_hidden-xs&#8221;][\/vc_column][\/vc_row][vc_row][vc_column][vc_separator][\/vc_column][\/vc_row][vc_row bg_type=&#8221;bg_color&#8221;][vc_column width=&#8221;1\/3&#8243;]<div class=\"mgt-header-block clearfix text-left text-black wpb_animate_when_almost_visible wpb_top-to-bottom wpb_content_element  mgt-header-block-style-2 mgt-header-texttransform-none  vc_custom_1618220304727\"><h2 class=\"mgt-header-block-title\">Alguma d\u00favida? Entre em contato connosco.<\/h2><div class=\"mgt-header-line\"><\/div><\/div>[\/vc_column][vc_column width=&#8221;2\/3&#8243;]\n<div class=\"wpcf7 no-js\" id=\"wpcf7-f45603-o1\" lang=\"es-ES\" dir=\"ltr\" data-wpcf7-id=\"45603\">\n<div class=\"screen-reader-response\"><p role=\"status\" aria-live=\"polite\" aria-atomic=\"true\"><\/p> <ul><\/ul><\/div>\n<form action=\"\/pt\/wp-json\/wp\/v2\/pages\/45744#wpcf7-f45603-o1\" method=\"post\" class=\"wpcf7-form init\" aria-label=\"Contact form\" novalidate=\"novalidate\" data-status=\"init\">\n<fieldset class=\"hidden-fields-container\"><input type=\"hidden\" name=\"_wpcf7\" value=\"45603\" \/><input type=\"hidden\" name=\"_wpcf7_version\" value=\"6.1.5\" \/><input type=\"hidden\" name=\"_wpcf7_locale\" value=\"es_ES\" \/><input type=\"hidden\" name=\"_wpcf7_unit_tag\" value=\"wpcf7-f45603-o1\" \/><input type=\"hidden\" name=\"_wpcf7_container_post\" value=\"0\" \/><input type=\"hidden\" name=\"_wpcf7_posted_data_hash\" value=\"\" \/><input type=\"hidden\" name=\"_wpcf7_recaptcha_response\" value=\"\" \/>\n<\/fieldset>\n<p><label>Seu Nome<br \/>\n<span class=\"wpcf7-form-control-wrap\" data-name=\"your-name\"><input size=\"40\" maxlength=\"400\" class=\"wpcf7-form-control wpcf7-text wpcf7-validates-as-required\" aria-required=\"true\" aria-invalid=\"false\" value=\"\" type=\"text\" name=\"your-name\" \/><\/span> <\/label>\n<\/p>\n<p><label>Seu email<br \/>\n<span class=\"wpcf7-form-control-wrap\" data-name=\"your-email\"><input size=\"40\" maxlength=\"400\" class=\"wpcf7-form-control wpcf7-email wpcf7-validates-as-required wpcf7-text wpcf7-validates-as-email\" aria-required=\"true\" aria-invalid=\"false\" value=\"\" type=\"email\" name=\"your-email\" \/><\/span> <\/label>\n<\/p>\n<p><label>Assunto<br \/>\n<span class=\"wpcf7-form-control-wrap\" data-name=\"your-subject\"><input size=\"40\" maxlength=\"400\" class=\"wpcf7-form-control wpcf7-text\" aria-invalid=\"false\" value=\"\" type=\"text\" name=\"your-subject\" \/><\/span> <\/label>\n<\/p>\n<p><label>Sua mensagem<br \/>\n<span class=\"wpcf7-form-control-wrap\" data-name=\"your-message\"><textarea cols=\"40\" rows=\"10\" maxlength=\"2000\" class=\"wpcf7-form-control wpcf7-textarea\" aria-invalid=\"false\" name=\"your-message\"><\/textarea><\/span> <\/label>\n<\/p>\n<p><span class=\"wpcf7-form-control-wrap\" data-name=\"acceptance-579\"><span class=\"wpcf7-form-control wpcf7-acceptance\"><span class=\"wpcf7-list-item\"><input type=\"checkbox\" name=\"acceptance-579\" value=\"1\" aria-invalid=\"false\" \/><\/span><\/span><\/span> Eu aceito a <a href=\"https:\/\/mcrtecresa.com\/pt\/politica-de-privacidade\"target=\"_blank\">Pol\u00edtica de privacidade<\/a>\n<\/p>\n<p><input class=\"wpcf7-form-control wpcf7-submit has-spinner\" type=\"submit\" value=\"Enviar\" \/>\n<\/p><div class=\"wpcf7-response-output\" aria-hidden=\"true\"><\/div>\n<\/form>\n<\/div>\n[\/vc_column][\/vc_row]<\/p>\n<\/div>","protected":false},"excerpt":{"rendered":"<p>[vc_row][vc_column][vc_column_text] [\/vc_column_text][\/vc_column][\/vc_row][vc_row full_width=&#8221;stretch_row&#8221;][vc_column][vc_row_inner][vc_column_inner width=&#8221;1\/4&#8243;][vc_btn title=&#8221;Fachada ventilada&#8221; style=&#8221;outline-custom&#8221; outline_custom_color=&#8221;#000000&#8243; outline_custom_hover_background=&#8221;#666666&#8243; outline_custom_hover_text=&#8221;#ffffff&#8221; shape=&#8221;round&#8221; size=&#8221;sm&#8221; align=&#8221;center&#8221; button_block=&#8221;true&#8221; link=&#8221;url:https%3A%2F%2Fmcrtecresa.com%2Fpt%2Fargamassas-tecwool%2Ftecwool-t%2Ffachada-ventilada&#8221;][\/vc_column_inner][vc_column_inner width=&#8221;1\/4&#8243;][vc_btn title=&#8221;Lajes e paredes garagens \/ locais&#8221; style=&#8221;custom&#8221; custom_background=&#8221;#dd3333&#8243; custom_text=&#8221;#ffffff&#8221; shape=&#8221;round&#8221; size=&#8221;sm&#8221; align=&#8221;center&#8221; button_block=&#8221;true&#8221; link=&#8221;url:%23|||&#8221;][\/vc_column_inner][vc_column_inner&#8230;<\/p>\n","protected":false},"author":2,"featured_media":0,"parent":45717,"menu_order":0,"comment_status":"closed","ping_status":"closed","template":"","meta":{"footnotes":""},"class_list":["post-45744","page","type-page","status-publish","hentry"],"yoast_head":"<!-- This site is optimized with the Yoast SEO plugin v27.4 - https:\/\/yoast.com\/product\/yoast-seo-wordpress\/ -->\n<title>Prote\u00e7\u00e3o d elajes e paredes de garagens e locais - Tecwool\u00ae T<\/title>\n<meta name=\"description\" content=\"Tecwool\u00ae T \u00e9 a solu\u00e7\u00e3o mais adequada para farantir um perfeito isolamento t\u00e9rmico entre resid\u00eancias e locais n\u00e3o aquecidos.\" \/>\n<meta name=\"robots\" content=\"index, follow, max-snippet:-1, max-image-preview:large, max-video-preview:-1\" \/>\n<link rel=\"canonical\" href=\"https:\/\/mcrtecresa.com\/pt\/argamassas-tecwool\/tecwool-t\/lajes-e-paredes-de-garagens\" \/>\n<meta property=\"og:locale\" content=\"pt_PT\" \/>\n<meta property=\"og:type\" content=\"article\" \/>\n<meta property=\"og:title\" content=\"Prote\u00e7\u00e3o d elajes e paredes de garagens e locais - Tecwool\u00ae T\" \/>\n<meta property=\"og:description\" content=\"Tecwool\u00ae T \u00e9 a solu\u00e7\u00e3o mais adequada para farantir um perfeito isolamento t\u00e9rmico entre resid\u00eancias e locais n\u00e3o aquecidos.\" \/>\n<meta property=\"og:url\" content=\"https:\/\/mcrtecresa.com\/pt\/argamassas-tecwool\/tecwool-t\/lajes-e-paredes-de-garagens\" \/>\n<meta property=\"og:site_name\" content=\"Mcr Tecresa\" \/>\n<meta property=\"article:modified_time\" content=\"2025-10-13T14:03:10+00:00\" \/>\n<meta property=\"og:image\" content=\"https:\/\/mcrtecresa.com\/wp-content\/uploads\/2025\/07\/Logo-Original-1.png\" \/>\n\t<meta property=\"og:image:width\" content=\"195\" \/>\n\t<meta property=\"og:image:height\" content=\"46\" \/>\n\t<meta property=\"og:image:type\" content=\"image\/png\" \/>\n<meta name=\"twitter:card\" content=\"summary_large_image\" \/>\n<meta name=\"twitter:label1\" content=\"Est. reading time\" \/>\n\t<meta name=\"twitter:data1\" content=\"2 minutes\" \/>\n<script type=\"application\/ld+json\" class=\"yoast-schema-graph\">{\"@context\":\"https:\\\/\\\/schema.org\",\"@graph\":[{\"@type\":\"WebPage\",\"@id\":\"https:\\\/\\\/mcrtecresa.com\\\/pt\\\/argamassas-tecwool\\\/tecwool-t\\\/lajes-e-paredes-de-garagens\",\"url\":\"https:\\\/\\\/mcrtecresa.com\\\/pt\\\/argamassas-tecwool\\\/tecwool-t\\\/lajes-e-paredes-de-garagens\",\"name\":\"Prote\u00e7\u00e3o d elajes e paredes de garagens e locais - Tecwool\u00ae T\",\"isPartOf\":{\"@id\":\"https:\\\/\\\/mcrtecresa.com\\\/#website\"},\"datePublished\":\"2018-02-26T23:56:05+00:00\",\"dateModified\":\"2025-10-13T14:03:10+00:00\",\"description\":\"Tecwool\u00ae T \u00e9 a solu\u00e7\u00e3o mais adequada para farantir um perfeito isolamento t\u00e9rmico entre resid\u00eancias e locais n\u00e3o aquecidos.\",\"breadcrumb\":{\"@id\":\"https:\\\/\\\/mcrtecresa.com\\\/pt\\\/argamassas-tecwool\\\/tecwool-t\\\/lajes-e-paredes-de-garagens#breadcrumb\"},\"inLanguage\":\"pt\",\"potentialAction\":[{\"@type\":\"ReadAction\",\"target\":[\"https:\\\/\\\/mcrtecresa.com\\\/pt\\\/argamassas-tecwool\\\/tecwool-t\\\/lajes-e-paredes-de-garagens\"]}]},{\"@type\":\"BreadcrumbList\",\"@id\":\"https:\\\/\\\/mcrtecresa.com\\\/pt\\\/argamassas-tecwool\\\/tecwool-t\\\/lajes-e-paredes-de-garagens#breadcrumb\",\"itemListElement\":[{\"@type\":\"ListItem\",\"position\":1,\"name\":\"mcr tecresa\u00ae\",\"item\":\"https:\\\/\\\/mcrtecresa.com\\\/pt\"},{\"@type\":\"ListItem\",\"position\":2,\"name\":\"Argamassas Tecwool\",\"item\":\"https:\\\/\\\/mcrtecresa.com\\\/pt\\\/argamassas-tecwool\"},{\"@type\":\"ListItem\",\"position\":3,\"name\":\"Argamassa Tecwool T\",\"item\":\"https:\\\/\\\/mcrtecresa.com\\\/pt\\\/argamassas-tecwool\\\/tecwool-t\"},{\"@type\":\"ListItem\",\"position\":4,\"name\":\"Tecwool T \u2013 Prote\u00e7\u00e3o de Lajes e Paredes de Garagens e Locais\"}]},{\"@type\":\"WebSite\",\"@id\":\"https:\\\/\\\/mcrtecresa.com\\\/#website\",\"url\":\"https:\\\/\\\/mcrtecresa.com\\\/\",\"name\":\"Mcr Tecresa\",\"description\":\"Empresa l\u00edder en protecci\u00f3n pasiva contra incendios\",\"publisher\":{\"@id\":\"https:\\\/\\\/mcrtecresa.com\\\/#organization\"},\"alternateName\":\"Protecci\u00f3n Pasiva Contra Incendios\",\"potentialAction\":[{\"@type\":\"SearchAction\",\"target\":{\"@type\":\"EntryPoint\",\"urlTemplate\":\"https:\\\/\\\/mcrtecresa.com\\\/?s={search_term_string}\"},\"query-input\":{\"@type\":\"PropertyValueSpecification\",\"valueRequired\":true,\"valueName\":\"search_term_string\"}}],\"inLanguage\":\"pt\"},{\"@type\":\"Organization\",\"@id\":\"https:\\\/\\\/mcrtecresa.com\\\/#organization\",\"name\":\"Mcr Tecresa\",\"url\":\"https:\\\/\\\/mcrtecresa.com\\\/\",\"logo\":{\"@type\":\"ImageObject\",\"inLanguage\":\"pt\",\"@id\":\"https:\\\/\\\/mcrtecresa.com\\\/#\\\/schema\\\/logo\\\/image\\\/\",\"url\":\"https:\\\/\\\/mcrtecresa.com\\\/wp-content\\\/uploads\\\/2025\\\/07\\\/Logo-Original-1.png\",\"contentUrl\":\"https:\\\/\\\/mcrtecresa.com\\\/wp-content\\\/uploads\\\/2025\\\/07\\\/Logo-Original-1.png\",\"width\":195,\"height\":46,\"caption\":\"Mcr Tecresa\"},\"image\":{\"@id\":\"https:\\\/\\\/mcrtecresa.com\\\/#\\\/schema\\\/logo\\\/image\\\/\"},\"sameAs\":[\"https:\\\/\\\/www.linkedin.com\\\/company\\\/mcrtecresa\",\"https:\\\/\\\/www.youtube.com\\\/@Mcrtecresa\"]}]}<\/script>\n<!-- \/ Yoast SEO plugin. -->","yoast_head_json":{"title":"Prote\u00e7\u00e3o d elajes e paredes de garagens e locais - Tecwool\u00ae T","description":"Tecwool\u00ae T \u00e9 a solu\u00e7\u00e3o mais adequada para farantir um perfeito isolamento t\u00e9rmico entre resid\u00eancias e locais n\u00e3o aquecidos.","robots":{"index":"index","follow":"follow","max-snippet":"max-snippet:-1","max-image-preview":"max-image-preview:large","max-video-preview":"max-video-preview:-1"},"canonical":"https:\/\/mcrtecresa.com\/pt\/argamassas-tecwool\/tecwool-t\/lajes-e-paredes-de-garagens","og_locale":"pt_PT","og_type":"article","og_title":"Prote\u00e7\u00e3o d elajes e paredes de garagens e locais - Tecwool\u00ae T","og_description":"Tecwool\u00ae T \u00e9 a solu\u00e7\u00e3o mais adequada para farantir um perfeito isolamento t\u00e9rmico entre resid\u00eancias e locais n\u00e3o aquecidos.","og_url":"https:\/\/mcrtecresa.com\/pt\/argamassas-tecwool\/tecwool-t\/lajes-e-paredes-de-garagens","og_site_name":"Mcr Tecresa","article_modified_time":"2025-10-13T14:03:10+00:00","og_image":[{"width":195,"height":46,"url":"https:\/\/mcrtecresa.com\/wp-content\/uploads\/2025\/07\/Logo-Original-1.png","type":"image\/png"}],"twitter_card":"summary_large_image","twitter_misc":{"Est. reading time":"2 minutes"},"schema":{"@context":"https:\/\/schema.org","@graph":[{"@type":"WebPage","@id":"https:\/\/mcrtecresa.com\/pt\/argamassas-tecwool\/tecwool-t\/lajes-e-paredes-de-garagens","url":"https:\/\/mcrtecresa.com\/pt\/argamassas-tecwool\/tecwool-t\/lajes-e-paredes-de-garagens","name":"Prote\u00e7\u00e3o d elajes e paredes de garagens e locais - Tecwool\u00ae T","isPartOf":{"@id":"https:\/\/mcrtecresa.com\/#website"},"datePublished":"2018-02-26T23:56:05+00:00","dateModified":"2025-10-13T14:03:10+00:00","description":"Tecwool\u00ae T \u00e9 a solu\u00e7\u00e3o mais adequada para farantir um perfeito isolamento t\u00e9rmico entre resid\u00eancias e locais n\u00e3o aquecidos.","breadcrumb":{"@id":"https:\/\/mcrtecresa.com\/pt\/argamassas-tecwool\/tecwool-t\/lajes-e-paredes-de-garagens#breadcrumb"},"inLanguage":"pt","potentialAction":[{"@type":"ReadAction","target":["https:\/\/mcrtecresa.com\/pt\/argamassas-tecwool\/tecwool-t\/lajes-e-paredes-de-garagens"]}]},{"@type":"BreadcrumbList","@id":"https:\/\/mcrtecresa.com\/pt\/argamassas-tecwool\/tecwool-t\/lajes-e-paredes-de-garagens#breadcrumb","itemListElement":[{"@type":"ListItem","position":1,"name":"mcr tecresa\u00ae","item":"https:\/\/mcrtecresa.com\/pt"},{"@type":"ListItem","position":2,"name":"Argamassas Tecwool","item":"https:\/\/mcrtecresa.com\/pt\/argamassas-tecwool"},{"@type":"ListItem","position":3,"name":"Argamassa Tecwool T","item":"https:\/\/mcrtecresa.com\/pt\/argamassas-tecwool\/tecwool-t"},{"@type":"ListItem","position":4,"name":"Tecwool T \u2013 Prote\u00e7\u00e3o de Lajes e Paredes de Garagens e Locais"}]},{"@type":"WebSite","@id":"https:\/\/mcrtecresa.com\/#website","url":"https:\/\/mcrtecresa.com\/","name":"Mcr Tecresa","description":"Empresa l\u00edder en protecci\u00f3n pasiva contra incendios","publisher":{"@id":"https:\/\/mcrtecresa.com\/#organization"},"alternateName":"Protecci\u00f3n Pasiva Contra Incendios","potentialAction":[{"@type":"SearchAction","target":{"@type":"EntryPoint","urlTemplate":"https:\/\/mcrtecresa.com\/?s={search_term_string}"},"query-input":{"@type":"PropertyValueSpecification","valueRequired":true,"valueName":"search_term_string"}}],"inLanguage":"pt"},{"@type":"Organization","@id":"https:\/\/mcrtecresa.com\/#organization","name":"Mcr Tecresa","url":"https:\/\/mcrtecresa.com\/","logo":{"@type":"ImageObject","inLanguage":"pt","@id":"https:\/\/mcrtecresa.com\/#\/schema\/logo\/image\/","url":"https:\/\/mcrtecresa.com\/wp-content\/uploads\/2025\/07\/Logo-Original-1.png","contentUrl":"https:\/\/mcrtecresa.com\/wp-content\/uploads\/2025\/07\/Logo-Original-1.png","width":195,"height":46,"caption":"Mcr Tecresa"},"image":{"@id":"https:\/\/mcrtecresa.com\/#\/schema\/logo\/image\/"},"sameAs":["https:\/\/www.linkedin.com\/company\/mcrtecresa","https:\/\/www.youtube.com\/@Mcrtecresa"]}]}},"_links":{"self":[{"href":"https:\/\/mcrtecresa.com\/pt\/wp-json\/wp\/v2\/pages\/45744","targetHints":{"allow":["GET"]}}],"collection":[{"href":"https:\/\/mcrtecresa.com\/pt\/wp-json\/wp\/v2\/pages"}],"about":[{"href":"https:\/\/mcrtecresa.com\/pt\/wp-json\/wp\/v2\/types\/page"}],"author":[{"embeddable":true,"href":"https:\/\/mcrtecresa.com\/pt\/wp-json\/wp\/v2\/users\/2"}],"replies":[{"embeddable":true,"href":"https:\/\/mcrtecresa.com\/pt\/wp-json\/wp\/v2\/comments?post=45744"}],"version-history":[{"count":0,"href":"https:\/\/mcrtecresa.com\/pt\/wp-json\/wp\/v2\/pages\/45744\/revisions"}],"up":[{"embeddable":true,"href":"https:\/\/mcrtecresa.com\/pt\/wp-json\/wp\/v2\/pages\/45717"}],"wp:attachment":[{"href":"https:\/\/mcrtecresa.com\/pt\/wp-json\/wp\/v2\/media?parent=45744"}],"curies":[{"name":"wp","href":"https:\/\/api.w.org\/{rel}","templated":true}]}}