{"id":45729,"date":"2018-02-27T01:49:50","date_gmt":"2018-02-26T23:49:50","guid":{"rendered":"https:\/\/mcrtecresa.com\/argamassas-tecwool\/tecwool-t\/fachada-ventilada"},"modified":"2026-03-17T15:20:58","modified_gmt":"2026-03-17T13:20:58","slug":"fachada-ventilada","status":"publish","type":"page","link":"https:\/\/mcrtecresa.com\/pt\/argamassas-tecwool\/tecwool-t\/fachada-ventilada","title":{"rendered":"Tecwool T \u2013 Fachada Ventilada"},"content":{"rendered":"<div class=\"wpb-content-wrapper\"><p>[vc_row][vc_column][vc_column_text]<\/p>\n<pre><code class=\"html hljs xml\"><span><span><a href=\"https:\/\/mcrtecresa.com\/pt\">mcr tecresa\u00ae<\/a><\/span><\/span><\/code><\/pre>\n<p>[\/vc_column_text][\/vc_column][\/vc_row][vc_row full_width=&#8221;stretch_row&#8221;][vc_column]<div class=\"mgt-header-block clearfix text-left text-black wpb_animate_when_almost_visible wpb_top-to-bottom wpb_content_element  mgt-header-block-style-2 mgt-header-texttransform-none  vc_custom_1618216641718\"><h2 class=\"mgt-header-block-title\">Solu\u00e7\u00f5es construtivas Tecwool\u00ae T<\/h2><div class=\"mgt-header-line\"><\/div><\/div>[vc_empty_space][vc_row_inner][vc_column_inner width=&#8221;1\/4&#8243;][vc_btn title=&#8221;Fachada ventilada&#8221; style=&#8221;custom&#8221; custom_background=&#8221;#dd3333&#8243; custom_text=&#8221;#ffffff&#8221; shape=&#8221;round&#8221; size=&#8221;sm&#8221; align=&#8221;center&#8221; button_block=&#8221;true&#8221; link=&#8221;url:%23|||&#8221;][\/vc_column_inner][vc_column_inner width=&#8221;1\/4&#8243;][vc_btn title=&#8221;Lajes e paredes de garagens \/ locais&#8221; style=&#8221;outline-custom&#8221; outline_custom_color=&#8221;#000000&#8243; outline_custom_hover_background=&#8221;#666666&#8243; outline_custom_hover_text=&#8221;#ffffff&#8221; shape=&#8221;round&#8221; size=&#8221;sm&#8221; align=&#8221;center&#8221; button_block=&#8221;true&#8221; link=&#8221;url:https%3A%2F%2Fmcrtecresa.com%2Fpt%2Fargamassas-tecwool%2Ftecwool-t%2Flajes-e-paredes-de-garagens&#8221;][\/vc_column_inner][vc_column_inner width=&#8221;1\/4&#8243;][\/vc_column_inner][vc_column_inner width=&#8221;1\/4&#8243;][\/vc_column_inner][\/vc_row_inner][\/vc_column][\/vc_row][vc_row full_width=&#8221;stretch_row&#8221;][vc_column][vc_empty_space height=&#8221;60px&#8221;]<div class=\"mgt-header-block clearfix text-left text-black wpb_animate_when_almost_visible wpb_top-to-bottom wpb_content_element  mgt-header-block-style-2 mgt-header-texttransform-none  vc_custom_1618216665133\"><h1 class=\"mgt-header-block-title\">Tecwool\u00ae T \u2013 Prote\u00e7\u00e3o de Fachada ventilada<\/h1><div class=\"mgt-header-line\"><\/div><\/div>[vc_row_inner][vc_column_inner width=&#8221;2\/3&#8243;][vc_column_text]<\/p>\n<p style=\"text-align: justify;\">Este tipo de solu\u00e7\u00e3o construtiva caracteriza-se por ter uma c\u00e2mara ventilada entre o isolamento e o revestimento exterior da edifica\u00e7\u00e3o.<\/p>\n<p style=\"text-align: justify;\">O principal fen\u00f4meno que ocorre neste tipo de fachadas \u00e9 o denominado \u201cefeito chamin\u00e9\u201d, quando durante o ver\u00e3o o ar do interior da c\u00e2mara aquece-se e ascende por convec\u00e7\u00e3o, assim, seu espa\u00e7o \u00e9 ocupado pelo ar fresco, evitando a acumula\u00e7\u00e3o de calor na fachada.<\/p>\n<p style=\"text-align: justify;\">Ocorre o contr\u00e1rio no inverno, pois n\u00e3o se gera esse efeito ao n\u00e3o se produzir suficiente aquecimento do ar presente na c\u00e2mara. Neste caso, a fachada ventilada atua como um acumulador de calor.<\/p>\n<p style=\"text-align: justify;\"><strong>Tecwool\u00ae T<\/strong> \u00e9 a solu\u00e7\u00e3o perfeita para proporcionar um recobrimento cont\u00ednuo e homog\u00eaneo da totalidade da fachada, evitando a diminui\u00e7\u00e3o da resist\u00eancia t\u00e9rmica do recinto. <strong>Tecwool\u00ae T<\/strong> proporciona uma veda\u00e7\u00e3o eficaz, pois n\u00e3o gera juntas durante sua aplica\u00e7\u00e3o, evitando pontes t\u00e9rmicas e a condensa\u00e7\u00e3o do vapor de \u00e1gua presente no ar da c\u00e2mara.<\/p>\n<p style=\"text-align: justify;\"><strong>Tecwool\u00ae T<\/strong> tem uma <strong>classifica\u00e7\u00e3o de rea\u00e7\u00e3o ao fogo A1<\/strong>, cumprindo amplamente com o requerimento imposto por <strong>DB SI (B-s3d2)<\/strong> para materiais que recobrem as superf\u00edcies interiores de c\u00e2maras ventiladas.<\/p>\n<p>[\/vc_column_text][\/vc_column_inner][vc_column_inner width=&#8221;1\/3&#8243;][vc_single_image image=&#8221;45730&#8243; img_size=&#8221;full&#8221; alignment=&#8221;center&#8221; style=&#8221;vc_box_rounded&#8221; onclick=&#8221;link_image&#8221; css=&#8221;.vc_custom_1520858700519{margin-top: 3rem !important;}&#8221;][\/vc_column_inner][\/vc_row_inner][vc_empty_space height=&#8221;40px&#8221;][vc_row_inner][vc_column_inner width=&#8221;1\/6&#8243;][\/vc_column_inner][vc_column_inner width=&#8221;2\/3&#8243;][vc_raw_html css=&#8221;&#8221;]JTNDY2VudGVyJTNFJTNDaWZyYW1lJTIwd2lkdGglM0QlMjI4MTAlMjIlMjBoZWlnaHQlM0QlMjI0NTYlMjIlMjBzcmMlM0QlMjJodHRwcyUzQSUyRiUyRnd3dy55b3V0dWJlLmNvbSUyRmVtYmVkJTJGU1VfWHBHcXN2Q0ElM0ZyZWwlM0QwJTI2bXV0ZSUzRDElMjIlMjBmcmFtZWJvcmRlciUzRCUyMjAlMjIlMjBlbmNyeXB0ZWQtbWVkaWElMjIlMjBhbGxvd2Z1bGxzY3JlZW4lM0UlM0MlMkZpZnJhbWUlM0UlM0MlMkZjZW50ZXIlM0U=[\/vc_raw_html][\/vc_column_inner][vc_column_inner width=&#8221;1\/6&#8243;][\/vc_column_inner][\/vc_row_inner][vc_empty_space height=&#8221;40px&#8221;][\/vc_column][\/vc_row][vc_row][vc_column width=&#8221;1\/2&#8243; el_class=&#8221;bordersolution&#8221;][vc_single_image image=&#8221;45732&#8243; img_size=&#8221;medium&#8221; alignment=&#8221;center&#8221; onclick=&#8221;link_image&#8221;][vc_row_inner css=&#8221;.vc_custom_1520117353940{margin-top: -6% !important;padding-right: 3rem !important;padding-left: 3rem !important;}&#8221;][vc_column_inner width=&#8221;1\/2&#8243;]<div class=\"mgt-header-block clearfix text-left text-black wpb_content_element  mgt-header-block-style-2 mgt-header-texttransform-none \"><p class=\"mgt-header-block-subtitle\">Ensaio<\/p><h2 class=\"mgt-header-block-title\"><\/h2><div class=\"mgt-header-line\"><\/div><\/div>[vc_column_text]<b>Norma<\/b>\u00a0:PN-ENV 13361-4<br \/>\n<b>Laborat\u00f3rio<\/b>\u00a0:FIRES<br \/>\n<b>N\u00ba ensaio<\/b>\u00a0:FR-057-09<br \/>\n<b>Norma<\/b>\u00a0:PN-ENV 13391-4<br \/>\n<b>Laborat\u00f3rio<\/b>\u00a0:ITB<br \/>\n<b>N\u00ba Ensaio<\/b>\u00a0:AT 15-8196\/2009[\/vc_column_text][\/vc_column_inner][vc_column_inner width=&#8221;1\/2&#8243;]<div class=\"mgt-header-block clearfix text-left text-black wpb_content_element  mgt-header-block-style-2 mgt-header-texttransform-none \"><p class=\"mgt-header-block-subtitle\">Solu\u00e7\u00e3o<\/p><h2 class=\"mgt-header-block-title\"><\/h2><div class=\"mgt-header-line\"><\/div><\/div>[vc_column_text]<span style=\"color: #ff0000;\"><strong>1.<\/strong><\/span> Perfis guia.<br \/>\n<span style=\"color: #ff0000;\"><strong>2.<\/strong><\/span> Fechamento do edificio.<br \/>\n<span style=\"color: #ff0000;\"><strong>3.<\/strong><\/span> Tecwool\u00ae T (espessura en fun\u00e7\u00e3o do isolamento necess\u00e1rio).<br \/>\n<span style=\"color: #ff0000;\"><strong>4.<\/strong><\/span> Recobrimento exterior.[\/vc_column_text][\/vc_column_inner][\/vc_row_inner][\/vc_column][vc_column width=&#8221;1\/2&#8243; css=&#8221;.vc_custom_1519682712284{padding-left: 2rem !important;}&#8221;]<div class=\"mgt-header-block clearfix text-left text-black wpb_content_element  mgt-header-block-style-1 mgt-header-texttransform-none \"><h2 class=\"mgt-header-block-title\">Aplica\u00e7\u00e3o<\/h2><div class=\"mgt-header-line\"><\/div><\/div>[vc_column_text]<\/p>\n<p style=\"text-align: justify;\"><strong>Tecwool\u00ae T<\/strong> projeta-se mediante m\u00e1quina pneum\u00e1tica de acordo com as seguintes especifica\u00e7\u00f5es t\u00e9cnicas:<\/p>\n<p style=\"text-align: justify;\">Quando aplicado em chapa met\u00e1lica, bet\u00e3o, tijolo, etc. n\u00e3o ser\u00e1 necess\u00e1rio nenhum tipo de imprima\u00e7\u00e3o pr\u00e9via, malha ou qualquer outro tipo de suporte que sirva de ader\u00eancia \u00e0 argamassa.<\/p>\n<p style=\"text-align: justify;\">A superf\u00edcie a se proteger estar\u00e1 limpa de poeira, \u00f3leos, res\u00edduos, part\u00edculas mal aderidas, restos de pintura, etc.<\/p>\n<p style=\"text-align: justify;\">Conv\u00e9m reg\u00e1-la ligeiramente com \u00e1gua da pr\u00f3pria mangueira de aplica\u00e7\u00e3o, para assim eliminar qualquer sujeira que o paramento possa ter. Isto tamb\u00e9m proporcionar\u00e1 que se alcance um equil\u00edbrio t\u00e9rmico entre a argamassa e a superf\u00edcie aplicada.<\/p>\n<p style=\"text-align: justify;\">Para que o consolidado do cimento se realize em condi\u00e7\u00f5es \u00f3timas, uma vez projetada a argamassa \u00e9 necess\u00e1rio pulveriz\u00e1-la superficialmente com \u00e1gua.<\/p>\n<p>[\/vc_column_text][\/vc_column][\/vc_row][vc_row][vc_column][vc_empty_space height=&#8221;50px&#8221;]<div class=\"mgt-header-block clearfix text-left text-black wpb_animate_when_almost_visible wpb_top-to-bottom wpb_content_element  mgt-header-block-style-2 mgt-header-texttransform-none  vc_custom_1618216878076\"><h2 class=\"mgt-header-block-title\">Documentos do produto<\/h2><div class=\"mgt-header-line\"><\/div><\/div>[vc_row_inner][vc_column_inner width=&#8221;1\/3&#8243;][vc_raw_html]JTNDZGl2JTIwY2xhc3MlM0QlMjJ3aWRnZXQtZG93bmxvYWQtbGluay13cmFwcGVyJTIyJTNFJTBBJTNDZGl2JTIwY2xhc3MlM0QlMjJ3aWRnZXQtZG93bmxvYWQtaWNvbiUyMiUzRSUzQ2klMjBjbGFzcyUzRCUyMmZhJTIwZmEtZmlsZS1wZGYtbyUyMiUzRSUzQyUyRmklM0UlMEElM0MlMkZkaXYlM0UlMEElM0NkaXYlMjBjbGFzcyUzRCUyMndpZGdldC1kb3dubG9hZC1kZXRhaWxzJTIyJTNFJTBBJTNDZGl2JTIwY2xhc3MlM0QlMjJ3aWRnZXQtZG93bmxvYWQtdGl0bGUlMjIlM0UlM0NzcGFuJTIwY2xhc3MlM0QlMjJkb2N1bWVudG8tcGRmJTIyJTIwb25jbGljayUzRCUyMnNldExvY2F0aW9uJTI4JTI3c2MtdGVjd29vbC10LWZhY2hhZGEtdmVudGlsYWRhLVBUJTI3JTI5JTIyJTNFRmljaGElMjBwYXJhJTIwZG93bmxvYWQlM0MlMkZzcGFuJTNFJTNDJTJGZGl2JTNFJTBBJTNDZGl2JTIwY2xhc3MlM0QlMjJ3aWRnZXQtZG93bmxvYWQtc3VidGl0bGUlMjIlM0U0NDglMjBLYiUyQyUyMFBERiUzQyUyRmRpdiUzRSUwQSUzQyUyRmRpdiUzRSUwQSUzQyUyRmRpdiUzRSUwQQ==[\/vc_raw_html][\/vc_column_inner][vc_column_inner width=&#8221;1\/3&#8243;][\/vc_column_inner][vc_column_inner width=&#8221;1\/3&#8243;][\/vc_column_inner][\/vc_row_inner][vc_empty_space height=&#8221;20px&#8221; el_class=&#8221;vc_hidden-sm vc_hidden-xs&#8221;][\/vc_column][\/vc_row][vc_row][vc_column][vc_separator][\/vc_column][\/vc_row][vc_row bg_type=&#8221;bg_color&#8221;][vc_column width=&#8221;1\/3&#8243;]<div class=\"mgt-header-block clearfix text-left text-black wpb_animate_when_almost_visible wpb_top-to-bottom wpb_content_element  mgt-header-block-style-2 mgt-header-texttransform-none  vc_custom_1625814407582\"><h2 class=\"mgt-header-block-title\">Alguma d\u00favida? Entre em contato connosco.<\/h2><div class=\"mgt-header-line\"><\/div><\/div>[\/vc_column][vc_column width=&#8221;2\/3&#8243;]\n<div class=\"wpcf7 no-js\" id=\"wpcf7-f45603-o1\" lang=\"es-ES\" dir=\"ltr\" data-wpcf7-id=\"45603\">\n<div class=\"screen-reader-response\"><p role=\"status\" aria-live=\"polite\" aria-atomic=\"true\"><\/p> <ul><\/ul><\/div>\n<form action=\"\/pt\/wp-json\/wp\/v2\/pages\/45729#wpcf7-f45603-o1\" method=\"post\" class=\"wpcf7-form init\" aria-label=\"Contact form\" novalidate=\"novalidate\" data-status=\"init\">\n<fieldset class=\"hidden-fields-container\"><input type=\"hidden\" name=\"_wpcf7\" value=\"45603\" \/><input type=\"hidden\" name=\"_wpcf7_version\" value=\"6.1.5\" \/><input type=\"hidden\" name=\"_wpcf7_locale\" value=\"es_ES\" \/><input type=\"hidden\" name=\"_wpcf7_unit_tag\" value=\"wpcf7-f45603-o1\" \/><input type=\"hidden\" name=\"_wpcf7_container_post\" value=\"0\" \/><input type=\"hidden\" name=\"_wpcf7_posted_data_hash\" value=\"\" \/><input type=\"hidden\" name=\"_wpcf7_recaptcha_response\" value=\"\" \/>\n<\/fieldset>\n<p><label>Seu Nome<br \/>\n<span class=\"wpcf7-form-control-wrap\" data-name=\"your-name\"><input size=\"40\" maxlength=\"400\" class=\"wpcf7-form-control wpcf7-text wpcf7-validates-as-required\" aria-required=\"true\" aria-invalid=\"false\" value=\"\" type=\"text\" name=\"your-name\" \/><\/span> <\/label>\n<\/p>\n<p><label>Seu email<br \/>\n<span class=\"wpcf7-form-control-wrap\" data-name=\"your-email\"><input size=\"40\" maxlength=\"400\" class=\"wpcf7-form-control wpcf7-email wpcf7-validates-as-required wpcf7-text wpcf7-validates-as-email\" aria-required=\"true\" aria-invalid=\"false\" value=\"\" type=\"email\" name=\"your-email\" \/><\/span> <\/label>\n<\/p>\n<p><label>Assunto<br \/>\n<span class=\"wpcf7-form-control-wrap\" data-name=\"your-subject\"><input size=\"40\" maxlength=\"400\" class=\"wpcf7-form-control wpcf7-text\" aria-invalid=\"false\" value=\"\" type=\"text\" name=\"your-subject\" \/><\/span> <\/label>\n<\/p>\n<p><label>Sua mensagem<br \/>\n<span class=\"wpcf7-form-control-wrap\" data-name=\"your-message\"><textarea cols=\"40\" rows=\"10\" maxlength=\"2000\" class=\"wpcf7-form-control wpcf7-textarea\" aria-invalid=\"false\" name=\"your-message\"><\/textarea><\/span> <\/label>\n<\/p>\n<p><span class=\"wpcf7-form-control-wrap\" data-name=\"acceptance-579\"><span class=\"wpcf7-form-control wpcf7-acceptance\"><span class=\"wpcf7-list-item\"><input type=\"checkbox\" name=\"acceptance-579\" value=\"1\" aria-invalid=\"false\" \/><\/span><\/span><\/span> Eu aceito a <a href=\"https:\/\/mcrtecresa.com\/pt\/politica-de-privacidade\"target=\"_blank\">Pol\u00edtica de privacidade<\/a>\n<\/p>\n<p><input class=\"wpcf7-form-control wpcf7-submit has-spinner\" type=\"submit\" value=\"Enviar\" \/>\n<\/p><div class=\"wpcf7-response-output\" aria-hidden=\"true\"><\/div>\n<\/form>\n<\/div>\n[\/vc_column][\/vc_row]<\/p>\n<\/div>","protected":false},"excerpt":{"rendered":"<p>[vc_row][vc_column][vc_column_text] [\/vc_column_text][\/vc_column][\/vc_row][vc_row full_width=&#8221;stretch_row&#8221;][vc_column][vc_empty_space][vc_row_inner][vc_column_inner width=&#8221;1\/4&#8243;][vc_btn title=&#8221;Fachada ventilada&#8221; style=&#8221;custom&#8221; custom_background=&#8221;#dd3333&#8243; custom_text=&#8221;#ffffff&#8221; shape=&#8221;round&#8221; size=&#8221;sm&#8221; align=&#8221;center&#8221; button_block=&#8221;true&#8221; link=&#8221;url:%23|||&#8221;][\/vc_column_inner][vc_column_inner width=&#8221;1\/4&#8243;][vc_btn title=&#8221;Lajes e paredes de garagens \/ locais&#8221; style=&#8221;outline-custom&#8221; outline_custom_color=&#8221;#000000&#8243; outline_custom_hover_background=&#8221;#666666&#8243; outline_custom_hover_text=&#8221;#ffffff&#8221; shape=&#8221;round&#8221; size=&#8221;sm&#8221; align=&#8221;center&#8221; button_block=&#8221;true&#8221;&#8230;<\/p>\n","protected":false},"author":2,"featured_media":0,"parent":45717,"menu_order":0,"comment_status":"closed","ping_status":"closed","template":"","meta":{"footnotes":""},"class_list":["post-45729","page","type-page","status-publish","hentry"],"yoast_head":"<!-- This site is optimized with the Yoast SEO plugin v27.4 - https:\/\/yoast.com\/product\/yoast-seo-wordpress\/ -->\n<title>Prote\u00e7\u00e3o de Fachada ventilada argamassas Tecwool\u00ae T - mercor tecresa\u00ae<\/title>\n<meta name=\"description\" content=\"Solu\u00e7\u00e3o perfeita para fornecer um revestimento cont\u00ednuo e homog\u00eaneo de toda a fachada, melhorando a resist\u00eancia t\u00e9rmica do gabinete.\" \/>\n<meta name=\"robots\" content=\"index, follow, max-snippet:-1, max-image-preview:large, max-video-preview:-1\" \/>\n<link rel=\"canonical\" href=\"https:\/\/mcrtecresa.com\/pt\/argamassas-tecwool\/tecwool-t\/fachada-ventilada\" \/>\n<meta property=\"og:locale\" content=\"pt_PT\" \/>\n<meta property=\"og:type\" content=\"article\" \/>\n<meta property=\"og:title\" content=\"Prote\u00e7\u00e3o de Fachada ventilada argamassas Tecwool\u00ae T - mercor tecresa\u00ae\" \/>\n<meta property=\"og:description\" content=\"Solu\u00e7\u00e3o perfeita para fornecer um revestimento cont\u00ednuo e homog\u00eaneo de toda a fachada, melhorando a resist\u00eancia t\u00e9rmica do gabinete.\" \/>\n<meta property=\"og:url\" content=\"https:\/\/mcrtecresa.com\/pt\/argamassas-tecwool\/tecwool-t\/fachada-ventilada\" \/>\n<meta property=\"og:site_name\" content=\"Mcr Tecresa\" \/>\n<meta property=\"article:modified_time\" content=\"2026-03-17T13:20:58+00:00\" \/>\n<meta property=\"og:image\" content=\"https:\/\/mcrtecresa.com\/wp-content\/uploads\/2025\/07\/Logo-Original-1.png\" \/>\n\t<meta property=\"og:image:width\" content=\"195\" \/>\n\t<meta property=\"og:image:height\" content=\"46\" \/>\n\t<meta property=\"og:image:type\" content=\"image\/png\" \/>\n<meta name=\"twitter:card\" content=\"summary_large_image\" \/>\n<meta name=\"twitter:label1\" content=\"Est. reading time\" \/>\n\t<meta name=\"twitter:data1\" content=\"3 minutes\" \/>\n<script type=\"application\/ld+json\" class=\"yoast-schema-graph\">{\"@context\":\"https:\\\/\\\/schema.org\",\"@graph\":[{\"@type\":\"WebPage\",\"@id\":\"https:\\\/\\\/mcrtecresa.com\\\/pt\\\/argamassas-tecwool\\\/tecwool-t\\\/fachada-ventilada\",\"url\":\"https:\\\/\\\/mcrtecresa.com\\\/pt\\\/argamassas-tecwool\\\/tecwool-t\\\/fachada-ventilada\",\"name\":\"Prote\u00e7\u00e3o de Fachada ventilada argamassas Tecwool\u00ae T - mercor tecresa\u00ae\",\"isPartOf\":{\"@id\":\"https:\\\/\\\/mcrtecresa.com\\\/#website\"},\"datePublished\":\"2018-02-26T23:49:50+00:00\",\"dateModified\":\"2026-03-17T13:20:58+00:00\",\"description\":\"Solu\u00e7\u00e3o perfeita para fornecer um revestimento cont\u00ednuo e homog\u00eaneo de toda a fachada, melhorando a resist\u00eancia t\u00e9rmica do gabinete.\",\"breadcrumb\":{\"@id\":\"https:\\\/\\\/mcrtecresa.com\\\/pt\\\/argamassas-tecwool\\\/tecwool-t\\\/fachada-ventilada#breadcrumb\"},\"inLanguage\":\"pt\",\"potentialAction\":[{\"@type\":\"ReadAction\",\"target\":[\"https:\\\/\\\/mcrtecresa.com\\\/pt\\\/argamassas-tecwool\\\/tecwool-t\\\/fachada-ventilada\"]}]},{\"@type\":\"BreadcrumbList\",\"@id\":\"https:\\\/\\\/mcrtecresa.com\\\/pt\\\/argamassas-tecwool\\\/tecwool-t\\\/fachada-ventilada#breadcrumb\",\"itemListElement\":[{\"@type\":\"ListItem\",\"position\":1,\"name\":\"mcr tecresa\u00ae\",\"item\":\"https:\\\/\\\/mcrtecresa.com\\\/pt\"},{\"@type\":\"ListItem\",\"position\":2,\"name\":\"Argamassas Tecwool\",\"item\":\"https:\\\/\\\/mcrtecresa.com\\\/pt\\\/argamassas-tecwool\"},{\"@type\":\"ListItem\",\"position\":3,\"name\":\"Argamassa Tecwool T\",\"item\":\"https:\\\/\\\/mcrtecresa.com\\\/pt\\\/argamassas-tecwool\\\/tecwool-t\"},{\"@type\":\"ListItem\",\"position\":4,\"name\":\"Tecwool T \u2013 Fachada Ventilada\"}]},{\"@type\":\"WebSite\",\"@id\":\"https:\\\/\\\/mcrtecresa.com\\\/#website\",\"url\":\"https:\\\/\\\/mcrtecresa.com\\\/\",\"name\":\"Mcr Tecresa\",\"description\":\"Empresa l\u00edder en protecci\u00f3n pasiva contra incendios\",\"publisher\":{\"@id\":\"https:\\\/\\\/mcrtecresa.com\\\/#organization\"},\"alternateName\":\"Protecci\u00f3n Pasiva Contra Incendios\",\"potentialAction\":[{\"@type\":\"SearchAction\",\"target\":{\"@type\":\"EntryPoint\",\"urlTemplate\":\"https:\\\/\\\/mcrtecresa.com\\\/?s={search_term_string}\"},\"query-input\":{\"@type\":\"PropertyValueSpecification\",\"valueRequired\":true,\"valueName\":\"search_term_string\"}}],\"inLanguage\":\"pt\"},{\"@type\":\"Organization\",\"@id\":\"https:\\\/\\\/mcrtecresa.com\\\/#organization\",\"name\":\"Mcr Tecresa\",\"url\":\"https:\\\/\\\/mcrtecresa.com\\\/\",\"logo\":{\"@type\":\"ImageObject\",\"inLanguage\":\"pt\",\"@id\":\"https:\\\/\\\/mcrtecresa.com\\\/#\\\/schema\\\/logo\\\/image\\\/\",\"url\":\"https:\\\/\\\/mcrtecresa.com\\\/wp-content\\\/uploads\\\/2025\\\/07\\\/Logo-Original-1.png\",\"contentUrl\":\"https:\\\/\\\/mcrtecresa.com\\\/wp-content\\\/uploads\\\/2025\\\/07\\\/Logo-Original-1.png\",\"width\":195,\"height\":46,\"caption\":\"Mcr Tecresa\"},\"image\":{\"@id\":\"https:\\\/\\\/mcrtecresa.com\\\/#\\\/schema\\\/logo\\\/image\\\/\"},\"sameAs\":[\"https:\\\/\\\/www.linkedin.com\\\/company\\\/mcrtecresa\",\"https:\\\/\\\/www.youtube.com\\\/@Mcrtecresa\"]}]}<\/script>\n<!-- \/ Yoast SEO plugin. -->","yoast_head_json":{"title":"Prote\u00e7\u00e3o de Fachada ventilada argamassas Tecwool\u00ae T - mercor tecresa\u00ae","description":"Solu\u00e7\u00e3o perfeita para fornecer um revestimento cont\u00ednuo e homog\u00eaneo de toda a fachada, melhorando a resist\u00eancia t\u00e9rmica do gabinete.","robots":{"index":"index","follow":"follow","max-snippet":"max-snippet:-1","max-image-preview":"max-image-preview:large","max-video-preview":"max-video-preview:-1"},"canonical":"https:\/\/mcrtecresa.com\/pt\/argamassas-tecwool\/tecwool-t\/fachada-ventilada","og_locale":"pt_PT","og_type":"article","og_title":"Prote\u00e7\u00e3o de Fachada ventilada argamassas Tecwool\u00ae T - mercor tecresa\u00ae","og_description":"Solu\u00e7\u00e3o perfeita para fornecer um revestimento cont\u00ednuo e homog\u00eaneo de toda a fachada, melhorando a resist\u00eancia t\u00e9rmica do gabinete.","og_url":"https:\/\/mcrtecresa.com\/pt\/argamassas-tecwool\/tecwool-t\/fachada-ventilada","og_site_name":"Mcr Tecresa","article_modified_time":"2026-03-17T13:20:58+00:00","og_image":[{"width":195,"height":46,"url":"https:\/\/mcrtecresa.com\/wp-content\/uploads\/2025\/07\/Logo-Original-1.png","type":"image\/png"}],"twitter_card":"summary_large_image","twitter_misc":{"Est. reading time":"3 minutes"},"schema":{"@context":"https:\/\/schema.org","@graph":[{"@type":"WebPage","@id":"https:\/\/mcrtecresa.com\/pt\/argamassas-tecwool\/tecwool-t\/fachada-ventilada","url":"https:\/\/mcrtecresa.com\/pt\/argamassas-tecwool\/tecwool-t\/fachada-ventilada","name":"Prote\u00e7\u00e3o de Fachada ventilada argamassas Tecwool\u00ae T - mercor tecresa\u00ae","isPartOf":{"@id":"https:\/\/mcrtecresa.com\/#website"},"datePublished":"2018-02-26T23:49:50+00:00","dateModified":"2026-03-17T13:20:58+00:00","description":"Solu\u00e7\u00e3o perfeita para fornecer um revestimento cont\u00ednuo e homog\u00eaneo de toda a fachada, melhorando a resist\u00eancia t\u00e9rmica do gabinete.","breadcrumb":{"@id":"https:\/\/mcrtecresa.com\/pt\/argamassas-tecwool\/tecwool-t\/fachada-ventilada#breadcrumb"},"inLanguage":"pt","potentialAction":[{"@type":"ReadAction","target":["https:\/\/mcrtecresa.com\/pt\/argamassas-tecwool\/tecwool-t\/fachada-ventilada"]}]},{"@type":"BreadcrumbList","@id":"https:\/\/mcrtecresa.com\/pt\/argamassas-tecwool\/tecwool-t\/fachada-ventilada#breadcrumb","itemListElement":[{"@type":"ListItem","position":1,"name":"mcr tecresa\u00ae","item":"https:\/\/mcrtecresa.com\/pt"},{"@type":"ListItem","position":2,"name":"Argamassas Tecwool","item":"https:\/\/mcrtecresa.com\/pt\/argamassas-tecwool"},{"@type":"ListItem","position":3,"name":"Argamassa Tecwool T","item":"https:\/\/mcrtecresa.com\/pt\/argamassas-tecwool\/tecwool-t"},{"@type":"ListItem","position":4,"name":"Tecwool T \u2013 Fachada Ventilada"}]},{"@type":"WebSite","@id":"https:\/\/mcrtecresa.com\/#website","url":"https:\/\/mcrtecresa.com\/","name":"Mcr Tecresa","description":"Empresa l\u00edder en protecci\u00f3n pasiva contra incendios","publisher":{"@id":"https:\/\/mcrtecresa.com\/#organization"},"alternateName":"Protecci\u00f3n Pasiva Contra Incendios","potentialAction":[{"@type":"SearchAction","target":{"@type":"EntryPoint","urlTemplate":"https:\/\/mcrtecresa.com\/?s={search_term_string}"},"query-input":{"@type":"PropertyValueSpecification","valueRequired":true,"valueName":"search_term_string"}}],"inLanguage":"pt"},{"@type":"Organization","@id":"https:\/\/mcrtecresa.com\/#organization","name":"Mcr Tecresa","url":"https:\/\/mcrtecresa.com\/","logo":{"@type":"ImageObject","inLanguage":"pt","@id":"https:\/\/mcrtecresa.com\/#\/schema\/logo\/image\/","url":"https:\/\/mcrtecresa.com\/wp-content\/uploads\/2025\/07\/Logo-Original-1.png","contentUrl":"https:\/\/mcrtecresa.com\/wp-content\/uploads\/2025\/07\/Logo-Original-1.png","width":195,"height":46,"caption":"Mcr Tecresa"},"image":{"@id":"https:\/\/mcrtecresa.com\/#\/schema\/logo\/image\/"},"sameAs":["https:\/\/www.linkedin.com\/company\/mcrtecresa","https:\/\/www.youtube.com\/@Mcrtecresa"]}]}},"_links":{"self":[{"href":"https:\/\/mcrtecresa.com\/pt\/wp-json\/wp\/v2\/pages\/45729","targetHints":{"allow":["GET"]}}],"collection":[{"href":"https:\/\/mcrtecresa.com\/pt\/wp-json\/wp\/v2\/pages"}],"about":[{"href":"https:\/\/mcrtecresa.com\/pt\/wp-json\/wp\/v2\/types\/page"}],"author":[{"embeddable":true,"href":"https:\/\/mcrtecresa.com\/pt\/wp-json\/wp\/v2\/users\/2"}],"replies":[{"embeddable":true,"href":"https:\/\/mcrtecresa.com\/pt\/wp-json\/wp\/v2\/comments?post=45729"}],"version-history":[{"count":0,"href":"https:\/\/mcrtecresa.com\/pt\/wp-json\/wp\/v2\/pages\/45729\/revisions"}],"up":[{"embeddable":true,"href":"https:\/\/mcrtecresa.com\/pt\/wp-json\/wp\/v2\/pages\/45717"}],"wp:attachment":[{"href":"https:\/\/mcrtecresa.com\/pt\/wp-json\/wp\/v2\/media?parent=45729"}],"curies":[{"name":"wp","href":"https:\/\/api.w.org\/{rel}","templated":true}]}}