{"id":45717,"date":"2018-02-09T21:33:41","date_gmt":"2018-02-09T19:33:41","guid":{"rendered":"https:\/\/mcrtecresa.com\/argamassas-tecwool\/tecwool-t"},"modified":"2025-10-13T15:50:14","modified_gmt":"2025-10-13T13:50:14","slug":"tecwool-t","status":"publish","type":"page","link":"https:\/\/mcrtecresa.com\/pt\/argamassas-tecwool\/tecwool-t","title":{"rendered":"Argamassa Tecwool T"},"content":{"rendered":"<div class=\"wpb-content-wrapper\"><p>[vc_row][vc_column][vc_column_text]<\/p>\n<pre><code class=\"html hljs xml\"><span><span><a href=\"https:\/\/mcrtecresa.com\/pt\">mcr tecresa\u00ae<\/a><\/span><\/span><\/code><\/pre>\n<p>[\/vc_column_text][\/vc_column][\/vc_row][vc_row full_width=&#8221;stretch_row&#8221;][vc_column]<div class=\"mgt-header-block clearfix text-left text-black wpb_animate_when_almost_visible wpb_bottom-to-top wpb_content_element  mgt-header-block-style-2 mgt-header-texttransform-none  vc_custom_1760363317121\"><h1 class=\"mgt-header-block-title\">Argamassa ign\u00edfuga TECWOOL\u00ae T (t\u00e9rmica e ac\u00fastica)<\/h1><div class=\"mgt-header-line\"><\/div><\/div>[vc_row_inner][vc_column_inner width=&#8221;2\/3&#8243;][vc_column_text css_animation=&#8221;bottom-to-top&#8221; css=&#8221;&#8221;]<\/p>\n<p style=\"text-align: justify;\">Tecwool\u00ae T \u00e9 uma argamassa ign\u00edfuga projetada de l\u00e3 de rocha e cimento fabricada pela mcr tecresa\u00ae e que se revela a solu\u00e7\u00e3o construtiva perfeita para proporcionar um \u00f3timo isolamento t\u00e9rmico.<\/p>\n<p style=\"text-align: justify;\">A sua aplica\u00e7\u00e3o por proje\u00e7\u00e3o permite um revestimento cont\u00ednuo, evitando assim descontinuidades e irregularidades no revestimento do revestimento dos edif\u00edcios, resolvendo assim o aparecimento de pontes t\u00e9rmicas.<\/p>\n<p style=\"text-align: justify;\">O <strong>Tecwool\u00ae T<\/strong> adapta-se a uma grande variedade de suportes, mesmo quando estes est\u00e3o expostos a vibra\u00e7\u00f5es ou movimentos de assentamento. N\u00e3o racha nem fenda devido \u00e0 sua grande ader\u00eancia e flexibilidade.<\/p>\n<p style=\"text-align: justify;\">Al\u00e9m de ser um excelente isolante, a argamassa <strong>Tecwool\u00ae T<\/strong> possui uma classifica\u00e7\u00e3o de rea\u00e7\u00e3o ao fogo A1, de acordo com a norma UNE EN 13501, cumprindo amplamente as especifica\u00e7\u00f5es indicadas no <strong>CTE<\/strong> para superf\u00edcies interiores de c\u00e2maras ventiladas e para exteriores de fachadas.<\/p>\n<p style=\"text-align: justify;\">Por \u00faltimo, ressaltar que possui caracter\u00edsticas excepcionais em absor\u00e7\u00e3o sonora e absor\u00e7\u00e3o ac\u00fastica em c\u00e2mara reverberante.<\/p>\n<p>[\/vc_column_text][\/vc_column_inner][vc_column_inner width=&#8221;1\/3&#8243;][vc_empty_space height=&#8221;25px&#8221;][vc_single_image image=&#8221;45472&#8243; img_size=&#8221;medium&#8221; alignment=&#8221;center&#8221; onclick=&#8221;link_image&#8221;][\/vc_column_inner][\/vc_row_inner]<div class=\"mgt-header-block clearfix text-left text-black wpb_animate_when_almost_visible wpb_top-to-bottom wpb_content_element  mgt-header-block-style-2 mgt-header-texttransform-none  vc_custom_1518200102562\"><h2 class=\"mgt-header-block-title\">Soluciones Constructivas del Tecwool\u00ae T<\/h2><div class=\"mgt-header-line\"><\/div><\/div>[vc_row_inner][vc_column_inner width=&#8221;1\/4&#8243;][vc_btn title=&#8221;Fachada ventilada&#8221; style=&#8221;outline-custom&#8221; outline_custom_color=&#8221;#e42413&#8243; outline_custom_hover_background=&#8221;#e42413&#8243; outline_custom_hover_text=&#8221;#ffffff&#8221; shape=&#8221;round&#8221; size=&#8221;sm&#8221; align=&#8221;center&#8221; button_block=&#8221;true&#8221; link=&#8221;url:https%3A%2F%2Fmcrtecresa.com%2Fpt%3Fpage_id%3D45729|&#8221;][\/vc_column_inner][vc_column_inner width=&#8221;1\/4&#8243;][vc_btn title=&#8221;Lajes e paredes garagens \/ locais&#8221; style=&#8221;outline-custom&#8221; outline_custom_color=&#8221;#e42413&#8243; outline_custom_hover_background=&#8221;#e42413&#8243; outline_custom_hover_text=&#8221;#ffffff&#8221; shape=&#8221;round&#8221; size=&#8221;sm&#8221; align=&#8221;center&#8221; css=&#8221;&#8221; button_block=&#8221;true&#8221; link=&#8221;url:https%3A%2F%2Fmcrtecresa.com%2Fpt%2Fargamassas-tecwool%2Ftecwool-t%2Flajes-e-paredes-de-garagens&#8221;][\/vc_column_inner][vc_column_inner width=&#8221;1\/4&#8243;][\/vc_column_inner][vc_column_inner width=&#8221;1\/4&#8243;][\/vc_column_inner][\/vc_row_inner][vc_empty_space height=&#8221;50px&#8221; el_class=&#8221;vc_hidden-sm vc_hidden-xs&#8221;]<div class=\"mgt-header-block clearfix text-left text-black wpb_animate_when_almost_visible wpb_bottom-to-top wpb_content_element  mgt-header-block-style-2 mgt-header-texttransform-none  vc_custom_1760362985210\"><h2 class=\"mgt-header-block-title\">Suas Vantagens<\/h2><div class=\"mgt-header-line\"><\/div><\/div>[vc_row_inner][vc_column_inner width=&#8221;1\/3&#8243;]<div class=\"mgt-icon-box wpb_content_element wpb_animate_when_almost_visible wpb_appear mgt-icon-box-right mgt-icon-fa mgt-icon-background mgt-icon-background-invert text-black \"><div class=\"mgt-icon-box-icon hvr-icon-push\"><div class=\"mgt-font-icon\"><i class=\"fa fa-headphones\"><\/i><\/div><\/div><div class=\"mgt-icon-box-content\"><h6>PORPORCIONA<\/h6><h5>ABSOR\u00c7AO AC\u00daSTICA<\/h5><\/div><div class=\"clearfix\"><\/div><\/div>[\/vc_column_inner][vc_column_inner width=&#8221;1\/3&#8243;]<div class=\"mgt-icon-box wpb_content_element wpb_animate_when_almost_visible wpb_appear mgt-icon-box-right mgt-icon-fa mgt-icon-background mgt-icon-background-invert text-black \"><div class=\"mgt-icon-box-icon hvr-icon-push\"><div class=\"mgt-font-icon\"><i class=\"fa fa-thermometer-half\"><\/i><\/div><\/div><div class=\"mgt-icon-box-content\"><h6>PROPORCIONA<\/h6><h5>ISOLAMENTO T\u00c9RMICO<\/h5><\/div><div class=\"clearfix\"><\/div><\/div>[\/vc_column_inner][vc_column_inner width=&#8221;1\/3&#8243;]<div class=\"mgt-icon-box wpb_content_element wpb_animate_when_almost_visible wpb_appear mgt-icon-box-right mgt-icon-fa mgt-icon-background mgt-icon-background-invert text-black \"><div class=\"mgt-icon-box-icon hvr-icon-push\"><div class=\"mgt-font-icon\"><i class=\"fa fa-fire\"><\/i><\/div><\/div><div class=\"mgt-icon-box-content\"><h6>PROPORCIONA<\/h6><h5>PROTEC\u00c7AO CONTRA O FOGO<\/h5><\/div><div class=\"clearfix\"><\/div><\/div>[\/vc_column_inner][\/vc_row_inner][vc_empty_space height=&#8221;40px&#8221;]<div class=\"mgt-header-block clearfix text-left text-black wpb_animate_when_almost_visible wpb_top-to-bottom wpb_content_element  mgt-header-block-style-2 mgt-header-texttransform-none  vc_custom_1760362994285\"><h2 class=\"mgt-header-block-title\">Documento do produto<\/h2><div class=\"mgt-header-line\"><\/div><\/div>[vc_row_inner][vc_column_inner width=&#8221;1\/3&#8243;][vc_raw_html]JTNDZGl2JTIwY2xhc3MlM0QlMjJ3aWRnZXQtZG93bmxvYWQtbGluay13cmFwcGVyJTIyJTNFJTBBJTNDZGl2JTIwY2xhc3MlM0QlMjJ3aWRnZXQtZG93bmxvYWQtaWNvbiUyMiUzRSUzQ2klMjBjbGFzcyUzRCUyMmZhJTIwZmEtZmlsZS1wZGYtbyUyMiUzRSUzQyUyRmklM0UlMEElM0MlMkZkaXYlM0UlMEElM0NkaXYlMjBjbGFzcyUzRCUyMndpZGdldC1kb3dubG9hZC1kZXRhaWxzJTIyJTNFJTBBJTNDZGl2JTIwY2xhc3MlM0QlMjJ3aWRnZXQtZG93bmxvYWQtdGl0bGUlMjIlM0UlM0NzcGFuJTIwY2xhc3MlM0QlMjJkb2N1bWVudG8tcGRmJTIyJTIwb25jbGljayUzRCUyMnNldExvY2F0aW9uJTI4JTI3ZmljaGEtdGVjbmljYS10ZWN3b29sLXQlMjclMjklMjIlM0VGaWNoYSUyMHQlQzMlQTljbmljYSUzQyUyRnNwYW4lM0UlM0MlMkZkaXYlM0UlMEElM0NkaXYlMjBjbGFzcyUzRCUyMndpZGdldC1kb3dubG9hZC1zdWJ0aXRsZSUyMiUzRTIxMiUyMEtiJTJDJTIwUERGJTNDJTJGZGl2JTNFJTBBJTNDJTJGZGl2JTNFJTBBJTNDJTJGZGl2JTNFJTBB[\/vc_raw_html][\/vc_column_inner][vc_column_inner width=&#8221;1\/3&#8243;][vc_raw_html]JTNDZGl2JTIwY2xhc3MlM0QlMjJ3aWRnZXQtZG93bmxvYWQtbGluay13cmFwcGVyJTIyJTNFJTBBJTNDZGl2JTIwY2xhc3MlM0QlMjJ3aWRnZXQtZG93bmxvYWQtaWNvbiUyMiUzRSUzQ2klMjBjbGFzcyUzRCUyMmZhJTIwZmEtZmlsZS1wZGYtbyUyMiUzRSUzQyUyRmklM0UlMEElM0MlMkZkaXYlM0UlMEElM0NkaXYlMjBjbGFzcyUzRCUyMndpZGdldC1kb3dubG9hZC1kZXRhaWxzJTIyJTNFJTBBJTNDZGl2JTIwY2xhc3MlM0QlMjJ3aWRnZXQtZG93bmxvYWQtdGl0bGUlMjIlM0UlM0NzcGFuJTIwY2xhc3MlM0QlMjJkb2N1bWVudG8tcGRmJTIyJTIwb25jbGljayUzRCUyMnNldExvY2F0aW9uJTI4JTI3Y2FyYWN0ZXJpc3RpY2FzLXRlY25pY2FzLXRlY3dvb2wtdCUyNyUyOSUyMiUzRUNhcmFjdGVyJUMzJUFEc3RpY2FzJTIwdCVDMyVBOWNuaWNhcyUzQyUyRnNwYW4lM0UlM0MlMkZkaXYlM0UlMEElM0NkaXYlMjBjbGFzcyUzRCUyMndpZGdldC1kb3dubG9hZC1zdWJ0aXRsZSUyMiUzRTE5NCUyMEtiJTJDJTIwUERGJTNDJTJGZGl2JTNFJTBBJTNDJTJGZGl2JTNFJTBBJTNDJTJGZGl2JTNFJTBB[\/vc_raw_html][\/vc_column_inner][vc_column_inner width=&#8221;1\/3&#8243;][\/vc_column_inner][\/vc_row_inner][vc_empty_space height=&#8221;40px&#8221;][\/vc_column][\/vc_row][vc_row][vc_column][vc_separator][\/vc_column][\/vc_row][vc_row bg_type=&#8221;bg_color&#8221;][vc_column width=&#8221;1\/3&#8243;]<div class=\"mgt-header-block clearfix text-left text-black wpb_animate_when_almost_visible wpb_top-to-bottom wpb_content_element  mgt-header-block-style-2 mgt-header-texttransform-none  vc_custom_1760363017222\"><h2 class=\"mgt-header-block-title\">Alguma D\u00favida? Entre em contato connosco.<\/h2><div class=\"mgt-header-line\"><\/div><\/div>[\/vc_column][vc_column width=&#8221;2\/3&#8243;]\n<div class=\"wpcf7 no-js\" id=\"wpcf7-f45603-o1\" lang=\"es-ES\" dir=\"ltr\" data-wpcf7-id=\"45603\">\n<div class=\"screen-reader-response\"><p role=\"status\" aria-live=\"polite\" aria-atomic=\"true\"><\/p> <ul><\/ul><\/div>\n<form action=\"\/pt\/wp-json\/wp\/v2\/pages\/45717#wpcf7-f45603-o1\" method=\"post\" class=\"wpcf7-form init\" aria-label=\"Contact form\" novalidate=\"novalidate\" data-status=\"init\">\n<fieldset class=\"hidden-fields-container\"><input type=\"hidden\" name=\"_wpcf7\" value=\"45603\" \/><input type=\"hidden\" name=\"_wpcf7_version\" value=\"6.1.5\" \/><input type=\"hidden\" name=\"_wpcf7_locale\" value=\"es_ES\" \/><input type=\"hidden\" name=\"_wpcf7_unit_tag\" value=\"wpcf7-f45603-o1\" \/><input type=\"hidden\" name=\"_wpcf7_container_post\" value=\"0\" \/><input type=\"hidden\" name=\"_wpcf7_posted_data_hash\" value=\"\" \/><input type=\"hidden\" name=\"_wpcf7_recaptcha_response\" value=\"\" \/>\n<\/fieldset>\n<p><label>Seu Nome<br \/>\n<span class=\"wpcf7-form-control-wrap\" data-name=\"your-name\"><input size=\"40\" maxlength=\"400\" class=\"wpcf7-form-control wpcf7-text wpcf7-validates-as-required\" aria-required=\"true\" aria-invalid=\"false\" value=\"\" type=\"text\" name=\"your-name\" \/><\/span> <\/label>\n<\/p>\n<p><label>Seu email<br \/>\n<span class=\"wpcf7-form-control-wrap\" data-name=\"your-email\"><input size=\"40\" maxlength=\"400\" class=\"wpcf7-form-control wpcf7-email wpcf7-validates-as-required wpcf7-text wpcf7-validates-as-email\" aria-required=\"true\" aria-invalid=\"false\" value=\"\" type=\"email\" name=\"your-email\" \/><\/span> <\/label>\n<\/p>\n<p><label>Assunto<br \/>\n<span class=\"wpcf7-form-control-wrap\" data-name=\"your-subject\"><input size=\"40\" maxlength=\"400\" class=\"wpcf7-form-control wpcf7-text\" aria-invalid=\"false\" value=\"\" type=\"text\" name=\"your-subject\" \/><\/span> <\/label>\n<\/p>\n<p><label>Sua mensagem<br \/>\n<span class=\"wpcf7-form-control-wrap\" data-name=\"your-message\"><textarea cols=\"40\" rows=\"10\" maxlength=\"2000\" class=\"wpcf7-form-control wpcf7-textarea\" aria-invalid=\"false\" name=\"your-message\"><\/textarea><\/span> <\/label>\n<\/p>\n<p><span class=\"wpcf7-form-control-wrap\" data-name=\"acceptance-579\"><span class=\"wpcf7-form-control wpcf7-acceptance\"><span class=\"wpcf7-list-item\"><input type=\"checkbox\" name=\"acceptance-579\" value=\"1\" aria-invalid=\"false\" \/><\/span><\/span><\/span> Eu aceito a <a href=\"https:\/\/mcrtecresa.com\/pt\/politica-de-privacidade\"target=\"_blank\">Pol\u00edtica de privacidade<\/a>\n<\/p>\n<p><input class=\"wpcf7-form-control wpcf7-submit has-spinner\" type=\"submit\" value=\"Enviar\" \/>\n<\/p><div class=\"wpcf7-response-output\" aria-hidden=\"true\"><\/div>\n<\/form>\n<\/div>\n[vc_column_text css=&#8221;&#8221;]<span style=\"font-size: 10px;\">Segundo estabelece o regulamento (EU) 2016\/679 do Parlamento Europeu e do Conselho, de 27 de abril de 2016,\u00a0 Mcr tecresa, S.L. informa aos usu\u00e1rios que os dados de carater pessoal que nos proporciona atrav\u00e9s do presente formul\u00e1rio ser\u00e3o tratados pela nossa companhia como respons\u00e1vel desta web. A finalidade da recolhida e tratamento dos dados pessoais que solicitamos \u00e9 para poder regist\u00e1-lo como usu\u00e1rio dos nossos servi\u00e7os que implicar\u00e1 poder enviar nossas publica\u00e7\u00f5es e ofertas, promo\u00e7\u00f5es de produtos e\/ou servi\u00e7os. A legitima\u00e7\u00e3o se realiza atrav\u00e9s do seu pr\u00f3prio consentimento como interessado. Te informamos que os dados que nos facilita n\u00e3o ser\u00e3o cedidos a terceiros. Poder\u00e1 exercer seus direitos de acesso, retifica\u00e7\u00e3o, supress\u00e3o, limita\u00e7\u00e3o de tratamento, portabilidade e esquecimento dos dados em rgpd@mcrtecresa.com assim como o direito de apresentar a sua reclama\u00e7\u00e3o ante uma autoridade de controle. Te aconselhamos que amplies a informa\u00e7\u00e3o adicional e detalhada na nossa <a href=\"https:\/\/mcrtecresa.com\/pt\/politica-de-privacidade\">Pol\u00edtica de Privacidade<\/a><u>.<\/u><\/span>[\/vc_column_text][\/vc_column][\/vc_row]<\/p>\n<\/div>","protected":false},"excerpt":{"rendered":"<p>[vc_row][vc_column][vc_column_text] [\/vc_column_text][\/vc_column][\/vc_row][vc_row full_width=&#8221;stretch_row&#8221;][vc_column][vc_row_inner][vc_column_inner width=&#8221;2\/3&#8243;][vc_column_text css_animation=&#8221;bottom-to-top&#8221; css=&#8221;&#8221;] Tecwool\u00ae T \u00e9 uma argamassa ign\u00edfuga projetada de l\u00e3 de rocha e cimento fabricada pela mcr tecresa\u00ae e que se revela a solu\u00e7\u00e3o construtiva&#8230;<\/p>\n","protected":false},"author":2,"featured_media":0,"parent":45461,"menu_order":0,"comment_status":"closed","ping_status":"closed","template":"","meta":{"footnotes":""},"class_list":["post-45717","page","type-page","status-publish","hentry"],"yoast_head":"<!-- This site is optimized with the Yoast SEO plugin v27.4 - https:\/\/yoast.com\/product\/yoast-seo-wordpress\/ -->\n<title>Argamassa para isolamento t\u00e9rmico e ign\u00edfugo de fachadas - Tecwool\u00ae T<\/title>\n<meta name=\"description\" content=\"Argamassa para isolamento t\u00e9rmico e ign\u00edfugo de fahcadas. Adapta-se uma grande variedade de suportes. N\u00e3o se fissura nem se racham ...\" \/>\n<meta name=\"robots\" content=\"index, follow, max-snippet:-1, max-image-preview:large, max-video-preview:-1\" \/>\n<link rel=\"canonical\" href=\"https:\/\/mcrtecresa.com\/pt\/argamassas-tecwool\/tecwool-t\" \/>\n<meta property=\"og:locale\" content=\"pt_PT\" \/>\n<meta property=\"og:type\" content=\"article\" \/>\n<meta property=\"og:title\" content=\"Argamassa para isolamento t\u00e9rmico e ign\u00edfugo de fachadas - Tecwool\u00ae T\" \/>\n<meta property=\"og:description\" content=\"Argamassa para isolamento t\u00e9rmico e ign\u00edfugo de fahcadas. Adapta-se uma grande variedade de suportes. N\u00e3o se fissura nem se racham ...\" \/>\n<meta property=\"og:url\" content=\"https:\/\/mcrtecresa.com\/pt\/argamassas-tecwool\/tecwool-t\" \/>\n<meta property=\"og:site_name\" content=\"Mcr Tecresa\" \/>\n<meta property=\"article:modified_time\" content=\"2025-10-13T13:50:14+00:00\" \/>\n<meta property=\"og:image\" content=\"https:\/\/mcrtecresa.com\/wp-content\/uploads\/2025\/07\/Logo-Original-1.png\" \/>\n\t<meta property=\"og:image:width\" content=\"195\" \/>\n\t<meta property=\"og:image:height\" content=\"46\" \/>\n\t<meta property=\"og:image:type\" content=\"image\/png\" \/>\n<meta name=\"twitter:card\" content=\"summary_large_image\" \/>\n<meta name=\"twitter:label1\" content=\"Est. reading time\" \/>\n\t<meta name=\"twitter:data1\" content=\"2 minutes\" \/>\n<script type=\"application\/ld+json\" class=\"yoast-schema-graph\">{\"@context\":\"https:\\\/\\\/schema.org\",\"@graph\":[{\"@type\":\"WebPage\",\"@id\":\"https:\\\/\\\/mcrtecresa.com\\\/pt\\\/argamassas-tecwool\\\/tecwool-t\",\"url\":\"https:\\\/\\\/mcrtecresa.com\\\/pt\\\/argamassas-tecwool\\\/tecwool-t\",\"name\":\"Argamassa para isolamento t\u00e9rmico e ign\u00edfugo de fachadas - Tecwool\u00ae T\",\"isPartOf\":{\"@id\":\"https:\\\/\\\/mcrtecresa.com\\\/#website\"},\"datePublished\":\"2018-02-09T19:33:41+00:00\",\"dateModified\":\"2025-10-13T13:50:14+00:00\",\"description\":\"Argamassa para isolamento t\u00e9rmico e ign\u00edfugo de fahcadas. Adapta-se uma grande variedade de suportes. N\u00e3o se fissura nem se racham ...\",\"breadcrumb\":{\"@id\":\"https:\\\/\\\/mcrtecresa.com\\\/pt\\\/argamassas-tecwool\\\/tecwool-t#breadcrumb\"},\"inLanguage\":\"pt\",\"potentialAction\":[{\"@type\":\"ReadAction\",\"target\":[\"https:\\\/\\\/mcrtecresa.com\\\/pt\\\/argamassas-tecwool\\\/tecwool-t\"]}]},{\"@type\":\"BreadcrumbList\",\"@id\":\"https:\\\/\\\/mcrtecresa.com\\\/pt\\\/argamassas-tecwool\\\/tecwool-t#breadcrumb\",\"itemListElement\":[{\"@type\":\"ListItem\",\"position\":1,\"name\":\"mcr tecresa\u00ae\",\"item\":\"https:\\\/\\\/mcrtecresa.com\\\/pt\"},{\"@type\":\"ListItem\",\"position\":2,\"name\":\"Argamassas Tecwool\",\"item\":\"https:\\\/\\\/mcrtecresa.com\\\/pt\\\/argamassas-tecwool\"},{\"@type\":\"ListItem\",\"position\":3,\"name\":\"Argamassa Tecwool T\"}]},{\"@type\":\"WebSite\",\"@id\":\"https:\\\/\\\/mcrtecresa.com\\\/#website\",\"url\":\"https:\\\/\\\/mcrtecresa.com\\\/\",\"name\":\"Mcr Tecresa\",\"description\":\"Empresa l\u00edder en protecci\u00f3n pasiva contra incendios\",\"publisher\":{\"@id\":\"https:\\\/\\\/mcrtecresa.com\\\/#organization\"},\"alternateName\":\"Protecci\u00f3n Pasiva Contra Incendios\",\"potentialAction\":[{\"@type\":\"SearchAction\",\"target\":{\"@type\":\"EntryPoint\",\"urlTemplate\":\"https:\\\/\\\/mcrtecresa.com\\\/?s={search_term_string}\"},\"query-input\":{\"@type\":\"PropertyValueSpecification\",\"valueRequired\":true,\"valueName\":\"search_term_string\"}}],\"inLanguage\":\"pt\"},{\"@type\":\"Organization\",\"@id\":\"https:\\\/\\\/mcrtecresa.com\\\/#organization\",\"name\":\"Mcr Tecresa\",\"url\":\"https:\\\/\\\/mcrtecresa.com\\\/\",\"logo\":{\"@type\":\"ImageObject\",\"inLanguage\":\"pt\",\"@id\":\"https:\\\/\\\/mcrtecresa.com\\\/#\\\/schema\\\/logo\\\/image\\\/\",\"url\":\"https:\\\/\\\/mcrtecresa.com\\\/wp-content\\\/uploads\\\/2025\\\/07\\\/Logo-Original-1.png\",\"contentUrl\":\"https:\\\/\\\/mcrtecresa.com\\\/wp-content\\\/uploads\\\/2025\\\/07\\\/Logo-Original-1.png\",\"width\":195,\"height\":46,\"caption\":\"Mcr Tecresa\"},\"image\":{\"@id\":\"https:\\\/\\\/mcrtecresa.com\\\/#\\\/schema\\\/logo\\\/image\\\/\"},\"sameAs\":[\"https:\\\/\\\/www.linkedin.com\\\/company\\\/mcrtecresa\",\"https:\\\/\\\/www.youtube.com\\\/@Mcrtecresa\"]}]}<\/script>\n<!-- \/ Yoast SEO plugin. -->","yoast_head_json":{"title":"Argamassa para isolamento t\u00e9rmico e ign\u00edfugo de fachadas - Tecwool\u00ae T","description":"Argamassa para isolamento t\u00e9rmico e ign\u00edfugo de fahcadas. Adapta-se uma grande variedade de suportes. N\u00e3o se fissura nem se racham ...","robots":{"index":"index","follow":"follow","max-snippet":"max-snippet:-1","max-image-preview":"max-image-preview:large","max-video-preview":"max-video-preview:-1"},"canonical":"https:\/\/mcrtecresa.com\/pt\/argamassas-tecwool\/tecwool-t","og_locale":"pt_PT","og_type":"article","og_title":"Argamassa para isolamento t\u00e9rmico e ign\u00edfugo de fachadas - Tecwool\u00ae T","og_description":"Argamassa para isolamento t\u00e9rmico e ign\u00edfugo de fahcadas. Adapta-se uma grande variedade de suportes. N\u00e3o se fissura nem se racham ...","og_url":"https:\/\/mcrtecresa.com\/pt\/argamassas-tecwool\/tecwool-t","og_site_name":"Mcr Tecresa","article_modified_time":"2025-10-13T13:50:14+00:00","og_image":[{"width":195,"height":46,"url":"https:\/\/mcrtecresa.com\/wp-content\/uploads\/2025\/07\/Logo-Original-1.png","type":"image\/png"}],"twitter_card":"summary_large_image","twitter_misc":{"Est. reading time":"2 minutes"},"schema":{"@context":"https:\/\/schema.org","@graph":[{"@type":"WebPage","@id":"https:\/\/mcrtecresa.com\/pt\/argamassas-tecwool\/tecwool-t","url":"https:\/\/mcrtecresa.com\/pt\/argamassas-tecwool\/tecwool-t","name":"Argamassa para isolamento t\u00e9rmico e ign\u00edfugo de fachadas - Tecwool\u00ae T","isPartOf":{"@id":"https:\/\/mcrtecresa.com\/#website"},"datePublished":"2018-02-09T19:33:41+00:00","dateModified":"2025-10-13T13:50:14+00:00","description":"Argamassa para isolamento t\u00e9rmico e ign\u00edfugo de fahcadas. Adapta-se uma grande variedade de suportes. N\u00e3o se fissura nem se racham ...","breadcrumb":{"@id":"https:\/\/mcrtecresa.com\/pt\/argamassas-tecwool\/tecwool-t#breadcrumb"},"inLanguage":"pt","potentialAction":[{"@type":"ReadAction","target":["https:\/\/mcrtecresa.com\/pt\/argamassas-tecwool\/tecwool-t"]}]},{"@type":"BreadcrumbList","@id":"https:\/\/mcrtecresa.com\/pt\/argamassas-tecwool\/tecwool-t#breadcrumb","itemListElement":[{"@type":"ListItem","position":1,"name":"mcr tecresa\u00ae","item":"https:\/\/mcrtecresa.com\/pt"},{"@type":"ListItem","position":2,"name":"Argamassas Tecwool","item":"https:\/\/mcrtecresa.com\/pt\/argamassas-tecwool"},{"@type":"ListItem","position":3,"name":"Argamassa Tecwool T"}]},{"@type":"WebSite","@id":"https:\/\/mcrtecresa.com\/#website","url":"https:\/\/mcrtecresa.com\/","name":"Mcr Tecresa","description":"Empresa l\u00edder en protecci\u00f3n pasiva contra incendios","publisher":{"@id":"https:\/\/mcrtecresa.com\/#organization"},"alternateName":"Protecci\u00f3n Pasiva Contra Incendios","potentialAction":[{"@type":"SearchAction","target":{"@type":"EntryPoint","urlTemplate":"https:\/\/mcrtecresa.com\/?s={search_term_string}"},"query-input":{"@type":"PropertyValueSpecification","valueRequired":true,"valueName":"search_term_string"}}],"inLanguage":"pt"},{"@type":"Organization","@id":"https:\/\/mcrtecresa.com\/#organization","name":"Mcr Tecresa","url":"https:\/\/mcrtecresa.com\/","logo":{"@type":"ImageObject","inLanguage":"pt","@id":"https:\/\/mcrtecresa.com\/#\/schema\/logo\/image\/","url":"https:\/\/mcrtecresa.com\/wp-content\/uploads\/2025\/07\/Logo-Original-1.png","contentUrl":"https:\/\/mcrtecresa.com\/wp-content\/uploads\/2025\/07\/Logo-Original-1.png","width":195,"height":46,"caption":"Mcr Tecresa"},"image":{"@id":"https:\/\/mcrtecresa.com\/#\/schema\/logo\/image\/"},"sameAs":["https:\/\/www.linkedin.com\/company\/mcrtecresa","https:\/\/www.youtube.com\/@Mcrtecresa"]}]}},"_links":{"self":[{"href":"https:\/\/mcrtecresa.com\/pt\/wp-json\/wp\/v2\/pages\/45717","targetHints":{"allow":["GET"]}}],"collection":[{"href":"https:\/\/mcrtecresa.com\/pt\/wp-json\/wp\/v2\/pages"}],"about":[{"href":"https:\/\/mcrtecresa.com\/pt\/wp-json\/wp\/v2\/types\/page"}],"author":[{"embeddable":true,"href":"https:\/\/mcrtecresa.com\/pt\/wp-json\/wp\/v2\/users\/2"}],"replies":[{"embeddable":true,"href":"https:\/\/mcrtecresa.com\/pt\/wp-json\/wp\/v2\/comments?post=45717"}],"version-history":[{"count":0,"href":"https:\/\/mcrtecresa.com\/pt\/wp-json\/wp\/v2\/pages\/45717\/revisions"}],"up":[{"embeddable":true,"href":"https:\/\/mcrtecresa.com\/pt\/wp-json\/wp\/v2\/pages\/45461"}],"wp:attachment":[{"href":"https:\/\/mcrtecresa.com\/pt\/wp-json\/wp\/v2\/media?parent=45717"}],"curies":[{"name":"wp","href":"https:\/\/api.w.org\/{rel}","templated":true}]}}