{"id":59243,"date":"2022-05-26T13:29:37","date_gmt":"2022-05-26T11:29:37","guid":{"rendered":"https:\/\/mcrtecresa.com\/?page_id=59243"},"modified":"2025-09-24T12:27:31","modified_gmt":"2025-09-24T10:27:31","slug":"protection-de-dalles-mixtes","status":"publish","type":"page","link":"https:\/\/mcrtecresa.com\/fr\/mortier-tecplaster\/protection-de-dalles-mixtes","title":{"rendered":"Tecplaster\u00ae &#8211; Protection de Dalles Mixtes"},"content":{"rendered":"<div class=\"wpb-content-wrapper\"><p>[vc_row][vc_column][vc_column_text]<\/p>\n<pre><code class=\"html hljs xml\"><span><span><a href=\"https:\/\/mcrtecresa.com\/fr\">mcr tecresa\u00ae<\/a><\/span><\/span><\/code><\/pre>\n<p>[\/vc_column_text][vc_empty_space height=\u00a0\u00bb10px\u00a0\u00bb][\/vc_column][\/vc_row][vc_row][vc_column]<div class=\"mgt-header-block clearfix text-left text-black wpb_animate_when_almost_visible wpb_top-to-bottom wpb_content_element  mgt-header-block-style-2 mgt-header-texttransform-none  vc_custom_1653551120243\"><h2 class=\"mgt-header-block-title\">Solutions Constructives Tecplaster\u00ae<\/h2><div class=\"mgt-header-line\"><\/div><\/div>[vc_empty_space height=\u00a0\u00bb20px\u00a0\u00bb el_class=\u00a0\u00bbvc_hidden-sm vc_hidden-xs\u00a0\u00bb][\/vc_column][\/vc_row][vc_row][vc_column][vc_row_inner][vc_column_inner width=\u00a0\u00bb1\/4&Prime;][vc_btn title=\u00a0\u00bbProtection des \u00e9l\u00e9ments en acier, en b\u00e9ton, et en bois membrane Tecplaster\u00a0\u00bb style=\u00a0\u00bboutline-custom\u00a0\u00bb outline_custom_color=\u00a0\u00bb#e42413&Prime; outline_custom_hover_background=\u00a0\u00bb#e42413&Prime; outline_custom_hover_text=\u00a0\u00bb#ffffff\u00a0\u00bb shape=\u00a0\u00bbround\u00a0\u00bb size=\u00a0\u00bbsm\u00a0\u00bb align=\u00a0\u00bbcenter\u00a0\u00bb button_block=\u00a0\u00bbtrue\u00a0\u00bb link=\u00a0\u00bburl:https%3A%2F%2Fmcrtecresa.com%2Ffr%2Fmortier-tecplaster%2Facier-beton-bois-membrane\u00a0\u00bb][\/vc_column_inner][vc_column_inner width=\u00a0\u00bb1\/4&Prime;][vc_btn title=\u00a0\u00bbProtection de dalles mixtes\u00a0\u00bb style=\u00a0\u00bbcustom\u00a0\u00bb custom_background=\u00a0\u00bb#e42413&Prime; custom_text=\u00a0\u00bb#ffffff\u00a0\u00bb shape=\u00a0\u00bbround\u00a0\u00bb size=\u00a0\u00bbsm\u00a0\u00bb align=\u00a0\u00bbcenter\u00a0\u00bb button_block=\u00a0\u00bbtrue\u00a0\u00bb link=\u00a0\u00bburl:%23&Prime;][\/vc_column_inner][vc_column_inner width=\u00a0\u00bb1\/4&Prime;][\/vc_column_inner][vc_column_inner width=\u00a0\u00bb1\/4&Prime;][\/vc_column_inner][\/vc_row_inner][vc_empty_space height=\u00a0\u00bb50px\u00a0\u00bb el_class=\u00a0\u00bbvc_hidden-sm vc_hidden-xs\u00a0\u00bb][\/vc_column][\/vc_row][vc_row][vc_column]<div class=\"mgt-header-block clearfix text-left text-black wpb_animate_when_almost_visible wpb_top-to-bottom wpb_content_element  mgt-header-block-style-2 mgt-header-texttransform-none  vc_custom_1653551214491\"><h1 class=\"mgt-header-block-title\">Tecplaster\u00ae - Protection de Dalles Mixtes<\/h1><div class=\"mgt-header-line\"><\/div><\/div>[vc_row_inner][vc_column_inner width=\u00a0\u00bb2\/3&Prime;][vc_column_text css=\u00a0\u00bb\u00a0\u00bb]<\/p>\n<p style=\"text-align: justify;\">Les dalles mixtes en b\u00e9ton et t\u00f4le d\u2019acier ont \u00e9t\u00e9 d\u00e9velopp\u00e9es au milieu du si\u00e8cle dernier afin d\u2019am\u00e9liorer la construction des gratte-ciels aux \u00c9tats-Unis. En effet, elles b\u00e9n\u00e9ficient d\u2019une grande vitesse d\u2019ex\u00e9cution sans besoin d\u2019\u00e9taiement, un bord plus fin, et une meilleure relation R\u00e9sistance\/Poids qu\u2019une dalle classique. Tous ces avantages les rendent id\u00e9ales pour une utilisation dans la construction de b\u00e2timents industriels, de bureaux et de b\u00e2timents modulaires, ainsi que dans les travaux de r\u00e9novation.<\/p>\n<p style=\"text-align: justify;\">Au moment de calculer l\u2019\u00e9paisseur de protection n\u00e9cessaire, ce type de dalle est<br \/>\nsouvent trait\u00e9 comme s\u2019il s\u2019agissait d\u2019une simple dalle en b\u00e9ton. Ce n\u2019est pourtant pas correct. La principale diff\u00e9rence r\u00e9side dans le fait que ce type d\u2019\u00e9l\u00e9ment m\u00e9tallique de grande surface et de faible \u00e9paisseur a une temp\u00e9rature critique de 350\u00b0C, alors pour les dalles en b\u00e9ton classique la temp\u00e9rature critique est de 500\u00baC.<\/p>\n<p style=\"text-align: justify;\">Le d\u00e9partement R&amp;D de <strong>mcr tecresa<sup>\u00ae<\/sup><\/strong>\u00a0a d\u00e9velopp\u00e9 une nouvelle solution \u00e0 base de notre mortier Tecplaster\u00ae en passant le test de \u00ab Protection des dalles mixtes \u00bb selon la norme UNE EN 13381-5. Le test nous a donn\u00e9 un excellent r\u00e9sultat en termes d\u2019\u00e9paisseur, tout en atteignant plus de 240 minutes de protection incendie.<\/p>\n<p>[\/vc_column_text][\/vc_column_inner][vc_column_inner width=\u00a0\u00bb1\/3&Prime;][vc_single_image image=\u00a0\u00bb55776&Prime; img_size=\u00a0\u00bbfull\u00a0\u00bb alignment=\u00a0\u00bbcenter\u00a0\u00bb style=\u00a0\u00bbvc_box_rounded\u00a0\u00bb onclick=\u00a0\u00bblink_image\u00a0\u00bb css=\u00a0\u00bb.vc_custom_1653484285072{margin-top: 3rem !important;}\u00a0\u00bb][\/vc_column_inner][\/vc_row_inner][vc_empty_space height=\u00a0\u00bb40px\u00a0\u00bb][\/vc_column][\/vc_row][vc_row][vc_column width=\u00a0\u00bb1\/2&Prime; el_class=\u00a0\u00bbbordersolution\u00a0\u00bb][vc_empty_space height=\u00a0\u00bb15px\u00a0\u00bb][vc_single_image image=\u00a0\u00bb6764&Prime; img_size=\u00a0\u00bblarge\u00a0\u00bb alignment=\u00a0\u00bbcenter\u00a0\u00bb onclick=\u00a0\u00bblink_image\u00a0\u00bb][vc_row_inner css=\u00a0\u00bb.vc_custom_1519682527087{padding-right: 3rem !important;padding-left: 3rem !important;}\u00a0\u00bb][vc_column_inner width=\u00a0\u00bb1\/2&Prime;]<div class=\"mgt-header-block clearfix text-left text-black wpb_content_element  mgt-header-block-style-1 mgt-header-texttransform-header \"><h2 class=\"mgt-header-block-title\"><\/h2><p class=\"mgt-header-block-subtitle\">Test<\/p><div class=\"mgt-header-line\"><\/div><\/div>[vc_column_text]<b>Norme<\/b>: UNE EN 13381-5<br \/>\n<b>Laboratoire<\/b>: Tecnalia.<br \/>\n<b>N\u00ba test<\/b>: 081265-002-2[\/vc_column_text][\/vc_column_inner][vc_column_inner width=\u00a0\u00bb1\/2&Prime;]<div class=\"mgt-header-block clearfix text-left text-black wpb_content_element  mgt-header-block-style-1 mgt-header-texttransform-header \"><h2 class=\"mgt-header-block-title\"><\/h2><p class=\"mgt-header-block-subtitle\">Solution<\/p><div class=\"mgt-header-line\"><\/div><\/div>[vc_column_text]<span style=\"color: #ff0000;\"><strong>1<\/strong>.<\/span> Dalle en b\u00e9ton.<\/p>\n<p><span style=\"color: #ff0000;\"><strong>2<\/strong>.<\/span> T\u00f4te d\u00b4acier.<\/p>\n<p><span style=\"color: #ff0000;\"><strong>3<\/strong>.<\/span> <strong>Mortier<\/strong> <strong>Tecplaster<sup>\u00ae<\/sup>.<\/strong>[\/vc_column_text][\/vc_column_inner][\/vc_row_inner][\/vc_column][vc_column width=\u00a0\u00bb1\/2&Prime; css=\u00a0\u00bb.vc_custom_1519682712284{padding-left: 2rem !important;}\u00a0\u00bb]<div class=\"mgt-header-block clearfix text-left text-black wpb_animate_when_almost_visible wpb_top-to-bottom wpb_content_element  mgt-header-block-style-2 mgt-header-texttransform-none  vc_custom_1653551437468\"><h2 class=\"mgt-header-block-title\">Application<\/h2><div class=\"mgt-header-line\"><\/div><\/div>[vc_column_text]<\/p>\n<p style=\"text-align: justify;\">Le <strong>mortier Tecplaster<sup>\u00ae<\/sup><\/strong> s\u2019applique g\u00e9n\u00e9ralement au moyen de machines \u00e0 projeter, avec une pompe et par voie humide. Pour une application manuelle, dans certains cas, il est conseill\u00e9 de placer au pr\u00e9alable un treillis m\u00e9tallique d\u00e9ploy\u00e9 et fix\u00e9 ad\u00e9quatement \u00e0 la surface.<\/p>\n<p style=\"text-align: justify;\">Pr\u00e9paration du <strong>mortier Tecplaster<sup>\u00ae<\/sup><\/strong>: Ajouter de l\u2019eau au mortier dans un rapport approximatif de 1 kg de mortier sec + 1 litre d\u2019eau. Le rapport entre l\u2019eau et le <strong>mortier Tecplaster<sup>\u00ae<\/sup><\/strong>\u00a0variera l\u00e9g\u00e8rement en fonction de la consistance souhait\u00e9e.<\/p>\n<p style=\"text-align: justify;\">Pr\u00e9paration de la surface: elle doit \u00eatre propre, sans traces de graisse, sans poussi\u00e8re et autres \u00e9l\u00e9ments d\u00e9sagr\u00e9g\u00e9s. Les surfaces m\u00e9talliques doivent \u00eatre<br \/>\ntrait\u00e9e \u00e0 l\u2019aide d\u2019une couche primaire.<\/p>\n<p style=\"text-align: justify;\">La finition du <strong>mortier Tecplaster<sup>\u00ae<\/sup><\/strong> est g\u00e9n\u00e9ralement rugueuse mais elle peut \u00e9galement \u00eatre lisse. Il est aussi possible de peindre directement sur le mortier pour obtenir une finition personnalis\u00e9e.<\/p>\n<p style=\"text-align: justify;\">Le <strong>mortier Tecplaster<sup>\u00ae<\/sup><\/strong> s\u2019applique en int\u00e9rieur. L\u2019atmosph\u00e8re doit \u00eatre entre 5 \u00baC et 40 \u00baC avec une faible humidit\u00e9 relative.<\/p>\n<p style=\"text-align: justify;\">Le <strong>mortier Tecplaster<sup>\u00ae<\/sup><\/strong> doit \u00eatre stock\u00e9 sur des surfaces planes et jamais \u00e0 l\u2019ext\u00e9rieur. Il doit \u00eatre \u00e0 l\u2019abri de la lumi\u00e8re du soleil et de l\u2019humidit\u00e9.<\/p>\n<p>[\/vc_column_text][\/vc_column][\/vc_row][vc_row][vc_column][vc_empty_space height=\u00a0\u00bb50px\u00a0\u00bb]<div class=\"mgt-header-block clearfix text-left text-black wpb_animate_when_almost_visible wpb_top-to-bottom wpb_content_element  mgt-header-block-style-2 mgt-header-texttransform-none  vc_custom_1653552564785\"><h2 class=\"mgt-header-block-title\">Documentation<\/h2><div class=\"mgt-header-line\"><\/div><\/div>[vc_row_inner][vc_column_inner width=\u00a0\u00bb1\/3&Prime;][vc_raw_html]JTNDZGl2JTIwY2xhc3MlM0QlMjJ3aWRnZXQtZG93bmxvYWQtbGluay13cmFwcGVyJTIyJTNFJTBBJTNDZGl2JTIwY2xhc3MlM0QlMjJ3aWRnZXQtZG93bmxvYWQtaWNvbiUyMiUzRSUzQ2klMjBjbGFzcyUzRCUyMmZhJTIwZmEtZmlsZS1wZGYtbyUyMiUzRSUzQyUyRmklM0UlMEElM0MlMkZkaXYlM0UlMEElM0NkaXYlMjBjbGFzcyUzRCUyMndpZGdldC1kb3dubG9hZC1kZXRhaWxzJTIyJTNFJTBBJTNDZGl2JTIwY2xhc3MlM0QlMjJ3aWRnZXQtZG93bmxvYWQtdGl0bGUlMjIlM0UlM0NzcGFuJTIwY2xhc3MlM0QlMjJkb2N1bWVudG8tcGRmJTIyJTIwb25jbGljayUzRCUyMnNldExvY2F0aW9uJTI4JTI3RkRTLXRlY3BsYXN0ZXItcHJvdGVjdGlvbi1kZS1kYWxsZXMtbWl4dGVzLUZSJTI3JTI5JTIyJTNFRmljaGUlMjB0JUMzJUE5bCVDMyVBOWNoYXJnZWFibGUlMjBkZSUyMGxhJTIwc29sdXRpb24lM0MlMkZzcGFuJTNFJTNDJTJGZGl2JTNFJTBBJTNDZGl2JTIwY2xhc3MlM0QlMjJ3aWRnZXQtZG93bmxvYWQtc3VidGl0bGUlMjIlM0U1MTUlMjBLYiUyQyUyMFBERiUzQyUyRmRpdiUzRSUwQSUzQyUyRmRpdiUzRSUwQSUzQyUyRmRpdiUzRSUwQQ==[\/vc_raw_html][\/vc_column_inner][vc_column_inner width=\u00a0\u00bb1\/3&Prime;][\/vc_column_inner][vc_column_inner width=\u00a0\u00bb1\/3&Prime;][\/vc_column_inner][\/vc_row_inner][vc_empty_space height=\u00a0\u00bb20px\u00a0\u00bb el_class=\u00a0\u00bbvc_hidden-sm vc_hidden-xs\u00a0\u00bb][\/vc_column][\/vc_row][vc_row][vc_column]<style scoped='scoped'>.mgt-promo-block-79292048663.mgt-promo-block.darken .mgt-promo-block-content {background-color: rgba(10,10,10,0.63)!important;}.mgt-promo-block-79292048663.mgt-promo-block.animated:hover .mgt-promo-block-content {background-color: rgba(68,0,0,0.61)!important;}<\/style><div class=\"mgt-promo-block animated white-text cover-image text-size-normal darken mgt-promo-block-79292048663 wpb_content_element wpb_animate_when_almost_visible wpb_left-to-right\" data-style=\"background-color: #bababa;width: 100%; height: 200px;\"><div class=\"mgt-promo-block-content\"><div class=\"mgt-promo-block-content-inside vc_custom_1653552862137\">\n<h2>Avez-vous des questions?<\/h2>\n<div class=\"mgt-button-wrapper mgt-button-wrapper-align-left mgt-button-wrapper-display-newline mgt-button-top-margin-enable\"><a class=\"btn hvr-icon-wobble-horizontal mgt-button mgt-style-solid-invert mgt-size-normal mgt-align-left mgt-display-newline mgt-text-size-small mgt-button-icon-position-right mgt-text-transform-uppercase \" href=\"https:\/\/mcrtecresa.com\/fr\/contact\">Contact Us<i class=\"fa fa-arrow-right\"><\/i><\/a><\/div><\/div><\/div><\/div>[\/vc_column][\/vc_row][vc_row][vc_column]<div class=\"mgt-header-block clearfix text-left text-black wpb_content_element  mgt-header-block-style-1 mgt-header-texttransform-header \"><h2 class=\"mgt-header-block-title\">EN SAVOUR PLUS...<\/h2><p class=\"mgt-header-block-subtitle\">Protection de dalles mixtes avec:<\/p><div class=\"mgt-header-line\"><\/div><\/div>[\/vc_column][\/vc_row][vc_row][vc_column width=\u00a0\u00bb1\/3&Prime;][vc_btn title=\u00a0\u00bbMortier Tecwool\u00ae F\u00a0\u00bb style=\u00a0\u00bboutline-custom\u00a0\u00bb outline_custom_color=\u00a0\u00bb#000000&Prime; outline_custom_hover_background=\u00a0\u00bb#e42413&Prime; outline_custom_hover_text=\u00a0\u00bb#ffffff\u00a0\u00bb shape=\u00a0\u00bbround\u00a0\u00bb size=\u00a0\u00bbsm\u00a0\u00bb align=\u00a0\u00bbcenter\u00a0\u00bb button_block=\u00a0\u00bbtrue\u00a0\u00bb link=\u00a0\u00bburl:https%3A%2F%2Fmcrtecresa.com%2Ffr%2Fmortiers-tecwool%2Ftecwool-f%2Fprotection-des-elements-mixtes-en-beton-tole-d-acier-profilee\u00a0\u00bb][\/vc_column][vc_column width=\u00a0\u00bb1\/3&Prime;][\/vc_column][vc_column width=\u00a0\u00bb1\/3&Prime;][\/vc_column][\/vc_row]<\/p>\n<\/div>","protected":false},"excerpt":{"rendered":"<p>[vc_row][vc_column][vc_column_text] [\/vc_column_text][vc_empty_space height=\u00a0\u00bb10px\u00a0\u00bb][\/vc_column][\/vc_row][vc_row][vc_column][vc_empty_space height=\u00a0\u00bb20px\u00a0\u00bb el_class=\u00a0\u00bbvc_hidden-sm vc_hidden-xs\u00a0\u00bb][\/vc_column][\/vc_row][vc_row][vc_column][vc_row_inner][vc_column_inner width=\u00a0\u00bb1\/4&Prime;][vc_btn title=\u00a0\u00bbProtection des \u00e9l\u00e9ments en acier, en b\u00e9ton, et en bois membrane Tecplaster\u00a0\u00bb style=\u00a0\u00bboutline-custom\u00a0\u00bb outline_custom_color=\u00a0\u00bb#e42413&Prime; outline_custom_hover_background=\u00a0\u00bb#e42413&Prime; outline_custom_hover_text=\u00a0\u00bb#ffffff\u00a0\u00bb shape=\u00a0\u00bbround\u00a0\u00bb size=\u00a0\u00bbsm\u00a0\u00bb align=\u00a0\u00bbcenter\u00a0\u00bb button_block=\u00a0\u00bbtrue\u00a0\u00bb link=\u00a0\u00bburl:https%3A%2F%2Fmcrtecresa.com%2Ffr%2Fmortier-tecplaster%2Facier-beton-bois-membrane\u00a0\u00bb][\/vc_column_inner][vc_column_inner width=\u00a0\u00bb1\/4&Prime;][vc_btn title=\u00a0\u00bbProtection&#8230;<\/p>\n","protected":false},"author":2,"featured_media":0,"parent":52927,"menu_order":0,"comment_status":"closed","ping_status":"closed","template":"","meta":{"footnotes":""},"class_list":["post-59243","page","type-page","status-publish","hentry"],"yoast_head":"<!-- This site is optimized with the Yoast SEO plugin v27.4 - https:\/\/yoast.com\/product\/yoast-seo-wordpress\/ -->\n<title>Protection des dalles mixtes<\/title>\n<meta name=\"description\" content=\"Les dalles mixtes en b\u00e9ton et t\u00f4le d\u2019acier ont \u00e9t\u00e9 d\u00e9velopp\u00e9es au milieu du si\u00e8cle dernier afin d\u2019am\u00e9liorer la construction des ...\" \/>\n<meta name=\"robots\" content=\"index, follow, max-snippet:-1, max-image-preview:large, max-video-preview:-1\" \/>\n<link rel=\"canonical\" href=\"https:\/\/mcrtecresa.com\/fr\/mortier-tecplaster\/protection-de-dalles-mixtes\" \/>\n<meta property=\"og:locale\" content=\"fr_FR\" \/>\n<meta property=\"og:type\" content=\"article\" \/>\n<meta property=\"og:title\" content=\"Protection des dalles mixtes\" \/>\n<meta property=\"og:description\" content=\"Les dalles mixtes en b\u00e9ton et t\u00f4le d\u2019acier ont \u00e9t\u00e9 d\u00e9velopp\u00e9es au milieu du si\u00e8cle dernier afin d\u2019am\u00e9liorer la construction des ...\" \/>\n<meta property=\"og:url\" content=\"https:\/\/mcrtecresa.com\/fr\/mortier-tecplaster\/protection-de-dalles-mixtes\" \/>\n<meta property=\"og:site_name\" content=\"Mcr Tecresa\" \/>\n<meta property=\"article:modified_time\" content=\"2025-09-24T10:27:31+00:00\" \/>\n<meta property=\"og:image\" content=\"https:\/\/mcrtecresa.com\/wp-content\/uploads\/2025\/07\/Logo-Original-1.png\" \/>\n\t<meta property=\"og:image:width\" content=\"195\" \/>\n\t<meta property=\"og:image:height\" content=\"46\" \/>\n\t<meta property=\"og:image:type\" content=\"image\/png\" \/>\n<meta name=\"twitter:card\" content=\"summary_large_image\" \/>\n<meta name=\"twitter:label1\" content=\"Dur\u00e9e de lecture estim\u00e9e\" \/>\n\t<meta name=\"twitter:data1\" content=\"3 minutes\" \/>\n<script type=\"application\/ld+json\" class=\"yoast-schema-graph\">{\"@context\":\"https:\\\/\\\/schema.org\",\"@graph\":[{\"@type\":\"WebPage\",\"@id\":\"https:\\\/\\\/mcrtecresa.com\\\/fr\\\/mortier-tecplaster\\\/protection-de-dalles-mixtes\",\"url\":\"https:\\\/\\\/mcrtecresa.com\\\/fr\\\/mortier-tecplaster\\\/protection-de-dalles-mixtes\",\"name\":\"Protection des dalles mixtes\",\"isPartOf\":{\"@id\":\"https:\\\/\\\/mcrtecresa.com\\\/#website\"},\"datePublished\":\"2022-05-26T11:29:37+00:00\",\"dateModified\":\"2025-09-24T10:27:31+00:00\",\"description\":\"Les dalles mixtes en b\u00e9ton et t\u00f4le d\u2019acier ont \u00e9t\u00e9 d\u00e9velopp\u00e9es au milieu du si\u00e8cle dernier afin d\u2019am\u00e9liorer la construction des ...\",\"breadcrumb\":{\"@id\":\"https:\\\/\\\/mcrtecresa.com\\\/fr\\\/mortier-tecplaster\\\/protection-de-dalles-mixtes#breadcrumb\"},\"inLanguage\":\"fr-FR\",\"potentialAction\":[{\"@type\":\"ReadAction\",\"target\":[\"https:\\\/\\\/mcrtecresa.com\\\/fr\\\/mortier-tecplaster\\\/protection-de-dalles-mixtes\"]}]},{\"@type\":\"BreadcrumbList\",\"@id\":\"https:\\\/\\\/mcrtecresa.com\\\/fr\\\/mortier-tecplaster\\\/protection-de-dalles-mixtes#breadcrumb\",\"itemListElement\":[{\"@type\":\"ListItem\",\"position\":1,\"name\":\"mcr tecresa\u00ae\",\"item\":\"https:\\\/\\\/mcrtecresa.com\\\/fr\"},{\"@type\":\"ListItem\",\"position\":2,\"name\":\"Mortier Tecplaster\u00ae\",\"item\":\"https:\\\/\\\/mcrtecresa.com\\\/fr\\\/mortier-tecplaster\"},{\"@type\":\"ListItem\",\"position\":3,\"name\":\"Tecplaster\u00ae &#8211; Protection de Dalles Mixtes\"}]},{\"@type\":\"WebSite\",\"@id\":\"https:\\\/\\\/mcrtecresa.com\\\/#website\",\"url\":\"https:\\\/\\\/mcrtecresa.com\\\/\",\"name\":\"Mcr Tecresa\",\"description\":\"Empresa l\u00edder en protecci\u00f3n pasiva contra incendios\",\"publisher\":{\"@id\":\"https:\\\/\\\/mcrtecresa.com\\\/#organization\"},\"alternateName\":\"Protecci\u00f3n Pasiva Contra Incendios\",\"potentialAction\":[{\"@type\":\"SearchAction\",\"target\":{\"@type\":\"EntryPoint\",\"urlTemplate\":\"https:\\\/\\\/mcrtecresa.com\\\/?s={search_term_string}\"},\"query-input\":{\"@type\":\"PropertyValueSpecification\",\"valueRequired\":true,\"valueName\":\"search_term_string\"}}],\"inLanguage\":\"fr-FR\"},{\"@type\":\"Organization\",\"@id\":\"https:\\\/\\\/mcrtecresa.com\\\/#organization\",\"name\":\"Mcr Tecresa\",\"url\":\"https:\\\/\\\/mcrtecresa.com\\\/\",\"logo\":{\"@type\":\"ImageObject\",\"inLanguage\":\"fr-FR\",\"@id\":\"https:\\\/\\\/mcrtecresa.com\\\/#\\\/schema\\\/logo\\\/image\\\/\",\"url\":\"https:\\\/\\\/mcrtecresa.com\\\/wp-content\\\/uploads\\\/2025\\\/07\\\/Logo-Original-1.png\",\"contentUrl\":\"https:\\\/\\\/mcrtecresa.com\\\/wp-content\\\/uploads\\\/2025\\\/07\\\/Logo-Original-1.png\",\"width\":195,\"height\":46,\"caption\":\"Mcr Tecresa\"},\"image\":{\"@id\":\"https:\\\/\\\/mcrtecresa.com\\\/#\\\/schema\\\/logo\\\/image\\\/\"},\"sameAs\":[\"https:\\\/\\\/www.linkedin.com\\\/company\\\/mcrtecresa\",\"https:\\\/\\\/www.youtube.com\\\/@Mcrtecresa\"]}]}<\/script>\n<!-- \/ Yoast SEO plugin. -->","yoast_head_json":{"title":"Protection des dalles mixtes","description":"Les dalles mixtes en b\u00e9ton et t\u00f4le d\u2019acier ont \u00e9t\u00e9 d\u00e9velopp\u00e9es au milieu du si\u00e8cle dernier afin d\u2019am\u00e9liorer la construction des ...","robots":{"index":"index","follow":"follow","max-snippet":"max-snippet:-1","max-image-preview":"max-image-preview:large","max-video-preview":"max-video-preview:-1"},"canonical":"https:\/\/mcrtecresa.com\/fr\/mortier-tecplaster\/protection-de-dalles-mixtes","og_locale":"fr_FR","og_type":"article","og_title":"Protection des dalles mixtes","og_description":"Les dalles mixtes en b\u00e9ton et t\u00f4le d\u2019acier ont \u00e9t\u00e9 d\u00e9velopp\u00e9es au milieu du si\u00e8cle dernier afin d\u2019am\u00e9liorer la construction des ...","og_url":"https:\/\/mcrtecresa.com\/fr\/mortier-tecplaster\/protection-de-dalles-mixtes","og_site_name":"Mcr Tecresa","article_modified_time":"2025-09-24T10:27:31+00:00","og_image":[{"width":195,"height":46,"url":"https:\/\/mcrtecresa.com\/wp-content\/uploads\/2025\/07\/Logo-Original-1.png","type":"image\/png"}],"twitter_card":"summary_large_image","twitter_misc":{"Dur\u00e9e de lecture estim\u00e9e":"3 minutes"},"schema":{"@context":"https:\/\/schema.org","@graph":[{"@type":"WebPage","@id":"https:\/\/mcrtecresa.com\/fr\/mortier-tecplaster\/protection-de-dalles-mixtes","url":"https:\/\/mcrtecresa.com\/fr\/mortier-tecplaster\/protection-de-dalles-mixtes","name":"Protection des dalles mixtes","isPartOf":{"@id":"https:\/\/mcrtecresa.com\/#website"},"datePublished":"2022-05-26T11:29:37+00:00","dateModified":"2025-09-24T10:27:31+00:00","description":"Les dalles mixtes en b\u00e9ton et t\u00f4le d\u2019acier ont \u00e9t\u00e9 d\u00e9velopp\u00e9es au milieu du si\u00e8cle dernier afin d\u2019am\u00e9liorer la construction des ...","breadcrumb":{"@id":"https:\/\/mcrtecresa.com\/fr\/mortier-tecplaster\/protection-de-dalles-mixtes#breadcrumb"},"inLanguage":"fr-FR","potentialAction":[{"@type":"ReadAction","target":["https:\/\/mcrtecresa.com\/fr\/mortier-tecplaster\/protection-de-dalles-mixtes"]}]},{"@type":"BreadcrumbList","@id":"https:\/\/mcrtecresa.com\/fr\/mortier-tecplaster\/protection-de-dalles-mixtes#breadcrumb","itemListElement":[{"@type":"ListItem","position":1,"name":"mcr tecresa\u00ae","item":"https:\/\/mcrtecresa.com\/fr"},{"@type":"ListItem","position":2,"name":"Mortier Tecplaster\u00ae","item":"https:\/\/mcrtecresa.com\/fr\/mortier-tecplaster"},{"@type":"ListItem","position":3,"name":"Tecplaster\u00ae &#8211; Protection de Dalles Mixtes"}]},{"@type":"WebSite","@id":"https:\/\/mcrtecresa.com\/#website","url":"https:\/\/mcrtecresa.com\/","name":"Mcr Tecresa","description":"Empresa l\u00edder en protecci\u00f3n pasiva contra incendios","publisher":{"@id":"https:\/\/mcrtecresa.com\/#organization"},"alternateName":"Protecci\u00f3n Pasiva Contra Incendios","potentialAction":[{"@type":"SearchAction","target":{"@type":"EntryPoint","urlTemplate":"https:\/\/mcrtecresa.com\/?s={search_term_string}"},"query-input":{"@type":"PropertyValueSpecification","valueRequired":true,"valueName":"search_term_string"}}],"inLanguage":"fr-FR"},{"@type":"Organization","@id":"https:\/\/mcrtecresa.com\/#organization","name":"Mcr Tecresa","url":"https:\/\/mcrtecresa.com\/","logo":{"@type":"ImageObject","inLanguage":"fr-FR","@id":"https:\/\/mcrtecresa.com\/#\/schema\/logo\/image\/","url":"https:\/\/mcrtecresa.com\/wp-content\/uploads\/2025\/07\/Logo-Original-1.png","contentUrl":"https:\/\/mcrtecresa.com\/wp-content\/uploads\/2025\/07\/Logo-Original-1.png","width":195,"height":46,"caption":"Mcr Tecresa"},"image":{"@id":"https:\/\/mcrtecresa.com\/#\/schema\/logo\/image\/"},"sameAs":["https:\/\/www.linkedin.com\/company\/mcrtecresa","https:\/\/www.youtube.com\/@Mcrtecresa"]}]}},"_links":{"self":[{"href":"https:\/\/mcrtecresa.com\/fr\/wp-json\/wp\/v2\/pages\/59243","targetHints":{"allow":["GET"]}}],"collection":[{"href":"https:\/\/mcrtecresa.com\/fr\/wp-json\/wp\/v2\/pages"}],"about":[{"href":"https:\/\/mcrtecresa.com\/fr\/wp-json\/wp\/v2\/types\/page"}],"author":[{"embeddable":true,"href":"https:\/\/mcrtecresa.com\/fr\/wp-json\/wp\/v2\/users\/2"}],"replies":[{"embeddable":true,"href":"https:\/\/mcrtecresa.com\/fr\/wp-json\/wp\/v2\/comments?post=59243"}],"version-history":[{"count":0,"href":"https:\/\/mcrtecresa.com\/fr\/wp-json\/wp\/v2\/pages\/59243\/revisions"}],"up":[{"embeddable":true,"href":"https:\/\/mcrtecresa.com\/fr\/wp-json\/wp\/v2\/pages\/52927"}],"wp:attachment":[{"href":"https:\/\/mcrtecresa.com\/fr\/wp-json\/wp\/v2\/media?parent=59243"}],"curies":[{"name":"wp","href":"https:\/\/api.w.org\/{rel}","templated":true}]}}