{"id":55634,"date":"2018-05-10T22:08:04","date_gmt":"2018-05-10T20:08:04","guid":{"rendered":"https:\/\/mcrtecresa.com\/politica-de-privacidad"},"modified":"2025-10-14T12:38:13","modified_gmt":"2025-10-14T10:38:13","slug":"politique-de-confidentialite","status":"publish","type":"page","link":"https:\/\/mcrtecresa.com\/fr\/politique-de-confidentialite","title":{"rendered":"Politique de confidentialit\u00e9"},"content":{"rendered":"<div class=\"wpb-content-wrapper\"><p>[vc_row][vc_column][vc_column_text]<span><span><a href=\"https:\/\/mcrtecresa.com\/fr\">mcr tecresa\u00ae<\/a><\/span><\/span><\/p>\n<p>[\/vc_column_text][\/vc_column][\/vc_row][vc_row][vc_column]<div class=\"mgt-header-block clearfix text-center text-black wpb_content_element  mgt-header-block-style-1 mgt-header-texttransform-header \"><h1 class=\"mgt-header-block-title\">Politique de Confidentialit\u00e9<\/h1><div class=\"mgt-header-line\"><\/div><\/div>[\/vc_column][\/vc_row][vc_row][vc_column][vc_empty_space][\/vc_column][\/vc_row][vc_row][vc_column][vc_column_text]<\/p>\n<p style=\"text-align: justify;\"><strong>Notre politique de confidentialit\u00e9 est con\u00e7ue dans un souci de transparence par rapport au traitement des informations de nos clients et des parties int\u00e9ress\u00e9es. Par cons\u00e9quent, le pr\u00e9sent document vous offre des informations sur vos droits en tant qu\u2019utilisateur, et vous permet d\u2019identifier comment notre syst\u00e8me de gestion de la s\u00e9curit\u00e9 de l\u2019information contr\u00f4le et conserve vos donn\u00e9es.<\/strong><\/p>\n<p style=\"text-align: justify;\"><strong>\u00a0<\/strong><\/p>\n<h3>1.\u00a0\u00a0\u00a0\u00a0 Ant\u00e9c\u00e9dents<\/h3>\n<p><strong>\u00a0<\/strong><\/p>\n<p style=\"text-align: justify;\"><strong>TECRESA PROTECCI\u00d3N PASIVA, S.L.<\/strong><strong>,<\/strong> ci-apr\u00e8s, MERCORTECRESA, dont le si\u00e8ge social et l\u2019adresse professionnelle sont situ\u00e9s \u00e0 <strong>C\/ Margarita Salas 26, 28918 Legan\u00e9s (Madrid)<\/strong> est propri\u00e9taire du domaine Internet\u00a0<a href=\"https:\/\/mcrtecresa.com\/fr\">www.mcrtecresa.com<\/a>\u00a0 et responsable du traitement des donn\u00e9es personnelles fournies par les utilisateurs via ce site Web..<\/p>\n<p>MERCORTECRESA, s\u2019engage \u00e0 ce que les informations personnelles soient prot\u00e9g\u00e9es et non utilis\u00e9es \u00e0 mauvais escient.<\/p>\n<p style=\"text-align: justify;\">Dans ce document, nous expliquons qui contr\u00f4le les donn\u00e9es, dans quel but les informations personnelles seront trait\u00e9es, la l\u00e9gitimit\u00e9 du traitement, \u00e0 qui nous pouvons communiquer les informations personnelles, comment nous les recueillons, pourquoi nous les recueillons et comment nous les utilisons. Nous expliquons \u00e9galement vos droits, ainsi que les processus qui ont \u00e9t\u00e9 mis en place pour la protection de la vie priv\u00e9e.<\/p>\n<p style=\"text-align: justify;\">En nous fournissant des informations personnelles et en utilisant notre site Web, vous confirmez avoir lu et compris les termes li\u00e9s \u00e0 la protection des donn\u00e9es personnelles. MERCORTECRESA assume la responsabilit\u00e9 de se conformer \u00e0 la l\u00e9gislation en vigueur sur la protection des donn\u00e9es nationales et europ\u00e9ennes, et nous visons \u00e0 traiter les donn\u00e9es de mani\u00e8re l\u00e9gale, loyale et transparente.<\/p>\n<h3 style=\"text-align: justify;\">2.\u00a0 \u00a0 \u00a0Qui est responsable du traitement?<\/h3>\n<p>&nbsp;<\/p>\n<p style=\"text-align: justify;\">Selon la r\u00e9glementation en vigueur, c\u2019est la personne physique ou morale qui, seule ou avec d\u2019autres, d\u00e9termine les finalit\u00e9s et les moyens du traitement.<\/p>\n<p style=\"text-align: justify;\">MERCORTECRESA est responsable du traitement des informations personnelles qu\u2019elle r\u00e9alise aupr\u00e8s de ses clients.<\/p>\n<ul>\n<li>Son projet web et <a href=\"https:\/\/mcrtecresa.com\/fr\">mcrtecresa.com<\/a><\/li>\n<li>Sa d\u00e9nomination sociale est TECRESA PROTECCI\u00d3N PASIVA, S.L.<\/li>\n<li>Son CIF est ESB48983746<\/li>\n<li>Son domicile social est \u00e0 C\/Margarita Salas 26, 28919 Legan\u00e9s (Madrid)<\/li>\n<li>Son objet social est le montage et la fabrication de rev\u00eatements r\u00e9fractaires.<\/li>\n<\/ul>\n<h3 style=\"text-align: justify;\">3.\u00a0 \u00a0 \u00a0Pour quelle finalit\u00e9 recueillons-nous des renseignements personnels?<strong>\u00a0<\/strong><\/h3>\n<p style=\"text-align: justify;\"><strong>Finalit\u00e9s comprises dans la relation contractuelle\u00a0:<\/strong><\/p>\n<ul>\n<li>Pour que les int\u00e9ress\u00e9(e)s puissent r\u00e9aliser des demandes \u00e0 travers du formulaire de contact.(<a href=\"https:\/\/mcrtecresa.com\/fr?page_id=18855\">Contact<\/a>).<\/li>\n<li>Pour pr\u00e9senter tous les services et\/ou produits que nous offrons.<\/li>\n<li>Pour envoyer des promotions et du contenu \u00e0 propos de nos services.<\/li>\n<li>Pour que les int\u00e9ress\u00e9(e)s puissent pr\u00e9senter une candidature \u00e0 des offres d\u2019emploi potentielles offertes par\u00a0<strong>mercor<\/strong>\u00a0<strong><span style=\"color: #ff0000;\">tecresa<\/span><sup>\u00ae<\/sup><\/strong>.<\/li>\n<\/ul>\n<p style=\"text-align: justify;\">L\u2019Utilisateur sera le seul responsable, dans le cas o\u00f9 il remplit les formulaires avec des donn\u00e9es fausses, inexactes, incompl\u00e8tes ou p\u00e9rim\u00e9es. Toutes les donn\u00e9es fournies par l\u2019Utilisateur seront trait\u00e9es de mani\u00e8re confidentielle.<\/p>\n<h3 style=\"text-align: justify;\">4.\u00a0 \u00a0 \u00a0Quelle est la l\u00e9gitimit\u00e9 du traitement des informations personnelles?<\/h3>\n<p style=\"text-align: justify;\">Pour le traitement des informations personnelles, nous nous appuyons sur la l\u00e9gitimit\u00e9 pour plusieurs raisons :<\/p>\n<ul style=\"text-align: justify;\">\n<li>Pour le respect de notre contrat et\/ou des caract\u00e9ristiques de notre relation commerciale.<\/li>\n<li>Par un int\u00e9r\u00eat l\u00e9gitime, par exemple pour envoyer de la publicit\u00e9 li\u00e9e \u00e0 des produits ou services que vous avez d\u00e9j\u00e0 sollicit\u00e9s, ou pour g\u00e9rer d\u2019\u00e9ventuelles r\u00e9clamations qui pourraient survenir.<\/li>\n<li>Avec votre consentement implicite lors de nos communications commerciales, par exemple, pour l\u2019envoi d\u2019offres de produits et\/ou services personnalis\u00e9s et adapt\u00e9s.<\/li>\n<\/ul>\n<ul style=\"text-align: justify;\">\n<li>Pour vous contacter afin de vous inviter \u00e0 participer \u00e0 un processus de s\u00e9lection pour occuper un poste dans notre entreprise.<\/li>\n<\/ul>\n<h3 style=\"text-align: justify;\">5.\u00a0 \u00a0 \u00a0\u00c0 qui pouvons-nous communiquer vos renseignements personnels?<\/h3>\n<p style=\"text-align: justify;\">Les donn\u00e9es personnelles collect\u00e9es sur ce site Web dans les sections \u00ab <strong>CONTACT<\/strong> \u00bb et \u00ab <strong>TRAVAILLER AVEC NOUS<\/strong> \u00bb des clients, clients potentiels et\/ou candidats afin de participer \u00e0 d\u2019\u00e9ventuels processus de s\u00e9lection permis par <strong>MERCORTECRESA<\/strong>, en plus des administrations publiques, des juges et des tribunaux, concernant des responsabilit\u00e9s \u00e9ventuelles d\u00e9coulant du traitement, <strong>ne seront en aucun cas transf\u00e9r\u00e9s \u00e0 des tiers<\/strong>, \u00e0 l\u2019exception des administrations publiques, des juges et des tribunaux, concernant des responsabilit\u00e9s \u00e9ventuelles d\u00e9coulant du traitement.<\/p>\n<h3 style=\"text-align: justify;\">6.\u00a0 \u00a0 \u00a0Comment pouvez-vous exercer vos droits?<\/h3>\n<ul style=\"text-align: justify;\">\n<li>Vous avez le droit d\u2019avoir le contr\u00f4le sur les informations personnelles que nous recueillons, de cette mani\u00e8re nous nous assurons \u00e9galement qu\u2019elles sont pr\u00e9cises et exactes.Vous avez le droit d\u2019acc\u00e9der \u00e0 vos informations personnelles, ainsi que de demander la rectification de donn\u00e9es inexactes ou, le cas \u00e9ch\u00e9ant, de demander leur suppression lorsque, entre autres raisons, les donn\u00e9es ne sont plus n\u00e9cessaires aux fins pour lesquelles elles ont \u00e9t\u00e9 collect\u00e9es.\n<p>Dans certaines circonstances, et pour des raisons li\u00e9es \u00e0 votre situation particuli\u00e8re, vous pouvez vous opposer au traitement de vos donn\u00e9es. Vos informations personnelles ne seront plus trait\u00e9es aux fins pour lesquelles vous avez manifest\u00e9 votre opposition. De la m\u00eame mani\u00e8re, vous pouvez exercer le droit de limiter le traitement de vos informations personnelles, tout en demandant leur conservation.<\/p>\n<p>Dans certaines circonstances, vous pouvez demander la portabilit\u00e9 de vos donn\u00e9es \u00e0 un autre responsable de traitement.<\/p>\n<p>Les droits de limitation et de portabilit\u00e9 peuvent \u00eatre demand\u00e9s \u00e0 partir du 25 mai 2018.<\/p>\n<p>Vous pouvez exercer vos droits sans frais, et vous aurez le droit de recevoir une r\u00e9ponse dans les d\u00e9lais \u00e9tablis par la l\u00e9gislation en vigueur sur la protection des donn\u00e9es, en choisissant entre les moyens suivants :<\/li>\n<\/ul>\n<p>&nbsp;<\/p>\n<ul style=\"text-align: justify;\">\n<li>Par courrier \u00e0 l\u2019adresse C\/Margarita Salas 6, 28918 Legan\u00e9s (Madrid).<\/li>\n<li>Envoi de la demande avec une photocopie et\/ou une copie scann\u00e9e de la pi\u00e8ce d\u2019identit\u00e9 du demandeur \u00e0 l\u2019adresse e-mail: <strong><a href=\"mailto:rgpd@mcrtecresa.com\">rgpd@mcrtecresa.com<\/a><\/strong><\/li>\n<li>Vous pouvez d\u00e9poser une r\u00e9clamation aupr\u00e8s de l\u2019Agence espagnole de protection des donn\u00e9es, en particulier lorsque vous n\u2019\u00eates pas satisfait de la r\u00e9ponse de l\u2019exercice de vos droits. Pour plus de d\u00e9tails, vous pouvez consulter le site Web www.agpd.es<\/li>\n<\/ul>\n<h3 style=\"text-align: justify;\">7.\u00a0 \u00a0 \u00a0Combien de temps conservonx-nous vos donn\u00e9es personnelles?<\/h3>\n<p style=\"text-align: justify;\">Nous ne stockons vos informations personnelles que dans la mesure o\u00f9 nous en avons besoin pour pouvoir les utiliser en fonction de la finalit\u00e9 pour laquelle elles ont \u00e9t\u00e9 collect\u00e9es et de la base juridique de leur traitement conform\u00e9ment \u00e0 la loi applicable. Nous conserverons vos informations personnelles tant qu\u2019il existe une relation contractuelle et\/ou commerciale avec vous ou tant que vous n\u2019exercez pas votre droit de suppression, d\u2019annulation et\/ou de limitation du traitement de vos donn\u00e9es.<\/p>\n<p style=\"text-align: justify;\">Dans ces derniers cas, nous conserverons les informations d\u00fbment bloqu\u00e9es, sans leur donner aucune utilisation, aussi longtemps que cela puisse \u00eatre n\u00e9cessaire pour l\u2019exercice ou la d\u00e9fense de r\u00e9clamations, ou pour un certain type de responsabilit\u00e9 judiciaire, l\u00e9gale ou contractuelle pouvant d\u00e9couler de leur traitement, pour lequel leur r\u00e9cup\u00e9ration est n\u00e9cessaire. En aucun cas vos donn\u00e9es ne seront conserv\u00e9es plus de 10 ans \u00e0 compter de la fin de la relation contractuelle, p\u00e9riode de conservation obligatoire \u00e9tablie par la loi 10\/2010, du 28 avril, sur la pr\u00e9vention du blanchiment d\u2019argent et du financement du terrorisme.<\/p>\n<h3 style=\"text-align: justify;\">8.\u00a0 \u00a0 \u00a0Comment prot\u00e9geons-nous vos donn\u00e9es personnelles?<\/h3>\n<p style=\"text-align: justify;\">MERCORTECRESA dispose d\u2019un syst\u00e8me de s\u00e9curit\u00e9 de l\u2019information gr\u00e2ce auquel nous nous engageons \u00e0 prot\u00e9ger vos informations personnelles. Nous utilisons des mesures techniques et organisationnelles appropri\u00e9es pour prot\u00e9ger vos informations personnelles et votre vie priv\u00e9e, et nous r\u00e9visons ces mesures p\u00e9riodiquement. Nous prot\u00e9geons vos informations personnelles en utilisant une combinaison de contr\u00f4les de s\u00e9curit\u00e9 physiques, informatiques ou logiques, y compris des contr\u00f4les d\u2019acc\u00e8s qui restreignent et g\u00e8rent la fa\u00e7on dont vos informations personnelles et vos donn\u00e9es personnelles sont trait\u00e9es et g\u00e9r\u00e9es. Nous veillons \u00e9galement \u00e0 ce que nos employ\u00e9s soient correctement form\u00e9s pour prot\u00e9ger vos renseignements personnels.\u00a0 Les suivantes proc\u00e9dures sont mises en place;<\/p>\n<ul style=\"text-align: justify;\">\n<li><strong>Proc\u00e9dure de sauvegarde<\/strong><\/li>\n<li><strong>Proc\u00e9dure d\u2019utilisation des mots de passe et noms d\u2019utilisateur<\/strong><\/li>\n<li><strong>Proc\u00e9dure d\u2019utilisation de p\u00e9riph\u00e9riques externes<\/strong><\/li>\n<li><strong>Proc\u00e9dure d\u2019utilisation des appareils mobiles et des r\u00e9seaux sociaux<\/strong><\/li>\n<\/ul>\n<p style=\"text-align: justify;\"><strong>\u00a0<\/strong><\/p>\n<h3 style=\"text-align: justify;\"><\/h3>\n<h3 style=\"text-align: justify;\">9.\u00a0 \u00a0 Utilisation de Cookies.<\/h3>\n<p style=\"text-align: justify;\">Nous vous informons que sur le site Web, nous n\u2019utiliserons des \u00ab cookies \u00bb que lorsque le navigateur de l\u2019utilisateur nous le permet. Un \u00ab cookie \u00bb est un petit morceau de code, une sorte de balise, que les sites Web peuvent placer sur un ordinateur lorsqu\u2019ils sont visit\u00e9s et qui agit comme un identifiant qui peut \u00eatre utilis\u00e9 pour r\u00e9cup\u00e9rer des donn\u00e9es dans la base de donn\u00e9es et pour suivre la navigation sur le site Web.<\/p>\n<p style=\"text-align: justify;\">Si vous ne souhaitez pas avoir l\u2019un de nos cookies sur votre ordinateur, vous devez vous assurer que le navigateur est configur\u00e9 pour les bloquer.<\/p>\n<p style=\"text-align: justify;\">Tous les navigateurs Internet vous permettent de limiter le comportement d\u2019un cookie ou de d\u00e9sactiver les cookies dans les param\u00e8tres ou les options du navigateur. Les \u00e9tapes pour ce faire sont diff\u00e9rentes pour chaque navigateur, les instructions peuvent \u00eatre trouv\u00e9es dans le menu d\u2019aide de votre navigateur.<\/p>\n<p style=\"text-align: justify;\">Si vous n\u2019acceptez pas l\u2019utilisation de cookies, comme il est possible gr\u00e2ce aux menus de pr\u00e9f\u00e9rences ou aux param\u00e8tres de votre navigateur, ce site Web continuera \u00e0 fonctionner correctement sans les utiliser.<\/p>\n<p style=\"text-align: justify;\">Vous pouvez autoriser, bloquer ou supprimer les cookies install\u00e9s sur votre ordinateur en configurant les options du navigateur install\u00e9 sur votre ordinateur:<\/p>\n<ul style=\"text-align: justify;\">\n<li>Pour plus d\u2019informations sur <strong>Internet Explorer<\/strong>\u00a0<a href=\"https:\/\/support.microsoft.com\/es-es\/help\/17442\/windows-internet-explorer-delete-manage-cookies\">cliquez ici<\/a>\u00a0ou pour bloquer, autoriser ou supprimer les cookies\u00a0<a href=\"https:\/\/support.microsoft.com\/es-es\/help\/17442\/windows-internet-explorer-delete-manage-cookies\">cliquez ici<\/a>.<\/li>\n<li>Pour plus d\u2019informations sur <strong>Chrome\u00a0<\/strong><a href=\"https:\/\/support.google.com\/chrome\/answer\/95647?hl=es\">cliquez ici<\/a>.<\/li>\n<li><a href=\"http:\/\/support.apple.com\/kb\/HT1677?viewlocale=es_ES&amp;locale=es_ES\">Pour plus d\u2019informations sur <strong>Safari\u00a0<\/strong><\/a><a href=\"http:\/\/support.apple.com\/kb\/HT1677?viewlocale=es_ES&amp;locale=es_ES\">cliquez ici.<\/a><\/li>\n<li><a href=\"http:\/\/support.mozilla.org\/es\/kb\/habilitar-y-deshabilitar-cookies-que-los-sitios-we\">Pour plus d\u2019informations sur <strong>Firefox\u00a0<\/strong><\/a><a href=\"http:\/\/support.mozilla.org\/es\/kb\/habilitar-y-deshabilitar-cookies-que-los-sitios-we\">cliquez ici.<\/a><\/li>\n<\/ul>\n<p style=\"text-align: justify;\">Gr\u00e2ce \u00e0 votre navigateur, vous pouvez \u00e9galement afficher les cookies qui se trouvent sur votre ordinateur et les supprimer comme bon vous semble. Les cookies sont des fichiers texte, vous pouvez les ouvrir et lire le contenu. Les donn\u00e9es qu\u2019ils contiennent sont presque toujours crypt\u00e9es avec une cl\u00e9 num\u00e9rique qui correspond \u00e0 une session sur Internet, et qui n\u2019a pas de sens au-del\u00e0 de la page Web qui l\u2019a \u00e9crite.<\/p>\n<p style=\"text-align: justify;\"><strong>\u00a0<\/strong><\/p>\n<h3 style=\"text-align: justify;\">10.\u00a0 \u00a0Mise \u00e0 jour de notre Politique de Confidentialit\u00e9<\/h3>\n<p style=\"text-align: justify;\">Cette Politique de Confidentialit\u00e9 peut avoir besoin d\u2019\u00eatre mise \u00e0 jour ; par cons\u00e9quent, il est n\u00e9cessaire que vous r\u00e9visiez cette politique p\u00e9riodiquement et si possible chaque fois que vous acc\u00e9dez au site Web afin d\u2019\u00eatre correctement inform\u00e9 du type d\u2019informations collect\u00e9es et de leur traitement. Vous pouvez trouver la politique de confidentialit\u00e9 au bas du site Web. Nonobstant ce qui pr\u00e9c\u00e8de, nous vous informerons de toute modification de cette politique de confidentialit\u00e9 qui affecte le traitement de vos donn\u00e9es personnelles.<\/p>\n<p style=\"text-align: justify;\">Cette politique de confidentialit\u00e9 a \u00e9t\u00e9 mise \u00e0 jour pour la derni\u00e8re fois \u00e0 Legan\u00e9s, le 25 ao\u00fbt 2021.<\/p>\n<p>[\/vc_column_text][\/vc_column][\/vc_row]<\/p>\n<\/div>","protected":false},"excerpt":{"rendered":"<p>[vc_row][vc_column][vc_column_text] [\/vc_column_text][\/vc_column][\/vc_row][vc_row][vc_column][\/vc_column][\/vc_row][vc_row][vc_column][vc_empty_space][\/vc_column][\/vc_row][vc_row][vc_column][vc_column_text] Notre politique de confidentialit\u00e9 est con\u00e7ue dans un souci de transparence par rapport au traitement des informations de nos clients et des parties int\u00e9ress\u00e9es. Par cons\u00e9quent, le pr\u00e9sent&#8230;<\/p>\n","protected":false},"author":2,"featured_media":0,"parent":0,"menu_order":0,"comment_status":"closed","ping_status":"closed","template":"","meta":{"footnotes":""},"class_list":["post-55634","page","type-page","status-publish","hentry"],"yoast_head":"<!-- This site is optimized with the Yoast SEO plugin v27.4 - https:\/\/yoast.com\/product\/yoast-seo-wordpress\/ -->\n<title>Politique de confidentialit\u00e9 - Mcr Tecresa<\/title>\n<meta name=\"robots\" content=\"noindex, follow\" \/>\n<meta property=\"og:locale\" content=\"fr_FR\" \/>\n<meta property=\"og:type\" content=\"article\" \/>\n<meta property=\"og:title\" content=\"Politique de confidentialit\u00e9 - Mcr Tecresa\" \/>\n<meta property=\"og:description\" content=\"[vc_row][vc_column][vc_column_text] [\/vc_column_text][\/vc_column][\/vc_row][vc_row][vc_column][\/vc_column][\/vc_row][vc_row][vc_column][vc_empty_space][\/vc_column][\/vc_row][vc_row][vc_column][vc_column_text] Notre politique de confidentialit\u00e9 est con\u00e7ue dans un souci de transparence par rapport au traitement des informations de nos clients et des parties int\u00e9ress\u00e9es. Par cons\u00e9quent, le pr\u00e9sent...\" \/>\n<meta property=\"og:url\" content=\"https:\/\/mcrtecresa.com\/fr\/politique-de-confidentialite\" \/>\n<meta property=\"og:site_name\" content=\"Mcr Tecresa\" \/>\n<meta property=\"article:modified_time\" content=\"2025-10-14T10:38:13+00:00\" \/>\n<meta property=\"og:image\" content=\"https:\/\/mcrtecresa.com\/wp-content\/uploads\/2025\/07\/Logo-Original-1.png\" \/>\n\t<meta property=\"og:image:width\" content=\"195\" \/>\n\t<meta property=\"og:image:height\" content=\"46\" \/>\n\t<meta property=\"og:image:type\" content=\"image\/png\" \/>\n<meta name=\"twitter:card\" content=\"summary_large_image\" \/>\n<meta name=\"twitter:label1\" content=\"Dur\u00e9e de lecture estim\u00e9e\" \/>\n\t<meta name=\"twitter:data1\" content=\"8 minutes\" \/>\n<script type=\"application\/ld+json\" class=\"yoast-schema-graph\">{\"@context\":\"https:\\\/\\\/schema.org\",\"@graph\":[{\"@type\":\"WebPage\",\"@id\":\"https:\\\/\\\/mcrtecresa.com\\\/fr\\\/politique-de-confidentialite\",\"url\":\"https:\\\/\\\/mcrtecresa.com\\\/fr\\\/politique-de-confidentialite\",\"name\":\"Politique de confidentialit\u00e9 - Mcr Tecresa\",\"isPartOf\":{\"@id\":\"https:\\\/\\\/mcrtecresa.com\\\/#website\"},\"datePublished\":\"2018-05-10T20:08:04+00:00\",\"dateModified\":\"2025-10-14T10:38:13+00:00\",\"breadcrumb\":{\"@id\":\"https:\\\/\\\/mcrtecresa.com\\\/fr\\\/politique-de-confidentialite#breadcrumb\"},\"inLanguage\":\"fr-FR\",\"potentialAction\":[{\"@type\":\"ReadAction\",\"target\":[\"https:\\\/\\\/mcrtecresa.com\\\/fr\\\/politique-de-confidentialite\"]}]},{\"@type\":\"BreadcrumbList\",\"@id\":\"https:\\\/\\\/mcrtecresa.com\\\/fr\\\/politique-de-confidentialite#breadcrumb\",\"itemListElement\":[{\"@type\":\"ListItem\",\"position\":1,\"name\":\"mcr tecresa\u00ae\",\"item\":\"https:\\\/\\\/mcrtecresa.com\\\/fr\"},{\"@type\":\"ListItem\",\"position\":2,\"name\":\"Politique de confidentialit\u00e9\"}]},{\"@type\":\"WebSite\",\"@id\":\"https:\\\/\\\/mcrtecresa.com\\\/#website\",\"url\":\"https:\\\/\\\/mcrtecresa.com\\\/\",\"name\":\"Mcr Tecresa\",\"description\":\"Empresa l\u00edder en protecci\u00f3n pasiva contra incendios\",\"publisher\":{\"@id\":\"https:\\\/\\\/mcrtecresa.com\\\/#organization\"},\"alternateName\":\"Protecci\u00f3n Pasiva Contra Incendios\",\"potentialAction\":[{\"@type\":\"SearchAction\",\"target\":{\"@type\":\"EntryPoint\",\"urlTemplate\":\"https:\\\/\\\/mcrtecresa.com\\\/?s={search_term_string}\"},\"query-input\":{\"@type\":\"PropertyValueSpecification\",\"valueRequired\":true,\"valueName\":\"search_term_string\"}}],\"inLanguage\":\"fr-FR\"},{\"@type\":\"Organization\",\"@id\":\"https:\\\/\\\/mcrtecresa.com\\\/#organization\",\"name\":\"Mcr Tecresa\",\"url\":\"https:\\\/\\\/mcrtecresa.com\\\/\",\"logo\":{\"@type\":\"ImageObject\",\"inLanguage\":\"fr-FR\",\"@id\":\"https:\\\/\\\/mcrtecresa.com\\\/#\\\/schema\\\/logo\\\/image\\\/\",\"url\":\"https:\\\/\\\/mcrtecresa.com\\\/wp-content\\\/uploads\\\/2025\\\/07\\\/Logo-Original-1.png\",\"contentUrl\":\"https:\\\/\\\/mcrtecresa.com\\\/wp-content\\\/uploads\\\/2025\\\/07\\\/Logo-Original-1.png\",\"width\":195,\"height\":46,\"caption\":\"Mcr Tecresa\"},\"image\":{\"@id\":\"https:\\\/\\\/mcrtecresa.com\\\/#\\\/schema\\\/logo\\\/image\\\/\"},\"sameAs\":[\"https:\\\/\\\/www.linkedin.com\\\/company\\\/mcrtecresa\",\"https:\\\/\\\/www.youtube.com\\\/@Mcrtecresa\"]}]}<\/script>\n<!-- \/ Yoast SEO plugin. -->","yoast_head_json":{"title":"Politique de confidentialit\u00e9 - Mcr Tecresa","robots":{"index":"noindex","follow":"follow"},"og_locale":"fr_FR","og_type":"article","og_title":"Politique de confidentialit\u00e9 - Mcr Tecresa","og_description":"[vc_row][vc_column][vc_column_text] [\/vc_column_text][\/vc_column][\/vc_row][vc_row][vc_column][\/vc_column][\/vc_row][vc_row][vc_column][vc_empty_space][\/vc_column][\/vc_row][vc_row][vc_column][vc_column_text] Notre politique de confidentialit\u00e9 est con\u00e7ue dans un souci de transparence par rapport au traitement des informations de nos clients et des parties int\u00e9ress\u00e9es. Par cons\u00e9quent, le pr\u00e9sent...","og_url":"https:\/\/mcrtecresa.com\/fr\/politique-de-confidentialite","og_site_name":"Mcr Tecresa","article_modified_time":"2025-10-14T10:38:13+00:00","og_image":[{"width":195,"height":46,"url":"https:\/\/mcrtecresa.com\/wp-content\/uploads\/2025\/07\/Logo-Original-1.png","type":"image\/png"}],"twitter_card":"summary_large_image","twitter_misc":{"Dur\u00e9e de lecture estim\u00e9e":"8 minutes"},"schema":{"@context":"https:\/\/schema.org","@graph":[{"@type":"WebPage","@id":"https:\/\/mcrtecresa.com\/fr\/politique-de-confidentialite","url":"https:\/\/mcrtecresa.com\/fr\/politique-de-confidentialite","name":"Politique de confidentialit\u00e9 - Mcr Tecresa","isPartOf":{"@id":"https:\/\/mcrtecresa.com\/#website"},"datePublished":"2018-05-10T20:08:04+00:00","dateModified":"2025-10-14T10:38:13+00:00","breadcrumb":{"@id":"https:\/\/mcrtecresa.com\/fr\/politique-de-confidentialite#breadcrumb"},"inLanguage":"fr-FR","potentialAction":[{"@type":"ReadAction","target":["https:\/\/mcrtecresa.com\/fr\/politique-de-confidentialite"]}]},{"@type":"BreadcrumbList","@id":"https:\/\/mcrtecresa.com\/fr\/politique-de-confidentialite#breadcrumb","itemListElement":[{"@type":"ListItem","position":1,"name":"mcr tecresa\u00ae","item":"https:\/\/mcrtecresa.com\/fr"},{"@type":"ListItem","position":2,"name":"Politique de confidentialit\u00e9"}]},{"@type":"WebSite","@id":"https:\/\/mcrtecresa.com\/#website","url":"https:\/\/mcrtecresa.com\/","name":"Mcr Tecresa","description":"Empresa l\u00edder en protecci\u00f3n pasiva contra incendios","publisher":{"@id":"https:\/\/mcrtecresa.com\/#organization"},"alternateName":"Protecci\u00f3n Pasiva Contra Incendios","potentialAction":[{"@type":"SearchAction","target":{"@type":"EntryPoint","urlTemplate":"https:\/\/mcrtecresa.com\/?s={search_term_string}"},"query-input":{"@type":"PropertyValueSpecification","valueRequired":true,"valueName":"search_term_string"}}],"inLanguage":"fr-FR"},{"@type":"Organization","@id":"https:\/\/mcrtecresa.com\/#organization","name":"Mcr Tecresa","url":"https:\/\/mcrtecresa.com\/","logo":{"@type":"ImageObject","inLanguage":"fr-FR","@id":"https:\/\/mcrtecresa.com\/#\/schema\/logo\/image\/","url":"https:\/\/mcrtecresa.com\/wp-content\/uploads\/2025\/07\/Logo-Original-1.png","contentUrl":"https:\/\/mcrtecresa.com\/wp-content\/uploads\/2025\/07\/Logo-Original-1.png","width":195,"height":46,"caption":"Mcr Tecresa"},"image":{"@id":"https:\/\/mcrtecresa.com\/#\/schema\/logo\/image\/"},"sameAs":["https:\/\/www.linkedin.com\/company\/mcrtecresa","https:\/\/www.youtube.com\/@Mcrtecresa"]}]}},"_links":{"self":[{"href":"https:\/\/mcrtecresa.com\/fr\/wp-json\/wp\/v2\/pages\/55634","targetHints":{"allow":["GET"]}}],"collection":[{"href":"https:\/\/mcrtecresa.com\/fr\/wp-json\/wp\/v2\/pages"}],"about":[{"href":"https:\/\/mcrtecresa.com\/fr\/wp-json\/wp\/v2\/types\/page"}],"author":[{"embeddable":true,"href":"https:\/\/mcrtecresa.com\/fr\/wp-json\/wp\/v2\/users\/2"}],"replies":[{"embeddable":true,"href":"https:\/\/mcrtecresa.com\/fr\/wp-json\/wp\/v2\/comments?post=55634"}],"version-history":[{"count":0,"href":"https:\/\/mcrtecresa.com\/fr\/wp-json\/wp\/v2\/pages\/55634\/revisions"}],"wp:attachment":[{"href":"https:\/\/mcrtecresa.com\/fr\/wp-json\/wp\/v2\/media?parent=55634"}],"curies":[{"name":"wp","href":"https:\/\/api.w.org\/{rel}","templated":true}]}}