{"id":55627,"date":"2018-05-29T16:41:54","date_gmt":"2018-05-29T14:41:54","guid":{"rendered":"https:\/\/mcrtecresa.com\/aviso-legal"},"modified":"2025-10-14T12:46:07","modified_gmt":"2025-10-14T10:46:07","slug":"mentions-legales","status":"publish","type":"page","link":"https:\/\/mcrtecresa.com\/fr\/mentions-legales","title":{"rendered":"Mentions L\u00e9gales"},"content":{"rendered":"<div class=\"wpb-content-wrapper\"><p>[vc_row][vc_column]<div class=\"mgt-header-block clearfix text-center text-black wpb_content_element  mgt-header-block-style-1 mgt-header-texttransform-header \"><h1 class=\"mgt-header-block-title\">Mentions L\u00e9gales<\/h1><div class=\"mgt-header-line\"><\/div><\/div>[\/vc_column][\/vc_row][vc_row][vc_column][vc_empty_space][\/vc_column][\/vc_row][vc_row][vc_column][vc_column_text]<\/p>\n<h4>1.\u00a0\u00a0\u00a0\u00a0\u00a0\u00a0 <strong>Conditions G\u00e9n\u00e9rales d\u00b4Utilisation du Site Web<\/strong><\/h4>\n<p style=\"text-align: justify;\">De mani\u00e8re g\u00e9n\u00e9rale, l\u2019utilisateur s\u2019engage \u00e0 respecter les pr\u00e9sentes conditions d\u2019utilisation, et \u00e0 toujours agir conform\u00e9ment \u00e0 la loi, aux bonnes coutumes et aux exigences de bonne foi, en faisant preuve de diligence raisonnable en fonction de la nature du produit et\/ou du service dont il profite, tout en s\u2019abstenant d\u2019utiliser ce site Web de toute mani\u00e8re susceptible d\u2019emp\u00eacher, d\u2019endommager ou de d\u00e9t\u00e9riorer le fonctionnement normal de celui-ci, les biens ou les droits du propri\u00e9taire (ci-apr\u00e8s, <strong>mercor<\/strong>\u00a0<span style=\"color: #ff0000;\"><strong>tecresa<sup>\u00ae<\/sup><\/strong><\/span>), ceux du reste des utilisateurs ou, en g\u00e9n\u00e9ral, de tout tiers.<\/p>\n<p style=\"text-align: justify;\">Plus particuli\u00e8rement, et sans impliquer aucune restriction \u00e0 l\u2019obligation assum\u00e9e par l\u2019Utilisateur conform\u00e9ment \u00e0 la section pr\u00e9c\u00e9dente, l\u2019Utilisateur s\u2019engage, dans l\u2019utilisation de ce site Web, aux points suivants :<\/p>\n<ol>\n<li style=\"text-align: justify;\">Dans le cas o\u00f9 ils sont fournis, l\u2019Utilisateur doit correctement conserver le \u00ab nom d\u2019utilisateur \u00bb et le \u00ab mot de passe \u00bb facilit\u00e9s par <strong>mercor<\/strong>\u00a0<span style=\"color: #ff0000;\"><strong>tecresa<sup>\u00ae<\/sup><\/strong><\/span>, comme \u00e9l\u00e9ments d\u2019identification pour acc\u00e9der aux diff\u00e9rents services offerts sur le site, en s\u2019engageant \u00e0 ne pas c\u00e9der leur utilisation ou \u00e0 permettre l\u2019acc\u00e8s \u00e0 ceux-ci par des tiers, et en assumant la responsabilit\u00e9 des dommages pouvant d\u00e9couler d\u2019une mauvaise utilisation de celui-ci.<\/li>\n<li style=\"text-align: justify;\">Ne pas introduire, stocker ou diffuser sur ou \u00e0 partir de notre site Web, toute information ou mat\u00e9riel diffamatoire, calomnieux, obsc\u00e8ne, mena\u00e7ant, x\u00e9nophobe, incitant \u00e0 la violence ou \u00e0 la discrimination fond\u00e9e sur la race, le sexe, l\u2019id\u00e9ologie, la religion, ou qui viole de quelque mani\u00e8re que ce soit la moralit\u00e9, l\u2019ordre public, les droits fondamentaux, les libert\u00e9s publiques, l\u2019honneur, la vie priv\u00e9e ou l\u2019image de tiers et, de mani\u00e8re g\u00e9n\u00e9rale, qui viole la r\u00e9glementation espagnole en vigueur et celle de votre pays de r\u00e9sidence.<\/li>\n<li style=\"text-align: justify;\">Ne pas introduire, stocker ou diffuser via notre site Web tout programme informatique, donn\u00e9es, virus, code ou tout autre fichier susceptible de causer des dommages ou tout type d\u2019alt\u00e9ration sur le site Web, dans les services, les \u00e9quipements, syst\u00e8mes ou r\u00e9seaux de <strong>mercor<\/strong>\u00a0<span style=\"color: #ff0000;\"><strong>tecresa<sup>\u00ae<\/sup><\/strong><\/span>, de tout Utilisateur, ou en g\u00e9n\u00e9ral de tout tiers, qui peuvent entraver leur fonctionnement normal.<\/li>\n<li style=\"text-align: justify;\">Ne pas d\u00e9truire, alt\u00e9rer, d\u00e9sactiver ou endommager les donn\u00e9es, informations, programmes, documents \u00e9lectroniques, ou, de mani\u00e8re g\u00e9n\u00e9rale, les fichiers, de <strong>mercor<\/strong>\u00a0<span style=\"color: #ff0000;\"><strong>tecresa<sup>\u00ae<\/sup><\/strong><\/span>, des Utilisateurs ou de tiers.<\/li>\n<\/ol>\n<p style=\"text-align: justify;\"><strong>mercor<\/strong> <strong><span style=\"color: #ff0000;\">tecresa<sup>\u00ae<\/sup><\/span><\/strong> peut, \u00e0 tout moment et sans pr\u00e9avis, modifier les pr\u00e9sentes Conditions G\u00e9n\u00e9rales, ainsi que les Conditions Particuli\u00e8res, en publiant les dites modifications sur le site afin qu\u2019elles puissent \u00eatre connues des Utilisateurs.<\/p>\n<h4><strong>2.\u00a0\u00a0\u00a0\u00a0\u00a0\u00a0 <\/strong><strong>Propi\u00e9t\u00e9 intellectuelle et industrielle<\/strong><\/h4>\n<p style=\"text-align: justify;\">La structure, la conception et la forme de pr\u00e9sentation des \u00e9l\u00e9ments disponibles sur ce site (graphiques, images, photographies, \u00e9chantillons et mat\u00e9riaux qui y figurent, technologies industrielles, fichiers, logos, combinaisons de couleurs et tout \u00e9l\u00e9ment susceptible de protection) sont prot\u00e9g\u00e9es par des droits de propri\u00e9t\u00e9 intellectuelle et industrielle appartenant \u00e0 <strong>mercor<\/strong>\u00a0<span style=\"color: #ff0000;\"><strong>tecresa<sup>\u00ae<\/sup><\/strong><\/span>\u00a0ou par des droits d\u2019utilisation correspondants.<\/p>\n<p style=\"text-align: justify;\">La reproduction, la transformation, la distribution, la communication publique, la mise \u00e0 la disposition du public et, en g\u00e9n\u00e9ral, toute autre forme d\u2019exploitation, partielle ou totale, des \u00e9l\u00e9ments vis\u00e9s \u00e0 la section pr\u00e9c\u00e9dente sont interdites. Sa publication sur d\u2019autres pages Web ou dans d\u2019autres m\u00e9dias num\u00e9riques ou \u00e9crits n\u00e9cessite le consentement expr\u00e8s du propri\u00e9taire du site Web et, dans tous les cas, il doit faire explicitement r\u00e9f\u00e9rence \u00e0 la propri\u00e9t\u00e9 des droits de propri\u00e9t\u00e9 intellectuelle susmentionn\u00e9s de <strong>mercor<\/strong>\u00a0<span style=\"color: #ff0000;\"><strong>tecresa<sup>\u00ae<\/sup><\/strong><\/span>\u00a0.<\/p>\n<p style=\"text-align: justify;\">Sauf autorisation expresse de <strong>mercor<\/strong>\u00a0<span style=\"color: #ff0000;\"><strong>tecresa<sup>\u00ae<\/sup><\/strong><\/span>\u00a0, le lien vers les \u00ab pages finales \u00bb, le \u00ab cadre \u00bb et toute autre manipulation similaire n\u2019est pas autoris\u00e9. Les liens doivent toujours \u00eatre vers la page d\u2019accueil du site Web.<\/p>\n<p style=\"text-align: justify;\">L\u2019utilisation de signes distinctifs (marques, noms commerciaux) n\u2019est pas autoris\u00e9e, sauf autorisation expresse des propri\u00e9taires l\u00e9gitimes.<\/p>\n<p style=\"text-align: justify;\"><strong>3.\u00a0\u00a0\u00a0\u00a0\u00a0\u00a0 <\/strong><strong>Exon\u00e9ration de la responsabilit\u00e9<\/strong><\/p>\n<p><strong>mercor<\/strong> <strong><span style=\"color: #ff0000;\">tecresa\u00ae<\/span><\/strong> ne sera pas responsable:<\/p>\n<ol>\n<li style=\"text-align: justify;\">De mani\u00e8re g\u00e9n\u00e9rale, de tout ce qui concerne l\u2019utilisation inappropri\u00e9e de son site Web. Les utilisateurs doivent en faire un usage appropri\u00e9, conform\u00e9ment aux termes et conditions ci-dessus, sans aucune responsabilit\u00e9 de la part du propri\u00e9taire en cas d\u2019utilisation inappropri\u00e9e.<\/li>\n<li style=\"text-align: justify;\">En ce qui concerne d\u2019\u00e9ventuelles lacunes techniques. <strong>mercor<\/strong>\u00a0<strong><span style=\"color: #ff0000;\">tecresa<sup>\u00ae<\/sup><\/span><\/strong>\u00a0ne sera en aucun cas responsable des modifications du service qui se produisent en raison de d\u00e9faillances du r\u00e9seau \u00e9lectrique, du r\u00e9seau de connexion de donn\u00e9es, du serveur ou de tout autre d\u00e9ficience technique.<\/li>\n<li style=\"text-align: justify;\">En ce qui concerne l\u2019acc\u00e8s de tiers \u00e0 votre syst\u00e8me. <strong>mercor<\/strong>\u00a0<span style=\"color: #ff0000;\"><strong>tecresa<sup>\u00ae<\/sup><\/strong><\/span>\u00a0adoptera les pr\u00e9cautions techniques n\u00e9cessaires afin de prot\u00e9ger les donn\u00e9es et informations consult\u00e9es, mais sans \u00eatre responsable des actions de tiers qui, en violation des mesures de s\u00e9curit\u00e9 \u00e9tablies, acc\u00e8deraient aux donn\u00e9es susmentionn\u00e9es.<\/li>\n<li style=\"text-align: justify;\"><strong>mercor<\/strong> <strong><span style=\"color: #ff0000;\">tecresa<sup>\u00ae<\/sup><\/span><\/strong> investit constamment dans des moyens technologiques qui tentent de minimiser le risque de virus et de logiciels similaires, ainsi que le contenu non autoris\u00e9 sur ses syst\u00e8mes d\u2019information. Malgr\u00e9 cela, l\u2019utilisateur est conscient qu\u2019il doit adopter ses propres mesures visant \u00e0 minimiser les dommages caus\u00e9s par des logiciels non autoris\u00e9s, des virus, des chevaux de Troie et tout type de logiciel appel\u00e9 malware, exemptant <strong>mercor<\/strong>\u00a0<strong>tecresa\u00ae<\/strong>\u00a0de toute responsabilit\u00e9 pouvant d\u00e9couler du confinement de logiciels malveillants dans les fichiers pr\u00e9sents sur ce site Web.<\/li>\n<\/ol>\n<h4><strong>\u00a0<\/strong><strong>4.\u00a0\u00a0\u00a0\u00a0\u00a0\u00a0 <\/strong><strong>Protection des donn\u00e9es<\/strong><\/h4>\n<p style=\"text-align: justify;\"><strong>mercor<\/strong> <strong><span style=\"color: #ff0000;\">tecresa\u00ae<\/span><\/strong><\/p>\n<p>respectera \u00e0 tout moment, \u00e0 la fois les dispositions du R\u00e8glement G\u00e9n\u00e9ral sur la Protection des Donn\u00e9es 2016\/679 (dit \u00ab RGPD \u00bb) du 25 mai 2016, ainsi que les dispositions des autres r\u00e8glements en vigueur sur la protection des donn\u00e9es personnelles, et appliquera les mesures techniques et organisationnelles n\u00e9cessaires,\u00a0 afin de fournir le niveau de s\u00e9curit\u00e9 ad\u00e9quat aux fichiers contenant des donn\u00e9es fournies par les utilisateurs via ce SITE WEB.<\/p>\n<p style=\"text-align: justify;\"><strong>mercor<\/strong>\u00a0<strong>tecresa\u00ae<\/strong>\u00a0informe que, pour l\u2019acc\u00e8s de l\u2019Utilisateur \u00e0 toute partie des contenus ou services offerts sur ce site WEB, il peut \u00eatre n\u00e9cessaire de remplir pr\u00e9alablement des formulaires d\u2019inscription, ou similaires, dans lesquels l\u2019Utilisateur est invit\u00e9 \u00e0 saisir des donn\u00e9es personnelles, pour lesquelles il doit accepter notre <a href=\"https:\/\/mcrtecresa.com\/fr\/politique-de-confidentialite\">POLITIQUE DE CONFIDENTIALIT\u00c9<\/a>. Il est \u00e9galement possible que <strong>mercor<\/strong>\u00a0<span style=\"color: #ff0000;\"><strong>tecresa<sup>\u00ae<\/sup><\/strong><\/span>\u00a0active des programmes de \u00ab <a href=\"https:\/\/mcrtecresa.com\/fr\/politique-de-cookies\">cookies<\/a> \u00bb.<\/p>\n<p style=\"text-align: justify;\">Dans certaines occasions, l\u2019utilisateur peut \u00eatre amen\u00e9 \u00e0 fournir ses donn\u00e9es par le biais de formulaires, soit volontairement, soit \u00e0 la demande de <strong>mercor<\/strong>\u00a0<span style=\"color: #ff0000;\"><strong>tecresa<sup>\u00ae<\/sup><\/strong><\/span>\u00a0, afin de r\u00e9aliser des consultations, de demander des informations, de souscrire les produits, services et\/ou activit\u00e9s offerts par le biais de ce WEB et\/ou de postuler pour travailler dans notre entreprise (formulaire \u00ab Travailler avec nous \u00bb).<\/p>\n<p style=\"text-align: justify;\">Lorsque l\u2019Utilisateur fournit ses donn\u00e9es via l\u2019un des formulaires de ce SITE WEB, l\u2019Utilisateur doit se conformer \u00e0 la POLITIQUE DE CONFIDENTIALIT\u00c9 pour autoriser <strong>mercor<\/strong>\u00a0<span style=\"color: #ff0000;\"><strong>tecresa<sup>\u00ae<\/sup><\/strong><\/span>\u00a0\u00e0 traiter ses donn\u00e9es, conform\u00e9ment \u00e0 la finalit\u00e9 de la collecte.<\/p>\n<p style=\"text-align: justify;\">Les donn\u00e9es fournies feront partie d\u2019un fichier, pour lequel <strong>mercor<\/strong>\u00a0<span style=\"color: #ff0000;\"><strong>tecresa<sup>\u00ae<\/sup><\/strong><\/span>\u00a0dispose d\u2019un syst\u00e8me de gestion de la s\u00e9curit\u00e9 de l\u2019information qui conservera les informations qui y sont enregistr\u00e9es.<\/p>\n<p style=\"text-align: justify;\"><strong>mercor<\/strong>\u00a0<span style=\"color: #ff0000;\"><strong>tecresa<sup>\u00ae<\/sup><\/strong><\/span>\u00a0ne peut transf\u00e9rer les donn\u00e9es que si elle a pr\u00e9alablement obtenu le consentement de l\u2019Utilisateur pour le faire.<\/p>\n<p style=\"text-align: justify;\">L\u2019Utilisateur sera seul responsable, dans le cas o\u00f9 il remplit les formulaires avec des donn\u00e9es fausses, inexactes, incompl\u00e8tes ou p\u00e9rim\u00e9es. Toutes les donn\u00e9es fournies par l\u2019Utilisateur seront trait\u00e9es de mani\u00e8re confidentielle.<\/p>\n<h4 style=\"text-align: justify;\"><strong>5.\u00a0\u00a0\u00a0\u00a0\u00a0\u00a0 <\/strong><strong>Datos identificativos del sitio web<\/strong><\/h4>\n<p style=\"text-align: justify;\">TECRESA PROTECCI\u00d3N PASIVA, S.L. CIF (European VAT Number): ESB48983746<br \/>\nInscrit au Registre du Commerce de Madrid, Volume 22444, Livre 0, Feuillet 149, section 8, feuille M-400995. Inscription 2\u00aa<\/p>\n<p style=\"text-align: justify;\">Vous pouvez nous contacter par les moyens suivants:<\/p>\n<p style=\"text-align: justify;\"><strong>Courrier postal \u00e0 l\u2019adresse suivante :<\/strong><br \/>\nTECRESA PROTECCI\u00d3N PASIVA, S.L<br \/>\nParque Legan\u00e9s Tecnol\u00f3gico, C\/ Margarita Salas, 26<br \/>\n28919 Legan\u00e9s, MADRID.<br \/>\n<strong>Par courriel\u00a0:<\/strong><br \/>\n<a href=\"mailto:info@mcrtecresa.com\">info@mcrtecresa.com<\/a><br \/>\n<strong>Par t\u00e9l\u00e9phone\u00a0:<\/strong><br \/>\n(+34) 91 428 22 60<\/p>\n<p style=\"text-align: justify;\">En outre, vous pouvez acc\u00e9der \u00e0 nos services maintenant ou \u00e0 l\u2019avenir via les domaines suivants, sur lesquels les m\u00eames politiques d\u2019utilisation et de confidentialit\u00e9 s\u2019appliquent:<\/p>\n<ol>\n<li style=\"text-align: justify;\"><a href=\"https:\/\/mcrtecresa.com\/fr\">www.mcrtecresa.com<\/a><\/li>\n<li style=\"text-align: justify;\">\u00a0<a href=\"https:\/\/mercor.com.pl\/\">www.mercor.com.pl<\/a><\/li>\n<\/ol>\n<p>[\/vc_column_text][\/vc_column][\/vc_row]<\/p>\n<\/div>","protected":false},"excerpt":{"rendered":"<p>[vc_row][vc_column][\/vc_column][\/vc_row][vc_row][vc_column][vc_empty_space][\/vc_column][\/vc_row][vc_row][vc_column][vc_column_text] 1.\u00a0\u00a0\u00a0\u00a0\u00a0\u00a0 Conditions G\u00e9n\u00e9rales d\u00b4Utilisation du Site Web De mani\u00e8re g\u00e9n\u00e9rale, l\u2019utilisateur s\u2019engage \u00e0 respecter les pr\u00e9sentes conditions d\u2019utilisation, et \u00e0 toujours agir conform\u00e9ment \u00e0 la loi, aux bonnes coutumes&#8230;<\/p>\n","protected":false},"author":2,"featured_media":0,"parent":0,"menu_order":0,"comment_status":"closed","ping_status":"closed","template":"","meta":{"footnotes":""},"class_list":["post-55627","page","type-page","status-publish","hentry"],"yoast_head":"<!-- This site is optimized with the Yoast SEO plugin v27.4 - https:\/\/yoast.com\/product\/yoast-seo-wordpress\/ -->\n<title>Mentions L\u00e9gales - Mcr Tecresa<\/title>\n<meta name=\"robots\" content=\"noindex, nofollow\" \/>\n<meta property=\"og:locale\" content=\"fr_FR\" \/>\n<meta property=\"og:type\" content=\"article\" \/>\n<meta property=\"og:title\" content=\"Mentions L\u00e9gales - Mcr Tecresa\" \/>\n<meta property=\"og:description\" content=\"[vc_row][vc_column][\/vc_column][\/vc_row][vc_row][vc_column][vc_empty_space][\/vc_column][\/vc_row][vc_row][vc_column][vc_column_text] 1.\u00a0\u00a0\u00a0\u00a0\u00a0\u00a0 Conditions G\u00e9n\u00e9rales d\u00b4Utilisation du Site Web De mani\u00e8re g\u00e9n\u00e9rale, l\u2019utilisateur s\u2019engage \u00e0 respecter les pr\u00e9sentes conditions d\u2019utilisation, et \u00e0 toujours agir conform\u00e9ment \u00e0 la loi, aux bonnes coutumes...\" \/>\n<meta property=\"og:url\" content=\"https:\/\/mcrtecresa.com\/fr\/mentions-legales\" \/>\n<meta property=\"og:site_name\" content=\"Mcr Tecresa\" \/>\n<meta property=\"article:modified_time\" content=\"2025-10-14T10:46:07+00:00\" \/>\n<meta property=\"og:image\" content=\"https:\/\/mcrtecresa.com\/wp-content\/uploads\/2025\/07\/Logo-Original-1.png\" \/>\n\t<meta property=\"og:image:width\" content=\"195\" \/>\n\t<meta property=\"og:image:height\" content=\"46\" \/>\n\t<meta property=\"og:image:type\" content=\"image\/png\" \/>\n<meta name=\"twitter:card\" content=\"summary_large_image\" \/>\n<meta name=\"twitter:label1\" content=\"Dur\u00e9e de lecture estim\u00e9e\" \/>\n\t<meta name=\"twitter:data1\" content=\"6 minutes\" \/>\n<script type=\"application\/ld+json\" class=\"yoast-schema-graph\">{\"@context\":\"https:\\\/\\\/schema.org\",\"@graph\":[{\"@type\":\"WebPage\",\"@id\":\"https:\\\/\\\/mcrtecresa.com\\\/fr\\\/mentions-legales\",\"url\":\"https:\\\/\\\/mcrtecresa.com\\\/fr\\\/mentions-legales\",\"name\":\"Mentions L\u00e9gales - Mcr Tecresa\",\"isPartOf\":{\"@id\":\"https:\\\/\\\/mcrtecresa.com\\\/#website\"},\"datePublished\":\"2018-05-29T14:41:54+00:00\",\"dateModified\":\"2025-10-14T10:46:07+00:00\",\"breadcrumb\":{\"@id\":\"https:\\\/\\\/mcrtecresa.com\\\/fr\\\/mentions-legales#breadcrumb\"},\"inLanguage\":\"fr-FR\",\"potentialAction\":[{\"@type\":\"ReadAction\",\"target\":[\"https:\\\/\\\/mcrtecresa.com\\\/fr\\\/mentions-legales\"]}]},{\"@type\":\"BreadcrumbList\",\"@id\":\"https:\\\/\\\/mcrtecresa.com\\\/fr\\\/mentions-legales#breadcrumb\",\"itemListElement\":[{\"@type\":\"ListItem\",\"position\":1,\"name\":\"mcr tecresa\u00ae\",\"item\":\"https:\\\/\\\/mcrtecresa.com\\\/fr\"},{\"@type\":\"ListItem\",\"position\":2,\"name\":\"Mentions L\u00e9gales\"}]},{\"@type\":\"WebSite\",\"@id\":\"https:\\\/\\\/mcrtecresa.com\\\/#website\",\"url\":\"https:\\\/\\\/mcrtecresa.com\\\/\",\"name\":\"Mcr Tecresa\",\"description\":\"Empresa l\u00edder en protecci\u00f3n pasiva contra incendios\",\"publisher\":{\"@id\":\"https:\\\/\\\/mcrtecresa.com\\\/#organization\"},\"alternateName\":\"Protecci\u00f3n Pasiva Contra Incendios\",\"potentialAction\":[{\"@type\":\"SearchAction\",\"target\":{\"@type\":\"EntryPoint\",\"urlTemplate\":\"https:\\\/\\\/mcrtecresa.com\\\/?s={search_term_string}\"},\"query-input\":{\"@type\":\"PropertyValueSpecification\",\"valueRequired\":true,\"valueName\":\"search_term_string\"}}],\"inLanguage\":\"fr-FR\"},{\"@type\":\"Organization\",\"@id\":\"https:\\\/\\\/mcrtecresa.com\\\/#organization\",\"name\":\"Mcr Tecresa\",\"url\":\"https:\\\/\\\/mcrtecresa.com\\\/\",\"logo\":{\"@type\":\"ImageObject\",\"inLanguage\":\"fr-FR\",\"@id\":\"https:\\\/\\\/mcrtecresa.com\\\/#\\\/schema\\\/logo\\\/image\\\/\",\"url\":\"https:\\\/\\\/mcrtecresa.com\\\/wp-content\\\/uploads\\\/2025\\\/07\\\/Logo-Original-1.png\",\"contentUrl\":\"https:\\\/\\\/mcrtecresa.com\\\/wp-content\\\/uploads\\\/2025\\\/07\\\/Logo-Original-1.png\",\"width\":195,\"height\":46,\"caption\":\"Mcr Tecresa\"},\"image\":{\"@id\":\"https:\\\/\\\/mcrtecresa.com\\\/#\\\/schema\\\/logo\\\/image\\\/\"},\"sameAs\":[\"https:\\\/\\\/www.linkedin.com\\\/company\\\/mcrtecresa\",\"https:\\\/\\\/www.youtube.com\\\/@Mcrtecresa\"]}]}<\/script>\n<!-- \/ Yoast SEO plugin. -->","yoast_head_json":{"title":"Mentions L\u00e9gales - Mcr Tecresa","robots":{"index":"noindex","follow":"nofollow"},"og_locale":"fr_FR","og_type":"article","og_title":"Mentions L\u00e9gales - Mcr Tecresa","og_description":"[vc_row][vc_column][\/vc_column][\/vc_row][vc_row][vc_column][vc_empty_space][\/vc_column][\/vc_row][vc_row][vc_column][vc_column_text] 1.\u00a0\u00a0\u00a0\u00a0\u00a0\u00a0 Conditions G\u00e9n\u00e9rales d\u00b4Utilisation du Site Web De mani\u00e8re g\u00e9n\u00e9rale, l\u2019utilisateur s\u2019engage \u00e0 respecter les pr\u00e9sentes conditions d\u2019utilisation, et \u00e0 toujours agir conform\u00e9ment \u00e0 la loi, aux bonnes coutumes...","og_url":"https:\/\/mcrtecresa.com\/fr\/mentions-legales","og_site_name":"Mcr Tecresa","article_modified_time":"2025-10-14T10:46:07+00:00","og_image":[{"width":195,"height":46,"url":"https:\/\/mcrtecresa.com\/wp-content\/uploads\/2025\/07\/Logo-Original-1.png","type":"image\/png"}],"twitter_card":"summary_large_image","twitter_misc":{"Dur\u00e9e de lecture estim\u00e9e":"6 minutes"},"schema":{"@context":"https:\/\/schema.org","@graph":[{"@type":"WebPage","@id":"https:\/\/mcrtecresa.com\/fr\/mentions-legales","url":"https:\/\/mcrtecresa.com\/fr\/mentions-legales","name":"Mentions L\u00e9gales - Mcr Tecresa","isPartOf":{"@id":"https:\/\/mcrtecresa.com\/#website"},"datePublished":"2018-05-29T14:41:54+00:00","dateModified":"2025-10-14T10:46:07+00:00","breadcrumb":{"@id":"https:\/\/mcrtecresa.com\/fr\/mentions-legales#breadcrumb"},"inLanguage":"fr-FR","potentialAction":[{"@type":"ReadAction","target":["https:\/\/mcrtecresa.com\/fr\/mentions-legales"]}]},{"@type":"BreadcrumbList","@id":"https:\/\/mcrtecresa.com\/fr\/mentions-legales#breadcrumb","itemListElement":[{"@type":"ListItem","position":1,"name":"mcr tecresa\u00ae","item":"https:\/\/mcrtecresa.com\/fr"},{"@type":"ListItem","position":2,"name":"Mentions L\u00e9gales"}]},{"@type":"WebSite","@id":"https:\/\/mcrtecresa.com\/#website","url":"https:\/\/mcrtecresa.com\/","name":"Mcr Tecresa","description":"Empresa l\u00edder en protecci\u00f3n pasiva contra incendios","publisher":{"@id":"https:\/\/mcrtecresa.com\/#organization"},"alternateName":"Protecci\u00f3n Pasiva Contra Incendios","potentialAction":[{"@type":"SearchAction","target":{"@type":"EntryPoint","urlTemplate":"https:\/\/mcrtecresa.com\/?s={search_term_string}"},"query-input":{"@type":"PropertyValueSpecification","valueRequired":true,"valueName":"search_term_string"}}],"inLanguage":"fr-FR"},{"@type":"Organization","@id":"https:\/\/mcrtecresa.com\/#organization","name":"Mcr Tecresa","url":"https:\/\/mcrtecresa.com\/","logo":{"@type":"ImageObject","inLanguage":"fr-FR","@id":"https:\/\/mcrtecresa.com\/#\/schema\/logo\/image\/","url":"https:\/\/mcrtecresa.com\/wp-content\/uploads\/2025\/07\/Logo-Original-1.png","contentUrl":"https:\/\/mcrtecresa.com\/wp-content\/uploads\/2025\/07\/Logo-Original-1.png","width":195,"height":46,"caption":"Mcr Tecresa"},"image":{"@id":"https:\/\/mcrtecresa.com\/#\/schema\/logo\/image\/"},"sameAs":["https:\/\/www.linkedin.com\/company\/mcrtecresa","https:\/\/www.youtube.com\/@Mcrtecresa"]}]}},"_links":{"self":[{"href":"https:\/\/mcrtecresa.com\/fr\/wp-json\/wp\/v2\/pages\/55627","targetHints":{"allow":["GET"]}}],"collection":[{"href":"https:\/\/mcrtecresa.com\/fr\/wp-json\/wp\/v2\/pages"}],"about":[{"href":"https:\/\/mcrtecresa.com\/fr\/wp-json\/wp\/v2\/types\/page"}],"author":[{"embeddable":true,"href":"https:\/\/mcrtecresa.com\/fr\/wp-json\/wp\/v2\/users\/2"}],"replies":[{"embeddable":true,"href":"https:\/\/mcrtecresa.com\/fr\/wp-json\/wp\/v2\/comments?post=55627"}],"version-history":[{"count":0,"href":"https:\/\/mcrtecresa.com\/fr\/wp-json\/wp\/v2\/pages\/55627\/revisions"}],"wp:attachment":[{"href":"https:\/\/mcrtecresa.com\/fr\/wp-json\/wp\/v2\/media?parent=55627"}],"curies":[{"name":"wp","href":"https:\/\/api.w.org\/{rel}","templated":true}]}}