{"id":28491,"date":"2019-06-25T13:25:35","date_gmt":"2019-06-25T11:25:35","guid":{"rendered":"https:\/\/mcrtecresa.com\/?page_id=28491"},"modified":"2026-03-18T15:21:55","modified_gmt":"2026-03-18T13:21:55","slug":"chemin-de-cables","status":"publish","type":"page","link":"https:\/\/mcrtecresa.com\/fr\/panneaux-tecbor\/chemin-de-cables","title":{"rendered":"Panneaux Tecbor\u00ae -Protection de c\u00e2bles"},"content":{"rendered":"<div class=\"wpb-content-wrapper\"><p>[vc_row][vc_column][vc_column_text]<\/p>\n<pre><code class=\"html hljs xml\"><span><span><a href=\"https:\/\/mcrtecresa.com\/fr\">mcr tecresa\u00ae<\/a><\/span><\/span><\/code><\/pre>\n<p>[\/vc_column_text][\/vc_column][\/vc_row][vc_row][vc_column]<div class=\"mgt-header-block clearfix text-left text-black wpb_animate_when_almost_visible wpb_top-to-bottom wpb_content_element  mgt-header-block-style-2 mgt-header-texttransform-none  vc_custom_1561459885764\"><h2 class=\"mgt-header-block-title\">Solutions Constructives Tecbor\u00ae<\/h2><div class=\"mgt-header-line\"><\/div><\/div>[\/vc_column][\/vc_row][vc_row][vc_column][vc_empty_space height=\u00a0\u00bb10px\u00a0\u00bb][vc_row_inner][vc_column_inner width=\u00a0\u00bb1\/4&Prime;][vc_btn title=\u00a0\u00bbStructure m\u00e9tallique\u00a0\u00bb style=\u00a0\u00bboutline-custom\u00a0\u00bb outline_custom_color=\u00a0\u00bb#000000&Prime; outline_custom_hover_background=\u00a0\u00bb#666666&Prime; outline_custom_hover_text=\u00a0\u00bb#ffffff\u00a0\u00bb shape=\u00a0\u00bbround\u00a0\u00bb size=\u00a0\u00bbsm\u00a0\u00bb align=\u00a0\u00bbcenter\u00a0\u00bb button_block=\u00a0\u00bbtrue\u00a0\u00bb link=\u00a0\u00bburl:https%3A%2F%2Fmcrtecresa.com%2Ffr%2Fpanneaux-tecbor%2Fstructure-metallique|||\u00a0\u00bb][\/vc_column_inner][vc_column_inner width=\u00a0\u00bb1\/4&Prime;][vc_btn title=\u00a0\u00bb\u00c9l\u00e9ments structuraux en b\u00e9ton\u00a0\u00bb style=\u00a0\u00bboutline-custom\u00a0\u00bb outline_custom_color=\u00a0\u00bb#000000&Prime; outline_custom_hover_background=\u00a0\u00bb#666666&Prime; outline_custom_hover_text=\u00a0\u00bb#ffffff\u00a0\u00bb shape=\u00a0\u00bbround\u00a0\u00bb size=\u00a0\u00bbsm\u00a0\u00bb align=\u00a0\u00bbcenter\u00a0\u00bb button_block=\u00a0\u00bbtrue\u00a0\u00bb link=\u00a0\u00bburl:https%3A%2F%2Fmcrtecresa.com%2Ffr%2Fpanneaux-tecbor%2Felements-structuraux-en-beton|||\u00a0\u00bb][\/vc_column_inner][vc_column_inner width=\u00a0\u00bb1\/4&Prime;][vc_btn title=\u00a0\u00bbConduits de ventilation et extraction de fum\u00e9e\u00a0\u00bb style=\u00a0\u00bboutline-custom\u00a0\u00bb outline_custom_color=\u00a0\u00bb#000000&Prime; outline_custom_hover_background=\u00a0\u00bb#666666&Prime; outline_custom_hover_text=\u00a0\u00bb#ffffff\u00a0\u00bb shape=\u00a0\u00bbround\u00a0\u00bb size=\u00a0\u00bbsm\u00a0\u00bb align=\u00a0\u00bbcenter\u00a0\u00bb button_block=\u00a0\u00bbtrue\u00a0\u00bb link=\u00a0\u00bburl:https%3A%2F%2Fmcrtecresa.com%2Ffr%2Fpanneaux-tecbor%2Fconduits-de-ventilation-et-extraction-de-fumee|||\u00a0\u00bb][\/vc_column_inner][vc_column_inner width=\u00a0\u00bb1\/4&Prime;][vc_btn title=\u00a0\u00bbProtection chemin de c\u00e2bles\u00a0\u00bb style=\u00a0\u00bbcustom\u00a0\u00bb custom_background=\u00a0\u00bb#e42413&Prime; custom_text=\u00a0\u00bb#ffffff\u00a0\u00bb shape=\u00a0\u00bbround\u00a0\u00bb size=\u00a0\u00bbsm\u00a0\u00bb align=\u00a0\u00bbcenter\u00a0\u00bb button_block=\u00a0\u00bbtrue\u00a0\u00bb link=\u00a0\u00bburl:%23|||\u00a0\u00bb][\/vc_column_inner][\/vc_row_inner][vc_row_inner][vc_column_inner width=\u00a0\u00bb1\/4&Prime;][vc_btn title=\u00a0\u00bb\u00c9l\u00e9ments non porteurs. Murs\u00a0\u00bb style=\u00a0\u00bboutline-custom\u00a0\u00bb outline_custom_color=\u00a0\u00bb#000000&Prime; outline_custom_hover_background=\u00a0\u00bb#666666&Prime; outline_custom_hover_text=\u00a0\u00bb#ffffff\u00a0\u00bb shape=\u00a0\u00bbround\u00a0\u00bb size=\u00a0\u00bbsm\u00a0\u00bb align=\u00a0\u00bbcenter\u00a0\u00bb button_block=\u00a0\u00bbtrue\u00a0\u00bb link=\u00a0\u00bburl:https%3A%2F%2Fmcrtecresa.com%2Ffr%2Fpanneaux-tecbor%2Felements-non-porteurs-murs|||\u00a0\u00bb][\/vc_column_inner][vc_column_inner width=\u00a0\u00bb1\/4&Prime;][vc_btn title=\u00a0\u00bbFaux plafonds et protection des dalles\u00a0\u00bb style=\u00a0\u00bboutline-custom\u00a0\u00bb outline_custom_color=\u00a0\u00bb#000000&Prime; outline_custom_hover_background=\u00a0\u00bb#666666&Prime; outline_custom_hover_text=\u00a0\u00bb#ffffff\u00a0\u00bb shape=\u00a0\u00bbround\u00a0\u00bb size=\u00a0\u00bbsm\u00a0\u00bb align=\u00a0\u00bbcenter\u00a0\u00bb button_block=\u00a0\u00bbtrue\u00a0\u00bb link=\u00a0\u00bburl:https%3A%2F%2Fmcrtecresa.com%2Ffr%2Fpanneaux-tecbor%2Ffaux-plafonds-et-protection-des-dalles\u00a0\u00bb][\/vc_column_inner][vc_column_inner width=\u00a0\u00bb1\/4&Prime;][vc_btn title=\u00a0\u00bbMurs-rideaux\u00a0\u00bb style=\u00a0\u00bboutline-custom\u00a0\u00bb outline_custom_color=\u00a0\u00bb#000000&Prime; outline_custom_hover_background=\u00a0\u00bb#666666&Prime; outline_custom_hover_text=\u00a0\u00bb#ffffff\u00a0\u00bb shape=\u00a0\u00bbround\u00a0\u00bb size=\u00a0\u00bbsm\u00a0\u00bb align=\u00a0\u00bbcenter\u00a0\u00bb button_block=\u00a0\u00bbtrue\u00a0\u00bb link=\u00a0\u00bburl:https%3A%2F%2Fmcrtecresa.com%2Ffr%2Fpanneaux-tecbor%2Fmurs-rideaux|||\u00a0\u00bb][\/vc_column_inner][vc_column_inner width=\u00a0\u00bb1\/4&Prime;][vc_btn title=\u00a0\u00bbTunnels\u00a0\u00bb style=\u00a0\u00bboutline-custom\u00a0\u00bb outline_custom_color=\u00a0\u00bb#000000&Prime; outline_custom_hover_background=\u00a0\u00bb#666666&Prime; outline_custom_hover_text=\u00a0\u00bb#ffffff\u00a0\u00bb shape=\u00a0\u00bbround\u00a0\u00bb size=\u00a0\u00bbsm\u00a0\u00bb align=\u00a0\u00bbcenter\u00a0\u00bb button_block=\u00a0\u00bbtrue\u00a0\u00bb link=\u00a0\u00bburl:https%3A%2F%2Fmcrtecresa.com%2Ffr%2Fpanneaux-tecbor%2Ftunnels|||\u00a0\u00bb][\/vc_column_inner][\/vc_row_inner][\/vc_column][\/vc_row][vc_row][vc_column][vc_empty_space height=\u00a0\u00bb60px\u00a0\u00bb][\/vc_column][\/vc_row][vc_row full_width=\u00a0\u00bbstretch_row\u00a0\u00bb][vc_column]<div class=\"mgt-header-block clearfix text-left text-black wpb_animate_when_almost_visible wpb_top-to-bottom wpb_content_element  mgt-header-block-style-1 mgt-header-texttransform-none  vc_custom_1561461445739\"><h1 class=\"mgt-header-block-title\">Panneaux Tecbor\u00ae - Protection de c\u00e2bles Tecbor 40 mm - EI-120<\/h1><div class=\"mgt-header-line\"><\/div><\/div>[vc_row_inner equal_height=\u00a0\u00bbyes\u00a0\u00bb content_placement=\u00a0\u00bbmiddle\u00a0\u00bb][vc_column_inner width=\u00a0\u00bb2\/3&Prime;][vc_column_text]<\/p>\n<p style=\"text-align: justify;\">Quand il est n\u00e9cessaire que le syst\u00e8me de distribution \u00e9lectrique soit entretenu en parfaite \u00e9tat de fonctionnement en cas d\u2019incendie, il est indispensable de prot\u00e9ger correctement les c\u00e2bles qui conforment l\u2019installation \u00e9lectrique.<br \/>\nIl est essentiel pour r\u00e9aliser une \u00e9vacuation ordonn\u00e9e dans des tunnels, b\u00e2timents de rassemblement publique ou b\u00e2timents de grande hauteur, que les syst\u00e8mes fondamentaux maintiennent son fonctionnement.<br \/>\nTecbor\u00ae 40 mm a \u00e9t\u00e9 test\u00e9 en recouvrant un chemin de c\u00e2bles de diff\u00e9rents sections et il a \u00e9t\u00e9 \u00e9valu\u00e9 conform\u00e9ment aux prescriptions g\u00e9n\u00e9rales de l\u2019UNE EN 1363-1. Il a \u00e9t\u00e9 test\u00e9 en plus pour la conductivit\u00e9 \u00e9lectrique, le court-circuit entre c\u00e2bles et la d\u00e9rivation \u00e0 la terre.<\/p>\n<p style=\"text-align: justify;\">Des couvercles d\u2019inspection peuvent \u00eatre r\u00e9alis\u00e9s afin d\u2019acc\u00e9der \u00e0 l\u2019int\u00e9rieur des<br \/>\ninstallations.Le Grillage Tecsel\u00ae a \u00e9t\u00e9 aussi test\u00e9 pour permettre la ventilation et obturer l\u2019enfoncement en cas d\u2019incendie. (Consultez notre <a href=\"https:\/\/mcrtecresa.com\/fr?page_id=18855\">d\u00e9partement commercial<\/a> pour de plus amples informations).<\/p>\n<p>[\/vc_column_text][\/vc_column_inner][vc_column_inner width=\u00a0\u00bb1\/3&Prime;][vc_single_image image=\u00a0\u00bb14689&Prime; img_size=\u00a0\u00bbfull\u00a0\u00bb alignment=\u00a0\u00bbcenter\u00a0\u00bb style=\u00a0\u00bbvc_box_rounded\u00a0\u00bb onclick=\u00a0\u00bblink_image\u00a0\u00bb css=\u00a0\u00bb.vc_custom_1561390730543{margin-top: 3rem !important;}\u00a0\u00bb][\/vc_column_inner][\/vc_row_inner][vc_empty_space height=\u00a0\u00bb40px\u00a0\u00bb][vc_row_inner][vc_column_inner width=\u00a0\u00bb1\/6&Prime;][\/vc_column_inner][vc_column_inner width=\u00a0\u00bb4\/6&Prime;][vc_raw_html css=\u00a0\u00bb\u00a0\u00bb]JTNDY2VudGVyJTNFJTNDaWZyYW1lJTIwd2lkdGglM0QlMjI4MTAlMjIlMjBoZWlnaHQlM0QlMjI0NTYlMjIlMjBzcmMlM0QlMjJodHRwcyUzQSUyRiUyRnd3dy55b3V0dWJlLmNvbSUyRmVtYmVkJTJGUDI4UnpOaXJNRjAlM0ZyZWwlM0QwJTI2bXV0ZSUzRDElMjIlMjBmcmFtZWJvcmRlciUzRCUyMjAlMjIlMjBlbmNyeXB0ZWQtbWVkaWElMjIlMjBhbGxvd2Z1bGxzY3JlZW4lM0UlM0MlMkZpZnJhbWUlM0UlM0MlMkZjZW50ZXIlM0U=[\/vc_raw_html][\/vc_column_inner][vc_column_inner width=\u00a0\u00bb1\/6&Prime;][\/vc_column_inner][\/vc_row_inner][vc_empty_space height=\u00a0\u00bb40px\u00a0\u00bb][\/vc_column][\/vc_row][vc_row][vc_column][vc_row_inner][vc_column_inner el_class=\u00a0\u00bbbordersolution\u00a0\u00bb width=\u00a0\u00bb1\/2&Prime;][vc_single_image image=\u00a0\u00bb40393&Prime; img_size=\u00a0\u00bblarge\u00a0\u00bb alignment=\u00a0\u00bbcenter\u00a0\u00bb onclick=\u00a0\u00bblink_image\u00a0\u00bb][vc_column_text]<\/p>\n<table class=\" alignleft\" style=\"height: 245px; width: 568px;\">\n<tbody>\n<tr>\n<td style=\"width: 276px;\"><strong><span style=\"color: #666666;\">ESSAI<\/span><\/strong><\/p>\n<hr \/>\n<p><span style=\"font-family: arial, helvetica, sans-serif;\"><b>Regl\u00e8:<\/b> UNE EN 1363-1. Courbe de chauffage at UL 1709<\/span><br \/>\n<span style=\"font-family: arial, helvetica, sans-serif;\"><b>Laboratory<\/b>: CIDEMCO<\/span><br \/>\n<span style=\"font-family: arial, helvetica, sans-serif;\"><b>N\u00ba Test: 25417<\/b>\u00a0<\/span><\/td>\n<td style=\"width: 292px;\"><strong><span style=\"color: #666666;\">SOLUTION<\/span><\/strong><\/p>\n<hr \/>\n<p><strong><span style=\"color: #ff0000;\">1.<\/span><\/strong> Panneaux Tecbor\u00ae 40 mm.<br \/>\n<strong><span style=\"color: #ff0000;\">2.<\/span><\/strong> Panneaux Tecbor\u00ae 20 mm.<br \/>\n<span style=\"color: #ff0000;\"><strong>3.<\/strong><\/span> Tige M12.<br \/>\n<span style=\"color: #ff0000;\"><strong>4.<\/strong><\/span> P\u00e2te \u00e0 joints pr\u00e9par\u00e9e Tecbor\u00ae.<br \/>\n<strong><span style=\"color: #ff0000;\">5.<\/span><\/strong> Angulaire 50x50x5 mm chaque 1000 mm.<br \/>\n<span style=\"color: #ff0000;\"><strong>6.<\/strong><\/span> Vis autotaraudeuse 3,5&#215;45 mm.<br \/>\n<span style=\"color: #ff0000;\"><strong>7.<\/strong><\/span> Vis autotaraudeuse 5,2&#215;80 mm.<br \/>\n<strong><span style=\"color: #ff0000;\">8.<\/span><\/strong> Vis autotaraudeuse 3,5&#215;45 mm.<br \/>\n<span style=\"color: #ff0000;\"><strong>9.<\/strong><\/span> Dalle.<br \/>\n<span style=\"color: #ff0000;\"><strong>10.<\/strong><\/span> Chemins de c\u00e2bles.<\/td>\n<\/tr>\n<\/tbody>\n<\/table>\n<p>[\/vc_column_text][\/vc_column_inner][vc_column_inner width=\u00a0\u00bb1\/2&Prime;]<div class=\"mgt-header-block clearfix text-left text-black wpb_animate_when_almost_visible wpb_top-to-bottom wpb_content_element  mgt-header-block-style-2 mgt-header-texttransform-none  vc_custom_1561460565781\"><h2 class=\"mgt-header-block-title\">Description de montage<\/h2><\/div>[vc_column_text]<\/p>\n<p style=\"text-align: justify;\">Le chemin de c\u00e2bles est prot\u00e9g\u00e9 par une couche de panneaux Tecbor\u00ae 40 mm fix\u00e9s entre eux avec des vis autotaradeuses de 5,2&#215;80 mm. Dans l\u2019union entre pans du gaine, placez une bande de panneau de 200 mm de large de Tecbor\u00ae 20 mm. Apr\u00e8s, fixer la bande au chemin m\u00e9tallique avec des vis de 3,5&#215;45 mm.<\/p>\n<p style=\"text-align: justify;\">Le gaine est ancr\u00e9e \u00e0 la dalle avec une tige de 12 mm et appuy\u00e9 sur des angulaires de 50x50x5 mm.<\/p>\n<p style=\"text-align: justify;\">Les unions entre les panneaux et les t\u00eates des vis doivent \u00eatre couvertes par la P\u00e2te \u00e0 joints pr\u00e9par\u00e9e Tecbor\u00ae.<\/p>\n<p style=\"text-align: justify;\"><strong>Scell\u00e9 des p\u00e9n\u00e9trations:<\/strong><br \/>\nBoucher l\u2019enfoncement existant entre la gaine et le travail de support avec laine de roche de 50 mm et 145 kg\/m3 et peindre les deux faces avec la <a href=\"https:\/\/mcrtecresa.com\/fr\/systemes-d-etancheite-tecsel\/pate-a-joints-preparee-tecbor\">P\u00e2te de joints pr\u00e9par\u00e9e Tecbor\u00ae.<\/a><\/p>\n<p>[\/vc_column_text][vc_single_image image=\u00a0\u00bb28550&Prime; img_size=\u00a0\u00bb800&#215;400&Prime; alignment=\u00a0\u00bbcenter\u00a0\u00bb onclick=\u00a0\u00bblink_image\u00a0\u00bb][\/vc_column_inner][\/vc_row_inner][vc_empty_space height=\u00a0\u00bb30px\u00a0\u00bb][\/vc_column][\/vc_row][vc_row][vc_column]<div class=\"mgt-header-block clearfix text-left text-black wpb_animate_when_almost_visible wpb_top-to-bottom wpb_content_element  mgt-header-block-style-2 mgt-header-texttransform-none  vc_custom_1561460682783\"><h2 class=\"mgt-header-block-title\">Documentation<\/h2><div class=\"mgt-header-line\"><\/div><\/div>[vc_row_inner][vc_column_inner width=\u00a0\u00bb1\/3&Prime;][vc_raw_html]JTNDZGl2JTIwY2xhc3MlM0QlMjJ3aWRnZXQtZG93bmxvYWQtbGluay13cmFwcGVyJTIyJTNFJTBBJTNDZGl2JTIwY2xhc3MlM0QlMjJ3aWRnZXQtZG93bmxvYWQtaWNvbiUyMiUzRSUzQ2klMjBjbGFzcyUzRCUyMmZhJTIwZmEtZmlsZS1wZGYtbyUyMiUzRSUzQyUyRmklM0UlMEElM0MlMkZkaXYlM0UlMEElM0NkaXYlMjBjbGFzcyUzRCUyMndpZGdldC1kb3dubG9hZC1kZXRhaWxzJTIyJTNFJTBBJTNDZGl2JTIwY2xhc3MlM0QlMjJ3aWRnZXQtZG93bmxvYWQtdGl0bGUlMjIlM0UlM0NzcGFuJTIwY2xhc3MlM0QlMjJkb2N1bWVudG8tcGRmJTIyJTIwb25jbGljayUzRCUyMnNldExvY2F0aW9uJTI4JTI3RkRTLWNoZW1pbi1kZS1jYWJsZXMtRlIlMjclMjklMjIlM0VGaWNoZSUyMHQlQzMlQTlsJUMzJUE5Y2hhcmdlYWJsZSUyMGRlJTIwbGElMjBzb2x1dGlvbiUzQyUyRnNwYW4lM0UlM0MlMkZkaXYlM0UlMEElM0NkaXYlMjBjbGFzcyUzRCUyMndpZGdldC1kb3dubG9hZC1zdWJ0aXRsZSUyMiUzRTIlMjBNYiUyQyUyMFBERiUzQyUyRmRpdiUzRSUwQSUzQyUyRmRpdiUzRSUwQSUzQyUyRmRpdiUzRSUwQQ==[\/vc_raw_html][\/vc_column_inner][vc_column_inner width=\u00a0\u00bb1\/3&Prime;][\/vc_column_inner][vc_column_inner width=\u00a0\u00bb1\/3&Prime;][\/vc_column_inner][\/vc_row_inner][\/vc_column][\/vc_row][vc_row][vc_column][vc_empty_space height=\u00a0\u00bb40px\u00a0\u00bb][\/vc_column][\/vc_row][vc_row][vc_column]<style scoped='scoped'>.mgt-promo-block-79292048663.mgt-promo-block.darken .mgt-promo-block-content {background-color: rgba(10,10,10,0.63)!important;}.mgt-promo-block-79292048663.mgt-promo-block.animated:hover .mgt-promo-block-content {background-color: rgba(68,0,0,0.61)!important;}<\/style><div class=\"mgt-promo-block animated white-text cover-image text-size-normal darken mgt-promo-block-79292048663 wpb_content_element wpb_animate_when_almost_visible wpb_left-to-right\" data-style=\"background-color: #bababa;width: 100%; height: 200px;\"><div class=\"mgt-promo-block-content\"><div class=\"mgt-promo-block-content-inside vc_custom_1528977146600\">\n<h2>Avez-vous des questions?<\/h2>\n<div class=\"mgt-button-wrapper mgt-button-wrapper-align-left mgt-button-wrapper-display-newline mgt-button-top-margin-enable\"><a class=\"btn hvr-icon-wobble-horizontal mgt-button mgt-style-solid-invert mgt-size-normal mgt-align-left mgt-display-newline mgt-text-size-small mgt-button-icon-position-right mgt-text-transform-uppercase \" href=\"https:\/\/mcrtecresa.com\/fr\/contact\">Contactez-nous<i class=\"fa fa-arrow-right\"><\/i><\/a><\/div><\/div><\/div><\/div>[\/vc_column][\/vc_row]<\/p>\n<\/div>","protected":false},"excerpt":{"rendered":"<p>[vc_row][vc_column][vc_column_text] [\/vc_column_text][\/vc_column][\/vc_row][vc_row][vc_column][\/vc_column][\/vc_row][vc_row][vc_column][vc_empty_space height=\u00a0\u00bb10px\u00a0\u00bb][vc_row_inner][vc_column_inner width=\u00a0\u00bb1\/4&Prime;][vc_btn title=\u00a0\u00bbStructure m\u00e9tallique\u00a0\u00bb style=\u00a0\u00bboutline-custom\u00a0\u00bb outline_custom_color=\u00a0\u00bb#000000&Prime; outline_custom_hover_background=\u00a0\u00bb#666666&Prime; outline_custom_hover_text=\u00a0\u00bb#ffffff\u00a0\u00bb shape=\u00a0\u00bbround\u00a0\u00bb size=\u00a0\u00bbsm\u00a0\u00bb align=\u00a0\u00bbcenter\u00a0\u00bb button_block=\u00a0\u00bbtrue\u00a0\u00bb link=\u00a0\u00bburl:https%3A%2F%2Fmcrtecresa.com%2Ffr%2Fpanneaux-tecbor%2Fstructure-metallique|||\u00a0\u00bb][\/vc_column_inner][vc_column_inner width=\u00a0\u00bb1\/4&Prime;][vc_btn title=\u00a0\u00bb\u00c9l\u00e9ments structuraux en b\u00e9ton\u00a0\u00bb style=\u00a0\u00bboutline-custom\u00a0\u00bb outline_custom_color=\u00a0\u00bb#000000&Prime; outline_custom_hover_background=\u00a0\u00bb#666666&Prime; outline_custom_hover_text=\u00a0\u00bb#ffffff\u00a0\u00bb shape=\u00a0\u00bbround\u00a0\u00bb size=\u00a0\u00bbsm\u00a0\u00bb align=\u00a0\u00bbcenter\u00a0\u00bb button_block=\u00a0\u00bbtrue\u00a0\u00bb link=\u00a0\u00bburl:https%3A%2F%2Fmcrtecresa.com%2Ffr%2Fpanneaux-tecbor%2Felements-structuraux-en-beton|||\u00a0\u00bb][\/vc_column_inner][vc_column_inner width=\u00a0\u00bb1\/4&Prime;][vc_btn&#8230;<\/p>\n","protected":false},"author":2,"featured_media":0,"parent":19276,"menu_order":0,"comment_status":"closed","ping_status":"closed","template":"","meta":{"footnotes":""},"class_list":["post-28491","page","type-page","status-publish","hentry"],"yoast_head":"<!-- This site is optimized with the Yoast SEO plugin v27.4 - https:\/\/yoast.com\/product\/yoast-seo-wordpress\/ -->\n<title>Protection de c\u00e2bles Tecbor 40 mm - mercor tecresa\u00ae<\/title>\n<meta name=\"description\" content=\"Quand il est n\u00e9cessaire que le syst\u00e8me de distribution \u00e9lectrique soit entretenu en parfaite \u00e9tat de fonctionnement en cas d\u2019incendie, il est indispens...\" \/>\n<meta name=\"robots\" content=\"index, follow, max-snippet:-1, max-image-preview:large, max-video-preview:-1\" \/>\n<link rel=\"canonical\" href=\"https:\/\/mcrtecresa.com\/fr\/panneaux-tecbor\/chemin-de-cables\" \/>\n<meta property=\"og:locale\" content=\"fr_FR\" \/>\n<meta property=\"og:type\" content=\"article\" \/>\n<meta property=\"og:title\" content=\"Protection de c\u00e2bles Tecbor 40 mm - mercor tecresa\u00ae\" \/>\n<meta property=\"og:description\" content=\"Quand il est n\u00e9cessaire que le syst\u00e8me de distribution \u00e9lectrique soit entretenu en parfaite \u00e9tat de fonctionnement en cas d\u2019incendie, il est indispens...\" \/>\n<meta property=\"og:url\" content=\"https:\/\/mcrtecresa.com\/fr\/panneaux-tecbor\/chemin-de-cables\" \/>\n<meta property=\"og:site_name\" content=\"Mcr Tecresa\" \/>\n<meta property=\"article:modified_time\" content=\"2026-03-18T13:21:55+00:00\" \/>\n<meta property=\"og:image\" content=\"https:\/\/mcrtecresa.com\/wp-content\/uploads\/2025\/07\/Logo-Original-1.png\" \/>\n\t<meta property=\"og:image:width\" content=\"195\" \/>\n\t<meta property=\"og:image:height\" content=\"46\" \/>\n\t<meta property=\"og:image:type\" content=\"image\/png\" \/>\n<meta name=\"twitter:card\" content=\"summary_large_image\" \/>\n<meta name=\"twitter:label1\" content=\"Dur\u00e9e de lecture estim\u00e9e\" \/>\n\t<meta name=\"twitter:data1\" content=\"3 minutes\" \/>\n<script type=\"application\/ld+json\" class=\"yoast-schema-graph\">{\"@context\":\"https:\\\/\\\/schema.org\",\"@graph\":[{\"@type\":\"WebPage\",\"@id\":\"https:\\\/\\\/mcrtecresa.com\\\/fr\\\/panneaux-tecbor\\\/chemin-de-cables\",\"url\":\"https:\\\/\\\/mcrtecresa.com\\\/fr\\\/panneaux-tecbor\\\/chemin-de-cables\",\"name\":\"Protection de c\u00e2bles Tecbor 40 mm - mercor tecresa\u00ae\",\"isPartOf\":{\"@id\":\"https:\\\/\\\/mcrtecresa.com\\\/#website\"},\"datePublished\":\"2019-06-25T11:25:35+00:00\",\"dateModified\":\"2026-03-18T13:21:55+00:00\",\"description\":\"Quand il est n\u00e9cessaire que le syst\u00e8me de distribution \u00e9lectrique soit entretenu en parfaite \u00e9tat de fonctionnement en cas d\u2019incendie, il est indispens...\",\"breadcrumb\":{\"@id\":\"https:\\\/\\\/mcrtecresa.com\\\/fr\\\/panneaux-tecbor\\\/chemin-de-cables#breadcrumb\"},\"inLanguage\":\"fr-FR\",\"potentialAction\":[{\"@type\":\"ReadAction\",\"target\":[\"https:\\\/\\\/mcrtecresa.com\\\/fr\\\/panneaux-tecbor\\\/chemin-de-cables\"]}]},{\"@type\":\"BreadcrumbList\",\"@id\":\"https:\\\/\\\/mcrtecresa.com\\\/fr\\\/panneaux-tecbor\\\/chemin-de-cables#breadcrumb\",\"itemListElement\":[{\"@type\":\"ListItem\",\"position\":1,\"name\":\"mcr tecresa\u00ae\",\"item\":\"https:\\\/\\\/mcrtecresa.com\\\/fr\"},{\"@type\":\"ListItem\",\"position\":2,\"name\":\"Panneaux Tecbor\u00ae\",\"item\":\"https:\\\/\\\/mcrtecresa.com\\\/fr\\\/panneaux-tecbor\"},{\"@type\":\"ListItem\",\"position\":3,\"name\":\"Panneaux Tecbor\u00ae -Protection de c\u00e2bles\"}]},{\"@type\":\"WebSite\",\"@id\":\"https:\\\/\\\/mcrtecresa.com\\\/#website\",\"url\":\"https:\\\/\\\/mcrtecresa.com\\\/\",\"name\":\"Mcr Tecresa\",\"description\":\"Empresa l\u00edder en protecci\u00f3n pasiva contra incendios\",\"publisher\":{\"@id\":\"https:\\\/\\\/mcrtecresa.com\\\/#organization\"},\"alternateName\":\"Protecci\u00f3n Pasiva Contra Incendios\",\"potentialAction\":[{\"@type\":\"SearchAction\",\"target\":{\"@type\":\"EntryPoint\",\"urlTemplate\":\"https:\\\/\\\/mcrtecresa.com\\\/?s={search_term_string}\"},\"query-input\":{\"@type\":\"PropertyValueSpecification\",\"valueRequired\":true,\"valueName\":\"search_term_string\"}}],\"inLanguage\":\"fr-FR\"},{\"@type\":\"Organization\",\"@id\":\"https:\\\/\\\/mcrtecresa.com\\\/#organization\",\"name\":\"Mcr Tecresa\",\"url\":\"https:\\\/\\\/mcrtecresa.com\\\/\",\"logo\":{\"@type\":\"ImageObject\",\"inLanguage\":\"fr-FR\",\"@id\":\"https:\\\/\\\/mcrtecresa.com\\\/#\\\/schema\\\/logo\\\/image\\\/\",\"url\":\"https:\\\/\\\/mcrtecresa.com\\\/wp-content\\\/uploads\\\/2025\\\/07\\\/Logo-Original-1.png\",\"contentUrl\":\"https:\\\/\\\/mcrtecresa.com\\\/wp-content\\\/uploads\\\/2025\\\/07\\\/Logo-Original-1.png\",\"width\":195,\"height\":46,\"caption\":\"Mcr Tecresa\"},\"image\":{\"@id\":\"https:\\\/\\\/mcrtecresa.com\\\/#\\\/schema\\\/logo\\\/image\\\/\"},\"sameAs\":[\"https:\\\/\\\/www.linkedin.com\\\/company\\\/mcrtecresa\",\"https:\\\/\\\/www.youtube.com\\\/@Mcrtecresa\"]}]}<\/script>\n<!-- \/ Yoast SEO plugin. -->","yoast_head_json":{"title":"Protection de c\u00e2bles Tecbor 40 mm - mercor tecresa\u00ae","description":"Quand il est n\u00e9cessaire que le syst\u00e8me de distribution \u00e9lectrique soit entretenu en parfaite \u00e9tat de fonctionnement en cas d\u2019incendie, il est indispens...","robots":{"index":"index","follow":"follow","max-snippet":"max-snippet:-1","max-image-preview":"max-image-preview:large","max-video-preview":"max-video-preview:-1"},"canonical":"https:\/\/mcrtecresa.com\/fr\/panneaux-tecbor\/chemin-de-cables","og_locale":"fr_FR","og_type":"article","og_title":"Protection de c\u00e2bles Tecbor 40 mm - mercor tecresa\u00ae","og_description":"Quand il est n\u00e9cessaire que le syst\u00e8me de distribution \u00e9lectrique soit entretenu en parfaite \u00e9tat de fonctionnement en cas d\u2019incendie, il est indispens...","og_url":"https:\/\/mcrtecresa.com\/fr\/panneaux-tecbor\/chemin-de-cables","og_site_name":"Mcr Tecresa","article_modified_time":"2026-03-18T13:21:55+00:00","og_image":[{"width":195,"height":46,"url":"https:\/\/mcrtecresa.com\/wp-content\/uploads\/2025\/07\/Logo-Original-1.png","type":"image\/png"}],"twitter_card":"summary_large_image","twitter_misc":{"Dur\u00e9e de lecture estim\u00e9e":"3 minutes"},"schema":{"@context":"https:\/\/schema.org","@graph":[{"@type":"WebPage","@id":"https:\/\/mcrtecresa.com\/fr\/panneaux-tecbor\/chemin-de-cables","url":"https:\/\/mcrtecresa.com\/fr\/panneaux-tecbor\/chemin-de-cables","name":"Protection de c\u00e2bles Tecbor 40 mm - mercor tecresa\u00ae","isPartOf":{"@id":"https:\/\/mcrtecresa.com\/#website"},"datePublished":"2019-06-25T11:25:35+00:00","dateModified":"2026-03-18T13:21:55+00:00","description":"Quand il est n\u00e9cessaire que le syst\u00e8me de distribution \u00e9lectrique soit entretenu en parfaite \u00e9tat de fonctionnement en cas d\u2019incendie, il est indispens...","breadcrumb":{"@id":"https:\/\/mcrtecresa.com\/fr\/panneaux-tecbor\/chemin-de-cables#breadcrumb"},"inLanguage":"fr-FR","potentialAction":[{"@type":"ReadAction","target":["https:\/\/mcrtecresa.com\/fr\/panneaux-tecbor\/chemin-de-cables"]}]},{"@type":"BreadcrumbList","@id":"https:\/\/mcrtecresa.com\/fr\/panneaux-tecbor\/chemin-de-cables#breadcrumb","itemListElement":[{"@type":"ListItem","position":1,"name":"mcr tecresa\u00ae","item":"https:\/\/mcrtecresa.com\/fr"},{"@type":"ListItem","position":2,"name":"Panneaux Tecbor\u00ae","item":"https:\/\/mcrtecresa.com\/fr\/panneaux-tecbor"},{"@type":"ListItem","position":3,"name":"Panneaux Tecbor\u00ae -Protection de c\u00e2bles"}]},{"@type":"WebSite","@id":"https:\/\/mcrtecresa.com\/#website","url":"https:\/\/mcrtecresa.com\/","name":"Mcr Tecresa","description":"Empresa l\u00edder en protecci\u00f3n pasiva contra incendios","publisher":{"@id":"https:\/\/mcrtecresa.com\/#organization"},"alternateName":"Protecci\u00f3n Pasiva Contra Incendios","potentialAction":[{"@type":"SearchAction","target":{"@type":"EntryPoint","urlTemplate":"https:\/\/mcrtecresa.com\/?s={search_term_string}"},"query-input":{"@type":"PropertyValueSpecification","valueRequired":true,"valueName":"search_term_string"}}],"inLanguage":"fr-FR"},{"@type":"Organization","@id":"https:\/\/mcrtecresa.com\/#organization","name":"Mcr Tecresa","url":"https:\/\/mcrtecresa.com\/","logo":{"@type":"ImageObject","inLanguage":"fr-FR","@id":"https:\/\/mcrtecresa.com\/#\/schema\/logo\/image\/","url":"https:\/\/mcrtecresa.com\/wp-content\/uploads\/2025\/07\/Logo-Original-1.png","contentUrl":"https:\/\/mcrtecresa.com\/wp-content\/uploads\/2025\/07\/Logo-Original-1.png","width":195,"height":46,"caption":"Mcr Tecresa"},"image":{"@id":"https:\/\/mcrtecresa.com\/#\/schema\/logo\/image\/"},"sameAs":["https:\/\/www.linkedin.com\/company\/mcrtecresa","https:\/\/www.youtube.com\/@Mcrtecresa"]}]}},"_links":{"self":[{"href":"https:\/\/mcrtecresa.com\/fr\/wp-json\/wp\/v2\/pages\/28491","targetHints":{"allow":["GET"]}}],"collection":[{"href":"https:\/\/mcrtecresa.com\/fr\/wp-json\/wp\/v2\/pages"}],"about":[{"href":"https:\/\/mcrtecresa.com\/fr\/wp-json\/wp\/v2\/types\/page"}],"author":[{"embeddable":true,"href":"https:\/\/mcrtecresa.com\/fr\/wp-json\/wp\/v2\/users\/2"}],"replies":[{"embeddable":true,"href":"https:\/\/mcrtecresa.com\/fr\/wp-json\/wp\/v2\/comments?post=28491"}],"version-history":[{"count":0,"href":"https:\/\/mcrtecresa.com\/fr\/wp-json\/wp\/v2\/pages\/28491\/revisions"}],"up":[{"embeddable":true,"href":"https:\/\/mcrtecresa.com\/fr\/wp-json\/wp\/v2\/pages\/19276"}],"wp:attachment":[{"href":"https:\/\/mcrtecresa.com\/fr\/wp-json\/wp\/v2\/media?parent=28491"}],"curies":[{"name":"wp","href":"https:\/\/api.w.org\/{rel}","templated":true}]}}