{"id":28169,"date":"2019-05-22T11:52:54","date_gmt":"2019-05-22T09:52:54","guid":{"rendered":"https:\/\/mcrtecresa.com\/mortier-tecplaster\/proteccion-acero-hormigon-y-madera-con-membrana-tecplaster"},"modified":"2025-09-24T12:26:54","modified_gmt":"2025-09-24T10:26:54","slug":"acier-beton-bois-membrane","status":"publish","type":"page","link":"https:\/\/mcrtecresa.com\/fr\/mortier-tecplaster\/acier-beton-bois-membrane","title":{"rendered":"Protection des \u00e9l\u00e9ments en acier, en b\u00e9ton et en bois membrane tecplaster"},"content":{"rendered":"<div class=\"wpb-content-wrapper\"><p>[vc_row][vc_column][vc_column_text]<\/p>\n<pre><code class=\"html hljs xml\"><span><span><a href=\"https:\/\/mcrtecresa.com\/fr\">mcr tecresa\u00ae<\/a><\/span><\/span><\/code><\/pre>\n<p>[\/vc_column_text][vc_empty_space height=\u00a0\u00bb10px\u00a0\u00bb][\/vc_column][\/vc_row][vc_row][vc_column]<div class=\"mgt-header-block clearfix text-left text-black wpb_animate_when_almost_visible wpb_top-to-bottom wpb_content_element  mgt-header-block-style-2 mgt-header-texttransform-none  vc_custom_1558537903970\"><h2 class=\"mgt-header-block-title\">Solutions Constructives Tecplaster\u00ae<\/h2><div class=\"mgt-header-line\"><\/div><\/div>[vc_empty_space height=\u00a0\u00bb20px\u00a0\u00bb el_class=\u00a0\u00bbvc_hidden-sm vc_hidden-xs\u00a0\u00bb][\/vc_column][\/vc_row][vc_row][vc_column][vc_row_inner][vc_column_inner width=\u00a0\u00bb1\/4&Prime;][vc_btn title=\u00a0\u00bbProtection des \u00e9l\u00e9ments en acier, en b\u00e9ton et en bois membrane Tecplaster\u00a0\u00bb style=\u00a0\u00bbcustom\u00a0\u00bb custom_background=\u00a0\u00bb#e42413&Prime; custom_text=\u00a0\u00bb#ffffff\u00a0\u00bb shape=\u00a0\u00bbround\u00a0\u00bb size=\u00a0\u00bbsm\u00a0\u00bb align=\u00a0\u00bbcenter\u00a0\u00bb button_block=\u00a0\u00bbtrue\u00a0\u00bb link=\u00a0\u00bburl:%23|||\u00a0\u00bb][\/vc_column_inner][vc_column_inner width=\u00a0\u00bb1\/4&Prime;][vc_btn title=\u00a0\u00bbProtection des dalles mixtes\u00a0\u00bb style=\u00a0\u00bboutline-custom\u00a0\u00bb outline_custom_color=\u00a0\u00bb#e42413&Prime; outline_custom_hover_background=\u00a0\u00bb#e42413&Prime; outline_custom_hover_text=\u00a0\u00bb#ffffff\u00a0\u00bb shape=\u00a0\u00bbround\u00a0\u00bb size=\u00a0\u00bbsm\u00a0\u00bb align=\u00a0\u00bbcenter\u00a0\u00bb button_block=\u00a0\u00bbtrue\u00a0\u00bb link=\u00a0\u00bburl:https%3A%2F%2Fmcrtecresa.com%2Ffr%2Fmortier-tecplaster%2Fprotection-de-dalles-mixtes\u00a0\u00bb][\/vc_column_inner][vc_column_inner width=\u00a0\u00bb1\/4&Prime;][\/vc_column_inner][vc_column_inner width=\u00a0\u00bb1\/4&Prime;][\/vc_column_inner][\/vc_row_inner][vc_empty_space height=\u00a0\u00bb50px\u00a0\u00bb el_class=\u00a0\u00bbvc_hidden-sm vc_hidden-xs\u00a0\u00bb][\/vc_column][\/vc_row][vc_row][vc_column]<div class=\"mgt-header-block clearfix text-left text-black wpb_animate_when_almost_visible wpb_top-to-bottom wpb_content_element  mgt-header-block-style-2 mgt-header-texttransform-none  vc_custom_1558538075992\"><h1 class=\"mgt-header-block-title\">Tecplaster\u00ae - Protection des \u00e9l\u00e9ments en acier, en b\u00e9ton et en bois (Membrane Tecplaster)<\/h1><div class=\"mgt-header-line\"><\/div><\/div>[vc_row_inner][vc_column_inner width=\u00a0\u00bb2\/3&Prime;][vc_empty_space height=\u00a0\u00bb40px\u00a0\u00bb][vc_column_text css=\u00a0\u00bb\u00a0\u00bb]<\/p>\n<p style=\"text-align: justify;\">Les \u00e9l\u00e9ments structurels les plus courants sont ceux form\u00e9s par des \u00e9l\u00e9ments en acier, en b\u00e9ton et en bois. Par cons\u00e9quent, <strong>mcr tecresa<sup>\u00ae<\/sup><\/strong><strong>\u00a0<\/strong><span style=\"color: #000000;\">a d\u00e9velopp\u00e9 una solution constructive qui prot\u00e8ge l\u00b4un de ces \u00e9l\u00e9ments, quelle que soit la conception de la structure que nous trouvons dans un projet.<\/span><\/p>\n<p style=\"text-align: justify;\">Pour vous donner una solution universelle, <strong>mcr tecresa<sup>\u00ae<\/sup><\/strong><span style=\"color: #ff0000;\"><strong>\u00a0<\/strong><span style=\"color: #000000;\">a d\u00e9velopp\u00e9 una solution unique qui permets la protection de tout \u00e9l\u00e9ment structurel en appliquant\u00a0 \u00a0 \u00a0 l\u00b4epassieur d\u00e9termin\u00e9e par le mat\u00e9riau \u00e0 prot\u00e9ger et la r\u00e9sistance au feu requise.<\/span><\/span><\/p>\n<p style=\"text-align: justify;\">Une telle solution technique est une membrane de protection horizontal qui prot\u00e8ge contre le feu des \u00e9l\u00e9ments structurels par le mortier <strong>Tecplaster\u00ae.<\/strong><\/p>\n<p style=\"text-align: justify;\"><strong>Tecplaster\u00ae\u00a0<\/strong>est un mortier ignifuge \u00e0 base de gypse, qui a \u00e9t\u00e9 d\u00e9velopp\u00e9 sp\u00e9cifiquement pour la protection des \u00e9l\u00e9ments structurels de la construction, appliqu\u00e9 para projection \u00e0 la machine.<\/p>\n<p>[\/vc_column_text][\/vc_column_inner][vc_column_inner width=\u00a0\u00bb1\/3&Prime;][vc_single_image image=\u00a0\u00bb20398&Prime; img_size=\u00a0\u00bbfull\u00a0\u00bb alignment=\u00a0\u00bbcenter\u00a0\u00bb style=\u00a0\u00bbvc_box_rounded\u00a0\u00bb onclick=\u00a0\u00bblink_image\u00a0\u00bb css=\u00a0\u00bb.vc_custom_1558517441188{margin-top: 3rem !important;}\u00a0\u00bb][\/vc_column_inner][\/vc_row_inner][vc_empty_space height=\u00a0\u00bb40px\u00a0\u00bb][\/vc_column][\/vc_row][vc_row][vc_column width=\u00a0\u00bb1\/2&Prime; el_class=\u00a0\u00bbbordersolution\u00a0\u00bb][vc_empty_space height=\u00a0\u00bb15px\u00a0\u00bb][vc_single_image image=\u00a0\u00bb28132&Prime; img_size=\u00a0\u00bblarge\u00a0\u00bb alignment=\u00a0\u00bbcenter\u00a0\u00bb onclick=\u00a0\u00bblink_image\u00a0\u00bb][vc_row_inner css=\u00a0\u00bb.vc_custom_1519682527087{padding-right: 3rem !important;padding-left: 3rem !important;}\u00a0\u00bb][vc_column_inner width=\u00a0\u00bb1\/2&Prime;]<div class=\"mgt-header-block clearfix text-left text-black wpb_content_element  mgt-header-block-style-1 mgt-header-texttransform-header \"><h2 class=\"mgt-header-block-title\"><\/h2><p class=\"mgt-header-block-subtitle\">Test<\/p><div class=\"mgt-header-line\"><\/div><\/div>[vc_column_text]<b>Norme<\/b>: UNE EN 13381-4<br \/>\n<b>Laboratoire<\/b>: TECNALIA.<br \/>\n<b>N\u00ba Test<\/b>: 72951[\/vc_column_text][\/vc_column_inner][vc_column_inner width=\u00a0\u00bb1\/2&Prime;]<div class=\"mgt-header-block clearfix text-left text-black wpb_content_element  mgt-header-block-style-1 mgt-header-texttransform-header \"><h2 class=\"mgt-header-block-title\"><\/h2><p class=\"mgt-header-block-subtitle\">Solution<\/p><div class=\"mgt-header-line\"><\/div><\/div>[vc_column_text]<span style=\"color: #ff0000;\"><strong>1<\/strong>.<\/span> Fourche TC.<\/p>\n<p><span style=\"color: #ff0000;\"><strong>2<\/strong>.<\/span> Tige filet\u00e9e M6.<\/p>\n<p><span style=\"color: #ff0000;\"><strong>3<\/strong>.<\/span> TC 47.<\/p>\n<p><span style=\"color: #ff0000;\"><strong>4<\/strong>.<\/span> Maille de nervom\u00e9tal.<\/p>\n<p><span style=\"color: #ff0000;\"><strong>5<\/strong>.<\/span> <strong>Tecplaster\u00ae <\/strong>\u00a0(13 et 28mm).[\/vc_column_text][\/vc_column_inner][\/vc_row_inner][\/vc_column][vc_column width=\u00a0\u00bb1\/2&Prime; css=\u00a0\u00bb.vc_custom_1519682712284{padding-left: 2rem !important;}\u00a0\u00bb]<div class=\"mgt-header-block clearfix text-left text-black wpb_animate_when_almost_visible wpb_top-to-bottom wpb_content_element  mgt-header-block-style-2 mgt-header-texttransform-none  vc_custom_1558525883386\"><h2 class=\"mgt-header-block-title\">Application<\/h2><div class=\"mgt-header-line\"><\/div><\/div>[vc_column_text]<\/p>\n<p style=\"text-align: justify;\">Membrane horizontale en structure maill\u00e9e fix\u00e9 directement sur les profil\u00e9s TC 47, suspendue tous les 600 mm aux profil\u00e9s IPE 160 par SM 8 et la tige filet\u00e9e M6. <strong>Tecplaster\u00ae<\/strong> Mortier projet\u00e9 avec une \u00e9paisseur moyenne de 13 ou 28 mm.<\/p>\n<p style=\"text-align: justify;\"><strong>Tecplaster\u00ae<\/strong> son application est normalement r\u00e9alis\u00e9e avec des machines de projection de mortier avec pompe \u00e0 vis sans fin par voix humide. Si l\u00b4application est manuelle, il est recommand\u00e9 de placer au pr\u00e9alable un filet m\u00e9tallique d\u00e9ploy\u00e9, correctement fix\u00e9 \u00e0 la surface \u00e0 prot\u00e9ger.<\/p>\n<p style=\"text-align: justify;\"><strong>Pr\u00e9paration du Mortier Tecplaser\u00ae:<\/strong><\/p>\n<ul style=\"text-align: justify;\">\n<li>Ajouter de l\u00b4eau au mortier, 1 Kg de mortier sec = 1 litre d\u00b4eau.<\/li>\n<li>La quantit\u00e9 d\u00b4eau par rapport \u00e0 celle de <strong>Mortier Tecplaster\u00ae<\/strong> d\u00e9termine la consistance d\u00e9sir\u00e9e.<\/li>\n<\/ul>\n<p style=\"text-align: justify;\"><strong>Pr\u00e9paration de la surface:<\/strong><\/p>\n<ul style=\"text-align: justify;\">\n<li>Elle ne doit pas contenir de graisse, de pussi\u00e8re ou d\u00b4autres \u00e9l\u00e9ments d\u00e9sagr\u00e9g\u00e9s. Les surfaces m\u00e9talliques doivent \u00eatre induites, et les surfaces en b\u00e9ton ne doivent pas contenir de restes de d\u00e9coffrage.<\/li>\n<\/ul>\n<p style=\"text-align: justify;\">Le <strong>Mortier Tecplaster\u00ae<\/strong> a normalement une finition r\u00eache lorsqu\u00b4il est projet\u00e9. Il peut \u00eatre liss\u00e9 dans certains cas particuliers. Une finition avec peinture peut \u00eatre r\u00e9alis\u00e9e.<\/p>\n<p style=\"text-align: justify;\">Le <strong>Mortier Tecplaster\u00ae<\/strong> peut \u00eatre appliqu\u00e9 en int\u00e9rieur entre 5\u00baC et 40\u00baC \u00e0 condition qu\u00b4il ne soit pas trop expos\u00e9 \u00e0 l\u00b4humidit\u00e9.<\/p>\n<p>[\/vc_column_text][\/vc_column][\/vc_row][vc_row][vc_column][vc_empty_space height=\u00a0\u00bb50px\u00a0\u00bb]<div class=\"mgt-header-block clearfix text-left text-black wpb_animate_when_almost_visible wpb_top-to-bottom wpb_content_element  mgt-header-block-style-2 mgt-header-texttransform-none  vc_custom_1558539984904\"><h2 class=\"mgt-header-block-title\">Documentation<\/h2><div class=\"mgt-header-line\"><\/div><\/div>[vc_row_inner][vc_column_inner width=\u00a0\u00bb1\/3&Prime;][vc_raw_html]JTNDZGl2JTIwY2xhc3MlM0QlMjJ3aWRnZXQtZG93bmxvYWQtbGluay13cmFwcGVyJTIyJTNFJTBBJTNDZGl2JTIwY2xhc3MlM0QlMjJ3aWRnZXQtZG93bmxvYWQtaWNvbiUyMiUzRSUzQ2klMjBjbGFzcyUzRCUyMmZhJTIwZmEtZmlsZS1wZGYtbyUyMiUzRSUzQyUyRmklM0UlMEElM0MlMkZkaXYlM0UlMEElM0NkaXYlMjBjbGFzcyUzRCUyMndpZGdldC1kb3dubG9hZC1kZXRhaWxzJTIyJTNFJTBBJTNDZGl2JTIwY2xhc3MlM0QlMjJ3aWRnZXQtZG93bmxvYWQtdGl0bGUlMjIlM0UlM0NzcGFuJTIwY2xhc3MlM0QlMjJkb2N1bWVudG8tcGRmJTIyJTIwb25jbGljayUzRCUyMnNldExvY2F0aW9uJTI4JTI3RkRTLXRlY3BsYXN0ZXItbWVtYnJhbmUtRlIlMjclMjklMjIlM0VGaWNoZSUyMHQlQzMlQTlsJUMzJUE5Y2hhcmdlYWJsZSUyMGRlJTIwbGElMjBzb2x1dGlvbiUzQyUyRnNwYW4lM0UlM0MlMkZkaXYlM0UlMEElM0NkaXYlMjBjbGFzcyUzRCUyMndpZGdldC1kb3dubG9hZC1zdWJ0aXRsZSUyMiUzRTQ3MyUyMEtiJTJDJTIwUERGJTNDJTJGZGl2JTNFJTBBJTNDJTJGZGl2JTNFJTBBJTNDJTJGZGl2JTNFJTBB[\/vc_raw_html][\/vc_column_inner][vc_column_inner width=\u00a0\u00bb1\/3&Prime;][\/vc_column_inner][vc_column_inner width=\u00a0\u00bb1\/3&Prime;][\/vc_column_inner][\/vc_row_inner][vc_empty_space height=\u00a0\u00bb20px\u00a0\u00bb el_class=\u00a0\u00bbvc_hidden-sm vc_hidden-xs\u00a0\u00bb][\/vc_column][\/vc_row][vc_row][vc_column]<style scoped='scoped'>.mgt-promo-block-79292048663.mgt-promo-block.darken .mgt-promo-block-content {background-color: rgba(10,10,10,0.63)!important;}.mgt-promo-block-79292048663.mgt-promo-block.animated:hover .mgt-promo-block-content {background-color: rgba(68,0,0,0.61)!important;}<\/style><div class=\"mgt-promo-block animated white-text cover-image text-size-normal darken mgt-promo-block-79292048663 wpb_content_element wpb_animate_when_almost_visible wpb_left-to-right\" data-style=\"background-color: #bababa;width: 100%; height: 200px;\"><div class=\"mgt-promo-block-content\"><div class=\"mgt-promo-block-content-inside vc_custom_1528977146600\">\n<h2>Avez-vous des questions?<\/h2>\n<div class=\"mgt-button-wrapper mgt-button-wrapper-align-left mgt-button-wrapper-display-newline mgt-button-top-margin-enable\"><a class=\"btn hvr-icon-wobble-horizontal mgt-button mgt-style-solid-invert mgt-size-normal mgt-align-left mgt-display-newline mgt-text-size-small mgt-button-icon-position-right mgt-text-transform-uppercase \" href=\"https:\/\/mcrtecresa.com\/fr\/contact\">Contactez-nous<i class=\"fa fa-arrow-right\"><\/i><\/a><\/div><\/div><\/div><\/div>[\/vc_column][\/vc_row][vc_row][vc_column]<div class=\"mgt-header-block clearfix text-left text-black wpb_content_element  mgt-header-block-style-1 mgt-header-texttransform-header \"><h2 class=\"mgt-header-block-title\">EN SAVOIR PLUS<\/h2><p class=\"mgt-header-block-subtitle\">Protection des \u00e9l\u00e9ments en acier (piliers et poutres) avec:<\/p><div class=\"mgt-header-line\"><\/div><\/div>[\/vc_column][\/vc_row][vc_row][vc_column width=\u00a0\u00bb1\/3&Prime;][vc_btn title=\u00a0\u00bbMortier Tecwool\u00ae F\u00a0\u00bb style=\u00a0\u00bboutline-custom\u00a0\u00bb outline_custom_color=\u00a0\u00bb#000000&Prime; outline_custom_hover_background=\u00a0\u00bb#e42413&Prime; outline_custom_hover_text=\u00a0\u00bb#ffffff\u00a0\u00bb shape=\u00a0\u00bbround\u00a0\u00bb size=\u00a0\u00bbsm\u00a0\u00bb align=\u00a0\u00bbcenter\u00a0\u00bb button_block=\u00a0\u00bbtrue\u00a0\u00bb link=\u00a0\u00bburl:https%3A%2F%2Fmcrtecresa.com%2Ffr%2Fmortiers-tecwool%2Ftecwool-f%2Fresistance-au-feu-des-elements-structuraux-en-beton|||\u00a0\u00bb][\/vc_column][vc_column width=\u00a0\u00bb1\/3&Prime;][vc_btn title=\u00a0\u00bbPanneaux Tecbor\u00ae\u00a0\u00bb style=\u00a0\u00bboutline-custom\u00a0\u00bb outline_custom_color=\u00a0\u00bb#000000&Prime; outline_custom_hover_background=\u00a0\u00bb#e42413&Prime; outline_custom_hover_text=\u00a0\u00bb#ffffff\u00a0\u00bb shape=\u00a0\u00bbround\u00a0\u00bb size=\u00a0\u00bbsm\u00a0\u00bb align=\u00a0\u00bbcenter\u00a0\u00bb button_block=\u00a0\u00bbtrue\u00a0\u00bb link=\u00a0\u00bburl:https%3A%2F%2Fmcrtecresa.com%2Ffr%2Fpanneaux-tecbor%2Fstructure-metallique|||\u00a0\u00bb][\/vc_column][vc_column width=\u00a0\u00bb1\/3&Prime;][vc_btn title=\u00a0\u00bbPeinture intumencente Teclack-W\u00ae\u00a0\u00bb style=\u00a0\u00bboutline-custom\u00a0\u00bb outline_custom_color=\u00a0\u00bb#000000&Prime; outline_custom_hover_background=\u00a0\u00bb#e42413&Prime; outline_custom_hover_text=\u00a0\u00bb#ffffff\u00a0\u00bb shape=\u00a0\u00bbround\u00a0\u00bb size=\u00a0\u00bbsm\u00a0\u00bb align=\u00a0\u00bbcenter\u00a0\u00bb button_block=\u00a0\u00bbtrue\u00a0\u00bb link=\u00a0\u00bburl:https%3A%2F%2Fmcrtecresa.com%2Ffr%2Fpeinture-intumescente-teclack-w%2Fprotection-des-elements-en-acier|||\u00a0\u00bb][\/vc_column][\/vc_row][vc_row][vc_column][vc_separator][\/vc_column][\/vc_row]<\/p>\n<\/div>","protected":false},"excerpt":{"rendered":"<p>[vc_row][vc_column][vc_column_text] [\/vc_column_text][vc_empty_space height=\u00a0\u00bb10px\u00a0\u00bb][\/vc_column][\/vc_row][vc_row][vc_column][vc_empty_space height=\u00a0\u00bb20px\u00a0\u00bb el_class=\u00a0\u00bbvc_hidden-sm vc_hidden-xs\u00a0\u00bb][\/vc_column][\/vc_row][vc_row][vc_column][vc_row_inner][vc_column_inner width=\u00a0\u00bb1\/4&Prime;][vc_btn title=\u00a0\u00bbProtection des \u00e9l\u00e9ments en acier, en b\u00e9ton et en bois membrane Tecplaster\u00a0\u00bb style=\u00a0\u00bbcustom\u00a0\u00bb custom_background=\u00a0\u00bb#e42413&Prime; custom_text=\u00a0\u00bb#ffffff\u00a0\u00bb shape=\u00a0\u00bbround\u00a0\u00bb size=\u00a0\u00bbsm\u00a0\u00bb align=\u00a0\u00bbcenter\u00a0\u00bb button_block=\u00a0\u00bbtrue\u00a0\u00bb link=\u00a0\u00bburl:%23|||\u00a0\u00bb][\/vc_column_inner][vc_column_inner width=\u00a0\u00bb1\/4&Prime;][vc_btn title=\u00a0\u00bbProtection des&#8230;<\/p>\n","protected":false},"author":2,"featured_media":0,"parent":52927,"menu_order":0,"comment_status":"closed","ping_status":"closed","template":"","meta":{"footnotes":""},"class_list":["post-28169","page","type-page","status-publish","hentry"],"yoast_head":"<!-- This site is optimized with the Yoast SEO plugin v27.4 - https:\/\/yoast.com\/product\/yoast-seo-wordpress\/ -->\n<title>Protection des \u00e9l\u00e9ments en acier, en b\u00e9ton et en bois membrane tecplaster<\/title>\n<meta name=\"description\" content=\"Les \u00e9l\u00e9ments structurels les plus courants sont ceux form\u00e9s par des \u00e9l\u00e9ments en acier, en b\u00e9ton et en bois. Par cons\u00e9quent, mercor tecresa\u00ae a d\u00e9velopp\u00e9 ....\" \/>\n<meta name=\"robots\" content=\"index, follow, max-snippet:-1, max-image-preview:large, max-video-preview:-1\" \/>\n<link rel=\"canonical\" href=\"https:\/\/mcrtecresa.com\/fr\/mortier-tecplaster\/acier-beton-bois-membrane\" \/>\n<meta property=\"og:locale\" content=\"fr_FR\" \/>\n<meta property=\"og:type\" content=\"article\" \/>\n<meta property=\"og:title\" content=\"Protection des \u00e9l\u00e9ments en acier, en b\u00e9ton et en bois membrane tecplaster\" \/>\n<meta property=\"og:description\" content=\"Les \u00e9l\u00e9ments structurels les plus courants sont ceux form\u00e9s par des \u00e9l\u00e9ments en acier, en b\u00e9ton et en bois. Par cons\u00e9quent, mercor tecresa\u00ae a d\u00e9velopp\u00e9 ....\" \/>\n<meta property=\"og:url\" content=\"https:\/\/mcrtecresa.com\/fr\/mortier-tecplaster\/acier-beton-bois-membrane\" \/>\n<meta property=\"og:site_name\" content=\"Mcr Tecresa\" \/>\n<meta property=\"article:modified_time\" content=\"2025-09-24T10:26:54+00:00\" \/>\n<meta property=\"og:image\" content=\"https:\/\/mcrtecresa.com\/wp-content\/uploads\/2025\/07\/Logo-Original-1.png\" \/>\n\t<meta property=\"og:image:width\" content=\"195\" \/>\n\t<meta property=\"og:image:height\" content=\"46\" \/>\n\t<meta property=\"og:image:type\" content=\"image\/png\" \/>\n<meta name=\"twitter:card\" content=\"summary_large_image\" \/>\n<meta name=\"twitter:label1\" content=\"Dur\u00e9e de lecture estim\u00e9e\" \/>\n\t<meta name=\"twitter:data1\" content=\"3 minutes\" \/>\n<script type=\"application\/ld+json\" class=\"yoast-schema-graph\">{\"@context\":\"https:\\\/\\\/schema.org\",\"@graph\":[{\"@type\":\"WebPage\",\"@id\":\"https:\\\/\\\/mcrtecresa.com\\\/fr\\\/mortier-tecplaster\\\/acier-beton-bois-membrane\",\"url\":\"https:\\\/\\\/mcrtecresa.com\\\/fr\\\/mortier-tecplaster\\\/acier-beton-bois-membrane\",\"name\":\"Protection des \u00e9l\u00e9ments en acier, en b\u00e9ton et en bois membrane tecplaster\",\"isPartOf\":{\"@id\":\"https:\\\/\\\/mcrtecresa.com\\\/#website\"},\"datePublished\":\"2019-05-22T09:52:54+00:00\",\"dateModified\":\"2025-09-24T10:26:54+00:00\",\"description\":\"Les \u00e9l\u00e9ments structurels les plus courants sont ceux form\u00e9s par des \u00e9l\u00e9ments en acier, en b\u00e9ton et en bois. Par cons\u00e9quent, mercor tecresa\u00ae a d\u00e9velopp\u00e9 ....\",\"breadcrumb\":{\"@id\":\"https:\\\/\\\/mcrtecresa.com\\\/fr\\\/mortier-tecplaster\\\/acier-beton-bois-membrane#breadcrumb\"},\"inLanguage\":\"fr-FR\",\"potentialAction\":[{\"@type\":\"ReadAction\",\"target\":[\"https:\\\/\\\/mcrtecresa.com\\\/fr\\\/mortier-tecplaster\\\/acier-beton-bois-membrane\"]}]},{\"@type\":\"BreadcrumbList\",\"@id\":\"https:\\\/\\\/mcrtecresa.com\\\/fr\\\/mortier-tecplaster\\\/acier-beton-bois-membrane#breadcrumb\",\"itemListElement\":[{\"@type\":\"ListItem\",\"position\":1,\"name\":\"mcr tecresa\u00ae\",\"item\":\"https:\\\/\\\/mcrtecresa.com\\\/fr\"},{\"@type\":\"ListItem\",\"position\":2,\"name\":\"Mortier Tecplaster\u00ae\",\"item\":\"https:\\\/\\\/mcrtecresa.com\\\/fr\\\/mortier-tecplaster\"},{\"@type\":\"ListItem\",\"position\":3,\"name\":\"Protection des \u00e9l\u00e9ments en acier, en b\u00e9ton et en bois membrane tecplaster\"}]},{\"@type\":\"WebSite\",\"@id\":\"https:\\\/\\\/mcrtecresa.com\\\/#website\",\"url\":\"https:\\\/\\\/mcrtecresa.com\\\/\",\"name\":\"Mcr Tecresa\",\"description\":\"Empresa l\u00edder en protecci\u00f3n pasiva contra incendios\",\"publisher\":{\"@id\":\"https:\\\/\\\/mcrtecresa.com\\\/#organization\"},\"alternateName\":\"Protecci\u00f3n Pasiva Contra Incendios\",\"potentialAction\":[{\"@type\":\"SearchAction\",\"target\":{\"@type\":\"EntryPoint\",\"urlTemplate\":\"https:\\\/\\\/mcrtecresa.com\\\/?s={search_term_string}\"},\"query-input\":{\"@type\":\"PropertyValueSpecification\",\"valueRequired\":true,\"valueName\":\"search_term_string\"}}],\"inLanguage\":\"fr-FR\"},{\"@type\":\"Organization\",\"@id\":\"https:\\\/\\\/mcrtecresa.com\\\/#organization\",\"name\":\"Mcr Tecresa\",\"url\":\"https:\\\/\\\/mcrtecresa.com\\\/\",\"logo\":{\"@type\":\"ImageObject\",\"inLanguage\":\"fr-FR\",\"@id\":\"https:\\\/\\\/mcrtecresa.com\\\/#\\\/schema\\\/logo\\\/image\\\/\",\"url\":\"https:\\\/\\\/mcrtecresa.com\\\/wp-content\\\/uploads\\\/2025\\\/07\\\/Logo-Original-1.png\",\"contentUrl\":\"https:\\\/\\\/mcrtecresa.com\\\/wp-content\\\/uploads\\\/2025\\\/07\\\/Logo-Original-1.png\",\"width\":195,\"height\":46,\"caption\":\"Mcr Tecresa\"},\"image\":{\"@id\":\"https:\\\/\\\/mcrtecresa.com\\\/#\\\/schema\\\/logo\\\/image\\\/\"},\"sameAs\":[\"https:\\\/\\\/www.linkedin.com\\\/company\\\/mcrtecresa\",\"https:\\\/\\\/www.youtube.com\\\/@Mcrtecresa\"]}]}<\/script>\n<!-- \/ Yoast SEO plugin. -->","yoast_head_json":{"title":"Protection des \u00e9l\u00e9ments en acier, en b\u00e9ton et en bois membrane tecplaster","description":"Les \u00e9l\u00e9ments structurels les plus courants sont ceux form\u00e9s par des \u00e9l\u00e9ments en acier, en b\u00e9ton et en bois. Par cons\u00e9quent, mercor tecresa\u00ae a d\u00e9velopp\u00e9 ....","robots":{"index":"index","follow":"follow","max-snippet":"max-snippet:-1","max-image-preview":"max-image-preview:large","max-video-preview":"max-video-preview:-1"},"canonical":"https:\/\/mcrtecresa.com\/fr\/mortier-tecplaster\/acier-beton-bois-membrane","og_locale":"fr_FR","og_type":"article","og_title":"Protection des \u00e9l\u00e9ments en acier, en b\u00e9ton et en bois membrane tecplaster","og_description":"Les \u00e9l\u00e9ments structurels les plus courants sont ceux form\u00e9s par des \u00e9l\u00e9ments en acier, en b\u00e9ton et en bois. Par cons\u00e9quent, mercor tecresa\u00ae a d\u00e9velopp\u00e9 ....","og_url":"https:\/\/mcrtecresa.com\/fr\/mortier-tecplaster\/acier-beton-bois-membrane","og_site_name":"Mcr Tecresa","article_modified_time":"2025-09-24T10:26:54+00:00","og_image":[{"width":195,"height":46,"url":"https:\/\/mcrtecresa.com\/wp-content\/uploads\/2025\/07\/Logo-Original-1.png","type":"image\/png"}],"twitter_card":"summary_large_image","twitter_misc":{"Dur\u00e9e de lecture estim\u00e9e":"3 minutes"},"schema":{"@context":"https:\/\/schema.org","@graph":[{"@type":"WebPage","@id":"https:\/\/mcrtecresa.com\/fr\/mortier-tecplaster\/acier-beton-bois-membrane","url":"https:\/\/mcrtecresa.com\/fr\/mortier-tecplaster\/acier-beton-bois-membrane","name":"Protection des \u00e9l\u00e9ments en acier, en b\u00e9ton et en bois membrane tecplaster","isPartOf":{"@id":"https:\/\/mcrtecresa.com\/#website"},"datePublished":"2019-05-22T09:52:54+00:00","dateModified":"2025-09-24T10:26:54+00:00","description":"Les \u00e9l\u00e9ments structurels les plus courants sont ceux form\u00e9s par des \u00e9l\u00e9ments en acier, en b\u00e9ton et en bois. Par cons\u00e9quent, mercor tecresa\u00ae a d\u00e9velopp\u00e9 ....","breadcrumb":{"@id":"https:\/\/mcrtecresa.com\/fr\/mortier-tecplaster\/acier-beton-bois-membrane#breadcrumb"},"inLanguage":"fr-FR","potentialAction":[{"@type":"ReadAction","target":["https:\/\/mcrtecresa.com\/fr\/mortier-tecplaster\/acier-beton-bois-membrane"]}]},{"@type":"BreadcrumbList","@id":"https:\/\/mcrtecresa.com\/fr\/mortier-tecplaster\/acier-beton-bois-membrane#breadcrumb","itemListElement":[{"@type":"ListItem","position":1,"name":"mcr tecresa\u00ae","item":"https:\/\/mcrtecresa.com\/fr"},{"@type":"ListItem","position":2,"name":"Mortier Tecplaster\u00ae","item":"https:\/\/mcrtecresa.com\/fr\/mortier-tecplaster"},{"@type":"ListItem","position":3,"name":"Protection des \u00e9l\u00e9ments en acier, en b\u00e9ton et en bois membrane tecplaster"}]},{"@type":"WebSite","@id":"https:\/\/mcrtecresa.com\/#website","url":"https:\/\/mcrtecresa.com\/","name":"Mcr Tecresa","description":"Empresa l\u00edder en protecci\u00f3n pasiva contra incendios","publisher":{"@id":"https:\/\/mcrtecresa.com\/#organization"},"alternateName":"Protecci\u00f3n Pasiva Contra Incendios","potentialAction":[{"@type":"SearchAction","target":{"@type":"EntryPoint","urlTemplate":"https:\/\/mcrtecresa.com\/?s={search_term_string}"},"query-input":{"@type":"PropertyValueSpecification","valueRequired":true,"valueName":"search_term_string"}}],"inLanguage":"fr-FR"},{"@type":"Organization","@id":"https:\/\/mcrtecresa.com\/#organization","name":"Mcr Tecresa","url":"https:\/\/mcrtecresa.com\/","logo":{"@type":"ImageObject","inLanguage":"fr-FR","@id":"https:\/\/mcrtecresa.com\/#\/schema\/logo\/image\/","url":"https:\/\/mcrtecresa.com\/wp-content\/uploads\/2025\/07\/Logo-Original-1.png","contentUrl":"https:\/\/mcrtecresa.com\/wp-content\/uploads\/2025\/07\/Logo-Original-1.png","width":195,"height":46,"caption":"Mcr Tecresa"},"image":{"@id":"https:\/\/mcrtecresa.com\/#\/schema\/logo\/image\/"},"sameAs":["https:\/\/www.linkedin.com\/company\/mcrtecresa","https:\/\/www.youtube.com\/@Mcrtecresa"]}]}},"_links":{"self":[{"href":"https:\/\/mcrtecresa.com\/fr\/wp-json\/wp\/v2\/pages\/28169","targetHints":{"allow":["GET"]}}],"collection":[{"href":"https:\/\/mcrtecresa.com\/fr\/wp-json\/wp\/v2\/pages"}],"about":[{"href":"https:\/\/mcrtecresa.com\/fr\/wp-json\/wp\/v2\/types\/page"}],"author":[{"embeddable":true,"href":"https:\/\/mcrtecresa.com\/fr\/wp-json\/wp\/v2\/users\/2"}],"replies":[{"embeddable":true,"href":"https:\/\/mcrtecresa.com\/fr\/wp-json\/wp\/v2\/comments?post=28169"}],"version-history":[{"count":0,"href":"https:\/\/mcrtecresa.com\/fr\/wp-json\/wp\/v2\/pages\/28169\/revisions"}],"up":[{"embeddable":true,"href":"https:\/\/mcrtecresa.com\/fr\/wp-json\/wp\/v2\/pages\/52927"}],"wp:attachment":[{"href":"https:\/\/mcrtecresa.com\/fr\/wp-json\/wp\/v2\/media?parent=28169"}],"curies":[{"name":"wp","href":"https:\/\/api.w.org\/{rel}","templated":true}]}}