{"id":19597,"date":"2018-03-10T01:53:24","date_gmt":"2018-03-09T23:53:24","guid":{"rendered":"https:\/\/mcrtecresa.com\/systemes-d-etancheite-tecsel\/rejillas"},"modified":"2025-09-24T12:37:16","modified_gmt":"2025-09-24T10:37:16","slug":"grillage-tecsel","status":"publish","type":"page","link":"https:\/\/mcrtecresa.com\/fr\/systemes-d-etancheite-tecsel\/grillage-tecsel","title":{"rendered":"Syst\u00e8mes d&rsquo;\u00e9tanch\u00e9it\u00e9 Tecsel\u00ae &#8211; Grillage Tecsel\u00ae"},"content":{"rendered":"<div class=\"wpb-content-wrapper\"><p>[vc_row][vc_column][vc_column_text]<\/p>\n<pre><code class=\"html hljs xml\"><span><span><a href=\"https:\/\/mcrtecresa.com\/fr\">mcr tecresa\u00ae<\/a><\/span><\/span><\/code><\/pre>\n<p>[\/vc_column_text][\/vc_column][\/vc_row][vc_row full_width=\u00a0\u00bbstretch_row\u00a0\u00bb][vc_column]<div class=\"mgt-header-block clearfix text-left text-black wpb_animate_when_almost_visible wpb_top-to-bottom wpb_content_element  mgt-header-block-style-2 mgt-header-texttransform-none  vc_custom_1529052478458\"><h2 class=\"mgt-header-block-title\">Produits Tecsel\u00ae<\/h2><div class=\"mgt-header-line\"><\/div><\/div>[vc_row_inner][vc_column_inner width=\u00a0\u00bb1\/4&Prime;][vc_btn title=\u00a0\u00bbP\u00e2te \u00e0 joints pr\u00e9par\u00e9e Tecbor\u00ae\u00a0\u00bb style=\u00a0\u00bboutline-custom\u00a0\u00bb outline_custom_color=\u00a0\u00bb#e42413&Prime; outline_custom_hover_background=\u00a0\u00bb#e42413&Prime; outline_custom_hover_text=\u00a0\u00bb#ffffff\u00a0\u00bb shape=\u00a0\u00bbround\u00a0\u00bb size=\u00a0\u00bbsm\u00a0\u00bb align=\u00a0\u00bbcenter\u00a0\u00bb button_block=\u00a0\u00bbtrue\u00a0\u00bb link=\u00a0\u00bburl:https%3A%2F%2Fmcrtecresa.com%2Ffr%2Fsystemes-d-etancheite-tecsel%2Fpate-a-joints-preparee-tecbor|||\u00a0\u00bb][\/vc_column_inner][vc_column_inner width=\u00a0\u00bb1\/4&Prime;][vc_btn title=\u00a0\u00bbMastic intumescent Tecsel\u00ae\u00a0\u00bb style=\u00a0\u00bboutline-custom\u00a0\u00bb outline_custom_color=\u00a0\u00bb#e42413&Prime; outline_custom_hover_background=\u00a0\u00bb#e42413&Prime; outline_custom_hover_text=\u00a0\u00bb#ffffff\u00a0\u00bb shape=\u00a0\u00bbround\u00a0\u00bb size=\u00a0\u00bbsm\u00a0\u00bb align=\u00a0\u00bbcenter\u00a0\u00bb button_block=\u00a0\u00bbtrue\u00a0\u00bb link=\u00a0\u00bburl:https%3A%2F%2Fmcrtecresa.com%2Ffr%2Fsystemes-d-etancheite-tecsel%2Fmastic-intumescent-tecsel|||\u00a0\u00bb][\/vc_column_inner][vc_column_inner width=\u00a0\u00bb1\/4&Prime;][vc_btn title=\u00a0\u00bbMousse Tecsel\u00ae\u00a0\u00bb style=\u00a0\u00bboutline-custom\u00a0\u00bb outline_custom_color=\u00a0\u00bb#e42413&Prime; outline_custom_hover_background=\u00a0\u00bb#e42413&Prime; outline_custom_hover_text=\u00a0\u00bb#ffffff\u00a0\u00bb shape=\u00a0\u00bbround\u00a0\u00bb size=\u00a0\u00bbsm\u00a0\u00bb align=\u00a0\u00bbcenter\u00a0\u00bb button_block=\u00a0\u00bbtrue\u00a0\u00bb link=\u00a0\u00bburl:https%3A%2F%2Fmcrtecresa.com%2Ffr%2Fsystemes-d-etancheite-tecsel%2Fmousse-tecsel|||\u00a0\u00bb][\/vc_column_inner][vc_column_inner width=\u00a0\u00bb1\/4&Prime;][vc_btn title=\u00a0\u00bbGrillage Tecsel\u00ae\u00a0\u00bb style=\u00a0\u00bbcustom\u00a0\u00bb custom_background=\u00a0\u00bb#dd3333&Prime; custom_text=\u00a0\u00bb#ffffff\u00a0\u00bb shape=\u00a0\u00bbround\u00a0\u00bb size=\u00a0\u00bbsm\u00a0\u00bb align=\u00a0\u00bbcenter\u00a0\u00bb button_block=\u00a0\u00bbtrue\u00a0\u00bb link=\u00a0\u00bburl:%23|||\u00a0\u00bb][\/vc_column_inner][\/vc_row_inner][vc_row_inner][vc_column_inner width=\u00a0\u00bb1\/3&Prime;][vc_btn title=\u00a0\u00bbSachets Tecsel\u00ae\u00a0\u00bb style=\u00a0\u00bboutline-custom\u00a0\u00bb outline_custom_color=\u00a0\u00bb#e42413&Prime; outline_custom_hover_background=\u00a0\u00bb#e42413&Prime; outline_custom_hover_text=\u00a0\u00bb#ffffff\u00a0\u00bb shape=\u00a0\u00bbround\u00a0\u00bb size=\u00a0\u00bbsm\u00a0\u00bb align=\u00a0\u00bbcenter\u00a0\u00bb button_block=\u00a0\u00bbtrue\u00a0\u00bb link=\u00a0\u00bburl:https%3A%2F%2Fmcrtecresa.com%2Ffr%2Fsystemes-d-etancheite-tecsel%2Fsachets-tecsel|||\u00a0\u00bb][\/vc_column_inner][vc_column_inner width=\u00a0\u00bb1\/3&Prime;][vc_btn title=\u00a0\u00bbCollier Tecsel\u00ae\u00a0\u00bb style=\u00a0\u00bboutline-custom\u00a0\u00bb outline_custom_color=\u00a0\u00bb#e42413&Prime; outline_custom_hover_background=\u00a0\u00bb#e42413&Prime; outline_custom_hover_text=\u00a0\u00bb#ffffff\u00a0\u00bb shape=\u00a0\u00bbround\u00a0\u00bb size=\u00a0\u00bbsm\u00a0\u00bb align=\u00a0\u00bbcenter\u00a0\u00bb button_block=\u00a0\u00bbtrue\u00a0\u00bb link=\u00a0\u00bburl:https%3A%2F%2Fmcrtecresa.com%2Ffr%2Fsystemes-d-etancheite-tecsel%2Fcollier-tecsel|||\u00a0\u00bb][\/vc_column_inner][vc_column_inner width=\u00a0\u00bb1\/3&Prime;][vc_btn title=\u00a0\u00bbDouilles Tecsel\u00ae\u00a0\u00bb style=\u00a0\u00bboutline-custom\u00a0\u00bb outline_custom_color=\u00a0\u00bb#e42413&Prime; outline_custom_hover_background=\u00a0\u00bb#e42413&Prime; outline_custom_hover_text=\u00a0\u00bb#ffffff\u00a0\u00bb shape=\u00a0\u00bbround\u00a0\u00bb size=\u00a0\u00bbsm\u00a0\u00bb align=\u00a0\u00bbcenter\u00a0\u00bb button_block=\u00a0\u00bbtrue\u00a0\u00bb link=\u00a0\u00bburl:https%3A%2F%2Fmcrtecresa.com%2Ffr%2Fsystemes-d-etancheite-tecsel%2Fdouilles-tecsel|||\u00a0\u00bb][\/vc_column_inner][\/vc_row_inner][vc_empty_space height=\u00a0\u00bb50px\u00a0\u00bb el_class=\u00a0\u00bbvc_hidden-sm vc_hidden-xs\u00a0\u00bb][\/vc_column][\/vc_row][vc_row full_width=\u00a0\u00bbstretch_row\u00a0\u00bb][vc_column]<div class=\"mgt-header-block clearfix text-left text-black wpb_animate_when_almost_visible wpb_top-to-bottom wpb_content_element  mgt-header-block-style-1 mgt-header-texttransform-none  vc_custom_1554995381178\"><h1 class=\"mgt-header-block-title\">Grillage Tecsel\u00ae<\/h1><div class=\"mgt-header-line\"><\/div><\/div>[vc_row_inner equal_height=\u00a0\u00bbyes\u00a0\u00bb content_placement=\u00a0\u00bbmiddle\u00a0\u00bb][vc_column_inner width=\u00a0\u00bb3\/4&Prime;][vc_column_text]<\/p>\n<p style=\"text-align: justify;\">La principale difficult\u00e9 dans les sectorisations est de permettre la libre circulation de l\u2019air, et en m\u00eame temps, \u00eatre effectif dans la protection contre l\u2019incendie.<\/p>\n<p style=\"text-align: justify;\">Le<strong> Grillage Tecsel<sup>\u00ae<\/sup><\/strong> est compos\u00e9 de lames de palusol encapsul\u00e9es en PVC. Le palusol est compos\u00e9 de silicate de sodium hydrat\u00e9, une faible quantit\u00e9 de mati\u00e8re organique et renforc\u00e9 avec \u00a0fibre de verre. Les deux faces ont une couche de r\u00e9sine epoxy, qui sert \u00e0 prot\u00e9ger la couche interm\u00e9diaire contre les influences climatiques (eau, vapeur d\u2019 eau et CO<sub>2<\/sub>).<\/p>\n<p style=\"text-align: justify;\">Quand les 100\u00baC \u00a0sont d\u00e9pas\u00e9s, le <strong>Grillage Tecsel<sup>\u00ae<\/sup><\/strong> s\u2019\u00e9tend et forme une couche de mousse \u00e0 pores fins, non combustibles r\u00e9sistants \u00e0 la compression, et qui agissent comme isolement thermique, en emp\u00eachant le passage de la chaleur, les flammes et la fum\u00e9e.<\/p>\n<p style=\"text-align: justify;\">S\u2019il n\u2019y a pas de feu, le grillage permet que les syst\u00e8mes de ventilation trasportent le flux d\u2019air.<\/p>\n<p>[\/vc_column_text][\/vc_column_inner][vc_column_inner width=\u00a0\u00bb1\/4&Prime;][vc_single_image image=\u00a0\u00bb7856&Prime; img_size=\u00a0\u00bbmedium\u00a0\u00bb alignment=\u00a0\u00bbcenter\u00a0\u00bb style=\u00a0\u00bbvc_box_rounded\u00a0\u00bb onclick=\u00a0\u00bblink_image\u00a0\u00bb css=\u00a0\u00bb.vc_custom_1520958485752{margin-top: 3rem !important;}\u00a0\u00bb][\/vc_column_inner][\/vc_row_inner][vc_empty_space][\/vc_column][\/vc_row][vc_row][vc_column width=\u00a0\u00bb1\/2&Prime; el_class=\u00a0\u00bbbordersolution\u00a0\u00bb][vc_single_image image=\u00a0\u00bb7858&Prime; img_size=\u00a0\u00bbmedium\u00a0\u00bb alignment=\u00a0\u00bbcenter\u00a0\u00bb onclick=\u00a0\u00bblink_image\u00a0\u00bb]<div class=\"mgt-header-block clearfix text-center text-black wpb_content_element  mgt-header-block-style-1 mgt-header-texttransform-header \"><h2 class=\"mgt-header-block-title\"><\/h2><p class=\"mgt-header-block-subtitle\">Test<\/p><div class=\"mgt-header-line\"><\/div><\/div>[vc_column_text]<\/p>\n<p style=\"text-align: center;\"><strong>R\u00e8gle<\/strong>: une en 1363-1, une 1366-3<br \/>\n<b>Laboratoire<\/b>: CIDEMCO TECNALIA<br \/>\n<b>N\u00ba Test<\/b>: 23548 y 17219-1<\/p>\n<p>[\/vc_column_text][\/vc_column][vc_column width=\u00a0\u00bb1\/2&Prime;]<div class=\"mgt-header-block clearfix text-left text-black wpb_animate_when_almost_visible wpb_top-to-bottom wpb_content_element  mgt-header-block-style-2 mgt-header-texttransform-none  vc_custom_1529053351737\"><h2 class=\"mgt-header-block-title\">Application et usage<\/h2><div class=\"mgt-header-line\"><\/div><\/div>[vc_column_text]<\/p>\n<p style=\"text-align: justify;\">Le<strong> Grillage Tecsel<sup>\u00ae<\/sup><\/strong> est fix\u00e9 mecaniquement au support avec des vis, chevilles ou fixations appropri\u00e9es (celles-ci doivent avoir au moins la m\u00eame r\u00e9sistance au feu que le support sur lequel elles sont fix\u00e9es).<\/p>\n<p style=\"text-align: justify;\">S\u2019il y a des enfoncements entre le grillage et le travail de support, il est n\u00e9cessaire d\u2019achever avec du <strong>Mastic intumescent Tecsel<sup>\u00ae<\/sup><\/strong>.<\/p>\n<p style=\"text-align: justify;\">Si la surface de ventilation est plus grande que les dimensions des grillages, il est possible de les placer en \u00e9pi, \u00e0 condition qu\u2019on conserve la r\u00e9sistance au feu et la consistance du travail dans les s\u00e9parations du <strong>Grillage Tecsel<sup>\u00ae<\/sup>.<\/strong><\/p>\n<p style=\"text-align: justify;\">Le<strong> Grillage Tecsel<sup>\u00ae<\/sup><\/strong> peut \u00eatre install\u00e9 sur les parements suivants: parois ou murs, portes, sols, syst\u00e8mes de ventilation, cloisons, chemins de c\u00e2bles.<\/p>\n<p>[\/vc_column_text][\/vc_column][\/vc_row][vc_row][vc_column][vc_empty_space]<div class=\"mgt-header-block clearfix text-left text-black wpb_animate_when_almost_visible wpb_top-to-bottom wpb_content_element  mgt-header-block-style-2 mgt-header-texttransform-none  vc_custom_1529053312396\"><h2 class=\"mgt-header-block-title\">Documentation<\/h2><div class=\"mgt-header-line\"><\/div><\/div>[vc_row_inner][vc_column_inner width=\u00a0\u00bb1\/3&Prime;][vc_raw_html]JTNDZGl2JTIwY2xhc3MlM0QlMjJ3aWRnZXQtZG93bmxvYWQtbGluay13cmFwcGVyJTIyJTNFJTBBJTNDZGl2JTIwY2xhc3MlM0QlMjJ3aWRnZXQtZG93bmxvYWQtaWNvbiUyMiUzRSUzQ2klMjBjbGFzcyUzRCUyMmZhJTIwZmEtZmlsZS1wZGYtbyUyMiUzRSUzQyUyRmklM0UlMEElM0MlMkZkaXYlM0UlMEElM0NkaXYlMjBjbGFzcyUzRCUyMndpZGdldC1kb3dubG9hZC1kZXRhaWxzJTIyJTNFJTBBJTNDZGl2JTIwY2xhc3MlM0QlMjJ3aWRnZXQtZG93bmxvYWQtdGl0bGUlMjIlM0UlM0NzcGFuJTIwY2xhc3MlM0QlMjJkb2N1bWVudG8tcGRmJTIyJTIwb25jbGljayUzRCUyMnNldExvY2F0aW9uJTI4JTI3RlQtZ3JpbGxhZ2UtdGVjc2VsJTI3JTI5JTIyJTNFRmljaGUlMjB0ZWNobmlxdWUlMjBHcmlsbGFnZSUzQyUyRmElM0UlM0MlMkZkaXYlM0UlMEElM0NkaXYlMjBjbGFzcyUzRCUyMndpZGdldC1kb3dubG9hZC1zdWJ0aXRsZSUyMiUzRTIyMCUyMEtiJTJDJTIwUERGJTNDJTJGZGl2JTNFJTBBJTNDJTJGZGl2JTNFJTBBJTNDJTJGZGl2JTNFJTBB[\/vc_raw_html][\/vc_column_inner][vc_column_inner width=\u00a0\u00bb1\/3&Prime;][\/vc_column_inner][vc_column_inner width=\u00a0\u00bb1\/3&Prime;][\/vc_column_inner][\/vc_row_inner][\/vc_column][\/vc_row][vc_row][vc_column][vc_empty_space]<div class=\"mgt-header-block clearfix text-left text-black wpb_animate_when_almost_visible wpb_top-to-bottom wpb_content_element  mgt-header-block-style-2 mgt-header-texttransform-none  vc_custom_1529054132944\"><h2 class=\"mgt-header-block-title\">Grillages Circulaires Tecsel\u00ae<\/h2><div class=\"mgt-header-line\"><\/div><\/div>[vc_empty_space][vc_row_inner][vc_column_inner width=\u00a0\u00bb2\/6&Prime;][vc_single_image image=\u00a0\u00bb7860&Prime; img_size=\u00a0\u00bblarge\u00a0\u00bb alignment=\u00a0\u00bbcenter\u00a0\u00bb onclick=\u00a0\u00bblink_image\u00a0\u00bb]<div class=\"mgt-header-block clearfix text-center text-black wpb_content_element  mgt-header-block-style-1 mgt-header-texttransform-header \"><h2 class=\"mgt-header-block-title\"><\/h2><p class=\"mgt-header-block-subtitle\">Test<\/p><div class=\"mgt-header-line\"><\/div><\/div>[vc_column_text]<\/p>\n<p style=\"text-align: center;\"><b>R\u00e8gle<\/b>: UNE EN 1363-1:2000<br \/>\n<b>Laboratoire<\/b>: ENAC<br \/>\n<b>N\u00ba Test<\/b>: 231638<\/p>\n<p>[\/vc_column_text][\/vc_column_inner][vc_column_inner width=\u00a0\u00bb4\/6&Prime;]<div class=\"mgt-header-block clearfix text-left text-black wpb_animate_when_almost_visible wpb_top-to-bottom wpb_content_element  mgt-header-block-style-2 mgt-header-texttransform-none  vc_custom_1529054281675\"><h2 class=\"mgt-header-block-title\">Application et usage<\/h2><div class=\"mgt-header-line\"><\/div><\/div>[vc_column_text]<\/p>\n<p style=\"text-align: justify;\"><strong><span style=\"font-size: 12pt;\">m<\/span>ercor<\/strong>\u00a0<span style=\"color: #ff0000;\"><strong>tecresa<sup>\u00ae<\/sup><\/strong><\/span>\u00a0compl\u00e8te sa gamme de grilles de ventilation intumescentes avec la nouvelle homologation des <strong>Grilles circulaires Tecsel<sup>\u00ae<\/sup><\/strong> offrant une r\u00e9sistance au feu de 120 minutes et avec des diam\u00e8tres allant jusqu\u2019\u00e0 400 mm.<\/p>\n<p>[\/vc_column_text][\/vc_column_inner][\/vc_row_inner][\/vc_column][\/vc_row][vc_row][vc_column][vc_empty_space]<div class=\"mgt-header-block clearfix text-left text-black wpb_animate_when_almost_visible wpb_top-to-bottom wpb_content_element  mgt-header-block-style-2 mgt-header-texttransform-none  vc_custom_1529054207136\"><h2 class=\"mgt-header-block-title\">Documentation<\/h2><div class=\"mgt-header-line\"><\/div><\/div>[vc_row_inner][vc_column_inner width=\u00a0\u00bb1\/3&Prime;][vc_raw_html]JTNDZGl2JTIwY2xhc3MlM0QlMjJ3aWRnZXQtZG93bmxvYWQtbGluay13cmFwcGVyJTIyJTNFJTBBJTNDZGl2JTIwY2xhc3MlM0QlMjJ3aWRnZXQtZG93bmxvYWQtaWNvbiUyMiUzRSUzQ2klMjBjbGFzcyUzRCUyMmZhJTIwZmEtZmlsZS1wZGYtbyUyMiUzRSUzQyUyRmklM0UlMEElM0MlMkZkaXYlM0UlMEElM0NkaXYlMjBjbGFzcyUzRCUyMndpZGdldC1kb3dubG9hZC1kZXRhaWxzJTIyJTNFJTBBJTNDZGl2JTIwY2xhc3MlM0QlMjJ3aWRnZXQtZG93bmxvYWQtdGl0bGUlMjIlM0UlM0NzcGFuJTIwY2xhc3MlM0QlMjJkb2N1bWVudG8tcGRmJTIyJTIwb25jbGljayUzRCUyMnNldExvY2F0aW9uJTI4JTI3RlQtZ3JpbGxhZ2UtY2lyY3VsYWlyZXMtdGVjc2VsJTI3JTI5JTIyJTNFRmljaGUlMjB0ZWNobmlxdWUlMjBHcmlsbGFnZSUyMENpcmN1bGFpcmUlM0MlMkZhJTNFJTNDJTJGZGl2JTNFJTBBJTNDZGl2JTIwY2xhc3MlM0QlMjJ3aWRnZXQtZG93bmxvYWQtc3VidGl0bGUlMjIlM0UxMjIlMjBLYiUyQyUyMFBERiUzQyUyRmRpdiUzRSUwQSUzQyUyRmRpdiUzRSUwQSUzQyUyRmRpdiUzRSUwQQ==[\/vc_raw_html][\/vc_column_inner][vc_column_inner width=\u00a0\u00bb1\/3&Prime;][\/vc_column_inner][vc_column_inner width=\u00a0\u00bb1\/3&Prime;][\/vc_column_inner][\/vc_row_inner][\/vc_column][\/vc_row][vc_row][vc_column][vc_empty_space height=\u00a0\u00bb40px\u00a0\u00bb]<style scoped='scoped'>.mgt-promo-block-79292048663.mgt-promo-block.darken .mgt-promo-block-content {background-color: rgba(10,10,10,0.63)!important;}.mgt-promo-block-79292048663.mgt-promo-block.animated:hover .mgt-promo-block-content {background-color: rgba(68,0,0,0.61)!important;}<\/style><div class=\"mgt-promo-block animated white-text cover-image text-size-normal darken mgt-promo-block-79292048663 wpb_content_element wpb_animate_when_almost_visible wpb_left-to-right\" data-style=\"background-color: #bababa;width: 100%; height: 200px;\"><div class=\"mgt-promo-block-content\"><div class=\"mgt-promo-block-content-inside vc_custom_1529054231419\">\n<h2>Avez-vous des questions?<\/h2>\n<div class=\"mgt-button-wrapper mgt-button-wrapper-align-left mgt-button-wrapper-display-newline mgt-button-top-margin-enable\"><a class=\"btn hvr-icon-wobble-horizontal mgt-button mgt-style-solid-invert mgt-size-normal mgt-align-left mgt-display-newline mgt-text-size-small mgt-button-icon-position-right mgt-text-transform-uppercase \" href=\"https:\/\/mcrtecresa.com\/fr\/contact\">Contactez-nous<i class=\"fa fa-arrow-right\"><\/i><\/a><\/div><\/div><\/div><\/div>[\/vc_column][\/vc_row]<\/p>\n<\/div>","protected":false},"excerpt":{"rendered":"<p>[vc_row][vc_column][vc_column_text] [\/vc_column_text][\/vc_column][\/vc_row][vc_row full_width=\u00a0\u00bbstretch_row\u00a0\u00bb][vc_column][vc_row_inner][vc_column_inner width=\u00a0\u00bb1\/4&Prime;][vc_btn title=\u00a0\u00bbP\u00e2te \u00e0 joints pr\u00e9par\u00e9e Tecbor\u00ae\u00a0\u00bb style=\u00a0\u00bboutline-custom\u00a0\u00bb outline_custom_color=\u00a0\u00bb#e42413&Prime; outline_custom_hover_background=\u00a0\u00bb#e42413&Prime; outline_custom_hover_text=\u00a0\u00bb#ffffff\u00a0\u00bb shape=\u00a0\u00bbround\u00a0\u00bb size=\u00a0\u00bbsm\u00a0\u00bb align=\u00a0\u00bbcenter\u00a0\u00bb button_block=\u00a0\u00bbtrue\u00a0\u00bb link=\u00a0\u00bburl:https%3A%2F%2Fmcrtecresa.com%2Ffr%2Fsystemes-d-etancheite-tecsel%2Fpate-a-joints-preparee-tecbor|||\u00a0\u00bb][\/vc_column_inner][vc_column_inner width=\u00a0\u00bb1\/4&Prime;][vc_btn title=\u00a0\u00bbMastic intumescent Tecsel\u00ae\u00a0\u00bb style=\u00a0\u00bboutline-custom\u00a0\u00bb outline_custom_color=\u00a0\u00bb#e42413&Prime; outline_custom_hover_background=\u00a0\u00bb#e42413&Prime; outline_custom_hover_text=\u00a0\u00bb#ffffff\u00a0\u00bb shape=\u00a0\u00bbround\u00a0\u00bb size=\u00a0\u00bbsm\u00a0\u00bb align=\u00a0\u00bbcenter\u00a0\u00bb button_block=\u00a0\u00bbtrue\u00a0\u00bb&#8230;<\/p>\n","protected":false},"author":2,"featured_media":0,"parent":19473,"menu_order":0,"comment_status":"closed","ping_status":"closed","template":"","meta":{"footnotes":""},"class_list":["post-19597","page","type-page","status-publish","hentry"],"yoast_head":"<!-- This site is optimized with the Yoast SEO plugin v27.4 - https:\/\/yoast.com\/product\/yoast-seo-wordpress\/ -->\n<title>Grillage Tecsel\u00ae - mercor tecresa\u00ae<\/title>\n<meta name=\"description\" content=\"\u00c0 partir de 100 \u00baC, le Grillage Tecsel\u00ae s\u2019\u00e9tend et forme une couche de mousse \u00e0 pores fins, qui agissent comme isolement thermique, en emp\u00eachant le ...\" \/>\n<meta name=\"robots\" content=\"index, follow, max-snippet:-1, max-image-preview:large, max-video-preview:-1\" \/>\n<link rel=\"canonical\" href=\"https:\/\/mcrtecresa.com\/fr\/systemes-d-etancheite-tecsel\/mousse-tecsel\" \/>\n<meta property=\"og:locale\" content=\"fr_FR\" \/>\n<meta property=\"og:type\" content=\"article\" \/>\n<meta property=\"og:title\" content=\"Grillage Tecsel\u00ae - mercor tecresa\u00ae\" \/>\n<meta property=\"og:description\" content=\"\u00c0 partir de 100 \u00baC, le Grillage Tecsel\u00ae s\u2019\u00e9tend et forme une couche de mousse \u00e0 pores fins, qui agissent comme isolement thermique, en emp\u00eachant le ...\" \/>\n<meta property=\"og:url\" content=\"https:\/\/mcrtecresa.com\/fr\/systemes-d-etancheite-tecsel\/mousse-tecsel\" \/>\n<meta property=\"og:site_name\" content=\"Mcr Tecresa\" \/>\n<meta property=\"article:modified_time\" content=\"2025-09-24T10:37:16+00:00\" \/>\n<meta property=\"og:image\" content=\"https:\/\/mcrtecresa.com\/wp-content\/uploads\/2025\/07\/Logo-Original-1.png\" \/>\n\t<meta property=\"og:image:width\" content=\"195\" \/>\n\t<meta property=\"og:image:height\" content=\"46\" \/>\n\t<meta property=\"og:image:type\" content=\"image\/png\" \/>\n<meta name=\"twitter:card\" content=\"summary_large_image\" \/>\n<meta name=\"twitter:label1\" content=\"Dur\u00e9e de lecture estim\u00e9e\" \/>\n\t<meta name=\"twitter:data1\" content=\"7 minutes\" \/>\n<script type=\"application\/ld+json\" class=\"yoast-schema-graph\">{\"@context\":\"https:\\\/\\\/schema.org\",\"@graph\":[{\"@type\":\"WebPage\",\"@id\":\"https:\\\/\\\/mcrtecresa.com\\\/fr\\\/systemes-d-etancheite-tecsel\\\/grillage-tecsel\",\"url\":\"https:\\\/\\\/mcrtecresa.com\\\/fr\\\/systemes-d-etancheite-tecsel\\\/mousse-tecsel\",\"name\":\"Grillage Tecsel\u00ae - mercor tecresa\u00ae\",\"isPartOf\":{\"@id\":\"https:\\\/\\\/mcrtecresa.com\\\/#website\"},\"datePublished\":\"2018-03-09T23:53:24+00:00\",\"dateModified\":\"2025-09-24T10:37:16+00:00\",\"description\":\"\u00c0 partir de 100 \u00baC, le Grillage Tecsel\u00ae s\u2019\u00e9tend et forme une couche de mousse \u00e0 pores fins, qui agissent comme isolement thermique, en emp\u00eachant le ...\",\"breadcrumb\":{\"@id\":\"https:\\\/\\\/mcrtecresa.com\\\/fr\\\/systemes-d-etancheite-tecsel\\\/mousse-tecsel#breadcrumb\"},\"inLanguage\":\"fr-FR\",\"potentialAction\":[{\"@type\":\"ReadAction\",\"target\":[\"https:\\\/\\\/mcrtecresa.com\\\/fr\\\/systemes-d-etancheite-tecsel\\\/mousse-tecsel\"]}]},{\"@type\":\"BreadcrumbList\",\"@id\":\"https:\\\/\\\/mcrtecresa.com\\\/fr\\\/systemes-d-etancheite-tecsel\\\/mousse-tecsel#breadcrumb\",\"itemListElement\":[{\"@type\":\"ListItem\",\"position\":1,\"name\":\"mcr tecresa\u00ae\",\"item\":\"https:\\\/\\\/mcrtecresa.com\\\/fr\"},{\"@type\":\"ListItem\",\"position\":2,\"name\":\"Syst\u00e8mes d&#8217;\u00e9tanch\u00e9it\u00e9 Tecsel\u00ae\",\"item\":\"https:\\\/\\\/mcrtecresa.com\\\/fr\\\/systemes-d-etancheite-tecsel\"},{\"@type\":\"ListItem\",\"position\":3,\"name\":\"Syst\u00e8mes d&#8217;\u00e9tanch\u00e9it\u00e9 Tecsel\u00ae &#8211; Grillage Tecsel\u00ae\"}]},{\"@type\":\"WebSite\",\"@id\":\"https:\\\/\\\/mcrtecresa.com\\\/#website\",\"url\":\"https:\\\/\\\/mcrtecresa.com\\\/\",\"name\":\"Mcr Tecresa\",\"description\":\"Empresa l\u00edder en protecci\u00f3n pasiva contra incendios\",\"publisher\":{\"@id\":\"https:\\\/\\\/mcrtecresa.com\\\/#organization\"},\"alternateName\":\"Protecci\u00f3n Pasiva Contra Incendios\",\"potentialAction\":[{\"@type\":\"SearchAction\",\"target\":{\"@type\":\"EntryPoint\",\"urlTemplate\":\"https:\\\/\\\/mcrtecresa.com\\\/?s={search_term_string}\"},\"query-input\":{\"@type\":\"PropertyValueSpecification\",\"valueRequired\":true,\"valueName\":\"search_term_string\"}}],\"inLanguage\":\"fr-FR\"},{\"@type\":\"Organization\",\"@id\":\"https:\\\/\\\/mcrtecresa.com\\\/#organization\",\"name\":\"Mcr Tecresa\",\"url\":\"https:\\\/\\\/mcrtecresa.com\\\/\",\"logo\":{\"@type\":\"ImageObject\",\"inLanguage\":\"fr-FR\",\"@id\":\"https:\\\/\\\/mcrtecresa.com\\\/#\\\/schema\\\/logo\\\/image\\\/\",\"url\":\"https:\\\/\\\/mcrtecresa.com\\\/wp-content\\\/uploads\\\/2025\\\/07\\\/Logo-Original-1.png\",\"contentUrl\":\"https:\\\/\\\/mcrtecresa.com\\\/wp-content\\\/uploads\\\/2025\\\/07\\\/Logo-Original-1.png\",\"width\":195,\"height\":46,\"caption\":\"Mcr Tecresa\"},\"image\":{\"@id\":\"https:\\\/\\\/mcrtecresa.com\\\/#\\\/schema\\\/logo\\\/image\\\/\"},\"sameAs\":[\"https:\\\/\\\/www.linkedin.com\\\/company\\\/mcrtecresa\",\"https:\\\/\\\/www.youtube.com\\\/@Mcrtecresa\"]}]}<\/script>\n<!-- \/ Yoast SEO plugin. -->","yoast_head_json":{"title":"Grillage Tecsel\u00ae - mercor tecresa\u00ae","description":"\u00c0 partir de 100 \u00baC, le Grillage Tecsel\u00ae s\u2019\u00e9tend et forme une couche de mousse \u00e0 pores fins, qui agissent comme isolement thermique, en emp\u00eachant le ...","robots":{"index":"index","follow":"follow","max-snippet":"max-snippet:-1","max-image-preview":"max-image-preview:large","max-video-preview":"max-video-preview:-1"},"canonical":"https:\/\/mcrtecresa.com\/fr\/systemes-d-etancheite-tecsel\/mousse-tecsel","og_locale":"fr_FR","og_type":"article","og_title":"Grillage Tecsel\u00ae - mercor tecresa\u00ae","og_description":"\u00c0 partir de 100 \u00baC, le Grillage Tecsel\u00ae s\u2019\u00e9tend et forme une couche de mousse \u00e0 pores fins, qui agissent comme isolement thermique, en emp\u00eachant le ...","og_url":"https:\/\/mcrtecresa.com\/fr\/systemes-d-etancheite-tecsel\/mousse-tecsel","og_site_name":"Mcr Tecresa","article_modified_time":"2025-09-24T10:37:16+00:00","og_image":[{"width":195,"height":46,"url":"https:\/\/mcrtecresa.com\/wp-content\/uploads\/2025\/07\/Logo-Original-1.png","type":"image\/png"}],"twitter_card":"summary_large_image","twitter_misc":{"Dur\u00e9e de lecture estim\u00e9e":"7 minutes"},"schema":{"@context":"https:\/\/schema.org","@graph":[{"@type":"WebPage","@id":"https:\/\/mcrtecresa.com\/fr\/systemes-d-etancheite-tecsel\/grillage-tecsel","url":"https:\/\/mcrtecresa.com\/fr\/systemes-d-etancheite-tecsel\/mousse-tecsel","name":"Grillage Tecsel\u00ae - mercor tecresa\u00ae","isPartOf":{"@id":"https:\/\/mcrtecresa.com\/#website"},"datePublished":"2018-03-09T23:53:24+00:00","dateModified":"2025-09-24T10:37:16+00:00","description":"\u00c0 partir de 100 \u00baC, le Grillage Tecsel\u00ae s\u2019\u00e9tend et forme une couche de mousse \u00e0 pores fins, qui agissent comme isolement thermique, en emp\u00eachant le ...","breadcrumb":{"@id":"https:\/\/mcrtecresa.com\/fr\/systemes-d-etancheite-tecsel\/mousse-tecsel#breadcrumb"},"inLanguage":"fr-FR","potentialAction":[{"@type":"ReadAction","target":["https:\/\/mcrtecresa.com\/fr\/systemes-d-etancheite-tecsel\/mousse-tecsel"]}]},{"@type":"BreadcrumbList","@id":"https:\/\/mcrtecresa.com\/fr\/systemes-d-etancheite-tecsel\/mousse-tecsel#breadcrumb","itemListElement":[{"@type":"ListItem","position":1,"name":"mcr tecresa\u00ae","item":"https:\/\/mcrtecresa.com\/fr"},{"@type":"ListItem","position":2,"name":"Syst\u00e8mes d&#8217;\u00e9tanch\u00e9it\u00e9 Tecsel\u00ae","item":"https:\/\/mcrtecresa.com\/fr\/systemes-d-etancheite-tecsel"},{"@type":"ListItem","position":3,"name":"Syst\u00e8mes d&#8217;\u00e9tanch\u00e9it\u00e9 Tecsel\u00ae &#8211; Grillage Tecsel\u00ae"}]},{"@type":"WebSite","@id":"https:\/\/mcrtecresa.com\/#website","url":"https:\/\/mcrtecresa.com\/","name":"Mcr Tecresa","description":"Empresa l\u00edder en protecci\u00f3n pasiva contra incendios","publisher":{"@id":"https:\/\/mcrtecresa.com\/#organization"},"alternateName":"Protecci\u00f3n Pasiva Contra Incendios","potentialAction":[{"@type":"SearchAction","target":{"@type":"EntryPoint","urlTemplate":"https:\/\/mcrtecresa.com\/?s={search_term_string}"},"query-input":{"@type":"PropertyValueSpecification","valueRequired":true,"valueName":"search_term_string"}}],"inLanguage":"fr-FR"},{"@type":"Organization","@id":"https:\/\/mcrtecresa.com\/#organization","name":"Mcr Tecresa","url":"https:\/\/mcrtecresa.com\/","logo":{"@type":"ImageObject","inLanguage":"fr-FR","@id":"https:\/\/mcrtecresa.com\/#\/schema\/logo\/image\/","url":"https:\/\/mcrtecresa.com\/wp-content\/uploads\/2025\/07\/Logo-Original-1.png","contentUrl":"https:\/\/mcrtecresa.com\/wp-content\/uploads\/2025\/07\/Logo-Original-1.png","width":195,"height":46,"caption":"Mcr Tecresa"},"image":{"@id":"https:\/\/mcrtecresa.com\/#\/schema\/logo\/image\/"},"sameAs":["https:\/\/www.linkedin.com\/company\/mcrtecresa","https:\/\/www.youtube.com\/@Mcrtecresa"]}]}},"_links":{"self":[{"href":"https:\/\/mcrtecresa.com\/fr\/wp-json\/wp\/v2\/pages\/19597","targetHints":{"allow":["GET"]}}],"collection":[{"href":"https:\/\/mcrtecresa.com\/fr\/wp-json\/wp\/v2\/pages"}],"about":[{"href":"https:\/\/mcrtecresa.com\/fr\/wp-json\/wp\/v2\/types\/page"}],"author":[{"embeddable":true,"href":"https:\/\/mcrtecresa.com\/fr\/wp-json\/wp\/v2\/users\/2"}],"replies":[{"embeddable":true,"href":"https:\/\/mcrtecresa.com\/fr\/wp-json\/wp\/v2\/comments?post=19597"}],"version-history":[{"count":0,"href":"https:\/\/mcrtecresa.com\/fr\/wp-json\/wp\/v2\/pages\/19597\/revisions"}],"up":[{"embeddable":true,"href":"https:\/\/mcrtecresa.com\/fr\/wp-json\/wp\/v2\/pages\/19473"}],"wp:attachment":[{"href":"https:\/\/mcrtecresa.com\/fr\/wp-json\/wp\/v2\/media?parent=19597"}],"curies":[{"name":"wp","href":"https:\/\/api.w.org\/{rel}","templated":true}]}}