{"id":19500,"date":"2018-04-10T16:57:14","date_gmt":"2018-04-10T14:57:14","guid":{"rendered":"https:\/\/mcrtecresa.com\/peinture-intumescente-teclack-w\/proteccion-de-elementos-de-acero"},"modified":"2025-09-24T12:39:36","modified_gmt":"2025-09-24T10:39:36","slug":"protection-des-elements-en-acier","status":"publish","type":"page","link":"https:\/\/mcrtecresa.com\/fr\/peinture-intumescente-teclack-w\/protection-des-elements-en-acier","title":{"rendered":"Teclack-W\u00ae &#8211; Protection des \u00c9l\u00e9ments en Acier"},"content":{"rendered":"<div class=\"wpb-content-wrapper\"><p>[vc_row][vc_column][vc_column_text]<\/p>\n<pre><code class=\"html hljs xml\"><span><span><a href=\"https:\/\/mcrtecresa.com\/fr\">mcr tecresa\u00ae<\/a><\/span><\/span><\/code><\/pre>\n<p>[\/vc_column_text][vc_empty_space height=\u00a0\u00bb10px\u00a0\u00bb][\/vc_column][\/vc_row][vc_row][vc_column]<div class=\"mgt-header-block clearfix text-left text-black wpb_animate_when_almost_visible wpb_top-to-bottom wpb_content_element  mgt-header-block-style-1 mgt-header-texttransform-none  vc_custom_1554983574269\"><h1 class=\"mgt-header-block-title\">Teclack-W\u00ae - Protection des \u00e9l\u00e9ments en acier (poutres et piliers)<\/h1><div class=\"mgt-header-line\"><\/div><\/div>[vc_row_inner][vc_column_inner width=\u00a0\u00bb2\/3&Prime;][vc_column_text css=\u00a0\u00bb\u00a0\u00bb]<\/p>\n<p style=\"text-align: justify;\">Les structures m\u00e9talliques en acier sont un syst\u00e8me de construction mondialement utilis\u00e9 et r\u00e9pandu.<\/p>\n<p style=\"text-align: justify;\">Un de ses principaux avantages c\u2019est qu\u2019ils ont une grande r\u00e9sistance par unit\u00e9 de poids. Cela leur donne une grande versatilit\u00e9 et la possibilit\u00e9 de r\u00e9aliser des structures complexes mais l\u00e9g\u00e8res.<\/p>\n<p style=\"text-align: justify;\">Au contraire, un des inconv\u00e9nients de l\u2019acier c\u2019est sa haute conductivit\u00e9 thermique. Pendant un incendie, la progressive augmentation de la temp\u00e9rature unie \u00e0 la grande transmission de la chaleur faite par l\u2019acier, r\u00e9duisent la capacit\u00e9 portante et la r\u00e9sistance. \u00c0 partir de 250 \u00baC, la r\u00e9sistance et la l\u00edmite \u00e9lastique se modifient, et approximativement \u00e0 partir de 500 \u00baC la chute de r\u00e9sistance es lo suffisamment grande pour ne pas supporter sa charge de consigne.<\/p>\n<p style=\"text-align: justify;\">Pour \u00e9viter cela, <strong>mcr tecresa<sup>\u00ae<\/sup><\/strong>\u00a0commercialise le peinture intumescente <strong>Teclack-W\u00ae<\/strong>. Test\u00e9 selon r\u00e9glementation <strong>UNE EN 13501-2<\/strong>, dans laquelle on d\u00e9termine la contribution de la protection contre le feu du mortier quand on<br \/>\nl\u2019applique sur des \u00e9l\u00e9ments structuraux en acier, soit sur des poutres, piliers ou \u00e9l\u00e9ments de tension.<\/p>\n<p style=\"text-align: justify;\"><strong>Teclack-W\u00ae<\/strong> a \u00e9t\u00e9 dessin\u00e9 et \u00e9valu\u00e9 pour couvrir une grande quantit\u00e9 de profi ls en acier distingu\u00e9s par ses facteurs de coupe. De m\u00eame, il est test\u00e9 pour diverses temp\u00e9ratures de dessin sp\u00e9cifi\u00e9es dans la r\u00e9glementation.<\/p>\n<p>[\/vc_column_text][\/vc_column_inner][vc_column_inner width=\u00a0\u00bb1\/3&Prime;][vc_single_image image=\u00a0\u00bb12432&Prime; img_size=\u00a0\u00bbfull\u00a0\u00bb alignment=\u00a0\u00bbcenter\u00a0\u00bb style=\u00a0\u00bbvc_box_rounded\u00a0\u00bb onclick=\u00a0\u00bblink_image\u00a0\u00bb css=\u00a0\u00bb.vc_custom_1523370937347{margin-top: 3rem !important;}\u00a0\u00bb][\/vc_column_inner][\/vc_row_inner][vc_empty_space height=\u00a0\u00bb40px\u00a0\u00bb][\/vc_column][\/vc_row][vc_row][vc_column width=\u00a0\u00bb1\/2&Prime; el_class=\u00a0\u00bbbordersolution\u00a0\u00bb][vc_empty_space height=\u00a0\u00bb15px\u00a0\u00bb][vc_single_image image=\u00a0\u00bb12436&Prime; img_size=\u00a0\u00bblarge\u00a0\u00bb alignment=\u00a0\u00bbcenter\u00a0\u00bb onclick=\u00a0\u00bblink_image\u00a0\u00bb][vc_row_inner css=\u00a0\u00bb.vc_custom_1519682527087{padding-right: 3rem !important;padding-left: 3rem !important;}\u00a0\u00bb][vc_column_inner width=\u00a0\u00bb1\/2&Prime;]<div class=\"mgt-header-block clearfix text-left text-black wpb_content_element  mgt-header-block-style-1 mgt-header-texttransform-header \"><h2 class=\"mgt-header-block-title\"><\/h2><p class=\"mgt-header-block-subtitle\">Tests<\/p><div class=\"mgt-header-line\"><\/div><\/div>[vc_column_text]<strong>R\u00e8gle:<\/strong> UNE EN 13381-8<br \/>\n<strong>Laboratoire<\/strong>: Fplus Ltd<br \/>\n<strong>N\u00ba Test<\/strong>: CR-61-01, CR 91-01 y<br \/>\nETA-16\/0359 de 27\/05\/2016[\/vc_column_text][\/vc_column_inner][vc_column_inner width=\u00a0\u00bb1\/2&Prime;]<div class=\"mgt-header-block clearfix text-left text-black wpb_content_element  mgt-header-block-style-1 mgt-header-texttransform-header \"><h2 class=\"mgt-header-block-title\"><\/h2><p class=\"mgt-header-block-subtitle\">Solution<\/p><div class=\"mgt-header-line\"><\/div><\/div>[vc_column_text]<span style=\"color: #ff0000;\"><strong>1<\/strong>.<\/span> Profil en acier.<\/p>\n<p><span style=\"color: #ff0000;\"><strong>2<\/strong>.<\/span> <strong>Teclack-W\u00ae<\/strong>\u00a0 (\u00e9paisseur en fonction du facteur de coupure du profil et du temps de r\u00e9sistance au feu n\u00e9cessaire).[\/vc_column_text][\/vc_column_inner][\/vc_row_inner][\/vc_column][vc_column width=\u00a0\u00bb1\/2&Prime; css=\u00a0\u00bb.vc_custom_1519682712284{padding-left: 2rem !important;}\u00a0\u00bb]<div class=\"mgt-header-block clearfix text-left text-black wpb_animate_when_almost_visible wpb_top-to-bottom wpb_content_element  mgt-header-block-style-2 mgt-header-texttransform-none  vc_custom_1528984081597\"><h2 class=\"mgt-header-block-title\">Application<\/h2><div class=\"mgt-header-line\"><\/div><\/div>[vc_column_text]<\/p>\n<p style=\"text-align: justify;\">Teclack-W\u00ae est appliqu\u00e9e par une machine airless: buse: 0,48 \u2013 0,63 mm: 800 \u2013 1000 \u03bcm de peinture humide \/ couche \u00e0 la brosse, rouleau: 300 \u2013 500 \u03bcm peinture humide \/ couche.<\/p>\n<p style=\"text-align: justify;\">Application de peinture Teclack-W\u00ae: non dilu\u00e9e ou dilu\u00e9e avec max. 3 % d\u2019eau<br \/>\napr\u00e8s avoir \u00e9t\u00e9 homog\u00e9n\u00e9is\u00e9e \u00e0 l\u2019aide la machine \u00e0 m\u00e9langer.<\/p>\n<p style=\"text-align: justify;\">Le nettoyage du mat\u00e9riel d\u2019application doit se faire avec de l\u2019eau propre apr\u00e8s<br \/>\nson utilisation et il peut \u00eatre n\u00e9cessaire d\u2019effectuer des nettoyages interm\u00e9diaires pendant la journ\u00e9e de travail en fonction de la quantit\u00e9 de mati\u00e8re appliqu\u00e9e, de la temp\u00e9rature et des pauses effectu\u00e9s.<\/p>\n<p style=\"text-align: justify;\">Temps de s\u00e9chage \u00e0 23 \u00baC pour une couche de 250 \u03bcm d\u2019\u00e9paisseur: \u00c9tanche<br \/>\napr\u00e8s 1 heure et sec au toucher au bout de 24 heures.<\/p>\n<p style=\"text-align: justify;\">Re-peinture: avec la m\u00eame peinture apr\u00e8s s\u00e9chage pendant 8 heures et avec<br \/>\ncouche d\u00e9fi nitive apr\u00e8s s\u00e9chage pendant 24 heures.<br \/>\nPr\u00e9paration de la surface: Les surfaces \u00e0 traiter ne doivent comporter aucune<br \/>\nparticule de contaminants (poussi\u00e8re, graisse, huile, etc.) et \u00eatre compl\u00e8tement<br \/>\ns\u00e8ches et en outre recouvertes d\u2019un appr\u00eat anticorrosif compatible avec<br \/>\nla peinture intumescente avec une classification de r\u00e9action au feu de<br \/>\nBs1d0 ou plus.<br \/>\nLes appr\u00eats anticorrosifs et recommand\u00e9s et compatibles avec la peinture intumescente de la famille des alkydes d\u2019un composant.<\/p>\n<p style=\"text-align: justify;\">Dans le cas des surfaces galvanis\u00e9es, il est n\u00e9cessaire de traiter les surfaces<br \/>\navec un pont de liaison appropri\u00e9.<\/p>\n<p style=\"text-align: justify;\">Les structures rev\u00eatues avec peinture <strong>Teclack-W\u00ae<\/strong> ignifuge sans couche de<br \/>\npeinture, destin\u00e9e \u00e0 l\u2019usage type Y1 et ne doivent pas \u00eatre expos\u00e9es aux<br \/>\nintemp\u00e9ries (p.ex.: pluie et humidit\u00e9, condensation forte.<\/p>\n<p style=\"text-align: justify;\">La peinture <strong>Teclack-W\u00ae<\/strong> poss\u00e8de une dur\u00e9e de vie de 10 ans selon ETA.<br \/>\nConsultez le D\u00e9partement Technique.<\/p>\n<p>[\/vc_column_text][\/vc_column][\/vc_row][vc_row][vc_column][vc_empty_space height=\u00a0\u00bb50px\u00a0\u00bb]<div class=\"mgt-header-block clearfix text-left text-black wpb_animate_when_almost_visible wpb_top-to-bottom wpb_content_element  mgt-header-block-style-2 mgt-header-texttransform-none  vc_custom_1528984110502\"><h2 class=\"mgt-header-block-title\">Documentation<\/h2><div class=\"mgt-header-line\"><\/div><\/div>[vc_row_inner][vc_column_inner width=\u00a0\u00bb1\/3&Prime;][vc_raw_html]JTNDZGl2JTIwY2xhc3MlM0QlMjJ3aWRnZXQtZG93bmxvYWQtbGluay13cmFwcGVyJTIyJTNFJTBBJTNDZGl2JTIwY2xhc3MlM0QlMjJ3aWRnZXQtZG93bmxvYWQtaWNvbiUyMiUzRSUzQ2klMjBjbGFzcyUzRCUyMmZhJTIwZmEtZmlsZS1wZGYtbyUyMiUzRSUzQyUyRmklM0UlMEElM0MlMkZkaXYlM0UlMEElM0NkaXYlMjBjbGFzcyUzRCUyMndpZGdldC1kb3dubG9hZC1kZXRhaWxzJTIyJTNFJTBBJTNDZGl2JTIwY2xhc3MlM0QlMjJ3aWRnZXQtZG93bmxvYWQtdGl0bGUlMjIlM0UlM0NzcGFuJTIwY2xhc3MlM0QlMjJkb2N1bWVudG8tcGRmJTIyJTIwb25jbGljayUzRCUyMnNldExvY2F0aW9uJTI4JTI3RkRTLXRlY2tsYWNrdy1lbGVtZW50cy1hY2llci1GUiUyNyUyOSUyMiUzRVNvbHV0aW9uJTNDJTJGYSUzRSUzQyUyRmRpdiUzRSUwQSUzQ2RpdiUyMGNsYXNzJTNEJTIyd2lkZ2V0LWRvd25sb2FkLXN1YnRpdGxlJTIyJTNFNzYlMjBLYiUyQyUyMFBERiUzQyUyRmRpdiUzRSUwQSUzQyUyRmRpdiUzRSUwQSUzQyUyRmRpdiUzRSUwQQ==[\/vc_raw_html][\/vc_column_inner][vc_column_inner width=\u00a0\u00bb1\/3&Prime;][\/vc_column_inner][vc_column_inner width=\u00a0\u00bb1\/3&Prime;][\/vc_column_inner][\/vc_row_inner][vc_empty_space height=\u00a0\u00bb20px\u00a0\u00bb el_class=\u00a0\u00bbvc_hidden-sm vc_hidden-xs\u00a0\u00bb]<style scoped='scoped'>.mgt-promo-block-79292048663.mgt-promo-block.darken .mgt-promo-block-content {background-color: rgba(10,10,10,0.63)!important;}.mgt-promo-block-79292048663.mgt-promo-block.animated:hover .mgt-promo-block-content {background-color: rgba(68,0,0,0.61)!important;}<\/style><div class=\"mgt-promo-block animated white-text cover-image text-size-normal darken mgt-promo-block-79292048663 wpb_content_element wpb_animate_when_almost_visible wpb_left-to-right\" data-style=\"background-color: #bababa;width: 100%; height: 200px;\"><div class=\"mgt-promo-block-content\"><div class=\"mgt-promo-block-content-inside vc_custom_1529061561098\">\n<h2>Avez-vous des questions?<\/h2>\n<div class=\"mgt-button-wrapper mgt-button-wrapper-align-left mgt-button-wrapper-display-newline mgt-button-top-margin-enable\"><a class=\"btn hvr-icon-wobble-horizontal mgt-button mgt-style-solid-invert mgt-size-normal mgt-align-left mgt-display-newline mgt-text-size-small mgt-button-icon-position-right mgt-text-transform-uppercase \" href=\"https:\/\/mcrtecresa.com\/fr\/contact\">Contactez-nous<i class=\"fa fa-arrow-right\"><\/i><\/a><\/div><\/div><\/div><\/div>[\/vc_column][\/vc_row][vc_row][vc_column]<div class=\"mgt-header-block clearfix text-left text-black wpb_content_element  mgt-header-block-style-1 mgt-header-texttransform-header \"><h2 class=\"mgt-header-block-title\">En Savoir Plus<\/h2><p class=\"mgt-header-block-subtitle\">Protection des \u00e9l\u00e9ments en acier (poutres et piliers) avec:<\/p><div class=\"mgt-header-line\"><\/div><\/div>[\/vc_column][\/vc_row][vc_row][vc_column width=\u00a0\u00bb1\/3&Prime;][vc_btn title=\u00a0\u00bbMortier Tecwool\u00ae F\u00a0\u00bb style=\u00a0\u00bboutline-custom\u00a0\u00bb outline_custom_color=\u00a0\u00bb#000000&Prime; outline_custom_hover_background=\u00a0\u00bb#e42413&Prime; outline_custom_hover_text=\u00a0\u00bb#ffffff\u00a0\u00bb shape=\u00a0\u00bbround\u00a0\u00bb size=\u00a0\u00bbsm\u00a0\u00bb align=\u00a0\u00bbcenter\u00a0\u00bb button_block=\u00a0\u00bbtrue\u00a0\u00bb link=\u00a0\u00bburl:https%3A%2F%2Fmcrtecresa.com%2Ffr%2Fmortiers-tecwool%2Ftecwool-f%2Fprotection-des-elements-en-acier|||\u00a0\u00bb][\/vc_column][vc_column width=\u00a0\u00bb1\/3&Prime;][vc_btn title=\u00a0\u00bbPanneaux Tecbor\u00ae\u00a0\u00bb style=\u00a0\u00bboutline-custom\u00a0\u00bb outline_custom_color=\u00a0\u00bb#666666&Prime; outline_custom_hover_background=\u00a0\u00bb#e42413&Prime; outline_custom_hover_text=\u00a0\u00bb#ffffff\u00a0\u00bb shape=\u00a0\u00bbround\u00a0\u00bb size=\u00a0\u00bbsm\u00a0\u00bb align=\u00a0\u00bbcenter\u00a0\u00bb button_block=\u00a0\u00bbtrue\u00a0\u00bb link=\u00a0\u00bburl:https%3A%2F%2Fmcrtecresa.com%2Ffr%2Fpanneaux-tecbor%2Fstructure-metallique|||\u00a0\u00bb][\/vc_column][vc_column width=\u00a0\u00bb1\/3&Prime;][\/vc_column][\/vc_row]<\/p>\n<\/div>","protected":false},"excerpt":{"rendered":"<p>[vc_row][vc_column][vc_column_text] [\/vc_column_text][vc_empty_space height=\u00a0\u00bb10px\u00a0\u00bb][\/vc_column][\/vc_row][vc_row][vc_column][vc_row_inner][vc_column_inner width=\u00a0\u00bb2\/3&Prime;][vc_column_text css=\u00a0\u00bb\u00a0\u00bb] Les structures m\u00e9talliques en acier sont un syst\u00e8me de construction mondialement utilis\u00e9 et r\u00e9pandu. Un de ses principaux avantages c\u2019est qu\u2019ils ont une grande r\u00e9sistance&#8230;<\/p>\n","protected":false},"author":2,"featured_media":0,"parent":19464,"menu_order":0,"comment_status":"closed","ping_status":"closed","template":"","meta":{"footnotes":""},"class_list":["post-19500","page","type-page","status-publish","hentry"],"yoast_head":"<!-- This site is optimized with the Yoast SEO plugin v27.4 - https:\/\/yoast.com\/product\/yoast-seo-wordpress\/ -->\n<title>Peinture ignifuge Teclack-W\u00ae \u00c9l\u00e9ments structuraux en acier avec<\/title>\n<meta name=\"description\" content=\"Protection contre le feu des \u00e9l\u00e9ments structuraux en acier avec notre peinture ignifuge Teclack-W\u00ae. Protection en fonction de l\u2019\u00e9paisseur appliqu\u00e9...\" \/>\n<meta name=\"robots\" content=\"index, follow, max-snippet:-1, max-image-preview:large, max-video-preview:-1\" \/>\n<link rel=\"canonical\" href=\"https:\/\/mcrtecresa.com\/fr\/peinture-intumescente-teclack-w\/protection-des-elements-en-acier\" \/>\n<meta property=\"og:locale\" content=\"fr_FR\" \/>\n<meta property=\"og:type\" content=\"article\" \/>\n<meta property=\"og:title\" content=\"Peinture ignifuge Teclack-W\u00ae \u00c9l\u00e9ments structuraux en acier avec\" \/>\n<meta property=\"og:description\" content=\"Protection contre le feu des \u00e9l\u00e9ments structuraux en acier avec notre peinture ignifuge Teclack-W\u00ae. Protection en fonction de l\u2019\u00e9paisseur appliqu\u00e9...\" \/>\n<meta property=\"og:url\" content=\"https:\/\/mcrtecresa.com\/fr\/peinture-intumescente-teclack-w\/protection-des-elements-en-acier\" \/>\n<meta property=\"og:site_name\" content=\"Mcr Tecresa\" \/>\n<meta property=\"article:modified_time\" content=\"2025-09-24T10:39:36+00:00\" \/>\n<meta property=\"og:image\" content=\"https:\/\/mcrtecresa.com\/wp-content\/uploads\/2025\/07\/Logo-Original-1.png\" \/>\n\t<meta property=\"og:image:width\" content=\"195\" \/>\n\t<meta property=\"og:image:height\" content=\"46\" \/>\n\t<meta property=\"og:image:type\" content=\"image\/png\" \/>\n<meta name=\"twitter:card\" content=\"summary_large_image\" \/>\n<meta name=\"twitter:label1\" content=\"Dur\u00e9e de lecture estim\u00e9e\" \/>\n\t<meta name=\"twitter:data1\" content=\"6 minutes\" \/>\n<script type=\"application\/ld+json\" class=\"yoast-schema-graph\">{\"@context\":\"https:\\\/\\\/schema.org\",\"@graph\":[{\"@type\":\"WebPage\",\"@id\":\"https:\\\/\\\/mcrtecresa.com\\\/fr\\\/peinture-intumescente-teclack-w\\\/protection-des-elements-en-acier\",\"url\":\"https:\\\/\\\/mcrtecresa.com\\\/fr\\\/peinture-intumescente-teclack-w\\\/protection-des-elements-en-acier\",\"name\":\"Peinture ignifuge Teclack-W\u00ae \u00c9l\u00e9ments structuraux en acier avec\",\"isPartOf\":{\"@id\":\"https:\\\/\\\/mcrtecresa.com\\\/#website\"},\"datePublished\":\"2018-04-10T14:57:14+00:00\",\"dateModified\":\"2025-09-24T10:39:36+00:00\",\"description\":\"Protection contre le feu des \u00e9l\u00e9ments structuraux en acier avec notre peinture ignifuge Teclack-W\u00ae. Protection en fonction de l\u2019\u00e9paisseur appliqu\u00e9...\",\"breadcrumb\":{\"@id\":\"https:\\\/\\\/mcrtecresa.com\\\/fr\\\/peinture-intumescente-teclack-w\\\/protection-des-elements-en-acier#breadcrumb\"},\"inLanguage\":\"fr-FR\",\"potentialAction\":[{\"@type\":\"ReadAction\",\"target\":[\"https:\\\/\\\/mcrtecresa.com\\\/fr\\\/peinture-intumescente-teclack-w\\\/protection-des-elements-en-acier\"]}]},{\"@type\":\"BreadcrumbList\",\"@id\":\"https:\\\/\\\/mcrtecresa.com\\\/fr\\\/peinture-intumescente-teclack-w\\\/protection-des-elements-en-acier#breadcrumb\",\"itemListElement\":[{\"@type\":\"ListItem\",\"position\":1,\"name\":\"mcr tecresa\u00ae\",\"item\":\"https:\\\/\\\/mcrtecresa.com\\\/fr\"},{\"@type\":\"ListItem\",\"position\":2,\"name\":\"Peinture Intumescente Teclack-W\u00ae\",\"item\":\"https:\\\/\\\/mcrtecresa.com\\\/fr\\\/peinture-intumescente-teclack-w\"},{\"@type\":\"ListItem\",\"position\":3,\"name\":\"Teclack-W\u00ae &#8211; Protection des \u00c9l\u00e9ments en Acier\"}]},{\"@type\":\"WebSite\",\"@id\":\"https:\\\/\\\/mcrtecresa.com\\\/#website\",\"url\":\"https:\\\/\\\/mcrtecresa.com\\\/\",\"name\":\"Mcr Tecresa\",\"description\":\"Empresa l\u00edder en protecci\u00f3n pasiva contra incendios\",\"publisher\":{\"@id\":\"https:\\\/\\\/mcrtecresa.com\\\/#organization\"},\"alternateName\":\"Protecci\u00f3n Pasiva Contra Incendios\",\"potentialAction\":[{\"@type\":\"SearchAction\",\"target\":{\"@type\":\"EntryPoint\",\"urlTemplate\":\"https:\\\/\\\/mcrtecresa.com\\\/?s={search_term_string}\"},\"query-input\":{\"@type\":\"PropertyValueSpecification\",\"valueRequired\":true,\"valueName\":\"search_term_string\"}}],\"inLanguage\":\"fr-FR\"},{\"@type\":\"Organization\",\"@id\":\"https:\\\/\\\/mcrtecresa.com\\\/#organization\",\"name\":\"Mcr Tecresa\",\"url\":\"https:\\\/\\\/mcrtecresa.com\\\/\",\"logo\":{\"@type\":\"ImageObject\",\"inLanguage\":\"fr-FR\",\"@id\":\"https:\\\/\\\/mcrtecresa.com\\\/#\\\/schema\\\/logo\\\/image\\\/\",\"url\":\"https:\\\/\\\/mcrtecresa.com\\\/wp-content\\\/uploads\\\/2025\\\/07\\\/Logo-Original-1.png\",\"contentUrl\":\"https:\\\/\\\/mcrtecresa.com\\\/wp-content\\\/uploads\\\/2025\\\/07\\\/Logo-Original-1.png\",\"width\":195,\"height\":46,\"caption\":\"Mcr Tecresa\"},\"image\":{\"@id\":\"https:\\\/\\\/mcrtecresa.com\\\/#\\\/schema\\\/logo\\\/image\\\/\"},\"sameAs\":[\"https:\\\/\\\/www.linkedin.com\\\/company\\\/mcrtecresa\",\"https:\\\/\\\/www.youtube.com\\\/@Mcrtecresa\"]}]}<\/script>\n<!-- \/ Yoast SEO plugin. -->","yoast_head_json":{"title":"Peinture ignifuge Teclack-W\u00ae \u00c9l\u00e9ments structuraux en acier avec","description":"Protection contre le feu des \u00e9l\u00e9ments structuraux en acier avec notre peinture ignifuge Teclack-W\u00ae. Protection en fonction de l\u2019\u00e9paisseur appliqu\u00e9...","robots":{"index":"index","follow":"follow","max-snippet":"max-snippet:-1","max-image-preview":"max-image-preview:large","max-video-preview":"max-video-preview:-1"},"canonical":"https:\/\/mcrtecresa.com\/fr\/peinture-intumescente-teclack-w\/protection-des-elements-en-acier","og_locale":"fr_FR","og_type":"article","og_title":"Peinture ignifuge Teclack-W\u00ae \u00c9l\u00e9ments structuraux en acier avec","og_description":"Protection contre le feu des \u00e9l\u00e9ments structuraux en acier avec notre peinture ignifuge Teclack-W\u00ae. Protection en fonction de l\u2019\u00e9paisseur appliqu\u00e9...","og_url":"https:\/\/mcrtecresa.com\/fr\/peinture-intumescente-teclack-w\/protection-des-elements-en-acier","og_site_name":"Mcr Tecresa","article_modified_time":"2025-09-24T10:39:36+00:00","og_image":[{"width":195,"height":46,"url":"https:\/\/mcrtecresa.com\/wp-content\/uploads\/2025\/07\/Logo-Original-1.png","type":"image\/png"}],"twitter_card":"summary_large_image","twitter_misc":{"Dur\u00e9e de lecture estim\u00e9e":"6 minutes"},"schema":{"@context":"https:\/\/schema.org","@graph":[{"@type":"WebPage","@id":"https:\/\/mcrtecresa.com\/fr\/peinture-intumescente-teclack-w\/protection-des-elements-en-acier","url":"https:\/\/mcrtecresa.com\/fr\/peinture-intumescente-teclack-w\/protection-des-elements-en-acier","name":"Peinture ignifuge Teclack-W\u00ae \u00c9l\u00e9ments structuraux en acier avec","isPartOf":{"@id":"https:\/\/mcrtecresa.com\/#website"},"datePublished":"2018-04-10T14:57:14+00:00","dateModified":"2025-09-24T10:39:36+00:00","description":"Protection contre le feu des \u00e9l\u00e9ments structuraux en acier avec notre peinture ignifuge Teclack-W\u00ae. Protection en fonction de l\u2019\u00e9paisseur appliqu\u00e9...","breadcrumb":{"@id":"https:\/\/mcrtecresa.com\/fr\/peinture-intumescente-teclack-w\/protection-des-elements-en-acier#breadcrumb"},"inLanguage":"fr-FR","potentialAction":[{"@type":"ReadAction","target":["https:\/\/mcrtecresa.com\/fr\/peinture-intumescente-teclack-w\/protection-des-elements-en-acier"]}]},{"@type":"BreadcrumbList","@id":"https:\/\/mcrtecresa.com\/fr\/peinture-intumescente-teclack-w\/protection-des-elements-en-acier#breadcrumb","itemListElement":[{"@type":"ListItem","position":1,"name":"mcr tecresa\u00ae","item":"https:\/\/mcrtecresa.com\/fr"},{"@type":"ListItem","position":2,"name":"Peinture Intumescente Teclack-W\u00ae","item":"https:\/\/mcrtecresa.com\/fr\/peinture-intumescente-teclack-w"},{"@type":"ListItem","position":3,"name":"Teclack-W\u00ae &#8211; Protection des \u00c9l\u00e9ments en Acier"}]},{"@type":"WebSite","@id":"https:\/\/mcrtecresa.com\/#website","url":"https:\/\/mcrtecresa.com\/","name":"Mcr Tecresa","description":"Empresa l\u00edder en protecci\u00f3n pasiva contra incendios","publisher":{"@id":"https:\/\/mcrtecresa.com\/#organization"},"alternateName":"Protecci\u00f3n Pasiva Contra Incendios","potentialAction":[{"@type":"SearchAction","target":{"@type":"EntryPoint","urlTemplate":"https:\/\/mcrtecresa.com\/?s={search_term_string}"},"query-input":{"@type":"PropertyValueSpecification","valueRequired":true,"valueName":"search_term_string"}}],"inLanguage":"fr-FR"},{"@type":"Organization","@id":"https:\/\/mcrtecresa.com\/#organization","name":"Mcr Tecresa","url":"https:\/\/mcrtecresa.com\/","logo":{"@type":"ImageObject","inLanguage":"fr-FR","@id":"https:\/\/mcrtecresa.com\/#\/schema\/logo\/image\/","url":"https:\/\/mcrtecresa.com\/wp-content\/uploads\/2025\/07\/Logo-Original-1.png","contentUrl":"https:\/\/mcrtecresa.com\/wp-content\/uploads\/2025\/07\/Logo-Original-1.png","width":195,"height":46,"caption":"Mcr Tecresa"},"image":{"@id":"https:\/\/mcrtecresa.com\/#\/schema\/logo\/image\/"},"sameAs":["https:\/\/www.linkedin.com\/company\/mcrtecresa","https:\/\/www.youtube.com\/@Mcrtecresa"]}]}},"_links":{"self":[{"href":"https:\/\/mcrtecresa.com\/fr\/wp-json\/wp\/v2\/pages\/19500","targetHints":{"allow":["GET"]}}],"collection":[{"href":"https:\/\/mcrtecresa.com\/fr\/wp-json\/wp\/v2\/pages"}],"about":[{"href":"https:\/\/mcrtecresa.com\/fr\/wp-json\/wp\/v2\/types\/page"}],"author":[{"embeddable":true,"href":"https:\/\/mcrtecresa.com\/fr\/wp-json\/wp\/v2\/users\/2"}],"replies":[{"embeddable":true,"href":"https:\/\/mcrtecresa.com\/fr\/wp-json\/wp\/v2\/comments?post=19500"}],"version-history":[{"count":0,"href":"https:\/\/mcrtecresa.com\/fr\/wp-json\/wp\/v2\/pages\/19500\/revisions"}],"up":[{"embeddable":true,"href":"https:\/\/mcrtecresa.com\/fr\/wp-json\/wp\/v2\/pages\/19464"}],"wp:attachment":[{"href":"https:\/\/mcrtecresa.com\/fr\/wp-json\/wp\/v2\/media?parent=19500"}],"curies":[{"name":"wp","href":"https:\/\/api.w.org\/{rel}","templated":true}]}}