{"id":19355,"date":"2018-03-02T03:39:19","date_gmt":"2018-03-02T01:39:19","guid":{"rendered":"https:\/\/mcrtecresa.com\/paneaux-tecbor-y\/wall-25-mm"},"modified":"2025-09-24T12:34:15","modified_gmt":"2025-09-24T10:34:15","slug":"cloison-25-mm","status":"publish","type":"page","link":"https:\/\/mcrtecresa.com\/fr\/paneaux-tecbor-y\/cloison-25-mm","title":{"rendered":"Panneaux Tecbor\u00ae Y Cloison 25mm"},"content":{"rendered":"<div class=\"wpb-content-wrapper\"><p>[vc_row][vc_column][vc_column_text]<\/p>\n<pre><code class=\"html hljs xml\"><span><span><a href=\"https:\/\/mcrtecresa.com\/fr\">mcr tecresa\u00ae<\/a><\/span><\/span><\/code><\/pre>\n<p>[\/vc_column_text][\/vc_column][\/vc_row][vc_row full_width=\u00a0\u00bbstretch_row\u00a0\u00bb][vc_column]<div class=\"mgt-header-block clearfix text-left text-black wpb_animate_when_almost_visible wpb_top-to-bottom wpb_content_element  mgt-header-block-style-2 mgt-header-texttransform-none  vc_custom_1528896393076\"><h2 class=\"mgt-header-block-title\">Panneaux Tecbor\u00ae Y - Solutions Constructives<\/h2><div class=\"mgt-header-line\"><\/div><\/div>[vc_row_inner][vc_column_inner width=\u00a0\u00bb1\/4&Prime;][vc_btn title=\u00a0\u00bbFrange rencontr\u00e9 coupe-feu EI-60&Prime; style=\u00a0\u00bboutline-custom\u00a0\u00bb outline_custom_color=\u00a0\u00bb#000000&Prime; outline_custom_hover_background=\u00a0\u00bb#666666&Prime; outline_custom_hover_text=\u00a0\u00bb#ffffff\u00a0\u00bb shape=\u00a0\u00bbround\u00a0\u00bb size=\u00a0\u00bbsm\u00a0\u00bb align=\u00a0\u00bbcenter\u00a0\u00bb button_block=\u00a0\u00bbtrue\u00a0\u00bb link=\u00a0\u00bburl:https%3A%2F%2Fmcrtecresa.com%2Ffr%2Fpaneaux-tecbor-y%2Ffrange-recontre-coupe-feu|||\u00a0\u00bb][\/vc_column_inner][vc_column_inner width=\u00a0\u00bb1\/4&Prime;][vc_btn title=\u00a0\u00bbCloison Tecbor\u00ae Y 25 mm EI-180&Prime; style=\u00a0\u00bbcustom\u00a0\u00bb custom_background=\u00a0\u00bb#e42413&Prime; custom_text=\u00a0\u00bb#ffffff\u00a0\u00bb shape=\u00a0\u00bbround\u00a0\u00bb size=\u00a0\u00bbsm\u00a0\u00bb align=\u00a0\u00bbcenter\u00a0\u00bb button_block=\u00a0\u00bbtrue\u00a0\u00bb link=\u00a0\u00bburl:%23|||\u00a0\u00bb][\/vc_column_inner][vc_column_inner width=\u00a0\u00bb1\/4&Prime;][vc_btn title=\u00a0\u00bbBandes Isolantes Copue-Feux 25+25 mm EI-120 \/ EI-180&Prime; style=\u00a0\u00bboutline-custom\u00a0\u00bb outline_custom_color=\u00a0\u00bb#000000&Prime; outline_custom_hover_background=\u00a0\u00bb#666666&Prime; outline_custom_hover_text=\u00a0\u00bb#ffffff\u00a0\u00bb shape=\u00a0\u00bbround\u00a0\u00bb size=\u00a0\u00bbsm\u00a0\u00bb align=\u00a0\u00bbcenter\u00a0\u00bb button_block=\u00a0\u00bbtrue\u00a0\u00bb link=\u00a0\u00bburl:https%3A%2F%2Fmcrtecresa.com%2Ffr%2Fpaneaux-tecbor-y%2Fbandes-isolantes-coupe-feux-2525|||\u00a0\u00bb][\/vc_column_inner][vc_column_inner width=\u00a0\u00bb1\/4&Prime;][\/vc_column_inner][\/vc_row_inner][\/vc_column][\/vc_row][vc_row full_width=\u00a0\u00bbstretch_row\u00a0\u00bb][vc_column][vc_empty_space height=\u00a0\u00bb60px\u00a0\u00bb]<div class=\"mgt-header-block clearfix text-left text-black wpb_animate_when_almost_visible wpb_top-to-bottom wpb_content_element  mgt-header-block-style-1 mgt-header-texttransform-none  vc_custom_1554994422257\"><h1 class=\"mgt-header-block-title\">Panneaux Tecbor\u00ae Y - Cloison 25 mm<\/h1><div class=\"mgt-header-line\"><\/div><\/div>[vc_row_inner equal_height=\u00a0\u00bbyes\u00a0\u00bb content_placement=\u00a0\u00bbmiddle\u00a0\u00bb][vc_column_inner width=\u00a0\u00bb2\/3&Prime;][vc_column_text css=\u00a0\u00bb\u00a0\u00bb]<\/p>\n<p style=\"text-align: justify;\">Les murs non porteurs qui exercent des fonctions de s\u00e9paration entre secteurs d\u00b4incendie doivent avoir une r\u00e9sistance au feu comme il est indiqu\u00e9 dans la r\u00e9gle<strong> UNE EN 1364-1<\/strong>.<\/p>\n<p style=\"text-align: justify;\">Quand dans la r\u00e9alisation du test de r\u00e9sistance le feu des \u00e9l\u00e9ments non porteurs (partir 1: murs) on laisse un bord libre, la r\u00e8gle permet d\u00e1ugmenter les dimensions de la largeur.<\/p>\n<p style=\"text-align: justify;\">Par rapport \u00e0 l\u00b4augmentation en hauteur, la r\u00e8gle est claire et concise. Quand la construction soit test\u00e9e aver un minimun de 3 m\u00e8ters, il est possible de l\u00b4augmenter jusqu\u00b4a 4 m\u00e8ters.<\/p>\n<p style=\"text-align: justify;\">Dans des occasions nous trouvons des cloisons sup\u00e9rieurs \u00e0 4 m\u00e8ters. <strong>mcr <\/strong><strong>tecresa\u00ae\u00a0<\/strong>es pionni\u00e8re dans le d\u00e9veloppement des cloisons de grandes dimensiones et propose la solution la plus m\u00e1s efficace et pratique pour ce genre de travaux.<\/p>\n<p style=\"text-align: justify;\">En outre, \u00e0 chanque fois que la sectorisation des divisions se brise (par exemple dans le passage des installations) il est n\u00e9cessaire de sceller les enfocements produits par elles-m\u00eames. Consulteur le <strong>catalogue de Syst\u00e8mes d\u00b4etanch\u00e9it\u00e9 Tecsel\u00ae<\/strong> pour trouver la solution la plus aproppri\u00e9e.<\/p>\n<p>[\/vc_column_text][\/vc_column_inner][vc_column_inner width=\u00a0\u00bb1\/3&Prime;][vc_single_image image=\u00a0\u00bb40427&Prime; img_size=\u00a0\u00bbfull\u00a0\u00bb alignment=\u00a0\u00bbcenter\u00a0\u00bb style=\u00a0\u00bbvc_box_rounded\u00a0\u00bb onclick=\u00a0\u00bblink_image\u00a0\u00bb css=\u00a0\u00bb.vc_custom_1611153936126{margin-top: 3rem !important;}\u00a0\u00bb][\/vc_column_inner][\/vc_row_inner][vc_empty_space height=\u00a0\u00bb40px\u00a0\u00bb][\/vc_column][\/vc_row][vc_row][vc_column width=\u00a0\u00bb1\/2&Prime; el_class=\u00a0\u00bbbordersolution\u00a0\u00bb][vc_empty_space][vc_single_image image=\u00a0\u00bb6850&Prime; img_size=\u00a0\u00bblarge\u00a0\u00bb alignment=\u00a0\u00bbcenter\u00a0\u00bb onclick=\u00a0\u00bblink_image\u00a0\u00bb][vc_row_inner css=\u00a0\u00bb.vc_custom_1519682527087{padding-right: 3rem !important;padding-left: 3rem !important;}\u00a0\u00bb][vc_column_inner width=\u00a0\u00bb1\/2&Prime;]<div class=\"mgt-header-block clearfix text-left text-black wpb_animate_when_almost_visible wpb_top-to-bottom wpb_content_element  mgt-header-block-style-2 mgt-header-texttransform-none  vc_custom_1528206810503\"><h2 class=\"mgt-header-block-title\">Test<\/h2><div class=\"mgt-header-line\"><\/div><\/div>[vc_column_text]<b>R\u00e8gle <\/b>: UNE EN 1366-1<br \/>\n<b>Laboratoire<\/b>: TECNALIA<br \/>\n<b>N\u00ba Test<\/b>: 24237[\/vc_column_text][\/vc_column_inner][vc_column_inner width=\u00a0\u00bb1\/2&Prime;]<div class=\"mgt-header-block clearfix text-left text-black wpb_animate_when_almost_visible wpb_top-to-bottom wpb_content_element  mgt-header-block-style-2 mgt-header-texttransform-none  vc_custom_1528206817835\"><h2 class=\"mgt-header-block-title\">Solution<\/h2><div class=\"mgt-header-line\"><\/div><\/div>[vc_column_text]<\/p>\n<ol>\n<li>Panneaux Tecbor\u00ae Y 25 mm<\/li>\n<li>Vis autotaradeuse de 3,5&#215;35 mm.<\/li>\n<li>Laine de roche\u00a040 mm et\u00a040 kg\/m<sup>3<\/sup>.<\/li>\n<li>Montant\u00a0de 46x36x0,6 mm.<\/li>\n<\/ol>\n<p>[\/vc_column_text][\/vc_column_inner][\/vc_row_inner][\/vc_column][vc_column width=\u00a0\u00bb1\/2&Prime; css=\u00a0\u00bb.vc_custom_1519682712284{padding-left: 2rem !important;}\u00a0\u00bb]<div class=\"mgt-header-block clearfix text-left text-black wpb_animate_when_almost_visible wpb_top-to-bottom wpb_content_element  mgt-header-block-style-2 mgt-header-texttransform-none  vc_custom_1528896079008\"><h2 class=\"mgt-header-block-title\">Application<\/h2><div class=\"mgt-header-line\"><\/div><\/div>[vc_column_text]<\/p>\n<ul>\n<li>Fixer les canaux de 46x30x0,5 mm avec cheville metallique M6 chaque\u00a0250-300 mm. Compl\u00e9ter la double structure metallique avec montants de\u00a046x36x0,5 mm s\u00e9par\u00e9s 600 mm entre axes.<\/li>\n<li>Placer les panneaux de laine de roche entre les montants. Ci-apr\u00e8s fixer les deux couches de panneaux Tecbor\u00ae Y de 25mm des deux c\u00f4t\u00e9s avec vis autotaradeuses de\u00a03,5&#215;35 mm chaque\u00a0200-250 mm.<\/li>\n<li>Pour finir, couvir les joints entre les panneaux et les t\u00eastes des vis avec <a href=\"https:\/\/mcrtecresa.com\/fr\/systemes-d-etancheite-tecsel\/pate-a-joints-preparee-tecbor\"><strong>p\u00e2te \u00e0 joints Tecbor\u00ae<\/strong><\/a>.<\/li>\n<\/ul>\n<p>[\/vc_column_text][\/vc_column][\/vc_row][vc_row][vc_column][vc_empty_space height=\u00a0\u00bb50px\u00a0\u00bb]<div class=\"mgt-header-block clearfix text-left text-black wpb_animate_when_almost_visible wpb_top-to-bottom wpb_content_element  mgt-header-block-style-2 mgt-header-texttransform-none  vc_custom_1528896087561\"><h2 class=\"mgt-header-block-title\">Documentation<\/h2><div class=\"mgt-header-line\"><\/div><\/div>[vc_row_inner][vc_column_inner width=\u00a0\u00bb1\/3&Prime;][vc_raw_html]JTNDZGl2JTIwY2xhc3MlM0QlMjJ3aWRnZXQtZG93bmxvYWQtbGluay13cmFwcGVyJTIyJTNFJTBBJTNDZGl2JTIwY2xhc3MlM0QlMjJ3aWRnZXQtZG93bmxvYWQtaWNvbiUyMiUzRSUzQ2klMjBjbGFzcyUzRCUyMmZhJTIwZmEtZmlsZS1wZGYtbyUyMiUzRSUzQyUyRmklM0UlMEElM0MlMkZkaXYlM0UlMEElM0NkaXYlMjBjbGFzcyUzRCUyMndpZGdldC1kb3dubG9hZC1kZXRhaWxzJTIyJTNFJTBBJTNDZGl2JTIwY2xhc3MlM0QlMjJ3aWRnZXQtZG93bmxvYWQtdGl0bGUlMjIlM0UlM0NzcGFuJTIwY2xhc3MlM0QlMjJkb2N1bWVudG8tcGRmJTIyJTIwb25jbGljayUzRCUyMnNldExvY2F0aW9uJTI4JTI3RkRTLXRlY2JvcnktY29pc29uLWVpMTgwLUZSJTI3JTI5JTIyJTNFU29sdXRpb24lM0MlMkZhJTNFJTNDJTJGZGl2JTNFJTBBJTNDZGl2JTIwY2xhc3MlM0QlMjJ3aWRnZXQtZG93bmxvYWQtc3VidGl0bGUlMjIlM0UzOTclMjBLYiUyQyUyMFBERiUzQyUyRmRpdiUzRSUwQSUzQyUyRmRpdiUzRSUwQSUzQyUyRmRpdiUzRSUwQQ==[\/vc_raw_html][\/vc_column_inner][vc_column_inner width=\u00a0\u00bb1\/3&Prime;][\/vc_column_inner][vc_column_inner width=\u00a0\u00bb1\/3&Prime;][\/vc_column_inner][\/vc_row_inner][vc_empty_space height=\u00a0\u00bb20px\u00a0\u00bb el_class=\u00a0\u00bbvc_hidden-sm vc_hidden-xs\u00a0\u00bb]<style scoped='scoped'>.mgt-promo-block-79292048663.mgt-promo-block.darken .mgt-promo-block-content {background-color: rgba(10,10,10,0.63)!important;}.mgt-promo-block-79292048663.mgt-promo-block.animated:hover .mgt-promo-block-content {background-color: rgba(68,0,0,0.61)!important;}<\/style><div class=\"mgt-promo-block animated white-text cover-image text-size-normal darken mgt-promo-block-79292048663 wpb_content_element wpb_animate_when_almost_visible wpb_left-to-right\" data-style=\"background-color: #bababa;width: 100%; height: 200px;\"><div class=\"mgt-promo-block-content\"><div class=\"mgt-promo-block-content-inside vc_custom_1528896159539\">\n<h2>Avec-vous des questions?<\/h2>\n<div class=\"mgt-button-wrapper mgt-button-wrapper-align-left mgt-button-wrapper-display-newline mgt-button-top-margin-enable\"><a class=\"btn hvr-icon-wobble-horizontal mgt-button mgt-style-solid-invert mgt-size-normal mgt-align-left mgt-display-newline mgt-text-size-small mgt-button-icon-position-right mgt-text-transform-uppercase \" href=\"https:\/\/mcrtecresa.com\/fr\/contact\">Contactez-nous<i class=\"fa fa-arrow-right\"><\/i><\/a><\/div><\/div><\/div><\/div>[\/vc_column][\/vc_row]<\/p>\n<\/div>","protected":false},"excerpt":{"rendered":"<p>[vc_row][vc_column][vc_column_text] [\/vc_column_text][\/vc_column][\/vc_row][vc_row full_width=\u00a0\u00bbstretch_row\u00a0\u00bb][vc_column][vc_row_inner][vc_column_inner width=\u00a0\u00bb1\/4&Prime;][vc_btn title=\u00a0\u00bbFrange rencontr\u00e9 coupe-feu EI-60&Prime; style=\u00a0\u00bboutline-custom\u00a0\u00bb outline_custom_color=\u00a0\u00bb#000000&Prime; outline_custom_hover_background=\u00a0\u00bb#666666&Prime; outline_custom_hover_text=\u00a0\u00bb#ffffff\u00a0\u00bb shape=\u00a0\u00bbround\u00a0\u00bb size=\u00a0\u00bbsm\u00a0\u00bb align=\u00a0\u00bbcenter\u00a0\u00bb button_block=\u00a0\u00bbtrue\u00a0\u00bb link=\u00a0\u00bburl:https%3A%2F%2Fmcrtecresa.com%2Ffr%2Fpaneaux-tecbor-y%2Ffrange-recontre-coupe-feu|||\u00a0\u00bb][\/vc_column_inner][vc_column_inner width=\u00a0\u00bb1\/4&Prime;][vc_btn title=\u00a0\u00bbCloison Tecbor\u00ae Y 25 mm EI-180&Prime; style=\u00a0\u00bbcustom\u00a0\u00bb custom_background=\u00a0\u00bb#e42413&Prime; custom_text=\u00a0\u00bb#ffffff\u00a0\u00bb shape=\u00a0\u00bbround\u00a0\u00bb size=\u00a0\u00bbsm\u00a0\u00bb align=\u00a0\u00bbcenter\u00a0\u00bb&#8230;<\/p>\n","protected":false},"author":2,"featured_media":0,"parent":19340,"menu_order":0,"comment_status":"closed","ping_status":"closed","template":"","meta":{"footnotes":""},"class_list":["post-19355","page","type-page","status-publish","hentry"],"yoast_head":"<!-- This site is optimized with the Yoast SEO plugin v27.4 - https:\/\/yoast.com\/product\/yoast-seo-wordpress\/ -->\n<title>Cloison Tecbor\u00ae Y 25 mm EI-180 - mercor tecresa\u00ae<\/title>\n<meta name=\"description\" content=\"Les murs non porteurs qui exercent des fonctions de s\u00e9paration entre secteurs d\u00b4incendie doivent avoir une r\u00e9sistance au feu comme il est indiqu\u00e9...\" \/>\n<meta name=\"robots\" content=\"index, follow, max-snippet:-1, max-image-preview:large, max-video-preview:-1\" \/>\n<link rel=\"canonical\" href=\"https:\/\/mcrtecresa.com\/fr\/paneaux-tecbor-y\/cloison-25-mm\" \/>\n<meta property=\"og:locale\" content=\"fr_FR\" \/>\n<meta property=\"og:type\" content=\"article\" \/>\n<meta property=\"og:title\" content=\"Cloison Tecbor\u00ae Y 25 mm EI-180 - mercor tecresa\u00ae\" \/>\n<meta property=\"og:description\" content=\"Les murs non porteurs qui exercent des fonctions de s\u00e9paration entre secteurs d\u00b4incendie doivent avoir une r\u00e9sistance au feu comme il est indiqu\u00e9...\" \/>\n<meta property=\"og:url\" content=\"https:\/\/mcrtecresa.com\/fr\/paneaux-tecbor-y\/cloison-25-mm\" \/>\n<meta property=\"og:site_name\" content=\"Mcr Tecresa\" \/>\n<meta property=\"article:modified_time\" content=\"2025-09-24T10:34:15+00:00\" \/>\n<meta property=\"og:image\" content=\"https:\/\/mcrtecresa.com\/wp-content\/uploads\/2025\/07\/Logo-Original-1.png\" \/>\n\t<meta property=\"og:image:width\" content=\"195\" \/>\n\t<meta property=\"og:image:height\" content=\"46\" \/>\n\t<meta property=\"og:image:type\" content=\"image\/png\" \/>\n<meta name=\"twitter:card\" content=\"summary_large_image\" \/>\n<meta name=\"twitter:label1\" content=\"Dur\u00e9e de lecture estim\u00e9e\" \/>\n\t<meta name=\"twitter:data1\" content=\"5 minutes\" \/>\n<script type=\"application\/ld+json\" class=\"yoast-schema-graph\">{\"@context\":\"https:\\\/\\\/schema.org\",\"@graph\":[{\"@type\":\"WebPage\",\"@id\":\"https:\\\/\\\/mcrtecresa.com\\\/fr\\\/paneaux-tecbor-y\\\/cloison-25-mm\",\"url\":\"https:\\\/\\\/mcrtecresa.com\\\/fr\\\/paneaux-tecbor-y\\\/cloison-25-mm\",\"name\":\"Cloison Tecbor\u00ae Y 25 mm EI-180 - mercor tecresa\u00ae\",\"isPartOf\":{\"@id\":\"https:\\\/\\\/mcrtecresa.com\\\/#website\"},\"datePublished\":\"2018-03-02T01:39:19+00:00\",\"dateModified\":\"2025-09-24T10:34:15+00:00\",\"description\":\"Les murs non porteurs qui exercent des fonctions de s\u00e9paration entre secteurs d\u00b4incendie doivent avoir une r\u00e9sistance au feu comme il est indiqu\u00e9...\",\"breadcrumb\":{\"@id\":\"https:\\\/\\\/mcrtecresa.com\\\/fr\\\/paneaux-tecbor-y\\\/cloison-25-mm#breadcrumb\"},\"inLanguage\":\"fr-FR\",\"potentialAction\":[{\"@type\":\"ReadAction\",\"target\":[\"https:\\\/\\\/mcrtecresa.com\\\/fr\\\/paneaux-tecbor-y\\\/cloison-25-mm\"]}]},{\"@type\":\"BreadcrumbList\",\"@id\":\"https:\\\/\\\/mcrtecresa.com\\\/fr\\\/paneaux-tecbor-y\\\/cloison-25-mm#breadcrumb\",\"itemListElement\":[{\"@type\":\"ListItem\",\"position\":1,\"name\":\"mcr tecresa\u00ae\",\"item\":\"https:\\\/\\\/mcrtecresa.com\\\/fr\"},{\"@type\":\"ListItem\",\"position\":2,\"name\":\"Panneaux Tecbor\u00ae Y\",\"item\":\"https:\\\/\\\/mcrtecresa.com\\\/fr\\\/paneaux-tecbor-y\"},{\"@type\":\"ListItem\",\"position\":3,\"name\":\"Panneaux Tecbor\u00ae Y Cloison 25mm\"}]},{\"@type\":\"WebSite\",\"@id\":\"https:\\\/\\\/mcrtecresa.com\\\/#website\",\"url\":\"https:\\\/\\\/mcrtecresa.com\\\/\",\"name\":\"Mcr Tecresa\",\"description\":\"Empresa l\u00edder en protecci\u00f3n pasiva contra incendios\",\"publisher\":{\"@id\":\"https:\\\/\\\/mcrtecresa.com\\\/#organization\"},\"alternateName\":\"Protecci\u00f3n Pasiva Contra Incendios\",\"potentialAction\":[{\"@type\":\"SearchAction\",\"target\":{\"@type\":\"EntryPoint\",\"urlTemplate\":\"https:\\\/\\\/mcrtecresa.com\\\/?s={search_term_string}\"},\"query-input\":{\"@type\":\"PropertyValueSpecification\",\"valueRequired\":true,\"valueName\":\"search_term_string\"}}],\"inLanguage\":\"fr-FR\"},{\"@type\":\"Organization\",\"@id\":\"https:\\\/\\\/mcrtecresa.com\\\/#organization\",\"name\":\"Mcr Tecresa\",\"url\":\"https:\\\/\\\/mcrtecresa.com\\\/\",\"logo\":{\"@type\":\"ImageObject\",\"inLanguage\":\"fr-FR\",\"@id\":\"https:\\\/\\\/mcrtecresa.com\\\/#\\\/schema\\\/logo\\\/image\\\/\",\"url\":\"https:\\\/\\\/mcrtecresa.com\\\/wp-content\\\/uploads\\\/2025\\\/07\\\/Logo-Original-1.png\",\"contentUrl\":\"https:\\\/\\\/mcrtecresa.com\\\/wp-content\\\/uploads\\\/2025\\\/07\\\/Logo-Original-1.png\",\"width\":195,\"height\":46,\"caption\":\"Mcr Tecresa\"},\"image\":{\"@id\":\"https:\\\/\\\/mcrtecresa.com\\\/#\\\/schema\\\/logo\\\/image\\\/\"},\"sameAs\":[\"https:\\\/\\\/www.linkedin.com\\\/company\\\/mcrtecresa\",\"https:\\\/\\\/www.youtube.com\\\/@Mcrtecresa\"]}]}<\/script>\n<!-- \/ Yoast SEO plugin. -->","yoast_head_json":{"title":"Cloison Tecbor\u00ae Y 25 mm EI-180 - mercor tecresa\u00ae","description":"Les murs non porteurs qui exercent des fonctions de s\u00e9paration entre secteurs d\u00b4incendie doivent avoir une r\u00e9sistance au feu comme il est indiqu\u00e9...","robots":{"index":"index","follow":"follow","max-snippet":"max-snippet:-1","max-image-preview":"max-image-preview:large","max-video-preview":"max-video-preview:-1"},"canonical":"https:\/\/mcrtecresa.com\/fr\/paneaux-tecbor-y\/cloison-25-mm","og_locale":"fr_FR","og_type":"article","og_title":"Cloison Tecbor\u00ae Y 25 mm EI-180 - mercor tecresa\u00ae","og_description":"Les murs non porteurs qui exercent des fonctions de s\u00e9paration entre secteurs d\u00b4incendie doivent avoir une r\u00e9sistance au feu comme il est indiqu\u00e9...","og_url":"https:\/\/mcrtecresa.com\/fr\/paneaux-tecbor-y\/cloison-25-mm","og_site_name":"Mcr Tecresa","article_modified_time":"2025-09-24T10:34:15+00:00","og_image":[{"width":195,"height":46,"url":"https:\/\/mcrtecresa.com\/wp-content\/uploads\/2025\/07\/Logo-Original-1.png","type":"image\/png"}],"twitter_card":"summary_large_image","twitter_misc":{"Dur\u00e9e de lecture estim\u00e9e":"5 minutes"},"schema":{"@context":"https:\/\/schema.org","@graph":[{"@type":"WebPage","@id":"https:\/\/mcrtecresa.com\/fr\/paneaux-tecbor-y\/cloison-25-mm","url":"https:\/\/mcrtecresa.com\/fr\/paneaux-tecbor-y\/cloison-25-mm","name":"Cloison Tecbor\u00ae Y 25 mm EI-180 - mercor tecresa\u00ae","isPartOf":{"@id":"https:\/\/mcrtecresa.com\/#website"},"datePublished":"2018-03-02T01:39:19+00:00","dateModified":"2025-09-24T10:34:15+00:00","description":"Les murs non porteurs qui exercent des fonctions de s\u00e9paration entre secteurs d\u00b4incendie doivent avoir une r\u00e9sistance au feu comme il est indiqu\u00e9...","breadcrumb":{"@id":"https:\/\/mcrtecresa.com\/fr\/paneaux-tecbor-y\/cloison-25-mm#breadcrumb"},"inLanguage":"fr-FR","potentialAction":[{"@type":"ReadAction","target":["https:\/\/mcrtecresa.com\/fr\/paneaux-tecbor-y\/cloison-25-mm"]}]},{"@type":"BreadcrumbList","@id":"https:\/\/mcrtecresa.com\/fr\/paneaux-tecbor-y\/cloison-25-mm#breadcrumb","itemListElement":[{"@type":"ListItem","position":1,"name":"mcr tecresa\u00ae","item":"https:\/\/mcrtecresa.com\/fr"},{"@type":"ListItem","position":2,"name":"Panneaux Tecbor\u00ae Y","item":"https:\/\/mcrtecresa.com\/fr\/paneaux-tecbor-y"},{"@type":"ListItem","position":3,"name":"Panneaux Tecbor\u00ae Y Cloison 25mm"}]},{"@type":"WebSite","@id":"https:\/\/mcrtecresa.com\/#website","url":"https:\/\/mcrtecresa.com\/","name":"Mcr Tecresa","description":"Empresa l\u00edder en protecci\u00f3n pasiva contra incendios","publisher":{"@id":"https:\/\/mcrtecresa.com\/#organization"},"alternateName":"Protecci\u00f3n Pasiva Contra Incendios","potentialAction":[{"@type":"SearchAction","target":{"@type":"EntryPoint","urlTemplate":"https:\/\/mcrtecresa.com\/?s={search_term_string}"},"query-input":{"@type":"PropertyValueSpecification","valueRequired":true,"valueName":"search_term_string"}}],"inLanguage":"fr-FR"},{"@type":"Organization","@id":"https:\/\/mcrtecresa.com\/#organization","name":"Mcr Tecresa","url":"https:\/\/mcrtecresa.com\/","logo":{"@type":"ImageObject","inLanguage":"fr-FR","@id":"https:\/\/mcrtecresa.com\/#\/schema\/logo\/image\/","url":"https:\/\/mcrtecresa.com\/wp-content\/uploads\/2025\/07\/Logo-Original-1.png","contentUrl":"https:\/\/mcrtecresa.com\/wp-content\/uploads\/2025\/07\/Logo-Original-1.png","width":195,"height":46,"caption":"Mcr Tecresa"},"image":{"@id":"https:\/\/mcrtecresa.com\/#\/schema\/logo\/image\/"},"sameAs":["https:\/\/www.linkedin.com\/company\/mcrtecresa","https:\/\/www.youtube.com\/@Mcrtecresa"]}]}},"_links":{"self":[{"href":"https:\/\/mcrtecresa.com\/fr\/wp-json\/wp\/v2\/pages\/19355","targetHints":{"allow":["GET"]}}],"collection":[{"href":"https:\/\/mcrtecresa.com\/fr\/wp-json\/wp\/v2\/pages"}],"about":[{"href":"https:\/\/mcrtecresa.com\/fr\/wp-json\/wp\/v2\/types\/page"}],"author":[{"embeddable":true,"href":"https:\/\/mcrtecresa.com\/fr\/wp-json\/wp\/v2\/users\/2"}],"replies":[{"embeddable":true,"href":"https:\/\/mcrtecresa.com\/fr\/wp-json\/wp\/v2\/comments?post=19355"}],"version-history":[{"count":0,"href":"https:\/\/mcrtecresa.com\/fr\/wp-json\/wp\/v2\/pages\/19355\/revisions"}],"up":[{"embeddable":true,"href":"https:\/\/mcrtecresa.com\/fr\/wp-json\/wp\/v2\/pages\/19340"}],"wp:attachment":[{"href":"https:\/\/mcrtecresa.com\/fr\/wp-json\/wp\/v2\/media?parent=19355"}],"curies":[{"name":"wp","href":"https:\/\/api.w.org\/{rel}","templated":true}]}}