{"id":19348,"date":"2018-03-02T03:30:24","date_gmt":"2018-03-02T01:30:24","guid":{"rendered":"https:\/\/mcrtecresa.com\/paneaux-tecbor-y\/firewall-stripes"},"modified":"2026-03-18T15:56:24","modified_gmt":"2026-03-18T13:56:24","slug":"frange-recontre-coupe-feu","status":"publish","type":"page","link":"https:\/\/mcrtecresa.com\/fr\/paneaux-tecbor-y\/frange-recontre-coupe-feu","title":{"rendered":"Panneaux Tecbor\u00ae &#8211; Frange rencontr\u00e9 coupe-feu"},"content":{"rendered":"<div class=\"wpb-content-wrapper\"><p>[vc_row][vc_column][vc_column_text]<\/p>\n<pre><code class=\"html hljs xml\"><span><span><a href=\"https:\/\/mcrtecresa.com\/fr\">mcr tecresa\u00ae<\/a><\/span><\/span><\/code><\/pre>\n<p>[\/vc_column_text][\/vc_column][\/vc_row][vc_row][vc_column]<div class=\"mgt-header-block clearfix text-left text-black wpb_animate_when_almost_visible wpb_top-to-bottom wpb_content_element  mgt-header-block-style-2 mgt-header-texttransform-none  vc_custom_1528896340338\"><h2 class=\"mgt-header-block-title\">Panneaux Tecbor\u00ae Y - Solutions Constructives<\/h2><div class=\"mgt-header-line\"><\/div><\/div>[\/vc_column][\/vc_row][vc_row][vc_column][vc_empty_space height=\u00a0\u00bb10px\u00a0\u00bb][\/vc_column][\/vc_row][vc_row][vc_column width=\u00a0\u00bb1\/4&Prime;][vc_btn title=\u00a0\u00bbFrange rencontr\u00e9 coupe-feu EI-60&Prime; style=\u00a0\u00bbcustom\u00a0\u00bb custom_background=\u00a0\u00bb#e42413&Prime; custom_text=\u00a0\u00bb#ffffff\u00a0\u00bb shape=\u00a0\u00bbround\u00a0\u00bb size=\u00a0\u00bbsm\u00a0\u00bb align=\u00a0\u00bbcenter\u00a0\u00bb button_block=\u00a0\u00bbtrue\u00a0\u00bb link=\u00a0\u00bburl:%23|||\u00a0\u00bb][\/vc_column][vc_column width=\u00a0\u00bb1\/4&Prime;][vc_btn title=\u00a0\u00bbCloison Tecbor\u00ae Y 25 mm EI-180&Prime; style=\u00a0\u00bboutline-custom\u00a0\u00bb outline_custom_color=\u00a0\u00bb#000000&Prime; outline_custom_hover_background=\u00a0\u00bb#666666&Prime; outline_custom_hover_text=\u00a0\u00bb#ffffff\u00a0\u00bb shape=\u00a0\u00bbround\u00a0\u00bb size=\u00a0\u00bbsm\u00a0\u00bb align=\u00a0\u00bbcenter\u00a0\u00bb button_block=\u00a0\u00bbtrue\u00a0\u00bb link=\u00a0\u00bburl:https%3A%2F%2Fmcrtecresa.com%2Ffr%2Fpaneaux-tecbor-y%2Fcloison-25-mm|||\u00a0\u00bb][\/vc_column][vc_column width=\u00a0\u00bb1\/4&Prime;][vc_btn title=\u00a0\u00bbBandes Isolantes Coupe-Feux 25+25 mm EI-120 \/ EI-180&Prime; style=\u00a0\u00bboutline-custom\u00a0\u00bb outline_custom_color=\u00a0\u00bb#000000&Prime; outline_custom_hover_background=\u00a0\u00bb#666666&Prime; outline_custom_hover_text=\u00a0\u00bb#ffffff\u00a0\u00bb shape=\u00a0\u00bbround\u00a0\u00bb size=\u00a0\u00bbsm\u00a0\u00bb align=\u00a0\u00bbcenter\u00a0\u00bb button_block=\u00a0\u00bbtrue\u00a0\u00bb link=\u00a0\u00bburl:https%3A%2F%2Fmcrtecresa.com%2Ffr%2Fpaneaux-tecbor-y%2Fbandes-isolantes-coupe-feux-2525|||\u00a0\u00bb][\/vc_column][vc_column width=\u00a0\u00bb1\/4&Prime;][\/vc_column][\/vc_row][vc_row][vc_column][vc_empty_space height=\u00a0\u00bb60px\u00a0\u00bb][\/vc_column][\/vc_row][vc_row][vc_column]<div class=\"mgt-header-block clearfix text-left text-black wpb_animate_when_almost_visible wpb_top-to-bottom wpb_content_element  mgt-header-block-style-1 mgt-header-texttransform-none  vc_custom_1554994374943\"><h1 class=\"mgt-header-block-title\">Panneaux Tecbor\u00ae Y - Frange rencontr\u00e9 coupe-feu<\/h1><div class=\"mgt-header-line\"><\/div><\/div>[\/vc_column][\/vc_row][vc_row][vc_column width=\u00a0\u00bb2\/3&Prime;][vc_column_text]Le d\u00e9cret royal 2267\/2004 portant sur le r\u00e8glement de s\u00e9curit\u00e9 contre les incendies dans les \u00e9tablissements industriels (RSCIEI) est entr\u00e9 en vigueur le 3 janvier 2005. Ce r\u00e8glement a pour objectif d\u2019atteindre un niveau de s\u00e9curit\u00e9 suffi sant en cas d\u2019incendie dans les \u00e9tablissements de type industriel.<\/p>\n<p>Quand un mur mitoyen situ\u00e9 entre les \u00e9difi ces ou les hangars industriels touche la toiture, une bande d\u2019au moins 1 m doit \u00eatre pos\u00e9e sur sa projection horizontale. Cette bande doit avoir un degr\u00e9 de r\u00e9sistance au feu \u00e9gale \u00e0 au moins la moiti\u00e9 de ce qui est exig\u00e9 du mur mitoyen, afi n d\u2019\u00e9viter la propagation de l\u2019incendie \u00e0 l\u2019ensemble de l\u2019\u00e9difi ce ou du hangar adjacent.<\/p>\n<p><strong>Les bandes Tecbor\u00ae Y<\/strong>\u00a0sont compos\u00e9es d\u2019une structure portante form\u00e9e par des \u00e9querres de support. Celles-ci sont fi x\u00e9es sur l\u2019ouvrage de support (mur mitoyen) suivant un espacement d\u20191 m\u00e8tre entre elles. Les \u00e9querres sont form\u00e9es de montants de 46 x 36 x 0,6 mm.<\/p>\n<p>Apr\u00e8s la fi xation des \u00e9querres, les om\u00e9gas de 45 x 15 x 0,5 mm sont fi x\u00e9s par des vis \u00e0 t\u00f4le de 3,5 mm. Ces om\u00e9gas sont espac\u00e9s de 450 mm entre eux.<\/p>\n<p><strong>La p\u00e2te \u00e0 joints Tecbor\u00ae<\/strong> est appliqu\u00e9e \u00e0 la jonction entre les panneaux.<\/p>\n<p><strong>L\u2019adh\u00e9sif Tecsel\u00ae<\/strong> scelle la cloison entre la bande et l\u2019ouvrage de support.[\/vc_column_text]<div class=\"mgt-header-block clearfix text-left text-black wpb_animate_when_almost_visible wpb_top-to-bottom wpb_content_element  mgt-header-block-style-2 mgt-header-texttransform-none  vc_custom_1528895218960\"><h2 class=\"mgt-header-block-title\">Types de Bandes<\/h2><div class=\"mgt-header-line\"><\/div><\/div>[vc_column_text]<\/p>\n<ul>\n<li>Bande pos\u00e9e sur le mur mitoyen.<\/li>\n<li><strong>Bande incorpor\u00e9e \u00e0 la toiture m\u00eame<\/strong>, quand celle-ci pr\u00e9sente au moins la m\u00eame stabilit\u00e9 au feu que la r\u00e9sistance attendue de la\u00a0 \u00a0 \u00a0 bande.<\/li>\n<li><strong>Prolongement du mur mitoyen<\/strong> ou de l\u2019\u00e9l\u00e9ment de s\u00e9paration d\u20191 m au-dessus de la toiture.<\/li>\n<\/ul>\n<p>[\/vc_column_text][\/vc_column][vc_column width=\u00a0\u00bb1\/3&Prime;][vc_single_image image=\u00a0\u00bb6842&Prime; img_size=\u00a0\u00bbfull\u00a0\u00bb alignment=\u00a0\u00bbcenter\u00a0\u00bb style=\u00a0\u00bbvc_box_rounded\u00a0\u00bb onclick=\u00a0\u00bblink_image\u00a0\u00bb css=\u00a0\u00bb.vc_custom_1520937661579{margin-top: 3rem !important;}\u00a0\u00bb][\/vc_column][\/vc_row][vc_row full_width=\u00a0\u00bbstretch_row\u00a0\u00bb][vc_column][vc_empty_space height=\u00a0\u00bb40px\u00a0\u00bb][vc_row_inner][vc_column_inner width=\u00a0\u00bb1\/6&Prime;][\/vc_column_inner][vc_column_inner width=\u00a0\u00bb4\/6&Prime;][vc_raw_html css=\u00a0\u00bb\u00a0\u00bb]JTNDY2VudGVyJTNFJTBBJTNDaWZyYW1lJTIwd2lkdGglM0QlMjI4MTAlMjIlMjBoZWlnaHQlM0QlMjI0NTYlMjIlMjBzcmMlM0QlMjJodHRwcyUzQSUyRiUyRnd3dy55b3V0dWJlLmNvbSUyRmVtYmVkJTJGOWp4UWVYYmJ4Z2MlM0ZyZWwlM0QwJTI2bXV0ZSUzRDElMjIlMjBmcmFtZWJvcmRlciUzRCUyMjAlMjIlMjBlbmNyeXB0ZWQtbWVkaWElMjIlMjBhbGxvd2Z1bGxzY3JlZW4lM0UlM0MlMkZpZnJhbWUlM0UlM0MlMkZjZW50ZXIlM0U=[\/vc_raw_html][\/vc_column_inner][vc_column_inner width=\u00a0\u00bb1\/6&Prime;][\/vc_column_inner][\/vc_row_inner][vc_empty_space height=\u00a0\u00bb40px\u00a0\u00bb][\/vc_column][\/vc_row][vc_row][vc_column width=\u00a0\u00bb1\/2&Prime; el_class=\u00a0\u00bbbordersolution\u00a0\u00bb][vc_empty_space height=\u00a0\u00bb42px\u00a0\u00bb][vc_single_image image=\u00a0\u00bb8206&Prime; img_size=\u00a0\u00bb800&#215;400&Prime; alignment=\u00a0\u00bbcenter\u00a0\u00bb onclick=\u00a0\u00bblink_image\u00a0\u00bb][vc_row_inner css=\u00a0\u00bb.vc_custom_1519682527087{padding-right: 3rem !important;padding-left: 3rem !important;}\u00a0\u00bb][vc_column_inner width=\u00a0\u00bb1\/2&Prime;]<div class=\"mgt-header-block clearfix text-left text-black wpb_content_element  mgt-header-block-style-1 mgt-header-texttransform-header \"><h2 class=\"mgt-header-block-title\"><\/h2><p class=\"mgt-header-block-subtitle\">Test<\/p><div class=\"mgt-header-line\"><\/div><\/div>[vc_column_text]<b>R\u00e8gle<\/b>: Protocole d\u2019essai de r\u00e9sistance au feu des bandes isolantes de mur mitoyen \/ toiture<br \/>\n<b>Laboratoire<\/b>: TECNALIA<br \/>\n<b>N\u00ba Test<\/b>: 052251[\/vc_column_text][\/vc_column_inner][vc_column_inner width=\u00a0\u00bb1\/2&Prime;]<div class=\"mgt-header-block clearfix text-left text-black wpb_content_element  mgt-header-block-style-1 mgt-header-texttransform-header \"><h2 class=\"mgt-header-block-title\"><\/h2><p class=\"mgt-header-block-subtitle\">Solution<\/p><div class=\"mgt-header-line\"><\/div><\/div>[vc_column_text]<\/p>\n<ol>\n<li>Vis autoperceuse (3,5 x 25) mm.<\/li>\n<li>Montant \u00a0de (46 x 36 x 0,6) mm.<\/li>\n<li>Om\u00e9ga de (45 x 15 x 0,6) mm.<\/li>\n<li>Panneaux <strong>Tecbor<sup>\u00ae<\/sup> Y<\/strong> de 25 mm.<\/li>\n<li>Vis de plafond (4 x 100) mm, Fischer VVR M4 et \u00a0 rondelle Hilti HV140 8,4 \/ 24 ou similaires.<\/li>\n<li>Mur de fixation de la bande.<\/li>\n<li>Cheville et vis (10 x 100) mm, Hilti 50 x HRD &#8211; H 10 x 100.<\/li>\n<li><strong>P\u00e2te \u00e0 joints Tecbor<sup>\u00ae<\/sup><\/strong>.<\/li>\n<li><strong>Adh\u00e9sif Tecsel<\/strong><sup>\u00ae<\/sup>.<\/li>\n<\/ol>\n<p>[\/vc_column_text][\/vc_column_inner][\/vc_row_inner][vc_empty_space height=\u00a0\u00bb42px\u00a0\u00bb][\/vc_column][vc_column width=\u00a0\u00bb1\/2&Prime; css=\u00a0\u00bb.vc_custom_1519682712284{padding-left: 2rem !important;}\u00a0\u00bb]<div class=\"mgt-header-block clearfix text-left text-black wpb_animate_when_almost_visible wpb_top-to-bottom wpb_content_element  mgt-header-block-style-2 mgt-header-texttransform-none  vc_custom_1528895427092\"><h2 class=\"mgt-header-block-title\">Description du Montage<\/h2><div class=\"mgt-header-line\"><\/div><\/div>[vc_column_text]<strong>Syst\u00e8me de montage de la bande horizontale<\/strong><\/p>\n<ul>\n<li>Sur la bande horizontale, la plaque est orient\u00e9e perpendiculirement au mur. Le c\u00f4te qui mesure 0,6 m est plaqu\u00e9 contre le mur.<\/li>\n<\/ul>\n<p>&nbsp;<\/p>\n<p><strong>Syst\u00e8me de montage de la bande inclin\u00e9e<\/strong><\/p>\n<ul>\n<li>Sur la bande inclin\u00e9e, la plaque est orient\u00e9e dans le sens longitudinal. Le c\u00f4te qui mesure 1 m\u00e8tre est plaqu\u00e9 contre le mur<\/li>\n<\/ul>\n<p>[\/vc_column_text][vc_single_image image=\u00a0\u00bb19352&Prime; img_size=\u00a0\u00bblarge\u00a0\u00bb alignment=\u00a0\u00bbcenter\u00a0\u00bb onclick=\u00a0\u00bblink_image\u00a0\u00bb][\/vc_column][\/vc_row][vc_row][vc_column][vc_empty_space height=\u00a0\u00bb50px\u00a0\u00bb]<div class=\"mgt-header-block clearfix text-left text-black wpb_animate_when_almost_visible wpb_top-to-bottom wpb_content_element  mgt-header-block-style-2 mgt-header-texttransform-none  vc_custom_1528895523755\"><h2 class=\"mgt-header-block-title\">Documentation<\/h2><div class=\"mgt-header-line\"><\/div><\/div>[vc_row_inner][vc_column_inner width=\u00a0\u00bb1\/3&Prime;][vc_raw_html]JTNDZGl2JTIwY2xhc3MlM0QlMjJ3aWRnZXQtZG93bmxvYWQtbGluay13cmFwcGVyJTIyJTNFJTBBJTNDZGl2JTIwY2xhc3MlM0QlMjJ3aWRnZXQtZG93bmxvYWQtaWNvbiUyMiUzRSUzQ2klMjBjbGFzcyUzRCUyMmZhJTIwZmEtZmlsZS1wZGYtbyUyMiUzRSUzQyUyRmklM0UlMEElM0MlMkZkaXYlM0UlMEElM0NkaXYlMjBjbGFzcyUzRCUyMndpZGdldC1kb3dubG9hZC1kZXRhaWxzJTIyJTNFJTBBJTNDZGl2JTIwY2xhc3MlM0QlMjJ3aWRnZXQtZG93bmxvYWQtdGl0bGUlMjIlM0UlM0NzcGFuJTIwY2xhc3MlM0QlMjJkb2N1bWVudG8tcGRmJTIyJTIwb25jbGljayUzRCUyMnNldExvY2F0aW9uJTI4JTI3RkRTLWJhbmRlcy1pc29sYW50ZXMtdGVjYm9yeS1GUiUyNyUyOSUyMiUzRVNvbHV0aW9uJTNDJTJGYSUzRSUzQyUyRmRpdiUzRSUwQSUzQ2RpdiUyMGNsYXNzJTNEJTIyd2lkZ2V0LWRvd25sb2FkLXN1YnRpdGxlJTIyJTNFMTk4JTIwS2IlMkMlMjBQREYlM0MlMkZkaXYlM0UlMEElM0MlMkZkaXYlM0UlMEElM0MlMkZkaXYlM0UlMEE=[\/vc_raw_html][\/vc_column_inner][vc_column_inner width=\u00a0\u00bb1\/3&Prime;][\/vc_column_inner][vc_column_inner width=\u00a0\u00bb1\/3&Prime;][\/vc_column_inner][\/vc_row_inner][vc_empty_space height=\u00a0\u00bb20px\u00a0\u00bb el_class=\u00a0\u00bbvc_hidden-sm vc_hidden-xs\u00a0\u00bb]<style scoped='scoped'>.mgt-promo-block-79292048663.mgt-promo-block.darken .mgt-promo-block-content {background-color: rgba(10,10,10,0.63)!important;}.mgt-promo-block-79292048663.mgt-promo-block.animated:hover .mgt-promo-block-content {background-color: rgba(68,0,0,0.61)!important;}<\/style><div class=\"mgt-promo-block animated white-text cover-image text-size-normal darken mgt-promo-block-79292048663 wpb_content_element wpb_animate_when_almost_visible wpb_left-to-right\" data-style=\"background-color: #bababa;width: 100%; height: 200px;\"><div class=\"mgt-promo-block-content\"><div class=\"mgt-promo-block-content-inside vc_custom_1528977146600\">\n<h2>Avez-vous des questions?<\/h2>\n<div class=\"mgt-button-wrapper mgt-button-wrapper-align-left mgt-button-wrapper-display-newline mgt-button-top-margin-enable\"><a class=\"btn hvr-icon-wobble-horizontal mgt-button mgt-style-solid-invert mgt-size-normal mgt-align-left mgt-display-newline mgt-text-size-small mgt-button-icon-position-right mgt-text-transform-uppercase \" href=\"https:\/\/mcrtecresa.com\/fr\/contact\">Contactez-nous<i class=\"fa fa-arrow-right\"><\/i><\/a><\/div><\/div><\/div><\/div>[\/vc_column][\/vc_row][vc_row][vc_column]<div class=\"mgt-header-block clearfix text-left text-black wpb_content_element  mgt-header-block-style-1 mgt-header-texttransform-header \"><h2 class=\"mgt-header-block-title\">En Savoir Plus<\/h2><p class=\"mgt-header-block-subtitle\">Frange rencontre mitoyen \/ couverture avec:<\/p><div class=\"mgt-header-line\"><\/div><\/div>[\/vc_column][\/vc_row][vc_row][vc_column width=\u00a0\u00bb1\/3&Prime;][vc_btn title=\u00a0\u00bbMortier Tecwool\u00ae F\u00a0\u00bb style=\u00a0\u00bboutline-custom\u00a0\u00bb outline_custom_color=\u00a0\u00bb#000000&Prime; outline_custom_hover_background=\u00a0\u00bb#e42413&Prime; outline_custom_hover_text=\u00a0\u00bb#ffffff\u00a0\u00bb shape=\u00a0\u00bbround\u00a0\u00bb size=\u00a0\u00bbsm\u00a0\u00bb align=\u00a0\u00bbcenter\u00a0\u00bb button_block=\u00a0\u00bbtrue\u00a0\u00bb link=\u00a0\u00bburl:https%3A%2F%2Fmcrtecresa.com%2Ffr%2Fmortiers-tecwool%2Ftecwool-f%2Ffrange-rencontre-mitoyen-couverture|||\u00a0\u00bb][\/vc_column][vc_column width=\u00a0\u00bb1\/3&Prime;][\/vc_column][vc_column width=\u00a0\u00bb1\/3&Prime;][\/vc_column][\/vc_row]<\/p>\n<\/div>","protected":false},"excerpt":{"rendered":"<p>[vc_row][vc_column][vc_column_text] [\/vc_column_text][\/vc_column][\/vc_row][vc_row][vc_column][\/vc_column][\/vc_row][vc_row][vc_column][vc_empty_space height=\u00a0\u00bb10px\u00a0\u00bb][\/vc_column][\/vc_row][vc_row][vc_column width=\u00a0\u00bb1\/4&Prime;][vc_btn title=\u00a0\u00bbFrange rencontr\u00e9 coupe-feu EI-60&Prime; style=\u00a0\u00bbcustom\u00a0\u00bb custom_background=\u00a0\u00bb#e42413&Prime; custom_text=\u00a0\u00bb#ffffff\u00a0\u00bb shape=\u00a0\u00bbround\u00a0\u00bb size=\u00a0\u00bbsm\u00a0\u00bb align=\u00a0\u00bbcenter\u00a0\u00bb button_block=\u00a0\u00bbtrue\u00a0\u00bb link=\u00a0\u00bburl:%23|||\u00a0\u00bb][\/vc_column][vc_column width=\u00a0\u00bb1\/4&Prime;][vc_btn title=\u00a0\u00bbCloison Tecbor\u00ae Y 25 mm EI-180&Prime; style=\u00a0\u00bboutline-custom\u00a0\u00bb outline_custom_color=\u00a0\u00bb#000000&Prime; outline_custom_hover_background=\u00a0\u00bb#666666&Prime; outline_custom_hover_text=\u00a0\u00bb#ffffff\u00a0\u00bb shape=\u00a0\u00bbround\u00a0\u00bb size=\u00a0\u00bbsm\u00a0\u00bb align=\u00a0\u00bbcenter\u00a0\u00bb&#8230;<\/p>\n","protected":false},"author":2,"featured_media":0,"parent":19340,"menu_order":0,"comment_status":"closed","ping_status":"closed","template":"","meta":{"footnotes":""},"class_list":["post-19348","page","type-page","status-publish","hentry"],"yoast_head":"<!-- This site is optimized with the Yoast SEO plugin v27.4 - https:\/\/yoast.com\/product\/yoast-seo-wordpress\/ -->\n<title>Frange rencontr\u00e9 coupe-feu - Panneaux Tecbor\u00ae Y<\/title>\n<meta name=\"description\" content=\"Les bandes Tecbor\u00ae Y sont compos\u00e9es d\u2019une structure portante form\u00e9e par des \u00e9querres de support. Celles-ci sont fi x\u00e9es sur l\u2019ouvrage de support...\" \/>\n<meta name=\"robots\" content=\"index, follow, max-snippet:-1, max-image-preview:large, max-video-preview:-1\" \/>\n<link rel=\"canonical\" href=\"https:\/\/mcrtecresa.com\/fr\/paneaux-tecbor-y\/frange-recontre-coupe-feu\" \/>\n<meta property=\"og:locale\" content=\"fr_FR\" \/>\n<meta property=\"og:type\" content=\"article\" \/>\n<meta property=\"og:title\" content=\"Frange rencontr\u00e9 coupe-feu - Panneaux Tecbor\u00ae Y\" \/>\n<meta property=\"og:description\" content=\"Les bandes Tecbor\u00ae Y sont compos\u00e9es d\u2019une structure portante form\u00e9e par des \u00e9querres de support. Celles-ci sont fi x\u00e9es sur l\u2019ouvrage de support...\" \/>\n<meta property=\"og:url\" content=\"https:\/\/mcrtecresa.com\/fr\/paneaux-tecbor-y\/frange-recontre-coupe-feu\" \/>\n<meta property=\"og:site_name\" content=\"Mcr Tecresa\" \/>\n<meta property=\"article:modified_time\" content=\"2026-03-18T13:56:24+00:00\" \/>\n<meta property=\"og:image\" content=\"https:\/\/mcrtecresa.com\/wp-content\/uploads\/2025\/07\/Logo-Original-1.png\" \/>\n\t<meta property=\"og:image:width\" content=\"195\" \/>\n\t<meta property=\"og:image:height\" content=\"46\" \/>\n\t<meta property=\"og:image:type\" content=\"image\/png\" \/>\n<meta name=\"twitter:card\" content=\"summary_large_image\" \/>\n<meta name=\"twitter:label1\" content=\"Dur\u00e9e de lecture estim\u00e9e\" \/>\n\t<meta name=\"twitter:data1\" content=\"6 minutes\" \/>\n<script type=\"application\/ld+json\" class=\"yoast-schema-graph\">{\"@context\":\"https:\\\/\\\/schema.org\",\"@graph\":[{\"@type\":\"WebPage\",\"@id\":\"https:\\\/\\\/mcrtecresa.com\\\/fr\\\/paneaux-tecbor-y\\\/frange-recontre-coupe-feu\",\"url\":\"https:\\\/\\\/mcrtecresa.com\\\/fr\\\/paneaux-tecbor-y\\\/frange-recontre-coupe-feu\",\"name\":\"Frange rencontr\u00e9 coupe-feu - Panneaux Tecbor\u00ae Y\",\"isPartOf\":{\"@id\":\"https:\\\/\\\/mcrtecresa.com\\\/#website\"},\"datePublished\":\"2018-03-02T01:30:24+00:00\",\"dateModified\":\"2026-03-18T13:56:24+00:00\",\"description\":\"Les bandes Tecbor\u00ae Y sont compos\u00e9es d\u2019une structure portante form\u00e9e par des \u00e9querres de support. Celles-ci sont fi x\u00e9es sur l\u2019ouvrage de support...\",\"breadcrumb\":{\"@id\":\"https:\\\/\\\/mcrtecresa.com\\\/fr\\\/paneaux-tecbor-y\\\/frange-recontre-coupe-feu#breadcrumb\"},\"inLanguage\":\"fr-FR\",\"potentialAction\":[{\"@type\":\"ReadAction\",\"target\":[\"https:\\\/\\\/mcrtecresa.com\\\/fr\\\/paneaux-tecbor-y\\\/frange-recontre-coupe-feu\"]}]},{\"@type\":\"BreadcrumbList\",\"@id\":\"https:\\\/\\\/mcrtecresa.com\\\/fr\\\/paneaux-tecbor-y\\\/frange-recontre-coupe-feu#breadcrumb\",\"itemListElement\":[{\"@type\":\"ListItem\",\"position\":1,\"name\":\"mcr tecresa\u00ae\",\"item\":\"https:\\\/\\\/mcrtecresa.com\\\/fr\"},{\"@type\":\"ListItem\",\"position\":2,\"name\":\"Panneaux Tecbor\u00ae Y\",\"item\":\"https:\\\/\\\/mcrtecresa.com\\\/fr\\\/paneaux-tecbor-y\"},{\"@type\":\"ListItem\",\"position\":3,\"name\":\"Panneaux Tecbor\u00ae &#8211; Frange rencontr\u00e9 coupe-feu\"}]},{\"@type\":\"WebSite\",\"@id\":\"https:\\\/\\\/mcrtecresa.com\\\/#website\",\"url\":\"https:\\\/\\\/mcrtecresa.com\\\/\",\"name\":\"Mcr Tecresa\",\"description\":\"Empresa l\u00edder en protecci\u00f3n pasiva contra incendios\",\"publisher\":{\"@id\":\"https:\\\/\\\/mcrtecresa.com\\\/#organization\"},\"alternateName\":\"Protecci\u00f3n Pasiva Contra Incendios\",\"potentialAction\":[{\"@type\":\"SearchAction\",\"target\":{\"@type\":\"EntryPoint\",\"urlTemplate\":\"https:\\\/\\\/mcrtecresa.com\\\/?s={search_term_string}\"},\"query-input\":{\"@type\":\"PropertyValueSpecification\",\"valueRequired\":true,\"valueName\":\"search_term_string\"}}],\"inLanguage\":\"fr-FR\"},{\"@type\":\"Organization\",\"@id\":\"https:\\\/\\\/mcrtecresa.com\\\/#organization\",\"name\":\"Mcr Tecresa\",\"url\":\"https:\\\/\\\/mcrtecresa.com\\\/\",\"logo\":{\"@type\":\"ImageObject\",\"inLanguage\":\"fr-FR\",\"@id\":\"https:\\\/\\\/mcrtecresa.com\\\/#\\\/schema\\\/logo\\\/image\\\/\",\"url\":\"https:\\\/\\\/mcrtecresa.com\\\/wp-content\\\/uploads\\\/2025\\\/07\\\/Logo-Original-1.png\",\"contentUrl\":\"https:\\\/\\\/mcrtecresa.com\\\/wp-content\\\/uploads\\\/2025\\\/07\\\/Logo-Original-1.png\",\"width\":195,\"height\":46,\"caption\":\"Mcr Tecresa\"},\"image\":{\"@id\":\"https:\\\/\\\/mcrtecresa.com\\\/#\\\/schema\\\/logo\\\/image\\\/\"},\"sameAs\":[\"https:\\\/\\\/www.linkedin.com\\\/company\\\/mcrtecresa\",\"https:\\\/\\\/www.youtube.com\\\/@Mcrtecresa\"]}]}<\/script>\n<!-- \/ Yoast SEO plugin. -->","yoast_head_json":{"title":"Frange rencontr\u00e9 coupe-feu - Panneaux Tecbor\u00ae Y","description":"Les bandes Tecbor\u00ae Y sont compos\u00e9es d\u2019une structure portante form\u00e9e par des \u00e9querres de support. Celles-ci sont fi x\u00e9es sur l\u2019ouvrage de support...","robots":{"index":"index","follow":"follow","max-snippet":"max-snippet:-1","max-image-preview":"max-image-preview:large","max-video-preview":"max-video-preview:-1"},"canonical":"https:\/\/mcrtecresa.com\/fr\/paneaux-tecbor-y\/frange-recontre-coupe-feu","og_locale":"fr_FR","og_type":"article","og_title":"Frange rencontr\u00e9 coupe-feu - Panneaux Tecbor\u00ae Y","og_description":"Les bandes Tecbor\u00ae Y sont compos\u00e9es d\u2019une structure portante form\u00e9e par des \u00e9querres de support. Celles-ci sont fi x\u00e9es sur l\u2019ouvrage de support...","og_url":"https:\/\/mcrtecresa.com\/fr\/paneaux-tecbor-y\/frange-recontre-coupe-feu","og_site_name":"Mcr Tecresa","article_modified_time":"2026-03-18T13:56:24+00:00","og_image":[{"width":195,"height":46,"url":"https:\/\/mcrtecresa.com\/wp-content\/uploads\/2025\/07\/Logo-Original-1.png","type":"image\/png"}],"twitter_card":"summary_large_image","twitter_misc":{"Dur\u00e9e de lecture estim\u00e9e":"6 minutes"},"schema":{"@context":"https:\/\/schema.org","@graph":[{"@type":"WebPage","@id":"https:\/\/mcrtecresa.com\/fr\/paneaux-tecbor-y\/frange-recontre-coupe-feu","url":"https:\/\/mcrtecresa.com\/fr\/paneaux-tecbor-y\/frange-recontre-coupe-feu","name":"Frange rencontr\u00e9 coupe-feu - Panneaux Tecbor\u00ae Y","isPartOf":{"@id":"https:\/\/mcrtecresa.com\/#website"},"datePublished":"2018-03-02T01:30:24+00:00","dateModified":"2026-03-18T13:56:24+00:00","description":"Les bandes Tecbor\u00ae Y sont compos\u00e9es d\u2019une structure portante form\u00e9e par des \u00e9querres de support. Celles-ci sont fi x\u00e9es sur l\u2019ouvrage de support...","breadcrumb":{"@id":"https:\/\/mcrtecresa.com\/fr\/paneaux-tecbor-y\/frange-recontre-coupe-feu#breadcrumb"},"inLanguage":"fr-FR","potentialAction":[{"@type":"ReadAction","target":["https:\/\/mcrtecresa.com\/fr\/paneaux-tecbor-y\/frange-recontre-coupe-feu"]}]},{"@type":"BreadcrumbList","@id":"https:\/\/mcrtecresa.com\/fr\/paneaux-tecbor-y\/frange-recontre-coupe-feu#breadcrumb","itemListElement":[{"@type":"ListItem","position":1,"name":"mcr tecresa\u00ae","item":"https:\/\/mcrtecresa.com\/fr"},{"@type":"ListItem","position":2,"name":"Panneaux Tecbor\u00ae Y","item":"https:\/\/mcrtecresa.com\/fr\/paneaux-tecbor-y"},{"@type":"ListItem","position":3,"name":"Panneaux Tecbor\u00ae &#8211; Frange rencontr\u00e9 coupe-feu"}]},{"@type":"WebSite","@id":"https:\/\/mcrtecresa.com\/#website","url":"https:\/\/mcrtecresa.com\/","name":"Mcr Tecresa","description":"Empresa l\u00edder en protecci\u00f3n pasiva contra incendios","publisher":{"@id":"https:\/\/mcrtecresa.com\/#organization"},"alternateName":"Protecci\u00f3n Pasiva Contra Incendios","potentialAction":[{"@type":"SearchAction","target":{"@type":"EntryPoint","urlTemplate":"https:\/\/mcrtecresa.com\/?s={search_term_string}"},"query-input":{"@type":"PropertyValueSpecification","valueRequired":true,"valueName":"search_term_string"}}],"inLanguage":"fr-FR"},{"@type":"Organization","@id":"https:\/\/mcrtecresa.com\/#organization","name":"Mcr Tecresa","url":"https:\/\/mcrtecresa.com\/","logo":{"@type":"ImageObject","inLanguage":"fr-FR","@id":"https:\/\/mcrtecresa.com\/#\/schema\/logo\/image\/","url":"https:\/\/mcrtecresa.com\/wp-content\/uploads\/2025\/07\/Logo-Original-1.png","contentUrl":"https:\/\/mcrtecresa.com\/wp-content\/uploads\/2025\/07\/Logo-Original-1.png","width":195,"height":46,"caption":"Mcr Tecresa"},"image":{"@id":"https:\/\/mcrtecresa.com\/#\/schema\/logo\/image\/"},"sameAs":["https:\/\/www.linkedin.com\/company\/mcrtecresa","https:\/\/www.youtube.com\/@Mcrtecresa"]}]}},"_links":{"self":[{"href":"https:\/\/mcrtecresa.com\/fr\/wp-json\/wp\/v2\/pages\/19348","targetHints":{"allow":["GET"]}}],"collection":[{"href":"https:\/\/mcrtecresa.com\/fr\/wp-json\/wp\/v2\/pages"}],"about":[{"href":"https:\/\/mcrtecresa.com\/fr\/wp-json\/wp\/v2\/types\/page"}],"author":[{"embeddable":true,"href":"https:\/\/mcrtecresa.com\/fr\/wp-json\/wp\/v2\/users\/2"}],"replies":[{"embeddable":true,"href":"https:\/\/mcrtecresa.com\/fr\/wp-json\/wp\/v2\/comments?post=19348"}],"version-history":[{"count":0,"href":"https:\/\/mcrtecresa.com\/fr\/wp-json\/wp\/v2\/pages\/19348\/revisions"}],"up":[{"embeddable":true,"href":"https:\/\/mcrtecresa.com\/fr\/wp-json\/wp\/v2\/pages\/19340"}],"wp:attachment":[{"href":"https:\/\/mcrtecresa.com\/fr\/wp-json\/wp\/v2\/media?parent=19348"}],"curies":[{"name":"wp","href":"https:\/\/api.w.org\/{rel}","templated":true}]}}