{"id":19240,"date":"2018-03-09T19:45:31","date_gmt":"2018-03-09T17:45:31","guid":{"rendered":"https:\/\/mcrtecresa.com\/tecfill-aislamiento-termico-y-acustico"},"modified":"2026-03-18T15:51:22","modified_gmt":"2026-03-18T13:51:22","slug":"tecfill-isolation-thermique-et-acoustique","status":"publish","type":"page","link":"https:\/\/mcrtecresa.com\/fr\/tecfill-isolation-thermique-et-acoustique","title":{"rendered":"Tecfill\u00ae Isolation thermique et acoustique"},"content":{"rendered":"<div class=\"wpb-content-wrapper\"><p>[vc_row][vc_column][vc_column_text]<\/p>\n<pre><code class=\"html hljs xml\"><span><span><a href=\"https:\/\/mcrtecresa.com\/fr\">mcr tecresa\u00ae<\/a><\/span><\/span><\/code><\/pre>\n<p>[\/vc_column_text][\/vc_column][\/vc_row][vc_row full_width=\u00a0\u00bbstretch_row\u00a0\u00bb][vc_column]<div class=\"mgt-header-block clearfix text-left text-black wpb_animate_when_almost_visible wpb_top-to-bottom wpb_content_element  mgt-header-block-style-2 mgt-header-texttransform-none  vc_custom_1554968860376\"><h1 class=\"mgt-header-block-title\">Tecfill\u00ae - Isolation thermique et acoustique<\/h1><div class=\"mgt-header-line\"><\/div><\/div>[vc_row_inner equal_height=\u00a0\u00bbyes\u00a0\u00bb content_placement=\u00a0\u00bbmiddle\u00a0\u00bb][vc_column_inner width=\u00a0\u00bb2\/3&Prime;][vc_column_text]<\/p>\n<div style=\"text-align: justify;\">\n<div style=\"text-align: justify;\">\n<div><strong>Tecfill<sup>\u00ae <\/sup><\/strong>est une laine de roche d\u2019origine volcanique, particuli\u00e8rement adapt\u00e9e pour le soufflage m\u00e9canique. L\u2019utilisation est destin\u00e9e \u00e0 l\u2019application par soufflage dans mansardes et par insufflage dans charpentes ferm\u00e9es par machines adapt\u00e9es. Il est particuli\u00e8rement adapt\u00e9 aux murs de grande \u00e9paisseur.<\/div>\n<div><strong><br \/>\nTecfill<sup>\u00ae<\/sup> <\/strong>est compos\u00e9 de mat\u00e9riaux inorganiques qui ne s\u2019alt\u00e8rent pas au fil du temps. Il est imputrescible et ne g\u00e9n\u00e8re pas de troubles fongiques.<\/div>\n<div>\n<p>Avec un classement de r\u00e9action au feu de type A1 (incombustible), en plus de son incroyable efficacit\u00e9 \u00e9nerg\u00e9tique, il pr\u00e9sente des propri\u00e9t\u00e9s ignifuges qui emp\u00eachent la propagation du feu d\u2019un secteur \u00e0 l\u2019autre. Ces propri\u00e9t\u00e9s en font un produit unique sur le march\u00e9.<\/p>\n<p>L\u2019application de <strong>Tecfill<sup>\u00ae<\/sup> <\/strong>s\u2019effectue au moyen d\u2019un proc\u00e9d\u00e9 d\u2019isolation thermique par soufflage de laine de roche volcanique, au niveau des charpentes en fermettes des toitures, des murs ou des dalles en b\u00e9ton, dans des pi\u00e8ces avec un taux d\u2019humidit\u00e9 faible ou moyenne, dans des b\u00e2timents r\u00e9sidentiels ou non r\u00e9sidentiels neufs ou anciens.<\/p>\n<p>L\u2019isolation peut \u00eatre r\u00e9alis\u00e9e aussi bien par l\u2019int\u00e9rieur que par l\u2019ext\u00e9rieur, sur des parois de n\u2019importe quelle \u00e9paisseur.<\/p>\n<p>Ce produit offre de nombreux avantages:<\/p>\n<blockquote>\n<ul>\n<li>Rapide et facile installation, sans coupures.<\/li>\n<li>Adaptation aux travaux de forme complexe.<\/li>\n<li>Remplissage complet, r\u00e9duction des ponts thermiques.<\/li>\n<li>Hautes performances, en hiver comme en \u00e9t\u00e9.<\/li>\n<li>Ouvert \u00e0 la diffusion de la vapeur d\u2019eau, commodit\u00e9 hygrothermique.<\/li>\n<li>Respectueux de l\u2019environnement.<\/li>\n<li>Un ouvrier qualifi\u00e9, autoris\u00e9 par mercor tecresa\u00ae, effectue l\u2019installation.<\/li>\n<\/ul>\n<\/blockquote>\n<\/div>\n<\/div>\n<\/div>\n<div>\n<div style=\"text-align: justify;\"><\/div>\n<\/div>\n<p>[\/vc_column_text][\/vc_column_inner][vc_column_inner width=\u00a0\u00bb1\/3&Prime;][vc_single_image image=\u00a0\u00bb7714&Prime; img_size=\u00a0\u00bbfull\u00a0\u00bb alignment=\u00a0\u00bbcenter\u00a0\u00bb style=\u00a0\u00bbvc_box_rounded\u00a0\u00bb onclick=\u00a0\u00bblink_image\u00a0\u00bb css=\u00a0\u00bb.vc_custom_1520867577776{margin-top: 3rem !important;}\u00a0\u00bb][\/vc_column_inner][\/vc_row_inner][vc_empty_space height=\u00a0\u00bb40px\u00a0\u00bb][\/vc_column][\/vc_row][vc_row][vc_column width=\u00a0\u00bb1\/6&Prime;][\/vc_column][vc_column width=\u00a0\u00bb4\/6&Prime;][vc_raw_html css=\u00a0\u00bb\u00a0\u00bb]JTNDY2VudGVyJTNFJTNDaWZyYW1lJTIwd2lkdGglM0QlMjI4MTAlMjIlMjBoZWlnaHQlM0QlMjI0NTYlMjIlMjBzcmMlM0QlMjJodHRwcyUzQSUyRiUyRnd3dy55b3V0dWJlLmNvbSUyRmVtYmVkJTJGSUVjV09oQkk4ckUlM0ZyZWwlM0QwJTI2bG9vcCUzRDElMjZtdXRlJTNEMSUyMiUyMGZyYW1lYm9yZGVyJTNEJTIyMCUyMiUyMGVuY3J5cHRlZC1tZWRpYSUyMiUyMGFsbG93ZnVsbHNjcmVlbiUzRSUzQyUyRmlmcmFtZSUzRSUzQyUyRmNlbnRlciUzRQ==[\/vc_raw_html][\/vc_column][vc_column width=\u00a0\u00bb1\/6&Prime;][\/vc_column][\/vc_row][vc_row][vc_column][vc_empty_space height=\u00a0\u00bb40px\u00a0\u00bb][\/vc_column][\/vc_row][vc_row][vc_column width=\u00a0\u00bb1\/2&Prime; el_class=\u00a0\u00bbbordersolution\u00a0\u00bb][vc_single_image image=\u00a0\u00bb7716&Prime; img_size=\u00a0\u00bblarge\u00a0\u00bb alignment=\u00a0\u00bbcenter\u00a0\u00bb onclick=\u00a0\u00bblink_image\u00a0\u00bb][vc_column_text]<\/p>\n<table class=\" alignleft\" style=\"height: 245px; width: 568px;\">\n<tbody>\n<tr>\n<td style=\"width: 276px;\"><strong><span style=\"color: #666666;\">TEST<\/span><\/strong><\/p>\n<hr \/>\n<p><b>Laboratoire<\/b>: CEIS\u00a0accr\u00e9dit\u00e9 par ENAC<br \/>\n<b>N\u00ba Test<\/b>: CAT0044\/15<\/td>\n<td style=\"width: 292px;\"><strong><span style=\"color: #666666;\">SOLUTION<\/span><\/strong><\/p>\n<hr \/>\n<p><strong><span style=\"color: #ff0000;\">1.<\/span><\/strong> Brique r\u00e9fractaire<br \/>\n<strong><span style=\"color: #ff0000;\">2.<\/span><\/strong> <strong>Tecfill<sup>\u00ae<\/sup><\/strong><br \/>\n<strong><span style=\"color: #ff0000;\">3.<\/span><\/strong> Bluse de soufflage<br \/>\n<strong><span style=\"color: #ff0000;\">4.<\/span><\/strong> Lance<\/td>\n<\/tr>\n<\/tbody>\n<\/table>\n<p>[\/vc_column_text][\/vc_column][vc_column width=\u00a0\u00bb1\/2&Prime;]<div class=\"mgt-header-block clearfix text-left text-black wpb_animate_when_almost_visible wpb_top-to-bottom wpb_content_element  mgt-header-block-style-2 mgt-header-texttransform-none  vc_custom_1528879812219\"><h2 class=\"mgt-header-block-title\">Application<\/h2><div class=\"mgt-header-line\"><\/div><\/div>[vc_column_text]<\/p>\n<div style=\"text-align: justify;\">L\u2019application de <strong>Tecfill<sup>\u00ae<\/sup><\/strong> est rapide et facile : en peu de temps l\u2019isolement d\u00e9sir\u00e9 est atteint proprement et sans devoir effectuer de grands travaux. Un op\u00e9rateur sp\u00e9cialis\u00e9 et agr\u00e9\u00e9 par <strong>mercor <span style=\"color: #e42300;\">tecresa<\/span><sup>\u00ae<\/sup><\/strong> se chargera de l\u2019application en suivant les \u00e9tapes suivantes :<\/div>\n<div><\/div>\n<ol>\n<li style=\"text-align: justify;\">V\u00e9rifier l\u2019\u00e9tat de la cavit\u00e9 et s\u2019assurer que les conditions d\u2019application sont optimales.<\/li>\n<li style=\"text-align: justify;\">Jalonnement des trous r\u00e9alis\u00e9s sur le support de travail qui garantiront une r\u00e9partition optimale de la mati\u00e8re dans la cavit\u00e9.<\/li>\n<li style=\"text-align: justify;\">Insufflation du mat\u00e9riau<strong>. Tecfill<sup>\u00ae<\/sup> <\/strong>est insuffl\u00e9 \u00e0 sec, en \u00e9vitant les d\u00e9chets, les taches, les \u00e9coulements, etc.<\/li>\n<li style=\"text-align: justify;\">Une fois la cavit\u00e9 remplie avec <strong>Tecfill<sup>\u00ae<\/sup><\/strong>, l\u2019op\u00e9rateur scelle les trous r\u00e9alis\u00e9s sur le support de travail avec un mastic (ciment, pl\u00e2tre, etc.).<\/li>\n<\/ol>\n<div style=\"text-align: justify;\">Le responsable de l\u2019installation effectue le r\u00e9glage de la machine en fonction des caract\u00e9ristiques d\u2019isolation souhait\u00e9es (\u00e9paisseur, densit\u00e9).<\/div>\n<div style=\"text-align: justify;\"><\/div>\n<div style=\"text-align: justify;\">Les sacs de laine de roche <strong>Tecfill<sup>\u00ae<\/sup><\/strong> sont vid\u00e9s dans la tr\u00e9mie d\u2019alimentation de la machine pour l\u2019op\u00e9ration d\u2019insufflation. La laine de roche est insuffl\u00e9e de mani\u00e8re pneumatique \u00e0 travers une lance et une buse jusqu\u2019\u00e0 la paroi devant \u00eatre isol\u00e9e. <strong>Tecfill<sup>\u00ae<\/sup> <\/strong>est insuffl\u00e9 \u00e0 travers les trous perc\u00e9s dans le rev\u00eatement. Le diam\u00e8tre de la lance d\u2019insufflation est de 50 mm.<\/div>\n<div><\/div>\n<div style=\"text-align: justify;\">La buse d\u2019application ayant un diam\u00e8tre de 50 mm, les trous doivent avoir un diam\u00e8tre de 52 mm.<\/div>\n<p>[\/vc_column_text][\/vc_column][\/vc_row][vc_row][vc_column][vc_empty_space height=\u00a0\u00bb30px\u00a0\u00bb][\/vc_column][\/vc_row][vc_row][vc_column]<div class=\"mgt-header-block clearfix text-left text-black wpb_animate_when_almost_visible wpb_top-to-bottom wpb_content_element  mgt-header-block-style-2 mgt-header-texttransform-none  vc_custom_1530786028757\"><h2 class=\"mgt-header-block-title\">Documentation<\/h2><div class=\"mgt-header-line\"><\/div><\/div>[vc_row_inner][vc_column_inner width=\u00a0\u00bb1\/3&Prime;][vc_raw_html]JTNDZGl2JTIwY2xhc3MlM0QlMjJ3aWRnZXQtZG93bmxvYWQtbGluay13cmFwcGVyJTIyJTNFJTBBJTNDZGl2JTIwY2xhc3MlM0QlMjJ3aWRnZXQtZG93bmxvYWQtaWNvbiUyMiUzRSUzQ2klMjBjbGFzcyUzRCUyMmZhJTIwZmEtZmlsZS1wZGYtbyUyMiUzRSUzQyUyRmklM0UlMEElM0MlMkZkaXYlM0UlMEElM0NkaXYlMjBjbGFzcyUzRCUyMndpZGdldC1kb3dubG9hZC1kZXRhaWxzJTIyJTNFJTBBJTNDZGl2JTIwY2xhc3MlM0QlMjJ3aWRnZXQtZG93bmxvYWQtdGl0bGUlMjIlM0UlM0NzcGFuJTIwY2xhc3MlM0QlMjJkb2N1bWVudG8tcGRmJTIyJTIwb25jbGljayUzRCUyMnNldExvY2F0aW9uJTI4JTI3RmljaGUtdGVjZmlsbC1GUiUyNyUyOSUyMiUzRUZpY2hlJTIwdCVDMyVBOWwlQzMlQTljaGFyZ2VhYmxlJTIwZGUlMjBsYSUyMHNvbHV0aW9uJTNDJTJGYSUzRSUzQyUyRmRpdiUzRSUwQSUzQ2RpdiUyMGNsYXNzJTNEJTIyd2lkZ2V0LWRvd25sb2FkLXN1YnRpdGxlJTIyJTNFNzk1JTIwS2IlMkMlMjBQREYlM0MlMkZkaXYlM0UlMEElM0MlMkZkaXYlM0UlMEElM0MlMkZkaXYlM0UlMEE=[\/vc_raw_html][\/vc_column_inner][vc_column_inner width=\u00a0\u00bb1\/3&Prime;][vc_raw_html]JTNDZGl2JTIwY2xhc3MlM0QlMjJ3aWRnZXQtZG93bmxvYWQtbGluay13cmFwcGVyJTIyJTNFJTBBJTNDZGl2JTIwY2xhc3MlM0QlMjJ3aWRnZXQtZG93bmxvYWQtaWNvbiUyMiUzRSUzQ2klMjBjbGFzcyUzRCUyMmZhJTIwZmEtZmlsZS1wZGYtbyUyMiUzRSUzQyUyRmklM0UlMEElM0MlMkZkaXYlM0UlMEElM0NkaXYlMjBjbGFzcyUzRCUyMndpZGdldC1kb3dubG9hZC1kZXRhaWxzJTIyJTNFJTBBJTNDZGl2JTIwY2xhc3MlM0QlMjJ3aWRnZXQtZG93bmxvYWQtdGl0bGUlMjIlM0UlM0NzcGFuJTIwY2xhc3MlM0QlMjJkb2N1bWVudG8tcGRmJTIyJTIwb25jbGljayUzRCUyMnNldExvY2F0aW9uJTI4JTI3Q2FyYWN0ZXJpc3RpcXVlcy10ZWNmaWxsLUZSJTI3JTI5JTIyJTNFQ2FyYWN0JUMzJUE5cmlzdGlxdWVzJTIwdGVjaG5pcXVlcyUzQyUyRmElM0UlM0MlMkZkaXYlM0UlMEElM0NkaXYlMjBjbGFzcyUzRCUyMndpZGdldC1kb3dubG9hZC1zdWJ0aXRsZSUyMiUzRTc3JTIwS2IlMkMlMjBQREYlM0MlMkZkaXYlM0UlMEElM0MlMkZkaXYlM0UlMEElM0MlMkZkaXYlM0UlMEE=[\/vc_raw_html][\/vc_column_inner][vc_column_inner width=\u00a0\u00bb1\/3&Prime;][vc_raw_html]JTNDZGl2JTIwY2xhc3MlM0QlMjJ3aWRnZXQtZG93bmxvYWQtbGluay13cmFwcGVyJTIyJTNFJTBBJTNDZGl2JTIwY2xhc3MlM0QlMjJ3aWRnZXQtZG93bmxvYWQtaWNvbiUyMiUzRSUzQ2klMjBjbGFzcyUzRCUyMmZhJTIwZmEtZmlsZS1wZGYtbyUyMiUzRSUzQyUyRmklM0UlMEElM0MlMkZkaXYlM0UlMEElM0NkaXYlMjBjbGFzcyUzRCUyMndpZGdldC1kb3dubG9hZC1kZXRhaWxzJTIyJTNFJTBBJTNDZGl2JTIwY2xhc3MlM0QlMjJ3aWRnZXQtZG93bmxvYWQtdGl0bGUlMjIlM0UlM0NzcGFuJTIwY2xhc3MlM0QlMjJkb2N1bWVudG8tcGRmJTIyJTIwb25jbGljayUzRCUyMnNldExvY2F0aW9uJTI4JTI3RlQtdGVjZmlsbC1GUiUyNyUyOSUyMiUzRUZpY2hlJTIwdGVjaG5pcXVlJTNDJTJGYSUzRSUzQyUyRmRpdiUzRSUwQSUzQ2RpdiUyMGNsYXNzJTNEJTIyd2lkZ2V0LWRvd25sb2FkLXN1YnRpdGxlJTIyJTNFMjE4JTIwS2IlMkMlMjBQREYlM0MlMkZkaXYlM0UlMEElM0MlMkZkaXYlM0UlMEElM0MlMkZkaXYlM0UlMEE=[\/vc_raw_html][\/vc_column_inner][\/vc_row_inner][\/vc_column][\/vc_row][vc_row][vc_column][vc_empty_space height=\u00a0\u00bb40px\u00a0\u00bb]<style scoped='scoped'>.mgt-promo-block-79292048663.mgt-promo-block.darken .mgt-promo-block-content {background-color: rgba(10,10,10,0.63)!important;}.mgt-promo-block-79292048663.mgt-promo-block.animated:hover .mgt-promo-block-content {background-color: rgba(68,0,0,0.61)!important;}<\/style><div class=\"mgt-promo-block animated white-text cover-image text-size-normal darken mgt-promo-block-79292048663 wpb_content_element wpb_animate_when_almost_visible wpb_left-to-right\" data-style=\"background-color: #bababa;width: 100%; height: 200px;\"><div class=\"mgt-promo-block-content\"><div class=\"mgt-promo-block-content-inside vc_custom_1528880490405\">\n<h2>Avez-vous des questions?<\/h2>\n<div class=\"mgt-button-wrapper mgt-button-wrapper-align-left mgt-button-wrapper-display-newline mgt-button-top-margin-enable\"><a class=\"btn hvr-icon-wobble-horizontal mgt-button mgt-style-solid-invert mgt-size-normal mgt-align-left mgt-display-newline mgt-text-size-small mgt-button-icon-position-right mgt-text-transform-uppercase \" href=\"https:\/\/mcrtecresa.com\/fr\/contact\">Contactez-nous<i class=\"fa fa-arrow-right\"><\/i><\/a><\/div><\/div><\/div><\/div>[\/vc_column][\/vc_row]<\/p>\n<\/div>","protected":false},"excerpt":{"rendered":"<p>[vc_row][vc_column][vc_column_text] [\/vc_column_text][\/vc_column][\/vc_row][vc_row full_width=\u00a0\u00bbstretch_row\u00a0\u00bb][vc_column][vc_row_inner equal_height=\u00a0\u00bbyes\u00a0\u00bb content_placement=\u00a0\u00bbmiddle\u00a0\u00bb][vc_column_inner width=\u00a0\u00bb2\/3&Prime;][vc_column_text] Tecfill\u00ae est une laine de roche d\u2019origine volcanique, particuli\u00e8rement adapt\u00e9e pour le soufflage m\u00e9canique. L\u2019utilisation est destin\u00e9e \u00e0 l\u2019application par soufflage dans mansardes et&#8230;<\/p>\n","protected":false},"author":2,"featured_media":0,"parent":0,"menu_order":0,"comment_status":"closed","ping_status":"closed","template":"","meta":{"footnotes":""},"class_list":["post-19240","page","type-page","status-publish","hentry"],"yoast_head":"<!-- This site is optimized with the Yoast SEO plugin v27.4 - https:\/\/yoast.com\/product\/yoast-seo-wordpress\/ -->\n<title>Isolation thermique et acoustique pour chambre d\u2019air - Tecfill\u00ae<\/title>\n<meta name=\"description\" content=\"Tecfill\u00ae est une laine de roche d\u2019origine volcanique adapt\u00e9e pour le soufflage m\u00e9canique avec des excellents r\u00e9sultats comme isolant thermique et acoustique\" \/>\n<meta name=\"robots\" content=\"index, follow, max-snippet:-1, max-image-preview:large, max-video-preview:-1\" \/>\n<link rel=\"canonical\" href=\"https:\/\/mcrtecresa.com\/fr\/tecfill-isolation-thermique-et-acoustique\" \/>\n<meta property=\"og:locale\" content=\"fr_FR\" \/>\n<meta property=\"og:type\" content=\"article\" \/>\n<meta property=\"og:title\" content=\"Isolation thermique et acoustique pour chambre d\u2019air - Tecfill\u00ae\" \/>\n<meta property=\"og:description\" content=\"Tecfill\u00ae est une laine de roche d\u2019origine volcanique adapt\u00e9e pour le soufflage m\u00e9canique avec des excellents r\u00e9sultats comme isolant thermique et acoustique\" \/>\n<meta property=\"og:url\" content=\"https:\/\/mcrtecresa.com\/fr\/tecfill-isolation-thermique-et-acoustique\" \/>\n<meta property=\"og:site_name\" content=\"Mcr Tecresa\" \/>\n<meta property=\"article:modified_time\" content=\"2026-03-18T13:51:22+00:00\" \/>\n<meta property=\"og:image\" content=\"https:\/\/mcrtecresa.com\/wp-content\/uploads\/2025\/07\/Logo-Original-1.png\" \/>\n\t<meta property=\"og:image:width\" content=\"195\" \/>\n\t<meta property=\"og:image:height\" content=\"46\" \/>\n\t<meta property=\"og:image:type\" content=\"image\/png\" \/>\n<meta name=\"twitter:card\" content=\"summary_large_image\" \/>\n<meta name=\"twitter:label1\" content=\"Dur\u00e9e de lecture estim\u00e9e\" \/>\n\t<meta name=\"twitter:data1\" content=\"6 minutes\" \/>\n<script type=\"application\/ld+json\" class=\"yoast-schema-graph\">{\"@context\":\"https:\\\/\\\/schema.org\",\"@graph\":[{\"@type\":\"WebPage\",\"@id\":\"https:\\\/\\\/mcrtecresa.com\\\/fr\\\/tecfill-isolation-thermique-et-acoustique\",\"url\":\"https:\\\/\\\/mcrtecresa.com\\\/fr\\\/tecfill-isolation-thermique-et-acoustique\",\"name\":\"Isolation thermique et acoustique pour chambre d\u2019air - Tecfill\u00ae\",\"isPartOf\":{\"@id\":\"https:\\\/\\\/mcrtecresa.com\\\/#website\"},\"datePublished\":\"2018-03-09T17:45:31+00:00\",\"dateModified\":\"2026-03-18T13:51:22+00:00\",\"description\":\"Tecfill\u00ae est une laine de roche d\u2019origine volcanique adapt\u00e9e pour le soufflage m\u00e9canique avec des excellents r\u00e9sultats comme isolant thermique et acoustique\",\"breadcrumb\":{\"@id\":\"https:\\\/\\\/mcrtecresa.com\\\/fr\\\/tecfill-isolation-thermique-et-acoustique#breadcrumb\"},\"inLanguage\":\"fr-FR\",\"potentialAction\":[{\"@type\":\"ReadAction\",\"target\":[\"https:\\\/\\\/mcrtecresa.com\\\/fr\\\/tecfill-isolation-thermique-et-acoustique\"]}]},{\"@type\":\"BreadcrumbList\",\"@id\":\"https:\\\/\\\/mcrtecresa.com\\\/fr\\\/tecfill-isolation-thermique-et-acoustique#breadcrumb\",\"itemListElement\":[{\"@type\":\"ListItem\",\"position\":1,\"name\":\"mcr tecresa\u00ae\",\"item\":\"https:\\\/\\\/mcrtecresa.com\\\/fr\"},{\"@type\":\"ListItem\",\"position\":2,\"name\":\"Tecfill\u00ae Isolation thermique et acoustique\"}]},{\"@type\":\"WebSite\",\"@id\":\"https:\\\/\\\/mcrtecresa.com\\\/#website\",\"url\":\"https:\\\/\\\/mcrtecresa.com\\\/\",\"name\":\"Mcr Tecresa\",\"description\":\"Empresa l\u00edder en protecci\u00f3n pasiva contra incendios\",\"publisher\":{\"@id\":\"https:\\\/\\\/mcrtecresa.com\\\/#organization\"},\"alternateName\":\"Protecci\u00f3n Pasiva Contra Incendios\",\"potentialAction\":[{\"@type\":\"SearchAction\",\"target\":{\"@type\":\"EntryPoint\",\"urlTemplate\":\"https:\\\/\\\/mcrtecresa.com\\\/?s={search_term_string}\"},\"query-input\":{\"@type\":\"PropertyValueSpecification\",\"valueRequired\":true,\"valueName\":\"search_term_string\"}}],\"inLanguage\":\"fr-FR\"},{\"@type\":\"Organization\",\"@id\":\"https:\\\/\\\/mcrtecresa.com\\\/#organization\",\"name\":\"Mcr Tecresa\",\"url\":\"https:\\\/\\\/mcrtecresa.com\\\/\",\"logo\":{\"@type\":\"ImageObject\",\"inLanguage\":\"fr-FR\",\"@id\":\"https:\\\/\\\/mcrtecresa.com\\\/#\\\/schema\\\/logo\\\/image\\\/\",\"url\":\"https:\\\/\\\/mcrtecresa.com\\\/wp-content\\\/uploads\\\/2025\\\/07\\\/Logo-Original-1.png\",\"contentUrl\":\"https:\\\/\\\/mcrtecresa.com\\\/wp-content\\\/uploads\\\/2025\\\/07\\\/Logo-Original-1.png\",\"width\":195,\"height\":46,\"caption\":\"Mcr Tecresa\"},\"image\":{\"@id\":\"https:\\\/\\\/mcrtecresa.com\\\/#\\\/schema\\\/logo\\\/image\\\/\"},\"sameAs\":[\"https:\\\/\\\/www.linkedin.com\\\/company\\\/mcrtecresa\",\"https:\\\/\\\/www.youtube.com\\\/@Mcrtecresa\"]}]}<\/script>\n<!-- \/ Yoast SEO plugin. -->","yoast_head_json":{"title":"Isolation thermique et acoustique pour chambre d\u2019air - Tecfill\u00ae","description":"Tecfill\u00ae est une laine de roche d\u2019origine volcanique adapt\u00e9e pour le soufflage m\u00e9canique avec des excellents r\u00e9sultats comme isolant thermique et acoustique","robots":{"index":"index","follow":"follow","max-snippet":"max-snippet:-1","max-image-preview":"max-image-preview:large","max-video-preview":"max-video-preview:-1"},"canonical":"https:\/\/mcrtecresa.com\/fr\/tecfill-isolation-thermique-et-acoustique","og_locale":"fr_FR","og_type":"article","og_title":"Isolation thermique et acoustique pour chambre d\u2019air - Tecfill\u00ae","og_description":"Tecfill\u00ae est une laine de roche d\u2019origine volcanique adapt\u00e9e pour le soufflage m\u00e9canique avec des excellents r\u00e9sultats comme isolant thermique et acoustique","og_url":"https:\/\/mcrtecresa.com\/fr\/tecfill-isolation-thermique-et-acoustique","og_site_name":"Mcr Tecresa","article_modified_time":"2026-03-18T13:51:22+00:00","og_image":[{"width":195,"height":46,"url":"https:\/\/mcrtecresa.com\/wp-content\/uploads\/2025\/07\/Logo-Original-1.png","type":"image\/png"}],"twitter_card":"summary_large_image","twitter_misc":{"Dur\u00e9e de lecture estim\u00e9e":"6 minutes"},"schema":{"@context":"https:\/\/schema.org","@graph":[{"@type":"WebPage","@id":"https:\/\/mcrtecresa.com\/fr\/tecfill-isolation-thermique-et-acoustique","url":"https:\/\/mcrtecresa.com\/fr\/tecfill-isolation-thermique-et-acoustique","name":"Isolation thermique et acoustique pour chambre d\u2019air - Tecfill\u00ae","isPartOf":{"@id":"https:\/\/mcrtecresa.com\/#website"},"datePublished":"2018-03-09T17:45:31+00:00","dateModified":"2026-03-18T13:51:22+00:00","description":"Tecfill\u00ae est une laine de roche d\u2019origine volcanique adapt\u00e9e pour le soufflage m\u00e9canique avec des excellents r\u00e9sultats comme isolant thermique et acoustique","breadcrumb":{"@id":"https:\/\/mcrtecresa.com\/fr\/tecfill-isolation-thermique-et-acoustique#breadcrumb"},"inLanguage":"fr-FR","potentialAction":[{"@type":"ReadAction","target":["https:\/\/mcrtecresa.com\/fr\/tecfill-isolation-thermique-et-acoustique"]}]},{"@type":"BreadcrumbList","@id":"https:\/\/mcrtecresa.com\/fr\/tecfill-isolation-thermique-et-acoustique#breadcrumb","itemListElement":[{"@type":"ListItem","position":1,"name":"mcr tecresa\u00ae","item":"https:\/\/mcrtecresa.com\/fr"},{"@type":"ListItem","position":2,"name":"Tecfill\u00ae Isolation thermique et acoustique"}]},{"@type":"WebSite","@id":"https:\/\/mcrtecresa.com\/#website","url":"https:\/\/mcrtecresa.com\/","name":"Mcr Tecresa","description":"Empresa l\u00edder en protecci\u00f3n pasiva contra incendios","publisher":{"@id":"https:\/\/mcrtecresa.com\/#organization"},"alternateName":"Protecci\u00f3n Pasiva Contra Incendios","potentialAction":[{"@type":"SearchAction","target":{"@type":"EntryPoint","urlTemplate":"https:\/\/mcrtecresa.com\/?s={search_term_string}"},"query-input":{"@type":"PropertyValueSpecification","valueRequired":true,"valueName":"search_term_string"}}],"inLanguage":"fr-FR"},{"@type":"Organization","@id":"https:\/\/mcrtecresa.com\/#organization","name":"Mcr Tecresa","url":"https:\/\/mcrtecresa.com\/","logo":{"@type":"ImageObject","inLanguage":"fr-FR","@id":"https:\/\/mcrtecresa.com\/#\/schema\/logo\/image\/","url":"https:\/\/mcrtecresa.com\/wp-content\/uploads\/2025\/07\/Logo-Original-1.png","contentUrl":"https:\/\/mcrtecresa.com\/wp-content\/uploads\/2025\/07\/Logo-Original-1.png","width":195,"height":46,"caption":"Mcr Tecresa"},"image":{"@id":"https:\/\/mcrtecresa.com\/#\/schema\/logo\/image\/"},"sameAs":["https:\/\/www.linkedin.com\/company\/mcrtecresa","https:\/\/www.youtube.com\/@Mcrtecresa"]}]}},"_links":{"self":[{"href":"https:\/\/mcrtecresa.com\/fr\/wp-json\/wp\/v2\/pages\/19240","targetHints":{"allow":["GET"]}}],"collection":[{"href":"https:\/\/mcrtecresa.com\/fr\/wp-json\/wp\/v2\/pages"}],"about":[{"href":"https:\/\/mcrtecresa.com\/fr\/wp-json\/wp\/v2\/types\/page"}],"author":[{"embeddable":true,"href":"https:\/\/mcrtecresa.com\/fr\/wp-json\/wp\/v2\/users\/2"}],"replies":[{"embeddable":true,"href":"https:\/\/mcrtecresa.com\/fr\/wp-json\/wp\/v2\/comments?post=19240"}],"version-history":[{"count":0,"href":"https:\/\/mcrtecresa.com\/fr\/wp-json\/wp\/v2\/pages\/19240\/revisions"}],"wp:attachment":[{"href":"https:\/\/mcrtecresa.com\/fr\/wp-json\/wp\/v2\/media?parent=19240"}],"curies":[{"name":"wp","href":"https:\/\/api.w.org\/{rel}","templated":true}]}}