{"id":19155,"date":"2018-02-27T02:15:22","date_gmt":"2018-02-27T00:15:22","guid":{"rendered":"https:\/\/mcrtecresa.com\/mortiers-tecwool\/mortier-tecwool-825\/proteccion-de-tuneles"},"modified":"2026-03-17T15:09:08","modified_gmt":"2026-03-17T13:09:08","slug":"protection-de-tunnels","status":"publish","type":"page","link":"https:\/\/mcrtecresa.com\/fr\/mortiers-tecwool\/tecwool-825\/protection-de-tunnels","title":{"rendered":"Tecwool 825 \u2013 Protection des tunnels"},"content":{"rendered":"<div class=\"wpb-content-wrapper\"><p>[vc_row][vc_column][vc_column_text]<\/p>\n<pre><code class=\"html hljs xml\"><span><span><a href=\"https:\/\/mcrtecresa.com\/fr\">mcr tecresa\u00ae<\/a><\/span><\/span><\/code><\/pre>\n<p>[\/vc_column_text][\/vc_column][\/vc_row][vc_row full_width=\u00a0\u00bbstretch_row\u00a0\u00bb][vc_column]<div class=\"mgt-header-block clearfix text-left text-black wpb_animate_when_almost_visible wpb_top-to-bottom wpb_content_element  mgt-header-block-style-2 mgt-header-texttransform-none  vc_custom_1528815906357\"><h2 class=\"mgt-header-block-title\">Solutions Constructives Tecwool\u00ae 825<\/h2><div class=\"mgt-header-line\"><\/div><\/div>[vc_row_inner][vc_column_inner width=\u00a0\u00bb1\/4&Prime;][vc_btn title=\u00a0\u00bbProtection des \u00e9l\u00e9ments en acier\u00a0\u00bb style=\u00a0\u00bboutline-custom\u00a0\u00bb outline_custom_color=\u00a0\u00bb#000000&Prime; outline_custom_hover_background=\u00a0\u00bb#666666&Prime; outline_custom_hover_text=\u00a0\u00bb#ffffff\u00a0\u00bb shape=\u00a0\u00bbround\u00a0\u00bb size=\u00a0\u00bbsm\u00a0\u00bb align=\u00a0\u00bbcenter\u00a0\u00bb button_block=\u00a0\u00bbtrue\u00a0\u00bb link=\u00a0\u00bburl:https%3A%2F%2Fmcrtecresa.com%2Ffr%2Fmortiers-tecwool%2Ftecwool-825%2Fprotection-des-elements-en-acier-tecwool-825|||\u00a0\u00bb][\/vc_column_inner][vc_column_inner width=\u00a0\u00bb1\/4&Prime;][vc_btn title=\u00a0\u00bbProtection des tunnels\u00a0\u00bb style=\u00a0\u00bbcustom\u00a0\u00bb custom_background=\u00a0\u00bb#dd3333&Prime; custom_text=\u00a0\u00bb#ffffff\u00a0\u00bb shape=\u00a0\u00bbround\u00a0\u00bb size=\u00a0\u00bbsm\u00a0\u00bb align=\u00a0\u00bbcenter\u00a0\u00bb button_block=\u00a0\u00bbtrue\u00a0\u00bb link=\u00a0\u00bburl:%23|||\u00a0\u00bb][\/vc_column_inner][vc_column_inner width=\u00a0\u00bb1\/4&Prime;][\/vc_column_inner][vc_column_inner width=\u00a0\u00bb1\/4&Prime;][\/vc_column_inner][\/vc_row_inner][\/vc_column][\/vc_row][vc_row full_width=\u00a0\u00bbstretch_row\u00a0\u00bb][vc_column][vc_empty_space height=\u00a0\u00bb60px\u00a0\u00bb]<div class=\"mgt-header-block clearfix text-left text-black wpb_animate_when_almost_visible wpb_top-to-bottom wpb_content_element  mgt-header-block-style-2 mgt-header-texttransform-none  vc_custom_1554906775965\"><h1 class=\"mgt-header-block-title\">Protection des tunnels<\/h1><div class=\"mgt-header-line\"><\/div><\/div>[vc_row_inner content_placement=\u00a0\u00bbmiddle\u00a0\u00bb][vc_column_inner width=\u00a0\u00bb2\/3&Prime;][vc_column_text]<\/p>\n<p style=\"text-align: justify;\">Nous avons mis l\u2019accent dans la section de <strong>Tecwool<sup>\u00ae<\/sup> F <\/strong>sur l\u2019importance de la protection dans les tunnels. On s\u2019est adapt\u00e9 aux exigences normatives de nombreux pays avec le <strong>Tecwool<sup>\u00ae<\/sup> 825<\/strong>. Test\u00e9 selon Protocole RWS\/Efectis \u201cR\u00e9sistance au feu des rev\u00eatements qui prot\u00e8gent le b\u00e9ton\u201d et soumis aux \u00a0courbes de feu RWS et Hydrocarbures Pond\u00e9r\u00e9e de fa\u00e7on combin\u00e9e. Pendant les trois heures du test de maximums, la temp\u00e9rature dans la surface du b\u00e9ton a \u00e9t\u00e9 de 201\u00ba, bien en dessous de la limite maximale de protocole situ\u00e9e \u00e0 380\u00ba dans la surface ou de 250\u00ba dans les renforts en acier. Cela a d\u00e9montr\u00e9 la grande puissance d\u2019isolement du <strong>Tecwool<sup>\u00ae<\/sup> 825<\/strong>.<\/p>\n<p style=\"text-align: justify;\">Une autre aspect fondamental du<strong> Tecwool<sup>\u00ae\u00a0<\/sup>825<\/strong> est sa grande capacit\u00e9 d\u2019adh\u00e9rence sur le b\u00e9ton et l\u2019acier et sa finition monolithe, en \u00e9vitant l\u2019apparition de fissures avec le temps.<\/p>\n<p>[\/vc_column_text][\/vc_column_inner][vc_column_inner width=\u00a0\u00bb1\/3&Prime;][vc_single_image image=\u00a0\u00bb6828&Prime; img_size=\u00a0\u00bbmedium\u00a0\u00bb alignment=\u00a0\u00bbcenter\u00a0\u00bb style=\u00a0\u00bbvc_box_rounded\u00a0\u00bb onclick=\u00a0\u00bblink_image\u00a0\u00bb css=\u00a0\u00bb.vc_custom_1521619580166{margin-top: 3rem !important;}\u00a0\u00bb][\/vc_column_inner][\/vc_row_inner][vc_empty_space height=\u00a0\u00bb40px\u00a0\u00bb][vc_row_inner][vc_column_inner width=\u00a0\u00bb1\/6&Prime;][\/vc_column_inner][vc_column_inner width=\u00a0\u00bb2\/3&Prime;][vc_raw_html css=\u00a0\u00bb\u00a0\u00bb]JTNDY2VudGVyJTNFJTNDaWZyYW1lJTIwd2lkdGglM0QlMjI4MTAlMjIlMjBoZWlnaHQlM0QlMjI0NTYlMjIlMjBzcmMlM0QlMjJodHRwcyUzQSUyRiUyRnd3dy55b3V0dWJlLmNvbSUyRmVtYmVkJTJGclVhY3dQeENGa2clM0ZyZWwlM0QwJTI2bXV0ZSUzRDElMjIlMjBmcmFtZWJvcmRlciUzRCUyMjAlMjIlMjBlbmNyeXB0ZWQtbWVkaWElMjIlMjBhbGxvd2Z1bGxzY3JlZW4lM0UlM0MlMkZpZnJhbWUlM0UlM0MlMkZjZW50ZXIlM0U=[\/vc_raw_html][\/vc_column_inner][vc_column_inner width=\u00a0\u00bb1\/6&Prime;][\/vc_column_inner][\/vc_row_inner][vc_empty_space height=\u00a0\u00bb40px\u00a0\u00bb][\/vc_column][\/vc_row][vc_row][vc_column width=\u00a0\u00bb1\/2&Prime; el_class=\u00a0\u00bbbordersolution\u00a0\u00bb][vc_single_image image=\u00a0\u00bb6830&Prime; img_size=\u00a0\u00bblarge\u00a0\u00bb alignment=\u00a0\u00bbcenter\u00a0\u00bb][vc_row_inner css=\u00a0\u00bb.vc_custom_1520118308650{margin-top: -6% !important;padding-right: 3rem !important;padding-left: 3rem !important;}\u00a0\u00bb][vc_column_inner width=\u00a0\u00bb1\/2&Prime;]<div class=\"mgt-header-block clearfix text-left text-black wpb_content_element  mgt-header-block-style-2 mgt-header-texttransform-none \"><p class=\"mgt-header-block-subtitle\">Test<\/p><h2 class=\"mgt-header-block-title\"><\/h2><div class=\"mgt-header-line\"><\/div><\/div>[vc_column_text]<b>R\u00e9gle<\/b>: Protocole RWS \/Efectis Fire testing procedure for concrete tunnel<br \/>\n<b>Laboratoire<\/b>: Efectis Netherland<br \/>\n<b>N\u00ba Test<\/b>: 2010-Efectis-R0531[\/vc_column_text][\/vc_column_inner][vc_column_inner width=\u00a0\u00bb1\/2&Prime;]<div class=\"mgt-header-block clearfix text-left text-black wpb_content_element  mgt-header-block-style-2 mgt-header-texttransform-none \"><p class=\"mgt-header-block-subtitle\">Solution<\/p><h2 class=\"mgt-header-block-title\"><\/h2><div class=\"mgt-header-line\"><\/div><\/div>[vc_column_text]<strong>1.<\/strong> Murs ou dalles en b\u00e9ton.<br \/>\n<strong>2.<\/strong> <strong>Tecwool<sup>\u00ae\u00a0<\/sup>825<\/strong> (\u00e9paisseur en fonction de la r\u00e9sistance au feu requise et des caract\u00e9ristiques de la construction).[\/vc_column_text][\/vc_column_inner][\/vc_row_inner][\/vc_column][vc_column width=\u00a0\u00bb1\/2&Prime; css=\u00a0\u00bb.vc_custom_1519682712284{padding-left: 2rem !important;}\u00a0\u00bb]<div class=\"mgt-header-block clearfix text-left text-black wpb_content_element  mgt-header-block-style-1 mgt-header-texttransform-none \"><h2 class=\"mgt-header-block-title\">Application<\/h2><div class=\"mgt-header-line\"><\/div><\/div>[vc_column_text]<\/p>\n<p style=\"text-align: justify;\"><strong>Tecwool<sup>\u00ae<\/sup> 825<\/strong> s\u2019applique par machine pneumatique conform\u00e9ment aux sp\u00e9cifications techniques:<\/p>\n<p style=\"text-align: justify;\">Il n\u2019est pas n\u00e9cessaire de mettre aucun support pr\u00e9alable.<\/p>\n<p style=\"text-align: justify;\">La surface \u00e0 prot\u00e9ger doit \u00eatre exempt de poussi\u00e8re, huiles, r\u00e9sidus, particules mal adh\u00e9r\u00e9es, restes de peinture, etc.<\/p>\n<p style=\"text-align: justify;\">Il est souhaitable d\u2019arroser l\u00e9g\u00e8rement avec de l\u2019eau de le propre tuyau d\u2019application afin d\u2019\u00e9liminer tout salet\u00e9 dans le parement. Cela permettra d\u2019obtenir un \u00e9quilibre thermique entre le mortier et la surface appliqu\u00e9e.<\/p>\n<p style=\"text-align: justify;\">Pour de plus amples informations, consultez application et usages g\u00e9n\u00e9raux (pg. 57).<\/p>\n<p>[\/vc_column_text][\/vc_column][\/vc_row][vc_row][vc_column][vc_empty_space height=\u00a0\u00bb50px\u00a0\u00bb]<div class=\"mgt-header-block clearfix text-left text-black wpb_animate_when_almost_visible wpb_top-to-bottom wpb_content_element  mgt-header-block-style-2 mgt-header-texttransform-none  vc_custom_1528816304570\"><h2 class=\"mgt-header-block-title\">Documentation<\/h2><div class=\"mgt-header-line\"><\/div><\/div>[vc_row_inner][vc_column_inner width=\u00a0\u00bb1\/3&Prime;][vc_raw_html]JTNDZGl2JTIwY2xhc3MlM0QlMjJ3aWRnZXQtZG93bmxvYWQtbGluay13cmFwcGVyJTIyJTNFJTBBJTNDZGl2JTIwY2xhc3MlM0QlMjJ3aWRnZXQtZG93bmxvYWQtaWNvbiUyMiUzRSUzQ2klMjBjbGFzcyUzRCUyMmZhJTIwZmEtZmlsZS1wZGYtbyUyMiUzRSUzQyUyRmklM0UlMEElM0MlMkZkaXYlM0UlMEElM0NkaXYlMjBjbGFzcyUzRCUyMndpZGdldC1kb3dubG9hZC1kZXRhaWxzJTIyJTNFJTBBJTNDZGl2JTIwY2xhc3MlM0QlMjJ3aWRnZXQtZG93bmxvYWQtdGl0bGUlMjIlM0UlM0NzcGFuJTIwY2xhc3MlM0QlMjJkb2N1bWVudG8tcGRmJTIyJTIwb25jbGljayUzRCUyMnNldExvY2F0aW9uJTI4JTI3RkRTLXByb3RlY3Rpb24tdGVjd29vbC04MjUtdHVubmVscy1GUiUyNyUyOSUyMiUzRUZpY2hlJTIwdCVDMyVBOWwlQzMlQTljaGFyZ2VhYmxlJTIwZGUlMjBsYSUyMHNvbHV0aW9uJTNDJTJGYSUzRSUzQyUyRmRpdiUzRSUwQSUzQ2RpdiUyMGNsYXNzJTNEJTIyd2lkZ2V0LWRvd25sb2FkLXN1YnRpdGxlJTIyJTNFMzExJTIwS2IlMkMlMjBQREYlM0MlMkZkaXYlM0UlMEElM0MlMkZkaXYlM0UlMEElM0MlMkZkaXYlM0UlMEE=[\/vc_raw_html][\/vc_column_inner][vc_column_inner width=\u00a0\u00bb1\/3&Prime;][\/vc_column_inner][vc_column_inner width=\u00a0\u00bb1\/3&Prime;][\/vc_column_inner][\/vc_row_inner][vc_empty_space height=\u00a0\u00bb20px\u00a0\u00bb el_class=\u00a0\u00bbvc_hidden-sm vc_hidden-xs\u00a0\u00bb]<style scoped='scoped'>.mgt-promo-block-79292048663.mgt-promo-block.darken .mgt-promo-block-content {background-color: rgba(10,10,10,0.63)!important;}.mgt-promo-block-79292048663.mgt-promo-block.animated:hover .mgt-promo-block-content {background-color: rgba(68,0,0,0.61)!important;}<\/style><div class=\"mgt-promo-block animated white-text cover-image text-size-normal darken mgt-promo-block-79292048663 wpb_content_element wpb_animate_when_almost_visible wpb_left-to-right\" data-style=\"background-color: #bababa;width: 100%; height: 200px;\"><div class=\"mgt-promo-block-content\"><div class=\"mgt-promo-block-content-inside vc_custom_1528816327972\">\n<h2>Avez-vous des questions?<\/h2>\n<div class=\"mgt-button-wrapper mgt-button-wrapper-align-left mgt-button-wrapper-display-newline mgt-button-top-margin-enable\"><a class=\"btn hvr-icon-wobble-horizontal mgt-button mgt-style-solid-invert mgt-size-normal mgt-align-left mgt-display-newline mgt-text-size-small mgt-button-icon-position-right mgt-text-transform-uppercase \" href=\"https:\/\/mcrtecresa.com\/fr\/contact\">Contactez-nous<i class=\"fa fa-arrow-right\"><\/i><\/a><\/div><\/div><\/div><\/div>[\/vc_column][\/vc_row][vc_row][vc_column]<div class=\"mgt-header-block clearfix text-left text-black wpb_content_element  mgt-header-block-style-1 mgt-header-texttransform-header \"><h2 class=\"mgt-header-block-title\">En savoir plus<\/h2><p class=\"mgt-header-block-subtitle\">Protection des tunnels<\/p><div class=\"mgt-header-line\"><\/div><\/div>[\/vc_column][\/vc_row][vc_row][vc_column width=\u00a0\u00bb1\/3&Prime;][vc_btn title=\u00a0\u00bbMortier Tecwool\u00ae F\u00a0\u00bb style=\u00a0\u00bboutline-custom\u00a0\u00bb outline_custom_color=\u00a0\u00bb#000000&Prime; outline_custom_hover_background=\u00a0\u00bb#dd3333&Prime; outline_custom_hover_text=\u00a0\u00bb#ffffff\u00a0\u00bb shape=\u00a0\u00bbround\u00a0\u00bb size=\u00a0\u00bbsm\u00a0\u00bb align=\u00a0\u00bbcenter\u00a0\u00bb button_block=\u00a0\u00bbtrue\u00a0\u00bb link=\u00a0\u00bburl:https%3A%2F%2Fmcrtecresa.com%2Ffr%2Fmortiers-tecwool%2Ftecwool-f%2Fprotection-des-tunnels|||\u00a0\u00bb][\/vc_column][vc_column width=\u00a0\u00bb1\/3&Prime;][vc_btn title=\u00a0\u00bbPanneaux Tecbor\u00ae\u00a0\u00bb style=\u00a0\u00bboutline-custom\u00a0\u00bb outline_custom_color=\u00a0\u00bb#000000&Prime; outline_custom_hover_background=\u00a0\u00bb#dd3333&Prime; outline_custom_hover_text=\u00a0\u00bb#ffffff\u00a0\u00bb shape=\u00a0\u00bbround\u00a0\u00bb size=\u00a0\u00bbsm\u00a0\u00bb align=\u00a0\u00bbcenter\u00a0\u00bb button_block=\u00a0\u00bbtrue\u00a0\u00bb link=\u00a0\u00bburl:https%3A%2F%2Fmcrtecresa.com%2Fpaneles-tecbor|||\u00a0\u00bb][\/vc_column][vc_column width=\u00a0\u00bb1\/3&Prime;][\/vc_column][\/vc_row]<\/p>\n<\/div>","protected":false},"excerpt":{"rendered":"<p>[vc_row][vc_column][vc_column_text] [\/vc_column_text][\/vc_column][\/vc_row][vc_row full_width=\u00a0\u00bbstretch_row\u00a0\u00bb][vc_column][vc_row_inner][vc_column_inner width=\u00a0\u00bb1\/4&Prime;][vc_btn title=\u00a0\u00bbProtection des \u00e9l\u00e9ments en acier\u00a0\u00bb style=\u00a0\u00bboutline-custom\u00a0\u00bb outline_custom_color=\u00a0\u00bb#000000&Prime; outline_custom_hover_background=\u00a0\u00bb#666666&Prime; outline_custom_hover_text=\u00a0\u00bb#ffffff\u00a0\u00bb shape=\u00a0\u00bbround\u00a0\u00bb size=\u00a0\u00bbsm\u00a0\u00bb align=\u00a0\u00bbcenter\u00a0\u00bb button_block=\u00a0\u00bbtrue\u00a0\u00bb link=\u00a0\u00bburl:https%3A%2F%2Fmcrtecresa.com%2Ffr%2Fmortiers-tecwool%2Ftecwool-825%2Fprotection-des-elements-en-acier-tecwool-825|||\u00a0\u00bb][\/vc_column_inner][vc_column_inner width=\u00a0\u00bb1\/4&Prime;][vc_btn title=\u00a0\u00bbProtection des tunnels\u00a0\u00bb style=\u00a0\u00bbcustom\u00a0\u00bb custom_background=\u00a0\u00bb#dd3333&Prime; custom_text=\u00a0\u00bb#ffffff\u00a0\u00bb shape=\u00a0\u00bbround\u00a0\u00bb size=\u00a0\u00bbsm\u00a0\u00bb align=\u00a0\u00bbcenter\u00a0\u00bb button_block=\u00a0\u00bbtrue\u00a0\u00bb link=\u00a0\u00bburl:%23|||\u00a0\u00bb][\/vc_column_inner][vc_column_inner&#8230;<\/p>\n","protected":false},"author":2,"featured_media":0,"parent":18767,"menu_order":0,"comment_status":"closed","ping_status":"closed","template":"","meta":{"footnotes":""},"class_list":["post-19155","page","type-page","status-publish","hentry"],"yoast_head":"<!-- This site is optimized with the Yoast SEO plugin v27.4 - https:\/\/yoast.com\/product\/yoast-seo-wordpress\/ -->\n<title>Protection des tunnels \u2013 Tecwool\u00ae 825- mercor tecresa\u00ae<\/title>\n<meta name=\"description\" content=\"Protection des tunnels avec mortier ignifuge \u00e0 laine de roche Tecwool\u00ae 825. Test\u00e9 sous la courbe RWS et Hydrocarbures avec des excellentes r\u00e9sultats.\" \/>\n<meta name=\"robots\" content=\"index, follow, max-snippet:-1, max-image-preview:large, max-video-preview:-1\" \/>\n<link rel=\"canonical\" href=\"https:\/\/mcrtecresa.com\/fr\/mortiers-tecwool\/tecwool-825\/protection-de-tunnels\" \/>\n<meta property=\"og:locale\" content=\"fr_FR\" \/>\n<meta property=\"og:type\" content=\"article\" \/>\n<meta property=\"og:title\" content=\"Protection des tunnels \u2013 Tecwool\u00ae 825- mercor tecresa\u00ae\" \/>\n<meta property=\"og:description\" content=\"Protection des tunnels avec mortier ignifuge \u00e0 laine de roche Tecwool\u00ae 825. Test\u00e9 sous la courbe RWS et Hydrocarbures avec des excellentes r\u00e9sultats.\" \/>\n<meta property=\"og:url\" content=\"https:\/\/mcrtecresa.com\/fr\/mortiers-tecwool\/tecwool-825\/protection-de-tunnels\" \/>\n<meta property=\"og:site_name\" content=\"Mcr Tecresa\" \/>\n<meta property=\"article:modified_time\" content=\"2026-03-17T13:09:08+00:00\" \/>\n<meta property=\"og:image\" content=\"https:\/\/mcrtecresa.com\/wp-content\/uploads\/2025\/07\/Logo-Original-1.png\" \/>\n\t<meta property=\"og:image:width\" content=\"195\" \/>\n\t<meta property=\"og:image:height\" content=\"46\" \/>\n\t<meta property=\"og:image:type\" content=\"image\/png\" \/>\n<meta name=\"twitter:card\" content=\"summary_large_image\" \/>\n<meta name=\"twitter:label1\" content=\"Dur\u00e9e de lecture estim\u00e9e\" \/>\n\t<meta name=\"twitter:data1\" content=\"5 minutes\" \/>\n<script type=\"application\/ld+json\" class=\"yoast-schema-graph\">{\"@context\":\"https:\\\/\\\/schema.org\",\"@graph\":[{\"@type\":\"WebPage\",\"@id\":\"https:\\\/\\\/mcrtecresa.com\\\/fr\\\/mortiers-tecwool\\\/tecwool-825\\\/protection-de-tunnels\",\"url\":\"https:\\\/\\\/mcrtecresa.com\\\/fr\\\/mortiers-tecwool\\\/tecwool-825\\\/protection-de-tunnels\",\"name\":\"Protection des tunnels \u2013 Tecwool\u00ae 825- mercor tecresa\u00ae\",\"isPartOf\":{\"@id\":\"https:\\\/\\\/mcrtecresa.com\\\/#website\"},\"datePublished\":\"2018-02-27T00:15:22+00:00\",\"dateModified\":\"2026-03-17T13:09:08+00:00\",\"description\":\"Protection des tunnels avec mortier ignifuge \u00e0 laine de roche Tecwool\u00ae 825. Test\u00e9 sous la courbe RWS et Hydrocarbures avec des excellentes r\u00e9sultats.\",\"breadcrumb\":{\"@id\":\"https:\\\/\\\/mcrtecresa.com\\\/fr\\\/mortiers-tecwool\\\/tecwool-825\\\/protection-de-tunnels#breadcrumb\"},\"inLanguage\":\"fr-FR\",\"potentialAction\":[{\"@type\":\"ReadAction\",\"target\":[\"https:\\\/\\\/mcrtecresa.com\\\/fr\\\/mortiers-tecwool\\\/tecwool-825\\\/protection-de-tunnels\"]}]},{\"@type\":\"BreadcrumbList\",\"@id\":\"https:\\\/\\\/mcrtecresa.com\\\/fr\\\/mortiers-tecwool\\\/tecwool-825\\\/protection-de-tunnels#breadcrumb\",\"itemListElement\":[{\"@type\":\"ListItem\",\"position\":1,\"name\":\"mcr tecresa\u00ae\",\"item\":\"https:\\\/\\\/mcrtecresa.com\\\/fr\"},{\"@type\":\"ListItem\",\"position\":2,\"name\":\"Mortiers Tecwool\u00ae\",\"item\":\"https:\\\/\\\/mcrtecresa.com\\\/fr\\\/mortiers-tecwool\"},{\"@type\":\"ListItem\",\"position\":3,\"name\":\"Mortier Tecwool 825\",\"item\":\"https:\\\/\\\/mcrtecresa.com\\\/fr\\\/mortiers-tecwool\\\/tecwool-825\"},{\"@type\":\"ListItem\",\"position\":4,\"name\":\"Tecwool 825 \u2013 Protection des tunnels\"}]},{\"@type\":\"WebSite\",\"@id\":\"https:\\\/\\\/mcrtecresa.com\\\/#website\",\"url\":\"https:\\\/\\\/mcrtecresa.com\\\/\",\"name\":\"Mcr Tecresa\",\"description\":\"Empresa l\u00edder en protecci\u00f3n pasiva contra incendios\",\"publisher\":{\"@id\":\"https:\\\/\\\/mcrtecresa.com\\\/#organization\"},\"alternateName\":\"Protecci\u00f3n Pasiva Contra Incendios\",\"potentialAction\":[{\"@type\":\"SearchAction\",\"target\":{\"@type\":\"EntryPoint\",\"urlTemplate\":\"https:\\\/\\\/mcrtecresa.com\\\/?s={search_term_string}\"},\"query-input\":{\"@type\":\"PropertyValueSpecification\",\"valueRequired\":true,\"valueName\":\"search_term_string\"}}],\"inLanguage\":\"fr-FR\"},{\"@type\":\"Organization\",\"@id\":\"https:\\\/\\\/mcrtecresa.com\\\/#organization\",\"name\":\"Mcr Tecresa\",\"url\":\"https:\\\/\\\/mcrtecresa.com\\\/\",\"logo\":{\"@type\":\"ImageObject\",\"inLanguage\":\"fr-FR\",\"@id\":\"https:\\\/\\\/mcrtecresa.com\\\/#\\\/schema\\\/logo\\\/image\\\/\",\"url\":\"https:\\\/\\\/mcrtecresa.com\\\/wp-content\\\/uploads\\\/2025\\\/07\\\/Logo-Original-1.png\",\"contentUrl\":\"https:\\\/\\\/mcrtecresa.com\\\/wp-content\\\/uploads\\\/2025\\\/07\\\/Logo-Original-1.png\",\"width\":195,\"height\":46,\"caption\":\"Mcr Tecresa\"},\"image\":{\"@id\":\"https:\\\/\\\/mcrtecresa.com\\\/#\\\/schema\\\/logo\\\/image\\\/\"},\"sameAs\":[\"https:\\\/\\\/www.linkedin.com\\\/company\\\/mcrtecresa\",\"https:\\\/\\\/www.youtube.com\\\/@Mcrtecresa\"]}]}<\/script>\n<!-- \/ Yoast SEO plugin. -->","yoast_head_json":{"title":"Protection des tunnels \u2013 Tecwool\u00ae 825- mercor tecresa\u00ae","description":"Protection des tunnels avec mortier ignifuge \u00e0 laine de roche Tecwool\u00ae 825. Test\u00e9 sous la courbe RWS et Hydrocarbures avec des excellentes r\u00e9sultats.","robots":{"index":"index","follow":"follow","max-snippet":"max-snippet:-1","max-image-preview":"max-image-preview:large","max-video-preview":"max-video-preview:-1"},"canonical":"https:\/\/mcrtecresa.com\/fr\/mortiers-tecwool\/tecwool-825\/protection-de-tunnels","og_locale":"fr_FR","og_type":"article","og_title":"Protection des tunnels \u2013 Tecwool\u00ae 825- mercor tecresa\u00ae","og_description":"Protection des tunnels avec mortier ignifuge \u00e0 laine de roche Tecwool\u00ae 825. Test\u00e9 sous la courbe RWS et Hydrocarbures avec des excellentes r\u00e9sultats.","og_url":"https:\/\/mcrtecresa.com\/fr\/mortiers-tecwool\/tecwool-825\/protection-de-tunnels","og_site_name":"Mcr Tecresa","article_modified_time":"2026-03-17T13:09:08+00:00","og_image":[{"width":195,"height":46,"url":"https:\/\/mcrtecresa.com\/wp-content\/uploads\/2025\/07\/Logo-Original-1.png","type":"image\/png"}],"twitter_card":"summary_large_image","twitter_misc":{"Dur\u00e9e de lecture estim\u00e9e":"5 minutes"},"schema":{"@context":"https:\/\/schema.org","@graph":[{"@type":"WebPage","@id":"https:\/\/mcrtecresa.com\/fr\/mortiers-tecwool\/tecwool-825\/protection-de-tunnels","url":"https:\/\/mcrtecresa.com\/fr\/mortiers-tecwool\/tecwool-825\/protection-de-tunnels","name":"Protection des tunnels \u2013 Tecwool\u00ae 825- mercor tecresa\u00ae","isPartOf":{"@id":"https:\/\/mcrtecresa.com\/#website"},"datePublished":"2018-02-27T00:15:22+00:00","dateModified":"2026-03-17T13:09:08+00:00","description":"Protection des tunnels avec mortier ignifuge \u00e0 laine de roche Tecwool\u00ae 825. Test\u00e9 sous la courbe RWS et Hydrocarbures avec des excellentes r\u00e9sultats.","breadcrumb":{"@id":"https:\/\/mcrtecresa.com\/fr\/mortiers-tecwool\/tecwool-825\/protection-de-tunnels#breadcrumb"},"inLanguage":"fr-FR","potentialAction":[{"@type":"ReadAction","target":["https:\/\/mcrtecresa.com\/fr\/mortiers-tecwool\/tecwool-825\/protection-de-tunnels"]}]},{"@type":"BreadcrumbList","@id":"https:\/\/mcrtecresa.com\/fr\/mortiers-tecwool\/tecwool-825\/protection-de-tunnels#breadcrumb","itemListElement":[{"@type":"ListItem","position":1,"name":"mcr tecresa\u00ae","item":"https:\/\/mcrtecresa.com\/fr"},{"@type":"ListItem","position":2,"name":"Mortiers Tecwool\u00ae","item":"https:\/\/mcrtecresa.com\/fr\/mortiers-tecwool"},{"@type":"ListItem","position":3,"name":"Mortier Tecwool 825","item":"https:\/\/mcrtecresa.com\/fr\/mortiers-tecwool\/tecwool-825"},{"@type":"ListItem","position":4,"name":"Tecwool 825 \u2013 Protection des tunnels"}]},{"@type":"WebSite","@id":"https:\/\/mcrtecresa.com\/#website","url":"https:\/\/mcrtecresa.com\/","name":"Mcr Tecresa","description":"Empresa l\u00edder en protecci\u00f3n pasiva contra incendios","publisher":{"@id":"https:\/\/mcrtecresa.com\/#organization"},"alternateName":"Protecci\u00f3n Pasiva Contra Incendios","potentialAction":[{"@type":"SearchAction","target":{"@type":"EntryPoint","urlTemplate":"https:\/\/mcrtecresa.com\/?s={search_term_string}"},"query-input":{"@type":"PropertyValueSpecification","valueRequired":true,"valueName":"search_term_string"}}],"inLanguage":"fr-FR"},{"@type":"Organization","@id":"https:\/\/mcrtecresa.com\/#organization","name":"Mcr Tecresa","url":"https:\/\/mcrtecresa.com\/","logo":{"@type":"ImageObject","inLanguage":"fr-FR","@id":"https:\/\/mcrtecresa.com\/#\/schema\/logo\/image\/","url":"https:\/\/mcrtecresa.com\/wp-content\/uploads\/2025\/07\/Logo-Original-1.png","contentUrl":"https:\/\/mcrtecresa.com\/wp-content\/uploads\/2025\/07\/Logo-Original-1.png","width":195,"height":46,"caption":"Mcr Tecresa"},"image":{"@id":"https:\/\/mcrtecresa.com\/#\/schema\/logo\/image\/"},"sameAs":["https:\/\/www.linkedin.com\/company\/mcrtecresa","https:\/\/www.youtube.com\/@Mcrtecresa"]}]}},"_links":{"self":[{"href":"https:\/\/mcrtecresa.com\/fr\/wp-json\/wp\/v2\/pages\/19155","targetHints":{"allow":["GET"]}}],"collection":[{"href":"https:\/\/mcrtecresa.com\/fr\/wp-json\/wp\/v2\/pages"}],"about":[{"href":"https:\/\/mcrtecresa.com\/fr\/wp-json\/wp\/v2\/types\/page"}],"author":[{"embeddable":true,"href":"https:\/\/mcrtecresa.com\/fr\/wp-json\/wp\/v2\/users\/2"}],"replies":[{"embeddable":true,"href":"https:\/\/mcrtecresa.com\/fr\/wp-json\/wp\/v2\/comments?post=19155"}],"version-history":[{"count":0,"href":"https:\/\/mcrtecresa.com\/fr\/wp-json\/wp\/v2\/pages\/19155\/revisions"}],"up":[{"embeddable":true,"href":"https:\/\/mcrtecresa.com\/fr\/wp-json\/wp\/v2\/pages\/18767"}],"wp:attachment":[{"href":"https:\/\/mcrtecresa.com\/fr\/wp-json\/wp\/v2\/media?parent=19155"}],"curies":[{"name":"wp","href":"https:\/\/api.w.org\/{rel}","templated":true}]}}