{"id":19036,"date":"2018-02-27T01:56:05","date_gmt":"2018-02-26T23:56:05","guid":{"rendered":"https:\/\/mcrtecresa.com\/mortiers-tecwool\/mortier-tecwool-t\/forjados-y-paredes-de-garajes"},"modified":"2025-09-24T12:23:32","modified_gmt":"2025-09-24T10:23:32","slug":"dalles-et-murs-des-garages-et-locaux","status":"publish","type":"page","link":"https:\/\/mcrtecresa.com\/fr\/mortiers-tecwool\/tecwool-t\/dalles-et-murs-des-garages-et-locaux","title":{"rendered":"Tecwool T \u2013 Dalles et murs des garages et locaux"},"content":{"rendered":"<div class=\"wpb-content-wrapper\"><p>[vc_row][vc_column][vc_column_text]<\/p>\n<pre><code class=\"html hljs xml\"><span><span><a href=\"https:\/\/mcrtecresa.com\/fr\">mcr tecresa\u00ae<\/a><\/span><\/span><\/code><\/pre>\n<p>[\/vc_column_text][\/vc_column][\/vc_row][vc_row full_width=\u00a0\u00bbstretch_row\u00a0\u00bb][vc_column]<div class=\"mgt-header-block clearfix text-left text-black wpb_animate_when_almost_visible wpb_top-to-bottom wpb_content_element  mgt-header-block-style-2 mgt-header-texttransform-none  vc_custom_1529065551699\"><h2 class=\"mgt-header-block-title\">Solutions Constructives Tecwool T<\/h2><div class=\"mgt-header-line\"><\/div><\/div>[vc_row_inner][vc_column_inner width=\u00a0\u00bb1\/4&Prime;][vc_btn title=\u00a0\u00bbFa\u00e7ade ventil\u00e9e\u00a0\u00bb style=\u00a0\u00bboutline-custom\u00a0\u00bb outline_custom_color=\u00a0\u00bb#000000&Prime; outline_custom_hover_background=\u00a0\u00bb#666666&Prime; outline_custom_hover_text=\u00a0\u00bb#ffffff\u00a0\u00bb shape=\u00a0\u00bbround\u00a0\u00bb size=\u00a0\u00bbsm\u00a0\u00bb align=\u00a0\u00bbcenter\u00a0\u00bb button_block=\u00a0\u00bbtrue\u00a0\u00bb link=\u00a0\u00bburl:https%3A%2F%2Fmcrtecresa.com%2Ffr%2Fmortiers-tecwool%2Ftecwool-t%2Ffasade-ventilee|||\u00a0\u00bb][\/vc_column_inner][vc_column_inner width=\u00a0\u00bb1\/4&Prime;][vc_btn title=\u00a0\u00bbDalles et murs des garages et locaux\u00a0\u00bb style=\u00a0\u00bbcustom\u00a0\u00bb custom_background=\u00a0\u00bb#dd3333&Prime; custom_text=\u00a0\u00bb#ffffff\u00a0\u00bb shape=\u00a0\u00bbround\u00a0\u00bb size=\u00a0\u00bbsm\u00a0\u00bb align=\u00a0\u00bbcenter\u00a0\u00bb button_block=\u00a0\u00bbtrue\u00a0\u00bb link=\u00a0\u00bburl:%23|||\u00a0\u00bb][\/vc_column_inner][vc_column_inner width=\u00a0\u00bb1\/4&Prime;][\/vc_column_inner][vc_column_inner width=\u00a0\u00bb1\/4&Prime;][\/vc_column_inner][\/vc_row_inner][\/vc_column][\/vc_row][vc_row full_width=\u00a0\u00bbstretch_row\u00a0\u00bb][vc_column][vc_empty_space height=\u00a0\u00bb60px\u00a0\u00bb]<div class=\"mgt-header-block clearfix text-left text-black wpb_animate_when_almost_visible wpb_top-to-bottom wpb_content_element  mgt-header-block-style-2 mgt-header-texttransform-none  vc_custom_1554909511038\"><h1 class=\"mgt-header-block-title\">Dalles et murs des garages et locaux<\/h1><div class=\"mgt-header-line\"><\/div><\/div>[vc_row_inner][vc_column_inner width=\u00a0\u00bb2\/3&Prime;][vc_column_text]<\/p>\n<p style=\"text-align: justify;\"><strong>Tecwool<sup>\u00ae<\/sup> T<\/strong> est la solution la plus appropri\u00e9e pour fournir un parfait isolement thermique entre \u00a0logements et locaux non chauff\u00e9s (garages, entrep\u00f4ts, etc).<\/p>\n<p style=\"text-align: justify;\">Appliqu\u00e9 par projection, on obtient une finition \u00a0continue et uniforme, soit sur la face inf\u00e9rieure des dalles ou sur des \u00e9l\u00e9ments d\u00e9limiteurs verticaux.<\/p>\n<p style=\"text-align: justify;\"><strong>Tecwool<sup>\u00ae<\/sup> T<\/strong> offre un grand isolement acoustique, en minimisant les bruits produits dans les garages \u00e0 cause du d\u00e9marrage et fonctionnement des moteurs automobiles.<\/p>\n<p style=\"text-align: justify;\"><strong>Tecwool<sup>\u00ae<\/sup> T<\/strong> poss\u00e8de un classement de r\u00e9action au feu A1, en r\u00e9pondant de trop aux exigences impos\u00e9es par le CTE \u00e0 ce type de rev\u00eatements.<\/p>\n<p>[\/vc_column_text][\/vc_column_inner][vc_column_inner width=\u00a0\u00bb1\/3&Prime;][vc_single_image image=\u00a0\u00bb6816&Prime; img_size=\u00a0\u00bbmedium\u00a0\u00bb alignment=\u00a0\u00bbcenter\u00a0\u00bb style=\u00a0\u00bbvc_box_rounded\u00a0\u00bb onclick=\u00a0\u00bblink_image\u00a0\u00bb css=\u00a0\u00bb.vc_custom_1520858808642{margin-top: 3rem !important;}\u00a0\u00bb][\/vc_column_inner][\/vc_row_inner][vc_empty_space height=\u00a0\u00bb40px\u00a0\u00bb][\/vc_column][\/vc_row][vc_row][vc_column width=\u00a0\u00bb1\/2&Prime; el_class=\u00a0\u00bbbordersolution\u00a0\u00bb][vc_single_image image=\u00a0\u00bb6818&Prime; img_size=\u00a0\u00bblarge\u00a0\u00bb alignment=\u00a0\u00bbcenter\u00a0\u00bb onclick=\u00a0\u00bblink_image\u00a0\u00bb][vc_row_inner css=\u00a0\u00bb.vc_custom_1519682527087{padding-right: 3rem !important;padding-left: 3rem !important;}\u00a0\u00bb][vc_column_inner]<div class=\"mgt-header-block clearfix text-left text-black wpb_content_element  mgt-header-block-style-2 mgt-header-texttransform-none \"><p class=\"mgt-header-block-subtitle\">Solution<\/p><h2 class=\"mgt-header-block-title\"><\/h2><div class=\"mgt-header-line\"><\/div><\/div>[vc_column_text]<span style=\"color: #ff0000;\"><strong>1.<\/strong><\/span> Dalle.<br \/>\n<span style=\"color: #ff0000;\"><strong>2.<\/strong><\/span> <strong>Tecwool<sup>\u00ae\u00a0<\/sup>T<\/strong>\u00a0(\u00e9paisseur en fonction de l\u2019isolement n\u00e9cessaire).[\/vc_column_text][\/vc_column_inner][\/vc_row_inner][\/vc_column][vc_column width=\u00a0\u00bb1\/2&Prime; css=\u00a0\u00bb.vc_custom_1519682712284{padding-left: 2rem !important;}\u00a0\u00bb]<div class=\"mgt-header-block clearfix text-left text-black wpb_content_element  mgt-header-block-style-1 mgt-header-texttransform-none \"><h2 class=\"mgt-header-block-title\">Application<\/h2><div class=\"mgt-header-line\"><\/div><\/div>[vc_column_text]<\/p>\n<p style=\"text-align: justify;\"><span style=\"color: #000000;\"><strong>Tecwool<sup>\u00ae\u00a0<\/sup>T\u00a0<\/strong><\/span>s\u2019applique par machine pneumatique conform\u00e9ment aux sp\u00e9cifications techniques suivantes:<\/p>\n<p style=\"text-align: justify;\">La surface \u00e0 prot\u00e9ger n\u2019a pas besoin d\u2019aucun type d\u2019appr\u00eat pr\u00e9alable, filet ou tout type de support d\u2019adh\u00e9rence au mortier.<\/p>\n<p style=\"text-align: justify;\">La surface \u00e0 prot\u00e9ger doit \u00eatre exempt de poussi\u00e8re, huiles, r\u00e9sidus, particules mal adh\u00e9r\u00e9es, restes de peinture, etc.<\/p>\n<p style=\"text-align: justify;\">Il est souhaitable d\u2019arroser l\u00e9g\u00e8rement avec de l\u2019eau de le propre tuyau d\u2019application afin d\u2019\u00e9liminer tout salet\u00e9 dans le parement. Cela permettra d\u2019obtenir un \u00e9quilibre thermique entre le mortier et la surface appliqu\u00e9e.<\/p>\n<p style=\"text-align: justify;\"><strong>Tecwool<sup>\u00ae<\/sup> T <\/strong>peut offrir diverses finitions: rugueuse, lisse, peinte, etc., en fonction de la esth\u00e9tique requise. Pour des finitions lisses, on doit passer un rouleau quand l\u2019application soit finie, et appuyer l\u00e9g\u00e8rement sur le mortier humide jusqu\u2019\u00e0 obtenir la finition d\u00e9sir\u00e9e. Il est possible de peindre le mortier avec de rev\u00eatements acryliques \u00e9lastiques qui forment une barri\u00e8re au passage de la vapeur d\u2019eau. Avant de peindre, il faut s\u2019assurer que le mortier soit compl\u00e8tement sec (28 jours).<\/p>\n<p style=\"text-align: justify;\">Il faut pulv\u00e9riser sommairement le mortier avec de l\u2019eau apr\u00e8s \u00eatre appliqu\u00e9 pour que le pris du ciment soit r\u00e9alis\u00e9 dans des conditions optimales.<\/p>\n<p style=\"text-align: justify;\">Pour de plus amples informations, consultez application et usages g\u00e9n\u00e9raux (pg. 56).<\/p>\n<p>[\/vc_column_text][\/vc_column][\/vc_row][vc_row][vc_column][vc_empty_space height=\u00a0\u00bb50px\u00a0\u00bb]<div class=\"mgt-header-block clearfix text-left text-black wpb_animate_when_almost_visible wpb_top-to-bottom wpb_content_element  mgt-header-block-style-2 mgt-header-texttransform-none  vc_custom_1528804039462\"><h2 class=\"mgt-header-block-title\">Documentation<\/h2><div class=\"mgt-header-line\"><\/div><\/div>[vc_row_inner][vc_column_inner width=\u00a0\u00bb1\/3&Prime;][vc_raw_html]JTNDZGl2JTIwY2xhc3MlM0QlMjJ3aWRnZXQtZG93bmxvYWQtbGluay13cmFwcGVyJTIyJTNFJTBBJTNDZGl2JTIwY2xhc3MlM0QlMjJ3aWRnZXQtZG93bmxvYWQtaWNvbiUyMiUzRSUzQ2klMjBjbGFzcyUzRCUyMmZhJTIwZmEtZmlsZS1wZGYtbyUyMiUzRSUzQyUyRmklM0UlMEElM0MlMkZkaXYlM0UlMEElM0NkaXYlMjBjbGFzcyUzRCUyMndpZGdldC1kb3dubG9hZC1kZXRhaWxzJTIyJTNFJTBBJTNDZGl2JTIwY2xhc3MlM0QlMjJ3aWRnZXQtZG93bmxvYWQtdGl0bGUlMjIlM0UlM0NzcGFuJTIwY2xhc3MlM0QlMjJkb2N1bWVudG8tcGRmJTIyJTIwb25jbGljayUzRCUyMnNldExvY2F0aW9uJTI4JTI3RlQtZGFsbGVycy1ldC1tdXJlcy1kZXMtZ2FyYWdlcy1GUiUyNyUyOSUyMiUzRUZpY2hlJTIwdCVDMyVBOWwlQzMlQTljaGFyZ2VhYmxlJTIwZGUlMjBsYSUyMHNvbHV0aW9uJTNDJTJGYSUzRSUzQyUyRmRpdiUzRSUwQSUzQ2RpdiUyMGNsYXNzJTNEJTIyd2lkZ2V0LWRvd25sb2FkLXN1YnRpdGxlJTIyJTNFNTE4JTIwS2IlMkMlMjBQREYlM0MlMkZkaXYlM0UlMEElM0MlMkZkaXYlM0UlMEElM0MlMkZkaXYlM0UlMEE=[\/vc_raw_html][\/vc_column_inner][vc_column_inner width=\u00a0\u00bb1\/3&Prime;][\/vc_column_inner][vc_column_inner width=\u00a0\u00bb1\/3&Prime;][\/vc_column_inner][\/vc_row_inner][vc_empty_space height=\u00a0\u00bb20px\u00a0\u00bb el_class=\u00a0\u00bbvc_hidden-sm vc_hidden-xs\u00a0\u00bb]<style scoped='scoped'>.mgt-promo-block-79292048663.mgt-promo-block.darken .mgt-promo-block-content {background-color: rgba(10,10,10,0.63)!important;}.mgt-promo-block-79292048663.mgt-promo-block.animated:hover .mgt-promo-block-content {background-color: rgba(68,0,0,0.61)!important;}<\/style><div class=\"mgt-promo-block animated white-text cover-image text-size-normal darken mgt-promo-block-79292048663 wpb_content_element wpb_animate_when_almost_visible wpb_left-to-right\" data-style=\"background-color: #bababa;width: 100%; height: 200px;\"><div class=\"mgt-promo-block-content\"><div class=\"mgt-promo-block-content-inside vc_custom_1528804062276\">\n<h2>Avec-vous des questions?<\/h2>\n<div class=\"mgt-button-wrapper mgt-button-wrapper-align-left mgt-button-wrapper-display-newline mgt-button-top-margin-enable\"><a class=\"btn hvr-icon-wobble-horizontal mgt-button mgt-style-solid-invert mgt-size-normal mgt-align-left mgt-display-newline mgt-text-size-small mgt-button-icon-position-right mgt-text-transform-uppercase \" href=\"https:\/\/mcrtecresa.com\/fr\/contact\">Contactez-nous<i class=\"fa fa-arrow-right\"><\/i><\/a><\/div><\/div><\/div><\/div>[\/vc_column][\/vc_row]<\/p>\n<\/div>","protected":false},"excerpt":{"rendered":"<p>[vc_row][vc_column][vc_column_text] [\/vc_column_text][\/vc_column][\/vc_row][vc_row full_width=\u00a0\u00bbstretch_row\u00a0\u00bb][vc_column][vc_row_inner][vc_column_inner width=\u00a0\u00bb1\/4&Prime;][vc_btn title=\u00a0\u00bbFa\u00e7ade ventil\u00e9e\u00a0\u00bb style=\u00a0\u00bboutline-custom\u00a0\u00bb outline_custom_color=\u00a0\u00bb#000000&Prime; outline_custom_hover_background=\u00a0\u00bb#666666&Prime; outline_custom_hover_text=\u00a0\u00bb#ffffff\u00a0\u00bb shape=\u00a0\u00bbround\u00a0\u00bb size=\u00a0\u00bbsm\u00a0\u00bb align=\u00a0\u00bbcenter\u00a0\u00bb button_block=\u00a0\u00bbtrue\u00a0\u00bb link=\u00a0\u00bburl:https%3A%2F%2Fmcrtecresa.com%2Ffr%2Fmortiers-tecwool%2Ftecwool-t%2Ffasade-ventilee|||\u00a0\u00bb][\/vc_column_inner][vc_column_inner width=\u00a0\u00bb1\/4&Prime;][vc_btn title=\u00a0\u00bbDalles et murs des garages et locaux\u00a0\u00bb style=\u00a0\u00bbcustom\u00a0\u00bb custom_background=\u00a0\u00bb#dd3333&Prime; custom_text=\u00a0\u00bb#ffffff\u00a0\u00bb shape=\u00a0\u00bbround\u00a0\u00bb size=\u00a0\u00bbsm\u00a0\u00bb align=\u00a0\u00bbcenter\u00a0\u00bb button_block=\u00a0\u00bbtrue\u00a0\u00bb&#8230;<\/p>\n","protected":false},"author":2,"featured_media":0,"parent":18765,"menu_order":0,"comment_status":"closed","ping_status":"closed","template":"","meta":{"footnotes":""},"class_list":["post-19036","page","type-page","status-publish","hentry"],"yoast_head":"<!-- This site is optimized with the Yoast SEO plugin v27.4 - https:\/\/yoast.com\/product\/yoast-seo-wordpress\/ -->\n<title>Protection des dalles et murs des garages et locaux \u2013 Tecwool\u00ae T<\/title>\n<meta name=\"description\" content=\"Tecwool\u00ae T est la solution la plus appropri\u00e9e pour fournir un parfait isolement thermique et acoustique entre logements et locaux non chauff\u00e9s.\" \/>\n<meta name=\"robots\" content=\"index, follow, max-snippet:-1, max-image-preview:large, max-video-preview:-1\" \/>\n<link rel=\"canonical\" href=\"https:\/\/mcrtecresa.com\/fr\/mortiers-tecwool\/tecwool-t\/dalles-et-murs-des-garages-et-locaux\" \/>\n<meta property=\"og:locale\" content=\"fr_FR\" \/>\n<meta property=\"og:type\" content=\"article\" \/>\n<meta property=\"og:title\" content=\"Protection des dalles et murs des garages et locaux \u2013 Tecwool\u00ae T\" \/>\n<meta property=\"og:description\" content=\"Tecwool\u00ae T est la solution la plus appropri\u00e9e pour fournir un parfait isolement thermique et acoustique entre logements et locaux non chauff\u00e9s.\" \/>\n<meta property=\"og:url\" content=\"https:\/\/mcrtecresa.com\/fr\/mortiers-tecwool\/tecwool-t\/dalles-et-murs-des-garages-et-locaux\" \/>\n<meta property=\"og:site_name\" content=\"Mcr Tecresa\" \/>\n<meta property=\"article:modified_time\" content=\"2025-09-24T10:23:32+00:00\" \/>\n<meta property=\"og:image\" content=\"https:\/\/mcrtecresa.com\/wp-content\/uploads\/2025\/07\/Logo-Original-1.png\" \/>\n\t<meta property=\"og:image:width\" content=\"195\" \/>\n\t<meta property=\"og:image:height\" content=\"46\" \/>\n\t<meta property=\"og:image:type\" content=\"image\/png\" \/>\n<meta name=\"twitter:card\" content=\"summary_large_image\" \/>\n<meta name=\"twitter:label1\" content=\"Dur\u00e9e de lecture estim\u00e9e\" \/>\n\t<meta name=\"twitter:data1\" content=\"5 minutes\" \/>\n<script type=\"application\/ld+json\" class=\"yoast-schema-graph\">{\"@context\":\"https:\\\/\\\/schema.org\",\"@graph\":[{\"@type\":\"WebPage\",\"@id\":\"https:\\\/\\\/mcrtecresa.com\\\/fr\\\/mortiers-tecwool\\\/tecwool-t\\\/dalles-et-murs-des-garages-et-locaux\",\"url\":\"https:\\\/\\\/mcrtecresa.com\\\/fr\\\/mortiers-tecwool\\\/tecwool-t\\\/dalles-et-murs-des-garages-et-locaux\",\"name\":\"Protection des dalles et murs des garages et locaux \u2013 Tecwool\u00ae T\",\"isPartOf\":{\"@id\":\"https:\\\/\\\/mcrtecresa.com\\\/#website\"},\"datePublished\":\"2018-02-26T23:56:05+00:00\",\"dateModified\":\"2025-09-24T10:23:32+00:00\",\"description\":\"Tecwool\u00ae T est la solution la plus appropri\u00e9e pour fournir un parfait isolement thermique et acoustique entre logements et locaux non chauff\u00e9s.\",\"breadcrumb\":{\"@id\":\"https:\\\/\\\/mcrtecresa.com\\\/fr\\\/mortiers-tecwool\\\/tecwool-t\\\/dalles-et-murs-des-garages-et-locaux#breadcrumb\"},\"inLanguage\":\"fr-FR\",\"potentialAction\":[{\"@type\":\"ReadAction\",\"target\":[\"https:\\\/\\\/mcrtecresa.com\\\/fr\\\/mortiers-tecwool\\\/tecwool-t\\\/dalles-et-murs-des-garages-et-locaux\"]}]},{\"@type\":\"BreadcrumbList\",\"@id\":\"https:\\\/\\\/mcrtecresa.com\\\/fr\\\/mortiers-tecwool\\\/tecwool-t\\\/dalles-et-murs-des-garages-et-locaux#breadcrumb\",\"itemListElement\":[{\"@type\":\"ListItem\",\"position\":1,\"name\":\"mcr tecresa\u00ae\",\"item\":\"https:\\\/\\\/mcrtecresa.com\\\/fr\"},{\"@type\":\"ListItem\",\"position\":2,\"name\":\"Mortiers Tecwool\u00ae\",\"item\":\"https:\\\/\\\/mcrtecresa.com\\\/fr\\\/mortiers-tecwool\"},{\"@type\":\"ListItem\",\"position\":3,\"name\":\"Mortier Tecwool\u00aeT\",\"item\":\"https:\\\/\\\/mcrtecresa.com\\\/fr\\\/mortiers-tecwool\\\/tecwool-t\"},{\"@type\":\"ListItem\",\"position\":4,\"name\":\"Tecwool T \u2013 Dalles et murs des garages et locaux\"}]},{\"@type\":\"WebSite\",\"@id\":\"https:\\\/\\\/mcrtecresa.com\\\/#website\",\"url\":\"https:\\\/\\\/mcrtecresa.com\\\/\",\"name\":\"Mcr Tecresa\",\"description\":\"Empresa l\u00edder en protecci\u00f3n pasiva contra incendios\",\"publisher\":{\"@id\":\"https:\\\/\\\/mcrtecresa.com\\\/#organization\"},\"alternateName\":\"Protecci\u00f3n Pasiva Contra Incendios\",\"potentialAction\":[{\"@type\":\"SearchAction\",\"target\":{\"@type\":\"EntryPoint\",\"urlTemplate\":\"https:\\\/\\\/mcrtecresa.com\\\/?s={search_term_string}\"},\"query-input\":{\"@type\":\"PropertyValueSpecification\",\"valueRequired\":true,\"valueName\":\"search_term_string\"}}],\"inLanguage\":\"fr-FR\"},{\"@type\":\"Organization\",\"@id\":\"https:\\\/\\\/mcrtecresa.com\\\/#organization\",\"name\":\"Mcr Tecresa\",\"url\":\"https:\\\/\\\/mcrtecresa.com\\\/\",\"logo\":{\"@type\":\"ImageObject\",\"inLanguage\":\"fr-FR\",\"@id\":\"https:\\\/\\\/mcrtecresa.com\\\/#\\\/schema\\\/logo\\\/image\\\/\",\"url\":\"https:\\\/\\\/mcrtecresa.com\\\/wp-content\\\/uploads\\\/2025\\\/07\\\/Logo-Original-1.png\",\"contentUrl\":\"https:\\\/\\\/mcrtecresa.com\\\/wp-content\\\/uploads\\\/2025\\\/07\\\/Logo-Original-1.png\",\"width\":195,\"height\":46,\"caption\":\"Mcr Tecresa\"},\"image\":{\"@id\":\"https:\\\/\\\/mcrtecresa.com\\\/#\\\/schema\\\/logo\\\/image\\\/\"},\"sameAs\":[\"https:\\\/\\\/www.linkedin.com\\\/company\\\/mcrtecresa\",\"https:\\\/\\\/www.youtube.com\\\/@Mcrtecresa\"]}]}<\/script>\n<!-- \/ Yoast SEO plugin. -->","yoast_head_json":{"title":"Protection des dalles et murs des garages et locaux \u2013 Tecwool\u00ae T","description":"Tecwool\u00ae T est la solution la plus appropri\u00e9e pour fournir un parfait isolement thermique et acoustique entre logements et locaux non chauff\u00e9s.","robots":{"index":"index","follow":"follow","max-snippet":"max-snippet:-1","max-image-preview":"max-image-preview:large","max-video-preview":"max-video-preview:-1"},"canonical":"https:\/\/mcrtecresa.com\/fr\/mortiers-tecwool\/tecwool-t\/dalles-et-murs-des-garages-et-locaux","og_locale":"fr_FR","og_type":"article","og_title":"Protection des dalles et murs des garages et locaux \u2013 Tecwool\u00ae T","og_description":"Tecwool\u00ae T est la solution la plus appropri\u00e9e pour fournir un parfait isolement thermique et acoustique entre logements et locaux non chauff\u00e9s.","og_url":"https:\/\/mcrtecresa.com\/fr\/mortiers-tecwool\/tecwool-t\/dalles-et-murs-des-garages-et-locaux","og_site_name":"Mcr Tecresa","article_modified_time":"2025-09-24T10:23:32+00:00","og_image":[{"width":195,"height":46,"url":"https:\/\/mcrtecresa.com\/wp-content\/uploads\/2025\/07\/Logo-Original-1.png","type":"image\/png"}],"twitter_card":"summary_large_image","twitter_misc":{"Dur\u00e9e de lecture estim\u00e9e":"5 minutes"},"schema":{"@context":"https:\/\/schema.org","@graph":[{"@type":"WebPage","@id":"https:\/\/mcrtecresa.com\/fr\/mortiers-tecwool\/tecwool-t\/dalles-et-murs-des-garages-et-locaux","url":"https:\/\/mcrtecresa.com\/fr\/mortiers-tecwool\/tecwool-t\/dalles-et-murs-des-garages-et-locaux","name":"Protection des dalles et murs des garages et locaux \u2013 Tecwool\u00ae T","isPartOf":{"@id":"https:\/\/mcrtecresa.com\/#website"},"datePublished":"2018-02-26T23:56:05+00:00","dateModified":"2025-09-24T10:23:32+00:00","description":"Tecwool\u00ae T est la solution la plus appropri\u00e9e pour fournir un parfait isolement thermique et acoustique entre logements et locaux non chauff\u00e9s.","breadcrumb":{"@id":"https:\/\/mcrtecresa.com\/fr\/mortiers-tecwool\/tecwool-t\/dalles-et-murs-des-garages-et-locaux#breadcrumb"},"inLanguage":"fr-FR","potentialAction":[{"@type":"ReadAction","target":["https:\/\/mcrtecresa.com\/fr\/mortiers-tecwool\/tecwool-t\/dalles-et-murs-des-garages-et-locaux"]}]},{"@type":"BreadcrumbList","@id":"https:\/\/mcrtecresa.com\/fr\/mortiers-tecwool\/tecwool-t\/dalles-et-murs-des-garages-et-locaux#breadcrumb","itemListElement":[{"@type":"ListItem","position":1,"name":"mcr tecresa\u00ae","item":"https:\/\/mcrtecresa.com\/fr"},{"@type":"ListItem","position":2,"name":"Mortiers Tecwool\u00ae","item":"https:\/\/mcrtecresa.com\/fr\/mortiers-tecwool"},{"@type":"ListItem","position":3,"name":"Mortier Tecwool\u00aeT","item":"https:\/\/mcrtecresa.com\/fr\/mortiers-tecwool\/tecwool-t"},{"@type":"ListItem","position":4,"name":"Tecwool T \u2013 Dalles et murs des garages et locaux"}]},{"@type":"WebSite","@id":"https:\/\/mcrtecresa.com\/#website","url":"https:\/\/mcrtecresa.com\/","name":"Mcr Tecresa","description":"Empresa l\u00edder en protecci\u00f3n pasiva contra incendios","publisher":{"@id":"https:\/\/mcrtecresa.com\/#organization"},"alternateName":"Protecci\u00f3n Pasiva Contra Incendios","potentialAction":[{"@type":"SearchAction","target":{"@type":"EntryPoint","urlTemplate":"https:\/\/mcrtecresa.com\/?s={search_term_string}"},"query-input":{"@type":"PropertyValueSpecification","valueRequired":true,"valueName":"search_term_string"}}],"inLanguage":"fr-FR"},{"@type":"Organization","@id":"https:\/\/mcrtecresa.com\/#organization","name":"Mcr Tecresa","url":"https:\/\/mcrtecresa.com\/","logo":{"@type":"ImageObject","inLanguage":"fr-FR","@id":"https:\/\/mcrtecresa.com\/#\/schema\/logo\/image\/","url":"https:\/\/mcrtecresa.com\/wp-content\/uploads\/2025\/07\/Logo-Original-1.png","contentUrl":"https:\/\/mcrtecresa.com\/wp-content\/uploads\/2025\/07\/Logo-Original-1.png","width":195,"height":46,"caption":"Mcr Tecresa"},"image":{"@id":"https:\/\/mcrtecresa.com\/#\/schema\/logo\/image\/"},"sameAs":["https:\/\/www.linkedin.com\/company\/mcrtecresa","https:\/\/www.youtube.com\/@Mcrtecresa"]}]}},"_links":{"self":[{"href":"https:\/\/mcrtecresa.com\/fr\/wp-json\/wp\/v2\/pages\/19036","targetHints":{"allow":["GET"]}}],"collection":[{"href":"https:\/\/mcrtecresa.com\/fr\/wp-json\/wp\/v2\/pages"}],"about":[{"href":"https:\/\/mcrtecresa.com\/fr\/wp-json\/wp\/v2\/types\/page"}],"author":[{"embeddable":true,"href":"https:\/\/mcrtecresa.com\/fr\/wp-json\/wp\/v2\/users\/2"}],"replies":[{"embeddable":true,"href":"https:\/\/mcrtecresa.com\/fr\/wp-json\/wp\/v2\/comments?post=19036"}],"version-history":[{"count":0,"href":"https:\/\/mcrtecresa.com\/fr\/wp-json\/wp\/v2\/pages\/19036\/revisions"}],"up":[{"embeddable":true,"href":"https:\/\/mcrtecresa.com\/fr\/wp-json\/wp\/v2\/pages\/18765"}],"wp:attachment":[{"href":"https:\/\/mcrtecresa.com\/fr\/wp-json\/wp\/v2\/media?parent=19036"}],"curies":[{"name":"wp","href":"https:\/\/api.w.org\/{rel}","templated":true}]}}