{"id":19022,"date":"2018-02-27T01:49:50","date_gmt":"2018-02-26T23:49:50","guid":{"rendered":"https:\/\/mcrtecresa.com\/mortiers-tecwool\/mortier-tecwool-t\/fachada-ventilada"},"modified":"2026-03-17T15:07:40","modified_gmt":"2026-03-17T13:07:40","slug":"fasade-ventilee","status":"publish","type":"page","link":"https:\/\/mcrtecresa.com\/fr\/mortiers-tecwool\/tecwool-t\/fasade-ventilee","title":{"rendered":"Tecwool T \u2013 Fa\u00e7ade ventil\u00e9e"},"content":{"rendered":"<div class=\"wpb-content-wrapper\"><p>[vc_row][vc_column][vc_column_text]<\/p>\n<pre><code class=\"html hljs xml\"><span><span><a href=\"https:\/\/mcrtecresa.com\/fr\">mcr tecresa\u00ae<\/a><\/span><\/span><\/code><\/pre>\n<p>[\/vc_column_text][\/vc_column][\/vc_row][vc_row full_width=\u00a0\u00bbstretch_row\u00a0\u00bb][vc_column]<div class=\"mgt-header-block clearfix text-left text-black wpb_animate_when_almost_visible wpb_top-to-bottom wpb_content_element  mgt-header-block-style-2 mgt-header-texttransform-none  vc_custom_1528802146704\"><h2 class=\"mgt-header-block-title\">Solutions Constructives Tecwool T<\/h2><div class=\"mgt-header-line\"><\/div><\/div>[vc_empty_space][vc_row_inner][vc_column_inner width=\u00a0\u00bb1\/4&Prime;][vc_btn title=\u00a0\u00bbFa\u00e7ade ventil\u00e9e\u00a0\u00bb style=\u00a0\u00bbcustom\u00a0\u00bb custom_background=\u00a0\u00bb#dd3333&Prime; custom_text=\u00a0\u00bb#ffffff\u00a0\u00bb shape=\u00a0\u00bbround\u00a0\u00bb size=\u00a0\u00bbsm\u00a0\u00bb align=\u00a0\u00bbcenter\u00a0\u00bb button_block=\u00a0\u00bbtrue\u00a0\u00bb link=\u00a0\u00bburl:%23|||\u00a0\u00bb][\/vc_column_inner][vc_column_inner width=\u00a0\u00bb1\/4&Prime;][vc_btn title=\u00a0\u00bbDalles et murs des garages et locaux\u00a0\u00bb style=\u00a0\u00bboutline-custom\u00a0\u00bb outline_custom_color=\u00a0\u00bb#000000&Prime; outline_custom_hover_background=\u00a0\u00bb#666666&Prime; outline_custom_hover_text=\u00a0\u00bb#ffffff\u00a0\u00bb shape=\u00a0\u00bbround\u00a0\u00bb size=\u00a0\u00bbsm\u00a0\u00bb align=\u00a0\u00bbcenter\u00a0\u00bb button_block=\u00a0\u00bbtrue\u00a0\u00bb link=\u00a0\u00bburl:https%3A%2F%2Fmcrtecresa.com%2Ffr%2Fmortiers-tecwool%2Ftecwool-t%2Fdalles-et-murs-des-garages-et-locaux|||\u00a0\u00bb][\/vc_column_inner][vc_column_inner width=\u00a0\u00bb1\/4&Prime;][\/vc_column_inner][vc_column_inner width=\u00a0\u00bb1\/4&Prime;][\/vc_column_inner][\/vc_row_inner][\/vc_column][\/vc_row][vc_row full_width=\u00a0\u00bbstretch_row\u00a0\u00bb][vc_column][vc_empty_space height=\u00a0\u00bb60px\u00a0\u00bb]<div class=\"mgt-header-block clearfix text-left text-black wpb_animate_when_almost_visible wpb_top-to-bottom wpb_content_element  mgt-header-block-style-2 mgt-header-texttransform-none  vc_custom_1554909651305\"><h1 class=\"mgt-header-block-title\">Fa\u00e7ade ventil\u00e9e<\/h1><div class=\"mgt-header-line\"><\/div><\/div>[vc_row_inner][vc_column_inner width=\u00a0\u00bb2\/3&Prime;][vc_column_text]<\/p>\n<p style=\"text-align: justify;\">Ce type de solution constructive se caract\u00e9rise par avoir une chambre ventil\u00e9e entre l\u2019isolement et le rev\u00eastement ext\u00e9rieur de l\u2019\u00e9dification.<\/p>\n<p style=\"text-align: justify;\">Le ph\u00e9nom\u00e8ne principal qui se passe dans ce type de fa\u00e7ades, c\u2019est le d\u00e9nomm\u00e9 \u201ceffet chemin\u00e9e\u201d. Celui produit que, pendant l\u2019\u00e9t\u00e9, l\u2019air de l\u2019int\u00e9rieur de la chambre se chauffe et qu\u2019il monte par convection. Son espace est ocup\u00e9e par d\u2019air frais en \u00e9vitant ainsi l\u2019accumulation de la chaleur dans la fa\u00e7ade.<\/p>\n<p style=\"text-align: justify;\">Au contraire, en hiver cet effet ne se produise pas, puisque il n\u2019y a pas de chauffage suffisant de l\u2019air pr\u00e9sent dans la chambre, m\u00eame que dans ce cas-ci, la fa\u00e7ade ventil\u00e9e agit comme un accumulateur de chaleur.<\/p>\n<p style=\"text-align: justify;\"><strong>Tecwool<sup>\u00ae\u00a0<\/sup>T<\/strong> est la solution parfaite pour fournir un rev\u00eatement continue et homog\u00e8ne \u00e0 la totalit\u00e9 de la fa\u00e7ade, en \u00e9vitant la diminution de la r\u00e9sistance thermique du cloison. <strong>Tecwool<sup>\u00ae\u00a0<\/sup>T<\/strong> offre un scell\u00e9 efficient, puisque il ne g\u00e9n\u00e8re pas de joints pendant son application. Il ne favorise non plus la condensation de la vapeur de l\u2019eau pr\u00e9sente dans l\u2019air de la chambre.<\/p>\n<p style=\"text-align: justify;\"><strong>Tecwool<sup>\u00ae\u00a0<\/sup>T<\/strong> poss\u00e8de une <strong>classement de reaction au feu A1<\/strong>, en r\u00e9pondant de trop aux exigences impos\u00e9es par <strong>DB SI (B-s3d2)<\/strong> pour des mat\u00e9riaux qui recouvrent les surfaces int\u00e9rieures des chambres ventil\u00e9es.<\/p>\n<p>[\/vc_column_text][\/vc_column_inner][vc_column_inner width=\u00a0\u00bb1\/3&Prime;][vc_single_image image=\u00a0\u00bb6808&Prime; img_size=\u00a0\u00bbfull\u00a0\u00bb alignment=\u00a0\u00bbcenter\u00a0\u00bb style=\u00a0\u00bbvc_box_rounded\u00a0\u00bb onclick=\u00a0\u00bblink_image\u00a0\u00bb css=\u00a0\u00bb.vc_custom_1520858700519{margin-top: 3rem !important;}\u00a0\u00bb][\/vc_column_inner][\/vc_row_inner][vc_empty_space height=\u00a0\u00bb40px\u00a0\u00bb][vc_row_inner][vc_column_inner width=\u00a0\u00bb1\/6&Prime;][\/vc_column_inner][vc_column_inner width=\u00a0\u00bb2\/3&Prime;][vc_raw_html css=\u00a0\u00bb\u00a0\u00bb]JTNDY2VudGVyJTNFJTNDaWZyYW1lJTIwd2lkdGglM0QlMjI4MTAlMjIlMjBoZWlnaHQlM0QlMjI0NTYlMjIlMjBzcmMlM0QlMjJodHRwcyUzQSUyRiUyRnd3dy55b3V0dWJlLmNvbSUyRmVtYmVkJTJGVVJkd3cxOUJScFUlM0ZyZWwlM0QwJTI2bXV0ZSUzRDElMjIlMjBmcmFtZWJvcmRlciUzRCUyMjAlMjIlMjBlbmNyeXB0ZWQtbWVkaWElMjIlMjBhbGxvd2Z1bGxzY3JlZW4lM0UlM0MlMkZpZnJhbWUlM0UlM0MlMkZjZW50ZXIlM0U=[\/vc_raw_html][\/vc_column_inner][vc_column_inner width=\u00a0\u00bb1\/6&Prime;][\/vc_column_inner][\/vc_row_inner][vc_empty_space height=\u00a0\u00bb40px\u00a0\u00bb][\/vc_column][\/vc_row][vc_row][vc_column width=\u00a0\u00bb1\/2&Prime; el_class=\u00a0\u00bbbordersolution\u00a0\u00bb][vc_single_image image=\u00a0\u00bb6810&Prime; img_size=\u00a0\u00bbmedium\u00a0\u00bb alignment=\u00a0\u00bbcenter\u00a0\u00bb onclick=\u00a0\u00bblink_image\u00a0\u00bb][vc_row_inner css=\u00a0\u00bb.vc_custom_1520117353940{margin-top: -6% !important;padding-right: 3rem !important;padding-left: 3rem !important;}\u00a0\u00bb][vc_column_inner width=\u00a0\u00bb1\/2&Prime;]<div class=\"mgt-header-block clearfix text-left text-black wpb_content_element  mgt-header-block-style-2 mgt-header-texttransform-none \"><p class=\"mgt-header-block-subtitle\">Test<\/p><h2 class=\"mgt-header-block-title\"><\/h2><div class=\"mgt-header-line\"><\/div><\/div>[vc_column_text]<b>R\u00e8gle<\/b>:PN-ENV 13361-4<br \/>\n<b>Laboratoire<\/b>\u00a0:FIRES<br \/>\n<b>N\u00ba Test<\/b>:FR-057-09<br \/>\n<b>R\u00e8gle<\/b>:PN-ENV 13391-4<br \/>\n<b>Laboratoire<\/b>\u00a0:ITB<br \/>\n<b>N\u00ba Test<\/b>:AT 15-8196\/2009[\/vc_column_text][\/vc_column_inner][vc_column_inner width=\u00a0\u00bb1\/2&Prime;]<div class=\"mgt-header-block clearfix text-left text-black wpb_content_element  mgt-header-block-style-2 mgt-header-texttransform-none \"><p class=\"mgt-header-block-subtitle\">Solution<\/p><h2 class=\"mgt-header-block-title\"><\/h2><div class=\"mgt-header-line\"><\/div><\/div>[vc_column_text]<span style=\"color: #ff0000;\"><strong>1.<\/strong><\/span> Profiles guidage.<br \/>\n<span style=\"color: #ff0000;\"><strong>2.<\/strong><\/span> Cloison du b\u00e2timent..<br \/>\n<span style=\"color: #ff0000;\"><strong>3.<\/strong><\/span> <strong>Tecwool<sup>\u00ae<\/sup> T<\/strong> (\u00e9paisseur en fonction de l\u2019isolement n\u00e9cessaire).<br \/>\n<span style=\"color: #ff0000;\"><strong>4.<\/strong><\/span> Recouvrement ext\u00e9rieur.[\/vc_column_text][\/vc_column_inner][\/vc_row_inner][\/vc_column][vc_column width=\u00a0\u00bb1\/2&Prime; css=\u00a0\u00bb.vc_custom_1519682712284{padding-left: 2rem !important;}\u00a0\u00bb]<div class=\"mgt-header-block clearfix text-left text-black wpb_content_element  mgt-header-block-style-1 mgt-header-texttransform-none \"><h2 class=\"mgt-header-block-title\">Application<\/h2><div class=\"mgt-header-line\"><\/div><\/div>[vc_column_text]<\/p>\n<p style=\"text-align: justify;\"><strong>Tecwool\u00ae T <\/strong>s\u2019applique par machine pneumatique conform\u00e9ment aux sp\u00e9cifications techniques suivantes:<\/p>\n<p style=\"text-align: justify;\">La surface \u00e0 prot\u00e9ger n\u2019a pas besoin d\u2019aucun type d\u2019appr\u00eat pr\u00e9alable, filet ou tout type de support d\u2019adh\u00e9rence au mortier.<\/p>\n<p style=\"text-align: justify;\">La surface \u00e0 prot\u00e9ger doit \u00eatre exempt de poussi\u00e8re, huiles, r\u00e9sidus, particules mal adh\u00e9r\u00e9es, restes de peinture, etc.<\/p>\n<p style=\"text-align: justify;\">Il est souhaitable d\u2019arroser l\u00e9g\u00e8rement avec de l\u2019eau de le propre tuyau d\u2019application afin d\u2019\u00e9liminer tout salet\u00e9 dans le parement. Cela permettra d\u2019obtenir un \u00e9quilibre thermique entre le mortier et la surface appliqu\u00e9e.<\/p>\n<p style=\"text-align: justify;\">Il faut pulv\u00e9riser sommairement le mortier avec de l\u2019eau apr\u00e8s \u00eatre appliqu\u00e9 pour que le pris du ciment soit r\u00e9alis\u00e9 dans des conditions optimales.<\/p>\n<p style=\"text-align: justify;\">Pour de plus amples informations, consultez application et usages g\u00e9n\u00e9raux (pg. 56).<\/p>\n<p>[\/vc_column_text][\/vc_column][\/vc_row][vc_row][vc_column][vc_empty_space height=\u00a0\u00bb50px\u00a0\u00bb]<div class=\"mgt-header-block clearfix text-left text-black wpb_animate_when_almost_visible wpb_top-to-bottom wpb_content_element  mgt-header-block-style-2 mgt-header-texttransform-none  vc_custom_1528802336796\"><h2 class=\"mgt-header-block-title\">Documentation<\/h2><div class=\"mgt-header-line\"><\/div><\/div>[vc_row_inner][vc_column_inner width=\u00a0\u00bb1\/3&Prime;][vc_raw_html]JTNDZGl2JTIwY2xhc3MlM0QlMjJ3aWRnZXQtZG93bmxvYWQtbGluay13cmFwcGVyJTIyJTNFJTBBJTNDZGl2JTIwY2xhc3MlM0QlMjJ3aWRnZXQtZG93bmxvYWQtaWNvbiUyMiUzRSUzQ2klMjBjbGFzcyUzRCUyMmZhJTIwZmEtZmlsZS1wZGYtbyUyMiUzRSUzQyUyRmklM0UlMEElM0MlMkZkaXYlM0UlMEElM0NkaXYlMjBjbGFzcyUzRCUyMndpZGdldC1kb3dubG9hZC1kZXRhaWxzJTIyJTNFJTBBJTNDZGl2JTIwY2xhc3MlM0QlMjJ3aWRnZXQtZG93bmxvYWQtdGl0bGUlMjIlM0UlM0NzcGFuJTIwY2xhc3MlM0QlMjJkb2N1bWVudG8tcGRmJTIyJTIwb25jbGljayUzRCUyMnNldExvY2F0aW9uJTI4JTI3RlQtZmFjYWRlLXZlbnRpbGVlLUZSJTI3JTI5JTIyJTNFRmljaGUlMjB0JUMzJUE5bCVDMyVBOWNoYXJnZWFibGUlMjBkZSUyMGxhJTIwc29sdXRpb24lM0MlMkZhJTNFJTNDJTJGZGl2JTNFJTBBJTNDZGl2JTIwY2xhc3MlM0QlMjJ3aWRnZXQtZG93bmxvYWQtc3VidGl0bGUlMjIlM0UzMjElMjBLYiUyQyUyMFBERiUzQyUyRmRpdiUzRSUwQSUzQyUyRmRpdiUzRSUwQSUzQyUyRmRpdiUzRSUwQQ==[\/vc_raw_html][\/vc_column_inner][vc_column_inner width=\u00a0\u00bb1\/3&Prime;][\/vc_column_inner][vc_column_inner width=\u00a0\u00bb1\/3&Prime;][\/vc_column_inner][\/vc_row_inner][vc_empty_space height=\u00a0\u00bb20px\u00a0\u00bb el_class=\u00a0\u00bbvc_hidden-sm vc_hidden-xs\u00a0\u00bb]<style scoped='scoped'>.mgt-promo-block-79292048663.mgt-promo-block.darken .mgt-promo-block-content {background-color: rgba(10,10,10,0.63)!important;}.mgt-promo-block-79292048663.mgt-promo-block.animated:hover .mgt-promo-block-content {background-color: rgba(68,0,0,0.61)!important;}<\/style><div class=\"mgt-promo-block animated white-text cover-image text-size-normal darken mgt-promo-block-79292048663 wpb_content_element wpb_animate_when_almost_visible wpb_left-to-right\" data-style=\"background-color: #bababa;width: 100%; height: 200px;\"><div class=\"mgt-promo-block-content\"><div class=\"mgt-promo-block-content-inside vc_custom_1528813969224\">\n<h2>Avez-vous des questions?<\/h2>\n<div class=\"mgt-button-wrapper mgt-button-wrapper-align-left mgt-button-wrapper-display-newline mgt-button-top-margin-enable\"><a class=\"btn hvr-icon-wobble-horizontal mgt-button mgt-style-solid-invert mgt-size-normal mgt-align-left mgt-display-newline mgt-text-size-small mgt-button-icon-position-right mgt-text-transform-uppercase \" href=\"https:\/\/mcrtecresa.com\/fr\/contact\">Contactez-nous<i class=\"fa fa-arrow-right\"><\/i><\/a><\/div><\/div><\/div><\/div>[\/vc_column][\/vc_row]<\/p>\n<\/div>","protected":false},"excerpt":{"rendered":"<p>[vc_row][vc_column][vc_column_text] [\/vc_column_text][\/vc_column][\/vc_row][vc_row full_width=\u00a0\u00bbstretch_row\u00a0\u00bb][vc_column][vc_empty_space][vc_row_inner][vc_column_inner width=\u00a0\u00bb1\/4&Prime;][vc_btn title=\u00a0\u00bbFa\u00e7ade ventil\u00e9e\u00a0\u00bb style=\u00a0\u00bbcustom\u00a0\u00bb custom_background=\u00a0\u00bb#dd3333&Prime; custom_text=\u00a0\u00bb#ffffff\u00a0\u00bb shape=\u00a0\u00bbround\u00a0\u00bb size=\u00a0\u00bbsm\u00a0\u00bb align=\u00a0\u00bbcenter\u00a0\u00bb button_block=\u00a0\u00bbtrue\u00a0\u00bb link=\u00a0\u00bburl:%23|||\u00a0\u00bb][\/vc_column_inner][vc_column_inner width=\u00a0\u00bb1\/4&Prime;][vc_btn title=\u00a0\u00bbDalles et murs des garages et locaux\u00a0\u00bb style=\u00a0\u00bboutline-custom\u00a0\u00bb outline_custom_color=\u00a0\u00bb#000000&Prime; outline_custom_hover_background=\u00a0\u00bb#666666&Prime; outline_custom_hover_text=\u00a0\u00bb#ffffff\u00a0\u00bb shape=\u00a0\u00bbround\u00a0\u00bb size=\u00a0\u00bbsm\u00a0\u00bb align=\u00a0\u00bbcenter\u00a0\u00bb button_block=\u00a0\u00bbtrue\u00a0\u00bb&#8230;<\/p>\n","protected":false},"author":2,"featured_media":0,"parent":18765,"menu_order":0,"comment_status":"closed","ping_status":"closed","template":"","meta":{"footnotes":""},"class_list":["post-19022","page","type-page","status-publish","hentry"],"yoast_head":"<!-- This site is optimized with the Yoast SEO plugin v27.4 - https:\/\/yoast.com\/product\/yoast-seo-wordpress\/ -->\n<title>Protection des fa\u00e7ades ventil\u00e9es. Mortier \u00e0 laine de roche Tecwool\u00ae T<\/title>\n<meta name=\"description\" content=\"Une solution parfaite pour assurer un rev\u00eatement continu et homog\u00e8ne de toute la fa\u00e7ade en maintenant l\u2019isolation thermique est le mortier \u00e0 laine de roche.\" \/>\n<meta name=\"robots\" content=\"index, follow, max-snippet:-1, max-image-preview:large, max-video-preview:-1\" \/>\n<link rel=\"canonical\" href=\"https:\/\/mcrtecresa.com\/fr\/mortiers-tecwool\/tecwool-t\/fasade-ventilee\" \/>\n<meta property=\"og:locale\" content=\"fr_FR\" \/>\n<meta property=\"og:type\" content=\"article\" \/>\n<meta property=\"og:title\" content=\"Protection des fa\u00e7ades ventil\u00e9es. Mortier \u00e0 laine de roche Tecwool\u00ae T\" \/>\n<meta property=\"og:description\" content=\"Une solution parfaite pour assurer un rev\u00eatement continu et homog\u00e8ne de toute la fa\u00e7ade en maintenant l\u2019isolation thermique est le mortier \u00e0 laine de roche.\" \/>\n<meta property=\"og:url\" content=\"https:\/\/mcrtecresa.com\/fr\/mortiers-tecwool\/tecwool-t\/fasade-ventilee\" \/>\n<meta property=\"og:site_name\" content=\"Mcr Tecresa\" \/>\n<meta property=\"article:modified_time\" content=\"2026-03-17T13:07:40+00:00\" \/>\n<meta property=\"og:image\" content=\"https:\/\/mcrtecresa.com\/wp-content\/uploads\/2025\/07\/Logo-Original-1.png\" \/>\n\t<meta property=\"og:image:width\" content=\"195\" \/>\n\t<meta property=\"og:image:height\" content=\"46\" \/>\n\t<meta property=\"og:image:type\" content=\"image\/png\" \/>\n<meta name=\"twitter:card\" content=\"summary_large_image\" \/>\n<meta name=\"twitter:label1\" content=\"Dur\u00e9e de lecture estim\u00e9e\" \/>\n\t<meta name=\"twitter:data1\" content=\"5 minutes\" \/>\n<script type=\"application\/ld+json\" class=\"yoast-schema-graph\">{\"@context\":\"https:\\\/\\\/schema.org\",\"@graph\":[{\"@type\":\"WebPage\",\"@id\":\"https:\\\/\\\/mcrtecresa.com\\\/fr\\\/mortiers-tecwool\\\/tecwool-t\\\/fasade-ventilee\",\"url\":\"https:\\\/\\\/mcrtecresa.com\\\/fr\\\/mortiers-tecwool\\\/tecwool-t\\\/fasade-ventilee\",\"name\":\"Protection des fa\u00e7ades ventil\u00e9es. Mortier \u00e0 laine de roche Tecwool\u00ae T\",\"isPartOf\":{\"@id\":\"https:\\\/\\\/mcrtecresa.com\\\/#website\"},\"datePublished\":\"2018-02-26T23:49:50+00:00\",\"dateModified\":\"2026-03-17T13:07:40+00:00\",\"description\":\"Une solution parfaite pour assurer un rev\u00eatement continu et homog\u00e8ne de toute la fa\u00e7ade en maintenant l\u2019isolation thermique est le mortier \u00e0 laine de roche.\",\"breadcrumb\":{\"@id\":\"https:\\\/\\\/mcrtecresa.com\\\/fr\\\/mortiers-tecwool\\\/tecwool-t\\\/fasade-ventilee#breadcrumb\"},\"inLanguage\":\"fr-FR\",\"potentialAction\":[{\"@type\":\"ReadAction\",\"target\":[\"https:\\\/\\\/mcrtecresa.com\\\/fr\\\/mortiers-tecwool\\\/tecwool-t\\\/fasade-ventilee\"]}]},{\"@type\":\"BreadcrumbList\",\"@id\":\"https:\\\/\\\/mcrtecresa.com\\\/fr\\\/mortiers-tecwool\\\/tecwool-t\\\/fasade-ventilee#breadcrumb\",\"itemListElement\":[{\"@type\":\"ListItem\",\"position\":1,\"name\":\"mcr tecresa\u00ae\",\"item\":\"https:\\\/\\\/mcrtecresa.com\\\/fr\"},{\"@type\":\"ListItem\",\"position\":2,\"name\":\"Mortiers Tecwool\u00ae\",\"item\":\"https:\\\/\\\/mcrtecresa.com\\\/fr\\\/mortiers-tecwool\"},{\"@type\":\"ListItem\",\"position\":3,\"name\":\"Mortier Tecwool\u00aeT\",\"item\":\"https:\\\/\\\/mcrtecresa.com\\\/fr\\\/mortiers-tecwool\\\/tecwool-t\"},{\"@type\":\"ListItem\",\"position\":4,\"name\":\"Tecwool T \u2013 Fa\u00e7ade ventil\u00e9e\"}]},{\"@type\":\"WebSite\",\"@id\":\"https:\\\/\\\/mcrtecresa.com\\\/#website\",\"url\":\"https:\\\/\\\/mcrtecresa.com\\\/\",\"name\":\"Mcr Tecresa\",\"description\":\"Empresa l\u00edder en protecci\u00f3n pasiva contra incendios\",\"publisher\":{\"@id\":\"https:\\\/\\\/mcrtecresa.com\\\/#organization\"},\"alternateName\":\"Protecci\u00f3n Pasiva Contra Incendios\",\"potentialAction\":[{\"@type\":\"SearchAction\",\"target\":{\"@type\":\"EntryPoint\",\"urlTemplate\":\"https:\\\/\\\/mcrtecresa.com\\\/?s={search_term_string}\"},\"query-input\":{\"@type\":\"PropertyValueSpecification\",\"valueRequired\":true,\"valueName\":\"search_term_string\"}}],\"inLanguage\":\"fr-FR\"},{\"@type\":\"Organization\",\"@id\":\"https:\\\/\\\/mcrtecresa.com\\\/#organization\",\"name\":\"Mcr Tecresa\",\"url\":\"https:\\\/\\\/mcrtecresa.com\\\/\",\"logo\":{\"@type\":\"ImageObject\",\"inLanguage\":\"fr-FR\",\"@id\":\"https:\\\/\\\/mcrtecresa.com\\\/#\\\/schema\\\/logo\\\/image\\\/\",\"url\":\"https:\\\/\\\/mcrtecresa.com\\\/wp-content\\\/uploads\\\/2025\\\/07\\\/Logo-Original-1.png\",\"contentUrl\":\"https:\\\/\\\/mcrtecresa.com\\\/wp-content\\\/uploads\\\/2025\\\/07\\\/Logo-Original-1.png\",\"width\":195,\"height\":46,\"caption\":\"Mcr Tecresa\"},\"image\":{\"@id\":\"https:\\\/\\\/mcrtecresa.com\\\/#\\\/schema\\\/logo\\\/image\\\/\"},\"sameAs\":[\"https:\\\/\\\/www.linkedin.com\\\/company\\\/mcrtecresa\",\"https:\\\/\\\/www.youtube.com\\\/@Mcrtecresa\"]}]}<\/script>\n<!-- \/ Yoast SEO plugin. -->","yoast_head_json":{"title":"Protection des fa\u00e7ades ventil\u00e9es. Mortier \u00e0 laine de roche Tecwool\u00ae T","description":"Une solution parfaite pour assurer un rev\u00eatement continu et homog\u00e8ne de toute la fa\u00e7ade en maintenant l\u2019isolation thermique est le mortier \u00e0 laine de roche.","robots":{"index":"index","follow":"follow","max-snippet":"max-snippet:-1","max-image-preview":"max-image-preview:large","max-video-preview":"max-video-preview:-1"},"canonical":"https:\/\/mcrtecresa.com\/fr\/mortiers-tecwool\/tecwool-t\/fasade-ventilee","og_locale":"fr_FR","og_type":"article","og_title":"Protection des fa\u00e7ades ventil\u00e9es. Mortier \u00e0 laine de roche Tecwool\u00ae T","og_description":"Une solution parfaite pour assurer un rev\u00eatement continu et homog\u00e8ne de toute la fa\u00e7ade en maintenant l\u2019isolation thermique est le mortier \u00e0 laine de roche.","og_url":"https:\/\/mcrtecresa.com\/fr\/mortiers-tecwool\/tecwool-t\/fasade-ventilee","og_site_name":"Mcr Tecresa","article_modified_time":"2026-03-17T13:07:40+00:00","og_image":[{"width":195,"height":46,"url":"https:\/\/mcrtecresa.com\/wp-content\/uploads\/2025\/07\/Logo-Original-1.png","type":"image\/png"}],"twitter_card":"summary_large_image","twitter_misc":{"Dur\u00e9e de lecture estim\u00e9e":"5 minutes"},"schema":{"@context":"https:\/\/schema.org","@graph":[{"@type":"WebPage","@id":"https:\/\/mcrtecresa.com\/fr\/mortiers-tecwool\/tecwool-t\/fasade-ventilee","url":"https:\/\/mcrtecresa.com\/fr\/mortiers-tecwool\/tecwool-t\/fasade-ventilee","name":"Protection des fa\u00e7ades ventil\u00e9es. Mortier \u00e0 laine de roche Tecwool\u00ae T","isPartOf":{"@id":"https:\/\/mcrtecresa.com\/#website"},"datePublished":"2018-02-26T23:49:50+00:00","dateModified":"2026-03-17T13:07:40+00:00","description":"Une solution parfaite pour assurer un rev\u00eatement continu et homog\u00e8ne de toute la fa\u00e7ade en maintenant l\u2019isolation thermique est le mortier \u00e0 laine de roche.","breadcrumb":{"@id":"https:\/\/mcrtecresa.com\/fr\/mortiers-tecwool\/tecwool-t\/fasade-ventilee#breadcrumb"},"inLanguage":"fr-FR","potentialAction":[{"@type":"ReadAction","target":["https:\/\/mcrtecresa.com\/fr\/mortiers-tecwool\/tecwool-t\/fasade-ventilee"]}]},{"@type":"BreadcrumbList","@id":"https:\/\/mcrtecresa.com\/fr\/mortiers-tecwool\/tecwool-t\/fasade-ventilee#breadcrumb","itemListElement":[{"@type":"ListItem","position":1,"name":"mcr tecresa\u00ae","item":"https:\/\/mcrtecresa.com\/fr"},{"@type":"ListItem","position":2,"name":"Mortiers Tecwool\u00ae","item":"https:\/\/mcrtecresa.com\/fr\/mortiers-tecwool"},{"@type":"ListItem","position":3,"name":"Mortier Tecwool\u00aeT","item":"https:\/\/mcrtecresa.com\/fr\/mortiers-tecwool\/tecwool-t"},{"@type":"ListItem","position":4,"name":"Tecwool T \u2013 Fa\u00e7ade ventil\u00e9e"}]},{"@type":"WebSite","@id":"https:\/\/mcrtecresa.com\/#website","url":"https:\/\/mcrtecresa.com\/","name":"Mcr Tecresa","description":"Empresa l\u00edder en protecci\u00f3n pasiva contra incendios","publisher":{"@id":"https:\/\/mcrtecresa.com\/#organization"},"alternateName":"Protecci\u00f3n Pasiva Contra Incendios","potentialAction":[{"@type":"SearchAction","target":{"@type":"EntryPoint","urlTemplate":"https:\/\/mcrtecresa.com\/?s={search_term_string}"},"query-input":{"@type":"PropertyValueSpecification","valueRequired":true,"valueName":"search_term_string"}}],"inLanguage":"fr-FR"},{"@type":"Organization","@id":"https:\/\/mcrtecresa.com\/#organization","name":"Mcr Tecresa","url":"https:\/\/mcrtecresa.com\/","logo":{"@type":"ImageObject","inLanguage":"fr-FR","@id":"https:\/\/mcrtecresa.com\/#\/schema\/logo\/image\/","url":"https:\/\/mcrtecresa.com\/wp-content\/uploads\/2025\/07\/Logo-Original-1.png","contentUrl":"https:\/\/mcrtecresa.com\/wp-content\/uploads\/2025\/07\/Logo-Original-1.png","width":195,"height":46,"caption":"Mcr Tecresa"},"image":{"@id":"https:\/\/mcrtecresa.com\/#\/schema\/logo\/image\/"},"sameAs":["https:\/\/www.linkedin.com\/company\/mcrtecresa","https:\/\/www.youtube.com\/@Mcrtecresa"]}]}},"_links":{"self":[{"href":"https:\/\/mcrtecresa.com\/fr\/wp-json\/wp\/v2\/pages\/19022","targetHints":{"allow":["GET"]}}],"collection":[{"href":"https:\/\/mcrtecresa.com\/fr\/wp-json\/wp\/v2\/pages"}],"about":[{"href":"https:\/\/mcrtecresa.com\/fr\/wp-json\/wp\/v2\/types\/page"}],"author":[{"embeddable":true,"href":"https:\/\/mcrtecresa.com\/fr\/wp-json\/wp\/v2\/users\/2"}],"replies":[{"embeddable":true,"href":"https:\/\/mcrtecresa.com\/fr\/wp-json\/wp\/v2\/comments?post=19022"}],"version-history":[{"count":0,"href":"https:\/\/mcrtecresa.com\/fr\/wp-json\/wp\/v2\/pages\/19022\/revisions"}],"up":[{"embeddable":true,"href":"https:\/\/mcrtecresa.com\/fr\/wp-json\/wp\/v2\/pages\/18765"}],"wp:attachment":[{"href":"https:\/\/mcrtecresa.com\/fr\/wp-json\/wp\/v2\/media?parent=19022"}],"curies":[{"name":"wp","href":"https:\/\/api.w.org\/{rel}","templated":true}]}}