{"id":18767,"date":"2018-02-09T21:37:40","date_gmt":"2018-02-09T19:37:40","guid":{"rendered":"https:\/\/mcrtecresa.com\/morteros-tecwool\/morteros-tecwool-825"},"modified":"2025-10-13T14:57:04","modified_gmt":"2025-10-13T12:57:04","slug":"tecwool-825","status":"publish","type":"page","link":"https:\/\/mcrtecresa.com\/fr\/mortiers-tecwool\/tecwool-825","title":{"rendered":"Mortier Tecwool 825"},"content":{"rendered":"<div class=\"wpb-content-wrapper\"><p>[vc_row][vc_column][vc_column_text]<\/p>\n<pre><code class=\"html hljs xml\"><span><span><a href=\"https:\/\/mcrtecresa.com\/fr\">mcr tecresa\u00ae<\/a><\/span><\/span><\/code><\/pre>\n<p>[\/vc_column_text][\/vc_column][\/vc_row][vc_row full_width=\u00a0\u00bbstretch_row\u00a0\u00bb][vc_column]<div class=\"mgt-header-block clearfix text-left text-black wpb_animate_when_almost_visible wpb_bottom-to-top wpb_content_element  mgt-header-block-style-2 mgt-header-texttransform-none  vc_custom_1554906484489\"><h1 class=\"mgt-header-block-title\">Mortier Tecwool\u00ae 825<\/h1><div class=\"mgt-header-line\"><\/div><\/div>[vc_column_text css_animation=\u00a0\u00bbbottom-to-top\u00a0\u00bb css=\u00a0\u00bb\u00a0\u00bb]<\/p>\n<p style=\"font-size: 16px; text-align: justify;\"><img decoding=\"async\" class=\"size-medium wp-image-3088 alignright\" src=\"https:\/\/mcrtecresa.com\/wp-content\/uploads\/2018\/02\/tecwool_825.jpg\" alt=\"\" width=\"300\" height=\"200\" \/><\/p>\n<p style=\"text-align: justify;\"><strong>Tecwool<sup>\u00ae<\/sup> 825<\/strong> est un mortier en laine de roche, ciment et mat\u00e9riel r\u00e9fractaire en faible proportion, fabriqu\u00e9 par <strong>mcr tecresa<sup>\u00ae<\/sup><\/strong>\u00a0et dessin\u00e9 sp\u00e9cifiquement pour la protection contre le feu dans industries et tunnels. Sa teneur \u00e9lev\u00e9e en ciment lui conf\u00e8re une grande robustesse, par cons\u00e9quent une fois appliqu\u00e9 par projection, son aspect finale est un bloc monolithe hautement r\u00e9sistant \u00e0 l\u2019\u00e9rosion et les environnements semi-expos\u00e9s ou partiellement couverts.<\/p>\n<p style=\"text-align: justify;\">Test\u00e9 sous la courbe d\u2019hydrocarbures, RWS et UL,<strong> Tecwool<sup>\u00ae<\/sup> 825<\/strong> a \u00e9t\u00e9 soumis aux simulations dans lesquelles sont \u00e9valu\u00e9s des incendies avec des temp\u00e9ratures \u00e9lev\u00e9es pendant une p\u00e9riode de temps prolong\u00e9e.<\/p>\n<p style=\"text-align: justify;\"><strong>Tecwool<sup>\u00ae<\/sup> 825<\/strong> s\u2019adapte \u00e0 un large \u00e9ventail de supports, m\u00eame quand ceux sont expos\u00e9s aux vibrations ou mouvements d\u2019assise. Il ne se fissure pas \u00e0 cause de sa grande adh\u00e9rence et flexibilit\u00e9.<\/p>\n<p style=\"text-align: justify;\">C\u2019est un produit qui \u00e0 cause de son alcalinit\u00e9 ne s\u2019attaque pas l\u2019acier, il est r\u00e9sistante aux champignons et ne lib\u00e8re des vapeurs toxiques ou inflammables.<strong>\u00a0<\/strong><\/p>\n<p>[\/vc_column_text]<div class=\"mgt-header-block clearfix text-left text-black wpb_animate_when_almost_visible wpb_top-to-bottom wpb_content_element  mgt-header-block-style-2 mgt-header-texttransform-none  vc_custom_1528814570778\"><h2 class=\"mgt-header-block-title\">Solutions Constructives Tecwool\u00ae 825<\/h2><div class=\"mgt-header-line\"><\/div><\/div>[vc_row_inner][vc_column_inner width=\u00a0\u00bb1\/4&Prime;][vc_btn title=\u00a0\u00bbProtection des \u00e9l\u00e9ments en acier\u00a0\u00bb style=\u00a0\u00bboutline-custom\u00a0\u00bb outline_custom_color=\u00a0\u00bb#e42413&Prime; outline_custom_hover_background=\u00a0\u00bb#e42413&Prime; outline_custom_hover_text=\u00a0\u00bb#ffffff\u00a0\u00bb shape=\u00a0\u00bbround\u00a0\u00bb size=\u00a0\u00bbsm\u00a0\u00bb align=\u00a0\u00bbcenter\u00a0\u00bb button_block=\u00a0\u00bbtrue\u00a0\u00bb link=\u00a0\u00bburl:https%3A%2F%2Fmcrtecresa.com%2Ffr%2Fmortiers-tecwool%2Ftecwool-825%2Fprotection-des-elements-en-acier-tecwool-825|||\u00a0\u00bb][\/vc_column_inner][vc_column_inner width=\u00a0\u00bb1\/4&Prime;][vc_btn title=\u00a0\u00bbProtection des tunnels\u00a0\u00bb style=\u00a0\u00bboutline-custom\u00a0\u00bb outline_custom_color=\u00a0\u00bb#e42413&Prime; outline_custom_hover_background=\u00a0\u00bb#e42413&Prime; outline_custom_hover_text=\u00a0\u00bb#ffffff\u00a0\u00bb shape=\u00a0\u00bbround\u00a0\u00bb size=\u00a0\u00bbsm\u00a0\u00bb align=\u00a0\u00bbcenter\u00a0\u00bb button_block=\u00a0\u00bbtrue\u00a0\u00bb link=\u00a0\u00bburl:https%3A%2F%2Fmcrtecresa.com%2Ffr%2Fmortiers-tecwool%2Ftecwool-825%2Fprotection-de-tunnels|||\u00a0\u00bb][\/vc_column_inner][vc_column_inner width=\u00a0\u00bb1\/4&Prime;][\/vc_column_inner][vc_column_inner width=\u00a0\u00bb1\/4&Prime;][\/vc_column_inner][\/vc_row_inner][vc_empty_space height=\u00a0\u00bb50px\u00a0\u00bb el_class=\u00a0\u00bbvc_hidden-sm vc_hidden-xs\u00a0\u00bb]<div class=\"mgt-header-block clearfix text-left text-black wpb_animate_when_almost_visible wpb_bottom-to-top wpb_content_element  mgt-header-block-style-2 mgt-header-texttransform-none  vc_custom_1528813417754\"><h2 class=\"mgt-header-block-title\">Avantages<\/h2><div class=\"mgt-header-line\"><\/div><\/div>[vc_row_inner][vc_column_inner width=\u00a0\u00bb1\/3&Prime;]<div class=\"mgt-icon-box wpb_content_element wpb_animate_when_almost_visible wpb_appear mgt-icon-box-right mgt-icon-fa mgt-icon-background mgt-icon-background-invert text-black \"><div class=\"mgt-icon-box-icon hvr-icon-push\"><div class=\"mgt-font-icon\"><i class=\"fa fa-fire\"><\/i><\/div><\/div><div class=\"mgt-icon-box-content\"><h6>PROVEE DE<\/h6><h5>PROTECTION CONTRE LE FEU DANS L&#039;INDUSTRIE ET LES TUNNELS<\/h5><\/div><div class=\"clearfix\"><\/div><\/div>[\/vc_column_inner][vc_column_inner width=\u00a0\u00bb1\/3&Prime;][\/vc_column_inner][vc_column_inner width=\u00a0\u00bb1\/3&Prime;][\/vc_column_inner][\/vc_row_inner][vc_empty_space height=\u00a0\u00bb40px\u00a0\u00bb]<div class=\"mgt-header-block clearfix text-left text-black wpb_animate_when_almost_visible wpb_top-to-bottom wpb_content_element  mgt-header-block-style-2 mgt-header-texttransform-none  vc_custom_1528813551604\"><h2 class=\"mgt-header-block-title\">Documentation<\/h2><div class=\"mgt-header-line\"><\/div><\/div>[vc_row_inner][vc_column_inner width=\u00a0\u00bb1\/3&Prime;][vc_raw_html]JTNDZGl2JTIwY2xhc3MlM0QlMjJ3aWRnZXQtZG93bmxvYWQtbGluay13cmFwcGVyJTIyJTNFJTBBJTNDZGl2JTIwY2xhc3MlM0QlMjJ3aWRnZXQtZG93bmxvYWQtaWNvbiUyMiUzRSUzQ2klMjBjbGFzcyUzRCUyMmZhJTIwZmEtZmlsZS1wZGYtbyUyMiUzRSUzQyUyRmklM0UlMEElM0MlMkZkaXYlM0UlMEElM0NkaXYlMjBjbGFzcyUzRCUyMndpZGdldC1kb3dubG9hZC1kZXRhaWxzJTIyJTNFJTBBJTNDZGl2JTIwY2xhc3MlM0QlMjJ3aWRnZXQtZG93bmxvYWQtdGl0bGUlMjIlM0UlM0NzcGFuJTIwY2xhc3MlM0QlMjJkb2N1bWVudG8tcGRmJTIyJTIwb25jbGljayUzRCUyMnNldExvY2F0aW9uJTI4JTI3RlQtVGVjd29vbC04MjUtRlIlMjclMjklMjIlM0VGaWNoZSUyMHRlY2huaXF1ZSUzQyUyRmElM0UlM0MlMkZkaXYlM0UlMEElM0NkaXYlMjBjbGFzcyUzRCUyMndpZGdldC1kb3dubG9hZC1zdWJ0aXRsZSUyMiUzRTIyNSUyMEtiJTJDJTIwUERGJTNDJTJGZGl2JTNFJTBBJTNDJTJGZGl2JTNFJTBBJTNDJTJGZGl2JTNFJTBB[\/vc_raw_html][\/vc_column_inner][vc_column_inner width=\u00a0\u00bb1\/3&Prime;][\/vc_column_inner][vc_column_inner width=\u00a0\u00bb1\/3&Prime;][\/vc_column_inner][\/vc_row_inner][vc_empty_space height=\u00a0\u00bb40px\u00a0\u00bb][vc_empty_space height=\u00a0\u00bb40px\u00a0\u00bb]<style scoped='scoped'>.mgt-promo-block-79292048663.mgt-promo-block.darken .mgt-promo-block-content {background-color: rgba(10,10,10,0.63)!important;}.mgt-promo-block-79292048663.mgt-promo-block.animated:hover .mgt-promo-block-content {background-color: rgba(68,0,0,0.61)!important;}<\/style><div class=\"mgt-promo-block animated white-text cover-image text-size-normal darken mgt-promo-block-79292048663 wpb_content_element wpb_animate_when_almost_visible wpb_left-to-right\" data-style=\"background-color: #bababa;width: 100%; height: 200px;\"><div class=\"mgt-promo-block-content\"><div class=\"mgt-promo-block-content-inside vc_custom_1528813612683\">\n<h2>Avez-vous des questions?<\/h2>\n<div class=\"mgt-button-wrapper mgt-button-wrapper-align-left mgt-button-wrapper-display-newline mgt-button-top-margin-enable\"><a class=\"btn hvr-icon-wobble-horizontal mgt-button mgt-style-solid-invert mgt-size-normal mgt-align-left mgt-display-newline mgt-text-size-small mgt-button-icon-position-right mgt-text-transform-uppercase \" href=\"https:\/\/mcrtecresa.com\/fr\/contact\">Contactez-nous<i class=\"fa fa-arrow-right\"><\/i><\/a><\/div><\/div><\/div><\/div>[vc_empty_space height=\u00a0\u00bb15px\u00a0\u00bb][\/vc_column][\/vc_row]<\/p>\n<\/div>","protected":false},"excerpt":{"rendered":"<p>[vc_row][vc_column][vc_column_text] [\/vc_column_text][\/vc_column][\/vc_row][vc_row full_width=\u00a0\u00bbstretch_row\u00a0\u00bb][vc_column][vc_column_text css_animation=\u00a0\u00bbbottom-to-top\u00a0\u00bb css=\u00a0\u00bb\u00a0\u00bb] Tecwool\u00ae 825 est un mortier en laine de roche, ciment et mat\u00e9riel r\u00e9fractaire en faible proportion, fabriqu\u00e9 par mcr tecresa\u00ae\u00a0et dessin\u00e9 sp\u00e9cifiquement pour la protection&#8230;<\/p>\n","protected":false},"author":2,"featured_media":0,"parent":18759,"menu_order":0,"comment_status":"closed","ping_status":"closed","template":"","meta":{"footnotes":""},"class_list":["post-18767","page","type-page","status-publish","hentry"],"yoast_head":"<!-- This site is optimized with the Yoast SEO plugin v27.4 - https:\/\/yoast.com\/product\/yoast-seo-wordpress\/ -->\n<title>Protection contre le feu dans industries et tunnels \u2013 Tecwool\u00ae 825<\/title>\n<meta name=\"description\" content=\"Tecwool\u00ae 825 est dessin\u00e9 sp\u00e9cifiquement pour la protection contre l\u2019incendie dans l\u2019industrie et les tunnels. A \u00e9t\u00e9 test\u00e9 sous la courbe d\u2019hydrocarbures...\" \/>\n<meta name=\"robots\" content=\"index, follow, max-snippet:-1, max-image-preview:large, max-video-preview:-1\" \/>\n<link rel=\"canonical\" href=\"https:\/\/mcrtecresa.com\/fr\/mortiers-tecwool\/tecwool-825\" \/>\n<meta property=\"og:locale\" content=\"fr_FR\" \/>\n<meta property=\"og:type\" content=\"article\" \/>\n<meta property=\"og:title\" content=\"Protection contre le feu dans industries et tunnels \u2013 Tecwool\u00ae 825\" \/>\n<meta property=\"og:description\" content=\"Tecwool\u00ae 825 est dessin\u00e9 sp\u00e9cifiquement pour la protection contre l\u2019incendie dans l\u2019industrie et les tunnels. A \u00e9t\u00e9 test\u00e9 sous la courbe d\u2019hydrocarbures...\" \/>\n<meta property=\"og:url\" content=\"https:\/\/mcrtecresa.com\/fr\/mortiers-tecwool\/tecwool-825\" \/>\n<meta property=\"og:site_name\" content=\"Mcr Tecresa\" \/>\n<meta property=\"article:modified_time\" content=\"2025-10-13T12:57:04+00:00\" \/>\n<meta property=\"og:image\" content=\"https:\/\/mcrtecresa.com\/wp-content\/uploads\/2018\/02\/tecwool_825.jpg\" \/>\n\t<meta property=\"og:image:width\" content=\"300\" \/>\n\t<meta property=\"og:image:height\" content=\"200\" \/>\n\t<meta property=\"og:image:type\" content=\"image\/jpeg\" \/>\n<meta name=\"twitter:card\" content=\"summary_large_image\" \/>\n<meta name=\"twitter:label1\" content=\"Dur\u00e9e de lecture estim\u00e9e\" \/>\n\t<meta name=\"twitter:data1\" content=\"3 minutes\" \/>\n<script type=\"application\/ld+json\" class=\"yoast-schema-graph\">{\"@context\":\"https:\\\/\\\/schema.org\",\"@graph\":[{\"@type\":\"WebPage\",\"@id\":\"https:\\\/\\\/mcrtecresa.com\\\/fr\\\/mortiers-tecwool\\\/tecwool-825\",\"url\":\"https:\\\/\\\/mcrtecresa.com\\\/fr\\\/mortiers-tecwool\\\/tecwool-825\",\"name\":\"Protection contre le feu dans industries et tunnels \u2013 Tecwool\u00ae 825\",\"isPartOf\":{\"@id\":\"https:\\\/\\\/mcrtecresa.com\\\/#website\"},\"primaryImageOfPage\":{\"@id\":\"https:\\\/\\\/mcrtecresa.com\\\/fr\\\/mortiers-tecwool\\\/tecwool-825#primaryimage\"},\"image\":{\"@id\":\"https:\\\/\\\/mcrtecresa.com\\\/fr\\\/mortiers-tecwool\\\/tecwool-825#primaryimage\"},\"thumbnailUrl\":\"https:\\\/\\\/mcrtecresa.com\\\/wp-content\\\/uploads\\\/2018\\\/02\\\/tecwool_825.jpg\",\"datePublished\":\"2018-02-09T19:37:40+00:00\",\"dateModified\":\"2025-10-13T12:57:04+00:00\",\"description\":\"Tecwool\u00ae 825 est dessin\u00e9 sp\u00e9cifiquement pour la protection contre l\u2019incendie dans l\u2019industrie et les tunnels. A \u00e9t\u00e9 test\u00e9 sous la courbe d\u2019hydrocarbures...\",\"breadcrumb\":{\"@id\":\"https:\\\/\\\/mcrtecresa.com\\\/fr\\\/mortiers-tecwool\\\/tecwool-825#breadcrumb\"},\"inLanguage\":\"fr-FR\",\"potentialAction\":[{\"@type\":\"ReadAction\",\"target\":[\"https:\\\/\\\/mcrtecresa.com\\\/fr\\\/mortiers-tecwool\\\/tecwool-825\"]}]},{\"@type\":\"ImageObject\",\"inLanguage\":\"fr-FR\",\"@id\":\"https:\\\/\\\/mcrtecresa.com\\\/fr\\\/mortiers-tecwool\\\/tecwool-825#primaryimage\",\"url\":\"https:\\\/\\\/mcrtecresa.com\\\/wp-content\\\/uploads\\\/2018\\\/02\\\/tecwool_825.jpg\",\"contentUrl\":\"https:\\\/\\\/mcrtecresa.com\\\/wp-content\\\/uploads\\\/2018\\\/02\\\/tecwool_825.jpg\"},{\"@type\":\"BreadcrumbList\",\"@id\":\"https:\\\/\\\/mcrtecresa.com\\\/fr\\\/mortiers-tecwool\\\/tecwool-825#breadcrumb\",\"itemListElement\":[{\"@type\":\"ListItem\",\"position\":1,\"name\":\"mcr tecresa\u00ae\",\"item\":\"https:\\\/\\\/mcrtecresa.com\\\/fr\"},{\"@type\":\"ListItem\",\"position\":2,\"name\":\"Mortiers Tecwool\u00ae\",\"item\":\"https:\\\/\\\/mcrtecresa.com\\\/fr\\\/mortiers-tecwool\"},{\"@type\":\"ListItem\",\"position\":3,\"name\":\"Mortier Tecwool 825\"}]},{\"@type\":\"WebSite\",\"@id\":\"https:\\\/\\\/mcrtecresa.com\\\/#website\",\"url\":\"https:\\\/\\\/mcrtecresa.com\\\/\",\"name\":\"Mcr Tecresa\",\"description\":\"Empresa l\u00edder en protecci\u00f3n pasiva contra incendios\",\"publisher\":{\"@id\":\"https:\\\/\\\/mcrtecresa.com\\\/#organization\"},\"alternateName\":\"Protecci\u00f3n Pasiva Contra Incendios\",\"potentialAction\":[{\"@type\":\"SearchAction\",\"target\":{\"@type\":\"EntryPoint\",\"urlTemplate\":\"https:\\\/\\\/mcrtecresa.com\\\/?s={search_term_string}\"},\"query-input\":{\"@type\":\"PropertyValueSpecification\",\"valueRequired\":true,\"valueName\":\"search_term_string\"}}],\"inLanguage\":\"fr-FR\"},{\"@type\":\"Organization\",\"@id\":\"https:\\\/\\\/mcrtecresa.com\\\/#organization\",\"name\":\"Mcr Tecresa\",\"url\":\"https:\\\/\\\/mcrtecresa.com\\\/\",\"logo\":{\"@type\":\"ImageObject\",\"inLanguage\":\"fr-FR\",\"@id\":\"https:\\\/\\\/mcrtecresa.com\\\/#\\\/schema\\\/logo\\\/image\\\/\",\"url\":\"https:\\\/\\\/mcrtecresa.com\\\/wp-content\\\/uploads\\\/2025\\\/07\\\/Logo-Original-1.png\",\"contentUrl\":\"https:\\\/\\\/mcrtecresa.com\\\/wp-content\\\/uploads\\\/2025\\\/07\\\/Logo-Original-1.png\",\"width\":195,\"height\":46,\"caption\":\"Mcr Tecresa\"},\"image\":{\"@id\":\"https:\\\/\\\/mcrtecresa.com\\\/#\\\/schema\\\/logo\\\/image\\\/\"},\"sameAs\":[\"https:\\\/\\\/www.linkedin.com\\\/company\\\/mcrtecresa\",\"https:\\\/\\\/www.youtube.com\\\/@Mcrtecresa\"]}]}<\/script>\n<!-- \/ Yoast SEO plugin. -->","yoast_head_json":{"title":"Protection contre le feu dans industries et tunnels \u2013 Tecwool\u00ae 825","description":"Tecwool\u00ae 825 est dessin\u00e9 sp\u00e9cifiquement pour la protection contre l\u2019incendie dans l\u2019industrie et les tunnels. A \u00e9t\u00e9 test\u00e9 sous la courbe d\u2019hydrocarbures...","robots":{"index":"index","follow":"follow","max-snippet":"max-snippet:-1","max-image-preview":"max-image-preview:large","max-video-preview":"max-video-preview:-1"},"canonical":"https:\/\/mcrtecresa.com\/fr\/mortiers-tecwool\/tecwool-825","og_locale":"fr_FR","og_type":"article","og_title":"Protection contre le feu dans industries et tunnels \u2013 Tecwool\u00ae 825","og_description":"Tecwool\u00ae 825 est dessin\u00e9 sp\u00e9cifiquement pour la protection contre l\u2019incendie dans l\u2019industrie et les tunnels. A \u00e9t\u00e9 test\u00e9 sous la courbe d\u2019hydrocarbures...","og_url":"https:\/\/mcrtecresa.com\/fr\/mortiers-tecwool\/tecwool-825","og_site_name":"Mcr Tecresa","article_modified_time":"2025-10-13T12:57:04+00:00","og_image":[{"width":300,"height":200,"url":"https:\/\/mcrtecresa.com\/wp-content\/uploads\/2018\/02\/tecwool_825.jpg","type":"image\/jpeg"}],"twitter_card":"summary_large_image","twitter_misc":{"Dur\u00e9e de lecture estim\u00e9e":"3 minutes"},"schema":{"@context":"https:\/\/schema.org","@graph":[{"@type":"WebPage","@id":"https:\/\/mcrtecresa.com\/fr\/mortiers-tecwool\/tecwool-825","url":"https:\/\/mcrtecresa.com\/fr\/mortiers-tecwool\/tecwool-825","name":"Protection contre le feu dans industries et tunnels \u2013 Tecwool\u00ae 825","isPartOf":{"@id":"https:\/\/mcrtecresa.com\/#website"},"primaryImageOfPage":{"@id":"https:\/\/mcrtecresa.com\/fr\/mortiers-tecwool\/tecwool-825#primaryimage"},"image":{"@id":"https:\/\/mcrtecresa.com\/fr\/mortiers-tecwool\/tecwool-825#primaryimage"},"thumbnailUrl":"https:\/\/mcrtecresa.com\/wp-content\/uploads\/2018\/02\/tecwool_825.jpg","datePublished":"2018-02-09T19:37:40+00:00","dateModified":"2025-10-13T12:57:04+00:00","description":"Tecwool\u00ae 825 est dessin\u00e9 sp\u00e9cifiquement pour la protection contre l\u2019incendie dans l\u2019industrie et les tunnels. A \u00e9t\u00e9 test\u00e9 sous la courbe d\u2019hydrocarbures...","breadcrumb":{"@id":"https:\/\/mcrtecresa.com\/fr\/mortiers-tecwool\/tecwool-825#breadcrumb"},"inLanguage":"fr-FR","potentialAction":[{"@type":"ReadAction","target":["https:\/\/mcrtecresa.com\/fr\/mortiers-tecwool\/tecwool-825"]}]},{"@type":"ImageObject","inLanguage":"fr-FR","@id":"https:\/\/mcrtecresa.com\/fr\/mortiers-tecwool\/tecwool-825#primaryimage","url":"https:\/\/mcrtecresa.com\/wp-content\/uploads\/2018\/02\/tecwool_825.jpg","contentUrl":"https:\/\/mcrtecresa.com\/wp-content\/uploads\/2018\/02\/tecwool_825.jpg"},{"@type":"BreadcrumbList","@id":"https:\/\/mcrtecresa.com\/fr\/mortiers-tecwool\/tecwool-825#breadcrumb","itemListElement":[{"@type":"ListItem","position":1,"name":"mcr tecresa\u00ae","item":"https:\/\/mcrtecresa.com\/fr"},{"@type":"ListItem","position":2,"name":"Mortiers Tecwool\u00ae","item":"https:\/\/mcrtecresa.com\/fr\/mortiers-tecwool"},{"@type":"ListItem","position":3,"name":"Mortier Tecwool 825"}]},{"@type":"WebSite","@id":"https:\/\/mcrtecresa.com\/#website","url":"https:\/\/mcrtecresa.com\/","name":"Mcr Tecresa","description":"Empresa l\u00edder en protecci\u00f3n pasiva contra incendios","publisher":{"@id":"https:\/\/mcrtecresa.com\/#organization"},"alternateName":"Protecci\u00f3n Pasiva Contra Incendios","potentialAction":[{"@type":"SearchAction","target":{"@type":"EntryPoint","urlTemplate":"https:\/\/mcrtecresa.com\/?s={search_term_string}"},"query-input":{"@type":"PropertyValueSpecification","valueRequired":true,"valueName":"search_term_string"}}],"inLanguage":"fr-FR"},{"@type":"Organization","@id":"https:\/\/mcrtecresa.com\/#organization","name":"Mcr Tecresa","url":"https:\/\/mcrtecresa.com\/","logo":{"@type":"ImageObject","inLanguage":"fr-FR","@id":"https:\/\/mcrtecresa.com\/#\/schema\/logo\/image\/","url":"https:\/\/mcrtecresa.com\/wp-content\/uploads\/2025\/07\/Logo-Original-1.png","contentUrl":"https:\/\/mcrtecresa.com\/wp-content\/uploads\/2025\/07\/Logo-Original-1.png","width":195,"height":46,"caption":"Mcr Tecresa"},"image":{"@id":"https:\/\/mcrtecresa.com\/#\/schema\/logo\/image\/"},"sameAs":["https:\/\/www.linkedin.com\/company\/mcrtecresa","https:\/\/www.youtube.com\/@Mcrtecresa"]}]}},"_links":{"self":[{"href":"https:\/\/mcrtecresa.com\/fr\/wp-json\/wp\/v2\/pages\/18767","targetHints":{"allow":["GET"]}}],"collection":[{"href":"https:\/\/mcrtecresa.com\/fr\/wp-json\/wp\/v2\/pages"}],"about":[{"href":"https:\/\/mcrtecresa.com\/fr\/wp-json\/wp\/v2\/types\/page"}],"author":[{"embeddable":true,"href":"https:\/\/mcrtecresa.com\/fr\/wp-json\/wp\/v2\/users\/2"}],"replies":[{"embeddable":true,"href":"https:\/\/mcrtecresa.com\/fr\/wp-json\/wp\/v2\/comments?post=18767"}],"version-history":[{"count":0,"href":"https:\/\/mcrtecresa.com\/fr\/wp-json\/wp\/v2\/pages\/18767\/revisions"}],"up":[{"embeddable":true,"href":"https:\/\/mcrtecresa.com\/fr\/wp-json\/wp\/v2\/pages\/18759"}],"wp:attachment":[{"href":"https:\/\/mcrtecresa.com\/fr\/wp-json\/wp\/v2\/media?parent=18767"}],"curies":[{"name":"wp","href":"https:\/\/api.w.org\/{rel}","templated":true}]}}