{"id":18279,"date":"2018-03-02T03:30:24","date_gmt":"2018-03-02T01:30:24","guid":{"rendered":"https:\/\/mcrtecresa.com\/tecbor-y-boards\/franja-de-encuentro-cortafuegos"},"modified":"2025-09-24T11:21:35","modified_gmt":"2025-09-24T09:21:35","slug":"firewall-stripes","status":"publish","type":"page","link":"https:\/\/mcrtecresa.com\/en\/tecbor-y-boards\/firewall-stripes","title":{"rendered":"Tecbor\u00ae Y Boards &#8211; Firewall Stripes"},"content":{"rendered":"<div class=\"wpb-content-wrapper\"><p>[vc_row][vc_column][vc_column_text]<\/p>\n<pre><code class=\"html hljs xml\"><span><span><a href=\"https:\/\/mcrtecresa.com\/en\">mcr tecresa\u00ae<\/a><\/span><\/span><\/code><\/pre>\n<p>[\/vc_column_text][\/vc_column][\/vc_row][vc_row][vc_column]<div class=\"mgt-header-block clearfix text-left text-black wpb_animate_when_almost_visible wpb_top-to-bottom wpb_content_element  mgt-header-block-style-2 mgt-header-texttransform-none  vc_custom_1520937558293\"><h2 class=\"mgt-header-block-title\">Soluciones Constructivas del Tecbor\u00ae Y<\/h2><div class=\"mgt-header-line\"><\/div><\/div>[\/vc_column][\/vc_row][vc_row][vc_column][vc_empty_space height=&#8221;10px&#8221;][\/vc_column][\/vc_row][vc_row][vc_column width=&#8221;1\/4&#8243;][vc_btn title=&#8221;Franjas de encuentro cortafuegos EI-60&#8243; style=&#8221;custom&#8221; custom_background=&#8221;#e42413&#8243; custom_text=&#8221;#ffffff&#8221; shape=&#8221;round&#8221; size=&#8221;sm&#8221; align=&#8221;center&#8221; button_block=&#8221;true&#8221; link=&#8221;url:%23|&#8221;][\/vc_column][vc_column width=&#8221;1\/4&#8243;][vc_btn title=&#8221;Franjas de encuentro cortafuego 25+25 mm EI-120 \/ EI-180&#8243; style=&#8221;outline-custom&#8221; outline_custom_color=&#8221;#000000&#8243; outline_custom_hover_background=&#8221;#666666&#8243; outline_custom_hover_text=&#8221;#ffffff&#8221; shape=&#8221;round&#8221; size=&#8221;sm&#8221; align=&#8221;center&#8221; button_block=&#8221;true&#8221; link=&#8221;url:https%3A%2F%2Fmcrtecresa.com%2Fen%3Fpage_id%3D28009|&#8221;][\/vc_column][vc_column width=&#8221;1\/4&#8243;][\/vc_column][vc_column width=&#8221;1\/4&#8243;][\/vc_column][\/vc_row][vc_row][vc_column][vc_empty_space height=&#8221;60px&#8221;]<div class=\"mgt-header-block clearfix text-left text-black wpb_animate_when_almost_visible wpb_top-to-bottom wpb_content_element  mgt-header-block-style-1 mgt-header-texttransform-none  vc_custom_1558432887446\"><h1 class=\"mgt-header-block-title\">Tecbor\u00ae Y - Franjas de encuentro cortafuegos EI-60<\/h1><div class=\"mgt-header-line\"><\/div><\/div>[\/vc_column][\/vc_row][vc_row][vc_column width=&#8221;2\/3&#8243;][vc_column_text]El 3 de Enero de 2005, entra en vigor el Real Decreto 2267\/2004, Reglamento de Seguridad contra Incendios en Establecimientos Industriales (RSCIEI). El objetivo de este Reglamento es conseguir un grado suficiente de seguridad en caso de incendio en los establecimientos de caracter industrial.<\/p>\n<p>Cuando una medianera entre edificios o naves industriales se encuentra con la cubierta, deber\u00e1 instalarse una franja de 1 m en su proyecci\u00f3n horizontal como m\u00ednimo, con un grado de resistencia al fuego de al menos la mitad del exigido a la medianera, para as\u00ed, evitar la propagaci\u00f3n del incendio al edificio o nave colindante.<\/p>\n<p>Las <strong>franjas Tecbor<sup>\u00ae<\/sup><\/strong> <strong>Y<\/strong>\u00a0est\u00e1n formadas por una estructura portante constituida por escuadras soporte. \u00c9stas se fijan a la obra soporte (medianera) con una modulaci\u00f3n entre ellas de 1 metro. Las escuadras est\u00e1n realizadas con montantes de 46 x 36 x 0,6 mm.<\/p>\n<p>Una vez colocadas las escuadras, se fijan las omegas de 45 x 15 x 0,5 mm, mediante tornillos rosca-chapa de 3,5 mm. Dichas omegas se colocar\u00e1n a una distancia de 450 mm entre ellas.<\/p>\n<p>La\u00a0<a href=\"https:\/\/mcrtecresa.com\/en\/tecsel-sealing-systems\/joint-paste-ready-to-use\"><strong>pasta de Juntas Tecbor<sup>\u00ae<\/sup><\/strong><\/a>, se aplica en la uni\u00f3n entre paneles.<\/p>\n<p>El\u00a0<a href=\"https:\/\/mcrtecresa.com\/wp-content\/uploads\/2018\/02\/FT-Tecsel-Adhesivo.pdf\"><strong>adhesivo Tecsel<\/strong><sup><strong>\u00ae<\/strong><\/sup><\/a>, sella el encuentro entre la franja y la obra soporte.[\/vc_column_text]<div class=\"mgt-header-block clearfix text-left text-black wpb_animate_when_almost_visible wpb_top-to-bottom wpb_content_element  mgt-header-block-style-2 mgt-header-texttransform-none  vc_custom_1520941147127\"><h2 class=\"mgt-header-block-title\">Tipos de Franjas<\/h2><div class=\"mgt-header-line\"><\/div><\/div>[vc_column_text]<\/p>\n<ul>\n<li style=\"text-align: justify;\">Fijada a la\u00a0<strong>medianera<\/strong>.<\/li>\n<li style=\"text-align: justify;\"><strong>Integrada en la propia cubierta<\/strong>, cuando \u00e9sta tenga al menos la misma estabilidad al fuego que la resistencia exigida a la franja.<\/li>\n<li style=\"text-align: justify;\"><strong>Prolongando la medianera<\/strong>\u00a0o elemento compartimentador 1m por encima de la cubierta.<\/li>\n<\/ul>\n<p>[\/vc_column_text][\/vc_column][vc_column width=&#8221;1\/3&#8243;][vc_single_image image=&#8221;6841&#8243; img_size=&#8221;full&#8221; alignment=&#8221;center&#8221; style=&#8221;vc_box_rounded&#8221; onclick=&#8221;link_image&#8221; css=&#8221;.vc_custom_1520937661579{margin-top: 3rem !important;}&#8221;][\/vc_column][\/vc_row][vc_row full_width=&#8221;stretch_row&#8221;][vc_column][vc_empty_space height=&#8221;40px&#8221;][vc_row_inner][vc_column_inner width=&#8221;1\/6&#8243;][\/vc_column_inner][vc_column_inner width=&#8221;4\/6&#8243;][vc_raw_html]JTNDY2VudGVyJTNFJTBBJTNDaWZyYW1lJTIwd2lkdGglM0QlMjI4MTAlMjIlMjBoZWlnaHQlM0QlMjI0NTYlMjIlMjBzcmMlM0QlMjJodHRwcyUzQSUyRiUyRnd3dy55b3V0dWJlLmNvbSUyRmVtYmVkJTJGZWV6cFlPQzg0UWslM0ZyZWwlM0QwJTI2bXV0ZSUzRDElMjIlMjBmcmFtZWJvcmRlciUzRCUyMjAlMjIlMjBlbmNyeXB0ZWQtbWVkaWElMjIlMjBhbGxvd2Z1bGxzY3JlZW4lM0UlM0MlMkZpZnJhbWUlM0UlM0MlMkZjZW50ZXIlM0U=[\/vc_raw_html][\/vc_column_inner][vc_column_inner width=&#8221;1\/6&#8243;][\/vc_column_inner][\/vc_row_inner][vc_empty_space height=&#8221;40px&#8221;][\/vc_column][\/vc_row][vc_row][vc_column width=&#8221;1\/2&#8243; el_class=&#8221;bordersolution&#8221;][vc_empty_space height=&#8221;42px&#8221;][vc_single_image image=&#8221;8205&#8243; img_size=&#8221;800&#215;400&#8243; alignment=&#8221;center&#8221; onclick=&#8221;link_image&#8221;][vc_row_inner css=&#8221;.vc_custom_1519682527087{padding-right: 3rem !important;padding-left: 3rem !important;}&#8221;][vc_column_inner width=&#8221;1\/2&#8243;]<div class=\"mgt-header-block clearfix text-left text-black wpb_content_element  mgt-header-block-style-1 mgt-header-texttransform-header \"><h2 class=\"mgt-header-block-title\"><\/h2><p class=\"mgt-header-block-subtitle\">Ensayo<\/p><div class=\"mgt-header-line\"><\/div><\/div>[vc_column_text]<b>Norma<\/b>: Protocolo de ensayo y de resistencia al fuego de franjas encuentro medianera \/ cubierta<br \/>\n<b>Laboratorio<\/b>: TECNALIA<br \/>\n<b>N\u00ba ensayo<\/b>: 052251[\/vc_column_text][\/vc_column_inner][vc_column_inner width=&#8221;1\/2&#8243;]<div class=\"mgt-header-block clearfix text-left text-black wpb_content_element  mgt-header-block-style-1 mgt-header-texttransform-header \"><h2 class=\"mgt-header-block-title\"><\/h2><p class=\"mgt-header-block-subtitle\">Soluci\u00f3n<\/p><div class=\"mgt-header-line\"><\/div><\/div>[vc_column_text]<strong><span style=\"color: #ff0000;\">1.<\/span><\/strong> Tornillo autotaladrante (3,5&#215;25) mm.<br \/>\n<span style=\"color: #ff0000;\"><strong>2.<\/strong><\/span> Montante de (46x36x0,6) mm.<br \/>\n<span style=\"color: #ff0000;\"><strong>3.<\/strong><\/span> Omega de (45x15x0,6) mm.<br \/>\n<span style=\"color: #ff0000;\"><strong>4.<\/strong><\/span> Paneles <strong>Tecbor<sup>\u00ae<\/sup><\/strong> Y 25 mm.<br \/>\n<span style=\"color: #ff0000;\"><strong>5.<\/strong><\/span> Tornillo cielo raso (4&#215;100) mm, Fischer VVR M4 y con arandela Hilti HV140 8,4\/24 o similar.<br \/>\n<span style=\"color: #ff0000;\"><strong>6.<\/strong><\/span> Muro fijaci\u00f3n franja.<br \/>\n<span style=\"color: #ff0000;\"><strong>7.<\/strong><\/span> Taco y tornillo (10&#215;100) mm, Hilti 50 x HRD \u2013 H 10 x 100.<br \/>\n<span style=\"color: #ff0000;\"><strong>8.<\/strong><\/span> Pasta de juntas <strong>Tecbor<sup>\u00ae<\/sup><\/strong>.<br \/>\n<span style=\"color: #ff0000;\"><strong>9.<\/strong><\/span> Adhesivo <strong>Tecsel<sup>\u00ae<\/sup><\/strong>.[\/vc_column_text][\/vc_column_inner][\/vc_row_inner][vc_empty_space height=&#8221;42px&#8221;][\/vc_column][vc_column width=&#8221;1\/2&#8243; css=&#8221;.vc_custom_1519682712284{padding-left: 2rem !important;}&#8221;]<div class=\"mgt-header-block clearfix text-left text-black wpb_animate_when_almost_visible wpb_top-to-bottom wpb_content_element  mgt-header-block-style-2 mgt-header-texttransform-none  vc_custom_1520941572455\"><h2 class=\"mgt-header-block-title\">Montaje<\/h2><div class=\"mgt-header-line\"><\/div><\/div>[vc_column_text]<\/p>\n<p style=\"text-align: justify;\"><strong>Sistema de montaje de la franja horizontal<\/strong><\/p>\n<ul style=\"text-align: justify;\">\n<li>En la franja horizontal, la placa va en sentido perpendicular a la pared. Apoya en la pared el lado de 0,6 m.<\/li>\n<\/ul>\n<p style=\"text-align: justify;\"><strong>Sistema de montaje de la franja inclinada<\/strong><\/p>\n<ul>\n<li style=\"text-align: justify;\">En la franja inclinada, la placa va en sentido longitudinal. El lado de 1 metro apoya sobre la pared.<\/li>\n<\/ul>\n<p>[\/vc_column_text][vc_single_image image=&#8221;6845&#8243; img_size=&#8221;large&#8221; alignment=&#8221;center&#8221; onclick=&#8221;link_image&#8221;][\/vc_column][\/vc_row][vc_row][vc_column][vc_empty_space height=&#8221;50px&#8221;]<div class=\"mgt-header-block clearfix text-left text-black wpb_animate_when_almost_visible wpb_top-to-bottom wpb_content_element  mgt-header-block-style-2 mgt-header-texttransform-none  vc_custom_1517429856568\"><h2 class=\"mgt-header-block-title\">Documentos del producto<\/h2><div class=\"mgt-header-line\"><\/div><\/div>[vc_row_inner][vc_column_inner width=&#8221;1\/3&#8243;][vc_raw_html]JTNDZGl2JTIwY2xhc3MlM0QlMjJ3aWRnZXQtZG93bmxvYWQtbGluay13cmFwcGVyJTIyJTNFJTBBJTNDZGl2JTIwY2xhc3MlM0QlMjJ3aWRnZXQtZG93bmxvYWQtaWNvbiUyMiUzRSUzQ2klMjBjbGFzcyUzRCUyMmZhJTIwZmEtZmlsZS1wZGYtbyUyMiUzRSUzQyUyRmklM0UlMEElM0MlMkZkaXYlM0UlMEElM0NkaXYlMjBjbGFzcyUzRCUyMndpZGdldC1kb3dubG9hZC1kZXRhaWxzJTIyJTNFJTBBJTNDZGl2JTIwY2xhc3MlM0QlMjJ3aWRnZXQtZG93bmxvYWQtdGl0bGUlMjIlM0UlM0NzcGFuJTIwY2xhc3MlM0QlMjJkb2N1bWVudG8tcGRmJTIyJTIwb25jbGljayUzRCUyMnNldExvY2F0aW9uJTI4JTI3ZmRzLXRlY2Jvci15LWZyYW5qYXMtY29ydGFmdWVnb3MlMjclMjklMjIlM0VTb2x1Y2klQzMlQjNuJTIwZnJhbmphJTIwVGVjYm9yJUMyJUFFJTIwWSUzQyUyRnNwYW4lM0UlM0MlMkZkaXYlM0UlMEElM0NkaXYlMjBjbGFzcyUzRCUyMndpZGdldC1kb3dubG9hZC1zdWJ0aXRsZSUyMiUzRTE5OCUyMEtiJTJDJTIwUERGJTNDJTJGZGl2JTNFJTBBJTNDJTJGZGl2JTNFJTBBJTNDJTJGZGl2JTNFJTBB[\/vc_raw_html][\/vc_column_inner][vc_column_inner width=&#8221;1\/3&#8243;][\/vc_column_inner][vc_column_inner width=&#8221;1\/3&#8243;][\/vc_column_inner][\/vc_row_inner][vc_empty_space height=&#8221;20px&#8221; el_class=&#8221;vc_hidden-sm vc_hidden-xs&#8221;][\/vc_column][\/vc_row][vc_row][vc_column]<div class=\"mgt-header-block clearfix text-left text-black wpb_content_element  mgt-header-block-style-1 mgt-header-texttransform-header \"><h2 class=\"mgt-header-block-title\">Tambi\u00e9n te puede interesar...<\/h2><p class=\"mgt-header-block-subtitle\">Franja encuentro medianera \/ cubierta<\/p><div class=\"mgt-header-line\"><\/div><\/div>[\/vc_column][\/vc_row][vc_row][vc_column width=&#8221;1\/3&#8243;][vc_btn title=&#8221;Mortero ign\u00edfugo Tecwool\u00ae F&#8221; style=&#8221;outline-custom&#8221; outline_custom_color=&#8221;#000000&#8243; outline_custom_hover_background=&#8221;#e42413&#8243; outline_custom_hover_text=&#8221;#ffffff&#8221; shape=&#8221;round&#8221; size=&#8221;sm&#8221; align=&#8221;center&#8221; button_block=&#8221;true&#8221; link=&#8221;url:https%3A%2F%2Fmcrtecresa.com%2Fen%2Ftecwool-mortar%2Ftecwool-f%2Ffire-belt-barrier-system-roof-firebreak|&#8221;][\/vc_column][vc_column width=&#8221;1\/3&#8243;][\/vc_column][vc_column width=&#8221;1\/3&#8243;][\/vc_column][\/vc_row][vc_row][vc_column][vc_separator][\/vc_column][\/vc_row][vc_row bg_type=&#8221;bg_color&#8221;][vc_column width=&#8221;1\/3&#8243;]<div class=\"mgt-header-block clearfix text-left text-black wpb_animate_when_almost_visible wpb_top-to-bottom wpb_content_element  mgt-header-block-style-2 mgt-header-texttransform-none  vc_custom_1545222761718\"><h2 class=\"mgt-header-block-title\">\u00bfTienes alguna duda? Contacta con nosotros<\/h2><div class=\"mgt-header-line\"><\/div><\/div>[\/vc_column][vc_column width=&#8221;2\/3&#8243;]\n<div class=\"wpcf7 no-js\" id=\"wpcf7-f24547-o1\" lang=\"es-ES\" dir=\"ltr\" data-wpcf7-id=\"24547\">\n<div class=\"screen-reader-response\"><p role=\"status\" aria-live=\"polite\" aria-atomic=\"true\"><\/p> <ul><\/ul><\/div>\n<form action=\"\/en\/wp-json\/wp\/v2\/pages\/18279#wpcf7-f24547-o1\" method=\"post\" class=\"wpcf7-form init\" aria-label=\"Formulario de contacto\" novalidate=\"novalidate\" data-status=\"init\">\n<fieldset class=\"hidden-fields-container\"><input type=\"hidden\" name=\"_wpcf7\" value=\"24547\" \/><input type=\"hidden\" name=\"_wpcf7_version\" value=\"6.1.5\" \/><input type=\"hidden\" name=\"_wpcf7_locale\" value=\"es_ES\" \/><input type=\"hidden\" name=\"_wpcf7_unit_tag\" value=\"wpcf7-f24547-o1\" \/><input type=\"hidden\" name=\"_wpcf7_container_post\" value=\"0\" \/><input type=\"hidden\" name=\"_wpcf7_posted_data_hash\" value=\"\" \/><input type=\"hidden\" name=\"_wpcf7_recaptcha_response\" value=\"\" \/>\n<\/fieldset>\n<div id=\"responsive-form\" class=\"clearfix\">\n\t<div class=\"form-row\">\n\t\t<p><label> Nombre <span class=\"wpcf7-form-control-wrap\" data-name=\"your-name\"><input size=\"40\" maxlength=\"400\" class=\"wpcf7-form-control wpcf7-text wpcf7-validates-as-required\" aria-required=\"true\" aria-invalid=\"false\" value=\"\" type=\"text\" name=\"your-name\" \/><\/span> <\/label><br \/>\n<label> Email <span class=\"wpcf7-form-control-wrap\" data-name=\"your-email\"><input size=\"40\" maxlength=\"400\" class=\"wpcf7-form-control wpcf7-email wpcf7-validates-as-required wpcf7-text wpcf7-validates-as-email\" aria-required=\"true\" aria-invalid=\"false\" value=\"\" type=\"email\" name=\"your-email\" \/><\/span> <\/label>\n\t\t<\/p>\n\t<\/div>\n\t<div class=\"form-row\">\n\t\t<div class=\"column-full\">\n\t\t\t<p>Mensaje <span class=\"wpcf7-form-control-wrap\" data-name=\"your-message\"><textarea cols=\"40\" rows=\"10\" maxlength=\"2000\" class=\"wpcf7-form-control wpcf7-textarea\" aria-invalid=\"false\" name=\"your-message\"><\/textarea><\/span>\n\t\t\t<\/p>\n\t\t<\/div>\n\t<\/div>\n\t<p><span class=\"wpcf7-form-control-wrap\" data-name=\"acceptance-332\"><span class=\"wpcf7-form-control wpcf7-acceptance\"><span class=\"wpcf7-list-item\"><input type=\"checkbox\" name=\"acceptance-332\" value=\"1\" aria-invalid=\"false\" \/><\/span><\/span><\/span> Acepto la <a href=\"https:\/\/mcrtecresa.com\/politica-de-privacidad\"target=\"_blank\"> pol\u00edtica de privacidad.<\/a>\n\t<\/p>\n\t<p><label><input class=\"wpcf7-form-control wpcf7-submit has-spinner\" type=\"submit\" value=\"Enviar\" \/><\/label>\n\t<\/p>\n<\/div>\n\n\n\n\n<!--end responsive-form--><div class=\"wpcf7-response-output\" aria-hidden=\"true\"><\/div>\n<\/form>\n<\/div>\n[vc_column_text]<\/p>\n<p style=\"text-align: justify;\"><span style=\"font-size: 8pt;\">Seg\u00fan establece el Reglamento (UE) 2016\/679 del Parlamento Europeo y del Consejo, de 27 de abril de 2016, TECRESA PROTECCI\u00d3N PASIVA, S.L. te informa que los datos de car\u00e1cter personal que nos proporcionas a trav\u00e9s del presente formulario ser\u00e1n tratados por nuestra compa\u00f1\u00eda como responsable de esta web. La finalidad de la recogida y tratamiento de los datos personales que te solicitamos es para poder registrarte como usuario de nuestros servicios, que implica poder enviarte nuestras publicaciones y ofertas, promociones de productos y\/o servicios. La legitimaci\u00f3n se realiza a trav\u00e9s de tu propio consentimiento como interesado. Te informamos que los datos que nos facilitas no ser\u00e1n cedidos a terceros. Podr\u00e1s ejercer tus derechos de acceso, rectificaci\u00f3n, supresi\u00f3n, limitaci\u00f3n de tratamiento, portabilidad y olvido de los datos en rgpd@mcrtecresa.com\u00a0 as\u00ed como el derecho a presentar tu reclamaci\u00f3n ante una autoridad de control. Te sugerimos que ampl\u00edes la informaci\u00f3n adicional y detallada en nuestra\u00a0<a href=\"https:\/\/mcrtecresa.com\/politica-de-privacidad\">Pol\u00edtica de Privacidad<\/a>.<\/span><\/p>\n<p>[\/vc_column_text][\/vc_column][\/vc_row]<\/p>\n<\/div>","protected":false},"excerpt":{"rendered":"<p>[vc_row][vc_column][vc_column_text] [\/vc_column_text][\/vc_column][\/vc_row][vc_row][vc_column][\/vc_column][\/vc_row][vc_row][vc_column][vc_empty_space height=&#8221;10px&#8221;][\/vc_column][\/vc_row][vc_row][vc_column width=&#8221;1\/4&#8243;][vc_btn title=&#8221;Franjas de encuentro cortafuegos EI-60&#8243; style=&#8221;custom&#8221; custom_background=&#8221;#e42413&#8243; custom_text=&#8221;#ffffff&#8221; shape=&#8221;round&#8221; size=&#8221;sm&#8221; align=&#8221;center&#8221; button_block=&#8221;true&#8221; link=&#8221;url:%23|&#8221;][\/vc_column][vc_column width=&#8221;1\/4&#8243;][vc_btn title=&#8221;Franjas de encuentro cortafuego 25+25 mm EI-120 \/ EI-180&#8243; style=&#8221;outline-custom&#8221; outline_custom_color=&#8221;#000000&#8243; outline_custom_hover_background=&#8221;#666666&#8243;&#8230;<\/p>\n","protected":false},"author":2,"featured_media":0,"parent":18269,"menu_order":0,"comment_status":"closed","ping_status":"closed","template":"","meta":{"footnotes":""},"class_list":["post-18279","page","type-page","status-publish","hentry"],"yoast_head":"<!-- This site is optimized with the Yoast SEO plugin v27.4 - https:\/\/yoast.com\/product\/yoast-seo-wordpress\/ -->\n<title>Protection Firewall Stripes - Tecbor\u00ae Y - mercor tecresa\u00ae<\/title>\n<meta name=\"description\" content=\"Spanish Royal Decree 2267\/2004 on Fire Safety Regulations for Industrial Premises (RSCIEI) came into force on 3rd January 2005. The purpose of the ....\" \/>\n<meta name=\"robots\" content=\"index, follow, max-snippet:-1, max-image-preview:large, max-video-preview:-1\" \/>\n<link rel=\"canonical\" href=\"https:\/\/mcrtecresa.com\/en\/tecbor-y-boards\/firewall-stripes\" \/>\n<meta property=\"og:locale\" content=\"en_US\" \/>\n<meta property=\"og:type\" content=\"article\" \/>\n<meta property=\"og:title\" content=\"Protection Firewall Stripes - Tecbor\u00ae Y - mercor tecresa\u00ae\" \/>\n<meta property=\"og:description\" content=\"Spanish Royal Decree 2267\/2004 on Fire Safety Regulations for Industrial Premises (RSCIEI) came into force on 3rd January 2005. The purpose of the ....\" \/>\n<meta property=\"og:url\" content=\"https:\/\/mcrtecresa.com\/en\/tecbor-y-boards\/firewall-stripes\" \/>\n<meta property=\"og:site_name\" content=\"Mcr Tecresa\" \/>\n<meta property=\"article:modified_time\" content=\"2025-09-24T09:21:35+00:00\" \/>\n<meta property=\"og:image\" content=\"https:\/\/mcrtecresa.com\/wp-content\/uploads\/2025\/07\/Logo-Original-1.png\" \/>\n\t<meta property=\"og:image:width\" content=\"195\" \/>\n\t<meta property=\"og:image:height\" content=\"46\" \/>\n\t<meta property=\"og:image:type\" content=\"image\/png\" \/>\n<meta name=\"twitter:card\" content=\"summary_large_image\" \/>\n<meta name=\"twitter:label1\" content=\"Est. reading time\" \/>\n\t<meta name=\"twitter:data1\" content=\"7 minutes\" \/>\n<script type=\"application\/ld+json\" class=\"yoast-schema-graph\">{\"@context\":\"https:\\\/\\\/schema.org\",\"@graph\":[{\"@type\":\"WebPage\",\"@id\":\"https:\\\/\\\/mcrtecresa.com\\\/en\\\/tecbor-y-boards\\\/firewall-stripes\",\"url\":\"https:\\\/\\\/mcrtecresa.com\\\/en\\\/tecbor-y-boards\\\/firewall-stripes\",\"name\":\"Protection Firewall Stripes - Tecbor\u00ae Y - mercor tecresa\u00ae\",\"isPartOf\":{\"@id\":\"https:\\\/\\\/mcrtecresa.com\\\/#website\"},\"datePublished\":\"2018-03-02T01:30:24+00:00\",\"dateModified\":\"2025-09-24T09:21:35+00:00\",\"description\":\"Spanish Royal Decree 2267\\\/2004 on Fire Safety Regulations for Industrial Premises (RSCIEI) came into force on 3rd January 2005. The purpose of the ....\",\"breadcrumb\":{\"@id\":\"https:\\\/\\\/mcrtecresa.com\\\/en\\\/tecbor-y-boards\\\/firewall-stripes#breadcrumb\"},\"inLanguage\":\"en-US\",\"potentialAction\":[{\"@type\":\"ReadAction\",\"target\":[\"https:\\\/\\\/mcrtecresa.com\\\/en\\\/tecbor-y-boards\\\/firewall-stripes\"]}]},{\"@type\":\"BreadcrumbList\",\"@id\":\"https:\\\/\\\/mcrtecresa.com\\\/en\\\/tecbor-y-boards\\\/firewall-stripes#breadcrumb\",\"itemListElement\":[{\"@type\":\"ListItem\",\"position\":1,\"name\":\"mcr tecresa\u00ae\",\"item\":\"https:\\\/\\\/mcrtecresa.com\\\/en\"},{\"@type\":\"ListItem\",\"position\":2,\"name\":\"Tecbor\u00ae Y Boards\",\"item\":\"https:\\\/\\\/mcrtecresa.com\\\/en\\\/tecbor-y-boards\"},{\"@type\":\"ListItem\",\"position\":3,\"name\":\"Tecbor\u00ae Y Boards &#8211; Firewall Stripes\"}]},{\"@type\":\"WebSite\",\"@id\":\"https:\\\/\\\/mcrtecresa.com\\\/#website\",\"url\":\"https:\\\/\\\/mcrtecresa.com\\\/\",\"name\":\"Mcr Tecresa\",\"description\":\"Empresa l\u00edder en protecci\u00f3n pasiva contra incendios\",\"publisher\":{\"@id\":\"https:\\\/\\\/mcrtecresa.com\\\/#organization\"},\"alternateName\":\"Protecci\u00f3n Pasiva Contra Incendios\",\"potentialAction\":[{\"@type\":\"SearchAction\",\"target\":{\"@type\":\"EntryPoint\",\"urlTemplate\":\"https:\\\/\\\/mcrtecresa.com\\\/?s={search_term_string}\"},\"query-input\":{\"@type\":\"PropertyValueSpecification\",\"valueRequired\":true,\"valueName\":\"search_term_string\"}}],\"inLanguage\":\"en-US\"},{\"@type\":\"Organization\",\"@id\":\"https:\\\/\\\/mcrtecresa.com\\\/#organization\",\"name\":\"Mcr Tecresa\",\"url\":\"https:\\\/\\\/mcrtecresa.com\\\/\",\"logo\":{\"@type\":\"ImageObject\",\"inLanguage\":\"en-US\",\"@id\":\"https:\\\/\\\/mcrtecresa.com\\\/#\\\/schema\\\/logo\\\/image\\\/\",\"url\":\"https:\\\/\\\/mcrtecresa.com\\\/wp-content\\\/uploads\\\/2025\\\/07\\\/Logo-Original-1.png\",\"contentUrl\":\"https:\\\/\\\/mcrtecresa.com\\\/wp-content\\\/uploads\\\/2025\\\/07\\\/Logo-Original-1.png\",\"width\":195,\"height\":46,\"caption\":\"Mcr Tecresa\"},\"image\":{\"@id\":\"https:\\\/\\\/mcrtecresa.com\\\/#\\\/schema\\\/logo\\\/image\\\/\"},\"sameAs\":[\"https:\\\/\\\/www.linkedin.com\\\/company\\\/mcrtecresa\",\"https:\\\/\\\/www.youtube.com\\\/@Mcrtecresa\"]}]}<\/script>\n<!-- \/ Yoast SEO plugin. -->","yoast_head_json":{"title":"Protection Firewall Stripes - Tecbor\u00ae Y - mercor tecresa\u00ae","description":"Spanish Royal Decree 2267\/2004 on Fire Safety Regulations for Industrial Premises (RSCIEI) came into force on 3rd January 2005. The purpose of the ....","robots":{"index":"index","follow":"follow","max-snippet":"max-snippet:-1","max-image-preview":"max-image-preview:large","max-video-preview":"max-video-preview:-1"},"canonical":"https:\/\/mcrtecresa.com\/en\/tecbor-y-boards\/firewall-stripes","og_locale":"en_US","og_type":"article","og_title":"Protection Firewall Stripes - Tecbor\u00ae Y - mercor tecresa\u00ae","og_description":"Spanish Royal Decree 2267\/2004 on Fire Safety Regulations for Industrial Premises (RSCIEI) came into force on 3rd January 2005. The purpose of the ....","og_url":"https:\/\/mcrtecresa.com\/en\/tecbor-y-boards\/firewall-stripes","og_site_name":"Mcr Tecresa","article_modified_time":"2025-09-24T09:21:35+00:00","og_image":[{"width":195,"height":46,"url":"https:\/\/mcrtecresa.com\/wp-content\/uploads\/2025\/07\/Logo-Original-1.png","type":"image\/png"}],"twitter_card":"summary_large_image","twitter_misc":{"Est. reading time":"7 minutes"},"schema":{"@context":"https:\/\/schema.org","@graph":[{"@type":"WebPage","@id":"https:\/\/mcrtecresa.com\/en\/tecbor-y-boards\/firewall-stripes","url":"https:\/\/mcrtecresa.com\/en\/tecbor-y-boards\/firewall-stripes","name":"Protection Firewall Stripes - Tecbor\u00ae Y - mercor tecresa\u00ae","isPartOf":{"@id":"https:\/\/mcrtecresa.com\/#website"},"datePublished":"2018-03-02T01:30:24+00:00","dateModified":"2025-09-24T09:21:35+00:00","description":"Spanish Royal Decree 2267\/2004 on Fire Safety Regulations for Industrial Premises (RSCIEI) came into force on 3rd January 2005. The purpose of the ....","breadcrumb":{"@id":"https:\/\/mcrtecresa.com\/en\/tecbor-y-boards\/firewall-stripes#breadcrumb"},"inLanguage":"en-US","potentialAction":[{"@type":"ReadAction","target":["https:\/\/mcrtecresa.com\/en\/tecbor-y-boards\/firewall-stripes"]}]},{"@type":"BreadcrumbList","@id":"https:\/\/mcrtecresa.com\/en\/tecbor-y-boards\/firewall-stripes#breadcrumb","itemListElement":[{"@type":"ListItem","position":1,"name":"mcr tecresa\u00ae","item":"https:\/\/mcrtecresa.com\/en"},{"@type":"ListItem","position":2,"name":"Tecbor\u00ae Y Boards","item":"https:\/\/mcrtecresa.com\/en\/tecbor-y-boards"},{"@type":"ListItem","position":3,"name":"Tecbor\u00ae Y Boards &#8211; Firewall Stripes"}]},{"@type":"WebSite","@id":"https:\/\/mcrtecresa.com\/#website","url":"https:\/\/mcrtecresa.com\/","name":"Mcr Tecresa","description":"Empresa l\u00edder en protecci\u00f3n pasiva contra incendios","publisher":{"@id":"https:\/\/mcrtecresa.com\/#organization"},"alternateName":"Protecci\u00f3n Pasiva Contra Incendios","potentialAction":[{"@type":"SearchAction","target":{"@type":"EntryPoint","urlTemplate":"https:\/\/mcrtecresa.com\/?s={search_term_string}"},"query-input":{"@type":"PropertyValueSpecification","valueRequired":true,"valueName":"search_term_string"}}],"inLanguage":"en-US"},{"@type":"Organization","@id":"https:\/\/mcrtecresa.com\/#organization","name":"Mcr Tecresa","url":"https:\/\/mcrtecresa.com\/","logo":{"@type":"ImageObject","inLanguage":"en-US","@id":"https:\/\/mcrtecresa.com\/#\/schema\/logo\/image\/","url":"https:\/\/mcrtecresa.com\/wp-content\/uploads\/2025\/07\/Logo-Original-1.png","contentUrl":"https:\/\/mcrtecresa.com\/wp-content\/uploads\/2025\/07\/Logo-Original-1.png","width":195,"height":46,"caption":"Mcr Tecresa"},"image":{"@id":"https:\/\/mcrtecresa.com\/#\/schema\/logo\/image\/"},"sameAs":["https:\/\/www.linkedin.com\/company\/mcrtecresa","https:\/\/www.youtube.com\/@Mcrtecresa"]}]}},"_links":{"self":[{"href":"https:\/\/mcrtecresa.com\/en\/wp-json\/wp\/v2\/pages\/18279","targetHints":{"allow":["GET"]}}],"collection":[{"href":"https:\/\/mcrtecresa.com\/en\/wp-json\/wp\/v2\/pages"}],"about":[{"href":"https:\/\/mcrtecresa.com\/en\/wp-json\/wp\/v2\/types\/page"}],"author":[{"embeddable":true,"href":"https:\/\/mcrtecresa.com\/en\/wp-json\/wp\/v2\/users\/2"}],"replies":[{"embeddable":true,"href":"https:\/\/mcrtecresa.com\/en\/wp-json\/wp\/v2\/comments?post=18279"}],"version-history":[{"count":0,"href":"https:\/\/mcrtecresa.com\/en\/wp-json\/wp\/v2\/pages\/18279\/revisions"}],"up":[{"embeddable":true,"href":"https:\/\/mcrtecresa.com\/en\/wp-json\/wp\/v2\/pages\/18269"}],"wp:attachment":[{"href":"https:\/\/mcrtecresa.com\/en\/wp-json\/wp\/v2\/media?parent=18279"}],"curies":[{"name":"wp","href":"https:\/\/api.w.org\/{rel}","templated":true}]}}