{"id":17952,"date":"2018-02-27T02:15:22","date_gmt":"2018-02-27T00:15:22","guid":{"rendered":"https:\/\/mcrtecresa.com\/tecwool-mortar\/tecwool-825\/proteccion-de-tuneles"},"modified":"2026-03-17T14:54:06","modified_gmt":"2026-03-17T12:54:06","slug":"tunnel-protection","status":"publish","type":"page","link":"https:\/\/mcrtecresa.com\/en\/tecwool-mortar\/tecwool-825\/tunnel-protection","title":{"rendered":"Tecwool 825 \u2013 Tunnel Protection"},"content":{"rendered":"<div class=\"wpb-content-wrapper\"><p>[vc_row][vc_column][vc_column_text]<\/p>\n<pre><code class=\"html hljs xml\"><span><span><a href=\"https:\/\/mcrtecresa.com\/en\">mcr tecresa\u00ae<\/a><\/span><\/span><\/code><\/pre>\n<p>[\/vc_column_text][\/vc_column][\/vc_row][vc_row full_width=&#8221;stretch_row&#8221;][vc_column]<div class=\"mgt-header-block clearfix text-left text-black wpb_animate_when_almost_visible wpb_top-to-bottom wpb_content_element  mgt-header-block-style-2 mgt-header-texttransform-none  vc_custom_1528293958201\"><h2 class=\"mgt-header-block-title\">Tecwool\u00ae 825 Mortar - Constructive Solutions<\/h2><div class=\"mgt-header-line\"><\/div><\/div>[vc_empty_space][vc_row_inner][vc_column_inner width=&#8221;1\/4&#8243;][vc_btn title=&#8221;Steelwork protection&#8221; style=&#8221;outline-custom&#8221; outline_custom_color=&#8221;#000000&#8243; outline_custom_hover_background=&#8221;#666666&#8243; outline_custom_hover_text=&#8221;#ffffff&#8221; shape=&#8221;round&#8221; size=&#8221;sm&#8221; align=&#8221;center&#8221; button_block=&#8221;true&#8221; link=&#8221;url:https%3A%2F%2Fmcrtecresa.com%2Fen%2Ftecwool-mortar%2Ftecwool-825%2Fsteelwork-protection|||&#8221;][\/vc_column_inner][vc_column_inner width=&#8221;1\/4&#8243;][vc_btn title=&#8221;Tunnel protection&#8221; style=&#8221;custom&#8221; custom_background=&#8221;#dd3333&#8243; custom_text=&#8221;#ffffff&#8221; shape=&#8221;round&#8221; size=&#8221;sm&#8221; align=&#8221;center&#8221; button_block=&#8221;true&#8221; link=&#8221;url:%23|||&#8221;][\/vc_column_inner][vc_column_inner width=&#8221;1\/4&#8243;][\/vc_column_inner][vc_column_inner width=&#8221;1\/4&#8243;][\/vc_column_inner][\/vc_row_inner][\/vc_column][\/vc_row][vc_row full_width=&#8221;stretch_row&#8221;][vc_column][vc_empty_space height=&#8221;60px&#8221;]<div class=\"mgt-header-block clearfix text-left text-black wpb_animate_when_almost_visible wpb_top-to-bottom wpb_content_element  mgt-header-block-style-1 mgt-header-texttransform-none  vc_custom_1555049778996\"><h1 class=\"mgt-header-block-title\">Tecwool\u00ae 825 Mortar - Tunnel Protection<\/h1><div class=\"mgt-header-line\"><\/div><\/div>[vc_row_inner content_placement=&#8221;middle&#8221;][vc_column_inner width=&#8221;2\/3&#8243;][vc_column_text]<\/p>\n<p style=\"text-align: justify;\">We have previously emphasized in the section on <strong>Tecwool<sup>\u00ae<\/sup>\u00a0F\u00a0<\/strong>the importance to protect tunnels. For this purpose, Tecwool\u00ae 825 has been tested in accordance to RWS Protocol\/Efectis \u201cFire resistance of coatings to protect concrete\u201d and subject to the RWS and HCM fi re curves, adapting to the more common normative requirements worldwide. During the 3 hours of testing, temperature on the concrete surface never exceeded 201 \u00b0C, well below the maximums established in the protocol:<\/p>\n<p style=\"text-align: justify;\">380 \u00b0C on the surface and 250\u00b0 in the steel reinforcements, resulting a\u00a0<strong>Tecwool<sup>\u00ae<\/sup> 825<\/strong> superb insulation performance.<\/p>\n<p style=\"text-align: justify;\"><strong>Tecwool<sup>\u00ae<\/sup> 825<\/strong> has also showed a great adhesion capacity to concrete and steel, a monolithic finish and, due to its content of mineral wool, avoids the appearance of cracks over the time.<\/p>\n<p>[\/vc_column_text][\/vc_column_inner][vc_column_inner width=&#8221;1\/3&#8243;][vc_single_image image=&#8221;6827&#8243; img_size=&#8221;medium&#8221; alignment=&#8221;center&#8221; style=&#8221;vc_box_rounded&#8221; onclick=&#8221;link_image&#8221; css=&#8221;.vc_custom_1521619580166{margin-top: 3rem !important;}&#8221;][\/vc_column_inner][\/vc_row_inner][vc_empty_space height=&#8221;40px&#8221;][vc_row_inner][vc_column_inner width=&#8221;1\/6&#8243;][\/vc_column_inner][vc_column_inner width=&#8221;2\/3&#8243;][vc_raw_html css=&#8221;&#8221;]JTNDY2VudGVyJTNFJTNDaWZyYW1lJTIwd2lkdGglM0QlMjI4MTAlMjIlMjBoZWlnaHQlM0QlMjI0NTYlMjIlMjBzcmMlM0QlMjJodHRwcyUzQSUyRiUyRnd3dy55b3V0dWJlLmNvbSUyRmVtYmVkJTJGQTV4cTk4R0phdmclM0ZyZWwlM0QwJTI2bXV0ZSUzRDElMjIlMjBmcmFtZWJvcmRlciUzRCUyMjAlMjIlMjBlbmNyeXB0ZWQtbWVkaWElMjIlMjBhbGxvd2Z1bGxzY3JlZW4lM0UlM0MlMkZpZnJhbWUlM0UlM0MlMkZjZW50ZXIlM0U=[\/vc_raw_html][\/vc_column_inner][vc_column_inner width=&#8221;1\/6&#8243;][\/vc_column_inner][\/vc_row_inner][vc_empty_space height=&#8221;40px&#8221;][\/vc_column][\/vc_row][vc_row][vc_column width=&#8221;1\/2&#8243; el_class=&#8221;bordersolution&#8221;][vc_single_image image=&#8221;6829&#8243; img_size=&#8221;large&#8221; alignment=&#8221;center&#8221;][vc_row_inner css=&#8221;.vc_custom_1520118308650{margin-top: -6% !important;padding-right: 3rem !important;padding-left: 3rem !important;}&#8221;][vc_column_inner width=&#8221;1\/2&#8243;]<div class=\"mgt-header-block clearfix text-left text-black wpb_content_element  mgt-header-block-style-2 mgt-header-texttransform-none \"><p class=\"mgt-header-block-subtitle\">Test<\/p><h2 class=\"mgt-header-block-title\"><\/h2><div class=\"mgt-header-line\"><\/div><\/div>[vc_column_text]<b>Standard<\/b>: Protocolo RWS \/Efectis Fire testing procedure for concrete tunnel<br \/>\n<b>Laboratory<\/b>: Efectis Netherland<br \/>\n<b>Test N\u00ba<\/b>: 2010-Efectis-R0531[\/vc_column_text][\/vc_column_inner][vc_column_inner width=&#8221;1\/2&#8243;]<div class=\"mgt-header-block clearfix text-left text-black wpb_content_element  mgt-header-block-style-2 mgt-header-texttransform-none \"><p class=\"mgt-header-block-subtitle\">Solution<\/p><h2 class=\"mgt-header-block-title\"><\/h2><div class=\"mgt-header-line\"><\/div><\/div>[vc_column_text]<span style=\"color: #ff0000;\"><strong>1.<\/strong><\/span>\u00a0Concrete walls or slabs.<br \/>\n<span style=\"color: #ff0000;\"><strong>2.<\/strong><\/span> <strong>Tecwool<sup>\u00ae<\/sup> 825<\/strong> (thickness is depending on the fifi re resistance required and construction characteristics).[\/vc_column_text][\/vc_column_inner][\/vc_row_inner][\/vc_column][vc_column width=&#8221;1\/2&#8243; css=&#8221;.vc_custom_1519682712284{padding-left: 2rem !important;}&#8221;]<div class=\"mgt-header-block clearfix text-left text-black wpb_content_element  mgt-header-block-style-1 mgt-header-texttransform-none \"><h2 class=\"mgt-header-block-title\">Application<\/h2><div class=\"mgt-header-line\"><\/div><\/div>[vc_column_text]<\/p>\n<p style=\"text-align: justify;\"><strong>Tecwool<sup>\u00ae<\/sup> 825<\/strong> is spread with a pneumatic machine pursuant to the following technical specifications:<\/p>\n<p style=\"text-align: justify;\">The surface to be protected requires no prior primer, mesh or any other type of support for the mortar adherence.<\/p>\n<p style=\"text-align: justify;\">The surface to be protected should be free from dust, oil, waste, poorly\u00a0 attached particles, paint leftover, etc.<\/p>\n<p style=\"text-align: justify;\">It is recommended to use water with the application hose to wash dirt away from the faces. This will also help achieve a thermal balance between\u00a0 the mortar and the applied surface.<\/p>\n<p>[\/vc_column_text][\/vc_column][\/vc_row][vc_row][vc_column][vc_empty_space height=&#8221;50px&#8221;]<div class=\"mgt-header-block clearfix text-left text-black wpb_animate_when_almost_visible wpb_top-to-bottom wpb_content_element  mgt-header-block-style-2 mgt-header-texttransform-none  vc_custom_1527779388782\"><h2 class=\"mgt-header-block-title\">Product document<\/h2><div class=\"mgt-header-line\"><\/div><\/div>[vc_row_inner][vc_column_inner width=&#8221;1\/3&#8243;][vc_raw_html]JTNDZGl2JTIwY2xhc3MlM0QlMjJ3aWRnZXQtZG93bmxvYWQtbGluay13cmFwcGVyJTIyJTNFJTBBJTNDZGl2JTIwY2xhc3MlM0QlMjJ3aWRnZXQtZG93bmxvYWQtaWNvbiUyMiUzRSUzQ2klMjBjbGFzcyUzRCUyMmZhJTIwZmEtZmlsZS1wZGYtbyUyMiUzRSUzQyUyRmklM0UlMEElM0MlMkZkaXYlM0UlMEElM0NkaXYlMjBjbGFzcyUzRCUyMndpZGdldC1kb3dubG9hZC1kZXRhaWxzJTIyJTNFJTBBJTNDZGl2JTIwY2xhc3MlM0QlMjJ3aWRnZXQtZG93bmxvYWQtdGl0bGUlMjIlM0UlM0NzcGFuJTIwY2xhc3MlM0QlMjJkb2N1bWVudG8tcGRmJTIyJTIwb25jbGljayUzRCUyMnNldExvY2F0aW9uJTI4JTI3RFNPLXR1bm5lbC1wcm90ZWN0aW9uLXRlY3dvb2wtODI1JTI3JTI5JTIyJTNFRG93bmxvYWQlMjBTb2x1dGlvbiUzQyUyRmElM0UlM0MlMkZkaXYlM0UlMEElM0NkaXYlMjBjbGFzcyUzRCUyMndpZGdldC1kb3dubG9hZC1zdWJ0aXRsZSUyMiUzRTMxMSUyMEtiJTJDJTIwUERGJTNDJTJGZGl2JTNFJTBBJTNDJTJGZGl2JTNFJTBBJTNDJTJGZGl2JTNFJTBB[\/vc_raw_html][\/vc_column_inner][vc_column_inner width=&#8221;1\/3&#8243;][\/vc_column_inner][vc_column_inner width=&#8221;1\/3&#8243;][\/vc_column_inner][\/vc_row_inner][vc_empty_space height=&#8221;20px&#8221; el_class=&#8221;vc_hidden-sm vc_hidden-xs&#8221;]<style scoped='scoped'>.mgt-promo-block-79292048663.mgt-promo-block.darken .mgt-promo-block-content {background-color: rgba(10,10,10,0.63)!important;}.mgt-promo-block-79292048663.mgt-promo-block.animated:hover .mgt-promo-block-content {background-color: rgba(68,0,0,0.61)!important;}<\/style><div class=\"mgt-promo-block animated white-text cover-image text-size-normal darken mgt-promo-block-79292048663 wpb_content_element wpb_animate_when_almost_visible wpb_left-to-right\" data-style=\"background-color: #bababa;width: 100%; height: 200px;\"><div class=\"mgt-promo-block-content\"><div class=\"mgt-promo-block-content-inside vc_custom_1527780190791\">\n<h2>Do you have any questions about the product?<\/h2>\n<div class=\"mgt-button-wrapper mgt-button-wrapper-align-left mgt-button-wrapper-display-newline mgt-button-top-margin-enable\"><a class=\"btn hvr-icon-wobble-horizontal mgt-button mgt-style-solid-invert mgt-size-normal mgt-align-left mgt-display-newline mgt-text-size-small mgt-button-icon-position-right mgt-text-transform-uppercase \" href=\"https:\/\/mcrtecresa.com\/en\/contact-us\">Contact Us<i class=\"fa fa-arrow-right\"><\/i><\/a><\/div><\/div><\/div><\/div>[\/vc_column][\/vc_row][vc_row][vc_column]<div class=\"mgt-header-block clearfix text-left text-black wpb_content_element  mgt-header-block-style-1 mgt-header-texttransform-header \"><h2 class=\"mgt-header-block-title\">Learn More About...<\/h2><p class=\"mgt-header-block-subtitle\">Tunnel Protection with:<\/p><div class=\"mgt-header-line\"><\/div><\/div>[\/vc_column][\/vc_row][vc_row][vc_column width=&#8221;1\/3&#8243;][vc_btn title=&#8221;Tecwool\u00ae F Mortar&#8221; style=&#8221;outline-custom&#8221; outline_custom_color=&#8221;#000000&#8243; outline_custom_hover_background=&#8221;#dd3333&#8243; outline_custom_hover_text=&#8221;#ffffff&#8221; shape=&#8221;round&#8221; size=&#8221;sm&#8221; align=&#8221;center&#8221; button_block=&#8221;true&#8221; link=&#8221;url:https%3A%2F%2Fmcrtecresa.com%2Fen%2Ftecwool-mortar%2Ftecwool-f%2Ftunnel-protection|||&#8221;][\/vc_column][vc_column width=&#8221;1\/3&#8243;][vc_btn title=&#8221;Tecbor\u00ae Panels&#8221; style=&#8221;outline-custom&#8221; outline_custom_color=&#8221;#000000&#8243; outline_custom_hover_background=&#8221;#dd3333&#8243; outline_custom_hover_text=&#8221;#ffffff&#8221; shape=&#8221;round&#8221; size=&#8221;sm&#8221; align=&#8221;center&#8221; button_block=&#8221;true&#8221; link=&#8221;url:https%3A%2F%2Fmcrtecresa.com%2Fpaneles-tecbor|||&#8221;][\/vc_column][vc_column width=&#8221;1\/3&#8243;][\/vc_column][\/vc_row]<\/p>\n<\/div>","protected":false},"excerpt":{"rendered":"<p>[vc_row][vc_column][vc_column_text] [\/vc_column_text][\/vc_column][\/vc_row][vc_row full_width=&#8221;stretch_row&#8221;][vc_column][vc_empty_space][vc_row_inner][vc_column_inner width=&#8221;1\/4&#8243;][vc_btn title=&#8221;Steelwork protection&#8221; style=&#8221;outline-custom&#8221; outline_custom_color=&#8221;#000000&#8243; outline_custom_hover_background=&#8221;#666666&#8243; outline_custom_hover_text=&#8221;#ffffff&#8221; shape=&#8221;round&#8221; size=&#8221;sm&#8221; align=&#8221;center&#8221; button_block=&#8221;true&#8221; link=&#8221;url:https%3A%2F%2Fmcrtecresa.com%2Fen%2Ftecwool-mortar%2Ftecwool-825%2Fsteelwork-protection|||&#8221;][\/vc_column_inner][vc_column_inner width=&#8221;1\/4&#8243;][vc_btn title=&#8221;Tunnel protection&#8221; style=&#8221;custom&#8221; custom_background=&#8221;#dd3333&#8243; custom_text=&#8221;#ffffff&#8221; shape=&#8221;round&#8221; size=&#8221;sm&#8221; align=&#8221;center&#8221; button_block=&#8221;true&#8221; link=&#8221;url:%23|||&#8221;][\/vc_column_inner][vc_column_inner width=&#8221;1\/4&#8243;][\/vc_column_inner][vc_column_inner width=&#8221;1\/4&#8243;][\/vc_column_inner][\/vc_row_inner][\/vc_column][\/vc_row][vc_row full_width=&#8221;stretch_row&#8221;][vc_column][vc_empty_space height=&#8221;60px&#8221;][vc_row_inner&#8230;<\/p>\n","protected":false},"author":2,"featured_media":0,"parent":14338,"menu_order":0,"comment_status":"closed","ping_status":"closed","template":"","meta":{"footnotes":""},"class_list":["post-17952","page","type-page","status-publish","hentry"],"yoast_head":"<!-- This site is optimized with the Yoast SEO plugin v27.4 - https:\/\/yoast.com\/product\/yoast-seo-wordpress\/ -->\n<title>Protecci\u00f3n de t\u00faneles - Tecwool\u00ae 825 - mercor tecresa\u00ae<\/title>\n<meta name=\"description\" content=\"Protecci\u00f3n de t\u00faneles con mortero ign\u00edfugo Tecwool\u00ae 825. Ensayado y sometido a la curva RWS consiguiendo unos resultados excelentes.\" \/>\n<meta name=\"robots\" content=\"index, follow, max-snippet:-1, max-image-preview:large, max-video-preview:-1\" \/>\n<link rel=\"canonical\" href=\"https:\/\/mcrtecresa.com\/en\/tecwool-mortar\/tecwool-825\/tunnel-protection\" \/>\n<meta property=\"og:locale\" content=\"en_US\" \/>\n<meta property=\"og:type\" content=\"article\" \/>\n<meta property=\"og:title\" content=\"Protecci\u00f3n de t\u00faneles - Tecwool\u00ae 825 - mercor tecresa\u00ae\" \/>\n<meta property=\"og:description\" content=\"Protecci\u00f3n de t\u00faneles con mortero ign\u00edfugo Tecwool\u00ae 825. Ensayado y sometido a la curva RWS consiguiendo unos resultados excelentes.\" \/>\n<meta property=\"og:url\" content=\"https:\/\/mcrtecresa.com\/en\/tecwool-mortar\/tecwool-825\/tunnel-protection\" \/>\n<meta property=\"og:site_name\" content=\"Mcr Tecresa\" \/>\n<meta property=\"article:modified_time\" content=\"2026-03-17T12:54:06+00:00\" \/>\n<meta property=\"og:image\" content=\"https:\/\/mcrtecresa.com\/wp-content\/uploads\/2025\/07\/Logo-Original-1.png\" \/>\n\t<meta property=\"og:image:width\" content=\"195\" \/>\n\t<meta property=\"og:image:height\" content=\"46\" \/>\n\t<meta property=\"og:image:type\" content=\"image\/png\" \/>\n<meta name=\"twitter:card\" content=\"summary_large_image\" \/>\n<meta name=\"twitter:label1\" content=\"Est. reading time\" \/>\n\t<meta name=\"twitter:data1\" content=\"5 minutes\" \/>\n<script type=\"application\/ld+json\" class=\"yoast-schema-graph\">{\"@context\":\"https:\\\/\\\/schema.org\",\"@graph\":[{\"@type\":\"WebPage\",\"@id\":\"https:\\\/\\\/mcrtecresa.com\\\/en\\\/tecwool-mortar\\\/tecwool-825\\\/tunnel-protection\",\"url\":\"https:\\\/\\\/mcrtecresa.com\\\/en\\\/tecwool-mortar\\\/tecwool-825\\\/tunnel-protection\",\"name\":\"Protecci\u00f3n de t\u00faneles - Tecwool\u00ae 825 - mercor tecresa\u00ae\",\"isPartOf\":{\"@id\":\"https:\\\/\\\/mcrtecresa.com\\\/#website\"},\"datePublished\":\"2018-02-27T00:15:22+00:00\",\"dateModified\":\"2026-03-17T12:54:06+00:00\",\"description\":\"Protecci\u00f3n de t\u00faneles con mortero ign\u00edfugo Tecwool\u00ae 825. Ensayado y sometido a la curva RWS consiguiendo unos resultados excelentes.\",\"breadcrumb\":{\"@id\":\"https:\\\/\\\/mcrtecresa.com\\\/en\\\/tecwool-mortar\\\/tecwool-825\\\/tunnel-protection#breadcrumb\"},\"inLanguage\":\"en-US\",\"potentialAction\":[{\"@type\":\"ReadAction\",\"target\":[\"https:\\\/\\\/mcrtecresa.com\\\/en\\\/tecwool-mortar\\\/tecwool-825\\\/tunnel-protection\"]}]},{\"@type\":\"BreadcrumbList\",\"@id\":\"https:\\\/\\\/mcrtecresa.com\\\/en\\\/tecwool-mortar\\\/tecwool-825\\\/tunnel-protection#breadcrumb\",\"itemListElement\":[{\"@type\":\"ListItem\",\"position\":1,\"name\":\"mcr tecresa\u00ae\",\"item\":\"https:\\\/\\\/mcrtecresa.com\\\/en\"},{\"@type\":\"ListItem\",\"position\":2,\"name\":\"Tecwool\u00ae Mortar\",\"item\":\"https:\\\/\\\/mcrtecresa.com\\\/en\\\/tecwool-mortar\"},{\"@type\":\"ListItem\",\"position\":3,\"name\":\"Tecwool\u00ae 825 Mortar\",\"item\":\"https:\\\/\\\/mcrtecresa.com\\\/en\\\/tecwool-mortar\\\/tecwool-825\"},{\"@type\":\"ListItem\",\"position\":4,\"name\":\"Tecwool 825 \u2013 Tunnel Protection\"}]},{\"@type\":\"WebSite\",\"@id\":\"https:\\\/\\\/mcrtecresa.com\\\/#website\",\"url\":\"https:\\\/\\\/mcrtecresa.com\\\/\",\"name\":\"Mcr Tecresa\",\"description\":\"Empresa l\u00edder en protecci\u00f3n pasiva contra incendios\",\"publisher\":{\"@id\":\"https:\\\/\\\/mcrtecresa.com\\\/#organization\"},\"alternateName\":\"Protecci\u00f3n Pasiva Contra Incendios\",\"potentialAction\":[{\"@type\":\"SearchAction\",\"target\":{\"@type\":\"EntryPoint\",\"urlTemplate\":\"https:\\\/\\\/mcrtecresa.com\\\/?s={search_term_string}\"},\"query-input\":{\"@type\":\"PropertyValueSpecification\",\"valueRequired\":true,\"valueName\":\"search_term_string\"}}],\"inLanguage\":\"en-US\"},{\"@type\":\"Organization\",\"@id\":\"https:\\\/\\\/mcrtecresa.com\\\/#organization\",\"name\":\"Mcr Tecresa\",\"url\":\"https:\\\/\\\/mcrtecresa.com\\\/\",\"logo\":{\"@type\":\"ImageObject\",\"inLanguage\":\"en-US\",\"@id\":\"https:\\\/\\\/mcrtecresa.com\\\/#\\\/schema\\\/logo\\\/image\\\/\",\"url\":\"https:\\\/\\\/mcrtecresa.com\\\/wp-content\\\/uploads\\\/2025\\\/07\\\/Logo-Original-1.png\",\"contentUrl\":\"https:\\\/\\\/mcrtecresa.com\\\/wp-content\\\/uploads\\\/2025\\\/07\\\/Logo-Original-1.png\",\"width\":195,\"height\":46,\"caption\":\"Mcr Tecresa\"},\"image\":{\"@id\":\"https:\\\/\\\/mcrtecresa.com\\\/#\\\/schema\\\/logo\\\/image\\\/\"},\"sameAs\":[\"https:\\\/\\\/www.linkedin.com\\\/company\\\/mcrtecresa\",\"https:\\\/\\\/www.youtube.com\\\/@Mcrtecresa\"]}]}<\/script>\n<!-- \/ Yoast SEO plugin. -->","yoast_head_json":{"title":"Protecci\u00f3n de t\u00faneles - Tecwool\u00ae 825 - mercor tecresa\u00ae","description":"Protecci\u00f3n de t\u00faneles con mortero ign\u00edfugo Tecwool\u00ae 825. Ensayado y sometido a la curva RWS consiguiendo unos resultados excelentes.","robots":{"index":"index","follow":"follow","max-snippet":"max-snippet:-1","max-image-preview":"max-image-preview:large","max-video-preview":"max-video-preview:-1"},"canonical":"https:\/\/mcrtecresa.com\/en\/tecwool-mortar\/tecwool-825\/tunnel-protection","og_locale":"en_US","og_type":"article","og_title":"Protecci\u00f3n de t\u00faneles - Tecwool\u00ae 825 - mercor tecresa\u00ae","og_description":"Protecci\u00f3n de t\u00faneles con mortero ign\u00edfugo Tecwool\u00ae 825. Ensayado y sometido a la curva RWS consiguiendo unos resultados excelentes.","og_url":"https:\/\/mcrtecresa.com\/en\/tecwool-mortar\/tecwool-825\/tunnel-protection","og_site_name":"Mcr Tecresa","article_modified_time":"2026-03-17T12:54:06+00:00","og_image":[{"width":195,"height":46,"url":"https:\/\/mcrtecresa.com\/wp-content\/uploads\/2025\/07\/Logo-Original-1.png","type":"image\/png"}],"twitter_card":"summary_large_image","twitter_misc":{"Est. reading time":"5 minutes"},"schema":{"@context":"https:\/\/schema.org","@graph":[{"@type":"WebPage","@id":"https:\/\/mcrtecresa.com\/en\/tecwool-mortar\/tecwool-825\/tunnel-protection","url":"https:\/\/mcrtecresa.com\/en\/tecwool-mortar\/tecwool-825\/tunnel-protection","name":"Protecci\u00f3n de t\u00faneles - Tecwool\u00ae 825 - mercor tecresa\u00ae","isPartOf":{"@id":"https:\/\/mcrtecresa.com\/#website"},"datePublished":"2018-02-27T00:15:22+00:00","dateModified":"2026-03-17T12:54:06+00:00","description":"Protecci\u00f3n de t\u00faneles con mortero ign\u00edfugo Tecwool\u00ae 825. Ensayado y sometido a la curva RWS consiguiendo unos resultados excelentes.","breadcrumb":{"@id":"https:\/\/mcrtecresa.com\/en\/tecwool-mortar\/tecwool-825\/tunnel-protection#breadcrumb"},"inLanguage":"en-US","potentialAction":[{"@type":"ReadAction","target":["https:\/\/mcrtecresa.com\/en\/tecwool-mortar\/tecwool-825\/tunnel-protection"]}]},{"@type":"BreadcrumbList","@id":"https:\/\/mcrtecresa.com\/en\/tecwool-mortar\/tecwool-825\/tunnel-protection#breadcrumb","itemListElement":[{"@type":"ListItem","position":1,"name":"mcr tecresa\u00ae","item":"https:\/\/mcrtecresa.com\/en"},{"@type":"ListItem","position":2,"name":"Tecwool\u00ae Mortar","item":"https:\/\/mcrtecresa.com\/en\/tecwool-mortar"},{"@type":"ListItem","position":3,"name":"Tecwool\u00ae 825 Mortar","item":"https:\/\/mcrtecresa.com\/en\/tecwool-mortar\/tecwool-825"},{"@type":"ListItem","position":4,"name":"Tecwool 825 \u2013 Tunnel Protection"}]},{"@type":"WebSite","@id":"https:\/\/mcrtecresa.com\/#website","url":"https:\/\/mcrtecresa.com\/","name":"Mcr Tecresa","description":"Empresa l\u00edder en protecci\u00f3n pasiva contra incendios","publisher":{"@id":"https:\/\/mcrtecresa.com\/#organization"},"alternateName":"Protecci\u00f3n Pasiva Contra Incendios","potentialAction":[{"@type":"SearchAction","target":{"@type":"EntryPoint","urlTemplate":"https:\/\/mcrtecresa.com\/?s={search_term_string}"},"query-input":{"@type":"PropertyValueSpecification","valueRequired":true,"valueName":"search_term_string"}}],"inLanguage":"en-US"},{"@type":"Organization","@id":"https:\/\/mcrtecresa.com\/#organization","name":"Mcr Tecresa","url":"https:\/\/mcrtecresa.com\/","logo":{"@type":"ImageObject","inLanguage":"en-US","@id":"https:\/\/mcrtecresa.com\/#\/schema\/logo\/image\/","url":"https:\/\/mcrtecresa.com\/wp-content\/uploads\/2025\/07\/Logo-Original-1.png","contentUrl":"https:\/\/mcrtecresa.com\/wp-content\/uploads\/2025\/07\/Logo-Original-1.png","width":195,"height":46,"caption":"Mcr Tecresa"},"image":{"@id":"https:\/\/mcrtecresa.com\/#\/schema\/logo\/image\/"},"sameAs":["https:\/\/www.linkedin.com\/company\/mcrtecresa","https:\/\/www.youtube.com\/@Mcrtecresa"]}]}},"_links":{"self":[{"href":"https:\/\/mcrtecresa.com\/en\/wp-json\/wp\/v2\/pages\/17952","targetHints":{"allow":["GET"]}}],"collection":[{"href":"https:\/\/mcrtecresa.com\/en\/wp-json\/wp\/v2\/pages"}],"about":[{"href":"https:\/\/mcrtecresa.com\/en\/wp-json\/wp\/v2\/types\/page"}],"author":[{"embeddable":true,"href":"https:\/\/mcrtecresa.com\/en\/wp-json\/wp\/v2\/users\/2"}],"replies":[{"embeddable":true,"href":"https:\/\/mcrtecresa.com\/en\/wp-json\/wp\/v2\/comments?post=17952"}],"version-history":[{"count":0,"href":"https:\/\/mcrtecresa.com\/en\/wp-json\/wp\/v2\/pages\/17952\/revisions"}],"up":[{"embeddable":true,"href":"https:\/\/mcrtecresa.com\/en\/wp-json\/wp\/v2\/pages\/14338"}],"wp:attachment":[{"href":"https:\/\/mcrtecresa.com\/en\/wp-json\/wp\/v2\/media?parent=17952"}],"curies":[{"name":"wp","href":"https:\/\/api.w.org\/{rel}","templated":true}]}}