{"id":17912,"date":"2018-02-27T01:56:05","date_gmt":"2018-02-26T23:56:05","guid":{"rendered":"https:\/\/mcrtecresa.com\/tecwool-mortar\/tecwool-t\/forjados-y-paredes-de-garajes"},"modified":"2025-09-24T11:11:07","modified_gmt":"2025-09-24T09:11:07","slug":"slabs-structures-and-walls-of-premises-and-car-parks","status":"publish","type":"page","link":"https:\/\/mcrtecresa.com\/en\/tecwool-mortar\/tecwool-t\/slabs-structures-and-walls-of-premises-and-car-parks","title":{"rendered":"Tecwool T \u2013 Slabs structures and walls of premises and car parks"},"content":{"rendered":"<div class=\"wpb-content-wrapper\"><p>[vc_row][vc_column][vc_column_text]<\/p>\n<pre><code class=\"html hljs xml\"><span><span><a href=\"https:\/\/mcrtecresa.com\/en\">mcr tecresa\u00ae<\/a><\/span><\/span><\/code><\/pre>\n<p>[\/vc_column_text][\/vc_column][\/vc_row][vc_row full_width=&#8221;stretch_row&#8221;][vc_column]<div class=\"mgt-header-block clearfix text-left text-black wpb_animate_when_almost_visible wpb_top-to-bottom wpb_content_element  mgt-header-block-style-2 mgt-header-texttransform-none  vc_custom_1528294069841\"><h2 class=\"mgt-header-block-title\">Tecwool\u00ae T Mortar - Constructive Solutions<\/h2><div class=\"mgt-header-line\"><\/div><\/div>[vc_empty_space][vc_row_inner][vc_column_inner width=&#8221;1\/4&#8243;][vc_btn title=&#8221;Ventilated facade&#8221; style=&#8221;outline-custom&#8221; outline_custom_color=&#8221;#000000&#8243; outline_custom_hover_background=&#8221;#666666&#8243; outline_custom_hover_text=&#8221;#ffffff&#8221; shape=&#8221;round&#8221; size=&#8221;sm&#8221; align=&#8221;center&#8221; button_block=&#8221;true&#8221; link=&#8221;url:https%3A%2F%2Fmcrtecresa.com%2Fen%2Ftecwool-mortar%2Ftecwool-t%2Fventilated-facade|||&#8221;][\/vc_column_inner][vc_column_inner width=&#8221;1\/4&#8243;][vc_btn title=&#8221;Slabs structures and walls of premises and car parks&#8221; style=&#8221;custom&#8221; custom_background=&#8221;#dd3333&#8243; custom_text=&#8221;#ffffff&#8221; shape=&#8221;round&#8221; size=&#8221;sm&#8221; align=&#8221;center&#8221; button_block=&#8221;true&#8221; link=&#8221;url:%23|||&#8221;][\/vc_column_inner][vc_column_inner width=&#8221;1\/4&#8243;][\/vc_column_inner][vc_column_inner width=&#8221;1\/4&#8243;][\/vc_column_inner][\/vc_row_inner][\/vc_column][\/vc_row][vc_row full_width=&#8221;stretch_row&#8221;][vc_column][vc_empty_space height=&#8221;60px&#8221;]<div class=\"mgt-header-block clearfix text-left text-black wpb_animate_when_almost_visible wpb_top-to-bottom wpb_content_element  mgt-header-block-style-1 mgt-header-texttransform-none  vc_custom_1555049696965\"><h1 class=\"mgt-header-block-title\">Tecwool\u00ae T Mortar - Slabs structures and walls of premises and car parks<\/h1><div class=\"mgt-header-line\"><\/div><\/div>[vc_row_inner][vc_column_inner width=&#8221;2\/3&#8243;][vc_column_text]<\/p>\n<p style=\"text-align: justify;\"><strong>Tecwool<sup>\u00ae<\/sup> T<\/strong> is the best solution to provide a perfect thermal insulation between homes and non-heated premises (car parks, warehouses,\u00a0etc).<\/p>\n<p style=\"text-align: justify;\">Applied by spreading, a continuous and uniform finishing can be obtained both in the slab structure\u2019s lower side and over vertical splitting elements.<\/p>\n<p style=\"text-align: justify;\"><strong>Tecwool<sup>\u00ae<\/sup> T<\/strong> ensures great acoustic insulation, minimising noise from running vehicles in car parks.<\/p>\n<p style=\"text-align: justify;\"><strong>Tecwool<sup>\u00ae<\/sup> T<\/strong> has an A1 fire reaction classification complying with specifications in the Technical Building Code for this type of coating.<\/p>\n<p>[\/vc_column_text][\/vc_column_inner][vc_column_inner width=&#8221;1\/3&#8243;][vc_single_image image=&#8221;6815&#8243; img_size=&#8221;medium&#8221; alignment=&#8221;center&#8221; style=&#8221;vc_box_rounded&#8221; onclick=&#8221;link_image&#8221; css=&#8221;.vc_custom_1520858808642{margin-top: 3rem !important;}&#8221;][\/vc_column_inner][\/vc_row_inner][vc_empty_space height=&#8221;40px&#8221;][\/vc_column][\/vc_row][vc_row][vc_column width=&#8221;1\/2&#8243; el_class=&#8221;bordersolution&#8221;][vc_single_image image=&#8221;6817&#8243; img_size=&#8221;large&#8221; alignment=&#8221;center&#8221; onclick=&#8221;link_image&#8221;][vc_row_inner css=&#8221;.vc_custom_1519682527087{padding-right: 3rem !important;padding-left: 3rem !important;}&#8221;][vc_column_inner]<div class=\"mgt-header-block clearfix text-left text-black wpb_content_element  mgt-header-block-style-2 mgt-header-texttransform-none \"><p class=\"mgt-header-block-subtitle\">Solution<\/p><h2 class=\"mgt-header-block-title\"><\/h2><div class=\"mgt-header-line\"><\/div><\/div>[vc_column_text]<span style=\"color: #ff0000;\"><strong>1.<\/strong><\/span> Slab structure.<br \/>\n<span style=\"color: #ff0000;\"><strong>2.<\/strong><\/span> <strong>Tecwool<sup>\u00ae<\/sup> T<\/strong> (thickness according to necessary insulation).[\/vc_column_text][\/vc_column_inner][\/vc_row_inner][\/vc_column][vc_column width=&#8221;1\/2&#8243; css=&#8221;.vc_custom_1519682712284{padding-left: 2rem !important;}&#8221;]<div class=\"mgt-header-block clearfix text-left text-black wpb_content_element  mgt-header-block-style-1 mgt-header-texttransform-none \"><h2 class=\"mgt-header-block-title\">Application<\/h2><div class=\"mgt-header-line\"><\/div><\/div>[vc_column_text]<\/p>\n<p style=\"text-align: justify;\"><strong>Tecwool<sup>\u00ae<\/sup> T<\/strong> is spread with a pneumatic machine pursuant to the following technical specifications:<\/p>\n<p style=\"text-align: justify;\">Substrates as metal deck, concrete slab or brickwall does not need any previous treatment as primers, metal mesh or any others.<\/p>\n<p style=\"text-align: justify;\">The surface to be protected should be free from dust, oil, waste, poorly attached particles, paint leftover, etc.<\/p>\n<p style=\"text-align: justify;\">It is recommended to use water with the application hose to wash dirt away from the faces. This will also help achieve a thermal balance between the mortar and the applied surface.<\/p>\n<p style=\"text-align: justify;\"><strong>Tecwool<sup>\u00ae<\/sup> T<\/strong> can provide different finishings: rugged, smooth, painted, etc., according to different aesthetic requirements. Once the spread is completed and in order to obtain a smooth finishing, a roller should be used and pressed slightly over the wet mortar until the desired finishing is obtained. It is possible to paint the mortar with elastic acrylic coatings to form a steam barrier.<br \/>\nBefore painting the mortar should be completely dry (28 days).<\/p>\n<p style=\"text-align: justify;\">Once spread, mortar should be water sprayed superficially to ensure optimum settling of the cement.<\/p>\n<p>[\/vc_column_text][\/vc_column][\/vc_row][vc_row][vc_column][vc_empty_space height=&#8221;50px&#8221;]<div class=\"mgt-header-block clearfix text-left text-black wpb_animate_when_almost_visible wpb_top-to-bottom wpb_content_element  mgt-header-block-style-2 mgt-header-texttransform-none  vc_custom_1527774909236\"><h2 class=\"mgt-header-block-title\">Product document<\/h2><div class=\"mgt-header-line\"><\/div><\/div>[vc_row_inner][vc_column_inner width=&#8221;1\/3&#8243;][vc_raw_html]JTNDZGl2JTIwY2xhc3MlM0QlMjJ3aWRnZXQtZG93bmxvYWQtbGluay13cmFwcGVyJTIyJTNFJTBBJTNDZGl2JTIwY2xhc3MlM0QlMjJ3aWRnZXQtZG93bmxvYWQtaWNvbiUyMiUzRSUzQ2klMjBjbGFzcyUzRCUyMmZhJTIwZmEtZmlsZS1wZGYtbyUyMiUzRSUzQyUyRmklM0UlMEElM0MlMkZkaXYlM0UlMEElM0NkaXYlMjBjbGFzcyUzRCUyMndpZGdldC1kb3dubG9hZC1kZXRhaWxzJTIyJTNFJTBBJTNDZGl2JTIwY2xhc3MlM0QlMjJ3aWRnZXQtZG93bmxvYWQtdGl0bGUlMjIlM0UlM0NzcGFuJTIwY2xhc3MlM0QlMjJkb2N1bWVudG8tcGRmJTIyJTIwb25jbGljayUzRCUyMnNldExvY2F0aW9uJTI4JTI3RFMtc2xhYi1zdHJ1Y3R1cmVzLXRlY3dvb2wtdCUyNyUyOSUyMiUzRURvd25sb2FkJTIwc29sdXRpb24lM0MlMkZhJTNFJTNDJTJGZGl2JTNFJTBBJTNDZGl2JTIwY2xhc3MlM0QlMjJ3aWRnZXQtZG93bmxvYWQtc3VidGl0bGUlMjIlM0U1MTglMjBLYiUyQyUyMFBERiUzQyUyRmRpdiUzRSUwQSUzQyUyRmRpdiUzRSUwQSUzQyUyRmRpdiUzRSUwQQ==[\/vc_raw_html][\/vc_column_inner][vc_column_inner width=&#8221;1\/3&#8243;][\/vc_column_inner][vc_column_inner width=&#8221;1\/3&#8243;][\/vc_column_inner][\/vc_row_inner][vc_empty_space height=&#8221;20px&#8221; el_class=&#8221;vc_hidden-sm vc_hidden-xs&#8221;]<style scoped='scoped'>.mgt-promo-block-79292048663.mgt-promo-block.darken .mgt-promo-block-content {background-color: rgba(10,10,10,0.63)!important;}.mgt-promo-block-79292048663.mgt-promo-block.animated:hover .mgt-promo-block-content {background-color: rgba(68,0,0,0.61)!important;}<\/style><div class=\"mgt-promo-block animated white-text cover-image text-size-normal darken mgt-promo-block-79292048663 wpb_content_element wpb_animate_when_almost_visible wpb_left-to-right\" data-style=\"background-color: #bababa;width: 100%; height: 200px;\"><div class=\"mgt-promo-block-content\"><div class=\"mgt-promo-block-content-inside vc_custom_1527775148490\">\n<h2>Do you have any questions about the product?<\/h2>\n<div class=\"mgt-button-wrapper mgt-button-wrapper-align-left mgt-button-wrapper-display-newline mgt-button-top-margin-enable\"><a class=\"btn hvr-icon-wobble-horizontal mgt-button mgt-style-solid-invert mgt-size-normal mgt-align-left mgt-display-newline mgt-text-size-small mgt-button-icon-position-right mgt-text-transform-uppercase \" href=\"https:\/\/mcrtecresa.com\/en\/contact-us\">Contact Us<i class=\"fa fa-arrow-right\"><\/i><\/a><\/div><\/div><\/div><\/div>[\/vc_column][\/vc_row]<\/p>\n<\/div>","protected":false},"excerpt":{"rendered":"<p>[vc_row][vc_column][vc_column_text] [\/vc_column_text][\/vc_column][\/vc_row][vc_row full_width=&#8221;stretch_row&#8221;][vc_column][vc_empty_space][vc_row_inner][vc_column_inner width=&#8221;1\/4&#8243;][vc_btn title=&#8221;Ventilated facade&#8221; style=&#8221;outline-custom&#8221; outline_custom_color=&#8221;#000000&#8243; outline_custom_hover_background=&#8221;#666666&#8243; outline_custom_hover_text=&#8221;#ffffff&#8221; shape=&#8221;round&#8221; size=&#8221;sm&#8221; align=&#8221;center&#8221; button_block=&#8221;true&#8221; link=&#8221;url:https%3A%2F%2Fmcrtecresa.com%2Fen%2Ftecwool-mortar%2Ftecwool-t%2Fventilated-facade|||&#8221;][\/vc_column_inner][vc_column_inner width=&#8221;1\/4&#8243;][vc_btn title=&#8221;Slabs structures and walls of premises and car parks&#8221; style=&#8221;custom&#8221; custom_background=&#8221;#dd3333&#8243; custom_text=&#8221;#ffffff&#8221; shape=&#8221;round&#8221; size=&#8221;sm&#8221;&#8230;<\/p>\n","protected":false},"author":2,"featured_media":0,"parent":14334,"menu_order":0,"comment_status":"closed","ping_status":"closed","template":"","meta":{"footnotes":""},"class_list":["post-17912","page","type-page","status-publish","hentry"],"yoast_head":"<!-- This site is optimized with the Yoast SEO plugin v27.4 - https:\/\/yoast.com\/product\/yoast-seo-wordpress\/ -->\n<title>Protecci\u00f3n de forjados y paredes de garajes y locales - Tecwool\u00ae T<\/title>\n<meta name=\"description\" content=\"Tecwool\u00ae T es la soluci\u00f3n m\u00e1s adecuada para proporcionar un perfecto aislamiento t\u00e9rmico entre viviendas y locales no calefactados.\" \/>\n<meta name=\"robots\" content=\"index, follow, max-snippet:-1, max-image-preview:large, max-video-preview:-1\" \/>\n<link rel=\"canonical\" href=\"https:\/\/mcrtecresa.com\/en\/tecwool-mortar\/tecwool-t\/slabs-structures-and-walls-of-premises-and-car-parks\" \/>\n<meta property=\"og:locale\" content=\"en_US\" \/>\n<meta property=\"og:type\" content=\"article\" \/>\n<meta property=\"og:title\" content=\"Protecci\u00f3n de forjados y paredes de garajes y locales - Tecwool\u00ae T\" \/>\n<meta property=\"og:description\" content=\"Tecwool\u00ae T es la soluci\u00f3n m\u00e1s adecuada para proporcionar un perfecto aislamiento t\u00e9rmico entre viviendas y locales no calefactados.\" \/>\n<meta property=\"og:url\" content=\"https:\/\/mcrtecresa.com\/en\/tecwool-mortar\/tecwool-t\/slabs-structures-and-walls-of-premises-and-car-parks\" \/>\n<meta property=\"og:site_name\" content=\"Mcr Tecresa\" \/>\n<meta property=\"article:modified_time\" content=\"2025-09-24T09:11:07+00:00\" \/>\n<meta property=\"og:image\" content=\"https:\/\/mcrtecresa.com\/wp-content\/uploads\/2025\/07\/Logo-Original-1.png\" \/>\n\t<meta property=\"og:image:width\" content=\"195\" \/>\n\t<meta property=\"og:image:height\" content=\"46\" \/>\n\t<meta property=\"og:image:type\" content=\"image\/png\" \/>\n<meta name=\"twitter:card\" content=\"summary_large_image\" \/>\n<meta name=\"twitter:label1\" content=\"Est. reading time\" \/>\n\t<meta name=\"twitter:data1\" content=\"4 minutes\" \/>\n<script type=\"application\/ld+json\" class=\"yoast-schema-graph\">{\"@context\":\"https:\\\/\\\/schema.org\",\"@graph\":[{\"@type\":\"WebPage\",\"@id\":\"https:\\\/\\\/mcrtecresa.com\\\/en\\\/tecwool-mortar\\\/tecwool-t\\\/slabs-structures-and-walls-of-premises-and-car-parks\",\"url\":\"https:\\\/\\\/mcrtecresa.com\\\/en\\\/tecwool-mortar\\\/tecwool-t\\\/slabs-structures-and-walls-of-premises-and-car-parks\",\"name\":\"Protecci\u00f3n de forjados y paredes de garajes y locales - Tecwool\u00ae T\",\"isPartOf\":{\"@id\":\"https:\\\/\\\/mcrtecresa.com\\\/#website\"},\"datePublished\":\"2018-02-26T23:56:05+00:00\",\"dateModified\":\"2025-09-24T09:11:07+00:00\",\"description\":\"Tecwool\u00ae T es la soluci\u00f3n m\u00e1s adecuada para proporcionar un perfecto aislamiento t\u00e9rmico entre viviendas y locales no calefactados.\",\"breadcrumb\":{\"@id\":\"https:\\\/\\\/mcrtecresa.com\\\/en\\\/tecwool-mortar\\\/tecwool-t\\\/slabs-structures-and-walls-of-premises-and-car-parks#breadcrumb\"},\"inLanguage\":\"en-US\",\"potentialAction\":[{\"@type\":\"ReadAction\",\"target\":[\"https:\\\/\\\/mcrtecresa.com\\\/en\\\/tecwool-mortar\\\/tecwool-t\\\/slabs-structures-and-walls-of-premises-and-car-parks\"]}]},{\"@type\":\"BreadcrumbList\",\"@id\":\"https:\\\/\\\/mcrtecresa.com\\\/en\\\/tecwool-mortar\\\/tecwool-t\\\/slabs-structures-and-walls-of-premises-and-car-parks#breadcrumb\",\"itemListElement\":[{\"@type\":\"ListItem\",\"position\":1,\"name\":\"mcr tecresa\u00ae\",\"item\":\"https:\\\/\\\/mcrtecresa.com\\\/en\"},{\"@type\":\"ListItem\",\"position\":2,\"name\":\"Tecwool\u00ae Mortar\",\"item\":\"https:\\\/\\\/mcrtecresa.com\\\/en\\\/tecwool-mortar\"},{\"@type\":\"ListItem\",\"position\":3,\"name\":\"Tecwool T Mortar\",\"item\":\"https:\\\/\\\/mcrtecresa.com\\\/en\\\/tecwool-mortar\\\/tecwool-t\"},{\"@type\":\"ListItem\",\"position\":4,\"name\":\"Tecwool T \u2013 Slabs structures and walls of premises and car parks\"}]},{\"@type\":\"WebSite\",\"@id\":\"https:\\\/\\\/mcrtecresa.com\\\/#website\",\"url\":\"https:\\\/\\\/mcrtecresa.com\\\/\",\"name\":\"Mcr Tecresa\",\"description\":\"Empresa l\u00edder en protecci\u00f3n pasiva contra incendios\",\"publisher\":{\"@id\":\"https:\\\/\\\/mcrtecresa.com\\\/#organization\"},\"alternateName\":\"Protecci\u00f3n Pasiva Contra Incendios\",\"potentialAction\":[{\"@type\":\"SearchAction\",\"target\":{\"@type\":\"EntryPoint\",\"urlTemplate\":\"https:\\\/\\\/mcrtecresa.com\\\/?s={search_term_string}\"},\"query-input\":{\"@type\":\"PropertyValueSpecification\",\"valueRequired\":true,\"valueName\":\"search_term_string\"}}],\"inLanguage\":\"en-US\"},{\"@type\":\"Organization\",\"@id\":\"https:\\\/\\\/mcrtecresa.com\\\/#organization\",\"name\":\"Mcr Tecresa\",\"url\":\"https:\\\/\\\/mcrtecresa.com\\\/\",\"logo\":{\"@type\":\"ImageObject\",\"inLanguage\":\"en-US\",\"@id\":\"https:\\\/\\\/mcrtecresa.com\\\/#\\\/schema\\\/logo\\\/image\\\/\",\"url\":\"https:\\\/\\\/mcrtecresa.com\\\/wp-content\\\/uploads\\\/2025\\\/07\\\/Logo-Original-1.png\",\"contentUrl\":\"https:\\\/\\\/mcrtecresa.com\\\/wp-content\\\/uploads\\\/2025\\\/07\\\/Logo-Original-1.png\",\"width\":195,\"height\":46,\"caption\":\"Mcr Tecresa\"},\"image\":{\"@id\":\"https:\\\/\\\/mcrtecresa.com\\\/#\\\/schema\\\/logo\\\/image\\\/\"},\"sameAs\":[\"https:\\\/\\\/www.linkedin.com\\\/company\\\/mcrtecresa\",\"https:\\\/\\\/www.youtube.com\\\/@Mcrtecresa\"]}]}<\/script>\n<!-- \/ Yoast SEO plugin. -->","yoast_head_json":{"title":"Protecci\u00f3n de forjados y paredes de garajes y locales - Tecwool\u00ae T","description":"Tecwool\u00ae T es la soluci\u00f3n m\u00e1s adecuada para proporcionar un perfecto aislamiento t\u00e9rmico entre viviendas y locales no calefactados.","robots":{"index":"index","follow":"follow","max-snippet":"max-snippet:-1","max-image-preview":"max-image-preview:large","max-video-preview":"max-video-preview:-1"},"canonical":"https:\/\/mcrtecresa.com\/en\/tecwool-mortar\/tecwool-t\/slabs-structures-and-walls-of-premises-and-car-parks","og_locale":"en_US","og_type":"article","og_title":"Protecci\u00f3n de forjados y paredes de garajes y locales - Tecwool\u00ae T","og_description":"Tecwool\u00ae T es la soluci\u00f3n m\u00e1s adecuada para proporcionar un perfecto aislamiento t\u00e9rmico entre viviendas y locales no calefactados.","og_url":"https:\/\/mcrtecresa.com\/en\/tecwool-mortar\/tecwool-t\/slabs-structures-and-walls-of-premises-and-car-parks","og_site_name":"Mcr Tecresa","article_modified_time":"2025-09-24T09:11:07+00:00","og_image":[{"width":195,"height":46,"url":"https:\/\/mcrtecresa.com\/wp-content\/uploads\/2025\/07\/Logo-Original-1.png","type":"image\/png"}],"twitter_card":"summary_large_image","twitter_misc":{"Est. reading time":"4 minutes"},"schema":{"@context":"https:\/\/schema.org","@graph":[{"@type":"WebPage","@id":"https:\/\/mcrtecresa.com\/en\/tecwool-mortar\/tecwool-t\/slabs-structures-and-walls-of-premises-and-car-parks","url":"https:\/\/mcrtecresa.com\/en\/tecwool-mortar\/tecwool-t\/slabs-structures-and-walls-of-premises-and-car-parks","name":"Protecci\u00f3n de forjados y paredes de garajes y locales - Tecwool\u00ae T","isPartOf":{"@id":"https:\/\/mcrtecresa.com\/#website"},"datePublished":"2018-02-26T23:56:05+00:00","dateModified":"2025-09-24T09:11:07+00:00","description":"Tecwool\u00ae T es la soluci\u00f3n m\u00e1s adecuada para proporcionar un perfecto aislamiento t\u00e9rmico entre viviendas y locales no calefactados.","breadcrumb":{"@id":"https:\/\/mcrtecresa.com\/en\/tecwool-mortar\/tecwool-t\/slabs-structures-and-walls-of-premises-and-car-parks#breadcrumb"},"inLanguage":"en-US","potentialAction":[{"@type":"ReadAction","target":["https:\/\/mcrtecresa.com\/en\/tecwool-mortar\/tecwool-t\/slabs-structures-and-walls-of-premises-and-car-parks"]}]},{"@type":"BreadcrumbList","@id":"https:\/\/mcrtecresa.com\/en\/tecwool-mortar\/tecwool-t\/slabs-structures-and-walls-of-premises-and-car-parks#breadcrumb","itemListElement":[{"@type":"ListItem","position":1,"name":"mcr tecresa\u00ae","item":"https:\/\/mcrtecresa.com\/en"},{"@type":"ListItem","position":2,"name":"Tecwool\u00ae Mortar","item":"https:\/\/mcrtecresa.com\/en\/tecwool-mortar"},{"@type":"ListItem","position":3,"name":"Tecwool T Mortar","item":"https:\/\/mcrtecresa.com\/en\/tecwool-mortar\/tecwool-t"},{"@type":"ListItem","position":4,"name":"Tecwool T \u2013 Slabs structures and walls of premises and car parks"}]},{"@type":"WebSite","@id":"https:\/\/mcrtecresa.com\/#website","url":"https:\/\/mcrtecresa.com\/","name":"Mcr Tecresa","description":"Empresa l\u00edder en protecci\u00f3n pasiva contra incendios","publisher":{"@id":"https:\/\/mcrtecresa.com\/#organization"},"alternateName":"Protecci\u00f3n Pasiva Contra Incendios","potentialAction":[{"@type":"SearchAction","target":{"@type":"EntryPoint","urlTemplate":"https:\/\/mcrtecresa.com\/?s={search_term_string}"},"query-input":{"@type":"PropertyValueSpecification","valueRequired":true,"valueName":"search_term_string"}}],"inLanguage":"en-US"},{"@type":"Organization","@id":"https:\/\/mcrtecresa.com\/#organization","name":"Mcr Tecresa","url":"https:\/\/mcrtecresa.com\/","logo":{"@type":"ImageObject","inLanguage":"en-US","@id":"https:\/\/mcrtecresa.com\/#\/schema\/logo\/image\/","url":"https:\/\/mcrtecresa.com\/wp-content\/uploads\/2025\/07\/Logo-Original-1.png","contentUrl":"https:\/\/mcrtecresa.com\/wp-content\/uploads\/2025\/07\/Logo-Original-1.png","width":195,"height":46,"caption":"Mcr Tecresa"},"image":{"@id":"https:\/\/mcrtecresa.com\/#\/schema\/logo\/image\/"},"sameAs":["https:\/\/www.linkedin.com\/company\/mcrtecresa","https:\/\/www.youtube.com\/@Mcrtecresa"]}]}},"_links":{"self":[{"href":"https:\/\/mcrtecresa.com\/en\/wp-json\/wp\/v2\/pages\/17912","targetHints":{"allow":["GET"]}}],"collection":[{"href":"https:\/\/mcrtecresa.com\/en\/wp-json\/wp\/v2\/pages"}],"about":[{"href":"https:\/\/mcrtecresa.com\/en\/wp-json\/wp\/v2\/types\/page"}],"author":[{"embeddable":true,"href":"https:\/\/mcrtecresa.com\/en\/wp-json\/wp\/v2\/users\/2"}],"replies":[{"embeddable":true,"href":"https:\/\/mcrtecresa.com\/en\/wp-json\/wp\/v2\/comments?post=17912"}],"version-history":[{"count":0,"href":"https:\/\/mcrtecresa.com\/en\/wp-json\/wp\/v2\/pages\/17912\/revisions"}],"up":[{"embeddable":true,"href":"https:\/\/mcrtecresa.com\/en\/wp-json\/wp\/v2\/pages\/14334"}],"wp:attachment":[{"href":"https:\/\/mcrtecresa.com\/en\/wp-json\/wp\/v2\/media?parent=17912"}],"curies":[{"name":"wp","href":"https:\/\/api.w.org\/{rel}","templated":true}]}}