{"id":14338,"date":"2018-02-09T21:37:40","date_gmt":"2018-02-09T19:37:40","guid":{"rendered":"https:\/\/mcrtecresa.com\/morteros-tecwool-825"},"modified":"2025-10-13T14:06:46","modified_gmt":"2025-10-13T12:06:46","slug":"tecwool-825","status":"publish","type":"page","link":"https:\/\/mcrtecresa.com\/en\/tecwool-mortar\/tecwool-825","title":{"rendered":"Tecwool\u00ae 825 Mortar"},"content":{"rendered":"<div class=\"wpb-content-wrapper\"><p>[vc_row][vc_column][vc_column_text]<\/p>\n<pre><code class=\"html hljs xml\"><span><span><a href=\"https:\/\/mcrtecresa.com\/en\">mcr tecresa\u00ae<\/a><\/span><\/span><\/code><\/pre>\n<p>[\/vc_column_text][\/vc_column][\/vc_row][vc_row][vc_column]<div class=\"mgt-header-block clearfix text-left text-black wpb_animate_when_almost_visible wpb_bottom-to-top wpb_content_element  mgt-header-block-style-1 mgt-header-texttransform-none  vc_custom_1555049733050\"><h1 class=\"mgt-header-block-title\">Tecwool\u00ae 825 Mortar<\/h1><div class=\"mgt-header-line\"><\/div><\/div>[\/vc_column][\/vc_row][vc_row][vc_column width=&#8221;2\/3&#8243;][vc_column_text css_animation=&#8221;bottom-to-top&#8221; css=&#8221;&#8221;]<\/p>\n<p style=\"text-align: justify;\"><strong>Tecwool<sup>\u00ae<\/sup> 825<\/strong>\u00a0is a mortar made of rook wool, cement and small amounts of heat-resistant material manufactured by <strong>mcr tecresa<sup>\u00ae<\/sup><\/strong><strong><sup>\u00a0<\/sup><\/strong>and specifically designed for fire protection for industrial applications and tunnels. Its cement content makes it highly robust.\u00a0It looks like a monolithic block resistant to erosion and semi-exposed or partially covered areas.<\/p>\n<p style=\"text-align: justify;\">Tested under hydrocarbons curve, RWS curve and American UL standards, <strong>Tecwool<sup>\u00ae<\/sup> 825<\/strong> has been subjected to simulations to evaluate fires at high temperatures during a long period of time.<\/p>\n<p style=\"text-align: justify;\"><strong>Tecwool<sup>\u00ae<\/sup> 825<\/strong> adapts to a wide variety of supports, even when exposed to settlement vibrations or movements. No cracking or crazing as a result of its perfect adherence and flexibility.<\/p>\n<p style=\"text-align: justify;\">Due to its alkalinity, the product resists fungi, does not corrode steel or release toxic or flammable vapour.<\/p>\n<p>[\/vc_column_text][\/vc_column][vc_column width=&#8221;1\/3&#8243;][vc_single_image image=&#8221;6451&#8243; img_size=&#8221;full&#8221; onclick=&#8221;link_image&#8221;][\/vc_column][\/vc_row][vc_row full_width=&#8221;stretch_row&#8221;][vc_column]<div class=\"mgt-header-block clearfix text-left text-black wpb_animate_when_almost_visible wpb_top-to-bottom wpb_content_element  mgt-header-block-style-2 mgt-header-texttransform-none  vc_custom_1527777003469\"><h2 class=\"mgt-header-block-title\">Tecwool\u00ae 825 - Constructive Solutions<\/h2><div class=\"mgt-header-line\"><\/div><\/div>[vc_row_inner][vc_column_inner width=&#8221;1\/4&#8243;][vc_btn title=&#8221;Steelwork protection&#8221; style=&#8221;outline-custom&#8221; outline_custom_color=&#8221;#e42143&#8243; outline_custom_hover_background=&#8221;#e42413&#8243; outline_custom_hover_text=&#8221;#ffffff&#8221; shape=&#8221;round&#8221; size=&#8221;sm&#8221; align=&#8221;center&#8221; button_block=&#8221;true&#8221; link=&#8221;url:https%3A%2F%2Fmcrtecresa.com%2Fen%2Ftecwool-mortar%2Ftecwool-825%2Fsteelwork-protection|||&#8221;][\/vc_column_inner][vc_column_inner width=&#8221;1\/4&#8243;][vc_btn title=&#8221;Tunnel protection&#8221; style=&#8221;outline-custom&#8221; outline_custom_color=&#8221;#e42413&#8243; outline_custom_hover_background=&#8221;#e42413&#8243; outline_custom_hover_text=&#8221;#ffffff&#8221; shape=&#8221;round&#8221; size=&#8221;sm&#8221; align=&#8221;center&#8221; button_block=&#8221;true&#8221; link=&#8221;url:https%3A%2F%2Fmcrtecresa.com%2Fen%2Ftecwool-mortar%2Ftecwool-825%2Ftunnel-protection|||&#8221;][\/vc_column_inner][vc_column_inner width=&#8221;1\/4&#8243;][\/vc_column_inner][vc_column_inner width=&#8221;1\/4&#8243;][\/vc_column_inner][\/vc_row_inner][vc_empty_space height=&#8221;50px&#8221; el_class=&#8221;vc_hidden-sm vc_hidden-xs&#8221;]<div class=\"mgt-header-block clearfix text-left text-black wpb_animate_when_almost_visible wpb_bottom-to-top wpb_content_element  mgt-header-block-style-2 mgt-header-texttransform-none  vc_custom_1526844916819\"><h2 class=\"mgt-header-block-title\">Your Benefits<\/h2><div class=\"mgt-header-line\"><\/div><\/div>[vc_row_inner][vc_column_inner width=&#8221;1\/3&#8243;]<div class=\"mgt-icon-box wpb_content_element wpb_animate_when_almost_visible wpb_appear mgt-icon-box-right mgt-icon-fa mgt-icon-background mgt-icon-background-invert text-black \"><div class=\"mgt-icon-box-icon hvr-icon-push\"><div class=\"mgt-font-icon\"><i class=\"fa fa-fire\"><\/i><\/div><\/div><div class=\"mgt-icon-box-content\"><h6>PROVEE DE<\/h6><h5>FIRE PROTECTION IN INDUSTRY AND TUNNELS<\/h5><\/div><div class=\"clearfix\"><\/div><\/div>[\/vc_column_inner][vc_column_inner width=&#8221;1\/3&#8243;][\/vc_column_inner][vc_column_inner width=&#8221;1\/3&#8243;][\/vc_column_inner][\/vc_row_inner][vc_empty_space height=&#8221;40px&#8221;]<div class=\"mgt-header-block clearfix text-left text-black wpb_animate_when_almost_visible wpb_top-to-bottom wpb_content_element  mgt-header-block-style-2 mgt-header-texttransform-none  vc_custom_1517429856568\"><h2 class=\"mgt-header-block-title\">Documentos del producto<\/h2><div class=\"mgt-header-line\"><\/div><\/div>[vc_row_inner][vc_column_inner width=&#8221;1\/3&#8243;][vc_raw_html]JTNDZGl2JTIwY2xhc3MlM0QlMjJ3aWRnZXQtZG93bmxvYWQtbGluay13cmFwcGVyJTIyJTNFJTBBJTNDZGl2JTIwY2xhc3MlM0QlMjJ3aWRnZXQtZG93bmxvYWQtaWNvbiUyMiUzRSUzQ2klMjBjbGFzcyUzRCUyMmZhJTIwZmEtZmlsZS1wZGYtbyUyMiUzRSUzQyUyRmklM0UlMEElM0MlMkZkaXYlM0UlMEElM0NkaXYlMjBjbGFzcyUzRCUyMndpZGdldC1kb3dubG9hZC1kZXRhaWxzJTIyJTNFJTBBJTNDZGl2JTIwY2xhc3MlM0QlMjJ3aWRnZXQtZG93bmxvYWQtdGl0bGUlMjIlM0UlM0NzcGFuJTIwY2xhc3MlM0QlMjJkb2N1bWVudG8tcGRmJTIyJTIwb25jbGljayUzRCUyMnNldExvY2F0aW9uJTI4JTI3RFMtVGVjd29vbC04MjUtTW9ydGFyJTI3JTI5JTIyJTNFRGF0YSUyMHNoZWV0JTNDJTJGYSUzRSUzQyUyRmRpdiUzRSUwQSUzQ2RpdiUyMGNsYXNzJTNEJTIyd2lkZ2V0LWRvd25sb2FkLXN1YnRpdGxlJTIyJTNFMTcwJTIwS2IlMkMlMjBQREYlM0MlMkZkaXYlM0UlMEElM0MlMkZkaXYlM0UlMEElM0MlMkZkaXYlM0UlMEE=[\/vc_raw_html][\/vc_column_inner][vc_column_inner width=&#8221;1\/3&#8243;][\/vc_column_inner][vc_column_inner width=&#8221;1\/3&#8243;][\/vc_column_inner][\/vc_row_inner][vc_empty_space height=&#8221;40px&#8221;][vc_empty_space height=&#8221;40px&#8221;]<style scoped='scoped'>.mgt-promo-block-79292048663.mgt-promo-block.darken .mgt-promo-block-content {background-color: rgba(10,10,10,0.63)!important;}.mgt-promo-block-79292048663.mgt-promo-block.animated:hover .mgt-promo-block-content {background-color: rgba(68,0,0,0.61)!important;}<\/style><div class=\"mgt-promo-block animated white-text cover-image text-size-normal darken mgt-promo-block-79292048663 wpb_content_element wpb_animate_when_almost_visible wpb_left-to-right\" data-style=\"background-color: #bababa;width: 100%; height: 200px;\"><div class=\"mgt-promo-block-content\"><div class=\"mgt-promo-block-content-inside vc_custom_1527778054398\">\n<h2>Do you have any questions about the product?<\/h2>\n<div class=\"mgt-button-wrapper mgt-button-wrapper-align-left mgt-button-wrapper-display-newline mgt-button-top-margin-enable\"><a class=\"btn hvr-icon-wobble-horizontal mgt-button mgt-style-solid-invert mgt-size-normal mgt-align-left mgt-display-newline mgt-text-size-small mgt-button-icon-position-right mgt-text-transform-uppercase \" href=\"https:\/\/mcrtecresa.com\/en\/contact-us\">Contact Us<i class=\"fa fa-arrow-right\"><\/i><\/a><\/div><\/div><\/div><\/div>[vc_empty_space height=&#8221;15px&#8221;][\/vc_column][\/vc_row]<\/p>\n<\/div>","protected":false},"excerpt":{"rendered":"<p>[vc_row][vc_column][vc_column_text] [\/vc_column_text][\/vc_column][\/vc_row][vc_row][vc_column][\/vc_column][\/vc_row][vc_row][vc_column width=&#8221;2\/3&#8243;][vc_column_text css_animation=&#8221;bottom-to-top&#8221; css=&#8221;&#8221;] Tecwool\u00ae 825\u00a0is a mortar made of rook wool, cement and small amounts of heat-resistant material manufactured by mcr tecresa\u00ae\u00a0and specifically designed for fire protection for&#8230;<\/p>\n","protected":false},"author":2,"featured_media":0,"parent":17767,"menu_order":0,"comment_status":"closed","ping_status":"closed","template":"","meta":{"footnotes":""},"class_list":["post-14338","page","type-page","status-publish","hentry"],"yoast_head":"<!-- This site is optimized with the Yoast SEO plugin v27.4 - https:\/\/yoast.com\/product\/yoast-seo-wordpress\/ -->\n<title>Protecci\u00f3n contra el fuego en industrias y t\u00faneles - Tecwool\u00ae 825<\/title>\n<meta name=\"description\" content=\"Tecwool\u00ae 825 ha sido dise\u00f1ado espec\u00edficamente para la protecci\u00f3n contra el fuego en industrias y t\u00faneles.Ensayado bajo curva de hidrocarburos, RWS y UL\" \/>\n<meta name=\"robots\" content=\"index, follow, max-snippet:-1, max-image-preview:large, max-video-preview:-1\" \/>\n<link rel=\"canonical\" href=\"https:\/\/mcrtecresa.com\/en\/tecwool-mortar\/tecwool-825\" \/>\n<meta property=\"og:locale\" content=\"en_US\" \/>\n<meta property=\"og:type\" content=\"article\" \/>\n<meta property=\"og:title\" content=\"Protecci\u00f3n contra el fuego en industrias y t\u00faneles - Tecwool\u00ae 825\" \/>\n<meta property=\"og:description\" content=\"Tecwool\u00ae 825 ha sido dise\u00f1ado espec\u00edficamente para la protecci\u00f3n contra el fuego en industrias y t\u00faneles.Ensayado bajo curva de hidrocarburos, RWS y UL\" \/>\n<meta property=\"og:url\" content=\"https:\/\/mcrtecresa.com\/en\/tecwool-mortar\/tecwool-825\" \/>\n<meta property=\"og:site_name\" content=\"Mcr Tecresa\" \/>\n<meta property=\"article:modified_time\" content=\"2025-10-13T12:06:46+00:00\" \/>\n<meta property=\"og:image\" content=\"https:\/\/mcrtecresa.com\/wp-content\/uploads\/2025\/07\/Logo-Original-1.png\" \/>\n\t<meta property=\"og:image:width\" content=\"195\" \/>\n\t<meta property=\"og:image:height\" content=\"46\" \/>\n\t<meta property=\"og:image:type\" content=\"image\/png\" \/>\n<meta name=\"twitter:card\" content=\"summary_large_image\" \/>\n<meta name=\"twitter:label1\" content=\"Est. reading time\" \/>\n\t<meta name=\"twitter:data1\" content=\"3 minutes\" \/>\n<script type=\"application\/ld+json\" class=\"yoast-schema-graph\">{\"@context\":\"https:\\\/\\\/schema.org\",\"@graph\":[{\"@type\":\"WebPage\",\"@id\":\"https:\\\/\\\/mcrtecresa.com\\\/en\\\/tecwool-mortar\\\/tecwool-825\",\"url\":\"https:\\\/\\\/mcrtecresa.com\\\/en\\\/tecwool-mortar\\\/tecwool-825\",\"name\":\"Protecci\u00f3n contra el fuego en industrias y t\u00faneles - Tecwool\u00ae 825\",\"isPartOf\":{\"@id\":\"https:\\\/\\\/mcrtecresa.com\\\/#website\"},\"datePublished\":\"2018-02-09T19:37:40+00:00\",\"dateModified\":\"2025-10-13T12:06:46+00:00\",\"description\":\"Tecwool\u00ae 825 ha sido dise\u00f1ado espec\u00edficamente para la protecci\u00f3n contra el fuego en industrias y t\u00faneles.Ensayado bajo curva de hidrocarburos, RWS y UL\",\"breadcrumb\":{\"@id\":\"https:\\\/\\\/mcrtecresa.com\\\/en\\\/tecwool-mortar\\\/tecwool-825#breadcrumb\"},\"inLanguage\":\"en-US\",\"potentialAction\":[{\"@type\":\"ReadAction\",\"target\":[\"https:\\\/\\\/mcrtecresa.com\\\/en\\\/tecwool-mortar\\\/tecwool-825\"]}]},{\"@type\":\"BreadcrumbList\",\"@id\":\"https:\\\/\\\/mcrtecresa.com\\\/en\\\/tecwool-mortar\\\/tecwool-825#breadcrumb\",\"itemListElement\":[{\"@type\":\"ListItem\",\"position\":1,\"name\":\"mcr tecresa\u00ae\",\"item\":\"https:\\\/\\\/mcrtecresa.com\\\/en\"},{\"@type\":\"ListItem\",\"position\":2,\"name\":\"Tecwool\u00ae Mortar\",\"item\":\"https:\\\/\\\/mcrtecresa.com\\\/en\\\/tecwool-mortar\"},{\"@type\":\"ListItem\",\"position\":3,\"name\":\"Tecwool\u00ae 825 Mortar\"}]},{\"@type\":\"WebSite\",\"@id\":\"https:\\\/\\\/mcrtecresa.com\\\/#website\",\"url\":\"https:\\\/\\\/mcrtecresa.com\\\/\",\"name\":\"Mcr Tecresa\",\"description\":\"Empresa l\u00edder en protecci\u00f3n pasiva contra incendios\",\"publisher\":{\"@id\":\"https:\\\/\\\/mcrtecresa.com\\\/#organization\"},\"alternateName\":\"Protecci\u00f3n Pasiva Contra Incendios\",\"potentialAction\":[{\"@type\":\"SearchAction\",\"target\":{\"@type\":\"EntryPoint\",\"urlTemplate\":\"https:\\\/\\\/mcrtecresa.com\\\/?s={search_term_string}\"},\"query-input\":{\"@type\":\"PropertyValueSpecification\",\"valueRequired\":true,\"valueName\":\"search_term_string\"}}],\"inLanguage\":\"en-US\"},{\"@type\":\"Organization\",\"@id\":\"https:\\\/\\\/mcrtecresa.com\\\/#organization\",\"name\":\"Mcr Tecresa\",\"url\":\"https:\\\/\\\/mcrtecresa.com\\\/\",\"logo\":{\"@type\":\"ImageObject\",\"inLanguage\":\"en-US\",\"@id\":\"https:\\\/\\\/mcrtecresa.com\\\/#\\\/schema\\\/logo\\\/image\\\/\",\"url\":\"https:\\\/\\\/mcrtecresa.com\\\/wp-content\\\/uploads\\\/2025\\\/07\\\/Logo-Original-1.png\",\"contentUrl\":\"https:\\\/\\\/mcrtecresa.com\\\/wp-content\\\/uploads\\\/2025\\\/07\\\/Logo-Original-1.png\",\"width\":195,\"height\":46,\"caption\":\"Mcr Tecresa\"},\"image\":{\"@id\":\"https:\\\/\\\/mcrtecresa.com\\\/#\\\/schema\\\/logo\\\/image\\\/\"},\"sameAs\":[\"https:\\\/\\\/www.linkedin.com\\\/company\\\/mcrtecresa\",\"https:\\\/\\\/www.youtube.com\\\/@Mcrtecresa\"]}]}<\/script>\n<!-- \/ Yoast SEO plugin. -->","yoast_head_json":{"title":"Protecci\u00f3n contra el fuego en industrias y t\u00faneles - Tecwool\u00ae 825","description":"Tecwool\u00ae 825 ha sido dise\u00f1ado espec\u00edficamente para la protecci\u00f3n contra el fuego en industrias y t\u00faneles.Ensayado bajo curva de hidrocarburos, RWS y UL","robots":{"index":"index","follow":"follow","max-snippet":"max-snippet:-1","max-image-preview":"max-image-preview:large","max-video-preview":"max-video-preview:-1"},"canonical":"https:\/\/mcrtecresa.com\/en\/tecwool-mortar\/tecwool-825","og_locale":"en_US","og_type":"article","og_title":"Protecci\u00f3n contra el fuego en industrias y t\u00faneles - Tecwool\u00ae 825","og_description":"Tecwool\u00ae 825 ha sido dise\u00f1ado espec\u00edficamente para la protecci\u00f3n contra el fuego en industrias y t\u00faneles.Ensayado bajo curva de hidrocarburos, RWS y UL","og_url":"https:\/\/mcrtecresa.com\/en\/tecwool-mortar\/tecwool-825","og_site_name":"Mcr Tecresa","article_modified_time":"2025-10-13T12:06:46+00:00","og_image":[{"width":195,"height":46,"url":"https:\/\/mcrtecresa.com\/wp-content\/uploads\/2025\/07\/Logo-Original-1.png","type":"image\/png"}],"twitter_card":"summary_large_image","twitter_misc":{"Est. reading time":"3 minutes"},"schema":{"@context":"https:\/\/schema.org","@graph":[{"@type":"WebPage","@id":"https:\/\/mcrtecresa.com\/en\/tecwool-mortar\/tecwool-825","url":"https:\/\/mcrtecresa.com\/en\/tecwool-mortar\/tecwool-825","name":"Protecci\u00f3n contra el fuego en industrias y t\u00faneles - Tecwool\u00ae 825","isPartOf":{"@id":"https:\/\/mcrtecresa.com\/#website"},"datePublished":"2018-02-09T19:37:40+00:00","dateModified":"2025-10-13T12:06:46+00:00","description":"Tecwool\u00ae 825 ha sido dise\u00f1ado espec\u00edficamente para la protecci\u00f3n contra el fuego en industrias y t\u00faneles.Ensayado bajo curva de hidrocarburos, RWS y UL","breadcrumb":{"@id":"https:\/\/mcrtecresa.com\/en\/tecwool-mortar\/tecwool-825#breadcrumb"},"inLanguage":"en-US","potentialAction":[{"@type":"ReadAction","target":["https:\/\/mcrtecresa.com\/en\/tecwool-mortar\/tecwool-825"]}]},{"@type":"BreadcrumbList","@id":"https:\/\/mcrtecresa.com\/en\/tecwool-mortar\/tecwool-825#breadcrumb","itemListElement":[{"@type":"ListItem","position":1,"name":"mcr tecresa\u00ae","item":"https:\/\/mcrtecresa.com\/en"},{"@type":"ListItem","position":2,"name":"Tecwool\u00ae Mortar","item":"https:\/\/mcrtecresa.com\/en\/tecwool-mortar"},{"@type":"ListItem","position":3,"name":"Tecwool\u00ae 825 Mortar"}]},{"@type":"WebSite","@id":"https:\/\/mcrtecresa.com\/#website","url":"https:\/\/mcrtecresa.com\/","name":"Mcr Tecresa","description":"Empresa l\u00edder en protecci\u00f3n pasiva contra incendios","publisher":{"@id":"https:\/\/mcrtecresa.com\/#organization"},"alternateName":"Protecci\u00f3n Pasiva Contra Incendios","potentialAction":[{"@type":"SearchAction","target":{"@type":"EntryPoint","urlTemplate":"https:\/\/mcrtecresa.com\/?s={search_term_string}"},"query-input":{"@type":"PropertyValueSpecification","valueRequired":true,"valueName":"search_term_string"}}],"inLanguage":"en-US"},{"@type":"Organization","@id":"https:\/\/mcrtecresa.com\/#organization","name":"Mcr Tecresa","url":"https:\/\/mcrtecresa.com\/","logo":{"@type":"ImageObject","inLanguage":"en-US","@id":"https:\/\/mcrtecresa.com\/#\/schema\/logo\/image\/","url":"https:\/\/mcrtecresa.com\/wp-content\/uploads\/2025\/07\/Logo-Original-1.png","contentUrl":"https:\/\/mcrtecresa.com\/wp-content\/uploads\/2025\/07\/Logo-Original-1.png","width":195,"height":46,"caption":"Mcr Tecresa"},"image":{"@id":"https:\/\/mcrtecresa.com\/#\/schema\/logo\/image\/"},"sameAs":["https:\/\/www.linkedin.com\/company\/mcrtecresa","https:\/\/www.youtube.com\/@Mcrtecresa"]}]}},"_links":{"self":[{"href":"https:\/\/mcrtecresa.com\/en\/wp-json\/wp\/v2\/pages\/14338","targetHints":{"allow":["GET"]}}],"collection":[{"href":"https:\/\/mcrtecresa.com\/en\/wp-json\/wp\/v2\/pages"}],"about":[{"href":"https:\/\/mcrtecresa.com\/en\/wp-json\/wp\/v2\/types\/page"}],"author":[{"embeddable":true,"href":"https:\/\/mcrtecresa.com\/en\/wp-json\/wp\/v2\/users\/2"}],"replies":[{"embeddable":true,"href":"https:\/\/mcrtecresa.com\/en\/wp-json\/wp\/v2\/comments?post=14338"}],"version-history":[{"count":0,"href":"https:\/\/mcrtecresa.com\/en\/wp-json\/wp\/v2\/pages\/14338\/revisions"}],"up":[{"embeddable":true,"href":"https:\/\/mcrtecresa.com\/en\/wp-json\/wp\/v2\/pages\/17767"}],"wp:attachment":[{"href":"https:\/\/mcrtecresa.com\/en\/wp-json\/wp\/v2\/media?parent=14338"}],"curies":[{"name":"wp","href":"https:\/\/api.w.org\/{rel}","templated":true}]}}